{"id":15145,"date":"2025-06-12T07:21:08","date_gmt":"2025-06-12T07:21:08","guid":{"rendered":"https:\/\/botiga.saiga.es\/contact\/"},"modified":"2025-06-18T09:38:45","modified_gmt":"2025-06-18T09:38:45","slug":"contact","status":"publish","type":"page","link":"https:\/\/saiga.es\/fr\/contact\/","title":{"rendered":"Contact"},"content":{"rendered":"\t\t<div data-elementor-type=\"wp-page\" data-elementor-id=\"15145\" class=\"elementor elementor-15145 elementor-15073\" data-elementor-post-type=\"page\">\n\t\t\t\t<div class=\"elementor-element elementor-element-6ecd262 e-flex e-con-boxed e-con e-parent\" data-id=\"6ecd262\" data-element_type=\"container\" data-e-type=\"container\">\n\t\t\t\t\t<div class=\"e-con-inner\">\n\t\t<div class=\"elementor-element elementor-element-a70fdc5 e-con-full e-flex e-con e-child\" data-id=\"a70fdc5\" data-element_type=\"container\" data-e-type=\"container\">\n\t\t\t\t<div class=\"elementor-element elementor-element-fa80f46 elementor-widget elementor-widget-image\" data-id=\"fa80f46\" data-element_type=\"widget\" data-e-type=\"widget\" data-widget_type=\"image.default\">\n\t\t\t\t<div class=\"elementor-widget-container\">\n\t\t\t\t\t\t\t\t\t\t\t\t\t\t\t<img fetchpriority=\"high\" decoding=\"async\" width=\"640\" height=\"374\" src=\"https:\/\/saiga.es\/wp-content\/uploads\/2025\/06\/saiga-figueres.jpg\" class=\"attachment-large size-large wp-image-15106\" alt=\"\" srcset=\"https:\/\/saiga.es\/wp-content\/uploads\/2025\/06\/saiga-figueres.jpg 800w, https:\/\/saiga.es\/wp-content\/uploads\/2025\/06\/saiga-figueres-300x175.jpg 300w, https:\/\/saiga.es\/wp-content\/uploads\/2025\/06\/saiga-figueres-768x448.jpg 768w, https:\/\/saiga.es\/wp-content\/uploads\/2025\/06\/saiga-figueres-600x350.jpg 600w\" sizes=\"(max-width: 640px) 100vw, 640px\" \/>\t\t\t\t\t\t\t\t\t\t\t\t\t\t\t<\/div>\n\t\t\t\t<\/div>\n\t\t\t\t<div class=\"elementor-element elementor-element-a6cb1ca elementor-widget elementor-widget-text-editor\" data-id=\"a6cb1ca\" data-element_type=\"widget\" data-e-type=\"widget\" data-widget_type=\"text-editor.default\">\n\t\t\t\t<div class=\"elementor-widget-container\">\n\t\t\t\t\t\t\t\t\t<div class=\"google-maps-address\"><h3><strong>SAIGA FIGUERES<\/strong><\/h3><div>Av. Maria Vilallonga, 7-9 <\/div><div>17600 FIGUERES (Girona)<\/div><div>T\u00e9l. 972 501 315<\/div><div><span style=\"text-decoration: underline;\"><a href=\"mailto:info@saiga.es\">info@saiga.es<\/a><\/span> &#8211; <span style=\"text-decoration: underline;\"><a href=\"https:\/\/goo.gl\/maps\/7fPW4UeGDg14nfuy5\" target=\"_blank\" rel=\"noopener\">Mapa<\/a><\/span><\/div><\/div>\t\t\t\t\t\t\t\t<\/div>\n\t\t\t\t<\/div>\n\t\t\t\t<\/div>\n\t\t<div class=\"elementor-element elementor-element-0bc7209 e-con-full e-flex e-con e-child\" data-id=\"0bc7209\" data-element_type=\"container\" data-e-type=\"container\">\n\t\t\t\t<div class=\"elementor-element elementor-element-0dcfb0f elementor-widget elementor-widget-image\" data-id=\"0dcfb0f\" data-element_type=\"widget\" data-e-type=\"widget\" data-widget_type=\"image.default\">\n\t\t\t\t<div class=\"elementor-widget-container\">\n\t\t\t\t\t\t\t\t\t\t\t\t\t\t\t<img decoding=\"async\" width=\"640\" height=\"374\" src=\"https:\/\/saiga.es\/wp-content\/uploads\/2025\/06\/Exterior-botiga-Santa-Llogaia.jpg\" class=\"attachment-large size-large wp-image-15120\" alt=\"\" srcset=\"https:\/\/saiga.es\/wp-content\/uploads\/2025\/06\/Exterior-botiga-Santa-Llogaia.jpg 800w, https:\/\/saiga.es\/wp-content\/uploads\/2025\/06\/Exterior-botiga-Santa-Llogaia-300x175.jpg 300w, https:\/\/saiga.es\/wp-content\/uploads\/2025\/06\/Exterior-botiga-Santa-Llogaia-768x448.jpg 768w, https:\/\/saiga.es\/wp-content\/uploads\/2025\/06\/Exterior-botiga-Santa-Llogaia-600x350.jpg 600w\" sizes=\"(max-width: 640px) 100vw, 640px\" \/>\t\t\t\t\t\t\t\t\t\t\t\t\t\t\t<\/div>\n\t\t\t\t<\/div>\n\t\t\t\t<div class=\"elementor-element elementor-element-d6616d5 elementor-widget elementor-widget-text-editor\" data-id=\"d6616d5\" data-element_type=\"widget\" data-e-type=\"widget\" data-widget_type=\"text-editor.default\">\n\t\t\t\t<div class=\"elementor-widget-container\">\n\t\t\t\t\t\t\t\t\t<div class=\"google-maps-address\"><div class=\"google-maps-address\"><h3><strong>SAIGA FIGUERES (Seu central)<\/strong><\/h3><div>Ctra. Nacional II A, km 1,4 <\/div><div>17771 SANTA LLOGAIA D&rsquo;ALGUEMA (Girona)<\/div><div>T\u00e9l. 972 671 999<\/div><div><span style=\"text-decoration: underline;\"><a href=\"mailto:info@saiga.es\">info@saiga.es<\/a><\/span> &#8211; <span style=\"text-decoration: underline;\"><a href=\"https:\/\/goo.gl\/maps\/SgaHsMXowYcba6JVA\" target=\"_blank\" rel=\"noopener\">Mapa<\/a><\/span><\/div><\/div><\/div>\t\t\t\t\t\t\t\t<\/div>\n\t\t\t\t<\/div>\n\t\t\t\t<\/div>\n\t\t<div class=\"elementor-element elementor-element-171334a e-con-full e-flex e-con e-child\" data-id=\"171334a\" data-element_type=\"container\" data-e-type=\"container\">\n\t\t\t\t<div class=\"elementor-element elementor-element-69782ef elementor-widget elementor-widget-image\" data-id=\"69782ef\" data-element_type=\"widget\" data-e-type=\"widget\" data-widget_type=\"image.default\">\n\t\t\t\t<div class=\"elementor-widget-container\">\n\t\t\t\t\t\t\t\t\t\t\t\t\t\t\t<img decoding=\"async\" width=\"640\" height=\"374\" src=\"https:\/\/saiga.es\/wp-content\/uploads\/2025\/06\/saiga-fornells-de-la-selva-ok.jpg\" class=\"attachment-large size-large wp-image-15127\" alt=\"\" srcset=\"https:\/\/saiga.es\/wp-content\/uploads\/2025\/06\/saiga-fornells-de-la-selva-ok.jpg 800w, https:\/\/saiga.es\/wp-content\/uploads\/2025\/06\/saiga-fornells-de-la-selva-ok-300x175.jpg 300w, https:\/\/saiga.es\/wp-content\/uploads\/2025\/06\/saiga-fornells-de-la-selva-ok-768x448.jpg 768w, https:\/\/saiga.es\/wp-content\/uploads\/2025\/06\/saiga-fornells-de-la-selva-ok-600x350.jpg 600w\" sizes=\"(max-width: 640px) 100vw, 640px\" \/>\t\t\t\t\t\t\t\t\t\t\t\t\t\t\t<\/div>\n\t\t\t\t<\/div>\n\t\t\t\t<div class=\"elementor-element elementor-element-c01a4ef elementor-widget elementor-widget-text-editor\" data-id=\"c01a4ef\" data-element_type=\"widget\" data-e-type=\"widget\" data-widget_type=\"text-editor.default\">\n\t\t\t\t<div class=\"elementor-widget-container\">\n\t\t\t\t\t\t\t\t\t<div class=\"google-maps-address\"><div class=\"google-maps-address\"><div class=\"google-maps-address\"><h3><strong>SAIGA FORNELLS DE LA SELVA<\/strong><\/h3><div>Ctra. Nacional II A, km 712,1 <\/div><div>17458 FORNELLS DE LA SELVA (Girona)<\/div><div>T\u00e9l. 972 476 409<\/div><div><span style=\"text-decoration: underline;\"><a href=\"mailto:info@saiga.es\">info@saiga.es<\/a><\/span> &#8211; <span style=\"text-decoration: underline;\"><a href=\"https:\/\/goo.gl\/maps\/Vs54urbiynBpj9iWA\" target=\"_blank\" rel=\"noopener\">Mapa<\/a><\/span><\/div><\/div><\/div><\/div>\t\t\t\t\t\t\t\t<\/div>\n\t\t\t\t<\/div>\n\t\t\t\t<\/div>\n\t\t\t\t\t<\/div>\n\t\t\t\t<\/div>\n\t\t\t\t<\/div>\n\t\t","protected":false},"excerpt":{"rendered":"<p>SAIGA FIGUERES Av. Maria Vilallonga, 7-9 17600 FIGUERES (Girona)T\u00e9l. 972 501 315info@saiga.es &#8211; Mapa SAIGA FIGUERES (Seu central) Ctra. Nacional II A, km 1,4 17771 SANTA LLOGAIA D&rsquo;ALGUEMA (Girona)T\u00e9l. 972 671 999info@saiga.es &#8211; Mapa SAIGA FORNELLS DE LA SELVA Ctra. Nacional II A, km 712,1 17458 FORNELLS DE LA SELVA (Girona)T\u00e9l. 972 476 409info@saiga.es &#8211;&#8230;<\/p>\n","protected":false},"author":1,"featured_media":0,"parent":0,"menu_order":0,"comment_status":"closed","ping_status":"closed","template":"templates\/full-width.php","meta":{"footnotes":""},"class_list":["post-15145","page","type-page","status-publish","hentry"],"yoast_head":"<!-- This site is optimized with the Yoast SEO plugin v27.5 - https:\/\/yoast.com\/product\/yoast-seo-wordpress\/ -->\n<title>Contact | SAIGA | Sp\u00e9cialistes de l&#039;agriculture et de l&#039;\u00e9levage<\/title>\n<meta name=\"description\" content=\"SAIGA especialistes en el m\u00f3n de l&#039;agricultura i la ramaderia a Figueres i Girona. Contactez nos experts commerciaux.\" \/>\n<meta name=\"robots\" content=\"index, follow, max-snippet:-1, max-image-preview:large, max-video-preview:-1\" \/>\n<link rel=\"canonical\" href=\"https:\/\/saiga.es\/fr\/contact\/\" \/>\n<meta property=\"og:locale\" content=\"fr_FR\" \/>\n<meta property=\"og:type\" content=\"article\" \/>\n<meta property=\"og:title\" content=\"Contact | SAIGA | Sp\u00e9cialistes de l&#039;agriculture et de l&#039;\u00e9levage\" \/>\n<meta property=\"og:description\" content=\"SAIGA especialistes en el m\u00f3n de l&#039;agricultura i la ramaderia a Figueres i Girona. Contactez nos experts commerciaux.\" \/>\n<meta property=\"og:url\" content=\"https:\/\/saiga.es\/fr\/contact\/\" \/>\n<meta property=\"og:site_name\" content=\"SAIGA\" \/>\n<meta property=\"article:modified_time\" content=\"2025-06-18T09:38:45+00:00\" \/>\n<meta property=\"og:image\" content=\"https:\/\/botiga.saiga.es\/wp-content\/uploads\/2025\/06\/saiga-figueres.jpg\" \/>\n<meta name=\"twitter:card\" content=\"summary_large_image\" \/>\n<meta name=\"twitter:site\" content=\"@saiga_agro\" \/>\n<script type=\"application\/ld+json\" class=\"yoast-schema-graph\">{\"@context\":\"https:\\\/\\\/schema.org\",\"@graph\":[{\"@type\":\"WebPage\",\"@id\":\"https:\\\/\\\/saiga.es\\\/fr\\\/contact\\\/\",\"url\":\"https:\\\/\\\/saiga.es\\\/fr\\\/contact\\\/\",\"name\":\"Contact | SAIGA | Sp\u00e9cialistes de l'agriculture et de l'\u00e9levage\",\"isPartOf\":{\"@id\":\"https:\\\/\\\/saiga.es\\\/fr\\\/#website\"},\"primaryImageOfPage\":{\"@id\":\"https:\\\/\\\/saiga.es\\\/fr\\\/contact\\\/#primaryimage\"},\"image\":{\"@id\":\"https:\\\/\\\/saiga.es\\\/fr\\\/contact\\\/#primaryimage\"},\"thumbnailUrl\":\"https:\\\/\\\/botiga.saiga.es\\\/wp-content\\\/uploads\\\/2025\\\/06\\\/saiga-figueres.jpg\",\"datePublished\":\"2025-06-12T07:21:08+00:00\",\"dateModified\":\"2025-06-18T09:38:45+00:00\",\"description\":\"SAIGA especialistes en el m\u00f3n de l'agricultura i la ramaderia a Figueres i Girona. Contactez nos experts commerciaux.\",\"breadcrumb\":{\"@id\":\"https:\\\/\\\/saiga.es\\\/fr\\\/contact\\\/#breadcrumb\"},\"inLanguage\":\"fr-FR\",\"potentialAction\":[{\"@type\":\"ReadAction\",\"target\":[\"https:\\\/\\\/saiga.es\\\/fr\\\/contact\\\/\"]}]},{\"@type\":\"ImageObject\",\"inLanguage\":\"fr-FR\",\"@id\":\"https:\\\/\\\/saiga.es\\\/fr\\\/contact\\\/#primaryimage\",\"url\":\"https:\\\/\\\/botiga.saiga.es\\\/wp-content\\\/uploads\\\/2025\\\/06\\\/saiga-figueres.jpg\",\"contentUrl\":\"https:\\\/\\\/botiga.saiga.es\\\/wp-content\\\/uploads\\\/2025\\\/06\\\/saiga-figueres.jpg\"},{\"@type\":\"BreadcrumbList\",\"@id\":\"https:\\\/\\\/saiga.es\\\/fr\\\/contact\\\/#breadcrumb\",\"itemListElement\":[{\"@type\":\"ListItem\",\"position\":1,\"name\":\"Inici\",\"item\":\"https:\\\/\\\/saiga.es\\\/fr\\\/\"},{\"@type\":\"ListItem\",\"position\":2,\"name\":\"Contact\"}]},{\"@type\":\"WebSite\",\"@id\":\"https:\\\/\\\/saiga.es\\\/fr\\\/#website\",\"url\":\"https:\\\/\\\/saiga.es\\\/fr\\\/\",\"name\":\"SAIGA\",\"description\":\"M\u00e9s de 50 anys al servei de la terra i treballant per a un \u00fas eficient de l\u2019aigua!\",\"publisher\":{\"@id\":\"https:\\\/\\\/saiga.es\\\/fr\\\/#organization\"},\"potentialAction\":[{\"@type\":\"SearchAction\",\"target\":{\"@type\":\"EntryPoint\",\"urlTemplate\":\"https:\\\/\\\/saiga.es\\\/fr\\\/?s={search_term_string}\"},\"query-input\":{\"@type\":\"PropertyValueSpecification\",\"valueRequired\":true,\"valueName\":\"search_term_string\"}}],\"inLanguage\":\"fr-FR\"},{\"@type\":\"Organization\",\"@id\":\"https:\\\/\\\/saiga.es\\\/fr\\\/#organization\",\"name\":\"SAIGA\",\"url\":\"https:\\\/\\\/saiga.es\\\/fr\\\/\",\"logo\":{\"@type\":\"ImageObject\",\"inLanguage\":\"fr-FR\",\"@id\":\"https:\\\/\\\/saiga.es\\\/fr\\\/#\\\/schema\\\/logo\\\/image\\\/\",\"url\":\"https:\\\/\\\/saiga.es\\\/wp-content\\\/uploads\\\/2025\\\/07\\\/logo_saiga_baseline_optimitzat.svg\",\"contentUrl\":\"https:\\\/\\\/saiga.es\\\/wp-content\\\/uploads\\\/2025\\\/07\\\/logo_saiga_baseline_optimitzat.svg\",\"caption\":\"SAIGA\"},\"image\":{\"@id\":\"https:\\\/\\\/saiga.es\\\/fr\\\/#\\\/schema\\\/logo\\\/image\\\/\"},\"sameAs\":[\"https:\\\/\\\/x.com\\\/saiga_agro\",\"https:\\\/\\\/www.instagram.com\\\/saiga_agro\\\/\"]}]}<\/script>\n<!-- \/ Yoast SEO plugin. -->","yoast_head_json":{"title":"Contact | SAIGA | Sp\u00e9cialistes de l'agriculture et de l'\u00e9levage","description":"SAIGA especialistes en el m\u00f3n de l'agricultura i la ramaderia a Figueres i Girona. Contactez nos experts commerciaux.","robots":{"index":"index","follow":"follow","max-snippet":"max-snippet:-1","max-image-preview":"max-image-preview:large","max-video-preview":"max-video-preview:-1"},"canonical":"https:\/\/saiga.es\/fr\/contact\/","og_locale":"fr_FR","og_type":"article","og_title":"Contact | SAIGA | Sp\u00e9cialistes de l'agriculture et de l'\u00e9levage","og_description":"SAIGA especialistes en el m\u00f3n de l'agricultura i la ramaderia a Figueres i Girona. Contactez nos experts commerciaux.","og_url":"https:\/\/saiga.es\/fr\/contact\/","og_site_name":"SAIGA","article_modified_time":"2025-06-18T09:38:45+00:00","og_image":[{"url":"https:\/\/botiga.saiga.es\/wp-content\/uploads\/2025\/06\/saiga-figueres.jpg","type":"","width":"","height":""}],"twitter_card":"summary_large_image","twitter_site":"@saiga_agro","schema":{"@context":"https:\/\/schema.org","@graph":[{"@type":"WebPage","@id":"https:\/\/saiga.es\/fr\/contact\/","url":"https:\/\/saiga.es\/fr\/contact\/","name":"Contact | SAIGA | Sp\u00e9cialistes de l'agriculture et de l'\u00e9levage","isPartOf":{"@id":"https:\/\/saiga.es\/fr\/#website"},"primaryImageOfPage":{"@id":"https:\/\/saiga.es\/fr\/contact\/#primaryimage"},"image":{"@id":"https:\/\/saiga.es\/fr\/contact\/#primaryimage"},"thumbnailUrl":"https:\/\/botiga.saiga.es\/wp-content\/uploads\/2025\/06\/saiga-figueres.jpg","datePublished":"2025-06-12T07:21:08+00:00","dateModified":"2025-06-18T09:38:45+00:00","description":"SAIGA especialistes en el m\u00f3n de l'agricultura i la ramaderia a Figueres i Girona. Contactez nos experts commerciaux.","breadcrumb":{"@id":"https:\/\/saiga.es\/fr\/contact\/#breadcrumb"},"inLanguage":"fr-FR","potentialAction":[{"@type":"ReadAction","target":["https:\/\/saiga.es\/fr\/contact\/"]}]},{"@type":"ImageObject","inLanguage":"fr-FR","@id":"https:\/\/saiga.es\/fr\/contact\/#primaryimage","url":"https:\/\/botiga.saiga.es\/wp-content\/uploads\/2025\/06\/saiga-figueres.jpg","contentUrl":"https:\/\/botiga.saiga.es\/wp-content\/uploads\/2025\/06\/saiga-figueres.jpg"},{"@type":"BreadcrumbList","@id":"https:\/\/saiga.es\/fr\/contact\/#breadcrumb","itemListElement":[{"@type":"ListItem","position":1,"name":"Inici","item":"https:\/\/saiga.es\/fr\/"},{"@type":"ListItem","position":2,"name":"Contact"}]},{"@type":"WebSite","@id":"https:\/\/saiga.es\/fr\/#website","url":"https:\/\/saiga.es\/fr\/","name":"SAIGA","description":"M\u00e9s de 50 anys al servei de la terra i treballant per a un \u00fas eficient de l\u2019aigua!","publisher":{"@id":"https:\/\/saiga.es\/fr\/#organization"},"potentialAction":[{"@type":"SearchAction","target":{"@type":"EntryPoint","urlTemplate":"https:\/\/saiga.es\/fr\/?s={search_term_string}"},"query-input":{"@type":"PropertyValueSpecification","valueRequired":true,"valueName":"search_term_string"}}],"inLanguage":"fr-FR"},{"@type":"Organization","@id":"https:\/\/saiga.es\/fr\/#organization","name":"SAIGA","url":"https:\/\/saiga.es\/fr\/","logo":{"@type":"ImageObject","inLanguage":"fr-FR","@id":"https:\/\/saiga.es\/fr\/#\/schema\/logo\/image\/","url":"https:\/\/saiga.es\/wp-content\/uploads\/2025\/07\/logo_saiga_baseline_optimitzat.svg","contentUrl":"https:\/\/saiga.es\/wp-content\/uploads\/2025\/07\/logo_saiga_baseline_optimitzat.svg","caption":"SAIGA"},"image":{"@id":"https:\/\/saiga.es\/fr\/#\/schema\/logo\/image\/"},"sameAs":["https:\/\/x.com\/saiga_agro","https:\/\/www.instagram.com\/saiga_agro\/"]}]}},"_links":{"self":[{"href":"https:\/\/saiga.es\/fr\/wp-json\/wp\/v2\/pages\/15145","targetHints":{"allow":["GET"]}}],"collection":[{"href":"https:\/\/saiga.es\/fr\/wp-json\/wp\/v2\/pages"}],"about":[{"href":"https:\/\/saiga.es\/fr\/wp-json\/wp\/v2\/types\/page"}],"author":[{"embeddable":true,"href":"https:\/\/saiga.es\/fr\/wp-json\/wp\/v2\/users\/1"}],"replies":[{"embeddable":true,"href":"https:\/\/saiga.es\/fr\/wp-json\/wp\/v2\/comments?post=15145"}],"version-history":[{"count":1,"href":"https:\/\/saiga.es\/fr\/wp-json\/wp\/v2\/pages\/15145\/revisions"}],"predecessor-version":[{"id":15146,"href":"https:\/\/saiga.es\/fr\/wp-json\/wp\/v2\/pages\/15145\/revisions\/15146"}],"wp:attachment":[{"href":"https:\/\/saiga.es\/fr\/wp-json\/wp\/v2\/media?parent=15145"}],"curies":[{"name":"wp","href":"https:\/\/api.w.org\/{rel}","templated":true}]}}