{"id":15161,"date":"2025-06-18T09:45:44","date_gmt":"2025-06-18T09:45:44","guid":{"rendered":"https:\/\/botiga.saiga.es\/qui-sommes-nous-2\/"},"modified":"2025-08-28T07:47:01","modified_gmt":"2025-08-28T07:47:01","slug":"qui-sommes-nous","status":"publish","type":"page","link":"https:\/\/saiga.es\/fr\/qui-sommes-nous\/","title":{"rendered":"Qui sommes nous"},"content":{"rendered":"\t\t<div data-elementor-type=\"wp-page\" data-elementor-id=\"15161\" class=\"elementor elementor-15161 elementor-15150\" data-elementor-post-type=\"page\">\n\t\t\t\t<div class=\"elementor-element elementor-element-6c72169 e-grid e-con-full e-con e-parent\" data-id=\"6c72169\" data-element_type=\"container\" data-e-type=\"container\">\n\t\t<div class=\"elementor-element elementor-element-f1edae3 e-flex e-con-boxed e-con e-child\" data-id=\"f1edae3\" data-element_type=\"container\" data-e-type=\"container\">\n\t\t\t\t\t<div class=\"e-con-inner\">\n\t\t\t\t<div class=\"elementor-element elementor-element-17290fb elementor-widget elementor-widget-heading\" data-id=\"17290fb\" data-element_type=\"widget\" data-e-type=\"widget\" data-widget_type=\"heading.default\">\n\t\t\t\t<div class=\"elementor-widget-container\">\n\t\t\t\t\t<h1 class=\"elementor-heading-title elementor-size-default\">Qui sommes nous<\/h1>\t\t\t\t<\/div>\n\t\t\t\t<\/div>\n\t\t\t\t<div class=\"elementor-element elementor-element-bcfd8fb elementor-widget elementor-widget-text-editor\" data-id=\"bcfd8fb\" data-element_type=\"widget\" data-e-type=\"widget\" data-widget_type=\"text-editor.default\">\n\t\t\t\t<div class=\"elementor-widget-container\">\n\t\t\t\t\t\t\t\t\t<p>Il y a plus de 50 ans, <strong>Llu\u00eds Espelt<\/strong> et <strong>Quimeta Garriga<\/strong>, deux agriculteurs de Pau, ont constat\u00e9 que le secteur agricole et d&rsquo;\u00e9levage de notre pays avait des besoins que personne d&rsquo;autre ne pouvait satisfaire. Avec peu de ressources et beaucoup de courage, ils ont cr\u00e9\u00e9 SAIGA, initialement implant\u00e9e \u00e0 Figueres, dans le petit magasin qu&rsquo;ils occupent encore aujourd&rsquo;hui, pour servir le petit consommateur. <\/p><p>Au fil du temps, SAIGA s&rsquo;est d\u00e9velopp\u00e9e et a \u00e9largi son catalogue de produits et services. Sous la direction de son fils <strong>Dami\u00e0<\/strong>, l&rsquo;entreprise ne se limitait plus \u00e0 proposer des produits pour l&rsquo;agriculture et l&rsquo;\u00e9levage, mais int\u00e9grait \u00e9galement des projets d&rsquo;irrigation et la construction de serres, entre autres. <\/p><p>Actuellement, avec <strong>trois d\u00e9l\u00e9gations<\/strong> r\u00e9parties sur le territoire catalan et une <strong>nouvelle g\u00e9n\u00e9ration<\/strong> \u00e0 la t\u00eate de l&rsquo;entreprise, SAIGA continue de participer au d\u00e9veloppement de l&rsquo;agriculture, avec l&rsquo;intention d&rsquo;offrir un produit qui a un impact positif sur l&rsquo;<strong>\u00e9conomie rurale<\/strong> et l&rsquo;<strong>environnement<\/strong>.<\/p>\t\t\t\t\t\t\t\t<\/div>\n\t\t\t\t<\/div>\n\t\t\t\t\t<\/div>\n\t\t\t\t<\/div>\n\t\t<div class=\"elementor-element elementor-element-9ee3f01 e-flex e-con-boxed e-con e-child\" data-id=\"9ee3f01\" data-element_type=\"container\" data-e-type=\"container\">\n\t\t\t\t\t<div class=\"e-con-inner\">\n\t\t\t\t<div class=\"elementor-element elementor-element-05a335a elementor-widget elementor-widget-image\" data-id=\"05a335a\" data-element_type=\"widget\" data-e-type=\"widget\" data-widget_type=\"image.default\">\n\t\t\t\t<div class=\"elementor-widget-container\">\n\t\t\t\t\t\t\t\t\t\t\t\t\t\t\t<img fetchpriority=\"high\" decoding=\"async\" width=\"640\" height=\"374\" src=\"https:\/\/saiga.es\/wp-content\/uploads\/2025\/06\/Exterior-botiga-Santa-Llogaia.jpg\" class=\"attachment-large size-large wp-image-15120\" alt=\"\" srcset=\"https:\/\/saiga.es\/wp-content\/uploads\/2025\/06\/Exterior-botiga-Santa-Llogaia.jpg 800w, https:\/\/saiga.es\/wp-content\/uploads\/2025\/06\/Exterior-botiga-Santa-Llogaia-300x175.jpg 300w, https:\/\/saiga.es\/wp-content\/uploads\/2025\/06\/Exterior-botiga-Santa-Llogaia-768x448.jpg 768w, https:\/\/saiga.es\/wp-content\/uploads\/2025\/06\/Exterior-botiga-Santa-Llogaia-600x350.jpg 600w\" sizes=\"(max-width: 640px) 100vw, 640px\" \/>\t\t\t\t\t\t\t\t\t\t\t\t\t\t\t<\/div>\n\t\t\t\t<\/div>\n\t\t\t\t\t<\/div>\n\t\t\t\t<\/div>\n\t\t\t\t<\/div>\n\t\t\t\t<\/div>\n\t\t","protected":false},"excerpt":{"rendered":"<p>Il y a plus de 50 ans, Llu\u00eds Espelt et Quimeta Garriga, deux agriculteurs de Pau, ont constat\u00e9 que le secteur agricole et d&rsquo;\u00e9levage de notre pays avait des besoins que personne d&rsquo;autre ne pouvait satisfaire. Avec peu de ressources et beaucoup de courage, ils ont cr\u00e9\u00e9 SAIGA, initialement implant\u00e9e \u00e0 Figueres, dans le petit&#8230;<\/p>\n","protected":false},"author":1,"featured_media":0,"parent":0,"menu_order":0,"comment_status":"closed","ping_status":"closed","template":"templates\/full-width.php","meta":{"footnotes":""},"class_list":["post-15161","page","type-page","status-publish","hentry"],"yoast_head":"<!-- This site is optimized with the Yoast SEO plugin v27.4 - https:\/\/yoast.com\/product\/yoast-seo-wordpress\/ -->\n<title>Qui sommes nous | SAIGA<\/title>\n<meta name=\"description\" content=\"Il y a plus de 50 ans, un couple d&#039;agriculteurs palois a cr\u00e9\u00e9 SAIGA, une entreprise agricole pour proposer un produit ayant un impact positif sur l&#039;\u00e9conomie rurale et l&#039;environnement.\" \/>\n<meta name=\"robots\" content=\"index, follow, max-snippet:-1, max-image-preview:large, max-video-preview:-1\" \/>\n<link rel=\"canonical\" href=\"https:\/\/saiga.es\/fr\/qui-sommes-nous\/\" \/>\n<meta property=\"og:locale\" content=\"fr_FR\" \/>\n<meta property=\"og:type\" content=\"article\" \/>\n<meta property=\"og:title\" content=\"Qui sommes nous | SAIGA\" \/>\n<meta property=\"og:description\" content=\"Il y a plus de 50 ans, un couple d&#039;agriculteurs palois a cr\u00e9\u00e9 SAIGA, une entreprise agricole pour proposer un produit ayant un impact positif sur l&#039;\u00e9conomie rurale et l&#039;environnement.\" \/>\n<meta property=\"og:url\" content=\"https:\/\/saiga.es\/fr\/qui-sommes-nous\/\" \/>\n<meta property=\"og:site_name\" content=\"SAIGA\" \/>\n<meta property=\"article:modified_time\" content=\"2025-08-28T07:47:01+00:00\" \/>\n<meta property=\"og:image\" content=\"https:\/\/botiga.saiga.es\/wp-content\/uploads\/2025\/06\/Exterior-botiga-Santa-Llogaia.jpg\" \/>\n<meta name=\"twitter:card\" content=\"summary_large_image\" \/>\n<meta name=\"twitter:site\" content=\"@saiga_agro\" \/>\n<meta name=\"twitter:label1\" content=\"Dur\u00e9e de lecture estim\u00e9e\" \/>\n\t<meta name=\"twitter:data1\" content=\"1 minute\" \/>\n<script type=\"application\/ld+json\" class=\"yoast-schema-graph\">{\"@context\":\"https:\\\/\\\/schema.org\",\"@graph\":[{\"@type\":\"WebPage\",\"@id\":\"https:\\\/\\\/saiga.es\\\/fr\\\/qui-sommes-nous\\\/\",\"url\":\"https:\\\/\\\/saiga.es\\\/fr\\\/qui-sommes-nous\\\/\",\"name\":\"Qui sommes nous | SAIGA\",\"isPartOf\":{\"@id\":\"https:\\\/\\\/saiga.es\\\/fr\\\/#website\"},\"primaryImageOfPage\":{\"@id\":\"https:\\\/\\\/saiga.es\\\/fr\\\/qui-sommes-nous\\\/#primaryimage\"},\"image\":{\"@id\":\"https:\\\/\\\/saiga.es\\\/fr\\\/qui-sommes-nous\\\/#primaryimage\"},\"thumbnailUrl\":\"https:\\\/\\\/botiga.saiga.es\\\/wp-content\\\/uploads\\\/2025\\\/06\\\/Exterior-botiga-Santa-Llogaia.jpg\",\"datePublished\":\"2025-06-18T09:45:44+00:00\",\"dateModified\":\"2025-08-28T07:47:01+00:00\",\"description\":\"Il y a plus de 50 ans, un couple d'agriculteurs palois a cr\u00e9\u00e9 SAIGA, une entreprise agricole pour proposer un produit ayant un impact positif sur l'\u00e9conomie rurale et l'environnement.\",\"breadcrumb\":{\"@id\":\"https:\\\/\\\/saiga.es\\\/fr\\\/qui-sommes-nous\\\/#breadcrumb\"},\"inLanguage\":\"fr-FR\",\"potentialAction\":[{\"@type\":\"ReadAction\",\"target\":[\"https:\\\/\\\/saiga.es\\\/fr\\\/qui-sommes-nous\\\/\"]}]},{\"@type\":\"ImageObject\",\"inLanguage\":\"fr-FR\",\"@id\":\"https:\\\/\\\/saiga.es\\\/fr\\\/qui-sommes-nous\\\/#primaryimage\",\"url\":\"https:\\\/\\\/botiga.saiga.es\\\/wp-content\\\/uploads\\\/2025\\\/06\\\/Exterior-botiga-Santa-Llogaia.jpg\",\"contentUrl\":\"https:\\\/\\\/botiga.saiga.es\\\/wp-content\\\/uploads\\\/2025\\\/06\\\/Exterior-botiga-Santa-Llogaia.jpg\"},{\"@type\":\"BreadcrumbList\",\"@id\":\"https:\\\/\\\/saiga.es\\\/fr\\\/qui-sommes-nous\\\/#breadcrumb\",\"itemListElement\":[{\"@type\":\"ListItem\",\"position\":1,\"name\":\"Inici\",\"item\":\"https:\\\/\\\/saiga.es\\\/fr\\\/\"},{\"@type\":\"ListItem\",\"position\":2,\"name\":\"Qui sommes nous\"}]},{\"@type\":\"WebSite\",\"@id\":\"https:\\\/\\\/saiga.es\\\/fr\\\/#website\",\"url\":\"https:\\\/\\\/saiga.es\\\/fr\\\/\",\"name\":\"SAIGA\",\"description\":\"M\u00e9s de 50 anys al servei de la terra i treballant per a un \u00fas eficient de l\u2019aigua!\",\"publisher\":{\"@id\":\"https:\\\/\\\/saiga.es\\\/fr\\\/#organization\"},\"potentialAction\":[{\"@type\":\"SearchAction\",\"target\":{\"@type\":\"EntryPoint\",\"urlTemplate\":\"https:\\\/\\\/saiga.es\\\/fr\\\/?s={search_term_string}\"},\"query-input\":{\"@type\":\"PropertyValueSpecification\",\"valueRequired\":true,\"valueName\":\"search_term_string\"}}],\"inLanguage\":\"fr-FR\"},{\"@type\":\"Organization\",\"@id\":\"https:\\\/\\\/saiga.es\\\/fr\\\/#organization\",\"name\":\"SAIGA\",\"url\":\"https:\\\/\\\/saiga.es\\\/fr\\\/\",\"logo\":{\"@type\":\"ImageObject\",\"inLanguage\":\"fr-FR\",\"@id\":\"https:\\\/\\\/saiga.es\\\/fr\\\/#\\\/schema\\\/logo\\\/image\\\/\",\"url\":\"https:\\\/\\\/saiga.es\\\/wp-content\\\/uploads\\\/2025\\\/07\\\/logo_saiga_baseline_optimitzat.svg\",\"contentUrl\":\"https:\\\/\\\/saiga.es\\\/wp-content\\\/uploads\\\/2025\\\/07\\\/logo_saiga_baseline_optimitzat.svg\",\"caption\":\"SAIGA\"},\"image\":{\"@id\":\"https:\\\/\\\/saiga.es\\\/fr\\\/#\\\/schema\\\/logo\\\/image\\\/\"},\"sameAs\":[\"https:\\\/\\\/x.com\\\/saiga_agro\",\"https:\\\/\\\/www.instagram.com\\\/saiga_agro\\\/\"]}]}<\/script>\n<!-- \/ Yoast SEO plugin. -->","yoast_head_json":{"title":"Qui sommes nous | SAIGA","description":"Il y a plus de 50 ans, un couple d'agriculteurs palois a cr\u00e9\u00e9 SAIGA, une entreprise agricole pour proposer un produit ayant un impact positif sur l'\u00e9conomie rurale et l'environnement.","robots":{"index":"index","follow":"follow","max-snippet":"max-snippet:-1","max-image-preview":"max-image-preview:large","max-video-preview":"max-video-preview:-1"},"canonical":"https:\/\/saiga.es\/fr\/qui-sommes-nous\/","og_locale":"fr_FR","og_type":"article","og_title":"Qui sommes nous | SAIGA","og_description":"Il y a plus de 50 ans, un couple d'agriculteurs palois a cr\u00e9\u00e9 SAIGA, une entreprise agricole pour proposer un produit ayant un impact positif sur l'\u00e9conomie rurale et l'environnement.","og_url":"https:\/\/saiga.es\/fr\/qui-sommes-nous\/","og_site_name":"SAIGA","article_modified_time":"2025-08-28T07:47:01+00:00","og_image":[{"url":"https:\/\/botiga.saiga.es\/wp-content\/uploads\/2025\/06\/Exterior-botiga-Santa-Llogaia.jpg","type":"","width":"","height":""}],"twitter_card":"summary_large_image","twitter_site":"@saiga_agro","twitter_misc":{"Dur\u00e9e de lecture estim\u00e9e":"1 minute"},"schema":{"@context":"https:\/\/schema.org","@graph":[{"@type":"WebPage","@id":"https:\/\/saiga.es\/fr\/qui-sommes-nous\/","url":"https:\/\/saiga.es\/fr\/qui-sommes-nous\/","name":"Qui sommes nous | SAIGA","isPartOf":{"@id":"https:\/\/saiga.es\/fr\/#website"},"primaryImageOfPage":{"@id":"https:\/\/saiga.es\/fr\/qui-sommes-nous\/#primaryimage"},"image":{"@id":"https:\/\/saiga.es\/fr\/qui-sommes-nous\/#primaryimage"},"thumbnailUrl":"https:\/\/botiga.saiga.es\/wp-content\/uploads\/2025\/06\/Exterior-botiga-Santa-Llogaia.jpg","datePublished":"2025-06-18T09:45:44+00:00","dateModified":"2025-08-28T07:47:01+00:00","description":"Il y a plus de 50 ans, un couple d'agriculteurs palois a cr\u00e9\u00e9 SAIGA, une entreprise agricole pour proposer un produit ayant un impact positif sur l'\u00e9conomie rurale et l'environnement.","breadcrumb":{"@id":"https:\/\/saiga.es\/fr\/qui-sommes-nous\/#breadcrumb"},"inLanguage":"fr-FR","potentialAction":[{"@type":"ReadAction","target":["https:\/\/saiga.es\/fr\/qui-sommes-nous\/"]}]},{"@type":"ImageObject","inLanguage":"fr-FR","@id":"https:\/\/saiga.es\/fr\/qui-sommes-nous\/#primaryimage","url":"https:\/\/botiga.saiga.es\/wp-content\/uploads\/2025\/06\/Exterior-botiga-Santa-Llogaia.jpg","contentUrl":"https:\/\/botiga.saiga.es\/wp-content\/uploads\/2025\/06\/Exterior-botiga-Santa-Llogaia.jpg"},{"@type":"BreadcrumbList","@id":"https:\/\/saiga.es\/fr\/qui-sommes-nous\/#breadcrumb","itemListElement":[{"@type":"ListItem","position":1,"name":"Inici","item":"https:\/\/saiga.es\/fr\/"},{"@type":"ListItem","position":2,"name":"Qui sommes nous"}]},{"@type":"WebSite","@id":"https:\/\/saiga.es\/fr\/#website","url":"https:\/\/saiga.es\/fr\/","name":"SAIGA","description":"M\u00e9s de 50 anys al servei de la terra i treballant per a un \u00fas eficient de l\u2019aigua!","publisher":{"@id":"https:\/\/saiga.es\/fr\/#organization"},"potentialAction":[{"@type":"SearchAction","target":{"@type":"EntryPoint","urlTemplate":"https:\/\/saiga.es\/fr\/?s={search_term_string}"},"query-input":{"@type":"PropertyValueSpecification","valueRequired":true,"valueName":"search_term_string"}}],"inLanguage":"fr-FR"},{"@type":"Organization","@id":"https:\/\/saiga.es\/fr\/#organization","name":"SAIGA","url":"https:\/\/saiga.es\/fr\/","logo":{"@type":"ImageObject","inLanguage":"fr-FR","@id":"https:\/\/saiga.es\/fr\/#\/schema\/logo\/image\/","url":"https:\/\/saiga.es\/wp-content\/uploads\/2025\/07\/logo_saiga_baseline_optimitzat.svg","contentUrl":"https:\/\/saiga.es\/wp-content\/uploads\/2025\/07\/logo_saiga_baseline_optimitzat.svg","caption":"SAIGA"},"image":{"@id":"https:\/\/saiga.es\/fr\/#\/schema\/logo\/image\/"},"sameAs":["https:\/\/x.com\/saiga_agro","https:\/\/www.instagram.com\/saiga_agro\/"]}]}},"_links":{"self":[{"href":"https:\/\/saiga.es\/fr\/wp-json\/wp\/v2\/pages\/15161","targetHints":{"allow":["GET"]}}],"collection":[{"href":"https:\/\/saiga.es\/fr\/wp-json\/wp\/v2\/pages"}],"about":[{"href":"https:\/\/saiga.es\/fr\/wp-json\/wp\/v2\/types\/page"}],"author":[{"embeddable":true,"href":"https:\/\/saiga.es\/fr\/wp-json\/wp\/v2\/users\/1"}],"replies":[{"embeddable":true,"href":"https:\/\/saiga.es\/fr\/wp-json\/wp\/v2\/comments?post=15161"}],"version-history":[{"count":8,"href":"https:\/\/saiga.es\/fr\/wp-json\/wp\/v2\/pages\/15161\/revisions"}],"predecessor-version":[{"id":15227,"href":"https:\/\/saiga.es\/fr\/wp-json\/wp\/v2\/pages\/15161\/revisions\/15227"}],"wp:attachment":[{"href":"https:\/\/saiga.es\/fr\/wp-json\/wp\/v2\/media?parent=15161"}],"curies":[{"name":"wp","href":"https:\/\/api.w.org\/{rel}","templated":true}]}}