{"id":16498,"date":"2025-07-16T10:04:16","date_gmt":"2025-07-16T10:04:16","guid":{"rendered":"https:\/\/botiga.saiga.es\/services-techniques\/conception-du-systeme-dirrigation\/"},"modified":"2025-08-28T07:31:23","modified_gmt":"2025-08-28T07:31:23","slug":"conception-du-systeme-dirrigation","status":"publish","type":"page","link":"https:\/\/saiga.es\/fr\/services-techniques\/conception-du-systeme-dirrigation\/","title":{"rendered":"Conception du syst\u00e8me d&rsquo;irrigation"},"content":{"rendered":"\t\t<div data-elementor-type=\"wp-page\" data-elementor-id=\"16498\" class=\"elementor elementor-16498 elementor-15646\" data-elementor-post-type=\"page\">\n\t\t\t\t<div class=\"elementor-element elementor-element-b7a9a86 e-flex e-con-boxed e-con e-parent\" data-id=\"b7a9a86\" data-element_type=\"container\" data-e-type=\"container\">\n\t\t\t\t\t<div class=\"e-con-inner\">\n\t\t<div class=\"elementor-element elementor-element-b47f8c5 e-con-full e-flex e-con e-child\" data-id=\"b47f8c5\" data-element_type=\"container\" data-e-type=\"container\">\n\t\t\t\t<div class=\"elementor-element elementor-element-149dad6 elementor-widget elementor-widget-heading\" data-id=\"149dad6\" data-element_type=\"widget\" data-e-type=\"widget\" data-widget_type=\"heading.default\">\n\t\t\t\t<div class=\"elementor-widget-container\">\n\t\t\t\t\t<h1 class=\"elementor-heading-title elementor-size-default\">Conception du syst\u00e8me d&rsquo;irrigation<\/h1>\t\t\t\t<\/div>\n\t\t\t\t<\/div>\n\t\t\t\t<div class=\"elementor-element elementor-element-5a572294 elementor-widget elementor-widget-text-editor\" data-id=\"5a572294\" data-element_type=\"widget\" data-e-type=\"widget\" data-widget_type=\"text-editor.default\">\n\t\t\t\t<div class=\"elementor-widget-container\">\n\t\t\t\t\t\t\t\t\tChez SAIGA, nous disposons d&rsquo;une \u00e9quipe de techniciens et de monteurs sp\u00e9cialis\u00e9s dans la conception, la fourniture et l&rsquo;installation de tous types d&rsquo;irrigation : goutte \u00e0 goutte, micro-aspersion, bassins d&rsquo;accumulation d&rsquo;eau pour l&rsquo;irrigation ou \u00e9quipements de pompage de surface ou immerg\u00e9s.\t\t\t\t\t\t\t\t<\/div>\n\t\t\t\t<\/div>\n\t\t\t\t<\/div>\n\t\t<div class=\"elementor-element elementor-element-a3b5de0 e-con-full e-flex e-con e-child\" data-id=\"a3b5de0\" data-element_type=\"container\" data-e-type=\"container\">\n\t\t\t\t<div class=\"elementor-element elementor-element-a6b7456 elementor-widget elementor-widget-image\" data-id=\"a6b7456\" data-element_type=\"widget\" data-e-type=\"widget\" data-widget_type=\"image.default\">\n\t\t\t\t<div class=\"elementor-widget-container\">\n\t\t\t\t\t\t\t\t\t\t\t\t\t\t\t<img fetchpriority=\"high\" decoding=\"async\" width=\"640\" height=\"280\" src=\"https:\/\/saiga.es\/wp-content\/uploads\/2025\/07\/ST_reg_12_1-1024x448.jpg\" class=\"attachment-large size-large wp-image-15592\" alt=\"\" srcset=\"https:\/\/saiga.es\/wp-content\/uploads\/2025\/07\/ST_reg_12_1-1024x448.jpg 1024w, https:\/\/saiga.es\/wp-content\/uploads\/2025\/07\/ST_reg_12_1-300x131.jpg 300w, https:\/\/saiga.es\/wp-content\/uploads\/2025\/07\/ST_reg_12_1-768x336.jpg 768w, https:\/\/saiga.es\/wp-content\/uploads\/2025\/07\/ST_reg_12_1-1536x672.jpg 1536w, https:\/\/saiga.es\/wp-content\/uploads\/2025\/07\/ST_reg_12_1-2048x896.jpg 2048w, https:\/\/saiga.es\/wp-content\/uploads\/2025\/07\/ST_reg_12_1-850x372.jpg 850w, https:\/\/saiga.es\/wp-content\/uploads\/2025\/07\/ST_reg_12_1-600x262.jpg 600w\" sizes=\"(max-width: 640px) 100vw, 640px\" \/>\t\t\t\t\t\t\t\t\t\t\t\t\t\t\t<\/div>\n\t\t\t\t<\/div>\n\t\t\t\t<\/div>\n\t\t\t\t\t<\/div>\n\t\t\t\t<\/div>\n\t\t\t\t<\/div>\n\t\t","protected":false},"excerpt":{"rendered":"<p>Chez SAIGA, nous disposons d&rsquo;une \u00e9quipe de techniciens et de monteurs sp\u00e9cialis\u00e9s dans la conception, la fourniture et l&rsquo;installation de tous types d&rsquo;irrigation : goutte \u00e0 goutte, micro-aspersion, bassins d&rsquo;accumulation d&rsquo;eau pour l&rsquo;irrigation ou \u00e9quipements de pompage de surface ou immerg\u00e9s.<\/p>\n","protected":false},"author":1,"featured_media":0,"parent":16496,"menu_order":0,"comment_status":"closed","ping_status":"closed","template":"templates\/full-width.php","meta":{"footnotes":""},"class_list":["post-16498","page","type-page","status-publish","hentry"],"yoast_head":"<!-- This site is optimized with the Yoast SEO plugin v27.4 - https:\/\/yoast.com\/product\/yoast-seo-wordpress\/ -->\n<title>Conception du syst\u00e8me d&#039;irrigation | SAIGA<\/title>\n<meta name=\"robots\" content=\"index, follow, max-snippet:-1, max-image-preview:large, max-video-preview:-1\" \/>\n<link rel=\"canonical\" href=\"https:\/\/saiga.es\/fr\/services-techniques\/conception-du-systeme-dirrigation\/\" \/>\n<meta property=\"og:locale\" content=\"fr_FR\" \/>\n<meta property=\"og:type\" content=\"article\" \/>\n<meta property=\"og:title\" content=\"Conception du syst\u00e8me d&#039;irrigation | SAIGA\" \/>\n<meta property=\"og:description\" content=\"Chez SAIGA, nous disposons d&rsquo;une \u00e9quipe de techniciens et de monteurs sp\u00e9cialis\u00e9s dans la conception, la fourniture et l&rsquo;installation de tous types d&rsquo;irrigation : goutte \u00e0 goutte, micro-aspersion, bassins d&rsquo;accumulation d&rsquo;eau pour l&rsquo;irrigation ou \u00e9quipements de pompage de surface ou immerg\u00e9s.\" \/>\n<meta property=\"og:url\" content=\"https:\/\/saiga.es\/fr\/services-techniques\/conception-du-systeme-dirrigation\/\" \/>\n<meta property=\"og:site_name\" content=\"SAIGA\" \/>\n<meta property=\"article:modified_time\" content=\"2025-08-28T07:31:23+00:00\" \/>\n<meta property=\"og:image\" content=\"https:\/\/botiga.saiga.es\/wp-content\/uploads\/2025\/07\/ST_reg_12_1-1024x448.jpg\" \/>\n<meta name=\"twitter:card\" content=\"summary_large_image\" \/>\n<meta name=\"twitter:site\" content=\"@saiga_agro\" \/>\n<script type=\"application\/ld+json\" class=\"yoast-schema-graph\">{\"@context\":\"https:\\\/\\\/schema.org\",\"@graph\":[{\"@type\":\"WebPage\",\"@id\":\"https:\\\/\\\/saiga.es\\\/fr\\\/services-techniques\\\/conception-du-systeme-dirrigation\\\/\",\"url\":\"https:\\\/\\\/saiga.es\\\/fr\\\/services-techniques\\\/conception-du-systeme-dirrigation\\\/\",\"name\":\"Conception du syst\u00e8me d'irrigation | SAIGA\",\"isPartOf\":{\"@id\":\"https:\\\/\\\/saiga.es\\\/fr\\\/#website\"},\"primaryImageOfPage\":{\"@id\":\"https:\\\/\\\/saiga.es\\\/fr\\\/services-techniques\\\/conception-du-systeme-dirrigation\\\/#primaryimage\"},\"image\":{\"@id\":\"https:\\\/\\\/saiga.es\\\/fr\\\/services-techniques\\\/conception-du-systeme-dirrigation\\\/#primaryimage\"},\"thumbnailUrl\":\"https:\\\/\\\/botiga.saiga.es\\\/wp-content\\\/uploads\\\/2025\\\/07\\\/ST_reg_12_1-1024x448.jpg\",\"datePublished\":\"2025-07-16T10:04:16+00:00\",\"dateModified\":\"2025-08-28T07:31:23+00:00\",\"breadcrumb\":{\"@id\":\"https:\\\/\\\/saiga.es\\\/fr\\\/services-techniques\\\/conception-du-systeme-dirrigation\\\/#breadcrumb\"},\"inLanguage\":\"fr-FR\",\"potentialAction\":[{\"@type\":\"ReadAction\",\"target\":[\"https:\\\/\\\/saiga.es\\\/fr\\\/services-techniques\\\/conception-du-systeme-dirrigation\\\/\"]}]},{\"@type\":\"ImageObject\",\"inLanguage\":\"fr-FR\",\"@id\":\"https:\\\/\\\/saiga.es\\\/fr\\\/services-techniques\\\/conception-du-systeme-dirrigation\\\/#primaryimage\",\"url\":\"https:\\\/\\\/botiga.saiga.es\\\/wp-content\\\/uploads\\\/2025\\\/07\\\/ST_reg_12_1-1024x448.jpg\",\"contentUrl\":\"https:\\\/\\\/botiga.saiga.es\\\/wp-content\\\/uploads\\\/2025\\\/07\\\/ST_reg_12_1-1024x448.jpg\"},{\"@type\":\"BreadcrumbList\",\"@id\":\"https:\\\/\\\/saiga.es\\\/fr\\\/services-techniques\\\/conception-du-systeme-dirrigation\\\/#breadcrumb\",\"itemListElement\":[{\"@type\":\"ListItem\",\"position\":1,\"name\":\"Inici\",\"item\":\"https:\\\/\\\/saiga.es\\\/fr\\\/\"},{\"@type\":\"ListItem\",\"position\":2,\"name\":\"Services techniques\",\"item\":\"https:\\\/\\\/saiga.es\\\/fr\\\/serveis-tecnics\\\/\"},{\"@type\":\"ListItem\",\"position\":3,\"name\":\"Conception du syst\u00e8me d&#8217;irrigation\"}]},{\"@type\":\"WebSite\",\"@id\":\"https:\\\/\\\/saiga.es\\\/fr\\\/#website\",\"url\":\"https:\\\/\\\/saiga.es\\\/fr\\\/\",\"name\":\"SAIGA\",\"description\":\"M\u00e9s de 50 anys al servei de la terra i treballant per a un \u00fas eficient de l\u2019aigua!\",\"publisher\":{\"@id\":\"https:\\\/\\\/saiga.es\\\/fr\\\/#organization\"},\"potentialAction\":[{\"@type\":\"SearchAction\",\"target\":{\"@type\":\"EntryPoint\",\"urlTemplate\":\"https:\\\/\\\/saiga.es\\\/fr\\\/?s={search_term_string}\"},\"query-input\":{\"@type\":\"PropertyValueSpecification\",\"valueRequired\":true,\"valueName\":\"search_term_string\"}}],\"inLanguage\":\"fr-FR\"},{\"@type\":\"Organization\",\"@id\":\"https:\\\/\\\/saiga.es\\\/fr\\\/#organization\",\"name\":\"SAIGA\",\"url\":\"https:\\\/\\\/saiga.es\\\/fr\\\/\",\"logo\":{\"@type\":\"ImageObject\",\"inLanguage\":\"fr-FR\",\"@id\":\"https:\\\/\\\/saiga.es\\\/fr\\\/#\\\/schema\\\/logo\\\/image\\\/\",\"url\":\"https:\\\/\\\/saiga.es\\\/wp-content\\\/uploads\\\/2025\\\/07\\\/logo_saiga_baseline_optimitzat.svg\",\"contentUrl\":\"https:\\\/\\\/saiga.es\\\/wp-content\\\/uploads\\\/2025\\\/07\\\/logo_saiga_baseline_optimitzat.svg\",\"caption\":\"SAIGA\"},\"image\":{\"@id\":\"https:\\\/\\\/saiga.es\\\/fr\\\/#\\\/schema\\\/logo\\\/image\\\/\"},\"sameAs\":[\"https:\\\/\\\/x.com\\\/saiga_agro\",\"https:\\\/\\\/www.instagram.com\\\/saiga_agro\\\/\"]}]}<\/script>\n<!-- \/ Yoast SEO plugin. -->","yoast_head_json":{"title":"Conception du syst\u00e8me d'irrigation | SAIGA","robots":{"index":"index","follow":"follow","max-snippet":"max-snippet:-1","max-image-preview":"max-image-preview:large","max-video-preview":"max-video-preview:-1"},"canonical":"https:\/\/saiga.es\/fr\/services-techniques\/conception-du-systeme-dirrigation\/","og_locale":"fr_FR","og_type":"article","og_title":"Conception du syst\u00e8me d'irrigation | SAIGA","og_description":"Chez SAIGA, nous disposons d&rsquo;une \u00e9quipe de techniciens et de monteurs sp\u00e9cialis\u00e9s dans la conception, la fourniture et l&rsquo;installation de tous types d&rsquo;irrigation : goutte \u00e0 goutte, micro-aspersion, bassins d&rsquo;accumulation d&rsquo;eau pour l&rsquo;irrigation ou \u00e9quipements de pompage de surface ou immerg\u00e9s.","og_url":"https:\/\/saiga.es\/fr\/services-techniques\/conception-du-systeme-dirrigation\/","og_site_name":"SAIGA","article_modified_time":"2025-08-28T07:31:23+00:00","og_image":[{"url":"https:\/\/botiga.saiga.es\/wp-content\/uploads\/2025\/07\/ST_reg_12_1-1024x448.jpg","type":"","width":"","height":""}],"twitter_card":"summary_large_image","twitter_site":"@saiga_agro","schema":{"@context":"https:\/\/schema.org","@graph":[{"@type":"WebPage","@id":"https:\/\/saiga.es\/fr\/services-techniques\/conception-du-systeme-dirrigation\/","url":"https:\/\/saiga.es\/fr\/services-techniques\/conception-du-systeme-dirrigation\/","name":"Conception du syst\u00e8me d'irrigation | SAIGA","isPartOf":{"@id":"https:\/\/saiga.es\/fr\/#website"},"primaryImageOfPage":{"@id":"https:\/\/saiga.es\/fr\/services-techniques\/conception-du-systeme-dirrigation\/#primaryimage"},"image":{"@id":"https:\/\/saiga.es\/fr\/services-techniques\/conception-du-systeme-dirrigation\/#primaryimage"},"thumbnailUrl":"https:\/\/botiga.saiga.es\/wp-content\/uploads\/2025\/07\/ST_reg_12_1-1024x448.jpg","datePublished":"2025-07-16T10:04:16+00:00","dateModified":"2025-08-28T07:31:23+00:00","breadcrumb":{"@id":"https:\/\/saiga.es\/fr\/services-techniques\/conception-du-systeme-dirrigation\/#breadcrumb"},"inLanguage":"fr-FR","potentialAction":[{"@type":"ReadAction","target":["https:\/\/saiga.es\/fr\/services-techniques\/conception-du-systeme-dirrigation\/"]}]},{"@type":"ImageObject","inLanguage":"fr-FR","@id":"https:\/\/saiga.es\/fr\/services-techniques\/conception-du-systeme-dirrigation\/#primaryimage","url":"https:\/\/botiga.saiga.es\/wp-content\/uploads\/2025\/07\/ST_reg_12_1-1024x448.jpg","contentUrl":"https:\/\/botiga.saiga.es\/wp-content\/uploads\/2025\/07\/ST_reg_12_1-1024x448.jpg"},{"@type":"BreadcrumbList","@id":"https:\/\/saiga.es\/fr\/services-techniques\/conception-du-systeme-dirrigation\/#breadcrumb","itemListElement":[{"@type":"ListItem","position":1,"name":"Inici","item":"https:\/\/saiga.es\/fr\/"},{"@type":"ListItem","position":2,"name":"Services techniques","item":"https:\/\/saiga.es\/fr\/serveis-tecnics\/"},{"@type":"ListItem","position":3,"name":"Conception du syst\u00e8me d&#8217;irrigation"}]},{"@type":"WebSite","@id":"https:\/\/saiga.es\/fr\/#website","url":"https:\/\/saiga.es\/fr\/","name":"SAIGA","description":"M\u00e9s de 50 anys al servei de la terra i treballant per a un \u00fas eficient de l\u2019aigua!","publisher":{"@id":"https:\/\/saiga.es\/fr\/#organization"},"potentialAction":[{"@type":"SearchAction","target":{"@type":"EntryPoint","urlTemplate":"https:\/\/saiga.es\/fr\/?s={search_term_string}"},"query-input":{"@type":"PropertyValueSpecification","valueRequired":true,"valueName":"search_term_string"}}],"inLanguage":"fr-FR"},{"@type":"Organization","@id":"https:\/\/saiga.es\/fr\/#organization","name":"SAIGA","url":"https:\/\/saiga.es\/fr\/","logo":{"@type":"ImageObject","inLanguage":"fr-FR","@id":"https:\/\/saiga.es\/fr\/#\/schema\/logo\/image\/","url":"https:\/\/saiga.es\/wp-content\/uploads\/2025\/07\/logo_saiga_baseline_optimitzat.svg","contentUrl":"https:\/\/saiga.es\/wp-content\/uploads\/2025\/07\/logo_saiga_baseline_optimitzat.svg","caption":"SAIGA"},"image":{"@id":"https:\/\/saiga.es\/fr\/#\/schema\/logo\/image\/"},"sameAs":["https:\/\/x.com\/saiga_agro","https:\/\/www.instagram.com\/saiga_agro\/"]}]}},"_links":{"self":[{"href":"https:\/\/saiga.es\/fr\/wp-json\/wp\/v2\/pages\/16498","targetHints":{"allow":["GET"]}}],"collection":[{"href":"https:\/\/saiga.es\/fr\/wp-json\/wp\/v2\/pages"}],"about":[{"href":"https:\/\/saiga.es\/fr\/wp-json\/wp\/v2\/types\/page"}],"author":[{"embeddable":true,"href":"https:\/\/saiga.es\/fr\/wp-json\/wp\/v2\/users\/1"}],"replies":[{"embeddable":true,"href":"https:\/\/saiga.es\/fr\/wp-json\/wp\/v2\/comments?post=16498"}],"version-history":[{"count":1,"href":"https:\/\/saiga.es\/fr\/wp-json\/wp\/v2\/pages\/16498\/revisions"}],"predecessor-version":[{"id":16499,"href":"https:\/\/saiga.es\/fr\/wp-json\/wp\/v2\/pages\/16498\/revisions\/16499"}],"up":[{"embeddable":true,"href":"https:\/\/saiga.es\/fr\/wp-json\/wp\/v2\/pages\/16496"}],"wp:attachment":[{"href":"https:\/\/saiga.es\/fr\/wp-json\/wp\/v2\/media?parent=16498"}],"curies":[{"name":"wp","href":"https:\/\/api.w.org\/{rel}","templated":true}]}}