{"id":16634,"date":"2025-08-29T10:07:00","date_gmt":"2025-08-29T10:07:00","guid":{"rendered":"https:\/\/saiga.es\/conduite\/"},"modified":"2025-08-29T10:17:45","modified_gmt":"2025-08-29T10:17:45","slug":"conduite","status":"publish","type":"page","link":"https:\/\/saiga.es\/fr\/conduite\/","title":{"rendered":"Conduite"},"content":{"rendered":"\t\t<div data-elementor-type=\"wp-page\" data-elementor-id=\"16634\" class=\"elementor elementor-16634 elementor-16628\" data-elementor-post-type=\"page\">\n\t\t\t\t<div class=\"elementor-element elementor-element-b7a9a86 e-flex e-con-boxed e-con e-parent\" data-id=\"b7a9a86\" data-element_type=\"container\" data-e-type=\"container\">\n\t\t\t\t\t<div class=\"e-con-inner\">\n\t\t<div class=\"elementor-element elementor-element-b47f8c5 e-con-full e-flex e-con e-child\" data-id=\"b47f8c5\" data-element_type=\"container\" data-e-type=\"container\">\n\t\t\t\t<div class=\"elementor-element elementor-element-149dad6 elementor-widget elementor-widget-heading\" data-id=\"149dad6\" data-element_type=\"widget\" data-e-type=\"widget\" data-widget_type=\"heading.default\">\n\t\t\t\t<div class=\"elementor-widget-container\">\n\t\t\t\t\t<h1 class=\"elementor-heading-title elementor-size-default\">Conduite<\/h1>\t\t\t\t<\/div>\n\t\t\t\t<\/div>\n\t\t\t\t<div class=\"elementor-element elementor-element-5a572294 elementor-widget elementor-widget-text-editor\" data-id=\"5a572294\" data-element_type=\"widget\" data-e-type=\"widget\" data-widget_type=\"text-editor.default\">\n\t\t\t\t<div class=\"elementor-widget-container\">\n\t\t\t\t\t\t\t\t\t<div class=\"text-blue\"><p>Tuyaux, tubes et tous types de conduites sous pression pour l&rsquo;agriculture, le jardinage, les travaux publics et les sanitaires, en PVC, poly\u00e9thyl\u00e8ne et fonte. Vous trouverez \u00e9galement tous types de tuyaux d&rsquo;assainissement et de drainage, fabriqu\u00e9s dans diff\u00e9rents mat\u00e9riaux. Vous trouverez tout cela et bien plus encore dans nos magasins. <\/p><\/div>\t\t\t\t\t\t\t\t<\/div>\n\t\t\t\t<\/div>\n\t\t\t\t<\/div>\n\t\t<div class=\"elementor-element elementor-element-a3b5de0 e-con-full e-flex e-con e-child\" data-id=\"a3b5de0\" data-element_type=\"container\" data-e-type=\"container\">\n\t\t\t\t<div class=\"elementor-element elementor-element-a6b7456 elementor-widget elementor-widget-image\" data-id=\"a6b7456\" data-element_type=\"widget\" data-e-type=\"widget\" data-widget_type=\"image.default\">\n\t\t\t\t<div class=\"elementor-widget-container\">\n\t\t\t\t\t\t\t\t\t\t\t\t\t\t\t<img fetchpriority=\"high\" decoding=\"async\" width=\"640\" height=\"280\" src=\"https:\/\/saiga.es\/wp-content\/uploads\/2025\/08\/Conduccions.jpg\" class=\"attachment-large size-large wp-image-16618\" alt=\"Conduite\" srcset=\"https:\/\/saiga.es\/wp-content\/uploads\/2025\/08\/Conduccions.jpg 686w, https:\/\/saiga.es\/wp-content\/uploads\/2025\/08\/Conduccions-300x131.jpg 300w, https:\/\/saiga.es\/wp-content\/uploads\/2025\/08\/Conduccions-600x262.jpg 600w\" sizes=\"(max-width: 640px) 100vw, 640px\" \/>\t\t\t\t\t\t\t\t\t\t\t\t\t\t\t<\/div>\n\t\t\t\t<\/div>\n\t\t\t\t<\/div>\n\t\t\t\t\t<\/div>\n\t\t\t\t<\/div>\n\t\t\t\t<\/div>\n\t\t","protected":false},"excerpt":{"rendered":"<p>Tuyaux, tubes et tous types de conduites sous pression pour l&rsquo;agriculture, le jardinage, les travaux publics et les sanitaires, en PVC, poly\u00e9thyl\u00e8ne et fonte. Vous trouverez \u00e9galement tous types de tuyaux d&rsquo;assainissement et de drainage, fabriqu\u00e9s dans diff\u00e9rents mat\u00e9riaux. Vous trouverez tout cela et bien plus encore dans nos magasins.<\/p>\n","protected":false},"author":3,"featured_media":0,"parent":0,"menu_order":0,"comment_status":"closed","ping_status":"closed","template":"templates\/full-width.php","meta":{"footnotes":""},"class_list":["post-16634","page","type-page","status-publish","hentry"],"yoast_head":"<!-- This site is optimized with the Yoast SEO plugin v27.3 - https:\/\/yoast.com\/product\/yoast-seo-wordpress\/ -->\n<title>Conduite | SAIGA<\/title>\n<meta name=\"robots\" content=\"index, follow, max-snippet:-1, max-image-preview:large, max-video-preview:-1\" \/>\n<link rel=\"canonical\" href=\"https:\/\/saiga.es\/fr\/conduite\/\" \/>\n<meta property=\"og:locale\" content=\"fr_FR\" \/>\n<meta property=\"og:type\" content=\"article\" \/>\n<meta property=\"og:title\" content=\"Conduite | SAIGA\" \/>\n<meta property=\"og:description\" content=\"Tuyaux, tubes et tous types de conduites sous pression pour l&rsquo;agriculture, le jardinage, les travaux publics et les sanitaires, en PVC, poly\u00e9thyl\u00e8ne et fonte. Vous trouverez \u00e9galement tous types de tuyaux d&rsquo;assainissement et de drainage, fabriqu\u00e9s dans diff\u00e9rents mat\u00e9riaux. Vous trouverez tout cela et bien plus encore dans nos magasins.\" \/>\n<meta property=\"og:url\" content=\"https:\/\/saiga.es\/fr\/conduite\/\" \/>\n<meta property=\"og:site_name\" content=\"SAIGA\" \/>\n<meta property=\"article:modified_time\" content=\"2025-08-29T10:17:45+00:00\" \/>\n<meta property=\"og:image\" content=\"https:\/\/saiga.es\/wp-content\/uploads\/2025\/08\/Conduccions.jpg\" \/>\n<meta name=\"twitter:card\" content=\"summary_large_image\" \/>\n<meta name=\"twitter:site\" content=\"@saiga_agro\" \/>\n<script type=\"application\/ld+json\" class=\"yoast-schema-graph\">{\"@context\":\"https:\\\/\\\/schema.org\",\"@graph\":[{\"@type\":\"WebPage\",\"@id\":\"https:\\\/\\\/saiga.es\\\/fr\\\/conduite\\\/\",\"url\":\"https:\\\/\\\/saiga.es\\\/fr\\\/conduite\\\/\",\"name\":\"Conduite | SAIGA\",\"isPartOf\":{\"@id\":\"https:\\\/\\\/saiga.es\\\/fr\\\/#website\"},\"primaryImageOfPage\":{\"@id\":\"https:\\\/\\\/saiga.es\\\/fr\\\/conduite\\\/#primaryimage\"},\"image\":{\"@id\":\"https:\\\/\\\/saiga.es\\\/fr\\\/conduite\\\/#primaryimage\"},\"thumbnailUrl\":\"https:\\\/\\\/saiga.es\\\/wp-content\\\/uploads\\\/2025\\\/08\\\/Conduccions.jpg\",\"datePublished\":\"2025-08-29T10:07:00+00:00\",\"dateModified\":\"2025-08-29T10:17:45+00:00\",\"breadcrumb\":{\"@id\":\"https:\\\/\\\/saiga.es\\\/fr\\\/conduite\\\/#breadcrumb\"},\"inLanguage\":\"fr-FR\",\"potentialAction\":[{\"@type\":\"ReadAction\",\"target\":[\"https:\\\/\\\/saiga.es\\\/fr\\\/conduite\\\/\"]}]},{\"@type\":\"ImageObject\",\"inLanguage\":\"fr-FR\",\"@id\":\"https:\\\/\\\/saiga.es\\\/fr\\\/conduite\\\/#primaryimage\",\"url\":\"https:\\\/\\\/saiga.es\\\/wp-content\\\/uploads\\\/2025\\\/08\\\/Conduccions.jpg\",\"contentUrl\":\"https:\\\/\\\/saiga.es\\\/wp-content\\\/uploads\\\/2025\\\/08\\\/Conduccions.jpg\"},{\"@type\":\"BreadcrumbList\",\"@id\":\"https:\\\/\\\/saiga.es\\\/fr\\\/conduite\\\/#breadcrumb\",\"itemListElement\":[{\"@type\":\"ListItem\",\"position\":1,\"name\":\"Inici\",\"item\":\"https:\\\/\\\/saiga.es\\\/fr\\\/\"},{\"@type\":\"ListItem\",\"position\":2,\"name\":\"Conduite\"}]},{\"@type\":\"WebSite\",\"@id\":\"https:\\\/\\\/saiga.es\\\/fr\\\/#website\",\"url\":\"https:\\\/\\\/saiga.es\\\/fr\\\/\",\"name\":\"SAIGA\",\"description\":\"M\u00e9s de 50 anys al servei de la terra i treballant per a un \u00fas eficient de l\u2019aigua!\",\"publisher\":{\"@id\":\"https:\\\/\\\/saiga.es\\\/fr\\\/#organization\"},\"potentialAction\":[{\"@type\":\"SearchAction\",\"target\":{\"@type\":\"EntryPoint\",\"urlTemplate\":\"https:\\\/\\\/saiga.es\\\/fr\\\/?s={search_term_string}\"},\"query-input\":{\"@type\":\"PropertyValueSpecification\",\"valueRequired\":true,\"valueName\":\"search_term_string\"}}],\"inLanguage\":\"fr-FR\"},{\"@type\":\"Organization\",\"@id\":\"https:\\\/\\\/saiga.es\\\/fr\\\/#organization\",\"name\":\"SAIGA\",\"url\":\"https:\\\/\\\/saiga.es\\\/fr\\\/\",\"logo\":{\"@type\":\"ImageObject\",\"inLanguage\":\"fr-FR\",\"@id\":\"https:\\\/\\\/saiga.es\\\/fr\\\/#\\\/schema\\\/logo\\\/image\\\/\",\"url\":\"https:\\\/\\\/saiga.es\\\/wp-content\\\/uploads\\\/2025\\\/07\\\/logo_saiga_baseline_optimitzat.svg\",\"contentUrl\":\"https:\\\/\\\/saiga.es\\\/wp-content\\\/uploads\\\/2025\\\/07\\\/logo_saiga_baseline_optimitzat.svg\",\"caption\":\"SAIGA\"},\"image\":{\"@id\":\"https:\\\/\\\/saiga.es\\\/fr\\\/#\\\/schema\\\/logo\\\/image\\\/\"},\"sameAs\":[\"https:\\\/\\\/x.com\\\/saiga_agro\",\"https:\\\/\\\/www.instagram.com\\\/saiga_agro\\\/\"]}]}<\/script>\n<!-- \/ Yoast SEO plugin. -->","yoast_head_json":{"title":"Conduite | SAIGA","robots":{"index":"index","follow":"follow","max-snippet":"max-snippet:-1","max-image-preview":"max-image-preview:large","max-video-preview":"max-video-preview:-1"},"canonical":"https:\/\/saiga.es\/fr\/conduite\/","og_locale":"fr_FR","og_type":"article","og_title":"Conduite | SAIGA","og_description":"Tuyaux, tubes et tous types de conduites sous pression pour l&rsquo;agriculture, le jardinage, les travaux publics et les sanitaires, en PVC, poly\u00e9thyl\u00e8ne et fonte. Vous trouverez \u00e9galement tous types de tuyaux d&rsquo;assainissement et de drainage, fabriqu\u00e9s dans diff\u00e9rents mat\u00e9riaux. Vous trouverez tout cela et bien plus encore dans nos magasins.","og_url":"https:\/\/saiga.es\/fr\/conduite\/","og_site_name":"SAIGA","article_modified_time":"2025-08-29T10:17:45+00:00","og_image":[{"url":"https:\/\/saiga.es\/wp-content\/uploads\/2025\/08\/Conduccions.jpg","type":"","width":"","height":""}],"twitter_card":"summary_large_image","twitter_site":"@saiga_agro","schema":{"@context":"https:\/\/schema.org","@graph":[{"@type":"WebPage","@id":"https:\/\/saiga.es\/fr\/conduite\/","url":"https:\/\/saiga.es\/fr\/conduite\/","name":"Conduite | SAIGA","isPartOf":{"@id":"https:\/\/saiga.es\/fr\/#website"},"primaryImageOfPage":{"@id":"https:\/\/saiga.es\/fr\/conduite\/#primaryimage"},"image":{"@id":"https:\/\/saiga.es\/fr\/conduite\/#primaryimage"},"thumbnailUrl":"https:\/\/saiga.es\/wp-content\/uploads\/2025\/08\/Conduccions.jpg","datePublished":"2025-08-29T10:07:00+00:00","dateModified":"2025-08-29T10:17:45+00:00","breadcrumb":{"@id":"https:\/\/saiga.es\/fr\/conduite\/#breadcrumb"},"inLanguage":"fr-FR","potentialAction":[{"@type":"ReadAction","target":["https:\/\/saiga.es\/fr\/conduite\/"]}]},{"@type":"ImageObject","inLanguage":"fr-FR","@id":"https:\/\/saiga.es\/fr\/conduite\/#primaryimage","url":"https:\/\/saiga.es\/wp-content\/uploads\/2025\/08\/Conduccions.jpg","contentUrl":"https:\/\/saiga.es\/wp-content\/uploads\/2025\/08\/Conduccions.jpg"},{"@type":"BreadcrumbList","@id":"https:\/\/saiga.es\/fr\/conduite\/#breadcrumb","itemListElement":[{"@type":"ListItem","position":1,"name":"Inici","item":"https:\/\/saiga.es\/fr\/"},{"@type":"ListItem","position":2,"name":"Conduite"}]},{"@type":"WebSite","@id":"https:\/\/saiga.es\/fr\/#website","url":"https:\/\/saiga.es\/fr\/","name":"SAIGA","description":"M\u00e9s de 50 anys al servei de la terra i treballant per a un \u00fas eficient de l\u2019aigua!","publisher":{"@id":"https:\/\/saiga.es\/fr\/#organization"},"potentialAction":[{"@type":"SearchAction","target":{"@type":"EntryPoint","urlTemplate":"https:\/\/saiga.es\/fr\/?s={search_term_string}"},"query-input":{"@type":"PropertyValueSpecification","valueRequired":true,"valueName":"search_term_string"}}],"inLanguage":"fr-FR"},{"@type":"Organization","@id":"https:\/\/saiga.es\/fr\/#organization","name":"SAIGA","url":"https:\/\/saiga.es\/fr\/","logo":{"@type":"ImageObject","inLanguage":"fr-FR","@id":"https:\/\/saiga.es\/fr\/#\/schema\/logo\/image\/","url":"https:\/\/saiga.es\/wp-content\/uploads\/2025\/07\/logo_saiga_baseline_optimitzat.svg","contentUrl":"https:\/\/saiga.es\/wp-content\/uploads\/2025\/07\/logo_saiga_baseline_optimitzat.svg","caption":"SAIGA"},"image":{"@id":"https:\/\/saiga.es\/fr\/#\/schema\/logo\/image\/"},"sameAs":["https:\/\/x.com\/saiga_agro","https:\/\/www.instagram.com\/saiga_agro\/"]}]}},"_links":{"self":[{"href":"https:\/\/saiga.es\/fr\/wp-json\/wp\/v2\/pages\/16634","targetHints":{"allow":["GET"]}}],"collection":[{"href":"https:\/\/saiga.es\/fr\/wp-json\/wp\/v2\/pages"}],"about":[{"href":"https:\/\/saiga.es\/fr\/wp-json\/wp\/v2\/types\/page"}],"author":[{"embeddable":true,"href":"https:\/\/saiga.es\/fr\/wp-json\/wp\/v2\/users\/3"}],"replies":[{"embeddable":true,"href":"https:\/\/saiga.es\/fr\/wp-json\/wp\/v2\/comments?post=16634"}],"version-history":[{"count":1,"href":"https:\/\/saiga.es\/fr\/wp-json\/wp\/v2\/pages\/16634\/revisions"}],"predecessor-version":[{"id":16635,"href":"https:\/\/saiga.es\/fr\/wp-json\/wp\/v2\/pages\/16634\/revisions\/16635"}],"wp:attachment":[{"href":"https:\/\/saiga.es\/fr\/wp-json\/wp\/v2\/media?parent=16634"}],"curies":[{"name":"wp","href":"https:\/\/api.w.org\/{rel}","templated":true}]}}