{"id":16649,"date":"2025-08-29T11:08:32","date_gmt":"2025-08-29T11:08:32","guid":{"rendered":"https:\/\/saiga.es\/?page_id=16649"},"modified":"2025-08-29T11:08:33","modified_gmt":"2025-08-29T11:08:33","slug":"stockage-de-leau","status":"publish","type":"page","link":"https:\/\/saiga.es\/fr\/stockage-de-leau\/","title":{"rendered":"Stockage de l&rsquo;eau"},"content":{"rendered":"\t\t<div data-elementor-type=\"wp-page\" data-elementor-id=\"16649\" class=\"elementor elementor-16649 elementor-16638\" data-elementor-post-type=\"page\">\n\t\t\t\t<div class=\"elementor-element elementor-element-b7a9a86 e-flex e-con-boxed e-con e-parent\" data-id=\"b7a9a86\" data-element_type=\"container\" data-e-type=\"container\">\n\t\t\t\t\t<div class=\"e-con-inner\">\n\t\t<div class=\"elementor-element elementor-element-b47f8c5 e-con-full e-flex e-con e-child\" data-id=\"b47f8c5\" data-element_type=\"container\" data-e-type=\"container\">\n\t\t\t\t<div class=\"elementor-element elementor-element-149dad6 elementor-widget elementor-widget-heading\" data-id=\"149dad6\" data-element_type=\"widget\" data-e-type=\"widget\" data-widget_type=\"heading.default\">\n\t\t\t\t<div class=\"elementor-widget-container\">\n\t\t\t\t\t<h1 class=\"elementor-heading-title elementor-size-default\">Stockage de l&rsquo;eau<\/h1>\t\t\t\t<\/div>\n\t\t\t\t<\/div>\n\t\t\t\t<div class=\"elementor-element elementor-element-5a572294 elementor-widget elementor-widget-text-editor\" data-id=\"5a572294\" data-element_type=\"widget\" data-e-type=\"widget\" data-widget_type=\"text-editor.default\">\n\t\t\t\t<div class=\"elementor-widget-container\">\n\t\t\t\t\t\t\t\t\t<p>L&rsquo;eau est et sera toujours une ressource tr\u00e8s rare. Si vous avez besoin de construire un <a href=\"https:\/\/saiga.es\/fr\/stockage-deau-de-pluie\/\">bassin de stockage<\/a> ou de r\u00e9cup\u00e9ration des eaux pluviales, notre \u00e9quipe de techniciens et d&rsquo;installateurs, forte de sa grande exp\u00e9rience dans ce domaine, vous accompagnera dans sa conception et, si n\u00e9cessaire, dans sa construction. Venez nous rendre visite en magasin et demandez conseil !  <\/p>\t\t\t\t\t\t\t\t<\/div>\n\t\t\t\t<\/div>\n\t\t\t\t<\/div>\n\t\t<div class=\"elementor-element elementor-element-a3b5de0 e-con-full e-flex e-con e-child\" data-id=\"a3b5de0\" data-element_type=\"container\" data-e-type=\"container\">\n\t\t\t\t<div class=\"elementor-element elementor-element-a6b7456 elementor-widget elementor-widget-image\" data-id=\"a6b7456\" data-element_type=\"widget\" data-e-type=\"widget\" data-widget_type=\"image.default\">\n\t\t\t\t<div class=\"elementor-widget-container\">\n\t\t\t\t\t\t\t\t\t\t\t\t\t\t\t<img fetchpriority=\"high\" decoding=\"async\" width=\"640\" height=\"280\" src=\"https:\/\/saiga.es\/wp-content\/uploads\/2025\/08\/Emmagatzematge-daigues.jpg\" class=\"attachment-large size-large wp-image-16641\" alt=\"Emmagatzematge d&#039;aig\u00fces\" srcset=\"https:\/\/saiga.es\/wp-content\/uploads\/2025\/08\/Emmagatzematge-daigues.jpg 686w, https:\/\/saiga.es\/wp-content\/uploads\/2025\/08\/Emmagatzematge-daigues-300x131.jpg 300w, https:\/\/saiga.es\/wp-content\/uploads\/2025\/08\/Emmagatzematge-daigues-600x262.jpg 600w\" sizes=\"(max-width: 640px) 100vw, 640px\" \/>\t\t\t\t\t\t\t\t\t\t\t\t\t\t\t<\/div>\n\t\t\t\t<\/div>\n\t\t\t\t<\/div>\n\t\t\t\t\t<\/div>\n\t\t\t\t<\/div>\n\t\t\t\t<\/div>\n\t\t","protected":false},"excerpt":{"rendered":"<p>L&rsquo;eau est et sera toujours une ressource tr\u00e8s rare. Si vous avez besoin de construire un bassin de stockage ou de r\u00e9cup\u00e9ration des eaux pluviales, notre \u00e9quipe de techniciens et d&rsquo;installateurs, forte de sa grande exp\u00e9rience dans ce domaine, vous accompagnera dans sa conception et, si n\u00e9cessaire, dans sa construction. Venez nous rendre visite en&#8230;<\/p>\n","protected":false},"author":3,"featured_media":0,"parent":0,"menu_order":0,"comment_status":"closed","ping_status":"closed","template":"templates\/full-width.php","meta":{"footnotes":""},"class_list":["post-16649","page","type-page","status-publish","hentry"],"yoast_head":"<!-- This site is optimized with the Yoast SEO plugin v27.4 - https:\/\/yoast.com\/product\/yoast-seo-wordpress\/ -->\n<title>Stockage de l&#039;eau | SAIGA<\/title>\n<meta name=\"robots\" content=\"index, follow, max-snippet:-1, max-image-preview:large, max-video-preview:-1\" \/>\n<link rel=\"canonical\" href=\"https:\/\/saiga.es\/fr\/stockage-de-leau\/\" \/>\n<meta property=\"og:locale\" content=\"fr_FR\" \/>\n<meta property=\"og:type\" content=\"article\" \/>\n<meta property=\"og:title\" content=\"Stockage de l&#039;eau | SAIGA\" \/>\n<meta property=\"og:description\" content=\"L&rsquo;eau est et sera toujours une ressource tr\u00e8s rare. Si vous avez besoin de construire un bassin de stockage ou de r\u00e9cup\u00e9ration des eaux pluviales, notre \u00e9quipe de techniciens et d&rsquo;installateurs, forte de sa grande exp\u00e9rience dans ce domaine, vous accompagnera dans sa conception et, si n\u00e9cessaire, dans sa construction. Venez nous rendre visite en...\" \/>\n<meta property=\"og:url\" content=\"https:\/\/saiga.es\/fr\/stockage-de-leau\/\" \/>\n<meta property=\"og:site_name\" content=\"SAIGA\" \/>\n<meta property=\"article:modified_time\" content=\"2025-08-29T11:08:33+00:00\" \/>\n<meta property=\"og:image\" content=\"https:\/\/saiga.es\/wp-content\/uploads\/2025\/08\/Emmagatzematge-daigues.jpg\" \/>\n<meta name=\"twitter:card\" content=\"summary_large_image\" \/>\n<meta name=\"twitter:site\" content=\"@saiga_agro\" \/>\n<script type=\"application\/ld+json\" class=\"yoast-schema-graph\">{\"@context\":\"https:\\\/\\\/schema.org\",\"@graph\":[{\"@type\":\"WebPage\",\"@id\":\"https:\\\/\\\/saiga.es\\\/fr\\\/stockage-de-leau\\\/\",\"url\":\"https:\\\/\\\/saiga.es\\\/fr\\\/stockage-de-leau\\\/\",\"name\":\"Stockage de l'eau | SAIGA\",\"isPartOf\":{\"@id\":\"https:\\\/\\\/saiga.es\\\/fr\\\/#website\"},\"primaryImageOfPage\":{\"@id\":\"https:\\\/\\\/saiga.es\\\/fr\\\/stockage-de-leau\\\/#primaryimage\"},\"image\":{\"@id\":\"https:\\\/\\\/saiga.es\\\/fr\\\/stockage-de-leau\\\/#primaryimage\"},\"thumbnailUrl\":\"https:\\\/\\\/saiga.es\\\/wp-content\\\/uploads\\\/2025\\\/08\\\/Emmagatzematge-daigues.jpg\",\"datePublished\":\"2025-08-29T11:08:32+00:00\",\"dateModified\":\"2025-08-29T11:08:33+00:00\",\"breadcrumb\":{\"@id\":\"https:\\\/\\\/saiga.es\\\/fr\\\/stockage-de-leau\\\/#breadcrumb\"},\"inLanguage\":\"fr-FR\",\"potentialAction\":[{\"@type\":\"ReadAction\",\"target\":[\"https:\\\/\\\/saiga.es\\\/fr\\\/stockage-de-leau\\\/\"]}]},{\"@type\":\"ImageObject\",\"inLanguage\":\"fr-FR\",\"@id\":\"https:\\\/\\\/saiga.es\\\/fr\\\/stockage-de-leau\\\/#primaryimage\",\"url\":\"https:\\\/\\\/saiga.es\\\/wp-content\\\/uploads\\\/2025\\\/08\\\/Emmagatzematge-daigues.jpg\",\"contentUrl\":\"https:\\\/\\\/saiga.es\\\/wp-content\\\/uploads\\\/2025\\\/08\\\/Emmagatzematge-daigues.jpg\"},{\"@type\":\"BreadcrumbList\",\"@id\":\"https:\\\/\\\/saiga.es\\\/fr\\\/stockage-de-leau\\\/#breadcrumb\",\"itemListElement\":[{\"@type\":\"ListItem\",\"position\":1,\"name\":\"Inici\",\"item\":\"https:\\\/\\\/saiga.es\\\/fr\\\/\"},{\"@type\":\"ListItem\",\"position\":2,\"name\":\"Stockage de l&#8217;eau\"}]},{\"@type\":\"WebSite\",\"@id\":\"https:\\\/\\\/saiga.es\\\/fr\\\/#website\",\"url\":\"https:\\\/\\\/saiga.es\\\/fr\\\/\",\"name\":\"SAIGA\",\"description\":\"M\u00e9s de 50 anys al servei de la terra i treballant per a un \u00fas eficient de l\u2019aigua!\",\"publisher\":{\"@id\":\"https:\\\/\\\/saiga.es\\\/fr\\\/#organization\"},\"potentialAction\":[{\"@type\":\"SearchAction\",\"target\":{\"@type\":\"EntryPoint\",\"urlTemplate\":\"https:\\\/\\\/saiga.es\\\/fr\\\/?s={search_term_string}\"},\"query-input\":{\"@type\":\"PropertyValueSpecification\",\"valueRequired\":true,\"valueName\":\"search_term_string\"}}],\"inLanguage\":\"fr-FR\"},{\"@type\":\"Organization\",\"@id\":\"https:\\\/\\\/saiga.es\\\/fr\\\/#organization\",\"name\":\"SAIGA\",\"url\":\"https:\\\/\\\/saiga.es\\\/fr\\\/\",\"logo\":{\"@type\":\"ImageObject\",\"inLanguage\":\"fr-FR\",\"@id\":\"https:\\\/\\\/saiga.es\\\/fr\\\/#\\\/schema\\\/logo\\\/image\\\/\",\"url\":\"https:\\\/\\\/saiga.es\\\/wp-content\\\/uploads\\\/2025\\\/07\\\/logo_saiga_baseline_optimitzat.svg\",\"contentUrl\":\"https:\\\/\\\/saiga.es\\\/wp-content\\\/uploads\\\/2025\\\/07\\\/logo_saiga_baseline_optimitzat.svg\",\"caption\":\"SAIGA\"},\"image\":{\"@id\":\"https:\\\/\\\/saiga.es\\\/fr\\\/#\\\/schema\\\/logo\\\/image\\\/\"},\"sameAs\":[\"https:\\\/\\\/x.com\\\/saiga_agro\",\"https:\\\/\\\/www.instagram.com\\\/saiga_agro\\\/\"]}]}<\/script>\n<!-- \/ Yoast SEO plugin. -->","yoast_head_json":{"title":"Stockage de l'eau | SAIGA","robots":{"index":"index","follow":"follow","max-snippet":"max-snippet:-1","max-image-preview":"max-image-preview:large","max-video-preview":"max-video-preview:-1"},"canonical":"https:\/\/saiga.es\/fr\/stockage-de-leau\/","og_locale":"fr_FR","og_type":"article","og_title":"Stockage de l'eau | SAIGA","og_description":"L&rsquo;eau est et sera toujours une ressource tr\u00e8s rare. Si vous avez besoin de construire un bassin de stockage ou de r\u00e9cup\u00e9ration des eaux pluviales, notre \u00e9quipe de techniciens et d&rsquo;installateurs, forte de sa grande exp\u00e9rience dans ce domaine, vous accompagnera dans sa conception et, si n\u00e9cessaire, dans sa construction. Venez nous rendre visite en...","og_url":"https:\/\/saiga.es\/fr\/stockage-de-leau\/","og_site_name":"SAIGA","article_modified_time":"2025-08-29T11:08:33+00:00","og_image":[{"url":"https:\/\/saiga.es\/wp-content\/uploads\/2025\/08\/Emmagatzematge-daigues.jpg","type":"","width":"","height":""}],"twitter_card":"summary_large_image","twitter_site":"@saiga_agro","schema":{"@context":"https:\/\/schema.org","@graph":[{"@type":"WebPage","@id":"https:\/\/saiga.es\/fr\/stockage-de-leau\/","url":"https:\/\/saiga.es\/fr\/stockage-de-leau\/","name":"Stockage de l'eau | SAIGA","isPartOf":{"@id":"https:\/\/saiga.es\/fr\/#website"},"primaryImageOfPage":{"@id":"https:\/\/saiga.es\/fr\/stockage-de-leau\/#primaryimage"},"image":{"@id":"https:\/\/saiga.es\/fr\/stockage-de-leau\/#primaryimage"},"thumbnailUrl":"https:\/\/saiga.es\/wp-content\/uploads\/2025\/08\/Emmagatzematge-daigues.jpg","datePublished":"2025-08-29T11:08:32+00:00","dateModified":"2025-08-29T11:08:33+00:00","breadcrumb":{"@id":"https:\/\/saiga.es\/fr\/stockage-de-leau\/#breadcrumb"},"inLanguage":"fr-FR","potentialAction":[{"@type":"ReadAction","target":["https:\/\/saiga.es\/fr\/stockage-de-leau\/"]}]},{"@type":"ImageObject","inLanguage":"fr-FR","@id":"https:\/\/saiga.es\/fr\/stockage-de-leau\/#primaryimage","url":"https:\/\/saiga.es\/wp-content\/uploads\/2025\/08\/Emmagatzematge-daigues.jpg","contentUrl":"https:\/\/saiga.es\/wp-content\/uploads\/2025\/08\/Emmagatzematge-daigues.jpg"},{"@type":"BreadcrumbList","@id":"https:\/\/saiga.es\/fr\/stockage-de-leau\/#breadcrumb","itemListElement":[{"@type":"ListItem","position":1,"name":"Inici","item":"https:\/\/saiga.es\/fr\/"},{"@type":"ListItem","position":2,"name":"Stockage de l&#8217;eau"}]},{"@type":"WebSite","@id":"https:\/\/saiga.es\/fr\/#website","url":"https:\/\/saiga.es\/fr\/","name":"SAIGA","description":"M\u00e9s de 50 anys al servei de la terra i treballant per a un \u00fas eficient de l\u2019aigua!","publisher":{"@id":"https:\/\/saiga.es\/fr\/#organization"},"potentialAction":[{"@type":"SearchAction","target":{"@type":"EntryPoint","urlTemplate":"https:\/\/saiga.es\/fr\/?s={search_term_string}"},"query-input":{"@type":"PropertyValueSpecification","valueRequired":true,"valueName":"search_term_string"}}],"inLanguage":"fr-FR"},{"@type":"Organization","@id":"https:\/\/saiga.es\/fr\/#organization","name":"SAIGA","url":"https:\/\/saiga.es\/fr\/","logo":{"@type":"ImageObject","inLanguage":"fr-FR","@id":"https:\/\/saiga.es\/fr\/#\/schema\/logo\/image\/","url":"https:\/\/saiga.es\/wp-content\/uploads\/2025\/07\/logo_saiga_baseline_optimitzat.svg","contentUrl":"https:\/\/saiga.es\/wp-content\/uploads\/2025\/07\/logo_saiga_baseline_optimitzat.svg","caption":"SAIGA"},"image":{"@id":"https:\/\/saiga.es\/fr\/#\/schema\/logo\/image\/"},"sameAs":["https:\/\/x.com\/saiga_agro","https:\/\/www.instagram.com\/saiga_agro\/"]}]}},"_links":{"self":[{"href":"https:\/\/saiga.es\/fr\/wp-json\/wp\/v2\/pages\/16649","targetHints":{"allow":["GET"]}}],"collection":[{"href":"https:\/\/saiga.es\/fr\/wp-json\/wp\/v2\/pages"}],"about":[{"href":"https:\/\/saiga.es\/fr\/wp-json\/wp\/v2\/types\/page"}],"author":[{"embeddable":true,"href":"https:\/\/saiga.es\/fr\/wp-json\/wp\/v2\/users\/3"}],"replies":[{"embeddable":true,"href":"https:\/\/saiga.es\/fr\/wp-json\/wp\/v2\/comments?post=16649"}],"version-history":[{"count":1,"href":"https:\/\/saiga.es\/fr\/wp-json\/wp\/v2\/pages\/16649\/revisions"}],"predecessor-version":[{"id":16650,"href":"https:\/\/saiga.es\/fr\/wp-json\/wp\/v2\/pages\/16649\/revisions\/16650"}],"wp:attachment":[{"href":"https:\/\/saiga.es\/fr\/wp-json\/wp\/v2\/media?parent=16649"}],"curies":[{"name":"wp","href":"https:\/\/api.w.org\/{rel}","templated":true}]}}