{"id":6516,"date":"2019-01-09T08:44:11","date_gmt":"2019-01-09T08:44:11","guid":{"rendered":"https:\/\/botiga.saiga.es\/6516-2\/"},"modified":"2025-08-28T14:50:18","modified_gmt":"2025-08-28T14:50:18","slug":"6516-2","status":"publish","type":"page","link":"https:\/\/saiga.es\/fr\/","title":{"rendered":""},"content":{"rendered":"<div>\n<div class=\"n2_ss_slider_publish__option_code\" dir=\"ltr\" data-mode=\"id\"><\/div>\n<div dir=\"ltr\" data-mode=\"id\"><\/div>\n<\/div>\n<h1 dir=\"ltr\" style=\"text-align: center;\" data-mode=\"id\">Plus de 50 ans au service de la terre<br \/>\net pour une utilisation efficace de l&rsquo;eau !<\/h1>\n<p>&nbsp;<\/p>\n<div dir=\"ltr\" data-mode=\"id\"><\/div>\n<div><div class=\"woocommerce columns-4\"><ul class=\"products columns-4\">\n<li class=\"product-category product first\">\n\t<a aria-label=\"Acc\u00e9der \u00e0 la cat\u00e9gorie de produits V\u00eatements et \u00e9quipements techniques\" href=\"https:\/\/saiga.es\/fr\/categorie\/vetements-et-equipements-techniques\/\"><img fetchpriority=\"high\" decoding=\"async\" src=\"https:\/\/saiga.es\/wp-content\/uploads\/2024\/03\/cofra-lagos_1-300x225.jpg\" alt=\"V\u00eatements et \u00e9quipements techniques\" width=\"300\" height=\"225\" \/>\t\t<h2 class=\"woocommerce-loop-category__title\">\n\t\t\tV\u00eatements et \u00e9quipements techniques <mark class=\"count\">(18)<\/mark>\t\t<\/h2>\n\t\t<\/a><\/li>\n<li class=\"product-category product\">\n\t<a aria-label=\"Acc\u00e9der \u00e0 la cat\u00e9gorie de produits v\u00eatements de travail\" href=\"https:\/\/saiga.es\/fr\/categorie\/jardinage-et-espaces-verts\/machinerie\/accessoires\/vetements-de-travail\/\"><img decoding=\"async\" src=\"https:\/\/saiga.es\/wp-content\/uploads\/2024\/12\/Guants-antitall-300x225.jpg\" alt=\"v\u00eatements de travail\" width=\"300\" height=\"225\" \/>\t\t<h2 class=\"woocommerce-loop-category__title\">\n\t\t\tv\u00eatements de travail <mark class=\"count\">(1)<\/mark>\t\t<\/h2>\n\t\t<\/a><\/li>\n<li class=\"product-category product\">\n\t<a aria-label=\"Acc\u00e9der \u00e0 la cat\u00e9gorie de produits Tuyaux et accessoires\" href=\"https:\/\/saiga.es\/fr\/categorie\/agriculture\/irrigation-et-hydraulique\/tuyaux-et-accessoires-fr\/\"><img decoding=\"async\" src=\"https:\/\/saiga.es\/wp-content\/uploads\/2024\/02\/Tricogold-Manega-siroflex-300x225.jpg\" alt=\"Tuyaux et accessoires\" width=\"300\" height=\"225\" \/>\t\t<h2 class=\"woocommerce-loop-category__title\">\n\t\t\tTuyaux et accessoires <mark class=\"count\">(13)<\/mark>\t\t<\/h2>\n\t\t<\/a><\/li>\n<li class=\"product-category product last\">\n\t<a aria-label=\"Acc\u00e9der \u00e0 la cat\u00e9gorie de produits Tuyaux et accessoires\" href=\"https:\/\/saiga.es\/fr\/categorie\/jardinage-et-espaces-verts\/tuyaux-et-accessoires\/\"><img loading=\"lazy\" decoding=\"async\" src=\"https:\/\/saiga.es\/wp-content\/uploads\/2023\/07\/Manegues-300x225.jpg\" alt=\"Tuyaux et accessoires\" width=\"300\" height=\"225\" \/>\t\t<h2 class=\"woocommerce-loop-category__title\">\n\t\t\tTuyaux et accessoires <mark class=\"count\">(20)<\/mark>\t\t<\/h2>\n\t\t<\/a><\/li>\n<li class=\"product-category product first\">\n\t<a aria-label=\"Acc\u00e9der \u00e0 la cat\u00e9gorie de produits Tuyaux d&#039;irrigation\" href=\"https:\/\/saiga.es\/fr\/categorie\/agriculture\/irrigation-et-hydraulique\/tubes-et-accessoires\/tuyaux-dirrigation\/\"><img loading=\"lazy\" decoding=\"async\" src=\"https:\/\/saiga.es\/wp-content\/uploads\/2025\/03\/Tubs-de-reg-300x225.jpg\" alt=\"Tuyaux d&#039;irrigation\" width=\"300\" height=\"225\" \/>\t\t<h2 class=\"woocommerce-loop-category__title\">\n\t\t\tTuyaux d&#039;irrigation <mark class=\"count\">(10)<\/mark>\t\t<\/h2>\n\t\t<\/a><\/li>\n<li class=\"product-category product\">\n\t<a aria-label=\"Acc\u00e9der \u00e0 la cat\u00e9gorie de produits Tubes et accessoires\" href=\"https:\/\/saiga.es\/fr\/categorie\/agriculture\/irrigation-et-hydraulique\/tubes-et-accessoires\/\"><img loading=\"lazy\" decoding=\"async\" src=\"https:\/\/saiga.es\/wp-content\/uploads\/2025\/11\/Tap-final-PE-Jimten--300x225.jpg\" alt=\"Tubes et accessoires\" width=\"300\" height=\"225\" \/>\t\t<h2 class=\"woocommerce-loop-category__title\">\n\t\t\tTubes et accessoires <mark class=\"count\">(70)<\/mark>\t\t<\/h2>\n\t\t<\/a><\/li>\n<li class=\"product-category product\">\n\t<a aria-label=\"Acc\u00e9der \u00e0 la cat\u00e9gorie de produits Tron\u00e7onneuses\" href=\"https:\/\/saiga.es\/fr\/categorie\/jardinage-et-espaces-verts\/machinerie\/tronconneuses\/\"><img loading=\"lazy\" decoding=\"async\" src=\"https:\/\/saiga.es\/wp-content\/uploads\/2024\/10\/Motoserra-CS-310ES-300x225.jpg\" alt=\"Tron\u00e7onneuses\" width=\"300\" height=\"225\" \/>\t\t<h2 class=\"woocommerce-loop-category__title\">\n\t\t\tTron\u00e7onneuses <mark class=\"count\">(3)<\/mark>\t\t<\/h2>\n\t\t<\/a><\/li>\n<li class=\"product-category product last\">\n\t<a aria-label=\"Acc\u00e9der \u00e0 la cat\u00e9gorie de produits TRAVAIL CIVIL\" href=\"https:\/\/saiga.es\/fr\/categorie\/travail-civil\/\"><img loading=\"lazy\" decoding=\"async\" src=\"https:\/\/saiga.es\/wp-content\/uploads\/2019\/05\/home_obracivil_Saiga-300x176.jpg\" alt=\"TRAVAIL CIVIL\" width=\"300\" height=\"225\" \/>\t\t<h2 class=\"woocommerce-loop-category__title\">\n\t\t\tTRAVAIL CIVIL <mark class=\"count\">(1)<\/mark>\t\t<\/h2>\n\t\t<\/a><\/li>\n<\/ul>\n<\/div><\/div>\n<div><\/div>\n","protected":false},"excerpt":{"rendered":"<p>Plus de 50 ans au service de la terre et pour une utilisation efficace de l&rsquo;eau ! &nbsp;<\/p>\n","protected":false},"author":1,"featured_media":0,"parent":0,"menu_order":0,"comment_status":"closed","ping_status":"closed","template":"templates\/full-width.php","meta":{"footnotes":""},"class_list":["post-6516","page","type-page","status-publish","hentry"],"yoast_head":"<!-- This site is optimized with the Yoast SEO plugin v27.3 - https:\/\/yoast.com\/product\/yoast-seo-wordpress\/ -->\n<title>SAIGA - Plus de 50 ans au service de la terre et de l&#039;eau!<\/title>\n<meta name=\"description\" content=\"SAIGA est sp\u00e9cialis\u00e9 dans le secteur de l&#039;agriculture et de l&#039;\u00e9levage, les projets d&#039;irrigation et la construction de serres, entre autres.\" \/>\n<meta name=\"robots\" content=\"index, follow, max-snippet:-1, max-image-preview:large, max-video-preview:-1\" \/>\n<link rel=\"canonical\" href=\"https:\/\/saiga.es\/fr\/\" \/>\n<meta property=\"og:locale\" content=\"fr_FR\" \/>\n<meta property=\"og:type\" content=\"article\" \/>\n<meta property=\"og:title\" content=\"SAIGA - Plus de 50 ans au service de la terre et de l&#039;eau!\" \/>\n<meta property=\"og:description\" content=\"SAIGA est sp\u00e9cialis\u00e9 dans le secteur de l&#039;agriculture et de l&#039;\u00e9levage, les projets d&#039;irrigation et la construction de serres, entre autres.\" \/>\n<meta property=\"og:url\" content=\"https:\/\/saiga.es\/fr\/\" \/>\n<meta property=\"og:site_name\" content=\"SAIGA\" \/>\n<meta property=\"article:modified_time\" content=\"2025-08-28T14:50:18+00:00\" \/>\n<meta property=\"og:image\" content=\"https:\/\/saiga.es\/wp-content\/uploads\/2023\/11\/opengraph_saiga.jpg\" \/>\n\t<meta property=\"og:image:width\" content=\"1200\" \/>\n\t<meta property=\"og:image:height\" content=\"627\" \/>\n\t<meta property=\"og:image:type\" content=\"image\/jpeg\" \/>\n<meta name=\"twitter:card\" content=\"summary_large_image\" \/>\n<meta name=\"twitter:site\" content=\"@saiga_agro\" \/>\n<meta name=\"twitter:label1\" content=\"Dur\u00e9e de lecture estim\u00e9e\" \/>\n\t<meta name=\"twitter:data1\" content=\"1 minute\" \/>\n<script type=\"application\/ld+json\" class=\"yoast-schema-graph\">{\"@context\":\"https:\\\/\\\/schema.org\",\"@graph\":[{\"@type\":\"WebPage\",\"@id\":\"https:\\\/\\\/saiga.es\\\/fr\\\/\",\"url\":\"https:\\\/\\\/saiga.es\\\/fr\\\/\",\"name\":\"SAIGA - Plus de 50 ans au service de la terre et de l'eau!\",\"isPartOf\":{\"@id\":\"https:\\\/\\\/saiga.es\\\/fr\\\/#website\"},\"datePublished\":\"2019-01-09T08:44:11+00:00\",\"dateModified\":\"2025-08-28T14:50:18+00:00\",\"description\":\"SAIGA est sp\u00e9cialis\u00e9 dans le secteur de l'agriculture et de l'\u00e9levage, les projets d'irrigation et la construction de serres, entre autres.\",\"inLanguage\":\"fr-FR\",\"potentialAction\":[{\"@type\":\"ReadAction\",\"target\":[\"https:\\\/\\\/saiga.es\\\/fr\\\/\"]}]},{\"@type\":\"WebSite\",\"@id\":\"https:\\\/\\\/saiga.es\\\/fr\\\/#website\",\"url\":\"https:\\\/\\\/saiga.es\\\/fr\\\/\",\"name\":\"SAIGA\",\"description\":\"M\u00e9s de 50 anys al servei de la terra i treballant per a un \u00fas eficient de l\u2019aigua!\",\"publisher\":{\"@id\":\"https:\\\/\\\/saiga.es\\\/fr\\\/#organization\"},\"potentialAction\":[{\"@type\":\"SearchAction\",\"target\":{\"@type\":\"EntryPoint\",\"urlTemplate\":\"https:\\\/\\\/saiga.es\\\/fr\\\/?s={search_term_string}\"},\"query-input\":{\"@type\":\"PropertyValueSpecification\",\"valueRequired\":true,\"valueName\":\"search_term_string\"}}],\"inLanguage\":\"fr-FR\"},{\"@type\":\"Organization\",\"@id\":\"https:\\\/\\\/saiga.es\\\/fr\\\/#organization\",\"name\":\"SAIGA\",\"url\":\"https:\\\/\\\/saiga.es\\\/fr\\\/\",\"logo\":{\"@type\":\"ImageObject\",\"inLanguage\":\"fr-FR\",\"@id\":\"https:\\\/\\\/saiga.es\\\/fr\\\/#\\\/schema\\\/logo\\\/image\\\/\",\"url\":\"https:\\\/\\\/saiga.es\\\/wp-content\\\/uploads\\\/2025\\\/07\\\/logo_saiga_baseline_optimitzat.svg\",\"contentUrl\":\"https:\\\/\\\/saiga.es\\\/wp-content\\\/uploads\\\/2025\\\/07\\\/logo_saiga_baseline_optimitzat.svg\",\"caption\":\"SAIGA\"},\"image\":{\"@id\":\"https:\\\/\\\/saiga.es\\\/fr\\\/#\\\/schema\\\/logo\\\/image\\\/\"},\"sameAs\":[\"https:\\\/\\\/x.com\\\/saiga_agro\",\"https:\\\/\\\/www.instagram.com\\\/saiga_agro\\\/\"]}]}<\/script>\n<!-- \/ Yoast SEO plugin. -->","yoast_head_json":{"title":"SAIGA - Plus de 50 ans au service de la terre et de l'eau!","description":"SAIGA est sp\u00e9cialis\u00e9 dans le secteur de l'agriculture et de l'\u00e9levage, les projets d'irrigation et la construction de serres, entre autres.","robots":{"index":"index","follow":"follow","max-snippet":"max-snippet:-1","max-image-preview":"max-image-preview:large","max-video-preview":"max-video-preview:-1"},"canonical":"https:\/\/saiga.es\/fr\/","og_locale":"fr_FR","og_type":"article","og_title":"SAIGA - Plus de 50 ans au service de la terre et de l'eau!","og_description":"SAIGA est sp\u00e9cialis\u00e9 dans le secteur de l'agriculture et de l'\u00e9levage, les projets d'irrigation et la construction de serres, entre autres.","og_url":"https:\/\/saiga.es\/fr\/","og_site_name":"SAIGA","article_modified_time":"2025-08-28T14:50:18+00:00","og_image":[{"width":1200,"height":627,"url":"https:\/\/saiga.es\/wp-content\/uploads\/2023\/11\/opengraph_saiga.jpg","type":"image\/jpeg"}],"twitter_card":"summary_large_image","twitter_site":"@saiga_agro","twitter_misc":{"Dur\u00e9e de lecture estim\u00e9e":"1 minute"},"schema":{"@context":"https:\/\/schema.org","@graph":[{"@type":"WebPage","@id":"https:\/\/saiga.es\/fr\/","url":"https:\/\/saiga.es\/fr\/","name":"SAIGA - Plus de 50 ans au service de la terre et de l'eau!","isPartOf":{"@id":"https:\/\/saiga.es\/fr\/#website"},"datePublished":"2019-01-09T08:44:11+00:00","dateModified":"2025-08-28T14:50:18+00:00","description":"SAIGA est sp\u00e9cialis\u00e9 dans le secteur de l'agriculture et de l'\u00e9levage, les projets d'irrigation et la construction de serres, entre autres.","inLanguage":"fr-FR","potentialAction":[{"@type":"ReadAction","target":["https:\/\/saiga.es\/fr\/"]}]},{"@type":"WebSite","@id":"https:\/\/saiga.es\/fr\/#website","url":"https:\/\/saiga.es\/fr\/","name":"SAIGA","description":"M\u00e9s de 50 anys al servei de la terra i treballant per a un \u00fas eficient de l\u2019aigua!","publisher":{"@id":"https:\/\/saiga.es\/fr\/#organization"},"potentialAction":[{"@type":"SearchAction","target":{"@type":"EntryPoint","urlTemplate":"https:\/\/saiga.es\/fr\/?s={search_term_string}"},"query-input":{"@type":"PropertyValueSpecification","valueRequired":true,"valueName":"search_term_string"}}],"inLanguage":"fr-FR"},{"@type":"Organization","@id":"https:\/\/saiga.es\/fr\/#organization","name":"SAIGA","url":"https:\/\/saiga.es\/fr\/","logo":{"@type":"ImageObject","inLanguage":"fr-FR","@id":"https:\/\/saiga.es\/fr\/#\/schema\/logo\/image\/","url":"https:\/\/saiga.es\/wp-content\/uploads\/2025\/07\/logo_saiga_baseline_optimitzat.svg","contentUrl":"https:\/\/saiga.es\/wp-content\/uploads\/2025\/07\/logo_saiga_baseline_optimitzat.svg","caption":"SAIGA"},"image":{"@id":"https:\/\/saiga.es\/fr\/#\/schema\/logo\/image\/"},"sameAs":["https:\/\/x.com\/saiga_agro","https:\/\/www.instagram.com\/saiga_agro\/"]}]}},"_links":{"self":[{"href":"https:\/\/saiga.es\/fr\/wp-json\/wp\/v2\/pages\/6516","targetHints":{"allow":["GET"]}}],"collection":[{"href":"https:\/\/saiga.es\/fr\/wp-json\/wp\/v2\/pages"}],"about":[{"href":"https:\/\/saiga.es\/fr\/wp-json\/wp\/v2\/types\/page"}],"author":[{"embeddable":true,"href":"https:\/\/saiga.es\/fr\/wp-json\/wp\/v2\/users\/1"}],"replies":[{"embeddable":true,"href":"https:\/\/saiga.es\/fr\/wp-json\/wp\/v2\/comments?post=6516"}],"version-history":[{"count":9,"href":"https:\/\/saiga.es\/fr\/wp-json\/wp\/v2\/pages\/6516\/revisions"}],"predecessor-version":[{"id":16573,"href":"https:\/\/saiga.es\/fr\/wp-json\/wp\/v2\/pages\/6516\/revisions\/16573"}],"wp:attachment":[{"href":"https:\/\/saiga.es\/fr\/wp-json\/wp\/v2\/media?parent=6516"}],"curies":[{"name":"wp","href":"https:\/\/api.w.org\/{rel}","templated":true}]}}