{"id":6535,"date":"2018-11-20T15:03:43","date_gmt":"2018-11-20T15:03:43","guid":{"rendered":"https:\/\/botiga.saiga.es\/conditions-de-vente\/"},"modified":"2024-01-10T09:29:33","modified_gmt":"2024-01-10T09:29:33","slug":"conditions-de-vente","status":"publish","type":"page","link":"https:\/\/saiga.es\/fr\/conditions-de-vente\/","title":{"rendered":"Conditions de vente"},"content":{"rendered":"<p>CONDITIONS GENERALES DE VENTE<br \/>\n*CHAMP D&rsquo;APPLICATION<br \/>\nLes pr\u00e9sentes Conditions G\u00e9n\u00e9rales sont applicables aux commandes que vous passez chez<\/p>\n<p>*SAIGA APPLICACIONS *HIDRAULICAS SL dont le si\u00e8ge social est situ\u00e9 \u00e0 *CRTA. N-II KM.1,4. CP\/17771. Province \/ G\u00e9rone. Population \/ SANTA *LOGAIA D&rsquo;*\u00c1LGUEMA.<\/p>\n<p>Cela inclut toute vente ou service d\u00e9crit dans nos brochures, listes de prix, publicit\u00e9s, devis, sur Internet ou verbalement. La finalisation de toute commande suppose que vous ayez lu et accept\u00e9 les pr\u00e9sentes conditions de vente.<\/p>\n<p>*SAIGA APPLICACIONS *HIDRAULICAS SL se r\u00e9serve le droit de modifier ses Conditions G\u00e9n\u00e9rales \u00e0 tout moment.<\/p>\n<p>G\u00c9N\u00c9RALIT\u00c9S<br \/>\nSauf accord particulier \u00e9crit, la finalisation de la commande effectu\u00e9e par le Client implique son adh\u00e9sion aux pr\u00e9sentes conditions g\u00e9n\u00e9rales de vente. Aucune stipulation faite par le Client concernant les conditions d&rsquo;achat, lettres, re\u00e7us ou autres documents ne pourra diff\u00e9rer de celles de<\/p>\n<p>*SAIGA APPLICATIONS *HIDRAULICAS SL<\/p>\n<p>s&rsquo;il n&rsquo;a pas \u00e9t\u00e9 express\u00e9ment accept\u00e9 au pr\u00e9alable par cette Soci\u00e9t\u00e9. Les informations contenues dans les catalogues, tarifs et site Internet ne sont qu&rsquo;indicatives.<\/p>\n<p>*SAIGA APPLICATIONS *HIDRAULICAS SL<\/p>\n<p>pourra les modifier \u00e0 tout moment, sans pr\u00e9avis, en fonction de l&rsquo;\u00e9volution des conditions \u00e9conomiques.<\/p>\n<p>*SAIGA APPLICACIONS *HIDRAULICAS SL fait ses meilleurs efforts pour garantir que les informations qui apparaissent sur son site Web sont exactes et \u00e0 jour. *SAIGA APPLICACIONS *HIDRAULICAS Slno est responsable de toute erreur ou omission qui pourrait exister sur cette page Web.<\/p>\n<p>DEMANDE\/CONTRAT<br \/>\nLes commandes seront accept\u00e9es par \u00e9crit, boutique en ligne, e-mail, t\u00e9l\u00e9phone ou fax. *SAIGA APPLICACIONS *HIDRAULICAS SLLes clients finaux, consid\u00e9r\u00e9s comme les consommateurs. Une fois la commande pass\u00e9e par le client, *SAIGA APLICACIONS *HIDRAULICAS SL enverra \u00e0 celle-ci une facture pro forma avec les donn\u00e9es relatives \u00e0 la commande et l&rsquo;informera de la disponibilit\u00e9 en stock des articles s\u00e9lectionn\u00e9s. Le client doit v\u00e9rifier la facture pro forma et nous informer par \u00e9crit (e-mail ou fax) s&rsquo;il est d&rsquo;accord avec ce pro forma ou s&rsquo;il y a une erreur ou une divergence que nous devons corriger.<\/p>\n<p>PRIX ET CONDITIONS DE PAIEMENT.<\/p>\n<p>Les budgets ou offres \u00e9conomiques ne seront valables que par \u00e9crit et pour la dur\u00e9e qui y est indiqu\u00e9e. Si aucun d\u00e9lai n\u2019est indiqu\u00e9, celui-ci sera de 30 jours. Le prix disponible dans les annonces et dans la boutique en ligne, les frais d&rsquo;exp\u00e9dition.<\/p>\n<p>Le prix total de la commande ainsi que les modalit\u00e9s de paiement seront pr\u00e9cis\u00e9s dans la facture pro forma adress\u00e9e au client.<\/p>\n<p>Le paiement sera effectu\u00e9 par virement bancaire ou carte de cr\u00e9dit\/d\u00e9bit ou *PayPal au moment de la confirmation de la facture pro forma ou dans les conditions qui y sont \u00e9nonc\u00e9es.<\/p>\n<p>*SAIGA APPLICACIONS *HIDRAULICAS SL peut suspendre la livraison du bien ou la fourniture du service jusqu&rsquo;au paiement int\u00e9gral. En cas de retard de paiement (arri\u00e9r\u00e9s), des frais de recouvrement seront factur\u00e9s, et un int\u00e9r\u00eat moratoire de 1% sera appliqu\u00e9 sur le montant d\u00fb pour chaque mois pendant lequel ce montant reste *non r\u00e9gl\u00e9, \u00e0 compter de la date d&rsquo;\u00e9ch\u00e9ance du paiement et jusqu&rsquo;\u00e0 r\u00e8glement de la totalit\u00e9.<\/p>\n<p>EXP\u00c9DITION DE LA COMMANDE<\/p>\n<p>Les commandes seront servies dans les d\u00e9lais convenus d\u00e8s r\u00e9ception de la preuve de paiement ou, en cas de paiement diff\u00e9r\u00e9, apr\u00e8s confirmation par le client de la facture pro forma.<\/p>\n<p>Pour les exp\u00e9ditions destin\u00e9es \u00e0 la p\u00e9ninsule et aux \u00eeles Bal\u00e9ares, ces frais seront inclus dans la facture pro forma.<\/p>\n<p>Dans le cas d&rsquo;envois effectu\u00e9s vers les \u00eeles Canaries, Ceuta et Melilla, le client devra envoyer \u00e0 son propre coursier, donc les frais de transport seront \u00e0 la charge du client et ceux-ci ne seront pas inclus dans la facture pro forma.<\/p>\n<p>Sous r\u00e9serve de disponibilit\u00e9 des stocks, les confirmations de commande re\u00e7ues avant 17h30 du lundi au jeudi ou avant 13h00 le vendredi seront pr\u00e9par\u00e9es et exp\u00e9di\u00e9es le jour m\u00eame via un service 24h\/24. Ceux re\u00e7us apr\u00e8s cette heure seront envoy\u00e9s le lendemain.<\/p>\n<p>Si nous n&rsquo;avons qu&rsquo;une partie de la commande en stock, le client peut demander une exp\u00e9dition partielle et<\/p>\n<p>*SAIGA APPLICATIONS *HIDRAULICAS SL<\/p>\n<p>se chargera du deuxi\u00e8me envoi tant que le montant de la commande d\u00e9passe 1000 \u20ac.<\/p>\n<p>La livraison est consid\u00e9r\u00e9e comme effectu\u00e9e d\u00e8s que le produit est mis \u00e0 disposition du Client par le transporteur et que le destinataire signe le r\u00e9c\u00e9piss\u00e9 de livraison. Il appartient au destinataire de v\u00e9rifier les produits \u00e0 r\u00e9ception et de signaler toutes exceptions et r\u00e9clamations qui pourraient \u00eatre justifi\u00e9es.<\/p>\n<p>Si les produits servis ne sont pas conformes en nature ou en quantit\u00e9 \u00e0 ceux sp\u00e9cifi\u00e9s sur le bon de livraison, ou ne correspondent pas \u00e0 la facture pro forma confirm\u00e9e, le Client doit formuler une r\u00e9clamation dans les deux (2) jours suivant la livraison. Pass\u00e9 ce d\u00e9lai, le Client sera consid\u00e9r\u00e9 comme ayant accept\u00e9 le produit. *SAIGA APPLICATIONS *HIDRAULICAS SL<\/p>\n<p>n&rsquo;est pas responsable de la dur\u00e9e du transport, une fois les commandes quitt\u00e9es leur entrep\u00f4t. *SAIGA APPLICACIONES *HIDRAULICAS Slno assumera la responsabilit\u00e9 des changements d&rsquo;adresses de livraison une fois confirm\u00e9e la facture pro forma pr\u00e9cisant ces informations. Les frais de transport occasionn\u00e9s par la modification de l&rsquo;adresse de livraison seront \u00e0 la charge du client.<\/p>\n<p>RETOUR<\/p>\n<p>Le d\u00e9lai de traitement d&rsquo;un retour sera de 7 jours \u00e0 compter de la date de r\u00e9ception par le client. Aucun retour ne sera accept\u00e9 sans autorisation pr\u00e9alable.<\/p>\n<p>Si le Client a le droit de retourner un produit et le fait, il le retournera dans son \u00e9tat d&rsquo;origine, avec son emballage, bon de retour et prot\u00e9g\u00e9, afin qu&rsquo;il ne soit pas re\u00e7u avec des scell\u00e9s ou des rubans adh\u00e9sifs de transport. Dans le cas contraire, *SAIGA APPLICACIONS *HIDRAULICAS Slse se r\u00e9serve le droit de refuser le retour. Les frais de retour seront \u00e0 la charge du Client, sauf erreur de notre part lors de l&rsquo;envoi du mat\u00e9riel en ne faisant pas correspondre le mat\u00e9riel envoy\u00e9 avec la facture pro forma accept\u00e9e.<\/p>\n<p>Sauf dans le cas o\u00f9 le mat\u00e9riel envoy\u00e9 ne correspond pas \u00e0 la facture pro forma accept\u00e9e, les retours seront trait\u00e9s comme un solde en faveur du client qui restera dans les commandes futures. Les remboursements ne seront pas effectu\u00e9s par virement bancaire.<\/p>\n<p>GARANTIES<\/p>\n<p>Le mat\u00e9riel distribu\u00e9 par *SAIGA APPLICACIONS *HIDRAULICAS SL b\u00e9n\u00e9ficie d&rsquo;une garantie de 3 mois pour les produits d&rsquo;occasion et d&rsquo;un an pour les *neufs. Si le produit est d\u00e9fectueux pendant cette p\u00e9riode,<\/p>\n<p>*SAIGA APPLICACIONS *HIDRAULICAS SL le r\u00e9parera ou le remplacera dans un d\u00e9lai raisonnable gr\u00e2ce \u00e0 une proc\u00e9dure *RMA.<\/p>\n<p>La garantie ne sera pas valable en cas de :<\/p>\n<p>Dommages ou d\u00e9fauts r\u00e9sultant d\u2019une mauvaise utilisation, fonctionnement ou manipulation du produit et non dus \u00e0 une utilisation normale du produit.<br \/>\nAccidents, incendies, liquides, produits chimiques, autres substances, inondations, vibrations, chaleur excessive, ventilation inad\u00e9quate, surcharges \u00e9lectriques, tension ou alimentation en tension excessive ou incorrecte, rayonnement, d\u00e9charges \u00e9lectrostatiques, y compris la foudre, autres forces et impacts externes.<br \/>\nR\u00e9parations effectu\u00e9es ou tentatives de r\u00e9paration.<\/p>\n<p>*PROC\u00c9DURE RMA<\/p>\n<p>Pour lancer une proc\u00e9dure *RMA, le Client doit nous transmettre les donn\u00e9es d&rsquo;incident sur l&rsquo;\u00e9quipement *ainsi que le num\u00e9ro de s\u00e9rie de celui-ci.<\/p>\n<p>Une fois qu&rsquo;il aura \u00e9t\u00e9 v\u00e9rifi\u00e9 que l&rsquo;article est dans la p\u00e9riode de garantie, le Client recevra un num\u00e9ro *RMA et un document \u00e0 joindre au mat\u00e9riel d\u00e9fectueux. Le Client devra nous renvoyer le mat\u00e9riel franco lorsque nous le lui demanderons et nous lui retournerons le mat\u00e9riel r\u00e9par\u00e9 ou neuf (selon le d\u00e9faut) franco dans ce cas par<\/p>\n<p>*SAIGA APPLICACIONS *HIDRAULICAS SL Dans le cas o\u00f9 aucune anomalie ne serait constat\u00e9e \u00e0 la r\u00e9ception du mat\u00e9riel, celui-ci sera retourn\u00e9 au client dans les d\u00e9lais requis.<\/p>\n<p>Il est essentiel d&rsquo;inclure la bo\u00eete d&rsquo;origine du produit (toute documentation suppl\u00e9mentaire, y compris les courriers, doit \u00eatre appos\u00e9e sur un emballage ext\u00e9rieur laissant l&#8217;emballage d&rsquo;origine intact) et tous ses accessoires\/composants (c\u00e2bles, c\u00e2bles r\u00e9seau, alimentations, combin\u00e9 en \u00e9tui). de t\u00e9l\u00e9phones, de base sans fil, etc.) L&rsquo;absence d&rsquo;une pi\u00e8ce peut retarder et m\u00eame paralyser le processus *RMA.<\/p>\n<p>FORCE MAJEURE<br \/>\nNous n&rsquo;acceptons aucune responsabilit\u00e9 pour les retards (y compris les livraisons ou les services) caus\u00e9s par des circonstances ind\u00e9pendantes de notre volont\u00e9 et nous aurons droit dans ce cas \u00e0 une prolongation de l&rsquo;ex\u00e9cution&nbsp;; Des exemples de telles circonstances incluent, sans s&rsquo;y limiter, les gr\u00e8ves, les probl\u00e8mes de transport, d&rsquo;approvisionnement ou de production, les fluctuations des taux de change, les actions gouvernementales et les catastrophes naturelles. Si la cause durait plus de 2 mois, cet accord pourrait \u00eatre r\u00e9solu par l&rsquo;une ou l&rsquo;autre des parties, sans droit \u00e0 indemnisation.<\/p>\n<p>JURIDICTION<br \/>\nLes pr\u00e9sentes conditions seront r\u00e9gies par la loi espagnole.<\/p>\n<p>Pour la r\u00e9solution de tout doute, divergence ou divergence qui pourrait surgir dans l&rsquo;ex\u00e9cution et l&rsquo;interpr\u00e9tation des pr\u00e9sentes Conditions de Vente, les parties se soumettent aux Cours et Tribunaux de la ville de Figueres, renon\u00e7ant \u00e0 tout autre qui pourrait leur \u00eatre applicable.<\/p>\n","protected":false},"excerpt":{"rendered":"<p>CONDITIONS GENERALES DE VENTE *CHAMP D&rsquo;APPLICATION Les pr\u00e9sentes Conditions G\u00e9n\u00e9rales sont applicables aux commandes que vous passez chez *SAIGA APPLICACIONS *HIDRAULICAS SL dont le si\u00e8ge social est situ\u00e9 \u00e0 *CRTA. N-II KM.1,4. CP\/17771. Province \/ G\u00e9rone. Population \/ SANTA *LOGAIA D&rsquo;*\u00c1LGUEMA. Cela inclut toute vente ou service d\u00e9crit dans nos brochures, listes de prix, publicit\u00e9s,&#8230;<\/p>\n","protected":false},"author":1,"featured_media":0,"parent":0,"menu_order":0,"comment_status":"closed","ping_status":"closed","template":"templates\/full-width.php","meta":{"footnotes":""},"class_list":["post-6535","page","type-page","status-publish","hentry"],"yoast_head":"<!-- This site is optimized with the Yoast SEO plugin v27.3 - https:\/\/yoast.com\/product\/yoast-seo-wordpress\/ -->\n<title>Conditions de vente | SAIGA<\/title>\n<meta name=\"robots\" content=\"noindex, nofollow\" \/>\n<meta property=\"og:locale\" content=\"fr_FR\" \/>\n<meta property=\"og:type\" content=\"article\" \/>\n<meta property=\"og:title\" content=\"Conditions de vente | SAIGA\" \/>\n<meta property=\"og:description\" content=\"CONDITIONS GENERALES DE VENTE *CHAMP D&rsquo;APPLICATION Les pr\u00e9sentes Conditions G\u00e9n\u00e9rales sont applicables aux commandes que vous passez chez *SAIGA APPLICACIONS *HIDRAULICAS SL dont le si\u00e8ge social est situ\u00e9 \u00e0 *CRTA. N-II KM.1,4. CP\/17771. Province \/ G\u00e9rone. Population \/ SANTA *LOGAIA D&rsquo;*\u00c1LGUEMA. Cela inclut toute vente ou service d\u00e9crit dans nos brochures, listes de prix, publicit\u00e9s,...\" \/>\n<meta property=\"og:url\" content=\"https:\/\/saiga.es\/fr\/conditions-de-vente\/\" \/>\n<meta property=\"og:site_name\" content=\"SAIGA\" \/>\n<meta property=\"article:modified_time\" content=\"2024-01-10T09:29:33+00:00\" \/>\n<meta property=\"og:image\" content=\"https:\/\/saiga.es\/wp-content\/uploads\/2023\/11\/opengraph_saiga.jpg\" \/>\n\t<meta property=\"og:image:width\" content=\"1200\" \/>\n\t<meta property=\"og:image:height\" content=\"627\" \/>\n\t<meta property=\"og:image:type\" content=\"image\/jpeg\" \/>\n<meta name=\"twitter:card\" content=\"summary_large_image\" \/>\n<meta name=\"twitter:site\" content=\"@saiga_agro\" \/>\n<meta name=\"twitter:label1\" content=\"Dur\u00e9e de lecture estim\u00e9e\" \/>\n\t<meta name=\"twitter:data1\" content=\"8 minutes\" \/>\n<script type=\"application\/ld+json\" class=\"yoast-schema-graph\">{\"@context\":\"https:\\\/\\\/schema.org\",\"@graph\":[{\"@type\":\"WebPage\",\"@id\":\"https:\\\/\\\/saiga.es\\\/fr\\\/conditions-de-vente\\\/\",\"url\":\"https:\\\/\\\/saiga.es\\\/fr\\\/conditions-de-vente\\\/\",\"name\":\"Conditions de vente | SAIGA\",\"isPartOf\":{\"@id\":\"https:\\\/\\\/saiga.es\\\/fr\\\/#website\"},\"datePublished\":\"2018-11-20T15:03:43+00:00\",\"dateModified\":\"2024-01-10T09:29:33+00:00\",\"breadcrumb\":{\"@id\":\"https:\\\/\\\/saiga.es\\\/fr\\\/conditions-de-vente\\\/#breadcrumb\"},\"inLanguage\":\"fr-FR\",\"potentialAction\":[{\"@type\":\"ReadAction\",\"target\":[\"https:\\\/\\\/saiga.es\\\/fr\\\/conditions-de-vente\\\/\"]}]},{\"@type\":\"BreadcrumbList\",\"@id\":\"https:\\\/\\\/saiga.es\\\/fr\\\/conditions-de-vente\\\/#breadcrumb\",\"itemListElement\":[{\"@type\":\"ListItem\",\"position\":1,\"name\":\"Inici\",\"item\":\"https:\\\/\\\/saiga.es\\\/fr\\\/\"},{\"@type\":\"ListItem\",\"position\":2,\"name\":\"Conditions de vente\"}]},{\"@type\":\"WebSite\",\"@id\":\"https:\\\/\\\/saiga.es\\\/fr\\\/#website\",\"url\":\"https:\\\/\\\/saiga.es\\\/fr\\\/\",\"name\":\"SAIGA\",\"description\":\"M\u00e9s de 50 anys al servei de la terra i treballant per a un \u00fas eficient de l\u2019aigua!\",\"publisher\":{\"@id\":\"https:\\\/\\\/saiga.es\\\/fr\\\/#organization\"},\"potentialAction\":[{\"@type\":\"SearchAction\",\"target\":{\"@type\":\"EntryPoint\",\"urlTemplate\":\"https:\\\/\\\/saiga.es\\\/fr\\\/?s={search_term_string}\"},\"query-input\":{\"@type\":\"PropertyValueSpecification\",\"valueRequired\":true,\"valueName\":\"search_term_string\"}}],\"inLanguage\":\"fr-FR\"},{\"@type\":\"Organization\",\"@id\":\"https:\\\/\\\/saiga.es\\\/fr\\\/#organization\",\"name\":\"SAIGA\",\"url\":\"https:\\\/\\\/saiga.es\\\/fr\\\/\",\"logo\":{\"@type\":\"ImageObject\",\"inLanguage\":\"fr-FR\",\"@id\":\"https:\\\/\\\/saiga.es\\\/fr\\\/#\\\/schema\\\/logo\\\/image\\\/\",\"url\":\"https:\\\/\\\/saiga.es\\\/wp-content\\\/uploads\\\/2025\\\/07\\\/logo_saiga_baseline_optimitzat.svg\",\"contentUrl\":\"https:\\\/\\\/saiga.es\\\/wp-content\\\/uploads\\\/2025\\\/07\\\/logo_saiga_baseline_optimitzat.svg\",\"caption\":\"SAIGA\"},\"image\":{\"@id\":\"https:\\\/\\\/saiga.es\\\/fr\\\/#\\\/schema\\\/logo\\\/image\\\/\"},\"sameAs\":[\"https:\\\/\\\/x.com\\\/saiga_agro\",\"https:\\\/\\\/www.instagram.com\\\/saiga_agro\\\/\"]}]}<\/script>\n<!-- \/ Yoast SEO plugin. -->","yoast_head_json":{"title":"Conditions de vente | SAIGA","robots":{"index":"noindex","follow":"nofollow"},"og_locale":"fr_FR","og_type":"article","og_title":"Conditions de vente | SAIGA","og_description":"CONDITIONS GENERALES DE VENTE *CHAMP D&rsquo;APPLICATION Les pr\u00e9sentes Conditions G\u00e9n\u00e9rales sont applicables aux commandes que vous passez chez *SAIGA APPLICACIONS *HIDRAULICAS SL dont le si\u00e8ge social est situ\u00e9 \u00e0 *CRTA. N-II KM.1,4. CP\/17771. Province \/ G\u00e9rone. Population \/ SANTA *LOGAIA D&rsquo;*\u00c1LGUEMA. Cela inclut toute vente ou service d\u00e9crit dans nos brochures, listes de prix, publicit\u00e9s,...","og_url":"https:\/\/saiga.es\/fr\/conditions-de-vente\/","og_site_name":"SAIGA","article_modified_time":"2024-01-10T09:29:33+00:00","og_image":[{"width":1200,"height":627,"url":"https:\/\/saiga.es\/wp-content\/uploads\/2023\/11\/opengraph_saiga.jpg","type":"image\/jpeg"}],"twitter_card":"summary_large_image","twitter_site":"@saiga_agro","twitter_misc":{"Dur\u00e9e de lecture estim\u00e9e":"8 minutes"},"schema":{"@context":"https:\/\/schema.org","@graph":[{"@type":"WebPage","@id":"https:\/\/saiga.es\/fr\/conditions-de-vente\/","url":"https:\/\/saiga.es\/fr\/conditions-de-vente\/","name":"Conditions de vente | SAIGA","isPartOf":{"@id":"https:\/\/saiga.es\/fr\/#website"},"datePublished":"2018-11-20T15:03:43+00:00","dateModified":"2024-01-10T09:29:33+00:00","breadcrumb":{"@id":"https:\/\/saiga.es\/fr\/conditions-de-vente\/#breadcrumb"},"inLanguage":"fr-FR","potentialAction":[{"@type":"ReadAction","target":["https:\/\/saiga.es\/fr\/conditions-de-vente\/"]}]},{"@type":"BreadcrumbList","@id":"https:\/\/saiga.es\/fr\/conditions-de-vente\/#breadcrumb","itemListElement":[{"@type":"ListItem","position":1,"name":"Inici","item":"https:\/\/saiga.es\/fr\/"},{"@type":"ListItem","position":2,"name":"Conditions de vente"}]},{"@type":"WebSite","@id":"https:\/\/saiga.es\/fr\/#website","url":"https:\/\/saiga.es\/fr\/","name":"SAIGA","description":"M\u00e9s de 50 anys al servei de la terra i treballant per a un \u00fas eficient de l\u2019aigua!","publisher":{"@id":"https:\/\/saiga.es\/fr\/#organization"},"potentialAction":[{"@type":"SearchAction","target":{"@type":"EntryPoint","urlTemplate":"https:\/\/saiga.es\/fr\/?s={search_term_string}"},"query-input":{"@type":"PropertyValueSpecification","valueRequired":true,"valueName":"search_term_string"}}],"inLanguage":"fr-FR"},{"@type":"Organization","@id":"https:\/\/saiga.es\/fr\/#organization","name":"SAIGA","url":"https:\/\/saiga.es\/fr\/","logo":{"@type":"ImageObject","inLanguage":"fr-FR","@id":"https:\/\/saiga.es\/fr\/#\/schema\/logo\/image\/","url":"https:\/\/saiga.es\/wp-content\/uploads\/2025\/07\/logo_saiga_baseline_optimitzat.svg","contentUrl":"https:\/\/saiga.es\/wp-content\/uploads\/2025\/07\/logo_saiga_baseline_optimitzat.svg","caption":"SAIGA"},"image":{"@id":"https:\/\/saiga.es\/fr\/#\/schema\/logo\/image\/"},"sameAs":["https:\/\/x.com\/saiga_agro","https:\/\/www.instagram.com\/saiga_agro\/"]}]}},"_links":{"self":[{"href":"https:\/\/saiga.es\/fr\/wp-json\/wp\/v2\/pages\/6535","targetHints":{"allow":["GET"]}}],"collection":[{"href":"https:\/\/saiga.es\/fr\/wp-json\/wp\/v2\/pages"}],"about":[{"href":"https:\/\/saiga.es\/fr\/wp-json\/wp\/v2\/types\/page"}],"author":[{"embeddable":true,"href":"https:\/\/saiga.es\/fr\/wp-json\/wp\/v2\/users\/1"}],"replies":[{"embeddable":true,"href":"https:\/\/saiga.es\/fr\/wp-json\/wp\/v2\/comments?post=6535"}],"version-history":[{"count":1,"href":"https:\/\/saiga.es\/fr\/wp-json\/wp\/v2\/pages\/6535\/revisions"}],"predecessor-version":[{"id":6537,"href":"https:\/\/saiga.es\/fr\/wp-json\/wp\/v2\/pages\/6535\/revisions\/6537"}],"wp:attachment":[{"href":"https:\/\/saiga.es\/fr\/wp-json\/wp\/v2\/media?parent=6535"}],"curies":[{"name":"wp","href":"https:\/\/api.w.org\/{rel}","templated":true}]}}