{"id":10098,"date":"2024-05-13T13:16:33","date_gmt":"2024-05-13T13:16:33","guid":{"rendered":"https:\/\/botiga.saiga.es\/producte\/rouleau-de-ligne-technique-16-32-2\/"},"modified":"2024-05-13T13:16:33","modified_gmt":"2024-05-13T13:16:33","slug":"rouleau-de-ligne-technique-16-32-2","status":"publish","type":"product","link":"https:\/\/saiga.es\/fr\/produit\/rouleau-de-ligne-technique-16-32-2\/","title":{"rendered":"Rouleau de ligne technique 16\/32\/2"},"content":{"rendered":"<p>Rouleau Tech-line 16\/32\/2 en marron et 16 mm de diam\u00e8tre. Livr\u00e9 en bobines de diff\u00e9rentes tailles, longueurs de 25 et 50 m\u00e8tres.<\/p>\n","protected":false},"excerpt":{"rendered":"<p>Rouleau Tech-line 16\/3\/2 de couleur marron et 16 mm de diam\u00e8tre. Livr\u00e9 en bobines de diff\u00e9rentes tailles, longueurs de 25 et 50 m\u00e8tres.<\/p>\n","protected":false},"featured_media":7561,"comment_status":"open","ping_status":"closed","template":"","meta":[],"product_brand":[],"product_cat":[2000],"product_tag":[834,824,1433,1428],"class_list":{"0":"post-10098","1":"product","2":"type-product","3":"status-publish","4":"has-post-thumbnail","6":"product_cat-tuyaux-dirrigation","7":"product_tag-arrosage-automatique-fr","8":"product_tag-reg-fr","9":"product_tag-serpentin-dirrigation","10":"product_tag-tuyau-darrosage","12":"first","13":"instock","14":"taxable","15":"shipping-taxable","16":"purchasable","17":"product-type-variable"},"yoast_head":"<!-- This site is optimized with the Yoast SEO plugin v27.3 - https:\/\/yoast.com\/product\/yoast-seo-wordpress\/ -->\n<title>Rouleau de ligne technique 16\/32\/2 | SAIGA<\/title>\n<meta name=\"description\" content=\"Rouleau Tech-line 16\/3\/2 de couleur marron et 16 mm de diam\u00e8tre. Livr\u00e9 en bobines de diff\u00e9rentes tailles, longueurs de 25 et 50 m\u00e8tres.\" \/>\n<meta name=\"robots\" content=\"index, follow, max-snippet:-1, max-image-preview:large, max-video-preview:-1\" \/>\n<link rel=\"canonical\" href=\"https:\/\/saiga.es\/fr\/produit\/rouleau-de-ligne-technique-16-32-2\/\" \/>\n<meta property=\"og:locale\" content=\"fr_FR\" \/>\n<meta property=\"og:type\" content=\"article\" \/>\n<meta property=\"og:title\" content=\"Rouleau de ligne technique 16\/32\/2 | SAIGA\" \/>\n<meta property=\"og:description\" content=\"Rouleau Tech-line 16\/3\/2 de couleur marron et 16 mm de diam\u00e8tre. Livr\u00e9 en bobines de diff\u00e9rentes tailles, longueurs de 25 et 50 m\u00e8tres.\" \/>\n<meta property=\"og:url\" content=\"https:\/\/saiga.es\/fr\/produit\/rouleau-de-ligne-technique-16-32-2\/\" \/>\n<meta property=\"og:site_name\" content=\"SAIGA\" \/>\n<meta property=\"og:image\" content=\"https:\/\/saiga.es\/wp-content\/uploads\/2023\/11\/Tech-line-17-50-2.3.jpeg\" \/>\n\t<meta property=\"og:image:width\" content=\"1536\" \/>\n\t<meta property=\"og:image:height\" content=\"2048\" \/>\n\t<meta property=\"og:image:type\" content=\"image\/jpeg\" \/>\n<meta name=\"twitter:card\" content=\"summary_large_image\" \/>\n<meta name=\"twitter:site\" content=\"@saiga_agro\" \/>\n<script type=\"application\/ld+json\" class=\"yoast-schema-graph\">{\"@context\":\"https:\\\/\\\/schema.org\",\"@graph\":[{\"@type\":\"WebPage\",\"@id\":\"https:\\\/\\\/saiga.es\\\/fr\\\/produit\\\/rouleau-de-ligne-technique-16-32-2\\\/\",\"url\":\"https:\\\/\\\/saiga.es\\\/fr\\\/produit\\\/rouleau-de-ligne-technique-16-32-2\\\/\",\"name\":\"Rouleau de ligne technique 16\\\/32\\\/2 | SAIGA\",\"isPartOf\":{\"@id\":\"https:\\\/\\\/saiga.es\\\/fr\\\/#website\"},\"primaryImageOfPage\":{\"@id\":\"https:\\\/\\\/saiga.es\\\/fr\\\/produit\\\/rouleau-de-ligne-technique-16-32-2\\\/#primaryimage\"},\"image\":{\"@id\":\"https:\\\/\\\/saiga.es\\\/fr\\\/produit\\\/rouleau-de-ligne-technique-16-32-2\\\/#primaryimage\"},\"thumbnailUrl\":\"https:\\\/\\\/saiga.es\\\/wp-content\\\/uploads\\\/2023\\\/11\\\/Tech-line-17-50-2.3.jpeg\",\"datePublished\":\"2024-05-13T13:16:33+00:00\",\"description\":\"Rouleau Tech-line 16\\\/3\\\/2 de couleur marron et 16 mm de diam\u00e8tre. Livr\u00e9 en bobines de diff\u00e9rentes tailles, longueurs de 25 et 50 m\u00e8tres.\",\"breadcrumb\":{\"@id\":\"https:\\\/\\\/saiga.es\\\/fr\\\/produit\\\/rouleau-de-ligne-technique-16-32-2\\\/#breadcrumb\"},\"inLanguage\":\"fr-FR\",\"potentialAction\":[{\"@type\":\"ReadAction\",\"target\":[\"https:\\\/\\\/saiga.es\\\/fr\\\/produit\\\/rouleau-de-ligne-technique-16-32-2\\\/\"]}]},{\"@type\":\"ImageObject\",\"inLanguage\":\"fr-FR\",\"@id\":\"https:\\\/\\\/saiga.es\\\/fr\\\/produit\\\/rouleau-de-ligne-technique-16-32-2\\\/#primaryimage\",\"url\":\"https:\\\/\\\/saiga.es\\\/wp-content\\\/uploads\\\/2023\\\/11\\\/Tech-line-17-50-2.3.jpeg\",\"contentUrl\":\"https:\\\/\\\/saiga.es\\\/wp-content\\\/uploads\\\/2023\\\/11\\\/Tech-line-17-50-2.3.jpeg\",\"width\":1536,\"height\":2048,\"caption\":\"Rouleau tech-line 16\\\/32\\\/2\"},{\"@type\":\"BreadcrumbList\",\"@id\":\"https:\\\/\\\/saiga.es\\\/fr\\\/produit\\\/rouleau-de-ligne-technique-16-32-2\\\/#breadcrumb\",\"itemListElement\":[{\"@type\":\"ListItem\",\"position\":1,\"name\":\"Inici\",\"item\":\"https:\\\/\\\/saiga.es\\\/fr\\\/\"},{\"@type\":\"ListItem\",\"position\":2,\"name\":\"boutique\",\"item\":\"https:\\\/\\\/saiga.es\\\/fr\\\/boutique\\\/\"},{\"@type\":\"ListItem\",\"position\":3,\"name\":\"Rouleau de ligne technique 16\\\/32\\\/2\"}]},{\"@type\":\"WebSite\",\"@id\":\"https:\\\/\\\/saiga.es\\\/fr\\\/#website\",\"url\":\"https:\\\/\\\/saiga.es\\\/fr\\\/\",\"name\":\"SAIGA\",\"description\":\"M\u00e9s de 50 anys al servei de la terra i treballant per a un \u00fas eficient de l\u2019aigua!\",\"publisher\":{\"@id\":\"https:\\\/\\\/saiga.es\\\/fr\\\/#organization\"},\"potentialAction\":[{\"@type\":\"SearchAction\",\"target\":{\"@type\":\"EntryPoint\",\"urlTemplate\":\"https:\\\/\\\/saiga.es\\\/fr\\\/?s={search_term_string}\"},\"query-input\":{\"@type\":\"PropertyValueSpecification\",\"valueRequired\":true,\"valueName\":\"search_term_string\"}}],\"inLanguage\":\"fr-FR\"},{\"@type\":\"Organization\",\"@id\":\"https:\\\/\\\/saiga.es\\\/fr\\\/#organization\",\"name\":\"SAIGA\",\"url\":\"https:\\\/\\\/saiga.es\\\/fr\\\/\",\"logo\":{\"@type\":\"ImageObject\",\"inLanguage\":\"fr-FR\",\"@id\":\"https:\\\/\\\/saiga.es\\\/fr\\\/#\\\/schema\\\/logo\\\/image\\\/\",\"url\":\"https:\\\/\\\/saiga.es\\\/wp-content\\\/uploads\\\/2025\\\/07\\\/logo_saiga_baseline_optimitzat.svg\",\"contentUrl\":\"https:\\\/\\\/saiga.es\\\/wp-content\\\/uploads\\\/2025\\\/07\\\/logo_saiga_baseline_optimitzat.svg\",\"caption\":\"SAIGA\"},\"image\":{\"@id\":\"https:\\\/\\\/saiga.es\\\/fr\\\/#\\\/schema\\\/logo\\\/image\\\/\"},\"sameAs\":[\"https:\\\/\\\/x.com\\\/saiga_agro\",\"https:\\\/\\\/www.instagram.com\\\/saiga_agro\\\/\"]}]}<\/script>\n<!-- \/ Yoast SEO plugin. -->","yoast_head_json":{"title":"Rouleau de ligne technique 16\/32\/2 | SAIGA","description":"Rouleau Tech-line 16\/3\/2 de couleur marron et 16 mm de diam\u00e8tre. Livr\u00e9 en bobines de diff\u00e9rentes tailles, longueurs de 25 et 50 m\u00e8tres.","robots":{"index":"index","follow":"follow","max-snippet":"max-snippet:-1","max-image-preview":"max-image-preview:large","max-video-preview":"max-video-preview:-1"},"canonical":"https:\/\/saiga.es\/fr\/produit\/rouleau-de-ligne-technique-16-32-2\/","og_locale":"fr_FR","og_type":"article","og_title":"Rouleau de ligne technique 16\/32\/2 | SAIGA","og_description":"Rouleau Tech-line 16\/3\/2 de couleur marron et 16 mm de diam\u00e8tre. Livr\u00e9 en bobines de diff\u00e9rentes tailles, longueurs de 25 et 50 m\u00e8tres.","og_url":"https:\/\/saiga.es\/fr\/produit\/rouleau-de-ligne-technique-16-32-2\/","og_site_name":"SAIGA","og_image":[{"width":1536,"height":2048,"url":"https:\/\/saiga.es\/wp-content\/uploads\/2023\/11\/Tech-line-17-50-2.3.jpeg","type":"image\/jpeg"}],"twitter_card":"summary_large_image","twitter_site":"@saiga_agro","schema":{"@context":"https:\/\/schema.org","@graph":[{"@type":"WebPage","@id":"https:\/\/saiga.es\/fr\/produit\/rouleau-de-ligne-technique-16-32-2\/","url":"https:\/\/saiga.es\/fr\/produit\/rouleau-de-ligne-technique-16-32-2\/","name":"Rouleau de ligne technique 16\/32\/2 | SAIGA","isPartOf":{"@id":"https:\/\/saiga.es\/fr\/#website"},"primaryImageOfPage":{"@id":"https:\/\/saiga.es\/fr\/produit\/rouleau-de-ligne-technique-16-32-2\/#primaryimage"},"image":{"@id":"https:\/\/saiga.es\/fr\/produit\/rouleau-de-ligne-technique-16-32-2\/#primaryimage"},"thumbnailUrl":"https:\/\/saiga.es\/wp-content\/uploads\/2023\/11\/Tech-line-17-50-2.3.jpeg","datePublished":"2024-05-13T13:16:33+00:00","description":"Rouleau Tech-line 16\/3\/2 de couleur marron et 16 mm de diam\u00e8tre. Livr\u00e9 en bobines de diff\u00e9rentes tailles, longueurs de 25 et 50 m\u00e8tres.","breadcrumb":{"@id":"https:\/\/saiga.es\/fr\/produit\/rouleau-de-ligne-technique-16-32-2\/#breadcrumb"},"inLanguage":"fr-FR","potentialAction":[{"@type":"ReadAction","target":["https:\/\/saiga.es\/fr\/produit\/rouleau-de-ligne-technique-16-32-2\/"]}]},{"@type":"ImageObject","inLanguage":"fr-FR","@id":"https:\/\/saiga.es\/fr\/produit\/rouleau-de-ligne-technique-16-32-2\/#primaryimage","url":"https:\/\/saiga.es\/wp-content\/uploads\/2023\/11\/Tech-line-17-50-2.3.jpeg","contentUrl":"https:\/\/saiga.es\/wp-content\/uploads\/2023\/11\/Tech-line-17-50-2.3.jpeg","width":1536,"height":2048,"caption":"Rouleau tech-line 16\/32\/2"},{"@type":"BreadcrumbList","@id":"https:\/\/saiga.es\/fr\/produit\/rouleau-de-ligne-technique-16-32-2\/#breadcrumb","itemListElement":[{"@type":"ListItem","position":1,"name":"Inici","item":"https:\/\/saiga.es\/fr\/"},{"@type":"ListItem","position":2,"name":"boutique","item":"https:\/\/saiga.es\/fr\/boutique\/"},{"@type":"ListItem","position":3,"name":"Rouleau de ligne technique 16\/32\/2"}]},{"@type":"WebSite","@id":"https:\/\/saiga.es\/fr\/#website","url":"https:\/\/saiga.es\/fr\/","name":"SAIGA","description":"M\u00e9s de 50 anys al servei de la terra i treballant per a un \u00fas eficient de l\u2019aigua!","publisher":{"@id":"https:\/\/saiga.es\/fr\/#organization"},"potentialAction":[{"@type":"SearchAction","target":{"@type":"EntryPoint","urlTemplate":"https:\/\/saiga.es\/fr\/?s={search_term_string}"},"query-input":{"@type":"PropertyValueSpecification","valueRequired":true,"valueName":"search_term_string"}}],"inLanguage":"fr-FR"},{"@type":"Organization","@id":"https:\/\/saiga.es\/fr\/#organization","name":"SAIGA","url":"https:\/\/saiga.es\/fr\/","logo":{"@type":"ImageObject","inLanguage":"fr-FR","@id":"https:\/\/saiga.es\/fr\/#\/schema\/logo\/image\/","url":"https:\/\/saiga.es\/wp-content\/uploads\/2025\/07\/logo_saiga_baseline_optimitzat.svg","contentUrl":"https:\/\/saiga.es\/wp-content\/uploads\/2025\/07\/logo_saiga_baseline_optimitzat.svg","caption":"SAIGA"},"image":{"@id":"https:\/\/saiga.es\/fr\/#\/schema\/logo\/image\/"},"sameAs":["https:\/\/x.com\/saiga_agro","https:\/\/www.instagram.com\/saiga_agro\/"]}]}},"_links":{"self":[{"href":"https:\/\/saiga.es\/fr\/wp-json\/wp\/v2\/product\/10098","targetHints":{"allow":["GET"]}}],"collection":[{"href":"https:\/\/saiga.es\/fr\/wp-json\/wp\/v2\/product"}],"about":[{"href":"https:\/\/saiga.es\/fr\/wp-json\/wp\/v2\/types\/product"}],"replies":[{"embeddable":true,"href":"https:\/\/saiga.es\/fr\/wp-json\/wp\/v2\/comments?post=10098"}],"wp:featuredmedia":[{"embeddable":true,"href":"https:\/\/saiga.es\/fr\/wp-json\/wp\/v2\/media\/7561"}],"wp:attachment":[{"href":"https:\/\/saiga.es\/fr\/wp-json\/wp\/v2\/media?parent=10098"}],"wp:term":[{"taxonomy":"product_brand","embeddable":true,"href":"https:\/\/saiga.es\/fr\/wp-json\/wp\/v2\/product_brand?post=10098"},{"taxonomy":"product_cat","embeddable":true,"href":"https:\/\/saiga.es\/fr\/wp-json\/wp\/v2\/product_cat?post=10098"},{"taxonomy":"product_tag","embeddable":true,"href":"https:\/\/saiga.es\/fr\/wp-json\/wp\/v2\/product_tag?post=10098"}],"curies":[{"name":"wp","href":"https:\/\/api.w.org\/{rel}","templated":true}]}}