{"id":10167,"date":"2024-05-20T10:13:43","date_gmt":"2024-05-20T10:13:43","guid":{"rendered":"https:\/\/botiga.saiga.es\/producte\/joint-coude-j-64\/"},"modified":"2025-10-31T11:02:17","modified_gmt":"2025-10-31T11:02:17","slug":"joint-coude-j-64","status":"publish","type":"product","link":"https:\/\/saiga.es\/fr\/produit\/joint-coude-j-64\/","title":{"rendered":"Joint coud\u00e9 J-64"},"content":{"rendered":"<p>Un joint coud\u00e9 J-64 est une connexion utilis\u00e9e pour joindre deux tuyaux ou tubes \u00e0 un angle de 90 degr\u00e9s. Ce type de connexion est largement utilis\u00e9 dans les syst\u00e8mes de tuyauterie pour permettre des changements de direction d&rsquo;\u00e9coulement des fluides, que ce soit dans des applications domestiques, industrielles ou autres.<\/p>\n","protected":false},"excerpt":{"rendered":"<p>Un joint coud\u00e9 J-64 est une connexion utilis\u00e9e pour joindre deux tuyaux ou tubes selon un angle qui peut \u00eatre de degr\u00e9s diff\u00e9rents. Ce type de connexion est largement utilis\u00e9 dans les syst\u00e8mes de tuyauterie pour permettre des changements de direction d&rsquo;\u00e9coulement des fluides, que ce soit dans des applications domestiques, industrielles ou autres.<\/p>\n","protected":false},"featured_media":15299,"comment_status":"open","ping_status":"closed","template":"","meta":[],"product_brand":[],"product_cat":[1454],"product_tag":[1055,1056,837,839],"class_list":{"0":"post-10167","1":"product","2":"type-product","3":"status-publish","4":"has-post-thumbnail","6":"product_cat-jimten-fr","7":"product_tag-jimten-fr","8":"product_tag-lien","9":"product_tag-polyethylene","10":"product_tag-raccord","12":"first","13":"instock","14":"taxable","15":"shipping-taxable","16":"purchasable","17":"product-type-variable"},"yoast_head":"<!-- This site is optimized with the Yoast SEO plugin v27.4 - https:\/\/yoast.com\/product\/yoast-seo-wordpress\/ -->\n<title>Joint coud\u00e9 J-64 | SAIGA<\/title>\n<meta name=\"description\" content=\"Un joint coud\u00e9 J-64 est une connexion utilis\u00e9e pour joindre deux tuyaux ou tubes \u00e0 un angle de 90 degr\u00e9s. Ce type de connexion est largement utilis\u00e9 dans les syst\u00e8mes de tuyauterie pour permettre des changements de direction d&#039;\u00e9coulement des fluides, que ce soit dans des applications domestiques, industrielles ou autres.\" \/>\n<meta name=\"robots\" content=\"index, follow, max-snippet:-1, max-image-preview:large, max-video-preview:-1\" \/>\n<link rel=\"canonical\" href=\"https:\/\/saiga.es\/fr\/produit\/joint-coude-j-64\/\" \/>\n<meta property=\"og:locale\" content=\"fr_FR\" \/>\n<meta property=\"og:type\" content=\"article\" \/>\n<meta property=\"og:title\" content=\"Joint coud\u00e9 J-64 | SAIGA\" \/>\n<meta property=\"og:description\" content=\"Un joint coud\u00e9 J-64 est une connexion utilis\u00e9e pour joindre deux tuyaux ou tubes \u00e0 un angle de 90 degr\u00e9s. Ce type de connexion est largement utilis\u00e9 dans les syst\u00e8mes de tuyauterie pour permettre des changements de direction d&#039;\u00e9coulement des fluides, que ce soit dans des applications domestiques, industrielles ou autres.\" \/>\n<meta property=\"og:url\" content=\"https:\/\/saiga.es\/fr\/produit\/joint-coude-j-64\/\" \/>\n<meta property=\"og:site_name\" content=\"SAIGA\" \/>\n<meta property=\"article:modified_time\" content=\"2025-10-31T11:02:17+00:00\" \/>\n<meta property=\"og:image\" content=\"https:\/\/saiga.es\/wp-content\/uploads\/2024\/05\/Enllac-colzat-1.jpg\" \/>\n\t<meta property=\"og:image:width\" content=\"1080\" \/>\n\t<meta property=\"og:image:height\" content=\"1080\" \/>\n\t<meta property=\"og:image:type\" content=\"image\/jpeg\" \/>\n<meta name=\"twitter:card\" content=\"summary_large_image\" \/>\n<meta name=\"twitter:site\" content=\"@saiga_agro\" \/>\n<script type=\"application\/ld+json\" class=\"yoast-schema-graph\">{\"@context\":\"https:\\\/\\\/schema.org\",\"@graph\":[{\"@type\":\"WebPage\",\"@id\":\"https:\\\/\\\/saiga.es\\\/fr\\\/produit\\\/joint-coude-j-64\\\/\",\"url\":\"https:\\\/\\\/saiga.es\\\/fr\\\/produit\\\/joint-coude-j-64\\\/\",\"name\":\"Joint coud\u00e9 J-64 | SAIGA\",\"isPartOf\":{\"@id\":\"https:\\\/\\\/saiga.es\\\/fr\\\/#website\"},\"primaryImageOfPage\":{\"@id\":\"https:\\\/\\\/saiga.es\\\/fr\\\/produit\\\/joint-coude-j-64\\\/#primaryimage\"},\"image\":{\"@id\":\"https:\\\/\\\/saiga.es\\\/fr\\\/produit\\\/joint-coude-j-64\\\/#primaryimage\"},\"thumbnailUrl\":\"https:\\\/\\\/saiga.es\\\/wp-content\\\/uploads\\\/2024\\\/05\\\/Enllac-colzat-1.jpg\",\"datePublished\":\"2024-05-20T10:13:43+00:00\",\"dateModified\":\"2025-10-31T11:02:17+00:00\",\"description\":\"Un joint coud\u00e9 J-64 est une connexion utilis\u00e9e pour joindre deux tuyaux ou tubes \u00e0 un angle de 90 degr\u00e9s. Ce type de connexion est largement utilis\u00e9 dans les syst\u00e8mes de tuyauterie pour permettre des changements de direction d'\u00e9coulement des fluides, que ce soit dans des applications domestiques, industrielles ou autres.\",\"breadcrumb\":{\"@id\":\"https:\\\/\\\/saiga.es\\\/fr\\\/produit\\\/joint-coude-j-64\\\/#breadcrumb\"},\"inLanguage\":\"fr-FR\",\"potentialAction\":[{\"@type\":\"ReadAction\",\"target\":[\"https:\\\/\\\/saiga.es\\\/fr\\\/produit\\\/joint-coude-j-64\\\/\"]}]},{\"@type\":\"ImageObject\",\"inLanguage\":\"fr-FR\",\"@id\":\"https:\\\/\\\/saiga.es\\\/fr\\\/produit\\\/joint-coude-j-64\\\/#primaryimage\",\"url\":\"https:\\\/\\\/saiga.es\\\/wp-content\\\/uploads\\\/2024\\\/05\\\/Enllac-colzat-1.jpg\",\"contentUrl\":\"https:\\\/\\\/saiga.es\\\/wp-content\\\/uploads\\\/2024\\\/05\\\/Enllac-colzat-1.jpg\",\"width\":1080,\"height\":1080,\"caption\":\"lien coud\u00e9\"},{\"@type\":\"BreadcrumbList\",\"@id\":\"https:\\\/\\\/saiga.es\\\/fr\\\/produit\\\/joint-coude-j-64\\\/#breadcrumb\",\"itemListElement\":[{\"@type\":\"ListItem\",\"position\":1,\"name\":\"Inici\",\"item\":\"https:\\\/\\\/saiga.es\\\/fr\\\/\"},{\"@type\":\"ListItem\",\"position\":2,\"name\":\"boutique\",\"item\":\"https:\\\/\\\/saiga.es\\\/fr\\\/boutique\\\/\"},{\"@type\":\"ListItem\",\"position\":3,\"name\":\"Joint coud\u00e9 J-64\"}]},{\"@type\":\"WebSite\",\"@id\":\"https:\\\/\\\/saiga.es\\\/fr\\\/#website\",\"url\":\"https:\\\/\\\/saiga.es\\\/fr\\\/\",\"name\":\"SAIGA\",\"description\":\"M\u00e9s de 50 anys al servei de la terra i treballant per a un \u00fas eficient de l\u2019aigua!\",\"publisher\":{\"@id\":\"https:\\\/\\\/saiga.es\\\/fr\\\/#organization\"},\"potentialAction\":[{\"@type\":\"SearchAction\",\"target\":{\"@type\":\"EntryPoint\",\"urlTemplate\":\"https:\\\/\\\/saiga.es\\\/fr\\\/?s={search_term_string}\"},\"query-input\":{\"@type\":\"PropertyValueSpecification\",\"valueRequired\":true,\"valueName\":\"search_term_string\"}}],\"inLanguage\":\"fr-FR\"},{\"@type\":\"Organization\",\"@id\":\"https:\\\/\\\/saiga.es\\\/fr\\\/#organization\",\"name\":\"SAIGA\",\"url\":\"https:\\\/\\\/saiga.es\\\/fr\\\/\",\"logo\":{\"@type\":\"ImageObject\",\"inLanguage\":\"fr-FR\",\"@id\":\"https:\\\/\\\/saiga.es\\\/fr\\\/#\\\/schema\\\/logo\\\/image\\\/\",\"url\":\"https:\\\/\\\/saiga.es\\\/wp-content\\\/uploads\\\/2025\\\/07\\\/logo_saiga_baseline_optimitzat.svg\",\"contentUrl\":\"https:\\\/\\\/saiga.es\\\/wp-content\\\/uploads\\\/2025\\\/07\\\/logo_saiga_baseline_optimitzat.svg\",\"caption\":\"SAIGA\"},\"image\":{\"@id\":\"https:\\\/\\\/saiga.es\\\/fr\\\/#\\\/schema\\\/logo\\\/image\\\/\"},\"sameAs\":[\"https:\\\/\\\/x.com\\\/saiga_agro\",\"https:\\\/\\\/www.instagram.com\\\/saiga_agro\\\/\"]}]}<\/script>\n<!-- \/ Yoast SEO plugin. -->","yoast_head_json":{"title":"Joint coud\u00e9 J-64 | SAIGA","description":"Un joint coud\u00e9 J-64 est une connexion utilis\u00e9e pour joindre deux tuyaux ou tubes \u00e0 un angle de 90 degr\u00e9s. Ce type de connexion est largement utilis\u00e9 dans les syst\u00e8mes de tuyauterie pour permettre des changements de direction d'\u00e9coulement des fluides, que ce soit dans des applications domestiques, industrielles ou autres.","robots":{"index":"index","follow":"follow","max-snippet":"max-snippet:-1","max-image-preview":"max-image-preview:large","max-video-preview":"max-video-preview:-1"},"canonical":"https:\/\/saiga.es\/fr\/produit\/joint-coude-j-64\/","og_locale":"fr_FR","og_type":"article","og_title":"Joint coud\u00e9 J-64 | SAIGA","og_description":"Un joint coud\u00e9 J-64 est une connexion utilis\u00e9e pour joindre deux tuyaux ou tubes \u00e0 un angle de 90 degr\u00e9s. Ce type de connexion est largement utilis\u00e9 dans les syst\u00e8mes de tuyauterie pour permettre des changements de direction d'\u00e9coulement des fluides, que ce soit dans des applications domestiques, industrielles ou autres.","og_url":"https:\/\/saiga.es\/fr\/produit\/joint-coude-j-64\/","og_site_name":"SAIGA","article_modified_time":"2025-10-31T11:02:17+00:00","og_image":[{"width":1080,"height":1080,"url":"https:\/\/saiga.es\/wp-content\/uploads\/2024\/05\/Enllac-colzat-1.jpg","type":"image\/jpeg"}],"twitter_card":"summary_large_image","twitter_site":"@saiga_agro","schema":{"@context":"https:\/\/schema.org","@graph":[{"@type":"WebPage","@id":"https:\/\/saiga.es\/fr\/produit\/joint-coude-j-64\/","url":"https:\/\/saiga.es\/fr\/produit\/joint-coude-j-64\/","name":"Joint coud\u00e9 J-64 | SAIGA","isPartOf":{"@id":"https:\/\/saiga.es\/fr\/#website"},"primaryImageOfPage":{"@id":"https:\/\/saiga.es\/fr\/produit\/joint-coude-j-64\/#primaryimage"},"image":{"@id":"https:\/\/saiga.es\/fr\/produit\/joint-coude-j-64\/#primaryimage"},"thumbnailUrl":"https:\/\/saiga.es\/wp-content\/uploads\/2024\/05\/Enllac-colzat-1.jpg","datePublished":"2024-05-20T10:13:43+00:00","dateModified":"2025-10-31T11:02:17+00:00","description":"Un joint coud\u00e9 J-64 est une connexion utilis\u00e9e pour joindre deux tuyaux ou tubes \u00e0 un angle de 90 degr\u00e9s. Ce type de connexion est largement utilis\u00e9 dans les syst\u00e8mes de tuyauterie pour permettre des changements de direction d'\u00e9coulement des fluides, que ce soit dans des applications domestiques, industrielles ou autres.","breadcrumb":{"@id":"https:\/\/saiga.es\/fr\/produit\/joint-coude-j-64\/#breadcrumb"},"inLanguage":"fr-FR","potentialAction":[{"@type":"ReadAction","target":["https:\/\/saiga.es\/fr\/produit\/joint-coude-j-64\/"]}]},{"@type":"ImageObject","inLanguage":"fr-FR","@id":"https:\/\/saiga.es\/fr\/produit\/joint-coude-j-64\/#primaryimage","url":"https:\/\/saiga.es\/wp-content\/uploads\/2024\/05\/Enllac-colzat-1.jpg","contentUrl":"https:\/\/saiga.es\/wp-content\/uploads\/2024\/05\/Enllac-colzat-1.jpg","width":1080,"height":1080,"caption":"lien coud\u00e9"},{"@type":"BreadcrumbList","@id":"https:\/\/saiga.es\/fr\/produit\/joint-coude-j-64\/#breadcrumb","itemListElement":[{"@type":"ListItem","position":1,"name":"Inici","item":"https:\/\/saiga.es\/fr\/"},{"@type":"ListItem","position":2,"name":"boutique","item":"https:\/\/saiga.es\/fr\/boutique\/"},{"@type":"ListItem","position":3,"name":"Joint coud\u00e9 J-64"}]},{"@type":"WebSite","@id":"https:\/\/saiga.es\/fr\/#website","url":"https:\/\/saiga.es\/fr\/","name":"SAIGA","description":"M\u00e9s de 50 anys al servei de la terra i treballant per a un \u00fas eficient de l\u2019aigua!","publisher":{"@id":"https:\/\/saiga.es\/fr\/#organization"},"potentialAction":[{"@type":"SearchAction","target":{"@type":"EntryPoint","urlTemplate":"https:\/\/saiga.es\/fr\/?s={search_term_string}"},"query-input":{"@type":"PropertyValueSpecification","valueRequired":true,"valueName":"search_term_string"}}],"inLanguage":"fr-FR"},{"@type":"Organization","@id":"https:\/\/saiga.es\/fr\/#organization","name":"SAIGA","url":"https:\/\/saiga.es\/fr\/","logo":{"@type":"ImageObject","inLanguage":"fr-FR","@id":"https:\/\/saiga.es\/fr\/#\/schema\/logo\/image\/","url":"https:\/\/saiga.es\/wp-content\/uploads\/2025\/07\/logo_saiga_baseline_optimitzat.svg","contentUrl":"https:\/\/saiga.es\/wp-content\/uploads\/2025\/07\/logo_saiga_baseline_optimitzat.svg","caption":"SAIGA"},"image":{"@id":"https:\/\/saiga.es\/fr\/#\/schema\/logo\/image\/"},"sameAs":["https:\/\/x.com\/saiga_agro","https:\/\/www.instagram.com\/saiga_agro\/"]}]}},"_links":{"self":[{"href":"https:\/\/saiga.es\/fr\/wp-json\/wp\/v2\/product\/10167","targetHints":{"allow":["GET"]}}],"collection":[{"href":"https:\/\/saiga.es\/fr\/wp-json\/wp\/v2\/product"}],"about":[{"href":"https:\/\/saiga.es\/fr\/wp-json\/wp\/v2\/types\/product"}],"replies":[{"embeddable":true,"href":"https:\/\/saiga.es\/fr\/wp-json\/wp\/v2\/comments?post=10167"}],"wp:featuredmedia":[{"embeddable":true,"href":"https:\/\/saiga.es\/fr\/wp-json\/wp\/v2\/media\/15299"}],"wp:attachment":[{"href":"https:\/\/saiga.es\/fr\/wp-json\/wp\/v2\/media?parent=10167"}],"wp:term":[{"taxonomy":"product_brand","embeddable":true,"href":"https:\/\/saiga.es\/fr\/wp-json\/wp\/v2\/product_brand?post=10167"},{"taxonomy":"product_cat","embeddable":true,"href":"https:\/\/saiga.es\/fr\/wp-json\/wp\/v2\/product_cat?post=10167"},{"taxonomy":"product_tag","embeddable":true,"href":"https:\/\/saiga.es\/fr\/wp-json\/wp\/v2\/product_tag?post=10167"}],"curies":[{"name":"wp","href":"https:\/\/api.w.org\/{rel}","templated":true}]}}