{"id":10196,"date":"2024-05-20T10:50:24","date_gmt":"2024-05-20T10:50:24","guid":{"rendered":"https:\/\/botiga.saiga.es\/producte\/maillon-reduit-j-68\/"},"modified":"2024-05-20T10:50:24","modified_gmt":"2024-05-20T10:50:24","slug":"maillon-reduit-j-68","status":"publish","type":"product","link":"https:\/\/saiga.es\/fr\/produit\/maillon-reduit-j-68\/","title":{"rendered":"Maillon r\u00e9duit J-68"},"content":{"rendered":"<p>Un joint r\u00e9ducteur en poly\u00e9thyl\u00e8ne J-68 est un type de connexion utilis\u00e9 pour joindre deux tuyaux de diam\u00e8tres diff\u00e9rents dans un syst\u00e8me de tuyauterie.<\/p>\n","protected":false},"excerpt":{"rendered":"<p>Un joint r\u00e9ducteur en poly\u00e9thyl\u00e8ne J-68 est un type de connexion utilis\u00e9 pour joindre deux tuyaux de diam\u00e8tres diff\u00e9rents au sein d&rsquo;un syst\u00e8me de tuyauterie. Ce type de connexion est particuli\u00e8rement utile dans les syst\u00e8mes o\u00f9 la taille du tuyau doit \u00eatre modifi\u00e9e pour s&rsquo;adapter \u00e0 diff\u00e9rentes exigences de d\u00e9bit ou de pression.<\/p>\n","protected":false},"featured_media":10194,"comment_status":"closed","ping_status":"closed","template":"","meta":[],"product_brand":[],"product_cat":[1454],"product_tag":[1441],"class_list":{"0":"post-10196","1":"product","2":"type-product","3":"status-publish","4":"has-post-thumbnail","6":"product_cat-jimten-fr","7":"product_tag-lien-reduction-polyethylene","9":"first","10":"instock","11":"taxable","12":"shipping-taxable","13":"purchasable","14":"product-type-variable"},"yoast_head":"<!-- This site is optimized with the Yoast SEO plugin v27.4 - https:\/\/yoast.com\/product\/yoast-seo-wordpress\/ -->\n<title>Maillon r\u00e9duit J-68 | SAIGA<\/title>\n<meta name=\"description\" content=\"Un joint r\u00e9ducteur en poly\u00e9thyl\u00e8ne J-68 est un type de connexion utilis\u00e9 pour joindre deux tuyaux de diam\u00e8tres diff\u00e9rents au sein d&#039;un syst\u00e8me de tuyauterie.\" \/>\n<meta name=\"robots\" content=\"index, follow, max-snippet:-1, max-image-preview:large, max-video-preview:-1\" \/>\n<link rel=\"canonical\" href=\"https:\/\/saiga.es\/fr\/produit\/maillon-reduit-j-68\/\" \/>\n<meta property=\"og:locale\" content=\"fr_FR\" \/>\n<meta property=\"og:type\" content=\"article\" \/>\n<meta property=\"og:title\" content=\"Maillon r\u00e9duit J-68 | SAIGA\" \/>\n<meta property=\"og:description\" content=\"Un joint r\u00e9ducteur en poly\u00e9thyl\u00e8ne J-68 est un type de connexion utilis\u00e9 pour joindre deux tuyaux de diam\u00e8tres diff\u00e9rents au sein d&#039;un syst\u00e8me de tuyauterie.\" \/>\n<meta property=\"og:url\" content=\"https:\/\/saiga.es\/fr\/produit\/maillon-reduit-j-68\/\" \/>\n<meta property=\"og:site_name\" content=\"SAIGA\" \/>\n<meta property=\"og:image\" content=\"https:\/\/saiga.es\/wp-content\/uploads\/2024\/05\/Enllac-reduit.jpg\" \/>\n\t<meta property=\"og:image:width\" content=\"800\" \/>\n\t<meta property=\"og:image:height\" content=\"800\" \/>\n\t<meta property=\"og:image:type\" content=\"image\/jpeg\" \/>\n<meta name=\"twitter:card\" content=\"summary_large_image\" \/>\n<meta name=\"twitter:site\" content=\"@saiga_agro\" \/>\n<script type=\"application\/ld+json\" class=\"yoast-schema-graph\">{\"@context\":\"https:\\\/\\\/schema.org\",\"@graph\":[{\"@type\":\"WebPage\",\"@id\":\"https:\\\/\\\/saiga.es\\\/fr\\\/produit\\\/maillon-reduit-j-68\\\/\",\"url\":\"https:\\\/\\\/saiga.es\\\/fr\\\/produit\\\/maillon-reduit-j-68\\\/\",\"name\":\"Maillon r\u00e9duit J-68 | SAIGA\",\"isPartOf\":{\"@id\":\"https:\\\/\\\/saiga.es\\\/fr\\\/#website\"},\"primaryImageOfPage\":{\"@id\":\"https:\\\/\\\/saiga.es\\\/fr\\\/produit\\\/maillon-reduit-j-68\\\/#primaryimage\"},\"image\":{\"@id\":\"https:\\\/\\\/saiga.es\\\/fr\\\/produit\\\/maillon-reduit-j-68\\\/#primaryimage\"},\"thumbnailUrl\":\"https:\\\/\\\/saiga.es\\\/wp-content\\\/uploads\\\/2024\\\/05\\\/Enllac-reduit.jpg\",\"datePublished\":\"2024-05-20T10:50:24+00:00\",\"description\":\"Un joint r\u00e9ducteur en poly\u00e9thyl\u00e8ne J-68 est un type de connexion utilis\u00e9 pour joindre deux tuyaux de diam\u00e8tres diff\u00e9rents au sein d'un syst\u00e8me de tuyauterie.\",\"breadcrumb\":{\"@id\":\"https:\\\/\\\/saiga.es\\\/fr\\\/produit\\\/maillon-reduit-j-68\\\/#breadcrumb\"},\"inLanguage\":\"fr-FR\",\"potentialAction\":[{\"@type\":\"ReadAction\",\"target\":[\"https:\\\/\\\/saiga.es\\\/fr\\\/produit\\\/maillon-reduit-j-68\\\/\"]}]},{\"@type\":\"ImageObject\",\"inLanguage\":\"fr-FR\",\"@id\":\"https:\\\/\\\/saiga.es\\\/fr\\\/produit\\\/maillon-reduit-j-68\\\/#primaryimage\",\"url\":\"https:\\\/\\\/saiga.es\\\/wp-content\\\/uploads\\\/2024\\\/05\\\/Enllac-reduit.jpg\",\"contentUrl\":\"https:\\\/\\\/saiga.es\\\/wp-content\\\/uploads\\\/2024\\\/05\\\/Enllac-reduit.jpg\",\"width\":800,\"height\":800,\"caption\":\"Lien r\u00e9duit\"},{\"@type\":\"BreadcrumbList\",\"@id\":\"https:\\\/\\\/saiga.es\\\/fr\\\/produit\\\/maillon-reduit-j-68\\\/#breadcrumb\",\"itemListElement\":[{\"@type\":\"ListItem\",\"position\":1,\"name\":\"Inici\",\"item\":\"https:\\\/\\\/saiga.es\\\/fr\\\/\"},{\"@type\":\"ListItem\",\"position\":2,\"name\":\"boutique\",\"item\":\"https:\\\/\\\/saiga.es\\\/fr\\\/boutique\\\/\"},{\"@type\":\"ListItem\",\"position\":3,\"name\":\"Maillon r\u00e9duit J-68\"}]},{\"@type\":\"WebSite\",\"@id\":\"https:\\\/\\\/saiga.es\\\/fr\\\/#website\",\"url\":\"https:\\\/\\\/saiga.es\\\/fr\\\/\",\"name\":\"SAIGA\",\"description\":\"M\u00e9s de 50 anys al servei de la terra i treballant per a un \u00fas eficient de l\u2019aigua!\",\"publisher\":{\"@id\":\"https:\\\/\\\/saiga.es\\\/fr\\\/#organization\"},\"potentialAction\":[{\"@type\":\"SearchAction\",\"target\":{\"@type\":\"EntryPoint\",\"urlTemplate\":\"https:\\\/\\\/saiga.es\\\/fr\\\/?s={search_term_string}\"},\"query-input\":{\"@type\":\"PropertyValueSpecification\",\"valueRequired\":true,\"valueName\":\"search_term_string\"}}],\"inLanguage\":\"fr-FR\"},{\"@type\":\"Organization\",\"@id\":\"https:\\\/\\\/saiga.es\\\/fr\\\/#organization\",\"name\":\"SAIGA\",\"url\":\"https:\\\/\\\/saiga.es\\\/fr\\\/\",\"logo\":{\"@type\":\"ImageObject\",\"inLanguage\":\"fr-FR\",\"@id\":\"https:\\\/\\\/saiga.es\\\/fr\\\/#\\\/schema\\\/logo\\\/image\\\/\",\"url\":\"https:\\\/\\\/saiga.es\\\/wp-content\\\/uploads\\\/2025\\\/07\\\/logo_saiga_baseline_optimitzat.svg\",\"contentUrl\":\"https:\\\/\\\/saiga.es\\\/wp-content\\\/uploads\\\/2025\\\/07\\\/logo_saiga_baseline_optimitzat.svg\",\"caption\":\"SAIGA\"},\"image\":{\"@id\":\"https:\\\/\\\/saiga.es\\\/fr\\\/#\\\/schema\\\/logo\\\/image\\\/\"},\"sameAs\":[\"https:\\\/\\\/x.com\\\/saiga_agro\",\"https:\\\/\\\/www.instagram.com\\\/saiga_agro\\\/\"]}]}<\/script>\n<!-- \/ Yoast SEO plugin. -->","yoast_head_json":{"title":"Maillon r\u00e9duit J-68 | SAIGA","description":"Un joint r\u00e9ducteur en poly\u00e9thyl\u00e8ne J-68 est un type de connexion utilis\u00e9 pour joindre deux tuyaux de diam\u00e8tres diff\u00e9rents au sein d'un syst\u00e8me de tuyauterie.","robots":{"index":"index","follow":"follow","max-snippet":"max-snippet:-1","max-image-preview":"max-image-preview:large","max-video-preview":"max-video-preview:-1"},"canonical":"https:\/\/saiga.es\/fr\/produit\/maillon-reduit-j-68\/","og_locale":"fr_FR","og_type":"article","og_title":"Maillon r\u00e9duit J-68 | SAIGA","og_description":"Un joint r\u00e9ducteur en poly\u00e9thyl\u00e8ne J-68 est un type de connexion utilis\u00e9 pour joindre deux tuyaux de diam\u00e8tres diff\u00e9rents au sein d'un syst\u00e8me de tuyauterie.","og_url":"https:\/\/saiga.es\/fr\/produit\/maillon-reduit-j-68\/","og_site_name":"SAIGA","og_image":[{"width":800,"height":800,"url":"https:\/\/saiga.es\/wp-content\/uploads\/2024\/05\/Enllac-reduit.jpg","type":"image\/jpeg"}],"twitter_card":"summary_large_image","twitter_site":"@saiga_agro","schema":{"@context":"https:\/\/schema.org","@graph":[{"@type":"WebPage","@id":"https:\/\/saiga.es\/fr\/produit\/maillon-reduit-j-68\/","url":"https:\/\/saiga.es\/fr\/produit\/maillon-reduit-j-68\/","name":"Maillon r\u00e9duit J-68 | SAIGA","isPartOf":{"@id":"https:\/\/saiga.es\/fr\/#website"},"primaryImageOfPage":{"@id":"https:\/\/saiga.es\/fr\/produit\/maillon-reduit-j-68\/#primaryimage"},"image":{"@id":"https:\/\/saiga.es\/fr\/produit\/maillon-reduit-j-68\/#primaryimage"},"thumbnailUrl":"https:\/\/saiga.es\/wp-content\/uploads\/2024\/05\/Enllac-reduit.jpg","datePublished":"2024-05-20T10:50:24+00:00","description":"Un joint r\u00e9ducteur en poly\u00e9thyl\u00e8ne J-68 est un type de connexion utilis\u00e9 pour joindre deux tuyaux de diam\u00e8tres diff\u00e9rents au sein d'un syst\u00e8me de tuyauterie.","breadcrumb":{"@id":"https:\/\/saiga.es\/fr\/produit\/maillon-reduit-j-68\/#breadcrumb"},"inLanguage":"fr-FR","potentialAction":[{"@type":"ReadAction","target":["https:\/\/saiga.es\/fr\/produit\/maillon-reduit-j-68\/"]}]},{"@type":"ImageObject","inLanguage":"fr-FR","@id":"https:\/\/saiga.es\/fr\/produit\/maillon-reduit-j-68\/#primaryimage","url":"https:\/\/saiga.es\/wp-content\/uploads\/2024\/05\/Enllac-reduit.jpg","contentUrl":"https:\/\/saiga.es\/wp-content\/uploads\/2024\/05\/Enllac-reduit.jpg","width":800,"height":800,"caption":"Lien r\u00e9duit"},{"@type":"BreadcrumbList","@id":"https:\/\/saiga.es\/fr\/produit\/maillon-reduit-j-68\/#breadcrumb","itemListElement":[{"@type":"ListItem","position":1,"name":"Inici","item":"https:\/\/saiga.es\/fr\/"},{"@type":"ListItem","position":2,"name":"boutique","item":"https:\/\/saiga.es\/fr\/boutique\/"},{"@type":"ListItem","position":3,"name":"Maillon r\u00e9duit J-68"}]},{"@type":"WebSite","@id":"https:\/\/saiga.es\/fr\/#website","url":"https:\/\/saiga.es\/fr\/","name":"SAIGA","description":"M\u00e9s de 50 anys al servei de la terra i treballant per a un \u00fas eficient de l\u2019aigua!","publisher":{"@id":"https:\/\/saiga.es\/fr\/#organization"},"potentialAction":[{"@type":"SearchAction","target":{"@type":"EntryPoint","urlTemplate":"https:\/\/saiga.es\/fr\/?s={search_term_string}"},"query-input":{"@type":"PropertyValueSpecification","valueRequired":true,"valueName":"search_term_string"}}],"inLanguage":"fr-FR"},{"@type":"Organization","@id":"https:\/\/saiga.es\/fr\/#organization","name":"SAIGA","url":"https:\/\/saiga.es\/fr\/","logo":{"@type":"ImageObject","inLanguage":"fr-FR","@id":"https:\/\/saiga.es\/fr\/#\/schema\/logo\/image\/","url":"https:\/\/saiga.es\/wp-content\/uploads\/2025\/07\/logo_saiga_baseline_optimitzat.svg","contentUrl":"https:\/\/saiga.es\/wp-content\/uploads\/2025\/07\/logo_saiga_baseline_optimitzat.svg","caption":"SAIGA"},"image":{"@id":"https:\/\/saiga.es\/fr\/#\/schema\/logo\/image\/"},"sameAs":["https:\/\/x.com\/saiga_agro","https:\/\/www.instagram.com\/saiga_agro\/"]}]}},"_links":{"self":[{"href":"https:\/\/saiga.es\/fr\/wp-json\/wp\/v2\/product\/10196","targetHints":{"allow":["GET"]}}],"collection":[{"href":"https:\/\/saiga.es\/fr\/wp-json\/wp\/v2\/product"}],"about":[{"href":"https:\/\/saiga.es\/fr\/wp-json\/wp\/v2\/types\/product"}],"replies":[{"embeddable":true,"href":"https:\/\/saiga.es\/fr\/wp-json\/wp\/v2\/comments?post=10196"}],"wp:featuredmedia":[{"embeddable":true,"href":"https:\/\/saiga.es\/fr\/wp-json\/wp\/v2\/media\/10194"}],"wp:attachment":[{"href":"https:\/\/saiga.es\/fr\/wp-json\/wp\/v2\/media?parent=10196"}],"wp:term":[{"taxonomy":"product_brand","embeddable":true,"href":"https:\/\/saiga.es\/fr\/wp-json\/wp\/v2\/product_brand?post=10196"},{"taxonomy":"product_cat","embeddable":true,"href":"https:\/\/saiga.es\/fr\/wp-json\/wp\/v2\/product_cat?post=10196"},{"taxonomy":"product_tag","embeddable":true,"href":"https:\/\/saiga.es\/fr\/wp-json\/wp\/v2\/product_tag?post=10196"}],"curies":[{"name":"wp","href":"https:\/\/api.w.org\/{rel}","templated":true}]}}