{"id":10236,"date":"2024-05-20T11:49:13","date_gmt":"2024-05-20T11:49:13","guid":{"rendered":"https:\/\/botiga.saiga.es\/producte\/tu-as-lair-pareil\/"},"modified":"2024-05-20T11:49:13","modified_gmt":"2024-05-20T11:49:13","slug":"tu-as-lair-pareil","status":"publish","type":"product","link":"https:\/\/saiga.es\/fr\/produit\/tu-as-lair-pareil\/","title":{"rendered":"Tu as l&rsquo;air pareil"},"content":{"rendered":"<p>Un T\u00e9 \u00e0 bouches \u00e9gales est un type de connecteur utilis\u00e9 pour joindre deux tuyaux de m\u00eame diam\u00e8tre en ligne droite.<\/p>\n","protected":false},"excerpt":{"rendered":"<p>Un T\u00e9 \u00e0 bouches \u00e9gales est un type de connecteur utilis\u00e9 pour joindre deux tuyaux de m\u00eame diam\u00e8tre en ligne droite.<\/p>\n","protected":false},"featured_media":10226,"comment_status":"open","ping_status":"closed","template":"","meta":[],"product_brand":[],"product_cat":[1454],"product_tag":[],"class_list":{"0":"post-10236","1":"product","2":"type-product","3":"status-publish","4":"has-post-thumbnail","6":"product_cat-jimten-fr","8":"first","9":"instock","10":"taxable","11":"shipping-taxable","12":"purchasable","13":"product-type-variable"},"yoast_head":"<!-- This site is optimized with the Yoast SEO plugin v27.4 - https:\/\/yoast.com\/product\/yoast-seo-wordpress\/ -->\n<title>Tu as l&#039;air pareil | SAIGA<\/title>\n<meta name=\"description\" content=\"Un T\u00e9 \u00e0 bouches \u00e9gales est un type de connecteur utilis\u00e9 pour joindre deux tuyaux de m\u00eame diam\u00e8tre en ligne droite.\" \/>\n<meta name=\"robots\" content=\"index, follow, max-snippet:-1, max-image-preview:large, max-video-preview:-1\" \/>\n<link rel=\"canonical\" href=\"https:\/\/saiga.es\/fr\/produit\/tu-as-lair-pareil\/\" \/>\n<meta property=\"og:locale\" content=\"fr_FR\" \/>\n<meta property=\"og:type\" content=\"article\" \/>\n<meta property=\"og:title\" content=\"Tu as l&#039;air pareil | SAIGA\" \/>\n<meta property=\"og:description\" content=\"Un T\u00e9 \u00e0 bouches \u00e9gales est un type de connecteur utilis\u00e9 pour joindre deux tuyaux de m\u00eame diam\u00e8tre en ligne droite.\" \/>\n<meta property=\"og:url\" content=\"https:\/\/saiga.es\/fr\/produit\/tu-as-lair-pareil\/\" \/>\n<meta property=\"og:site_name\" content=\"SAIGA\" \/>\n<meta property=\"og:image\" content=\"https:\/\/saiga.es\/wp-content\/uploads\/2024\/05\/Te-boques-iguals.jpg\" \/>\n\t<meta property=\"og:image:width\" content=\"800\" \/>\n\t<meta property=\"og:image:height\" content=\"800\" \/>\n\t<meta property=\"og:image:type\" content=\"image\/jpeg\" \/>\n<meta name=\"twitter:card\" content=\"summary_large_image\" \/>\n<meta name=\"twitter:site\" content=\"@saiga_agro\" \/>\n<script type=\"application\/ld+json\" class=\"yoast-schema-graph\">{\"@context\":\"https:\\\/\\\/schema.org\",\"@graph\":[{\"@type\":\"WebPage\",\"@id\":\"https:\\\/\\\/saiga.es\\\/fr\\\/produit\\\/tu-as-lair-pareil\\\/\",\"url\":\"https:\\\/\\\/saiga.es\\\/fr\\\/produit\\\/tu-as-lair-pareil\\\/\",\"name\":\"Tu as l'air pareil | SAIGA\",\"isPartOf\":{\"@id\":\"https:\\\/\\\/saiga.es\\\/fr\\\/#website\"},\"primaryImageOfPage\":{\"@id\":\"https:\\\/\\\/saiga.es\\\/fr\\\/produit\\\/tu-as-lair-pareil\\\/#primaryimage\"},\"image\":{\"@id\":\"https:\\\/\\\/saiga.es\\\/fr\\\/produit\\\/tu-as-lair-pareil\\\/#primaryimage\"},\"thumbnailUrl\":\"https:\\\/\\\/saiga.es\\\/wp-content\\\/uploads\\\/2024\\\/05\\\/Te-boques-iguals.jpg\",\"datePublished\":\"2024-05-20T11:49:13+00:00\",\"description\":\"Un T\u00e9 \u00e0 bouches \u00e9gales est un type de connecteur utilis\u00e9 pour joindre deux tuyaux de m\u00eame diam\u00e8tre en ligne droite.\",\"breadcrumb\":{\"@id\":\"https:\\\/\\\/saiga.es\\\/fr\\\/produit\\\/tu-as-lair-pareil\\\/#breadcrumb\"},\"inLanguage\":\"fr-FR\",\"potentialAction\":[{\"@type\":\"ReadAction\",\"target\":[\"https:\\\/\\\/saiga.es\\\/fr\\\/produit\\\/tu-as-lair-pareil\\\/\"]}]},{\"@type\":\"ImageObject\",\"inLanguage\":\"fr-FR\",\"@id\":\"https:\\\/\\\/saiga.es\\\/fr\\\/produit\\\/tu-as-lair-pareil\\\/#primaryimage\",\"url\":\"https:\\\/\\\/saiga.es\\\/wp-content\\\/uploads\\\/2024\\\/05\\\/Te-boques-iguals.jpg\",\"contentUrl\":\"https:\\\/\\\/saiga.es\\\/wp-content\\\/uploads\\\/2024\\\/05\\\/Te-boques-iguals.jpg\",\"width\":800,\"height\":800,\"caption\":\"Tu as l'air pareil\"},{\"@type\":\"BreadcrumbList\",\"@id\":\"https:\\\/\\\/saiga.es\\\/fr\\\/produit\\\/tu-as-lair-pareil\\\/#breadcrumb\",\"itemListElement\":[{\"@type\":\"ListItem\",\"position\":1,\"name\":\"Inici\",\"item\":\"https:\\\/\\\/saiga.es\\\/fr\\\/\"},{\"@type\":\"ListItem\",\"position\":2,\"name\":\"boutique\",\"item\":\"https:\\\/\\\/saiga.es\\\/fr\\\/boutique\\\/\"},{\"@type\":\"ListItem\",\"position\":3,\"name\":\"Tu as l&#8217;air pareil\"}]},{\"@type\":\"WebSite\",\"@id\":\"https:\\\/\\\/saiga.es\\\/fr\\\/#website\",\"url\":\"https:\\\/\\\/saiga.es\\\/fr\\\/\",\"name\":\"SAIGA\",\"description\":\"M\u00e9s de 50 anys al servei de la terra i treballant per a un \u00fas eficient de l\u2019aigua!\",\"publisher\":{\"@id\":\"https:\\\/\\\/saiga.es\\\/fr\\\/#organization\"},\"potentialAction\":[{\"@type\":\"SearchAction\",\"target\":{\"@type\":\"EntryPoint\",\"urlTemplate\":\"https:\\\/\\\/saiga.es\\\/fr\\\/?s={search_term_string}\"},\"query-input\":{\"@type\":\"PropertyValueSpecification\",\"valueRequired\":true,\"valueName\":\"search_term_string\"}}],\"inLanguage\":\"fr-FR\"},{\"@type\":\"Organization\",\"@id\":\"https:\\\/\\\/saiga.es\\\/fr\\\/#organization\",\"name\":\"SAIGA\",\"url\":\"https:\\\/\\\/saiga.es\\\/fr\\\/\",\"logo\":{\"@type\":\"ImageObject\",\"inLanguage\":\"fr-FR\",\"@id\":\"https:\\\/\\\/saiga.es\\\/fr\\\/#\\\/schema\\\/logo\\\/image\\\/\",\"url\":\"https:\\\/\\\/saiga.es\\\/wp-content\\\/uploads\\\/2025\\\/07\\\/logo_saiga_baseline_optimitzat.svg\",\"contentUrl\":\"https:\\\/\\\/saiga.es\\\/wp-content\\\/uploads\\\/2025\\\/07\\\/logo_saiga_baseline_optimitzat.svg\",\"caption\":\"SAIGA\"},\"image\":{\"@id\":\"https:\\\/\\\/saiga.es\\\/fr\\\/#\\\/schema\\\/logo\\\/image\\\/\"},\"sameAs\":[\"https:\\\/\\\/x.com\\\/saiga_agro\",\"https:\\\/\\\/www.instagram.com\\\/saiga_agro\\\/\"]}]}<\/script>\n<!-- \/ Yoast SEO plugin. -->","yoast_head_json":{"title":"Tu as l'air pareil | SAIGA","description":"Un T\u00e9 \u00e0 bouches \u00e9gales est un type de connecteur utilis\u00e9 pour joindre deux tuyaux de m\u00eame diam\u00e8tre en ligne droite.","robots":{"index":"index","follow":"follow","max-snippet":"max-snippet:-1","max-image-preview":"max-image-preview:large","max-video-preview":"max-video-preview:-1"},"canonical":"https:\/\/saiga.es\/fr\/produit\/tu-as-lair-pareil\/","og_locale":"fr_FR","og_type":"article","og_title":"Tu as l'air pareil | SAIGA","og_description":"Un T\u00e9 \u00e0 bouches \u00e9gales est un type de connecteur utilis\u00e9 pour joindre deux tuyaux de m\u00eame diam\u00e8tre en ligne droite.","og_url":"https:\/\/saiga.es\/fr\/produit\/tu-as-lair-pareil\/","og_site_name":"SAIGA","og_image":[{"width":800,"height":800,"url":"https:\/\/saiga.es\/wp-content\/uploads\/2024\/05\/Te-boques-iguals.jpg","type":"image\/jpeg"}],"twitter_card":"summary_large_image","twitter_site":"@saiga_agro","schema":{"@context":"https:\/\/schema.org","@graph":[{"@type":"WebPage","@id":"https:\/\/saiga.es\/fr\/produit\/tu-as-lair-pareil\/","url":"https:\/\/saiga.es\/fr\/produit\/tu-as-lair-pareil\/","name":"Tu as l'air pareil | SAIGA","isPartOf":{"@id":"https:\/\/saiga.es\/fr\/#website"},"primaryImageOfPage":{"@id":"https:\/\/saiga.es\/fr\/produit\/tu-as-lair-pareil\/#primaryimage"},"image":{"@id":"https:\/\/saiga.es\/fr\/produit\/tu-as-lair-pareil\/#primaryimage"},"thumbnailUrl":"https:\/\/saiga.es\/wp-content\/uploads\/2024\/05\/Te-boques-iguals.jpg","datePublished":"2024-05-20T11:49:13+00:00","description":"Un T\u00e9 \u00e0 bouches \u00e9gales est un type de connecteur utilis\u00e9 pour joindre deux tuyaux de m\u00eame diam\u00e8tre en ligne droite.","breadcrumb":{"@id":"https:\/\/saiga.es\/fr\/produit\/tu-as-lair-pareil\/#breadcrumb"},"inLanguage":"fr-FR","potentialAction":[{"@type":"ReadAction","target":["https:\/\/saiga.es\/fr\/produit\/tu-as-lair-pareil\/"]}]},{"@type":"ImageObject","inLanguage":"fr-FR","@id":"https:\/\/saiga.es\/fr\/produit\/tu-as-lair-pareil\/#primaryimage","url":"https:\/\/saiga.es\/wp-content\/uploads\/2024\/05\/Te-boques-iguals.jpg","contentUrl":"https:\/\/saiga.es\/wp-content\/uploads\/2024\/05\/Te-boques-iguals.jpg","width":800,"height":800,"caption":"Tu as l'air pareil"},{"@type":"BreadcrumbList","@id":"https:\/\/saiga.es\/fr\/produit\/tu-as-lair-pareil\/#breadcrumb","itemListElement":[{"@type":"ListItem","position":1,"name":"Inici","item":"https:\/\/saiga.es\/fr\/"},{"@type":"ListItem","position":2,"name":"boutique","item":"https:\/\/saiga.es\/fr\/boutique\/"},{"@type":"ListItem","position":3,"name":"Tu as l&#8217;air pareil"}]},{"@type":"WebSite","@id":"https:\/\/saiga.es\/fr\/#website","url":"https:\/\/saiga.es\/fr\/","name":"SAIGA","description":"M\u00e9s de 50 anys al servei de la terra i treballant per a un \u00fas eficient de l\u2019aigua!","publisher":{"@id":"https:\/\/saiga.es\/fr\/#organization"},"potentialAction":[{"@type":"SearchAction","target":{"@type":"EntryPoint","urlTemplate":"https:\/\/saiga.es\/fr\/?s={search_term_string}"},"query-input":{"@type":"PropertyValueSpecification","valueRequired":true,"valueName":"search_term_string"}}],"inLanguage":"fr-FR"},{"@type":"Organization","@id":"https:\/\/saiga.es\/fr\/#organization","name":"SAIGA","url":"https:\/\/saiga.es\/fr\/","logo":{"@type":"ImageObject","inLanguage":"fr-FR","@id":"https:\/\/saiga.es\/fr\/#\/schema\/logo\/image\/","url":"https:\/\/saiga.es\/wp-content\/uploads\/2025\/07\/logo_saiga_baseline_optimitzat.svg","contentUrl":"https:\/\/saiga.es\/wp-content\/uploads\/2025\/07\/logo_saiga_baseline_optimitzat.svg","caption":"SAIGA"},"image":{"@id":"https:\/\/saiga.es\/fr\/#\/schema\/logo\/image\/"},"sameAs":["https:\/\/x.com\/saiga_agro","https:\/\/www.instagram.com\/saiga_agro\/"]}]}},"_links":{"self":[{"href":"https:\/\/saiga.es\/fr\/wp-json\/wp\/v2\/product\/10236","targetHints":{"allow":["GET"]}}],"collection":[{"href":"https:\/\/saiga.es\/fr\/wp-json\/wp\/v2\/product"}],"about":[{"href":"https:\/\/saiga.es\/fr\/wp-json\/wp\/v2\/types\/product"}],"replies":[{"embeddable":true,"href":"https:\/\/saiga.es\/fr\/wp-json\/wp\/v2\/comments?post=10236"}],"wp:featuredmedia":[{"embeddable":true,"href":"https:\/\/saiga.es\/fr\/wp-json\/wp\/v2\/media\/10226"}],"wp:attachment":[{"href":"https:\/\/saiga.es\/fr\/wp-json\/wp\/v2\/media?parent=10236"}],"wp:term":[{"taxonomy":"product_brand","embeddable":true,"href":"https:\/\/saiga.es\/fr\/wp-json\/wp\/v2\/product_brand?post=10236"},{"taxonomy":"product_cat","embeddable":true,"href":"https:\/\/saiga.es\/fr\/wp-json\/wp\/v2\/product_cat?post=10236"},{"taxonomy":"product_tag","embeddable":true,"href":"https:\/\/saiga.es\/fr\/wp-json\/wp\/v2\/product_tag?post=10236"}],"curies":[{"name":"wp","href":"https:\/\/api.w.org\/{rel}","templated":true}]}}