{"id":10443,"date":"2024-05-15T13:46:54","date_gmt":"2024-05-15T13:46:54","guid":{"rendered":"https:\/\/botiga.saiga.es\/producte\/detergent-tangit-1l\/"},"modified":"2024-05-15T13:46:54","modified_gmt":"2024-05-15T13:46:54","slug":"detergent-tangit-1l","status":"publish","type":"product","link":"https:\/\/saiga.es\/fr\/produit\/detergent-tangit-1l\/","title":{"rendered":"D\u00e9tergent Tangit 1L"},"content":{"rendered":"<p>D\u00e9tergent Tangit 1L<\/p>\n<p>D\u00e9tergent pour tuyaux et pi\u00e8ces en PVC-U, PVC-C et ABS.<br \/>\nIl est recommand\u00e9 de l&rsquo;utiliser avant de r\u00e9aliser les joints PVC-U avec la colle Tangit.<br \/>\nGrand pouvoir nettoyant, s\u00e8che sans laisser de r\u00e9sidus et contient un solvant de nettoyage de haute puret\u00e9. Non recommand\u00e9 pour le nettoyage des tuyaux en poly\u00e9thyl\u00e8ne assembl\u00e9s ult\u00e9rieurement par soudure. Les lingettes nettoyantes Tangit sont recommand\u00e9es pour cette application.<\/p>\n","protected":false},"excerpt":{"rendered":"<p>D\u00e9tergent Tangit 1L<\/p>\n<p>D\u00e9tergent pour tuyaux et pi\u00e8ces en PVC-U, PVC-C et ABS.<br \/>\nIl est recommand\u00e9 de l&rsquo;utiliser avant de r\u00e9aliser les joints PVC-U avec la colle Tangit.<br \/>\nGrand pouvoir nettoyant, s\u00e8che sans laisser de r\u00e9sidus et contient un solvant de nettoyage de haute puret\u00e9. Non recommand\u00e9 pour le nettoyage des tuyaux en poly\u00e9thyl\u00e8ne assembl\u00e9s ult\u00e9rieurement par soudure. Les lingettes nettoyantes Tangit sont recommand\u00e9es pour cette application.<\/p>\n","protected":false},"featured_media":10121,"comment_status":"open","ping_status":"closed","template":"","meta":[],"product_brand":[],"product_cat":[1325],"product_tag":[],"class_list":{"0":"post-10443","1":"product","2":"type-product","3":"status-publish","4":"has-post-thumbnail","6":"product_cat-diy","8":"first","9":"instock","10":"taxable","11":"shipping-taxable","12":"purchasable","13":"product-type-simple"},"yoast_head":"<!-- This site is optimized with the Yoast SEO plugin v27.3 - https:\/\/yoast.com\/product\/yoast-seo-wordpress\/ -->\n<title>D\u00e9tergent Tangit 1L | SAIGA<\/title>\n<meta name=\"description\" content=\"D\u00e9tergent pour tuyaux et pi\u00e8ces en PVC-U, PVC-C et ABS. Il est recommand\u00e9 de l&#039;utiliser avant de r\u00e9aliser des joints PVC-U avec la colle Tangit.\" \/>\n<meta name=\"robots\" content=\"index, follow, max-snippet:-1, max-image-preview:large, max-video-preview:-1\" \/>\n<link rel=\"canonical\" href=\"https:\/\/saiga.es\/fr\/produit\/detergent-tangit-1l\/\" \/>\n<meta property=\"og:locale\" content=\"fr_FR\" \/>\n<meta property=\"og:type\" content=\"article\" \/>\n<meta property=\"og:title\" content=\"D\u00e9tergent Tangit 1L | SAIGA\" \/>\n<meta property=\"og:description\" content=\"D\u00e9tergent pour tuyaux et pi\u00e8ces en PVC-U, PVC-C et ABS. Il est recommand\u00e9 de l&#039;utiliser avant de r\u00e9aliser des joints PVC-U avec la colle Tangit.\" \/>\n<meta property=\"og:url\" content=\"https:\/\/saiga.es\/fr\/produit\/detergent-tangit-1l\/\" \/>\n<meta property=\"og:site_name\" content=\"SAIGA\" \/>\n<meta property=\"og:image\" content=\"https:\/\/saiga.es\/wp-content\/uploads\/2024\/05\/2136315_Front.jpg\" \/>\n\t<meta property=\"og:image:width\" content=\"1300\" \/>\n\t<meta property=\"og:image:height\" content=\"2000\" \/>\n\t<meta property=\"og:image:type\" content=\"image\/jpeg\" \/>\n<meta name=\"twitter:card\" content=\"summary_large_image\" \/>\n<meta name=\"twitter:site\" content=\"@saiga_agro\" \/>\n<script type=\"application\/ld+json\" class=\"yoast-schema-graph\">{\"@context\":\"https:\\\/\\\/schema.org\",\"@graph\":[{\"@type\":\"WebPage\",\"@id\":\"https:\\\/\\\/saiga.es\\\/fr\\\/produit\\\/detergent-tangit-1l\\\/\",\"url\":\"https:\\\/\\\/saiga.es\\\/fr\\\/produit\\\/detergent-tangit-1l\\\/\",\"name\":\"D\u00e9tergent Tangit 1L | SAIGA\",\"isPartOf\":{\"@id\":\"https:\\\/\\\/saiga.es\\\/fr\\\/#website\"},\"primaryImageOfPage\":{\"@id\":\"https:\\\/\\\/saiga.es\\\/fr\\\/produit\\\/detergent-tangit-1l\\\/#primaryimage\"},\"image\":{\"@id\":\"https:\\\/\\\/saiga.es\\\/fr\\\/produit\\\/detergent-tangit-1l\\\/#primaryimage\"},\"thumbnailUrl\":\"https:\\\/\\\/saiga.es\\\/wp-content\\\/uploads\\\/2024\\\/05\\\/2136315_Front.jpg\",\"datePublished\":\"2024-05-15T13:46:54+00:00\",\"description\":\"D\u00e9tergent pour tuyaux et pi\u00e8ces en PVC-U, PVC-C et ABS. Il est recommand\u00e9 de l'utiliser avant de r\u00e9aliser des joints PVC-U avec la colle Tangit.\",\"breadcrumb\":{\"@id\":\"https:\\\/\\\/saiga.es\\\/fr\\\/produit\\\/detergent-tangit-1l\\\/#breadcrumb\"},\"inLanguage\":\"fr-FR\",\"potentialAction\":[{\"@type\":\"ReadAction\",\"target\":[\"https:\\\/\\\/saiga.es\\\/fr\\\/produit\\\/detergent-tangit-1l\\\/\"]}]},{\"@type\":\"ImageObject\",\"inLanguage\":\"fr-FR\",\"@id\":\"https:\\\/\\\/saiga.es\\\/fr\\\/produit\\\/detergent-tangit-1l\\\/#primaryimage\",\"url\":\"https:\\\/\\\/saiga.es\\\/wp-content\\\/uploads\\\/2024\\\/05\\\/2136315_Front.jpg\",\"contentUrl\":\"https:\\\/\\\/saiga.es\\\/wp-content\\\/uploads\\\/2024\\\/05\\\/2136315_Front.jpg\",\"width\":1300,\"height\":2000},{\"@type\":\"BreadcrumbList\",\"@id\":\"https:\\\/\\\/saiga.es\\\/fr\\\/produit\\\/detergent-tangit-1l\\\/#breadcrumb\",\"itemListElement\":[{\"@type\":\"ListItem\",\"position\":1,\"name\":\"Inici\",\"item\":\"https:\\\/\\\/saiga.es\\\/fr\\\/\"},{\"@type\":\"ListItem\",\"position\":2,\"name\":\"boutique\",\"item\":\"https:\\\/\\\/saiga.es\\\/fr\\\/boutique\\\/\"},{\"@type\":\"ListItem\",\"position\":3,\"name\":\"D\u00e9tergent Tangit 1L\"}]},{\"@type\":\"WebSite\",\"@id\":\"https:\\\/\\\/saiga.es\\\/fr\\\/#website\",\"url\":\"https:\\\/\\\/saiga.es\\\/fr\\\/\",\"name\":\"SAIGA\",\"description\":\"M\u00e9s de 50 anys al servei de la terra i treballant per a un \u00fas eficient de l\u2019aigua!\",\"publisher\":{\"@id\":\"https:\\\/\\\/saiga.es\\\/fr\\\/#organization\"},\"potentialAction\":[{\"@type\":\"SearchAction\",\"target\":{\"@type\":\"EntryPoint\",\"urlTemplate\":\"https:\\\/\\\/saiga.es\\\/fr\\\/?s={search_term_string}\"},\"query-input\":{\"@type\":\"PropertyValueSpecification\",\"valueRequired\":true,\"valueName\":\"search_term_string\"}}],\"inLanguage\":\"fr-FR\"},{\"@type\":\"Organization\",\"@id\":\"https:\\\/\\\/saiga.es\\\/fr\\\/#organization\",\"name\":\"SAIGA\",\"url\":\"https:\\\/\\\/saiga.es\\\/fr\\\/\",\"logo\":{\"@type\":\"ImageObject\",\"inLanguage\":\"fr-FR\",\"@id\":\"https:\\\/\\\/saiga.es\\\/fr\\\/#\\\/schema\\\/logo\\\/image\\\/\",\"url\":\"https:\\\/\\\/saiga.es\\\/wp-content\\\/uploads\\\/2025\\\/07\\\/logo_saiga_baseline_optimitzat.svg\",\"contentUrl\":\"https:\\\/\\\/saiga.es\\\/wp-content\\\/uploads\\\/2025\\\/07\\\/logo_saiga_baseline_optimitzat.svg\",\"caption\":\"SAIGA\"},\"image\":{\"@id\":\"https:\\\/\\\/saiga.es\\\/fr\\\/#\\\/schema\\\/logo\\\/image\\\/\"},\"sameAs\":[\"https:\\\/\\\/x.com\\\/saiga_agro\",\"https:\\\/\\\/www.instagram.com\\\/saiga_agro\\\/\"]}]}<\/script>\n<!-- \/ Yoast SEO plugin. -->","yoast_head_json":{"title":"D\u00e9tergent Tangit 1L | SAIGA","description":"D\u00e9tergent pour tuyaux et pi\u00e8ces en PVC-U, PVC-C et ABS. Il est recommand\u00e9 de l'utiliser avant de r\u00e9aliser des joints PVC-U avec la colle Tangit.","robots":{"index":"index","follow":"follow","max-snippet":"max-snippet:-1","max-image-preview":"max-image-preview:large","max-video-preview":"max-video-preview:-1"},"canonical":"https:\/\/saiga.es\/fr\/produit\/detergent-tangit-1l\/","og_locale":"fr_FR","og_type":"article","og_title":"D\u00e9tergent Tangit 1L | SAIGA","og_description":"D\u00e9tergent pour tuyaux et pi\u00e8ces en PVC-U, PVC-C et ABS. Il est recommand\u00e9 de l'utiliser avant de r\u00e9aliser des joints PVC-U avec la colle Tangit.","og_url":"https:\/\/saiga.es\/fr\/produit\/detergent-tangit-1l\/","og_site_name":"SAIGA","og_image":[{"width":1300,"height":2000,"url":"https:\/\/saiga.es\/wp-content\/uploads\/2024\/05\/2136315_Front.jpg","type":"image\/jpeg"}],"twitter_card":"summary_large_image","twitter_site":"@saiga_agro","schema":{"@context":"https:\/\/schema.org","@graph":[{"@type":"WebPage","@id":"https:\/\/saiga.es\/fr\/produit\/detergent-tangit-1l\/","url":"https:\/\/saiga.es\/fr\/produit\/detergent-tangit-1l\/","name":"D\u00e9tergent Tangit 1L | SAIGA","isPartOf":{"@id":"https:\/\/saiga.es\/fr\/#website"},"primaryImageOfPage":{"@id":"https:\/\/saiga.es\/fr\/produit\/detergent-tangit-1l\/#primaryimage"},"image":{"@id":"https:\/\/saiga.es\/fr\/produit\/detergent-tangit-1l\/#primaryimage"},"thumbnailUrl":"https:\/\/saiga.es\/wp-content\/uploads\/2024\/05\/2136315_Front.jpg","datePublished":"2024-05-15T13:46:54+00:00","description":"D\u00e9tergent pour tuyaux et pi\u00e8ces en PVC-U, PVC-C et ABS. Il est recommand\u00e9 de l'utiliser avant de r\u00e9aliser des joints PVC-U avec la colle Tangit.","breadcrumb":{"@id":"https:\/\/saiga.es\/fr\/produit\/detergent-tangit-1l\/#breadcrumb"},"inLanguage":"fr-FR","potentialAction":[{"@type":"ReadAction","target":["https:\/\/saiga.es\/fr\/produit\/detergent-tangit-1l\/"]}]},{"@type":"ImageObject","inLanguage":"fr-FR","@id":"https:\/\/saiga.es\/fr\/produit\/detergent-tangit-1l\/#primaryimage","url":"https:\/\/saiga.es\/wp-content\/uploads\/2024\/05\/2136315_Front.jpg","contentUrl":"https:\/\/saiga.es\/wp-content\/uploads\/2024\/05\/2136315_Front.jpg","width":1300,"height":2000},{"@type":"BreadcrumbList","@id":"https:\/\/saiga.es\/fr\/produit\/detergent-tangit-1l\/#breadcrumb","itemListElement":[{"@type":"ListItem","position":1,"name":"Inici","item":"https:\/\/saiga.es\/fr\/"},{"@type":"ListItem","position":2,"name":"boutique","item":"https:\/\/saiga.es\/fr\/boutique\/"},{"@type":"ListItem","position":3,"name":"D\u00e9tergent Tangit 1L"}]},{"@type":"WebSite","@id":"https:\/\/saiga.es\/fr\/#website","url":"https:\/\/saiga.es\/fr\/","name":"SAIGA","description":"M\u00e9s de 50 anys al servei de la terra i treballant per a un \u00fas eficient de l\u2019aigua!","publisher":{"@id":"https:\/\/saiga.es\/fr\/#organization"},"potentialAction":[{"@type":"SearchAction","target":{"@type":"EntryPoint","urlTemplate":"https:\/\/saiga.es\/fr\/?s={search_term_string}"},"query-input":{"@type":"PropertyValueSpecification","valueRequired":true,"valueName":"search_term_string"}}],"inLanguage":"fr-FR"},{"@type":"Organization","@id":"https:\/\/saiga.es\/fr\/#organization","name":"SAIGA","url":"https:\/\/saiga.es\/fr\/","logo":{"@type":"ImageObject","inLanguage":"fr-FR","@id":"https:\/\/saiga.es\/fr\/#\/schema\/logo\/image\/","url":"https:\/\/saiga.es\/wp-content\/uploads\/2025\/07\/logo_saiga_baseline_optimitzat.svg","contentUrl":"https:\/\/saiga.es\/wp-content\/uploads\/2025\/07\/logo_saiga_baseline_optimitzat.svg","caption":"SAIGA"},"image":{"@id":"https:\/\/saiga.es\/fr\/#\/schema\/logo\/image\/"},"sameAs":["https:\/\/x.com\/saiga_agro","https:\/\/www.instagram.com\/saiga_agro\/"]}]}},"_links":{"self":[{"href":"https:\/\/saiga.es\/fr\/wp-json\/wp\/v2\/product\/10443","targetHints":{"allow":["GET"]}}],"collection":[{"href":"https:\/\/saiga.es\/fr\/wp-json\/wp\/v2\/product"}],"about":[{"href":"https:\/\/saiga.es\/fr\/wp-json\/wp\/v2\/types\/product"}],"replies":[{"embeddable":true,"href":"https:\/\/saiga.es\/fr\/wp-json\/wp\/v2\/comments?post=10443"}],"wp:featuredmedia":[{"embeddable":true,"href":"https:\/\/saiga.es\/fr\/wp-json\/wp\/v2\/media\/10121"}],"wp:attachment":[{"href":"https:\/\/saiga.es\/fr\/wp-json\/wp\/v2\/media?parent=10443"}],"wp:term":[{"taxonomy":"product_brand","embeddable":true,"href":"https:\/\/saiga.es\/fr\/wp-json\/wp\/v2\/product_brand?post=10443"},{"taxonomy":"product_cat","embeddable":true,"href":"https:\/\/saiga.es\/fr\/wp-json\/wp\/v2\/product_cat?post=10443"},{"taxonomy":"product_tag","embeddable":true,"href":"https:\/\/saiga.es\/fr\/wp-json\/wp\/v2\/product_tag?post=10443"}],"curies":[{"name":"wp","href":"https:\/\/api.w.org\/{rel}","templated":true}]}}