{"id":10457,"date":"2024-05-22T08:40:39","date_gmt":"2024-05-22T08:40:39","guid":{"rendered":"https:\/\/botiga.saiga.es\/producte\/aquastop-barriere-totale-4kg-terre-cuite\/"},"modified":"2024-05-22T08:40:39","modified_gmt":"2024-05-22T08:40:39","slug":"aquastop-barriere-totale-4kg-terre-cuite","status":"publish","type":"product","link":"https:\/\/saiga.es\/fr\/produit\/aquastop-barriere-totale-4kg-terre-cuite\/","title":{"rendered":"Aquastop barri\u00e8re totale 4kg terre cuite"},"content":{"rendered":"<p>Aquastop barri\u00e8re totale 4kg terre cuite<\/p>\n<p>Imperm\u00e9abilisation haute performance, r\u00e9sistante aux rayons UV, praticable et adapt\u00e9e au carrelage. Ce produit se distingue par sa capacit\u00e9 \u00e0 r\u00e9sister \u00e0 l&rsquo;eau stagnante et peut \u00eatre appliqu\u00e9 sur des surfaces humides jusqu&rsquo;\u00e0 15 %. Id\u00e9al pour les travaux d&rsquo;imperm\u00e9abilisation et de r\u00e9paration de fuites sur une vari\u00e9t\u00e9 de surfaces, y compris l&rsquo;entretien, les terrasses traversantes et pav\u00e9es, les toits en d\u00e9tresse, les terrasses en fibrociment ou en bois non d\u00e9grad\u00e9es, ainsi que les jonctions, les drains et les points singuliers.<\/p>\n","protected":false},"excerpt":{"rendered":"<p>Aquastop barri\u00e8re totale 4kg terre cuite<\/p>\n<p>Imperm\u00e9abilisation haute performance, r\u00e9sistante aux rayons UV, praticable et adapt\u00e9e au carrelage. Ce produit se distingue par sa capacit\u00e9 \u00e0 r\u00e9sister \u00e0 l&rsquo;eau stagnante et peut \u00eatre appliqu\u00e9 sur des surfaces humides jusqu&rsquo;\u00e0 15 %. Id\u00e9al pour les travaux d&rsquo;imperm\u00e9abilisation et de r\u00e9paration de fuites sur une vari\u00e9t\u00e9 de surfaces, y compris l&rsquo;entretien, les terrasses traversantes et pav\u00e9es, les toits en d\u00e9tresse, les terrasses en fibrociment ou en bois non d\u00e9grad\u00e9es, ainsi que les jonctions, les drains et les points singuliers.<\/p>\n","protected":false},"featured_media":10256,"comment_status":"open","ping_status":"closed","template":"","meta":[],"product_brand":[],"product_cat":[1325],"product_tag":[],"class_list":{"0":"post-10457","1":"product","2":"type-product","3":"status-publish","4":"has-post-thumbnail","6":"product_cat-diy","8":"first","9":"instock","10":"taxable","11":"shipping-taxable","12":"purchasable","13":"product-type-simple"},"yoast_head":"<!-- This site is optimized with the Yoast SEO plugin v27.3 - https:\/\/yoast.com\/product\/yoast-seo-wordpress\/ -->\n<title>Aquastop barri\u00e8re totale 4kg terre cuite | SAIGA<\/title>\n<meta name=\"description\" content=\"Imperm\u00e9abilisation haute performance, r\u00e9sistante aux rayons UV et \u00e0 l\u2019eau stagnante. Id\u00e9al pour les travaux d\u2019imperm\u00e9abilisation sur diverses surfaces.\" \/>\n<meta name=\"robots\" content=\"index, follow, max-snippet:-1, max-image-preview:large, max-video-preview:-1\" \/>\n<link rel=\"canonical\" href=\"https:\/\/saiga.es\/fr\/produit\/aquastop-barriere-totale-4kg-terre-cuite\/\" \/>\n<meta property=\"og:locale\" content=\"fr_FR\" \/>\n<meta property=\"og:type\" content=\"article\" \/>\n<meta property=\"og:title\" content=\"Aquastop barri\u00e8re totale 4kg terre cuite | SAIGA\" \/>\n<meta property=\"og:description\" content=\"Imperm\u00e9abilisation haute performance, r\u00e9sistante aux rayons UV et \u00e0 l\u2019eau stagnante. Id\u00e9al pour les travaux d\u2019imperm\u00e9abilisation sur diverses surfaces.\" \/>\n<meta property=\"og:url\" content=\"https:\/\/saiga.es\/fr\/produit\/aquastop-barriere-totale-4kg-terre-cuite\/\" \/>\n<meta property=\"og:site_name\" content=\"SAIGA\" \/>\n<meta property=\"og:image\" content=\"https:\/\/saiga.es\/wp-content\/uploads\/2024\/05\/bote-aguastop-barrera-total-terracota-4kg-ceys.jpg\" \/>\n\t<meta property=\"og:image:width\" content=\"800\" \/>\n\t<meta property=\"og:image:height\" content=\"900\" \/>\n\t<meta property=\"og:image:type\" content=\"image\/jpeg\" \/>\n<meta name=\"twitter:card\" content=\"summary_large_image\" \/>\n<meta name=\"twitter:site\" content=\"@saiga_agro\" \/>\n<script type=\"application\/ld+json\" class=\"yoast-schema-graph\">{\"@context\":\"https:\\\/\\\/schema.org\",\"@graph\":[{\"@type\":\"WebPage\",\"@id\":\"https:\\\/\\\/saiga.es\\\/fr\\\/produit\\\/aquastop-barriere-totale-4kg-terre-cuite\\\/\",\"url\":\"https:\\\/\\\/saiga.es\\\/fr\\\/produit\\\/aquastop-barriere-totale-4kg-terre-cuite\\\/\",\"name\":\"Aquastop barri\u00e8re totale 4kg terre cuite | SAIGA\",\"isPartOf\":{\"@id\":\"https:\\\/\\\/saiga.es\\\/fr\\\/#website\"},\"primaryImageOfPage\":{\"@id\":\"https:\\\/\\\/saiga.es\\\/fr\\\/produit\\\/aquastop-barriere-totale-4kg-terre-cuite\\\/#primaryimage\"},\"image\":{\"@id\":\"https:\\\/\\\/saiga.es\\\/fr\\\/produit\\\/aquastop-barriere-totale-4kg-terre-cuite\\\/#primaryimage\"},\"thumbnailUrl\":\"https:\\\/\\\/saiga.es\\\/wp-content\\\/uploads\\\/2024\\\/05\\\/bote-aguastop-barrera-total-terracota-4kg-ceys.jpg\",\"datePublished\":\"2024-05-22T08:40:39+00:00\",\"description\":\"Imperm\u00e9abilisation haute performance, r\u00e9sistante aux rayons UV et \u00e0 l\u2019eau stagnante. Id\u00e9al pour les travaux d\u2019imperm\u00e9abilisation sur diverses surfaces.\",\"breadcrumb\":{\"@id\":\"https:\\\/\\\/saiga.es\\\/fr\\\/produit\\\/aquastop-barriere-totale-4kg-terre-cuite\\\/#breadcrumb\"},\"inLanguage\":\"fr-FR\",\"potentialAction\":[{\"@type\":\"ReadAction\",\"target\":[\"https:\\\/\\\/saiga.es\\\/fr\\\/produit\\\/aquastop-barriere-totale-4kg-terre-cuite\\\/\"]}]},{\"@type\":\"ImageObject\",\"inLanguage\":\"fr-FR\",\"@id\":\"https:\\\/\\\/saiga.es\\\/fr\\\/produit\\\/aquastop-barriere-totale-4kg-terre-cuite\\\/#primaryimage\",\"url\":\"https:\\\/\\\/saiga.es\\\/wp-content\\\/uploads\\\/2024\\\/05\\\/bote-aguastop-barrera-total-terracota-4kg-ceys.jpg\",\"contentUrl\":\"https:\\\/\\\/saiga.es\\\/wp-content\\\/uploads\\\/2024\\\/05\\\/bote-aguastop-barrera-total-terracota-4kg-ceys.jpg\",\"width\":800,\"height\":900},{\"@type\":\"BreadcrumbList\",\"@id\":\"https:\\\/\\\/saiga.es\\\/fr\\\/produit\\\/aquastop-barriere-totale-4kg-terre-cuite\\\/#breadcrumb\",\"itemListElement\":[{\"@type\":\"ListItem\",\"position\":1,\"name\":\"Inici\",\"item\":\"https:\\\/\\\/saiga.es\\\/fr\\\/\"},{\"@type\":\"ListItem\",\"position\":2,\"name\":\"boutique\",\"item\":\"https:\\\/\\\/saiga.es\\\/fr\\\/boutique\\\/\"},{\"@type\":\"ListItem\",\"position\":3,\"name\":\"Aquastop barri\u00e8re totale 4kg terre cuite\"}]},{\"@type\":\"WebSite\",\"@id\":\"https:\\\/\\\/saiga.es\\\/fr\\\/#website\",\"url\":\"https:\\\/\\\/saiga.es\\\/fr\\\/\",\"name\":\"SAIGA\",\"description\":\"M\u00e9s de 50 anys al servei de la terra i treballant per a un \u00fas eficient de l\u2019aigua!\",\"publisher\":{\"@id\":\"https:\\\/\\\/saiga.es\\\/fr\\\/#organization\"},\"potentialAction\":[{\"@type\":\"SearchAction\",\"target\":{\"@type\":\"EntryPoint\",\"urlTemplate\":\"https:\\\/\\\/saiga.es\\\/fr\\\/?s={search_term_string}\"},\"query-input\":{\"@type\":\"PropertyValueSpecification\",\"valueRequired\":true,\"valueName\":\"search_term_string\"}}],\"inLanguage\":\"fr-FR\"},{\"@type\":\"Organization\",\"@id\":\"https:\\\/\\\/saiga.es\\\/fr\\\/#organization\",\"name\":\"SAIGA\",\"url\":\"https:\\\/\\\/saiga.es\\\/fr\\\/\",\"logo\":{\"@type\":\"ImageObject\",\"inLanguage\":\"fr-FR\",\"@id\":\"https:\\\/\\\/saiga.es\\\/fr\\\/#\\\/schema\\\/logo\\\/image\\\/\",\"url\":\"https:\\\/\\\/saiga.es\\\/wp-content\\\/uploads\\\/2025\\\/07\\\/logo_saiga_baseline_optimitzat.svg\",\"contentUrl\":\"https:\\\/\\\/saiga.es\\\/wp-content\\\/uploads\\\/2025\\\/07\\\/logo_saiga_baseline_optimitzat.svg\",\"caption\":\"SAIGA\"},\"image\":{\"@id\":\"https:\\\/\\\/saiga.es\\\/fr\\\/#\\\/schema\\\/logo\\\/image\\\/\"},\"sameAs\":[\"https:\\\/\\\/x.com\\\/saiga_agro\",\"https:\\\/\\\/www.instagram.com\\\/saiga_agro\\\/\"]}]}<\/script>\n<!-- \/ Yoast SEO plugin. -->","yoast_head_json":{"title":"Aquastop barri\u00e8re totale 4kg terre cuite | SAIGA","description":"Imperm\u00e9abilisation haute performance, r\u00e9sistante aux rayons UV et \u00e0 l\u2019eau stagnante. Id\u00e9al pour les travaux d\u2019imperm\u00e9abilisation sur diverses surfaces.","robots":{"index":"index","follow":"follow","max-snippet":"max-snippet:-1","max-image-preview":"max-image-preview:large","max-video-preview":"max-video-preview:-1"},"canonical":"https:\/\/saiga.es\/fr\/produit\/aquastop-barriere-totale-4kg-terre-cuite\/","og_locale":"fr_FR","og_type":"article","og_title":"Aquastop barri\u00e8re totale 4kg terre cuite | SAIGA","og_description":"Imperm\u00e9abilisation haute performance, r\u00e9sistante aux rayons UV et \u00e0 l\u2019eau stagnante. Id\u00e9al pour les travaux d\u2019imperm\u00e9abilisation sur diverses surfaces.","og_url":"https:\/\/saiga.es\/fr\/produit\/aquastop-barriere-totale-4kg-terre-cuite\/","og_site_name":"SAIGA","og_image":[{"width":800,"height":900,"url":"https:\/\/saiga.es\/wp-content\/uploads\/2024\/05\/bote-aguastop-barrera-total-terracota-4kg-ceys.jpg","type":"image\/jpeg"}],"twitter_card":"summary_large_image","twitter_site":"@saiga_agro","schema":{"@context":"https:\/\/schema.org","@graph":[{"@type":"WebPage","@id":"https:\/\/saiga.es\/fr\/produit\/aquastop-barriere-totale-4kg-terre-cuite\/","url":"https:\/\/saiga.es\/fr\/produit\/aquastop-barriere-totale-4kg-terre-cuite\/","name":"Aquastop barri\u00e8re totale 4kg terre cuite | SAIGA","isPartOf":{"@id":"https:\/\/saiga.es\/fr\/#website"},"primaryImageOfPage":{"@id":"https:\/\/saiga.es\/fr\/produit\/aquastop-barriere-totale-4kg-terre-cuite\/#primaryimage"},"image":{"@id":"https:\/\/saiga.es\/fr\/produit\/aquastop-barriere-totale-4kg-terre-cuite\/#primaryimage"},"thumbnailUrl":"https:\/\/saiga.es\/wp-content\/uploads\/2024\/05\/bote-aguastop-barrera-total-terracota-4kg-ceys.jpg","datePublished":"2024-05-22T08:40:39+00:00","description":"Imperm\u00e9abilisation haute performance, r\u00e9sistante aux rayons UV et \u00e0 l\u2019eau stagnante. Id\u00e9al pour les travaux d\u2019imperm\u00e9abilisation sur diverses surfaces.","breadcrumb":{"@id":"https:\/\/saiga.es\/fr\/produit\/aquastop-barriere-totale-4kg-terre-cuite\/#breadcrumb"},"inLanguage":"fr-FR","potentialAction":[{"@type":"ReadAction","target":["https:\/\/saiga.es\/fr\/produit\/aquastop-barriere-totale-4kg-terre-cuite\/"]}]},{"@type":"ImageObject","inLanguage":"fr-FR","@id":"https:\/\/saiga.es\/fr\/produit\/aquastop-barriere-totale-4kg-terre-cuite\/#primaryimage","url":"https:\/\/saiga.es\/wp-content\/uploads\/2024\/05\/bote-aguastop-barrera-total-terracota-4kg-ceys.jpg","contentUrl":"https:\/\/saiga.es\/wp-content\/uploads\/2024\/05\/bote-aguastop-barrera-total-terracota-4kg-ceys.jpg","width":800,"height":900},{"@type":"BreadcrumbList","@id":"https:\/\/saiga.es\/fr\/produit\/aquastop-barriere-totale-4kg-terre-cuite\/#breadcrumb","itemListElement":[{"@type":"ListItem","position":1,"name":"Inici","item":"https:\/\/saiga.es\/fr\/"},{"@type":"ListItem","position":2,"name":"boutique","item":"https:\/\/saiga.es\/fr\/boutique\/"},{"@type":"ListItem","position":3,"name":"Aquastop barri\u00e8re totale 4kg terre cuite"}]},{"@type":"WebSite","@id":"https:\/\/saiga.es\/fr\/#website","url":"https:\/\/saiga.es\/fr\/","name":"SAIGA","description":"M\u00e9s de 50 anys al servei de la terra i treballant per a un \u00fas eficient de l\u2019aigua!","publisher":{"@id":"https:\/\/saiga.es\/fr\/#organization"},"potentialAction":[{"@type":"SearchAction","target":{"@type":"EntryPoint","urlTemplate":"https:\/\/saiga.es\/fr\/?s={search_term_string}"},"query-input":{"@type":"PropertyValueSpecification","valueRequired":true,"valueName":"search_term_string"}}],"inLanguage":"fr-FR"},{"@type":"Organization","@id":"https:\/\/saiga.es\/fr\/#organization","name":"SAIGA","url":"https:\/\/saiga.es\/fr\/","logo":{"@type":"ImageObject","inLanguage":"fr-FR","@id":"https:\/\/saiga.es\/fr\/#\/schema\/logo\/image\/","url":"https:\/\/saiga.es\/wp-content\/uploads\/2025\/07\/logo_saiga_baseline_optimitzat.svg","contentUrl":"https:\/\/saiga.es\/wp-content\/uploads\/2025\/07\/logo_saiga_baseline_optimitzat.svg","caption":"SAIGA"},"image":{"@id":"https:\/\/saiga.es\/fr\/#\/schema\/logo\/image\/"},"sameAs":["https:\/\/x.com\/saiga_agro","https:\/\/www.instagram.com\/saiga_agro\/"]}]}},"_links":{"self":[{"href":"https:\/\/saiga.es\/fr\/wp-json\/wp\/v2\/product\/10457","targetHints":{"allow":["GET"]}}],"collection":[{"href":"https:\/\/saiga.es\/fr\/wp-json\/wp\/v2\/product"}],"about":[{"href":"https:\/\/saiga.es\/fr\/wp-json\/wp\/v2\/types\/product"}],"replies":[{"embeddable":true,"href":"https:\/\/saiga.es\/fr\/wp-json\/wp\/v2\/comments?post=10457"}],"wp:featuredmedia":[{"embeddable":true,"href":"https:\/\/saiga.es\/fr\/wp-json\/wp\/v2\/media\/10256"}],"wp:attachment":[{"href":"https:\/\/saiga.es\/fr\/wp-json\/wp\/v2\/media?parent=10457"}],"wp:term":[{"taxonomy":"product_brand","embeddable":true,"href":"https:\/\/saiga.es\/fr\/wp-json\/wp\/v2\/product_brand?post=10457"},{"taxonomy":"product_cat","embeddable":true,"href":"https:\/\/saiga.es\/fr\/wp-json\/wp\/v2\/product_cat?post=10457"},{"taxonomy":"product_tag","embeddable":true,"href":"https:\/\/saiga.es\/fr\/wp-json\/wp\/v2\/product_tag?post=10457"}],"curies":[{"name":"wp","href":"https:\/\/api.w.org\/{rel}","templated":true}]}}