{"id":10459,"date":"2024-04-23T09:49:48","date_gmt":"2024-04-23T09:49:48","guid":{"rendered":"https:\/\/botiga.saiga.es\/producte\/ruban-adhesif-double-face-2m-x-15mm\/"},"modified":"2024-04-23T09:49:48","modified_gmt":"2024-04-23T09:49:48","slug":"ruban-adhesif-double-face-2m-x-15mm","status":"publish","type":"product","link":"https:\/\/saiga.es\/fr\/produit\/ruban-adhesif-double-face-2m-x-15mm\/","title":{"rendered":"Ruban adh\u00e9sif double face 2m x 15mm"},"content":{"rendered":"<p>Ruban adh\u00e9sif double face 2m x 15mm<\/p>\n<p>Ruban de montage double face \u00e0 adh\u00e9sif total instantan\u00e9 et \u00e0 adh\u00e9rence ultra forte, avec un treillis de renfort haute r\u00e9sistance. Fixe les mat\u00e9riaux poreux et non poreux sur des surfaces planes et l\u00e9g\u00e8rement rugueuses, aussi bien en int\u00e9rieur qu&rsquo;en ext\u00e9rieur : guides-c\u00e2bles, signal\u00e9tique, plaques signal\u00e9tiques, syst\u00e8mes d&rsquo;alarme, coffrets \u00e9lectriques, miroirs, accessoires de salle de bain, ustensiles de cuisine, etc. Pour mat\u00e9riaux tels que le bois, le b\u00e9ton, le pl\u00e2tre, la brique, le verre, le miroir, la pierre, le marbre, le carrelage, le polystyr\u00e8ne, le plastique, le li\u00e8ge et le m\u00e9tal.<\/p>\n","protected":false},"excerpt":{"rendered":"<p>Ruban adh\u00e9sif double face 2m x 15mm<\/p>\n<p>Ruban de montage double face \u00e0 adh\u00e9sif total instantan\u00e9 et \u00e0 adh\u00e9rence ultra forte, avec un treillis de renfort haute r\u00e9sistance. Fixe les mat\u00e9riaux poreux et non poreux sur des surfaces planes et l\u00e9g\u00e8rement rugueuses, aussi bien en int\u00e9rieur qu&rsquo;en ext\u00e9rieur : guides-c\u00e2bles, signal\u00e9tique, plaques signal\u00e9tiques, syst\u00e8mes d&rsquo;alarme, coffrets \u00e9lectriques, miroirs, accessoires de salle de bain, ustensiles de cuisine, etc. Pour mat\u00e9riaux tels que le bois, le b\u00e9ton, le pl\u00e2tre, la brique, le verre, le miroir, la pierre, le marbre, le carrelage, le polystyr\u00e8ne, le plastique, le li\u00e8ge et le m\u00e9tal.<\/p>\n","protected":false},"featured_media":9902,"comment_status":"open","ping_status":"closed","template":"","meta":[],"product_brand":[],"product_cat":[1325],"product_tag":[],"class_list":{"0":"post-10459","1":"product","2":"type-product","3":"status-publish","4":"has-post-thumbnail","6":"product_cat-diy","8":"first","9":"instock","10":"taxable","11":"shipping-taxable","12":"purchasable","13":"product-type-simple"},"yoast_head":"<!-- This site is optimized with the Yoast SEO plugin v27.3 - https:\/\/yoast.com\/product\/yoast-seo-wordpress\/ -->\n<title>Ruban adh\u00e9sif double face 2m x 15mm | SAIGA<\/title>\n<meta name=\"description\" content=\"Ruban adh\u00e9sif double face ultra r\u00e9sistant avec adh\u00e9sif instantan\u00e9 pour montage sur de multiples mat\u00e9riaux et surfaces, tant int\u00e9rieures qu&#039;ext\u00e9rieures.\" \/>\n<meta name=\"robots\" content=\"index, follow, max-snippet:-1, max-image-preview:large, max-video-preview:-1\" \/>\n<link rel=\"canonical\" href=\"https:\/\/saiga.es\/fr\/produit\/ruban-adhesif-double-face-2m-x-15mm\/\" \/>\n<meta property=\"og:locale\" content=\"fr_FR\" \/>\n<meta property=\"og:type\" content=\"article\" \/>\n<meta property=\"og:title\" content=\"Ruban adh\u00e9sif double face 2m x 15mm | SAIGA\" \/>\n<meta property=\"og:description\" content=\"Ruban adh\u00e9sif double face ultra r\u00e9sistant avec adh\u00e9sif instantan\u00e9 pour montage sur de multiples mat\u00e9riaux et surfaces, tant int\u00e9rieures qu&#039;ext\u00e9rieures.\" \/>\n<meta property=\"og:url\" content=\"https:\/\/saiga.es\/fr\/produit\/ruban-adhesif-double-face-2m-x-15mm\/\" \/>\n<meta property=\"og:site_name\" content=\"SAIGA\" \/>\n<meta property=\"og:image\" content=\"https:\/\/saiga.es\/wp-content\/uploads\/2024\/04\/ceys-montack-cinta-blister-507240.jpg\" \/>\n\t<meta property=\"og:image:width\" content=\"1100\" \/>\n\t<meta property=\"og:image:height\" content=\"1422\" \/>\n\t<meta property=\"og:image:type\" content=\"image\/jpeg\" \/>\n<meta name=\"twitter:card\" content=\"summary_large_image\" \/>\n<meta name=\"twitter:site\" content=\"@saiga_agro\" \/>\n<meta name=\"twitter:label1\" content=\"Dur\u00e9e de lecture estim\u00e9e\" \/>\n\t<meta name=\"twitter:data1\" content=\"1 minute\" \/>\n<script type=\"application\/ld+json\" class=\"yoast-schema-graph\">{\"@context\":\"https:\\\/\\\/schema.org\",\"@graph\":[{\"@type\":\"WebPage\",\"@id\":\"https:\\\/\\\/saiga.es\\\/fr\\\/produit\\\/ruban-adhesif-double-face-2m-x-15mm\\\/\",\"url\":\"https:\\\/\\\/saiga.es\\\/fr\\\/produit\\\/ruban-adhesif-double-face-2m-x-15mm\\\/\",\"name\":\"Ruban adh\u00e9sif double face 2m x 15mm | SAIGA\",\"isPartOf\":{\"@id\":\"https:\\\/\\\/saiga.es\\\/fr\\\/#website\"},\"primaryImageOfPage\":{\"@id\":\"https:\\\/\\\/saiga.es\\\/fr\\\/produit\\\/ruban-adhesif-double-face-2m-x-15mm\\\/#primaryimage\"},\"image\":{\"@id\":\"https:\\\/\\\/saiga.es\\\/fr\\\/produit\\\/ruban-adhesif-double-face-2m-x-15mm\\\/#primaryimage\"},\"thumbnailUrl\":\"https:\\\/\\\/saiga.es\\\/wp-content\\\/uploads\\\/2024\\\/04\\\/ceys-montack-cinta-blister-507240.jpg\",\"datePublished\":\"2024-04-23T09:49:48+00:00\",\"description\":\"Ruban adh\u00e9sif double face ultra r\u00e9sistant avec adh\u00e9sif instantan\u00e9 pour montage sur de multiples mat\u00e9riaux et surfaces, tant int\u00e9rieures qu'ext\u00e9rieures.\",\"breadcrumb\":{\"@id\":\"https:\\\/\\\/saiga.es\\\/fr\\\/produit\\\/ruban-adhesif-double-face-2m-x-15mm\\\/#breadcrumb\"},\"inLanguage\":\"fr-FR\",\"potentialAction\":[{\"@type\":\"ReadAction\",\"target\":[\"https:\\\/\\\/saiga.es\\\/fr\\\/produit\\\/ruban-adhesif-double-face-2m-x-15mm\\\/\"]}]},{\"@type\":\"ImageObject\",\"inLanguage\":\"fr-FR\",\"@id\":\"https:\\\/\\\/saiga.es\\\/fr\\\/produit\\\/ruban-adhesif-double-face-2m-x-15mm\\\/#primaryimage\",\"url\":\"https:\\\/\\\/saiga.es\\\/wp-content\\\/uploads\\\/2024\\\/04\\\/ceys-montack-cinta-blister-507240.jpg\",\"contentUrl\":\"https:\\\/\\\/saiga.es\\\/wp-content\\\/uploads\\\/2024\\\/04\\\/ceys-montack-cinta-blister-507240.jpg\",\"width\":1100,\"height\":1422},{\"@type\":\"BreadcrumbList\",\"@id\":\"https:\\\/\\\/saiga.es\\\/fr\\\/produit\\\/ruban-adhesif-double-face-2m-x-15mm\\\/#breadcrumb\",\"itemListElement\":[{\"@type\":\"ListItem\",\"position\":1,\"name\":\"Inici\",\"item\":\"https:\\\/\\\/saiga.es\\\/fr\\\/\"},{\"@type\":\"ListItem\",\"position\":2,\"name\":\"boutique\",\"item\":\"https:\\\/\\\/saiga.es\\\/fr\\\/boutique\\\/\"},{\"@type\":\"ListItem\",\"position\":3,\"name\":\"Ruban adh\u00e9sif double face 2m x 15mm\"}]},{\"@type\":\"WebSite\",\"@id\":\"https:\\\/\\\/saiga.es\\\/fr\\\/#website\",\"url\":\"https:\\\/\\\/saiga.es\\\/fr\\\/\",\"name\":\"SAIGA\",\"description\":\"M\u00e9s de 50 anys al servei de la terra i treballant per a un \u00fas eficient de l\u2019aigua!\",\"publisher\":{\"@id\":\"https:\\\/\\\/saiga.es\\\/fr\\\/#organization\"},\"potentialAction\":[{\"@type\":\"SearchAction\",\"target\":{\"@type\":\"EntryPoint\",\"urlTemplate\":\"https:\\\/\\\/saiga.es\\\/fr\\\/?s={search_term_string}\"},\"query-input\":{\"@type\":\"PropertyValueSpecification\",\"valueRequired\":true,\"valueName\":\"search_term_string\"}}],\"inLanguage\":\"fr-FR\"},{\"@type\":\"Organization\",\"@id\":\"https:\\\/\\\/saiga.es\\\/fr\\\/#organization\",\"name\":\"SAIGA\",\"url\":\"https:\\\/\\\/saiga.es\\\/fr\\\/\",\"logo\":{\"@type\":\"ImageObject\",\"inLanguage\":\"fr-FR\",\"@id\":\"https:\\\/\\\/saiga.es\\\/fr\\\/#\\\/schema\\\/logo\\\/image\\\/\",\"url\":\"https:\\\/\\\/saiga.es\\\/wp-content\\\/uploads\\\/2025\\\/07\\\/logo_saiga_baseline_optimitzat.svg\",\"contentUrl\":\"https:\\\/\\\/saiga.es\\\/wp-content\\\/uploads\\\/2025\\\/07\\\/logo_saiga_baseline_optimitzat.svg\",\"caption\":\"SAIGA\"},\"image\":{\"@id\":\"https:\\\/\\\/saiga.es\\\/fr\\\/#\\\/schema\\\/logo\\\/image\\\/\"},\"sameAs\":[\"https:\\\/\\\/x.com\\\/saiga_agro\",\"https:\\\/\\\/www.instagram.com\\\/saiga_agro\\\/\"]}]}<\/script>\n<!-- \/ Yoast SEO plugin. -->","yoast_head_json":{"title":"Ruban adh\u00e9sif double face 2m x 15mm | SAIGA","description":"Ruban adh\u00e9sif double face ultra r\u00e9sistant avec adh\u00e9sif instantan\u00e9 pour montage sur de multiples mat\u00e9riaux et surfaces, tant int\u00e9rieures qu'ext\u00e9rieures.","robots":{"index":"index","follow":"follow","max-snippet":"max-snippet:-1","max-image-preview":"max-image-preview:large","max-video-preview":"max-video-preview:-1"},"canonical":"https:\/\/saiga.es\/fr\/produit\/ruban-adhesif-double-face-2m-x-15mm\/","og_locale":"fr_FR","og_type":"article","og_title":"Ruban adh\u00e9sif double face 2m x 15mm | SAIGA","og_description":"Ruban adh\u00e9sif double face ultra r\u00e9sistant avec adh\u00e9sif instantan\u00e9 pour montage sur de multiples mat\u00e9riaux et surfaces, tant int\u00e9rieures qu'ext\u00e9rieures.","og_url":"https:\/\/saiga.es\/fr\/produit\/ruban-adhesif-double-face-2m-x-15mm\/","og_site_name":"SAIGA","og_image":[{"width":1100,"height":1422,"url":"https:\/\/saiga.es\/wp-content\/uploads\/2024\/04\/ceys-montack-cinta-blister-507240.jpg","type":"image\/jpeg"}],"twitter_card":"summary_large_image","twitter_site":"@saiga_agro","twitter_misc":{"Dur\u00e9e de lecture estim\u00e9e":"1 minute"},"schema":{"@context":"https:\/\/schema.org","@graph":[{"@type":"WebPage","@id":"https:\/\/saiga.es\/fr\/produit\/ruban-adhesif-double-face-2m-x-15mm\/","url":"https:\/\/saiga.es\/fr\/produit\/ruban-adhesif-double-face-2m-x-15mm\/","name":"Ruban adh\u00e9sif double face 2m x 15mm | SAIGA","isPartOf":{"@id":"https:\/\/saiga.es\/fr\/#website"},"primaryImageOfPage":{"@id":"https:\/\/saiga.es\/fr\/produit\/ruban-adhesif-double-face-2m-x-15mm\/#primaryimage"},"image":{"@id":"https:\/\/saiga.es\/fr\/produit\/ruban-adhesif-double-face-2m-x-15mm\/#primaryimage"},"thumbnailUrl":"https:\/\/saiga.es\/wp-content\/uploads\/2024\/04\/ceys-montack-cinta-blister-507240.jpg","datePublished":"2024-04-23T09:49:48+00:00","description":"Ruban adh\u00e9sif double face ultra r\u00e9sistant avec adh\u00e9sif instantan\u00e9 pour montage sur de multiples mat\u00e9riaux et surfaces, tant int\u00e9rieures qu'ext\u00e9rieures.","breadcrumb":{"@id":"https:\/\/saiga.es\/fr\/produit\/ruban-adhesif-double-face-2m-x-15mm\/#breadcrumb"},"inLanguage":"fr-FR","potentialAction":[{"@type":"ReadAction","target":["https:\/\/saiga.es\/fr\/produit\/ruban-adhesif-double-face-2m-x-15mm\/"]}]},{"@type":"ImageObject","inLanguage":"fr-FR","@id":"https:\/\/saiga.es\/fr\/produit\/ruban-adhesif-double-face-2m-x-15mm\/#primaryimage","url":"https:\/\/saiga.es\/wp-content\/uploads\/2024\/04\/ceys-montack-cinta-blister-507240.jpg","contentUrl":"https:\/\/saiga.es\/wp-content\/uploads\/2024\/04\/ceys-montack-cinta-blister-507240.jpg","width":1100,"height":1422},{"@type":"BreadcrumbList","@id":"https:\/\/saiga.es\/fr\/produit\/ruban-adhesif-double-face-2m-x-15mm\/#breadcrumb","itemListElement":[{"@type":"ListItem","position":1,"name":"Inici","item":"https:\/\/saiga.es\/fr\/"},{"@type":"ListItem","position":2,"name":"boutique","item":"https:\/\/saiga.es\/fr\/boutique\/"},{"@type":"ListItem","position":3,"name":"Ruban adh\u00e9sif double face 2m x 15mm"}]},{"@type":"WebSite","@id":"https:\/\/saiga.es\/fr\/#website","url":"https:\/\/saiga.es\/fr\/","name":"SAIGA","description":"M\u00e9s de 50 anys al servei de la terra i treballant per a un \u00fas eficient de l\u2019aigua!","publisher":{"@id":"https:\/\/saiga.es\/fr\/#organization"},"potentialAction":[{"@type":"SearchAction","target":{"@type":"EntryPoint","urlTemplate":"https:\/\/saiga.es\/fr\/?s={search_term_string}"},"query-input":{"@type":"PropertyValueSpecification","valueRequired":true,"valueName":"search_term_string"}}],"inLanguage":"fr-FR"},{"@type":"Organization","@id":"https:\/\/saiga.es\/fr\/#organization","name":"SAIGA","url":"https:\/\/saiga.es\/fr\/","logo":{"@type":"ImageObject","inLanguage":"fr-FR","@id":"https:\/\/saiga.es\/fr\/#\/schema\/logo\/image\/","url":"https:\/\/saiga.es\/wp-content\/uploads\/2025\/07\/logo_saiga_baseline_optimitzat.svg","contentUrl":"https:\/\/saiga.es\/wp-content\/uploads\/2025\/07\/logo_saiga_baseline_optimitzat.svg","caption":"SAIGA"},"image":{"@id":"https:\/\/saiga.es\/fr\/#\/schema\/logo\/image\/"},"sameAs":["https:\/\/x.com\/saiga_agro","https:\/\/www.instagram.com\/saiga_agro\/"]}]}},"_links":{"self":[{"href":"https:\/\/saiga.es\/fr\/wp-json\/wp\/v2\/product\/10459","targetHints":{"allow":["GET"]}}],"collection":[{"href":"https:\/\/saiga.es\/fr\/wp-json\/wp\/v2\/product"}],"about":[{"href":"https:\/\/saiga.es\/fr\/wp-json\/wp\/v2\/types\/product"}],"replies":[{"embeddable":true,"href":"https:\/\/saiga.es\/fr\/wp-json\/wp\/v2\/comments?post=10459"}],"wp:featuredmedia":[{"embeddable":true,"href":"https:\/\/saiga.es\/fr\/wp-json\/wp\/v2\/media\/9902"}],"wp:attachment":[{"href":"https:\/\/saiga.es\/fr\/wp-json\/wp\/v2\/media?parent=10459"}],"wp:term":[{"taxonomy":"product_brand","embeddable":true,"href":"https:\/\/saiga.es\/fr\/wp-json\/wp\/v2\/product_brand?post=10459"},{"taxonomy":"product_cat","embeddable":true,"href":"https:\/\/saiga.es\/fr\/wp-json\/wp\/v2\/product_cat?post=10459"},{"taxonomy":"product_tag","embeddable":true,"href":"https:\/\/saiga.es\/fr\/wp-json\/wp\/v2\/product_tag?post=10459"}],"curies":[{"name":"wp","href":"https:\/\/api.w.org\/{rel}","templated":true}]}}