{"id":10463,"date":"2024-05-23T13:38:38","date_gmt":"2024-05-23T13:38:38","guid":{"rendered":"https:\/\/botiga.saiga.es\/producte\/pile-bouton-alcaline-kodak-2025-blister-2ut\/"},"modified":"2025-08-28T15:56:09","modified_gmt":"2025-08-28T15:56:09","slug":"pile-bouton-alcaline-kodak-2025-blister-2ut","status":"publish","type":"product","link":"https:\/\/saiga.es\/fr\/produit\/pile-bouton-alcaline-kodak-2025-blister-2ut\/","title":{"rendered":"Pile bouton alcaline Kodak 2025 blister 2ut."},"content":{"rendered":"<p>Pile bouton alcaline Kodak 2025 blister 2ut.<\/p>\n<p><span style=\"font-size: large; font-family: Calibri, sans-serif;\">Les piles alcalines Kodak <\/span> garantissent une source d&rsquo;alimentation fiable et durable, sp\u00e9cialement con\u00e7ues pour les appareils \u00e9lectroniques du quotidien. Avec une capacit\u00e9 de charge \u00e9lev\u00e9e et une longue dur\u00e9e de vie. Sa technologie permet une meilleure r\u00e9sistance aux fuites et un fonctionnement optimal dans une large plage de temp\u00e9ratures, garantissant ainsi une \u00e9nergie s\u00fbre et constante lorsque vous en avez le plus besoin.<\/p>\n","protected":false},"excerpt":{"rendered":"<p>Pile bouton alcaline Kodak 2025 blister 2ut.<\/p>\n<p><span style=\"font-size: large; font-family: Calibri, sans-serif;\">Les piles alcalines Kodak <\/span> garantissent une source d&rsquo;alimentation fiable et durable, sp\u00e9cialement con\u00e7ues pour les appareils \u00e9lectroniques du quotidien. Avec une capacit\u00e9 de charge \u00e9lev\u00e9e et une longue dur\u00e9e de vie. Sa technologie permet une meilleure r\u00e9sistance aux fuites et un fonctionnement optimal dans une large plage de temp\u00e9ratures, garantissant ainsi une \u00e9nergie s\u00fbre et constante lorsque vous en avez le plus besoin.<\/p>\n","protected":false},"featured_media":10352,"comment_status":"open","ping_status":"closed","template":"","meta":[],"product_brand":[],"product_cat":[1449],"product_tag":[],"class_list":{"0":"post-10463","1":"product","2":"type-product","3":"status-publish","4":"has-post-thumbnail","6":"product_cat-piles-fr","8":"first","9":"instock","10":"taxable","11":"shipping-taxable","12":"purchasable","13":"product-type-simple"},"yoast_head":"<!-- This site is optimized with the Yoast SEO plugin v27.4 - https:\/\/yoast.com\/product\/yoast-seo-wordpress\/ -->\n<title>Pile bouton alcaline Kodak 2025 blister 2ut. | SAIGA<\/title>\n<meta name=\"description\" content=\"Les piles alcalines Kodak garantissent une source d&#039;alimentation fiable et durable, sp\u00e9cialement con\u00e7ue pour les appareils \u00e9lectroniques du quotidien.\" \/>\n<meta name=\"robots\" content=\"index, follow, max-snippet:-1, max-image-preview:large, max-video-preview:-1\" \/>\n<link rel=\"canonical\" href=\"https:\/\/saiga.es\/fr\/produit\/pile-bouton-alcaline-kodak-2025-blister-2ut\/\" \/>\n<meta property=\"og:locale\" content=\"fr_FR\" \/>\n<meta property=\"og:type\" content=\"article\" \/>\n<meta property=\"og:title\" content=\"Pile bouton alcaline Kodak 2025 blister 2ut. | SAIGA\" \/>\n<meta property=\"og:description\" content=\"Les piles alcalines Kodak garantissent une source d&#039;alimentation fiable et durable, sp\u00e9cialement con\u00e7ue pour les appareils \u00e9lectroniques du quotidien.\" \/>\n<meta property=\"og:url\" content=\"https:\/\/saiga.es\/fr\/produit\/pile-bouton-alcaline-kodak-2025-blister-2ut\/\" \/>\n<meta property=\"og:site_name\" content=\"SAIGA\" \/>\n<meta property=\"article:modified_time\" content=\"2025-08-28T15:56:09+00:00\" \/>\n<meta property=\"og:image\" content=\"https:\/\/saiga.es\/wp-content\/uploads\/2024\/05\/0157307_base30417670-pila-litio-cr2025-3v-2.jpeg\" \/>\n\t<meta property=\"og:image:width\" content=\"600\" \/>\n\t<meta property=\"og:image:height\" content=\"600\" \/>\n\t<meta property=\"og:image:type\" content=\"image\/jpeg\" \/>\n<meta name=\"twitter:card\" content=\"summary_large_image\" \/>\n<meta name=\"twitter:site\" content=\"@saiga_agro\" \/>\n<script type=\"application\/ld+json\" class=\"yoast-schema-graph\">{\"@context\":\"https:\\\/\\\/schema.org\",\"@graph\":[{\"@type\":\"WebPage\",\"@id\":\"https:\\\/\\\/saiga.es\\\/fr\\\/produit\\\/pile-bouton-alcaline-kodak-2025-blister-2ut\\\/\",\"url\":\"https:\\\/\\\/saiga.es\\\/fr\\\/produit\\\/pile-bouton-alcaline-kodak-2025-blister-2ut\\\/\",\"name\":\"Pile bouton alcaline Kodak 2025 blister 2ut. | SAIGA\",\"isPartOf\":{\"@id\":\"https:\\\/\\\/saiga.es\\\/fr\\\/#website\"},\"primaryImageOfPage\":{\"@id\":\"https:\\\/\\\/saiga.es\\\/fr\\\/produit\\\/pile-bouton-alcaline-kodak-2025-blister-2ut\\\/#primaryimage\"},\"image\":{\"@id\":\"https:\\\/\\\/saiga.es\\\/fr\\\/produit\\\/pile-bouton-alcaline-kodak-2025-blister-2ut\\\/#primaryimage\"},\"thumbnailUrl\":\"https:\\\/\\\/saiga.es\\\/wp-content\\\/uploads\\\/2024\\\/05\\\/0157307_base30417670-pila-litio-cr2025-3v-2.jpeg\",\"datePublished\":\"2024-05-23T13:38:38+00:00\",\"dateModified\":\"2025-08-28T15:56:09+00:00\",\"description\":\"Les piles alcalines Kodak garantissent une source d'alimentation fiable et durable, sp\u00e9cialement con\u00e7ue pour les appareils \u00e9lectroniques du quotidien.\",\"breadcrumb\":{\"@id\":\"https:\\\/\\\/saiga.es\\\/fr\\\/produit\\\/pile-bouton-alcaline-kodak-2025-blister-2ut\\\/#breadcrumb\"},\"inLanguage\":\"fr-FR\",\"potentialAction\":[{\"@type\":\"ReadAction\",\"target\":[\"https:\\\/\\\/saiga.es\\\/fr\\\/produit\\\/pile-bouton-alcaline-kodak-2025-blister-2ut\\\/\"]}]},{\"@type\":\"ImageObject\",\"inLanguage\":\"fr-FR\",\"@id\":\"https:\\\/\\\/saiga.es\\\/fr\\\/produit\\\/pile-bouton-alcaline-kodak-2025-blister-2ut\\\/#primaryimage\",\"url\":\"https:\\\/\\\/saiga.es\\\/wp-content\\\/uploads\\\/2024\\\/05\\\/0157307_base30417670-pila-litio-cr2025-3v-2.jpeg\",\"contentUrl\":\"https:\\\/\\\/saiga.es\\\/wp-content\\\/uploads\\\/2024\\\/05\\\/0157307_base30417670-pila-litio-cr2025-3v-2.jpeg\",\"width\":600,\"height\":600},{\"@type\":\"BreadcrumbList\",\"@id\":\"https:\\\/\\\/saiga.es\\\/fr\\\/produit\\\/pile-bouton-alcaline-kodak-2025-blister-2ut\\\/#breadcrumb\",\"itemListElement\":[{\"@type\":\"ListItem\",\"position\":1,\"name\":\"Inici\",\"item\":\"https:\\\/\\\/saiga.es\\\/fr\\\/\"},{\"@type\":\"ListItem\",\"position\":2,\"name\":\"boutique\",\"item\":\"https:\\\/\\\/saiga.es\\\/fr\\\/boutique\\\/\"},{\"@type\":\"ListItem\",\"position\":3,\"name\":\"Pile bouton alcaline Kodak 2025 blister 2ut.\"}]},{\"@type\":\"WebSite\",\"@id\":\"https:\\\/\\\/saiga.es\\\/fr\\\/#website\",\"url\":\"https:\\\/\\\/saiga.es\\\/fr\\\/\",\"name\":\"SAIGA\",\"description\":\"M\u00e9s de 50 anys al servei de la terra i treballant per a un \u00fas eficient de l\u2019aigua!\",\"publisher\":{\"@id\":\"https:\\\/\\\/saiga.es\\\/fr\\\/#organization\"},\"potentialAction\":[{\"@type\":\"SearchAction\",\"target\":{\"@type\":\"EntryPoint\",\"urlTemplate\":\"https:\\\/\\\/saiga.es\\\/fr\\\/?s={search_term_string}\"},\"query-input\":{\"@type\":\"PropertyValueSpecification\",\"valueRequired\":true,\"valueName\":\"search_term_string\"}}],\"inLanguage\":\"fr-FR\"},{\"@type\":\"Organization\",\"@id\":\"https:\\\/\\\/saiga.es\\\/fr\\\/#organization\",\"name\":\"SAIGA\",\"url\":\"https:\\\/\\\/saiga.es\\\/fr\\\/\",\"logo\":{\"@type\":\"ImageObject\",\"inLanguage\":\"fr-FR\",\"@id\":\"https:\\\/\\\/saiga.es\\\/fr\\\/#\\\/schema\\\/logo\\\/image\\\/\",\"url\":\"https:\\\/\\\/saiga.es\\\/wp-content\\\/uploads\\\/2025\\\/07\\\/logo_saiga_baseline_optimitzat.svg\",\"contentUrl\":\"https:\\\/\\\/saiga.es\\\/wp-content\\\/uploads\\\/2025\\\/07\\\/logo_saiga_baseline_optimitzat.svg\",\"caption\":\"SAIGA\"},\"image\":{\"@id\":\"https:\\\/\\\/saiga.es\\\/fr\\\/#\\\/schema\\\/logo\\\/image\\\/\"},\"sameAs\":[\"https:\\\/\\\/x.com\\\/saiga_agro\",\"https:\\\/\\\/www.instagram.com\\\/saiga_agro\\\/\"]}]}<\/script>\n<!-- \/ Yoast SEO plugin. -->","yoast_head_json":{"title":"Pile bouton alcaline Kodak 2025 blister 2ut. | SAIGA","description":"Les piles alcalines Kodak garantissent une source d'alimentation fiable et durable, sp\u00e9cialement con\u00e7ue pour les appareils \u00e9lectroniques du quotidien.","robots":{"index":"index","follow":"follow","max-snippet":"max-snippet:-1","max-image-preview":"max-image-preview:large","max-video-preview":"max-video-preview:-1"},"canonical":"https:\/\/saiga.es\/fr\/produit\/pile-bouton-alcaline-kodak-2025-blister-2ut\/","og_locale":"fr_FR","og_type":"article","og_title":"Pile bouton alcaline Kodak 2025 blister 2ut. | SAIGA","og_description":"Les piles alcalines Kodak garantissent une source d'alimentation fiable et durable, sp\u00e9cialement con\u00e7ue pour les appareils \u00e9lectroniques du quotidien.","og_url":"https:\/\/saiga.es\/fr\/produit\/pile-bouton-alcaline-kodak-2025-blister-2ut\/","og_site_name":"SAIGA","article_modified_time":"2025-08-28T15:56:09+00:00","og_image":[{"width":600,"height":600,"url":"https:\/\/saiga.es\/wp-content\/uploads\/2024\/05\/0157307_base30417670-pila-litio-cr2025-3v-2.jpeg","type":"image\/jpeg"}],"twitter_card":"summary_large_image","twitter_site":"@saiga_agro","schema":{"@context":"https:\/\/schema.org","@graph":[{"@type":"WebPage","@id":"https:\/\/saiga.es\/fr\/produit\/pile-bouton-alcaline-kodak-2025-blister-2ut\/","url":"https:\/\/saiga.es\/fr\/produit\/pile-bouton-alcaline-kodak-2025-blister-2ut\/","name":"Pile bouton alcaline Kodak 2025 blister 2ut. | SAIGA","isPartOf":{"@id":"https:\/\/saiga.es\/fr\/#website"},"primaryImageOfPage":{"@id":"https:\/\/saiga.es\/fr\/produit\/pile-bouton-alcaline-kodak-2025-blister-2ut\/#primaryimage"},"image":{"@id":"https:\/\/saiga.es\/fr\/produit\/pile-bouton-alcaline-kodak-2025-blister-2ut\/#primaryimage"},"thumbnailUrl":"https:\/\/saiga.es\/wp-content\/uploads\/2024\/05\/0157307_base30417670-pila-litio-cr2025-3v-2.jpeg","datePublished":"2024-05-23T13:38:38+00:00","dateModified":"2025-08-28T15:56:09+00:00","description":"Les piles alcalines Kodak garantissent une source d'alimentation fiable et durable, sp\u00e9cialement con\u00e7ue pour les appareils \u00e9lectroniques du quotidien.","breadcrumb":{"@id":"https:\/\/saiga.es\/fr\/produit\/pile-bouton-alcaline-kodak-2025-blister-2ut\/#breadcrumb"},"inLanguage":"fr-FR","potentialAction":[{"@type":"ReadAction","target":["https:\/\/saiga.es\/fr\/produit\/pile-bouton-alcaline-kodak-2025-blister-2ut\/"]}]},{"@type":"ImageObject","inLanguage":"fr-FR","@id":"https:\/\/saiga.es\/fr\/produit\/pile-bouton-alcaline-kodak-2025-blister-2ut\/#primaryimage","url":"https:\/\/saiga.es\/wp-content\/uploads\/2024\/05\/0157307_base30417670-pila-litio-cr2025-3v-2.jpeg","contentUrl":"https:\/\/saiga.es\/wp-content\/uploads\/2024\/05\/0157307_base30417670-pila-litio-cr2025-3v-2.jpeg","width":600,"height":600},{"@type":"BreadcrumbList","@id":"https:\/\/saiga.es\/fr\/produit\/pile-bouton-alcaline-kodak-2025-blister-2ut\/#breadcrumb","itemListElement":[{"@type":"ListItem","position":1,"name":"Inici","item":"https:\/\/saiga.es\/fr\/"},{"@type":"ListItem","position":2,"name":"boutique","item":"https:\/\/saiga.es\/fr\/boutique\/"},{"@type":"ListItem","position":3,"name":"Pile bouton alcaline Kodak 2025 blister 2ut."}]},{"@type":"WebSite","@id":"https:\/\/saiga.es\/fr\/#website","url":"https:\/\/saiga.es\/fr\/","name":"SAIGA","description":"M\u00e9s de 50 anys al servei de la terra i treballant per a un \u00fas eficient de l\u2019aigua!","publisher":{"@id":"https:\/\/saiga.es\/fr\/#organization"},"potentialAction":[{"@type":"SearchAction","target":{"@type":"EntryPoint","urlTemplate":"https:\/\/saiga.es\/fr\/?s={search_term_string}"},"query-input":{"@type":"PropertyValueSpecification","valueRequired":true,"valueName":"search_term_string"}}],"inLanguage":"fr-FR"},{"@type":"Organization","@id":"https:\/\/saiga.es\/fr\/#organization","name":"SAIGA","url":"https:\/\/saiga.es\/fr\/","logo":{"@type":"ImageObject","inLanguage":"fr-FR","@id":"https:\/\/saiga.es\/fr\/#\/schema\/logo\/image\/","url":"https:\/\/saiga.es\/wp-content\/uploads\/2025\/07\/logo_saiga_baseline_optimitzat.svg","contentUrl":"https:\/\/saiga.es\/wp-content\/uploads\/2025\/07\/logo_saiga_baseline_optimitzat.svg","caption":"SAIGA"},"image":{"@id":"https:\/\/saiga.es\/fr\/#\/schema\/logo\/image\/"},"sameAs":["https:\/\/x.com\/saiga_agro","https:\/\/www.instagram.com\/saiga_agro\/"]}]}},"_links":{"self":[{"href":"https:\/\/saiga.es\/fr\/wp-json\/wp\/v2\/product\/10463","targetHints":{"allow":["GET"]}}],"collection":[{"href":"https:\/\/saiga.es\/fr\/wp-json\/wp\/v2\/product"}],"about":[{"href":"https:\/\/saiga.es\/fr\/wp-json\/wp\/v2\/types\/product"}],"replies":[{"embeddable":true,"href":"https:\/\/saiga.es\/fr\/wp-json\/wp\/v2\/comments?post=10463"}],"wp:featuredmedia":[{"embeddable":true,"href":"https:\/\/saiga.es\/fr\/wp-json\/wp\/v2\/media\/10352"}],"wp:attachment":[{"href":"https:\/\/saiga.es\/fr\/wp-json\/wp\/v2\/media?parent=10463"}],"wp:term":[{"taxonomy":"product_brand","embeddable":true,"href":"https:\/\/saiga.es\/fr\/wp-json\/wp\/v2\/product_brand?post=10463"},{"taxonomy":"product_cat","embeddable":true,"href":"https:\/\/saiga.es\/fr\/wp-json\/wp\/v2\/product_cat?post=10463"},{"taxonomy":"product_tag","embeddable":true,"href":"https:\/\/saiga.es\/fr\/wp-json\/wp\/v2\/product_tag?post=10463"}],"curies":[{"name":"wp","href":"https:\/\/api.w.org\/{rel}","templated":true}]}}