{"id":10493,"date":"2024-04-25T08:59:31","date_gmt":"2024-04-25T08:59:31","guid":{"rendered":"https:\/\/botiga.saiga.es\/producte\/adhesif-ultraunique-3gr\/"},"modified":"2024-04-25T08:59:31","modified_gmt":"2024-04-25T08:59:31","slug":"adhesif-ultraunique-3gr","status":"publish","type":"product","link":"https:\/\/saiga.es\/fr\/produit\/adhesif-ultraunique-3gr\/","title":{"rendered":"Adh\u00e9sif ultraunique 3gr"},"content":{"rendered":"<p>Adh\u00e9sif ultraunique 3gr<\/p>\n<p>Ceys Ultraunick est l&rsquo;adh\u00e9sif universel instantan\u00e9 non fragile, ultra r\u00e9sistant, ultra rapide et s\u00fbr. Fournit une liaison parfaite en 10 secondes. Collez tous les mat\u00e9riaux. La nouvelle technologie \u00e0 deux composants de Ceys combine la r\u00e9sistance du cyano avec la flexibilit\u00e9 de la r\u00e9sine, apportant une adaptabilit\u00e9 au liant.<\/p>\n","protected":false},"excerpt":{"rendered":"<p>Adh\u00e9sif ultraunique 3gr<\/p>\n<p>Ceys Ultraunick est l&rsquo;adh\u00e9sif universel instantan\u00e9 non fragile, ultra r\u00e9sistant, ultra rapide et s\u00fbr. Fournit une liaison parfaite en 10 secondes. Collez tous les mat\u00e9riaux. La nouvelle technologie \u00e0 deux composants de Ceys combine la r\u00e9sistance du cyano avec la flexibilit\u00e9 de la r\u00e9sine, apportant une adaptabilit\u00e9 au liant.<\/p>\n","protected":false},"featured_media":9927,"comment_status":"open","ping_status":"closed","template":"","meta":[],"product_brand":[],"product_cat":[1325],"product_tag":[],"class_list":{"0":"post-10493","1":"product","2":"type-product","3":"status-publish","4":"has-post-thumbnail","6":"product_cat-diy","8":"first","9":"instock","10":"taxable","11":"shipping-taxable","12":"purchasable","13":"product-type-simple"},"yoast_head":"<!-- This site is optimized with the Yoast SEO plugin v27.3 - https:\/\/yoast.com\/product\/yoast-seo-wordpress\/ -->\n<title>Adh\u00e9sif ultraunique 3gr | SAIGA<\/title>\n<meta name=\"description\" content=\"Adh\u00e9sif universel instantan\u00e9, ultra r\u00e9sistant et s\u00e9curis\u00e9. Colle tous les mat\u00e9riaux en 10 secondes gr\u00e2ce \u00e0 la technologie double cyan et r\u00e9sine.\" \/>\n<meta name=\"robots\" content=\"index, follow, max-snippet:-1, max-image-preview:large, max-video-preview:-1\" \/>\n<link rel=\"canonical\" href=\"https:\/\/saiga.es\/fr\/produit\/adhesif-ultraunique-3gr\/\" \/>\n<meta property=\"og:locale\" content=\"fr_FR\" \/>\n<meta property=\"og:type\" content=\"article\" \/>\n<meta property=\"og:title\" content=\"Adh\u00e9sif ultraunique 3gr | SAIGA\" \/>\n<meta property=\"og:description\" content=\"Adh\u00e9sif universel instantan\u00e9, ultra r\u00e9sistant et s\u00e9curis\u00e9. Colle tous les mat\u00e9riaux en 10 secondes gr\u00e2ce \u00e0 la technologie double cyan et r\u00e9sine.\" \/>\n<meta property=\"og:url\" content=\"https:\/\/saiga.es\/fr\/produit\/adhesif-ultraunique-3gr\/\" \/>\n<meta property=\"og:site_name\" content=\"SAIGA\" \/>\n<meta property=\"og:image\" content=\"https:\/\/saiga.es\/wp-content\/uploads\/2024\/04\/ceys-ultraunick-poder-extremo-3g-24-uds-504286-8411519742039-95628-ceys.jpg\" \/>\n\t<meta property=\"og:image:width\" content=\"1100\" \/>\n\t<meta property=\"og:image:height\" content=\"1422\" \/>\n\t<meta property=\"og:image:type\" content=\"image\/jpeg\" \/>\n<meta name=\"twitter:card\" content=\"summary_large_image\" \/>\n<meta name=\"twitter:site\" content=\"@saiga_agro\" \/>\n<script type=\"application\/ld+json\" class=\"yoast-schema-graph\">{\"@context\":\"https:\\\/\\\/schema.org\",\"@graph\":[{\"@type\":\"WebPage\",\"@id\":\"https:\\\/\\\/saiga.es\\\/fr\\\/produit\\\/adhesif-ultraunique-3gr\\\/\",\"url\":\"https:\\\/\\\/saiga.es\\\/fr\\\/produit\\\/adhesif-ultraunique-3gr\\\/\",\"name\":\"Adh\u00e9sif ultraunique 3gr | SAIGA\",\"isPartOf\":{\"@id\":\"https:\\\/\\\/saiga.es\\\/fr\\\/#website\"},\"primaryImageOfPage\":{\"@id\":\"https:\\\/\\\/saiga.es\\\/fr\\\/produit\\\/adhesif-ultraunique-3gr\\\/#primaryimage\"},\"image\":{\"@id\":\"https:\\\/\\\/saiga.es\\\/fr\\\/produit\\\/adhesif-ultraunique-3gr\\\/#primaryimage\"},\"thumbnailUrl\":\"https:\\\/\\\/saiga.es\\\/wp-content\\\/uploads\\\/2024\\\/04\\\/ceys-ultraunick-poder-extremo-3g-24-uds-504286-8411519742039-95628-ceys.jpg\",\"datePublished\":\"2024-04-25T08:59:31+00:00\",\"description\":\"Adh\u00e9sif universel instantan\u00e9, ultra r\u00e9sistant et s\u00e9curis\u00e9. Colle tous les mat\u00e9riaux en 10 secondes gr\u00e2ce \u00e0 la technologie double cyan et r\u00e9sine.\",\"breadcrumb\":{\"@id\":\"https:\\\/\\\/saiga.es\\\/fr\\\/produit\\\/adhesif-ultraunique-3gr\\\/#breadcrumb\"},\"inLanguage\":\"fr-FR\",\"potentialAction\":[{\"@type\":\"ReadAction\",\"target\":[\"https:\\\/\\\/saiga.es\\\/fr\\\/produit\\\/adhesif-ultraunique-3gr\\\/\"]}]},{\"@type\":\"ImageObject\",\"inLanguage\":\"fr-FR\",\"@id\":\"https:\\\/\\\/saiga.es\\\/fr\\\/produit\\\/adhesif-ultraunique-3gr\\\/#primaryimage\",\"url\":\"https:\\\/\\\/saiga.es\\\/wp-content\\\/uploads\\\/2024\\\/04\\\/ceys-ultraunick-poder-extremo-3g-24-uds-504286-8411519742039-95628-ceys.jpg\",\"contentUrl\":\"https:\\\/\\\/saiga.es\\\/wp-content\\\/uploads\\\/2024\\\/04\\\/ceys-ultraunick-poder-extremo-3g-24-uds-504286-8411519742039-95628-ceys.jpg\",\"width\":1100,\"height\":1422},{\"@type\":\"BreadcrumbList\",\"@id\":\"https:\\\/\\\/saiga.es\\\/fr\\\/produit\\\/adhesif-ultraunique-3gr\\\/#breadcrumb\",\"itemListElement\":[{\"@type\":\"ListItem\",\"position\":1,\"name\":\"Inici\",\"item\":\"https:\\\/\\\/saiga.es\\\/fr\\\/\"},{\"@type\":\"ListItem\",\"position\":2,\"name\":\"boutique\",\"item\":\"https:\\\/\\\/saiga.es\\\/fr\\\/boutique\\\/\"},{\"@type\":\"ListItem\",\"position\":3,\"name\":\"Adh\u00e9sif ultraunique 3gr\"}]},{\"@type\":\"WebSite\",\"@id\":\"https:\\\/\\\/saiga.es\\\/fr\\\/#website\",\"url\":\"https:\\\/\\\/saiga.es\\\/fr\\\/\",\"name\":\"SAIGA\",\"description\":\"M\u00e9s de 50 anys al servei de la terra i treballant per a un \u00fas eficient de l\u2019aigua!\",\"publisher\":{\"@id\":\"https:\\\/\\\/saiga.es\\\/fr\\\/#organization\"},\"potentialAction\":[{\"@type\":\"SearchAction\",\"target\":{\"@type\":\"EntryPoint\",\"urlTemplate\":\"https:\\\/\\\/saiga.es\\\/fr\\\/?s={search_term_string}\"},\"query-input\":{\"@type\":\"PropertyValueSpecification\",\"valueRequired\":true,\"valueName\":\"search_term_string\"}}],\"inLanguage\":\"fr-FR\"},{\"@type\":\"Organization\",\"@id\":\"https:\\\/\\\/saiga.es\\\/fr\\\/#organization\",\"name\":\"SAIGA\",\"url\":\"https:\\\/\\\/saiga.es\\\/fr\\\/\",\"logo\":{\"@type\":\"ImageObject\",\"inLanguage\":\"fr-FR\",\"@id\":\"https:\\\/\\\/saiga.es\\\/fr\\\/#\\\/schema\\\/logo\\\/image\\\/\",\"url\":\"https:\\\/\\\/saiga.es\\\/wp-content\\\/uploads\\\/2025\\\/07\\\/logo_saiga_baseline_optimitzat.svg\",\"contentUrl\":\"https:\\\/\\\/saiga.es\\\/wp-content\\\/uploads\\\/2025\\\/07\\\/logo_saiga_baseline_optimitzat.svg\",\"caption\":\"SAIGA\"},\"image\":{\"@id\":\"https:\\\/\\\/saiga.es\\\/fr\\\/#\\\/schema\\\/logo\\\/image\\\/\"},\"sameAs\":[\"https:\\\/\\\/x.com\\\/saiga_agro\",\"https:\\\/\\\/www.instagram.com\\\/saiga_agro\\\/\"]}]}<\/script>\n<!-- \/ Yoast SEO plugin. -->","yoast_head_json":{"title":"Adh\u00e9sif ultraunique 3gr | SAIGA","description":"Adh\u00e9sif universel instantan\u00e9, ultra r\u00e9sistant et s\u00e9curis\u00e9. Colle tous les mat\u00e9riaux en 10 secondes gr\u00e2ce \u00e0 la technologie double cyan et r\u00e9sine.","robots":{"index":"index","follow":"follow","max-snippet":"max-snippet:-1","max-image-preview":"max-image-preview:large","max-video-preview":"max-video-preview:-1"},"canonical":"https:\/\/saiga.es\/fr\/produit\/adhesif-ultraunique-3gr\/","og_locale":"fr_FR","og_type":"article","og_title":"Adh\u00e9sif ultraunique 3gr | SAIGA","og_description":"Adh\u00e9sif universel instantan\u00e9, ultra r\u00e9sistant et s\u00e9curis\u00e9. Colle tous les mat\u00e9riaux en 10 secondes gr\u00e2ce \u00e0 la technologie double cyan et r\u00e9sine.","og_url":"https:\/\/saiga.es\/fr\/produit\/adhesif-ultraunique-3gr\/","og_site_name":"SAIGA","og_image":[{"width":1100,"height":1422,"url":"https:\/\/saiga.es\/wp-content\/uploads\/2024\/04\/ceys-ultraunick-poder-extremo-3g-24-uds-504286-8411519742039-95628-ceys.jpg","type":"image\/jpeg"}],"twitter_card":"summary_large_image","twitter_site":"@saiga_agro","schema":{"@context":"https:\/\/schema.org","@graph":[{"@type":"WebPage","@id":"https:\/\/saiga.es\/fr\/produit\/adhesif-ultraunique-3gr\/","url":"https:\/\/saiga.es\/fr\/produit\/adhesif-ultraunique-3gr\/","name":"Adh\u00e9sif ultraunique 3gr | SAIGA","isPartOf":{"@id":"https:\/\/saiga.es\/fr\/#website"},"primaryImageOfPage":{"@id":"https:\/\/saiga.es\/fr\/produit\/adhesif-ultraunique-3gr\/#primaryimage"},"image":{"@id":"https:\/\/saiga.es\/fr\/produit\/adhesif-ultraunique-3gr\/#primaryimage"},"thumbnailUrl":"https:\/\/saiga.es\/wp-content\/uploads\/2024\/04\/ceys-ultraunick-poder-extremo-3g-24-uds-504286-8411519742039-95628-ceys.jpg","datePublished":"2024-04-25T08:59:31+00:00","description":"Adh\u00e9sif universel instantan\u00e9, ultra r\u00e9sistant et s\u00e9curis\u00e9. Colle tous les mat\u00e9riaux en 10 secondes gr\u00e2ce \u00e0 la technologie double cyan et r\u00e9sine.","breadcrumb":{"@id":"https:\/\/saiga.es\/fr\/produit\/adhesif-ultraunique-3gr\/#breadcrumb"},"inLanguage":"fr-FR","potentialAction":[{"@type":"ReadAction","target":["https:\/\/saiga.es\/fr\/produit\/adhesif-ultraunique-3gr\/"]}]},{"@type":"ImageObject","inLanguage":"fr-FR","@id":"https:\/\/saiga.es\/fr\/produit\/adhesif-ultraunique-3gr\/#primaryimage","url":"https:\/\/saiga.es\/wp-content\/uploads\/2024\/04\/ceys-ultraunick-poder-extremo-3g-24-uds-504286-8411519742039-95628-ceys.jpg","contentUrl":"https:\/\/saiga.es\/wp-content\/uploads\/2024\/04\/ceys-ultraunick-poder-extremo-3g-24-uds-504286-8411519742039-95628-ceys.jpg","width":1100,"height":1422},{"@type":"BreadcrumbList","@id":"https:\/\/saiga.es\/fr\/produit\/adhesif-ultraunique-3gr\/#breadcrumb","itemListElement":[{"@type":"ListItem","position":1,"name":"Inici","item":"https:\/\/saiga.es\/fr\/"},{"@type":"ListItem","position":2,"name":"boutique","item":"https:\/\/saiga.es\/fr\/boutique\/"},{"@type":"ListItem","position":3,"name":"Adh\u00e9sif ultraunique 3gr"}]},{"@type":"WebSite","@id":"https:\/\/saiga.es\/fr\/#website","url":"https:\/\/saiga.es\/fr\/","name":"SAIGA","description":"M\u00e9s de 50 anys al servei de la terra i treballant per a un \u00fas eficient de l\u2019aigua!","publisher":{"@id":"https:\/\/saiga.es\/fr\/#organization"},"potentialAction":[{"@type":"SearchAction","target":{"@type":"EntryPoint","urlTemplate":"https:\/\/saiga.es\/fr\/?s={search_term_string}"},"query-input":{"@type":"PropertyValueSpecification","valueRequired":true,"valueName":"search_term_string"}}],"inLanguage":"fr-FR"},{"@type":"Organization","@id":"https:\/\/saiga.es\/fr\/#organization","name":"SAIGA","url":"https:\/\/saiga.es\/fr\/","logo":{"@type":"ImageObject","inLanguage":"fr-FR","@id":"https:\/\/saiga.es\/fr\/#\/schema\/logo\/image\/","url":"https:\/\/saiga.es\/wp-content\/uploads\/2025\/07\/logo_saiga_baseline_optimitzat.svg","contentUrl":"https:\/\/saiga.es\/wp-content\/uploads\/2025\/07\/logo_saiga_baseline_optimitzat.svg","caption":"SAIGA"},"image":{"@id":"https:\/\/saiga.es\/fr\/#\/schema\/logo\/image\/"},"sameAs":["https:\/\/x.com\/saiga_agro","https:\/\/www.instagram.com\/saiga_agro\/"]}]}},"_links":{"self":[{"href":"https:\/\/saiga.es\/fr\/wp-json\/wp\/v2\/product\/10493","targetHints":{"allow":["GET"]}}],"collection":[{"href":"https:\/\/saiga.es\/fr\/wp-json\/wp\/v2\/product"}],"about":[{"href":"https:\/\/saiga.es\/fr\/wp-json\/wp\/v2\/types\/product"}],"replies":[{"embeddable":true,"href":"https:\/\/saiga.es\/fr\/wp-json\/wp\/v2\/comments?post=10493"}],"wp:featuredmedia":[{"embeddable":true,"href":"https:\/\/saiga.es\/fr\/wp-json\/wp\/v2\/media\/9927"}],"wp:attachment":[{"href":"https:\/\/saiga.es\/fr\/wp-json\/wp\/v2\/media?parent=10493"}],"wp:term":[{"taxonomy":"product_brand","embeddable":true,"href":"https:\/\/saiga.es\/fr\/wp-json\/wp\/v2\/product_brand?post=10493"},{"taxonomy":"product_cat","embeddable":true,"href":"https:\/\/saiga.es\/fr\/wp-json\/wp\/v2\/product_cat?post=10493"},{"taxonomy":"product_tag","embeddable":true,"href":"https:\/\/saiga.es\/fr\/wp-json\/wp\/v2\/product_tag?post=10493"}],"curies":[{"name":"wp","href":"https:\/\/api.w.org\/{rel}","templated":true}]}}