{"id":10495,"date":"2024-04-23T08:24:09","date_gmt":"2024-04-23T08:24:09","guid":{"rendered":"https:\/\/botiga.saiga.es\/producte\/ruban-de-reparation-ceys-3m-x-25-mm\/"},"modified":"2024-04-23T08:24:09","modified_gmt":"2024-04-23T08:24:09","slug":"ruban-de-reparation-ceys-3m-x-25-mm","status":"publish","type":"product","link":"https:\/\/saiga.es\/fr\/produit\/ruban-de-reparation-ceys-3m-x-25-mm\/","title":{"rendered":"Ruban de r\u00e9paration Ceys 3m x 25 mm"},"content":{"rendered":"<p>Ruban de r\u00e9paration Ceys 3m x 25 mm<\/p>\n<p>Ruban auto-adh\u00e9sif multifonctionnel qui fusionne avec lui-m\u00eame pour cr\u00e9er une couche compacte et herm\u00e9tique, adapt\u00e9e \u00e0 tous types de mat\u00e9riaux. R\u00e9paration, isolation et \u00e9tanch\u00e9it\u00e9 rapides sans adh\u00e9sifs ni d\u00e9chets. Compl\u00e8tement transparent.<\/p>\n","protected":false},"excerpt":{"rendered":"<p>Ruban de r\u00e9paration Ceys 3m x 25 mm<\/p>\n<p>Ruban auto-adh\u00e9sif multifonctionnel qui fusionne avec lui-m\u00eame pour cr\u00e9er une couche compacte et herm\u00e9tique, adapt\u00e9e \u00e0 tous types de mat\u00e9riaux. R\u00e9paration, isolation et \u00e9tanch\u00e9it\u00e9 rapides sans adh\u00e9sifs ni d\u00e9chets. Compl\u00e8tement transparent.<\/p>\n","protected":false},"featured_media":9898,"comment_status":"open","ping_status":"closed","template":"","meta":[],"product_brand":[],"product_cat":[1325],"product_tag":[],"class_list":{"0":"post-10495","1":"product","2":"type-product","3":"status-publish","4":"has-post-thumbnail","6":"product_cat-diy","8":"first","9":"instock","10":"taxable","11":"shipping-taxable","12":"purchasable","13":"product-type-simple"},"yoast_head":"<!-- This site is optimized with the Yoast SEO plugin v27.5 - https:\/\/yoast.com\/product\/yoast-seo-wordpress\/ -->\n<title>Ruban de r\u00e9paration Ceys 3m x 25 mm | SAIGA<\/title>\n<meta name=\"description\" content=\"Ruban adh\u00e9sif 3M polyvalent, herm\u00e9tique et transparent qui adh\u00e8re \u00e0 lui-m\u00eame sans adh\u00e9sif pour des r\u00e9parations rapides et une \u00e9tanch\u00e9it\u00e9 sur tous les mat\u00e9riaux.\" \/>\n<meta name=\"robots\" content=\"index, follow, max-snippet:-1, max-image-preview:large, max-video-preview:-1\" \/>\n<link rel=\"canonical\" href=\"https:\/\/saiga.es\/fr\/produit\/ruban-de-reparation-ceys-3m-x-25-mm\/\" \/>\n<meta property=\"og:locale\" content=\"fr_FR\" \/>\n<meta property=\"og:type\" content=\"article\" \/>\n<meta property=\"og:title\" content=\"Ruban de r\u00e9paration Ceys 3m x 25 mm | SAIGA\" \/>\n<meta property=\"og:description\" content=\"Ruban adh\u00e9sif 3M polyvalent, herm\u00e9tique et transparent qui adh\u00e8re \u00e0 lui-m\u00eame sans adh\u00e9sif pour des r\u00e9parations rapides et une \u00e9tanch\u00e9it\u00e9 sur tous les mat\u00e9riaux.\" \/>\n<meta property=\"og:url\" content=\"https:\/\/saiga.es\/fr\/produit\/ruban-de-reparation-ceys-3m-x-25-mm\/\" \/>\n<meta property=\"og:site_name\" content=\"SAIGA\" \/>\n<meta property=\"og:image\" content=\"https:\/\/saiga.es\/wp-content\/uploads\/2024\/04\/666x1200.jpg\" \/>\n\t<meta property=\"og:image:width\" content=\"666\" \/>\n\t<meta property=\"og:image:height\" content=\"1200\" \/>\n\t<meta property=\"og:image:type\" content=\"image\/jpeg\" \/>\n<meta name=\"twitter:card\" content=\"summary_large_image\" \/>\n<meta name=\"twitter:site\" content=\"@saiga_agro\" \/>\n<script type=\"application\/ld+json\" class=\"yoast-schema-graph\">{\"@context\":\"https:\\\/\\\/schema.org\",\"@graph\":[{\"@type\":\"WebPage\",\"@id\":\"https:\\\/\\\/saiga.es\\\/fr\\\/produit\\\/ruban-de-reparation-ceys-3m-x-25-mm\\\/\",\"url\":\"https:\\\/\\\/saiga.es\\\/fr\\\/produit\\\/ruban-de-reparation-ceys-3m-x-25-mm\\\/\",\"name\":\"Ruban de r\u00e9paration Ceys 3m x 25 mm | SAIGA\",\"isPartOf\":{\"@id\":\"https:\\\/\\\/saiga.es\\\/fr\\\/#website\"},\"primaryImageOfPage\":{\"@id\":\"https:\\\/\\\/saiga.es\\\/fr\\\/produit\\\/ruban-de-reparation-ceys-3m-x-25-mm\\\/#primaryimage\"},\"image\":{\"@id\":\"https:\\\/\\\/saiga.es\\\/fr\\\/produit\\\/ruban-de-reparation-ceys-3m-x-25-mm\\\/#primaryimage\"},\"thumbnailUrl\":\"https:\\\/\\\/saiga.es\\\/wp-content\\\/uploads\\\/2024\\\/04\\\/666x1200.jpg\",\"datePublished\":\"2024-04-23T08:24:09+00:00\",\"description\":\"Ruban adh\u00e9sif 3M polyvalent, herm\u00e9tique et transparent qui adh\u00e8re \u00e0 lui-m\u00eame sans adh\u00e9sif pour des r\u00e9parations rapides et une \u00e9tanch\u00e9it\u00e9 sur tous les mat\u00e9riaux.\",\"breadcrumb\":{\"@id\":\"https:\\\/\\\/saiga.es\\\/fr\\\/produit\\\/ruban-de-reparation-ceys-3m-x-25-mm\\\/#breadcrumb\"},\"inLanguage\":\"fr-FR\",\"potentialAction\":[{\"@type\":\"ReadAction\",\"target\":[\"https:\\\/\\\/saiga.es\\\/fr\\\/produit\\\/ruban-de-reparation-ceys-3m-x-25-mm\\\/\"]}]},{\"@type\":\"ImageObject\",\"inLanguage\":\"fr-FR\",\"@id\":\"https:\\\/\\\/saiga.es\\\/fr\\\/produit\\\/ruban-de-reparation-ceys-3m-x-25-mm\\\/#primaryimage\",\"url\":\"https:\\\/\\\/saiga.es\\\/wp-content\\\/uploads\\\/2024\\\/04\\\/666x1200.jpg\",\"contentUrl\":\"https:\\\/\\\/saiga.es\\\/wp-content\\\/uploads\\\/2024\\\/04\\\/666x1200.jpg\",\"width\":666,\"height\":1200},{\"@type\":\"BreadcrumbList\",\"@id\":\"https:\\\/\\\/saiga.es\\\/fr\\\/produit\\\/ruban-de-reparation-ceys-3m-x-25-mm\\\/#breadcrumb\",\"itemListElement\":[{\"@type\":\"ListItem\",\"position\":1,\"name\":\"Inici\",\"item\":\"https:\\\/\\\/saiga.es\\\/fr\\\/\"},{\"@type\":\"ListItem\",\"position\":2,\"name\":\"boutique\",\"item\":\"https:\\\/\\\/saiga.es\\\/fr\\\/boutique\\\/\"},{\"@type\":\"ListItem\",\"position\":3,\"name\":\"Ruban de r\u00e9paration Ceys 3m x 25 mm\"}]},{\"@type\":\"WebSite\",\"@id\":\"https:\\\/\\\/saiga.es\\\/fr\\\/#website\",\"url\":\"https:\\\/\\\/saiga.es\\\/fr\\\/\",\"name\":\"SAIGA\",\"description\":\"M\u00e9s de 50 anys al servei de la terra i treballant per a un \u00fas eficient de l\u2019aigua!\",\"publisher\":{\"@id\":\"https:\\\/\\\/saiga.es\\\/fr\\\/#organization\"},\"potentialAction\":[{\"@type\":\"SearchAction\",\"target\":{\"@type\":\"EntryPoint\",\"urlTemplate\":\"https:\\\/\\\/saiga.es\\\/fr\\\/?s={search_term_string}\"},\"query-input\":{\"@type\":\"PropertyValueSpecification\",\"valueRequired\":true,\"valueName\":\"search_term_string\"}}],\"inLanguage\":\"fr-FR\"},{\"@type\":\"Organization\",\"@id\":\"https:\\\/\\\/saiga.es\\\/fr\\\/#organization\",\"name\":\"SAIGA\",\"url\":\"https:\\\/\\\/saiga.es\\\/fr\\\/\",\"logo\":{\"@type\":\"ImageObject\",\"inLanguage\":\"fr-FR\",\"@id\":\"https:\\\/\\\/saiga.es\\\/fr\\\/#\\\/schema\\\/logo\\\/image\\\/\",\"url\":\"https:\\\/\\\/saiga.es\\\/wp-content\\\/uploads\\\/2025\\\/07\\\/logo_saiga_baseline_optimitzat.svg\",\"contentUrl\":\"https:\\\/\\\/saiga.es\\\/wp-content\\\/uploads\\\/2025\\\/07\\\/logo_saiga_baseline_optimitzat.svg\",\"caption\":\"SAIGA\"},\"image\":{\"@id\":\"https:\\\/\\\/saiga.es\\\/fr\\\/#\\\/schema\\\/logo\\\/image\\\/\"},\"sameAs\":[\"https:\\\/\\\/x.com\\\/saiga_agro\",\"https:\\\/\\\/www.instagram.com\\\/saiga_agro\\\/\"]}]}<\/script>\n<!-- \/ Yoast SEO plugin. -->","yoast_head_json":{"title":"Ruban de r\u00e9paration Ceys 3m x 25 mm | SAIGA","description":"Ruban adh\u00e9sif 3M polyvalent, herm\u00e9tique et transparent qui adh\u00e8re \u00e0 lui-m\u00eame sans adh\u00e9sif pour des r\u00e9parations rapides et une \u00e9tanch\u00e9it\u00e9 sur tous les mat\u00e9riaux.","robots":{"index":"index","follow":"follow","max-snippet":"max-snippet:-1","max-image-preview":"max-image-preview:large","max-video-preview":"max-video-preview:-1"},"canonical":"https:\/\/saiga.es\/fr\/produit\/ruban-de-reparation-ceys-3m-x-25-mm\/","og_locale":"fr_FR","og_type":"article","og_title":"Ruban de r\u00e9paration Ceys 3m x 25 mm | SAIGA","og_description":"Ruban adh\u00e9sif 3M polyvalent, herm\u00e9tique et transparent qui adh\u00e8re \u00e0 lui-m\u00eame sans adh\u00e9sif pour des r\u00e9parations rapides et une \u00e9tanch\u00e9it\u00e9 sur tous les mat\u00e9riaux.","og_url":"https:\/\/saiga.es\/fr\/produit\/ruban-de-reparation-ceys-3m-x-25-mm\/","og_site_name":"SAIGA","og_image":[{"width":666,"height":1200,"url":"https:\/\/saiga.es\/wp-content\/uploads\/2024\/04\/666x1200.jpg","type":"image\/jpeg"}],"twitter_card":"summary_large_image","twitter_site":"@saiga_agro","schema":{"@context":"https:\/\/schema.org","@graph":[{"@type":"WebPage","@id":"https:\/\/saiga.es\/fr\/produit\/ruban-de-reparation-ceys-3m-x-25-mm\/","url":"https:\/\/saiga.es\/fr\/produit\/ruban-de-reparation-ceys-3m-x-25-mm\/","name":"Ruban de r\u00e9paration Ceys 3m x 25 mm | SAIGA","isPartOf":{"@id":"https:\/\/saiga.es\/fr\/#website"},"primaryImageOfPage":{"@id":"https:\/\/saiga.es\/fr\/produit\/ruban-de-reparation-ceys-3m-x-25-mm\/#primaryimage"},"image":{"@id":"https:\/\/saiga.es\/fr\/produit\/ruban-de-reparation-ceys-3m-x-25-mm\/#primaryimage"},"thumbnailUrl":"https:\/\/saiga.es\/wp-content\/uploads\/2024\/04\/666x1200.jpg","datePublished":"2024-04-23T08:24:09+00:00","description":"Ruban adh\u00e9sif 3M polyvalent, herm\u00e9tique et transparent qui adh\u00e8re \u00e0 lui-m\u00eame sans adh\u00e9sif pour des r\u00e9parations rapides et une \u00e9tanch\u00e9it\u00e9 sur tous les mat\u00e9riaux.","breadcrumb":{"@id":"https:\/\/saiga.es\/fr\/produit\/ruban-de-reparation-ceys-3m-x-25-mm\/#breadcrumb"},"inLanguage":"fr-FR","potentialAction":[{"@type":"ReadAction","target":["https:\/\/saiga.es\/fr\/produit\/ruban-de-reparation-ceys-3m-x-25-mm\/"]}]},{"@type":"ImageObject","inLanguage":"fr-FR","@id":"https:\/\/saiga.es\/fr\/produit\/ruban-de-reparation-ceys-3m-x-25-mm\/#primaryimage","url":"https:\/\/saiga.es\/wp-content\/uploads\/2024\/04\/666x1200.jpg","contentUrl":"https:\/\/saiga.es\/wp-content\/uploads\/2024\/04\/666x1200.jpg","width":666,"height":1200},{"@type":"BreadcrumbList","@id":"https:\/\/saiga.es\/fr\/produit\/ruban-de-reparation-ceys-3m-x-25-mm\/#breadcrumb","itemListElement":[{"@type":"ListItem","position":1,"name":"Inici","item":"https:\/\/saiga.es\/fr\/"},{"@type":"ListItem","position":2,"name":"boutique","item":"https:\/\/saiga.es\/fr\/boutique\/"},{"@type":"ListItem","position":3,"name":"Ruban de r\u00e9paration Ceys 3m x 25 mm"}]},{"@type":"WebSite","@id":"https:\/\/saiga.es\/fr\/#website","url":"https:\/\/saiga.es\/fr\/","name":"SAIGA","description":"M\u00e9s de 50 anys al servei de la terra i treballant per a un \u00fas eficient de l\u2019aigua!","publisher":{"@id":"https:\/\/saiga.es\/fr\/#organization"},"potentialAction":[{"@type":"SearchAction","target":{"@type":"EntryPoint","urlTemplate":"https:\/\/saiga.es\/fr\/?s={search_term_string}"},"query-input":{"@type":"PropertyValueSpecification","valueRequired":true,"valueName":"search_term_string"}}],"inLanguage":"fr-FR"},{"@type":"Organization","@id":"https:\/\/saiga.es\/fr\/#organization","name":"SAIGA","url":"https:\/\/saiga.es\/fr\/","logo":{"@type":"ImageObject","inLanguage":"fr-FR","@id":"https:\/\/saiga.es\/fr\/#\/schema\/logo\/image\/","url":"https:\/\/saiga.es\/wp-content\/uploads\/2025\/07\/logo_saiga_baseline_optimitzat.svg","contentUrl":"https:\/\/saiga.es\/wp-content\/uploads\/2025\/07\/logo_saiga_baseline_optimitzat.svg","caption":"SAIGA"},"image":{"@id":"https:\/\/saiga.es\/fr\/#\/schema\/logo\/image\/"},"sameAs":["https:\/\/x.com\/saiga_agro","https:\/\/www.instagram.com\/saiga_agro\/"]}]}},"_links":{"self":[{"href":"https:\/\/saiga.es\/fr\/wp-json\/wp\/v2\/product\/10495","targetHints":{"allow":["GET"]}}],"collection":[{"href":"https:\/\/saiga.es\/fr\/wp-json\/wp\/v2\/product"}],"about":[{"href":"https:\/\/saiga.es\/fr\/wp-json\/wp\/v2\/types\/product"}],"replies":[{"embeddable":true,"href":"https:\/\/saiga.es\/fr\/wp-json\/wp\/v2\/comments?post=10495"}],"wp:featuredmedia":[{"embeddable":true,"href":"https:\/\/saiga.es\/fr\/wp-json\/wp\/v2\/media\/9898"}],"wp:attachment":[{"href":"https:\/\/saiga.es\/fr\/wp-json\/wp\/v2\/media?parent=10495"}],"wp:term":[{"taxonomy":"product_brand","embeddable":true,"href":"https:\/\/saiga.es\/fr\/wp-json\/wp\/v2\/product_brand?post=10495"},{"taxonomy":"product_cat","embeddable":true,"href":"https:\/\/saiga.es\/fr\/wp-json\/wp\/v2\/product_cat?post=10495"},{"taxonomy":"product_tag","embeddable":true,"href":"https:\/\/saiga.es\/fr\/wp-json\/wp\/v2\/product_tag?post=10495"}],"curies":[{"name":"wp","href":"https:\/\/api.w.org\/{rel}","templated":true}]}}