{"id":10497,"date":"2024-04-23T14:24:06","date_gmt":"2024-04-23T14:24:06","guid":{"rendered":"https:\/\/botiga.saiga.es\/producte\/montack-xpress-tube-260ml\/"},"modified":"2024-04-23T14:24:06","modified_gmt":"2024-04-23T14:24:06","slug":"montack-xpress-tube-260ml","status":"publish","type":"product","link":"https:\/\/saiga.es\/fr\/produit\/montack-xpress-tube-260ml\/","title":{"rendered":"Montack xpress tube 260ml"},"content":{"rendered":"<p>Montack xpress tube 260ml<\/p>\n<p>Cet autocollant de montage est \u00e9quip\u00e9 de la technologie innovante Xtra Grip, qui offre une adh\u00e9sion imm\u00e9diate et robuste. Assurer un ajustement s\u00fbr dans une grande vari\u00e9t\u00e9 de mat\u00e9riaux. De plus, sa polyvalence lui permet d&rsquo;\u00eatre utilis\u00e9 aussi bien dans des environnements int\u00e9rieurs qu&rsquo;ext\u00e9rieurs, et est id\u00e9al pour les applications sur des surfaces d\u00e9licates et m\u00eame humides.<\/p>\n","protected":false},"excerpt":{"rendered":"<p>Montack xpress tube 260ml<\/p>\n<p>Cet autocollant de montage est \u00e9quip\u00e9 de la technologie innovante Xtra Grip, qui offre une adh\u00e9sion imm\u00e9diate et robuste. Assurer un ajustement s\u00fbr dans une grande vari\u00e9t\u00e9 de mat\u00e9riaux. De plus, sa polyvalence lui permet d&rsquo;\u00eatre utilis\u00e9 aussi bien dans des environnements int\u00e9rieurs qu&rsquo;ext\u00e9rieurs, et est id\u00e9al pour les applications sur des surfaces d\u00e9licates et m\u00eame humides.<\/p>\n","protected":false},"featured_media":9906,"comment_status":"open","ping_status":"closed","template":"","meta":[],"product_brand":[],"product_cat":[1325],"product_tag":[],"class_list":{"0":"post-10497","1":"product","2":"type-product","3":"status-publish","4":"has-post-thumbnail","6":"product_cat-diy","8":"first","9":"instock","10":"taxable","11":"shipping-taxable","12":"purchasable","13":"product-type-simple"},"yoast_head":"<!-- This site is optimized with the Yoast SEO plugin v27.3 - https:\/\/yoast.com\/product\/yoast-seo-wordpress\/ -->\n<title>Montack xpress tube 260ml | SAIGA<\/title>\n<meta name=\"description\" content=\"Adh\u00e9sif de montage dot\u00e9 de la technologie Xtra Grip pour une fixation rapide sur tous types de mat\u00e9riaux, aussi bien en int\u00e9rieur qu&#039;en ext\u00e9rieur.\" \/>\n<meta name=\"robots\" content=\"index, follow, max-snippet:-1, max-image-preview:large, max-video-preview:-1\" \/>\n<link rel=\"canonical\" href=\"https:\/\/saiga.es\/fr\/produit\/montack-xpress-tube-260ml\/\" \/>\n<meta property=\"og:locale\" content=\"fr_FR\" \/>\n<meta property=\"og:type\" content=\"article\" \/>\n<meta property=\"og:title\" content=\"Montack xpress tube 260ml | SAIGA\" \/>\n<meta property=\"og:description\" content=\"Adh\u00e9sif de montage dot\u00e9 de la technologie Xtra Grip pour une fixation rapide sur tous types de mat\u00e9riaux, aussi bien en int\u00e9rieur qu&#039;en ext\u00e9rieur.\" \/>\n<meta property=\"og:url\" content=\"https:\/\/saiga.es\/fr\/produit\/montack-xpress-tube-260ml\/\" \/>\n<meta property=\"og:site_name\" content=\"SAIGA\" \/>\n<meta property=\"og:image\" content=\"https:\/\/saiga.es\/wp-content\/uploads\/2024\/04\/montack-pegatodo-bote-0-1.jpg\" \/>\n\t<meta property=\"og:image:width\" content=\"1000\" \/>\n\t<meta property=\"og:image:height\" content=\"1000\" \/>\n\t<meta property=\"og:image:type\" content=\"image\/jpeg\" \/>\n<meta name=\"twitter:card\" content=\"summary_large_image\" \/>\n<meta name=\"twitter:site\" content=\"@saiga_agro\" \/>\n<script type=\"application\/ld+json\" class=\"yoast-schema-graph\">{\"@context\":\"https:\\\/\\\/schema.org\",\"@graph\":[{\"@type\":\"WebPage\",\"@id\":\"https:\\\/\\\/saiga.es\\\/fr\\\/produit\\\/montack-xpress-tube-260ml\\\/\",\"url\":\"https:\\\/\\\/saiga.es\\\/fr\\\/produit\\\/montack-xpress-tube-260ml\\\/\",\"name\":\"Montack xpress tube 260ml | SAIGA\",\"isPartOf\":{\"@id\":\"https:\\\/\\\/saiga.es\\\/fr\\\/#website\"},\"primaryImageOfPage\":{\"@id\":\"https:\\\/\\\/saiga.es\\\/fr\\\/produit\\\/montack-xpress-tube-260ml\\\/#primaryimage\"},\"image\":{\"@id\":\"https:\\\/\\\/saiga.es\\\/fr\\\/produit\\\/montack-xpress-tube-260ml\\\/#primaryimage\"},\"thumbnailUrl\":\"https:\\\/\\\/saiga.es\\\/wp-content\\\/uploads\\\/2024\\\/04\\\/montack-pegatodo-bote-0-1.jpg\",\"datePublished\":\"2024-04-23T14:24:06+00:00\",\"description\":\"Adh\u00e9sif de montage dot\u00e9 de la technologie Xtra Grip pour une fixation rapide sur tous types de mat\u00e9riaux, aussi bien en int\u00e9rieur qu'en ext\u00e9rieur.\",\"breadcrumb\":{\"@id\":\"https:\\\/\\\/saiga.es\\\/fr\\\/produit\\\/montack-xpress-tube-260ml\\\/#breadcrumb\"},\"inLanguage\":\"fr-FR\",\"potentialAction\":[{\"@type\":\"ReadAction\",\"target\":[\"https:\\\/\\\/saiga.es\\\/fr\\\/produit\\\/montack-xpress-tube-260ml\\\/\"]}]},{\"@type\":\"ImageObject\",\"inLanguage\":\"fr-FR\",\"@id\":\"https:\\\/\\\/saiga.es\\\/fr\\\/produit\\\/montack-xpress-tube-260ml\\\/#primaryimage\",\"url\":\"https:\\\/\\\/saiga.es\\\/wp-content\\\/uploads\\\/2024\\\/04\\\/montack-pegatodo-bote-0-1.jpg\",\"contentUrl\":\"https:\\\/\\\/saiga.es\\\/wp-content\\\/uploads\\\/2024\\\/04\\\/montack-pegatodo-bote-0-1.jpg\",\"width\":1000,\"height\":1000},{\"@type\":\"BreadcrumbList\",\"@id\":\"https:\\\/\\\/saiga.es\\\/fr\\\/produit\\\/montack-xpress-tube-260ml\\\/#breadcrumb\",\"itemListElement\":[{\"@type\":\"ListItem\",\"position\":1,\"name\":\"Inici\",\"item\":\"https:\\\/\\\/saiga.es\\\/fr\\\/\"},{\"@type\":\"ListItem\",\"position\":2,\"name\":\"boutique\",\"item\":\"https:\\\/\\\/saiga.es\\\/fr\\\/boutique\\\/\"},{\"@type\":\"ListItem\",\"position\":3,\"name\":\"Montack xpress tube 260ml\"}]},{\"@type\":\"WebSite\",\"@id\":\"https:\\\/\\\/saiga.es\\\/fr\\\/#website\",\"url\":\"https:\\\/\\\/saiga.es\\\/fr\\\/\",\"name\":\"SAIGA\",\"description\":\"M\u00e9s de 50 anys al servei de la terra i treballant per a un \u00fas eficient de l\u2019aigua!\",\"publisher\":{\"@id\":\"https:\\\/\\\/saiga.es\\\/fr\\\/#organization\"},\"potentialAction\":[{\"@type\":\"SearchAction\",\"target\":{\"@type\":\"EntryPoint\",\"urlTemplate\":\"https:\\\/\\\/saiga.es\\\/fr\\\/?s={search_term_string}\"},\"query-input\":{\"@type\":\"PropertyValueSpecification\",\"valueRequired\":true,\"valueName\":\"search_term_string\"}}],\"inLanguage\":\"fr-FR\"},{\"@type\":\"Organization\",\"@id\":\"https:\\\/\\\/saiga.es\\\/fr\\\/#organization\",\"name\":\"SAIGA\",\"url\":\"https:\\\/\\\/saiga.es\\\/fr\\\/\",\"logo\":{\"@type\":\"ImageObject\",\"inLanguage\":\"fr-FR\",\"@id\":\"https:\\\/\\\/saiga.es\\\/fr\\\/#\\\/schema\\\/logo\\\/image\\\/\",\"url\":\"https:\\\/\\\/saiga.es\\\/wp-content\\\/uploads\\\/2025\\\/07\\\/logo_saiga_baseline_optimitzat.svg\",\"contentUrl\":\"https:\\\/\\\/saiga.es\\\/wp-content\\\/uploads\\\/2025\\\/07\\\/logo_saiga_baseline_optimitzat.svg\",\"caption\":\"SAIGA\"},\"image\":{\"@id\":\"https:\\\/\\\/saiga.es\\\/fr\\\/#\\\/schema\\\/logo\\\/image\\\/\"},\"sameAs\":[\"https:\\\/\\\/x.com\\\/saiga_agro\",\"https:\\\/\\\/www.instagram.com\\\/saiga_agro\\\/\"]}]}<\/script>\n<!-- \/ Yoast SEO plugin. -->","yoast_head_json":{"title":"Montack xpress tube 260ml | SAIGA","description":"Adh\u00e9sif de montage dot\u00e9 de la technologie Xtra Grip pour une fixation rapide sur tous types de mat\u00e9riaux, aussi bien en int\u00e9rieur qu'en ext\u00e9rieur.","robots":{"index":"index","follow":"follow","max-snippet":"max-snippet:-1","max-image-preview":"max-image-preview:large","max-video-preview":"max-video-preview:-1"},"canonical":"https:\/\/saiga.es\/fr\/produit\/montack-xpress-tube-260ml\/","og_locale":"fr_FR","og_type":"article","og_title":"Montack xpress tube 260ml | SAIGA","og_description":"Adh\u00e9sif de montage dot\u00e9 de la technologie Xtra Grip pour une fixation rapide sur tous types de mat\u00e9riaux, aussi bien en int\u00e9rieur qu'en ext\u00e9rieur.","og_url":"https:\/\/saiga.es\/fr\/produit\/montack-xpress-tube-260ml\/","og_site_name":"SAIGA","og_image":[{"width":1000,"height":1000,"url":"https:\/\/saiga.es\/wp-content\/uploads\/2024\/04\/montack-pegatodo-bote-0-1.jpg","type":"image\/jpeg"}],"twitter_card":"summary_large_image","twitter_site":"@saiga_agro","schema":{"@context":"https:\/\/schema.org","@graph":[{"@type":"WebPage","@id":"https:\/\/saiga.es\/fr\/produit\/montack-xpress-tube-260ml\/","url":"https:\/\/saiga.es\/fr\/produit\/montack-xpress-tube-260ml\/","name":"Montack xpress tube 260ml | SAIGA","isPartOf":{"@id":"https:\/\/saiga.es\/fr\/#website"},"primaryImageOfPage":{"@id":"https:\/\/saiga.es\/fr\/produit\/montack-xpress-tube-260ml\/#primaryimage"},"image":{"@id":"https:\/\/saiga.es\/fr\/produit\/montack-xpress-tube-260ml\/#primaryimage"},"thumbnailUrl":"https:\/\/saiga.es\/wp-content\/uploads\/2024\/04\/montack-pegatodo-bote-0-1.jpg","datePublished":"2024-04-23T14:24:06+00:00","description":"Adh\u00e9sif de montage dot\u00e9 de la technologie Xtra Grip pour une fixation rapide sur tous types de mat\u00e9riaux, aussi bien en int\u00e9rieur qu'en ext\u00e9rieur.","breadcrumb":{"@id":"https:\/\/saiga.es\/fr\/produit\/montack-xpress-tube-260ml\/#breadcrumb"},"inLanguage":"fr-FR","potentialAction":[{"@type":"ReadAction","target":["https:\/\/saiga.es\/fr\/produit\/montack-xpress-tube-260ml\/"]}]},{"@type":"ImageObject","inLanguage":"fr-FR","@id":"https:\/\/saiga.es\/fr\/produit\/montack-xpress-tube-260ml\/#primaryimage","url":"https:\/\/saiga.es\/wp-content\/uploads\/2024\/04\/montack-pegatodo-bote-0-1.jpg","contentUrl":"https:\/\/saiga.es\/wp-content\/uploads\/2024\/04\/montack-pegatodo-bote-0-1.jpg","width":1000,"height":1000},{"@type":"BreadcrumbList","@id":"https:\/\/saiga.es\/fr\/produit\/montack-xpress-tube-260ml\/#breadcrumb","itemListElement":[{"@type":"ListItem","position":1,"name":"Inici","item":"https:\/\/saiga.es\/fr\/"},{"@type":"ListItem","position":2,"name":"boutique","item":"https:\/\/saiga.es\/fr\/boutique\/"},{"@type":"ListItem","position":3,"name":"Montack xpress tube 260ml"}]},{"@type":"WebSite","@id":"https:\/\/saiga.es\/fr\/#website","url":"https:\/\/saiga.es\/fr\/","name":"SAIGA","description":"M\u00e9s de 50 anys al servei de la terra i treballant per a un \u00fas eficient de l\u2019aigua!","publisher":{"@id":"https:\/\/saiga.es\/fr\/#organization"},"potentialAction":[{"@type":"SearchAction","target":{"@type":"EntryPoint","urlTemplate":"https:\/\/saiga.es\/fr\/?s={search_term_string}"},"query-input":{"@type":"PropertyValueSpecification","valueRequired":true,"valueName":"search_term_string"}}],"inLanguage":"fr-FR"},{"@type":"Organization","@id":"https:\/\/saiga.es\/fr\/#organization","name":"SAIGA","url":"https:\/\/saiga.es\/fr\/","logo":{"@type":"ImageObject","inLanguage":"fr-FR","@id":"https:\/\/saiga.es\/fr\/#\/schema\/logo\/image\/","url":"https:\/\/saiga.es\/wp-content\/uploads\/2025\/07\/logo_saiga_baseline_optimitzat.svg","contentUrl":"https:\/\/saiga.es\/wp-content\/uploads\/2025\/07\/logo_saiga_baseline_optimitzat.svg","caption":"SAIGA"},"image":{"@id":"https:\/\/saiga.es\/fr\/#\/schema\/logo\/image\/"},"sameAs":["https:\/\/x.com\/saiga_agro","https:\/\/www.instagram.com\/saiga_agro\/"]}]}},"_links":{"self":[{"href":"https:\/\/saiga.es\/fr\/wp-json\/wp\/v2\/product\/10497","targetHints":{"allow":["GET"]}}],"collection":[{"href":"https:\/\/saiga.es\/fr\/wp-json\/wp\/v2\/product"}],"about":[{"href":"https:\/\/saiga.es\/fr\/wp-json\/wp\/v2\/types\/product"}],"replies":[{"embeddable":true,"href":"https:\/\/saiga.es\/fr\/wp-json\/wp\/v2\/comments?post=10497"}],"wp:featuredmedia":[{"embeddable":true,"href":"https:\/\/saiga.es\/fr\/wp-json\/wp\/v2\/media\/9906"}],"wp:attachment":[{"href":"https:\/\/saiga.es\/fr\/wp-json\/wp\/v2\/media?parent=10497"}],"wp:term":[{"taxonomy":"product_brand","embeddable":true,"href":"https:\/\/saiga.es\/fr\/wp-json\/wp\/v2\/product_brand?post=10497"},{"taxonomy":"product_cat","embeddable":true,"href":"https:\/\/saiga.es\/fr\/wp-json\/wp\/v2\/product_cat?post=10497"},{"taxonomy":"product_tag","embeddable":true,"href":"https:\/\/saiga.es\/fr\/wp-json\/wp\/v2\/product_tag?post=10497"}],"curies":[{"name":"wp","href":"https:\/\/api.w.org\/{rel}","templated":true}]}}