{"id":10499,"date":"2024-04-24T13:56:30","date_gmt":"2024-04-24T13:56:30","guid":{"rendered":"https:\/\/botiga.saiga.es\/producte\/reparateur-epoxy-assainissement-115gr\/"},"modified":"2024-04-24T13:56:30","modified_gmt":"2024-04-24T13:56:30","slug":"reparateur-epoxy-assainissement-115gr","status":"publish","type":"product","link":"https:\/\/saiga.es\/fr\/produit\/reparateur-epoxy-assainissement-115gr\/","title":{"rendered":"R\u00e9parateur \u00e9poxy assainissement 115gr"},"content":{"rendered":"<p>R\u00e9parateur \u00e9poxy assainissement 115gr<\/p>\n<p>Scelle, r\u00e9pare et reconstruit les \u00e9l\u00e9ments sanitaires. Masse \u00e9poxy bi-composants renforc\u00e9e de cuivre \u00e0 durcissement ultra-rapide (4 minutes) pour la r\u00e9paration des fuites d&rsquo;eau dans les canalisations m\u00e9talliques (m\u00eame sous pression) ou en plastique (tuyaux sanitaires). Une fois durci, il peut \u00eatre travaill\u00e9 comme du m\u00e9tal, c&rsquo;est-\u00e0-dire qu&rsquo;il peut \u00eatre aff\u00fbt\u00e9 et peint. Couper, m\u00e9langer et appliquer.<\/p>\n","protected":false},"excerpt":{"rendered":"<p>R\u00e9parateur \u00e9poxy assainissement 115gr<\/p>\n<p>Scelle, r\u00e9pare et reconstruit les \u00e9l\u00e9ments sanitaires. Masse \u00e9poxy bi-composants renforc\u00e9e de cuivre \u00e0 durcissement ultra-rapide (4 minutes) pour la r\u00e9paration des fuites d&rsquo;eau dans les canalisations m\u00e9talliques (m\u00eame sous pression) ou en plastique (tuyaux sanitaires). Une fois durci, il peut \u00eatre travaill\u00e9 comme du m\u00e9tal, c&rsquo;est-\u00e0-dire qu&rsquo;il peut \u00eatre aff\u00fbt\u00e9 et peint. Couper, m\u00e9langer et appliquer.<\/p>\n","protected":false},"featured_media":9923,"comment_status":"open","ping_status":"closed","template":"","meta":[],"product_brand":[],"product_cat":[1325],"product_tag":[],"class_list":{"0":"post-10499","1":"product","2":"type-product","3":"status-publish","4":"has-post-thumbnail","6":"product_cat-diy","8":"first","9":"instock","10":"taxable","11":"shipping-taxable","12":"purchasable","13":"product-type-simple"},"yoast_head":"<!-- This site is optimized with the Yoast SEO plugin v27.3 - https:\/\/yoast.com\/product\/yoast-seo-wordpress\/ -->\n<title>R\u00e9parateur \u00e9poxy assainissement 115gr | SAIGA<\/title>\n<meta name=\"description\" content=\"Masse de r\u00e9paration \u00e9poxy pour l&#039;assainissement, renforc\u00e9e de cuivre, pour r\u00e9parer tr\u00e8s rapidement les fuites dans les canalisations m\u00e9talliques ou plastiques.\" \/>\n<meta name=\"robots\" content=\"index, follow, max-snippet:-1, max-image-preview:large, max-video-preview:-1\" \/>\n<link rel=\"canonical\" href=\"https:\/\/saiga.es\/fr\/produit\/reparateur-epoxy-assainissement-115gr\/\" \/>\n<meta property=\"og:locale\" content=\"fr_FR\" \/>\n<meta property=\"og:type\" content=\"article\" \/>\n<meta property=\"og:title\" content=\"R\u00e9parateur \u00e9poxy assainissement 115gr | SAIGA\" \/>\n<meta property=\"og:description\" content=\"Masse de r\u00e9paration \u00e9poxy pour l&#039;assainissement, renforc\u00e9e de cuivre, pour r\u00e9parer tr\u00e8s rapidement les fuites dans les canalisations m\u00e9talliques ou plastiques.\" \/>\n<meta property=\"og:url\" content=\"https:\/\/saiga.es\/fr\/produit\/reparateur-epoxy-assainissement-115gr\/\" \/>\n<meta property=\"og:site_name\" content=\"SAIGA\" \/>\n<meta property=\"og:image\" content=\"https:\/\/saiga.es\/wp-content\/uploads\/2024\/04\/barra-de-masilla-reparadora-para-seneamiento-175mm-ceys.jpg\" \/>\n\t<meta property=\"og:image:width\" content=\"846\" \/>\n\t<meta property=\"og:image:height\" content=\"846\" \/>\n\t<meta property=\"og:image:type\" content=\"image\/jpeg\" \/>\n<meta name=\"twitter:card\" content=\"summary_large_image\" \/>\n<meta name=\"twitter:site\" content=\"@saiga_agro\" \/>\n<script type=\"application\/ld+json\" class=\"yoast-schema-graph\">{\"@context\":\"https:\\\/\\\/schema.org\",\"@graph\":[{\"@type\":\"WebPage\",\"@id\":\"https:\\\/\\\/saiga.es\\\/fr\\\/produit\\\/reparateur-epoxy-assainissement-115gr\\\/\",\"url\":\"https:\\\/\\\/saiga.es\\\/fr\\\/produit\\\/reparateur-epoxy-assainissement-115gr\\\/\",\"name\":\"R\u00e9parateur \u00e9poxy assainissement 115gr | SAIGA\",\"isPartOf\":{\"@id\":\"https:\\\/\\\/saiga.es\\\/fr\\\/#website\"},\"primaryImageOfPage\":{\"@id\":\"https:\\\/\\\/saiga.es\\\/fr\\\/produit\\\/reparateur-epoxy-assainissement-115gr\\\/#primaryimage\"},\"image\":{\"@id\":\"https:\\\/\\\/saiga.es\\\/fr\\\/produit\\\/reparateur-epoxy-assainissement-115gr\\\/#primaryimage\"},\"thumbnailUrl\":\"https:\\\/\\\/saiga.es\\\/wp-content\\\/uploads\\\/2024\\\/04\\\/barra-de-masilla-reparadora-para-seneamiento-175mm-ceys.jpg\",\"datePublished\":\"2024-04-24T13:56:30+00:00\",\"description\":\"Masse de r\u00e9paration \u00e9poxy pour l'assainissement, renforc\u00e9e de cuivre, pour r\u00e9parer tr\u00e8s rapidement les fuites dans les canalisations m\u00e9talliques ou plastiques.\",\"breadcrumb\":{\"@id\":\"https:\\\/\\\/saiga.es\\\/fr\\\/produit\\\/reparateur-epoxy-assainissement-115gr\\\/#breadcrumb\"},\"inLanguage\":\"fr-FR\",\"potentialAction\":[{\"@type\":\"ReadAction\",\"target\":[\"https:\\\/\\\/saiga.es\\\/fr\\\/produit\\\/reparateur-epoxy-assainissement-115gr\\\/\"]}]},{\"@type\":\"ImageObject\",\"inLanguage\":\"fr-FR\",\"@id\":\"https:\\\/\\\/saiga.es\\\/fr\\\/produit\\\/reparateur-epoxy-assainissement-115gr\\\/#primaryimage\",\"url\":\"https:\\\/\\\/saiga.es\\\/wp-content\\\/uploads\\\/2024\\\/04\\\/barra-de-masilla-reparadora-para-seneamiento-175mm-ceys.jpg\",\"contentUrl\":\"https:\\\/\\\/saiga.es\\\/wp-content\\\/uploads\\\/2024\\\/04\\\/barra-de-masilla-reparadora-para-seneamiento-175mm-ceys.jpg\",\"width\":846,\"height\":846},{\"@type\":\"BreadcrumbList\",\"@id\":\"https:\\\/\\\/saiga.es\\\/fr\\\/produit\\\/reparateur-epoxy-assainissement-115gr\\\/#breadcrumb\",\"itemListElement\":[{\"@type\":\"ListItem\",\"position\":1,\"name\":\"Inici\",\"item\":\"https:\\\/\\\/saiga.es\\\/fr\\\/\"},{\"@type\":\"ListItem\",\"position\":2,\"name\":\"boutique\",\"item\":\"https:\\\/\\\/saiga.es\\\/fr\\\/boutique\\\/\"},{\"@type\":\"ListItem\",\"position\":3,\"name\":\"R\u00e9parateur \u00e9poxy assainissement 115gr\"}]},{\"@type\":\"WebSite\",\"@id\":\"https:\\\/\\\/saiga.es\\\/fr\\\/#website\",\"url\":\"https:\\\/\\\/saiga.es\\\/fr\\\/\",\"name\":\"SAIGA\",\"description\":\"M\u00e9s de 50 anys al servei de la terra i treballant per a un \u00fas eficient de l\u2019aigua!\",\"publisher\":{\"@id\":\"https:\\\/\\\/saiga.es\\\/fr\\\/#organization\"},\"potentialAction\":[{\"@type\":\"SearchAction\",\"target\":{\"@type\":\"EntryPoint\",\"urlTemplate\":\"https:\\\/\\\/saiga.es\\\/fr\\\/?s={search_term_string}\"},\"query-input\":{\"@type\":\"PropertyValueSpecification\",\"valueRequired\":true,\"valueName\":\"search_term_string\"}}],\"inLanguage\":\"fr-FR\"},{\"@type\":\"Organization\",\"@id\":\"https:\\\/\\\/saiga.es\\\/fr\\\/#organization\",\"name\":\"SAIGA\",\"url\":\"https:\\\/\\\/saiga.es\\\/fr\\\/\",\"logo\":{\"@type\":\"ImageObject\",\"inLanguage\":\"fr-FR\",\"@id\":\"https:\\\/\\\/saiga.es\\\/fr\\\/#\\\/schema\\\/logo\\\/image\\\/\",\"url\":\"https:\\\/\\\/saiga.es\\\/wp-content\\\/uploads\\\/2025\\\/07\\\/logo_saiga_baseline_optimitzat.svg\",\"contentUrl\":\"https:\\\/\\\/saiga.es\\\/wp-content\\\/uploads\\\/2025\\\/07\\\/logo_saiga_baseline_optimitzat.svg\",\"caption\":\"SAIGA\"},\"image\":{\"@id\":\"https:\\\/\\\/saiga.es\\\/fr\\\/#\\\/schema\\\/logo\\\/image\\\/\"},\"sameAs\":[\"https:\\\/\\\/x.com\\\/saiga_agro\",\"https:\\\/\\\/www.instagram.com\\\/saiga_agro\\\/\"]}]}<\/script>\n<!-- \/ Yoast SEO plugin. -->","yoast_head_json":{"title":"R\u00e9parateur \u00e9poxy assainissement 115gr | SAIGA","description":"Masse de r\u00e9paration \u00e9poxy pour l'assainissement, renforc\u00e9e de cuivre, pour r\u00e9parer tr\u00e8s rapidement les fuites dans les canalisations m\u00e9talliques ou plastiques.","robots":{"index":"index","follow":"follow","max-snippet":"max-snippet:-1","max-image-preview":"max-image-preview:large","max-video-preview":"max-video-preview:-1"},"canonical":"https:\/\/saiga.es\/fr\/produit\/reparateur-epoxy-assainissement-115gr\/","og_locale":"fr_FR","og_type":"article","og_title":"R\u00e9parateur \u00e9poxy assainissement 115gr | SAIGA","og_description":"Masse de r\u00e9paration \u00e9poxy pour l'assainissement, renforc\u00e9e de cuivre, pour r\u00e9parer tr\u00e8s rapidement les fuites dans les canalisations m\u00e9talliques ou plastiques.","og_url":"https:\/\/saiga.es\/fr\/produit\/reparateur-epoxy-assainissement-115gr\/","og_site_name":"SAIGA","og_image":[{"width":846,"height":846,"url":"https:\/\/saiga.es\/wp-content\/uploads\/2024\/04\/barra-de-masilla-reparadora-para-seneamiento-175mm-ceys.jpg","type":"image\/jpeg"}],"twitter_card":"summary_large_image","twitter_site":"@saiga_agro","schema":{"@context":"https:\/\/schema.org","@graph":[{"@type":"WebPage","@id":"https:\/\/saiga.es\/fr\/produit\/reparateur-epoxy-assainissement-115gr\/","url":"https:\/\/saiga.es\/fr\/produit\/reparateur-epoxy-assainissement-115gr\/","name":"R\u00e9parateur \u00e9poxy assainissement 115gr | SAIGA","isPartOf":{"@id":"https:\/\/saiga.es\/fr\/#website"},"primaryImageOfPage":{"@id":"https:\/\/saiga.es\/fr\/produit\/reparateur-epoxy-assainissement-115gr\/#primaryimage"},"image":{"@id":"https:\/\/saiga.es\/fr\/produit\/reparateur-epoxy-assainissement-115gr\/#primaryimage"},"thumbnailUrl":"https:\/\/saiga.es\/wp-content\/uploads\/2024\/04\/barra-de-masilla-reparadora-para-seneamiento-175mm-ceys.jpg","datePublished":"2024-04-24T13:56:30+00:00","description":"Masse de r\u00e9paration \u00e9poxy pour l'assainissement, renforc\u00e9e de cuivre, pour r\u00e9parer tr\u00e8s rapidement les fuites dans les canalisations m\u00e9talliques ou plastiques.","breadcrumb":{"@id":"https:\/\/saiga.es\/fr\/produit\/reparateur-epoxy-assainissement-115gr\/#breadcrumb"},"inLanguage":"fr-FR","potentialAction":[{"@type":"ReadAction","target":["https:\/\/saiga.es\/fr\/produit\/reparateur-epoxy-assainissement-115gr\/"]}]},{"@type":"ImageObject","inLanguage":"fr-FR","@id":"https:\/\/saiga.es\/fr\/produit\/reparateur-epoxy-assainissement-115gr\/#primaryimage","url":"https:\/\/saiga.es\/wp-content\/uploads\/2024\/04\/barra-de-masilla-reparadora-para-seneamiento-175mm-ceys.jpg","contentUrl":"https:\/\/saiga.es\/wp-content\/uploads\/2024\/04\/barra-de-masilla-reparadora-para-seneamiento-175mm-ceys.jpg","width":846,"height":846},{"@type":"BreadcrumbList","@id":"https:\/\/saiga.es\/fr\/produit\/reparateur-epoxy-assainissement-115gr\/#breadcrumb","itemListElement":[{"@type":"ListItem","position":1,"name":"Inici","item":"https:\/\/saiga.es\/fr\/"},{"@type":"ListItem","position":2,"name":"boutique","item":"https:\/\/saiga.es\/fr\/boutique\/"},{"@type":"ListItem","position":3,"name":"R\u00e9parateur \u00e9poxy assainissement 115gr"}]},{"@type":"WebSite","@id":"https:\/\/saiga.es\/fr\/#website","url":"https:\/\/saiga.es\/fr\/","name":"SAIGA","description":"M\u00e9s de 50 anys al servei de la terra i treballant per a un \u00fas eficient de l\u2019aigua!","publisher":{"@id":"https:\/\/saiga.es\/fr\/#organization"},"potentialAction":[{"@type":"SearchAction","target":{"@type":"EntryPoint","urlTemplate":"https:\/\/saiga.es\/fr\/?s={search_term_string}"},"query-input":{"@type":"PropertyValueSpecification","valueRequired":true,"valueName":"search_term_string"}}],"inLanguage":"fr-FR"},{"@type":"Organization","@id":"https:\/\/saiga.es\/fr\/#organization","name":"SAIGA","url":"https:\/\/saiga.es\/fr\/","logo":{"@type":"ImageObject","inLanguage":"fr-FR","@id":"https:\/\/saiga.es\/fr\/#\/schema\/logo\/image\/","url":"https:\/\/saiga.es\/wp-content\/uploads\/2025\/07\/logo_saiga_baseline_optimitzat.svg","contentUrl":"https:\/\/saiga.es\/wp-content\/uploads\/2025\/07\/logo_saiga_baseline_optimitzat.svg","caption":"SAIGA"},"image":{"@id":"https:\/\/saiga.es\/fr\/#\/schema\/logo\/image\/"},"sameAs":["https:\/\/x.com\/saiga_agro","https:\/\/www.instagram.com\/saiga_agro\/"]}]}},"_links":{"self":[{"href":"https:\/\/saiga.es\/fr\/wp-json\/wp\/v2\/product\/10499","targetHints":{"allow":["GET"]}}],"collection":[{"href":"https:\/\/saiga.es\/fr\/wp-json\/wp\/v2\/product"}],"about":[{"href":"https:\/\/saiga.es\/fr\/wp-json\/wp\/v2\/types\/product"}],"replies":[{"embeddable":true,"href":"https:\/\/saiga.es\/fr\/wp-json\/wp\/v2\/comments?post=10499"}],"wp:featuredmedia":[{"embeddable":true,"href":"https:\/\/saiga.es\/fr\/wp-json\/wp\/v2\/media\/9923"}],"wp:attachment":[{"href":"https:\/\/saiga.es\/fr\/wp-json\/wp\/v2\/media?parent=10499"}],"wp:term":[{"taxonomy":"product_brand","embeddable":true,"href":"https:\/\/saiga.es\/fr\/wp-json\/wp\/v2\/product_brand?post=10499"},{"taxonomy":"product_cat","embeddable":true,"href":"https:\/\/saiga.es\/fr\/wp-json\/wp\/v2\/product_cat?post=10499"},{"taxonomy":"product_tag","embeddable":true,"href":"https:\/\/saiga.es\/fr\/wp-json\/wp\/v2\/product_tag?post=10499"}],"curies":[{"name":"wp","href":"https:\/\/api.w.org\/{rel}","templated":true}]}}