{"id":10501,"date":"2024-05-15T08:31:00","date_gmt":"2024-05-15T08:31:00","guid":{"rendered":"https:\/\/botiga.saiga.es\/producte\/mastic-metalock-metal-metal\/"},"modified":"2024-05-15T08:31:00","modified_gmt":"2024-05-15T08:31:00","slug":"mastic-metalock-metal-metal","status":"publish","type":"product","link":"https:\/\/saiga.es\/fr\/produit\/mastic-metalock-metal-metal\/","title":{"rendered":"Mastic metalock (m\u00e9tal\/m\u00e9tal)"},"content":{"rendered":"<p>Mastic <span class=\"hiddenSpellError\">metalock<\/span> (m\u00e9tal\/m\u00e9tal)<\/p>\n<p><span class=\"hiddenSpellError\">TANGIT<\/span> <span class=\"hiddenSpellError\">Metalock<\/span> est un mastic filet\u00e9 ana\u00e9robie <span class=\"hiddenSpellError\">monocomposant <\/span> qui polym\u00e9rise rapidement en l&rsquo;absence d&rsquo;air entre deux surfaces m\u00e9talliques telles que des tuyaux filet\u00e9s. Il r\u00e9siste aux chocs, aux vibrations, aux liquides et aux gaz, et ne migre pas et ne r\u00e9tr\u00e9cit pas. Il convient pour assembler des fils m\u00e9talliques jusqu&rsquo;\u00e0 3 pouces de diam\u00e8tre et se d\u00e9monte facilement jusqu&rsquo;\u00e0 1,5 pouces. <span class=\"hiddenGreenError\" style=\"padding-bottom: 2px; background-image: url('..\/..\/..\/..\/..\/images\/squiggle_green.png'); background-repeat: repeat-x; background-position: left bottom; cursor: default; color: #000000; font-family: 'Open Sans', Helvetica, Arial, sans-serif; font-size: 16px; font-style: normal; font-variant-ligatures: normal; font-variant-caps: normal; font-weight: 300; letter-spacing: normal; orphans: 2; text-align: start; text-indent: 0px; text-transform: none; widows: 2; word-spacing: 0px; -webkit-text-stroke-width: 0px; white-space: normal; text-decoration-thickness: initial; text-decoration-style: initial; text-decoration-color: initial;\">Il es<\/span>t efficace sur divers m\u00e9taux sans avoir recours \u00e0 un activateur.<\/p>\n","protected":false},"excerpt":{"rendered":"<p>Mastic <span class=\"hiddenSpellError\">metalock<\/span> (m\u00e9tal\/m\u00e9tal)<\/p>\n<p><span class=\"hiddenSpellError\">TANGIT<\/span> <span class=\"hiddenSpellError\">Metalock<\/span> est un mastic filet\u00e9 ana\u00e9robie <span class=\"hiddenSpellError\">monocomposant <\/span> qui polym\u00e9rise rapidement en l&rsquo;absence d&rsquo;air entre deux surfaces m\u00e9talliques telles que des tuyaux filet\u00e9s. Il r\u00e9siste aux chocs, aux vibrations, aux liquides et aux gaz, et ne migre pas et ne r\u00e9tr\u00e9cit pas. Il convient pour assembler des fils m\u00e9talliques jusqu&rsquo;\u00e0 3 pouces de diam\u00e8tre et se d\u00e9monte facilement jusqu&rsquo;\u00e0 1,5 pouces. <span class=\"hiddenGreenError\" style=\"padding-bottom: 2px; background-image: url('..\/..\/..\/..\/..\/images\/squiggle_green.png'); background-repeat: repeat-x; background-position: left bottom; cursor: default; color: #000000; font-family: 'Open Sans', Helvetica, Arial, sans-serif; font-size: 16px; font-style: normal; font-variant-ligatures: normal; font-variant-caps: normal; font-weight: 300; letter-spacing: normal; orphans: 2; text-align: start; text-indent: 0px; text-transform: none; widows: 2; word-spacing: 0px; -webkit-text-stroke-width: 0px; white-space: normal; text-decoration-thickness: initial; text-decoration-style: initial; text-decoration-color: initial;\">Il es<\/span>t efficace sur divers m\u00e9taux sans avoir recours \u00e0 un activateur.<\/p>\n","protected":false},"featured_media":10109,"comment_status":"open","ping_status":"closed","template":"","meta":[],"product_brand":[],"product_cat":[1325],"product_tag":[],"class_list":{"0":"post-10501","1":"product","2":"type-product","3":"status-publish","4":"has-post-thumbnail","6":"product_cat-diy","8":"first","9":"instock","10":"taxable","11":"shipping-taxable","12":"purchasable","13":"product-type-simple"},"yoast_head":"<!-- This site is optimized with the Yoast SEO plugin v27.4 - https:\/\/yoast.com\/product\/yoast-seo-wordpress\/ -->\n<title>Mastic metalock (m\u00e9tal\/m\u00e9tal) | SAIGA<\/title>\n<meta name=\"description\" content=\"TANGIT Metalock est un mastic filet\u00e9 ana\u00e9robie monocomposant qui polym\u00e9rise rapidement en l&#039;absence d&#039;air entre deux surfaces m\u00e9talliques.\" \/>\n<meta name=\"robots\" content=\"index, follow, max-snippet:-1, max-image-preview:large, max-video-preview:-1\" \/>\n<link rel=\"canonical\" href=\"https:\/\/saiga.es\/fr\/produit\/mastic-metalock-metal-metal\/\" \/>\n<meta property=\"og:locale\" content=\"fr_FR\" \/>\n<meta property=\"og:type\" content=\"article\" \/>\n<meta property=\"og:title\" content=\"Mastic metalock (m\u00e9tal\/m\u00e9tal) | SAIGA\" \/>\n<meta property=\"og:description\" content=\"TANGIT Metalock est un mastic filet\u00e9 ana\u00e9robie monocomposant qui polym\u00e9rise rapidement en l&#039;absence d&#039;air entre deux surfaces m\u00e9talliques.\" \/>\n<meta property=\"og:url\" content=\"https:\/\/saiga.es\/fr\/produit\/mastic-metalock-metal-metal\/\" \/>\n<meta property=\"og:site_name\" content=\"SAIGA\" \/>\n<meta property=\"og:image\" content=\"https:\/\/saiga.es\/wp-content\/uploads\/2024\/05\/2117177_front.jpg\" \/>\n\t<meta property=\"og:image:width\" content=\"500\" \/>\n\t<meta property=\"og:image:height\" content=\"500\" \/>\n\t<meta property=\"og:image:type\" content=\"image\/jpeg\" \/>\n<meta name=\"twitter:card\" content=\"summary_large_image\" \/>\n<meta name=\"twitter:site\" content=\"@saiga_agro\" \/>\n<script type=\"application\/ld+json\" class=\"yoast-schema-graph\">{\"@context\":\"https:\\\/\\\/schema.org\",\"@graph\":[{\"@type\":\"WebPage\",\"@id\":\"https:\\\/\\\/saiga.es\\\/fr\\\/produit\\\/mastic-metalock-metal-metal\\\/\",\"url\":\"https:\\\/\\\/saiga.es\\\/fr\\\/produit\\\/mastic-metalock-metal-metal\\\/\",\"name\":\"Mastic metalock (m\u00e9tal\\\/m\u00e9tal) | SAIGA\",\"isPartOf\":{\"@id\":\"https:\\\/\\\/saiga.es\\\/fr\\\/#website\"},\"primaryImageOfPage\":{\"@id\":\"https:\\\/\\\/saiga.es\\\/fr\\\/produit\\\/mastic-metalock-metal-metal\\\/#primaryimage\"},\"image\":{\"@id\":\"https:\\\/\\\/saiga.es\\\/fr\\\/produit\\\/mastic-metalock-metal-metal\\\/#primaryimage\"},\"thumbnailUrl\":\"https:\\\/\\\/saiga.es\\\/wp-content\\\/uploads\\\/2024\\\/05\\\/2117177_front.jpg\",\"datePublished\":\"2024-05-15T08:31:00+00:00\",\"description\":\"TANGIT Metalock est un mastic filet\u00e9 ana\u00e9robie monocomposant qui polym\u00e9rise rapidement en l'absence d'air entre deux surfaces m\u00e9talliques.\",\"breadcrumb\":{\"@id\":\"https:\\\/\\\/saiga.es\\\/fr\\\/produit\\\/mastic-metalock-metal-metal\\\/#breadcrumb\"},\"inLanguage\":\"fr-FR\",\"potentialAction\":[{\"@type\":\"ReadAction\",\"target\":[\"https:\\\/\\\/saiga.es\\\/fr\\\/produit\\\/mastic-metalock-metal-metal\\\/\"]}]},{\"@type\":\"ImageObject\",\"inLanguage\":\"fr-FR\",\"@id\":\"https:\\\/\\\/saiga.es\\\/fr\\\/produit\\\/mastic-metalock-metal-metal\\\/#primaryimage\",\"url\":\"https:\\\/\\\/saiga.es\\\/wp-content\\\/uploads\\\/2024\\\/05\\\/2117177_front.jpg\",\"contentUrl\":\"https:\\\/\\\/saiga.es\\\/wp-content\\\/uploads\\\/2024\\\/05\\\/2117177_front.jpg\",\"width\":500,\"height\":500},{\"@type\":\"BreadcrumbList\",\"@id\":\"https:\\\/\\\/saiga.es\\\/fr\\\/produit\\\/mastic-metalock-metal-metal\\\/#breadcrumb\",\"itemListElement\":[{\"@type\":\"ListItem\",\"position\":1,\"name\":\"Inici\",\"item\":\"https:\\\/\\\/saiga.es\\\/fr\\\/\"},{\"@type\":\"ListItem\",\"position\":2,\"name\":\"boutique\",\"item\":\"https:\\\/\\\/saiga.es\\\/fr\\\/boutique\\\/\"},{\"@type\":\"ListItem\",\"position\":3,\"name\":\"Mastic metalock (m\u00e9tal\\\/m\u00e9tal)\"}]},{\"@type\":\"WebSite\",\"@id\":\"https:\\\/\\\/saiga.es\\\/fr\\\/#website\",\"url\":\"https:\\\/\\\/saiga.es\\\/fr\\\/\",\"name\":\"SAIGA\",\"description\":\"M\u00e9s de 50 anys al servei de la terra i treballant per a un \u00fas eficient de l\u2019aigua!\",\"publisher\":{\"@id\":\"https:\\\/\\\/saiga.es\\\/fr\\\/#organization\"},\"potentialAction\":[{\"@type\":\"SearchAction\",\"target\":{\"@type\":\"EntryPoint\",\"urlTemplate\":\"https:\\\/\\\/saiga.es\\\/fr\\\/?s={search_term_string}\"},\"query-input\":{\"@type\":\"PropertyValueSpecification\",\"valueRequired\":true,\"valueName\":\"search_term_string\"}}],\"inLanguage\":\"fr-FR\"},{\"@type\":\"Organization\",\"@id\":\"https:\\\/\\\/saiga.es\\\/fr\\\/#organization\",\"name\":\"SAIGA\",\"url\":\"https:\\\/\\\/saiga.es\\\/fr\\\/\",\"logo\":{\"@type\":\"ImageObject\",\"inLanguage\":\"fr-FR\",\"@id\":\"https:\\\/\\\/saiga.es\\\/fr\\\/#\\\/schema\\\/logo\\\/image\\\/\",\"url\":\"https:\\\/\\\/saiga.es\\\/wp-content\\\/uploads\\\/2025\\\/07\\\/logo_saiga_baseline_optimitzat.svg\",\"contentUrl\":\"https:\\\/\\\/saiga.es\\\/wp-content\\\/uploads\\\/2025\\\/07\\\/logo_saiga_baseline_optimitzat.svg\",\"caption\":\"SAIGA\"},\"image\":{\"@id\":\"https:\\\/\\\/saiga.es\\\/fr\\\/#\\\/schema\\\/logo\\\/image\\\/\"},\"sameAs\":[\"https:\\\/\\\/x.com\\\/saiga_agro\",\"https:\\\/\\\/www.instagram.com\\\/saiga_agro\\\/\"]}]}<\/script>\n<!-- \/ Yoast SEO plugin. -->","yoast_head_json":{"title":"Mastic metalock (m\u00e9tal\/m\u00e9tal) | SAIGA","description":"TANGIT Metalock est un mastic filet\u00e9 ana\u00e9robie monocomposant qui polym\u00e9rise rapidement en l'absence d'air entre deux surfaces m\u00e9talliques.","robots":{"index":"index","follow":"follow","max-snippet":"max-snippet:-1","max-image-preview":"max-image-preview:large","max-video-preview":"max-video-preview:-1"},"canonical":"https:\/\/saiga.es\/fr\/produit\/mastic-metalock-metal-metal\/","og_locale":"fr_FR","og_type":"article","og_title":"Mastic metalock (m\u00e9tal\/m\u00e9tal) | SAIGA","og_description":"TANGIT Metalock est un mastic filet\u00e9 ana\u00e9robie monocomposant qui polym\u00e9rise rapidement en l'absence d'air entre deux surfaces m\u00e9talliques.","og_url":"https:\/\/saiga.es\/fr\/produit\/mastic-metalock-metal-metal\/","og_site_name":"SAIGA","og_image":[{"width":500,"height":500,"url":"https:\/\/saiga.es\/wp-content\/uploads\/2024\/05\/2117177_front.jpg","type":"image\/jpeg"}],"twitter_card":"summary_large_image","twitter_site":"@saiga_agro","schema":{"@context":"https:\/\/schema.org","@graph":[{"@type":"WebPage","@id":"https:\/\/saiga.es\/fr\/produit\/mastic-metalock-metal-metal\/","url":"https:\/\/saiga.es\/fr\/produit\/mastic-metalock-metal-metal\/","name":"Mastic metalock (m\u00e9tal\/m\u00e9tal) | SAIGA","isPartOf":{"@id":"https:\/\/saiga.es\/fr\/#website"},"primaryImageOfPage":{"@id":"https:\/\/saiga.es\/fr\/produit\/mastic-metalock-metal-metal\/#primaryimage"},"image":{"@id":"https:\/\/saiga.es\/fr\/produit\/mastic-metalock-metal-metal\/#primaryimage"},"thumbnailUrl":"https:\/\/saiga.es\/wp-content\/uploads\/2024\/05\/2117177_front.jpg","datePublished":"2024-05-15T08:31:00+00:00","description":"TANGIT Metalock est un mastic filet\u00e9 ana\u00e9robie monocomposant qui polym\u00e9rise rapidement en l'absence d'air entre deux surfaces m\u00e9talliques.","breadcrumb":{"@id":"https:\/\/saiga.es\/fr\/produit\/mastic-metalock-metal-metal\/#breadcrumb"},"inLanguage":"fr-FR","potentialAction":[{"@type":"ReadAction","target":["https:\/\/saiga.es\/fr\/produit\/mastic-metalock-metal-metal\/"]}]},{"@type":"ImageObject","inLanguage":"fr-FR","@id":"https:\/\/saiga.es\/fr\/produit\/mastic-metalock-metal-metal\/#primaryimage","url":"https:\/\/saiga.es\/wp-content\/uploads\/2024\/05\/2117177_front.jpg","contentUrl":"https:\/\/saiga.es\/wp-content\/uploads\/2024\/05\/2117177_front.jpg","width":500,"height":500},{"@type":"BreadcrumbList","@id":"https:\/\/saiga.es\/fr\/produit\/mastic-metalock-metal-metal\/#breadcrumb","itemListElement":[{"@type":"ListItem","position":1,"name":"Inici","item":"https:\/\/saiga.es\/fr\/"},{"@type":"ListItem","position":2,"name":"boutique","item":"https:\/\/saiga.es\/fr\/boutique\/"},{"@type":"ListItem","position":3,"name":"Mastic metalock (m\u00e9tal\/m\u00e9tal)"}]},{"@type":"WebSite","@id":"https:\/\/saiga.es\/fr\/#website","url":"https:\/\/saiga.es\/fr\/","name":"SAIGA","description":"M\u00e9s de 50 anys al servei de la terra i treballant per a un \u00fas eficient de l\u2019aigua!","publisher":{"@id":"https:\/\/saiga.es\/fr\/#organization"},"potentialAction":[{"@type":"SearchAction","target":{"@type":"EntryPoint","urlTemplate":"https:\/\/saiga.es\/fr\/?s={search_term_string}"},"query-input":{"@type":"PropertyValueSpecification","valueRequired":true,"valueName":"search_term_string"}}],"inLanguage":"fr-FR"},{"@type":"Organization","@id":"https:\/\/saiga.es\/fr\/#organization","name":"SAIGA","url":"https:\/\/saiga.es\/fr\/","logo":{"@type":"ImageObject","inLanguage":"fr-FR","@id":"https:\/\/saiga.es\/fr\/#\/schema\/logo\/image\/","url":"https:\/\/saiga.es\/wp-content\/uploads\/2025\/07\/logo_saiga_baseline_optimitzat.svg","contentUrl":"https:\/\/saiga.es\/wp-content\/uploads\/2025\/07\/logo_saiga_baseline_optimitzat.svg","caption":"SAIGA"},"image":{"@id":"https:\/\/saiga.es\/fr\/#\/schema\/logo\/image\/"},"sameAs":["https:\/\/x.com\/saiga_agro","https:\/\/www.instagram.com\/saiga_agro\/"]}]}},"_links":{"self":[{"href":"https:\/\/saiga.es\/fr\/wp-json\/wp\/v2\/product\/10501","targetHints":{"allow":["GET"]}}],"collection":[{"href":"https:\/\/saiga.es\/fr\/wp-json\/wp\/v2\/product"}],"about":[{"href":"https:\/\/saiga.es\/fr\/wp-json\/wp\/v2\/types\/product"}],"replies":[{"embeddable":true,"href":"https:\/\/saiga.es\/fr\/wp-json\/wp\/v2\/comments?post=10501"}],"wp:featuredmedia":[{"embeddable":true,"href":"https:\/\/saiga.es\/fr\/wp-json\/wp\/v2\/media\/10109"}],"wp:attachment":[{"href":"https:\/\/saiga.es\/fr\/wp-json\/wp\/v2\/media?parent=10501"}],"wp:term":[{"taxonomy":"product_brand","embeddable":true,"href":"https:\/\/saiga.es\/fr\/wp-json\/wp\/v2\/product_brand?post=10501"},{"taxonomy":"product_cat","embeddable":true,"href":"https:\/\/saiga.es\/fr\/wp-json\/wp\/v2\/product_cat?post=10501"},{"taxonomy":"product_tag","embeddable":true,"href":"https:\/\/saiga.es\/fr\/wp-json\/wp\/v2\/product_tag?post=10501"}],"curies":[{"name":"wp","href":"https:\/\/api.w.org\/{rel}","templated":true}]}}