{"id":10507,"date":"2024-04-24T07:25:13","date_gmt":"2024-04-24T07:25:13","guid":{"rendered":"https:\/\/botiga.saiga.es\/producte\/total-tech-ms-125ml-transparent\/"},"modified":"2024-04-24T07:25:13","modified_gmt":"2024-04-24T07:25:13","slug":"total-tech-ms-125ml-transparent","status":"publish","type":"product","link":"https:\/\/saiga.es\/fr\/produit\/total-tech-ms-125ml-transparent\/","title":{"rendered":"Total tech ms 125ml transparent"},"content":{"rendered":"<p>Total tech ms 125ml transparent<\/p>\n<p>Le Ceys TotalTech colle, scelle et r\u00e9pare tous types de mat\u00e9riaux en int\u00e9rieur comme en ext\u00e9rieur, m\u00eame sous l&rsquo;eau. Avec une action rapide et r\u00e9sistant m\u00eame aux conditions les plus d\u00e9favorables. Sa formule sp\u00e9ciale de haute transparence offre des finitions propres.<\/p>\n","protected":false},"excerpt":{"rendered":"<p>Total tech ms 125ml transparent<\/p>\n<p>Le Ceys TotalTech colle, scelle et r\u00e9pare tous types de mat\u00e9riaux en int\u00e9rieur comme en ext\u00e9rieur, m\u00eame sous l&rsquo;eau. Avec une action rapide et r\u00e9sistant m\u00eame aux conditions les plus d\u00e9favorables. Sa formule sp\u00e9ciale de haute transparence offre des finitions propres.<\/p>\n","protected":false},"featured_media":9910,"comment_status":"open","ping_status":"closed","template":"","meta":[],"product_brand":[],"product_cat":[1325],"product_tag":[],"class_list":{"0":"post-10507","1":"product","2":"type-product","3":"status-publish","4":"has-post-thumbnail","6":"product_cat-diy","8":"first","9":"instock","10":"taxable","11":"shipping-taxable","12":"purchasable","13":"product-type-simple"},"yoast_head":"<!-- This site is optimized with the Yoast SEO plugin v27.3 - https:\/\/yoast.com\/product\/yoast-seo-wordpress\/ -->\n<title>Total tech ms 125ml transparent | SAIGA<\/title>\n<meta name=\"description\" content=\"Le Ceys TotalTech collecte, coupe et r\u00e9pare divers mat\u00e9riaux, m\u00eame sous l&#039;eau, avec une action rapide et des finitions propres.\" \/>\n<meta name=\"robots\" content=\"index, follow, max-snippet:-1, max-image-preview:large, max-video-preview:-1\" \/>\n<link rel=\"canonical\" href=\"https:\/\/saiga.es\/fr\/produit\/total-tech-ms-125ml-transparent\/\" \/>\n<meta property=\"og:locale\" content=\"fr_FR\" \/>\n<meta property=\"og:type\" content=\"article\" \/>\n<meta property=\"og:title\" content=\"Total tech ms 125ml transparent | SAIGA\" \/>\n<meta property=\"og:description\" content=\"Le Ceys TotalTech collecte, coupe et r\u00e9pare divers mat\u00e9riaux, m\u00eame sous l&#039;eau, avec une action rapide et des finitions propres.\" \/>\n<meta property=\"og:url\" content=\"https:\/\/saiga.es\/fr\/produit\/total-tech-ms-125ml-transparent\/\" \/>\n<meta property=\"og:site_name\" content=\"SAIGA\" \/>\n<meta property=\"og:image\" content=\"https:\/\/saiga.es\/wp-content\/uploads\/2024\/04\/ceys-total-tech-transparente-125-ml.jpg\" \/>\n\t<meta property=\"og:image:width\" content=\"1100\" \/>\n\t<meta property=\"og:image:height\" content=\"1422\" \/>\n\t<meta property=\"og:image:type\" content=\"image\/jpeg\" \/>\n<meta name=\"twitter:card\" content=\"summary_large_image\" \/>\n<meta name=\"twitter:site\" content=\"@saiga_agro\" \/>\n<script type=\"application\/ld+json\" class=\"yoast-schema-graph\">{\"@context\":\"https:\\\/\\\/schema.org\",\"@graph\":[{\"@type\":\"WebPage\",\"@id\":\"https:\\\/\\\/saiga.es\\\/fr\\\/produit\\\/total-tech-ms-125ml-transparent\\\/\",\"url\":\"https:\\\/\\\/saiga.es\\\/fr\\\/produit\\\/total-tech-ms-125ml-transparent\\\/\",\"name\":\"Total tech ms 125ml transparent | SAIGA\",\"isPartOf\":{\"@id\":\"https:\\\/\\\/saiga.es\\\/fr\\\/#website\"},\"primaryImageOfPage\":{\"@id\":\"https:\\\/\\\/saiga.es\\\/fr\\\/produit\\\/total-tech-ms-125ml-transparent\\\/#primaryimage\"},\"image\":{\"@id\":\"https:\\\/\\\/saiga.es\\\/fr\\\/produit\\\/total-tech-ms-125ml-transparent\\\/#primaryimage\"},\"thumbnailUrl\":\"https:\\\/\\\/saiga.es\\\/wp-content\\\/uploads\\\/2024\\\/04\\\/ceys-total-tech-transparente-125-ml.jpg\",\"datePublished\":\"2024-04-24T07:25:13+00:00\",\"description\":\"Le Ceys TotalTech collecte, coupe et r\u00e9pare divers mat\u00e9riaux, m\u00eame sous l'eau, avec une action rapide et des finitions propres.\",\"breadcrumb\":{\"@id\":\"https:\\\/\\\/saiga.es\\\/fr\\\/produit\\\/total-tech-ms-125ml-transparent\\\/#breadcrumb\"},\"inLanguage\":\"fr-FR\",\"potentialAction\":[{\"@type\":\"ReadAction\",\"target\":[\"https:\\\/\\\/saiga.es\\\/fr\\\/produit\\\/total-tech-ms-125ml-transparent\\\/\"]}]},{\"@type\":\"ImageObject\",\"inLanguage\":\"fr-FR\",\"@id\":\"https:\\\/\\\/saiga.es\\\/fr\\\/produit\\\/total-tech-ms-125ml-transparent\\\/#primaryimage\",\"url\":\"https:\\\/\\\/saiga.es\\\/wp-content\\\/uploads\\\/2024\\\/04\\\/ceys-total-tech-transparente-125-ml.jpg\",\"contentUrl\":\"https:\\\/\\\/saiga.es\\\/wp-content\\\/uploads\\\/2024\\\/04\\\/ceys-total-tech-transparente-125-ml.jpg\",\"width\":1100,\"height\":1422},{\"@type\":\"BreadcrumbList\",\"@id\":\"https:\\\/\\\/saiga.es\\\/fr\\\/produit\\\/total-tech-ms-125ml-transparent\\\/#breadcrumb\",\"itemListElement\":[{\"@type\":\"ListItem\",\"position\":1,\"name\":\"Inici\",\"item\":\"https:\\\/\\\/saiga.es\\\/fr\\\/\"},{\"@type\":\"ListItem\",\"position\":2,\"name\":\"boutique\",\"item\":\"https:\\\/\\\/saiga.es\\\/fr\\\/boutique\\\/\"},{\"@type\":\"ListItem\",\"position\":3,\"name\":\"Total tech ms 125ml transparent\"}]},{\"@type\":\"WebSite\",\"@id\":\"https:\\\/\\\/saiga.es\\\/fr\\\/#website\",\"url\":\"https:\\\/\\\/saiga.es\\\/fr\\\/\",\"name\":\"SAIGA\",\"description\":\"M\u00e9s de 50 anys al servei de la terra i treballant per a un \u00fas eficient de l\u2019aigua!\",\"publisher\":{\"@id\":\"https:\\\/\\\/saiga.es\\\/fr\\\/#organization\"},\"potentialAction\":[{\"@type\":\"SearchAction\",\"target\":{\"@type\":\"EntryPoint\",\"urlTemplate\":\"https:\\\/\\\/saiga.es\\\/fr\\\/?s={search_term_string}\"},\"query-input\":{\"@type\":\"PropertyValueSpecification\",\"valueRequired\":true,\"valueName\":\"search_term_string\"}}],\"inLanguage\":\"fr-FR\"},{\"@type\":\"Organization\",\"@id\":\"https:\\\/\\\/saiga.es\\\/fr\\\/#organization\",\"name\":\"SAIGA\",\"url\":\"https:\\\/\\\/saiga.es\\\/fr\\\/\",\"logo\":{\"@type\":\"ImageObject\",\"inLanguage\":\"fr-FR\",\"@id\":\"https:\\\/\\\/saiga.es\\\/fr\\\/#\\\/schema\\\/logo\\\/image\\\/\",\"url\":\"https:\\\/\\\/saiga.es\\\/wp-content\\\/uploads\\\/2025\\\/07\\\/logo_saiga_baseline_optimitzat.svg\",\"contentUrl\":\"https:\\\/\\\/saiga.es\\\/wp-content\\\/uploads\\\/2025\\\/07\\\/logo_saiga_baseline_optimitzat.svg\",\"caption\":\"SAIGA\"},\"image\":{\"@id\":\"https:\\\/\\\/saiga.es\\\/fr\\\/#\\\/schema\\\/logo\\\/image\\\/\"},\"sameAs\":[\"https:\\\/\\\/x.com\\\/saiga_agro\",\"https:\\\/\\\/www.instagram.com\\\/saiga_agro\\\/\"]}]}<\/script>\n<!-- \/ Yoast SEO plugin. -->","yoast_head_json":{"title":"Total tech ms 125ml transparent | SAIGA","description":"Le Ceys TotalTech collecte, coupe et r\u00e9pare divers mat\u00e9riaux, m\u00eame sous l'eau, avec une action rapide et des finitions propres.","robots":{"index":"index","follow":"follow","max-snippet":"max-snippet:-1","max-image-preview":"max-image-preview:large","max-video-preview":"max-video-preview:-1"},"canonical":"https:\/\/saiga.es\/fr\/produit\/total-tech-ms-125ml-transparent\/","og_locale":"fr_FR","og_type":"article","og_title":"Total tech ms 125ml transparent | SAIGA","og_description":"Le Ceys TotalTech collecte, coupe et r\u00e9pare divers mat\u00e9riaux, m\u00eame sous l'eau, avec une action rapide et des finitions propres.","og_url":"https:\/\/saiga.es\/fr\/produit\/total-tech-ms-125ml-transparent\/","og_site_name":"SAIGA","og_image":[{"width":1100,"height":1422,"url":"https:\/\/saiga.es\/wp-content\/uploads\/2024\/04\/ceys-total-tech-transparente-125-ml.jpg","type":"image\/jpeg"}],"twitter_card":"summary_large_image","twitter_site":"@saiga_agro","schema":{"@context":"https:\/\/schema.org","@graph":[{"@type":"WebPage","@id":"https:\/\/saiga.es\/fr\/produit\/total-tech-ms-125ml-transparent\/","url":"https:\/\/saiga.es\/fr\/produit\/total-tech-ms-125ml-transparent\/","name":"Total tech ms 125ml transparent | SAIGA","isPartOf":{"@id":"https:\/\/saiga.es\/fr\/#website"},"primaryImageOfPage":{"@id":"https:\/\/saiga.es\/fr\/produit\/total-tech-ms-125ml-transparent\/#primaryimage"},"image":{"@id":"https:\/\/saiga.es\/fr\/produit\/total-tech-ms-125ml-transparent\/#primaryimage"},"thumbnailUrl":"https:\/\/saiga.es\/wp-content\/uploads\/2024\/04\/ceys-total-tech-transparente-125-ml.jpg","datePublished":"2024-04-24T07:25:13+00:00","description":"Le Ceys TotalTech collecte, coupe et r\u00e9pare divers mat\u00e9riaux, m\u00eame sous l'eau, avec une action rapide et des finitions propres.","breadcrumb":{"@id":"https:\/\/saiga.es\/fr\/produit\/total-tech-ms-125ml-transparent\/#breadcrumb"},"inLanguage":"fr-FR","potentialAction":[{"@type":"ReadAction","target":["https:\/\/saiga.es\/fr\/produit\/total-tech-ms-125ml-transparent\/"]}]},{"@type":"ImageObject","inLanguage":"fr-FR","@id":"https:\/\/saiga.es\/fr\/produit\/total-tech-ms-125ml-transparent\/#primaryimage","url":"https:\/\/saiga.es\/wp-content\/uploads\/2024\/04\/ceys-total-tech-transparente-125-ml.jpg","contentUrl":"https:\/\/saiga.es\/wp-content\/uploads\/2024\/04\/ceys-total-tech-transparente-125-ml.jpg","width":1100,"height":1422},{"@type":"BreadcrumbList","@id":"https:\/\/saiga.es\/fr\/produit\/total-tech-ms-125ml-transparent\/#breadcrumb","itemListElement":[{"@type":"ListItem","position":1,"name":"Inici","item":"https:\/\/saiga.es\/fr\/"},{"@type":"ListItem","position":2,"name":"boutique","item":"https:\/\/saiga.es\/fr\/boutique\/"},{"@type":"ListItem","position":3,"name":"Total tech ms 125ml transparent"}]},{"@type":"WebSite","@id":"https:\/\/saiga.es\/fr\/#website","url":"https:\/\/saiga.es\/fr\/","name":"SAIGA","description":"M\u00e9s de 50 anys al servei de la terra i treballant per a un \u00fas eficient de l\u2019aigua!","publisher":{"@id":"https:\/\/saiga.es\/fr\/#organization"},"potentialAction":[{"@type":"SearchAction","target":{"@type":"EntryPoint","urlTemplate":"https:\/\/saiga.es\/fr\/?s={search_term_string}"},"query-input":{"@type":"PropertyValueSpecification","valueRequired":true,"valueName":"search_term_string"}}],"inLanguage":"fr-FR"},{"@type":"Organization","@id":"https:\/\/saiga.es\/fr\/#organization","name":"SAIGA","url":"https:\/\/saiga.es\/fr\/","logo":{"@type":"ImageObject","inLanguage":"fr-FR","@id":"https:\/\/saiga.es\/fr\/#\/schema\/logo\/image\/","url":"https:\/\/saiga.es\/wp-content\/uploads\/2025\/07\/logo_saiga_baseline_optimitzat.svg","contentUrl":"https:\/\/saiga.es\/wp-content\/uploads\/2025\/07\/logo_saiga_baseline_optimitzat.svg","caption":"SAIGA"},"image":{"@id":"https:\/\/saiga.es\/fr\/#\/schema\/logo\/image\/"},"sameAs":["https:\/\/x.com\/saiga_agro","https:\/\/www.instagram.com\/saiga_agro\/"]}]}},"_links":{"self":[{"href":"https:\/\/saiga.es\/fr\/wp-json\/wp\/v2\/product\/10507","targetHints":{"allow":["GET"]}}],"collection":[{"href":"https:\/\/saiga.es\/fr\/wp-json\/wp\/v2\/product"}],"about":[{"href":"https:\/\/saiga.es\/fr\/wp-json\/wp\/v2\/types\/product"}],"replies":[{"embeddable":true,"href":"https:\/\/saiga.es\/fr\/wp-json\/wp\/v2\/comments?post=10507"}],"wp:featuredmedia":[{"embeddable":true,"href":"https:\/\/saiga.es\/fr\/wp-json\/wp\/v2\/media\/9910"}],"wp:attachment":[{"href":"https:\/\/saiga.es\/fr\/wp-json\/wp\/v2\/media?parent=10507"}],"wp:term":[{"taxonomy":"product_brand","embeddable":true,"href":"https:\/\/saiga.es\/fr\/wp-json\/wp\/v2\/product_brand?post=10507"},{"taxonomy":"product_cat","embeddable":true,"href":"https:\/\/saiga.es\/fr\/wp-json\/wp\/v2\/product_cat?post=10507"},{"taxonomy":"product_tag","embeddable":true,"href":"https:\/\/saiga.es\/fr\/wp-json\/wp\/v2\/product_tag?post=10507"}],"curies":[{"name":"wp","href":"https:\/\/api.w.org\/{rel}","templated":true}]}}