{"id":10519,"date":"2024-05-28T07:24:19","date_gmt":"2024-05-28T07:24:19","guid":{"rendered":"https:\/\/botiga.saiga.es\/producte\/raccord-coude-45-o-polyethylene\/"},"modified":"2024-05-28T07:24:19","modified_gmt":"2024-05-28T07:24:19","slug":"raccord-coude-45-o-polyethylene","status":"publish","type":"product","link":"https:\/\/saiga.es\/fr\/produit\/raccord-coude-45-o-polyethylene\/","title":{"rendered":"Raccord coud\u00e9 45 \u00ba Poly\u00e9thyl\u00e8ne"},"content":{"rendered":"<p>Le raccord coud\u00e9 45\u00ba en poly\u00e9thyl\u00e8ne est un raccord de tuyauterie utilis\u00e9 pour connecter deux sections de tuyau en poly\u00e9thyl\u00e8ne (PE) \u00e0 un angle de 45 degr\u00e9s. Ces raccords sont courants dans les syst\u00e8mes de tuyauterie o\u00f9 il est n\u00e9cessaire de d\u00e9tourner la direction du flux de liquides ou de gaz.<\/p>\n","protected":false},"excerpt":{"rendered":"<p>Le raccord coud\u00e9 45\u00ba en poly\u00e9thyl\u00e8ne est un raccord de tuyauterie utilis\u00e9 pour connecter deux sections de tuyau en poly\u00e9thyl\u00e8ne (PE) \u00e0 un angle de 45 degr\u00e9s. Ces raccords sont courants dans les syst\u00e8mes de tuyauterie o\u00f9 il est n\u00e9cessaire de d\u00e9tourner la direction du flux de liquides ou de gaz.<\/p>\n","protected":false},"featured_media":10511,"comment_status":"closed","ping_status":"closed","template":"","meta":[],"product_brand":[],"product_cat":[1454],"product_tag":[835,1057,1055,837],"class_list":{"0":"post-10519","1":"product","2":"type-product","3":"status-publish","4":"has-post-thumbnail","6":"product_cat-jimten-fr","7":"product_tag-coude","8":"product_tag-hydraulique","9":"product_tag-jimten-fr","10":"product_tag-polyethylene","12":"first","13":"instock","14":"taxable","15":"shipping-taxable","16":"purchasable","17":"product-type-variable"},"yoast_head":"<!-- This site is optimized with the Yoast SEO plugin v27.4 - https:\/\/yoast.com\/product\/yoast-seo-wordpress\/ -->\n<title>Raccord coud\u00e9 45 \u00ba Poly\u00e9thyl\u00e8ne | SAIGA<\/title>\n<meta name=\"description\" content=\"Le raccord coud\u00e9 45\u00ba en poly\u00e9thyl\u00e8ne est un raccord de tuyauterie utilis\u00e9 pour connecter deux sections de tuyau en poly\u00e9thyl\u00e8ne (PE) \u00e0 un angle de 45 degr\u00e9s.\" \/>\n<meta name=\"robots\" content=\"index, follow, max-snippet:-1, max-image-preview:large, max-video-preview:-1\" \/>\n<link rel=\"canonical\" href=\"https:\/\/saiga.es\/fr\/produit\/raccord-coude-45-o-polyethylene\/\" \/>\n<meta property=\"og:locale\" content=\"fr_FR\" \/>\n<meta property=\"og:type\" content=\"article\" \/>\n<meta property=\"og:title\" content=\"Raccord coud\u00e9 45 \u00ba Poly\u00e9thyl\u00e8ne | SAIGA\" \/>\n<meta property=\"og:description\" content=\"Le raccord coud\u00e9 45\u00ba en poly\u00e9thyl\u00e8ne est un raccord de tuyauterie utilis\u00e9 pour connecter deux sections de tuyau en poly\u00e9thyl\u00e8ne (PE) \u00e0 un angle de 45 degr\u00e9s.\" \/>\n<meta property=\"og:url\" content=\"https:\/\/saiga.es\/fr\/produit\/raccord-coude-45-o-polyethylene\/\" \/>\n<meta property=\"og:site_name\" content=\"SAIGA\" \/>\n<meta property=\"og:image\" content=\"https:\/\/saiga.es\/wp-content\/uploads\/2024\/05\/J-70-colze-45o.jpg\" \/>\n\t<meta property=\"og:image:width\" content=\"800\" \/>\n\t<meta property=\"og:image:height\" content=\"800\" \/>\n\t<meta property=\"og:image:type\" content=\"image\/jpeg\" \/>\n<meta name=\"twitter:card\" content=\"summary_large_image\" \/>\n<meta name=\"twitter:site\" content=\"@saiga_agro\" \/>\n<script type=\"application\/ld+json\" class=\"yoast-schema-graph\">{\"@context\":\"https:\\\/\\\/schema.org\",\"@graph\":[{\"@type\":\"WebPage\",\"@id\":\"https:\\\/\\\/saiga.es\\\/fr\\\/produit\\\/raccord-coude-45-o-polyethylene\\\/\",\"url\":\"https:\\\/\\\/saiga.es\\\/fr\\\/produit\\\/raccord-coude-45-o-polyethylene\\\/\",\"name\":\"Raccord coud\u00e9 45 \u00ba Poly\u00e9thyl\u00e8ne | SAIGA\",\"isPartOf\":{\"@id\":\"https:\\\/\\\/saiga.es\\\/fr\\\/#website\"},\"primaryImageOfPage\":{\"@id\":\"https:\\\/\\\/saiga.es\\\/fr\\\/produit\\\/raccord-coude-45-o-polyethylene\\\/#primaryimage\"},\"image\":{\"@id\":\"https:\\\/\\\/saiga.es\\\/fr\\\/produit\\\/raccord-coude-45-o-polyethylene\\\/#primaryimage\"},\"thumbnailUrl\":\"https:\\\/\\\/saiga.es\\\/wp-content\\\/uploads\\\/2024\\\/05\\\/J-70-colze-45o.jpg\",\"datePublished\":\"2024-05-28T07:24:19+00:00\",\"description\":\"Le raccord coud\u00e9 45\u00ba en poly\u00e9thyl\u00e8ne est un raccord de tuyauterie utilis\u00e9 pour connecter deux sections de tuyau en poly\u00e9thyl\u00e8ne (PE) \u00e0 un angle de 45 degr\u00e9s.\",\"breadcrumb\":{\"@id\":\"https:\\\/\\\/saiga.es\\\/fr\\\/produit\\\/raccord-coude-45-o-polyethylene\\\/#breadcrumb\"},\"inLanguage\":\"fr-FR\",\"potentialAction\":[{\"@type\":\"ReadAction\",\"target\":[\"https:\\\/\\\/saiga.es\\\/fr\\\/produit\\\/raccord-coude-45-o-polyethylene\\\/\"]}]},{\"@type\":\"ImageObject\",\"inLanguage\":\"fr-FR\",\"@id\":\"https:\\\/\\\/saiga.es\\\/fr\\\/produit\\\/raccord-coude-45-o-polyethylene\\\/#primaryimage\",\"url\":\"https:\\\/\\\/saiga.es\\\/wp-content\\\/uploads\\\/2024\\\/05\\\/J-70-colze-45o.jpg\",\"contentUrl\":\"https:\\\/\\\/saiga.es\\\/wp-content\\\/uploads\\\/2024\\\/05\\\/J-70-colze-45o.jpg\",\"width\":800,\"height\":800,\"caption\":\"Coude 45 degr\u00e9s\"},{\"@type\":\"BreadcrumbList\",\"@id\":\"https:\\\/\\\/saiga.es\\\/fr\\\/produit\\\/raccord-coude-45-o-polyethylene\\\/#breadcrumb\",\"itemListElement\":[{\"@type\":\"ListItem\",\"position\":1,\"name\":\"Inici\",\"item\":\"https:\\\/\\\/saiga.es\\\/fr\\\/\"},{\"@type\":\"ListItem\",\"position\":2,\"name\":\"boutique\",\"item\":\"https:\\\/\\\/saiga.es\\\/fr\\\/boutique\\\/\"},{\"@type\":\"ListItem\",\"position\":3,\"name\":\"Raccord coud\u00e9 45 \u00ba Poly\u00e9thyl\u00e8ne\"}]},{\"@type\":\"WebSite\",\"@id\":\"https:\\\/\\\/saiga.es\\\/fr\\\/#website\",\"url\":\"https:\\\/\\\/saiga.es\\\/fr\\\/\",\"name\":\"SAIGA\",\"description\":\"M\u00e9s de 50 anys al servei de la terra i treballant per a un \u00fas eficient de l\u2019aigua!\",\"publisher\":{\"@id\":\"https:\\\/\\\/saiga.es\\\/fr\\\/#organization\"},\"potentialAction\":[{\"@type\":\"SearchAction\",\"target\":{\"@type\":\"EntryPoint\",\"urlTemplate\":\"https:\\\/\\\/saiga.es\\\/fr\\\/?s={search_term_string}\"},\"query-input\":{\"@type\":\"PropertyValueSpecification\",\"valueRequired\":true,\"valueName\":\"search_term_string\"}}],\"inLanguage\":\"fr-FR\"},{\"@type\":\"Organization\",\"@id\":\"https:\\\/\\\/saiga.es\\\/fr\\\/#organization\",\"name\":\"SAIGA\",\"url\":\"https:\\\/\\\/saiga.es\\\/fr\\\/\",\"logo\":{\"@type\":\"ImageObject\",\"inLanguage\":\"fr-FR\",\"@id\":\"https:\\\/\\\/saiga.es\\\/fr\\\/#\\\/schema\\\/logo\\\/image\\\/\",\"url\":\"https:\\\/\\\/saiga.es\\\/wp-content\\\/uploads\\\/2025\\\/07\\\/logo_saiga_baseline_optimitzat.svg\",\"contentUrl\":\"https:\\\/\\\/saiga.es\\\/wp-content\\\/uploads\\\/2025\\\/07\\\/logo_saiga_baseline_optimitzat.svg\",\"caption\":\"SAIGA\"},\"image\":{\"@id\":\"https:\\\/\\\/saiga.es\\\/fr\\\/#\\\/schema\\\/logo\\\/image\\\/\"},\"sameAs\":[\"https:\\\/\\\/x.com\\\/saiga_agro\",\"https:\\\/\\\/www.instagram.com\\\/saiga_agro\\\/\"]}]}<\/script>\n<!-- \/ Yoast SEO plugin. -->","yoast_head_json":{"title":"Raccord coud\u00e9 45 \u00ba Poly\u00e9thyl\u00e8ne | SAIGA","description":"Le raccord coud\u00e9 45\u00ba en poly\u00e9thyl\u00e8ne est un raccord de tuyauterie utilis\u00e9 pour connecter deux sections de tuyau en poly\u00e9thyl\u00e8ne (PE) \u00e0 un angle de 45 degr\u00e9s.","robots":{"index":"index","follow":"follow","max-snippet":"max-snippet:-1","max-image-preview":"max-image-preview:large","max-video-preview":"max-video-preview:-1"},"canonical":"https:\/\/saiga.es\/fr\/produit\/raccord-coude-45-o-polyethylene\/","og_locale":"fr_FR","og_type":"article","og_title":"Raccord coud\u00e9 45 \u00ba Poly\u00e9thyl\u00e8ne | SAIGA","og_description":"Le raccord coud\u00e9 45\u00ba en poly\u00e9thyl\u00e8ne est un raccord de tuyauterie utilis\u00e9 pour connecter deux sections de tuyau en poly\u00e9thyl\u00e8ne (PE) \u00e0 un angle de 45 degr\u00e9s.","og_url":"https:\/\/saiga.es\/fr\/produit\/raccord-coude-45-o-polyethylene\/","og_site_name":"SAIGA","og_image":[{"width":800,"height":800,"url":"https:\/\/saiga.es\/wp-content\/uploads\/2024\/05\/J-70-colze-45o.jpg","type":"image\/jpeg"}],"twitter_card":"summary_large_image","twitter_site":"@saiga_agro","schema":{"@context":"https:\/\/schema.org","@graph":[{"@type":"WebPage","@id":"https:\/\/saiga.es\/fr\/produit\/raccord-coude-45-o-polyethylene\/","url":"https:\/\/saiga.es\/fr\/produit\/raccord-coude-45-o-polyethylene\/","name":"Raccord coud\u00e9 45 \u00ba Poly\u00e9thyl\u00e8ne | SAIGA","isPartOf":{"@id":"https:\/\/saiga.es\/fr\/#website"},"primaryImageOfPage":{"@id":"https:\/\/saiga.es\/fr\/produit\/raccord-coude-45-o-polyethylene\/#primaryimage"},"image":{"@id":"https:\/\/saiga.es\/fr\/produit\/raccord-coude-45-o-polyethylene\/#primaryimage"},"thumbnailUrl":"https:\/\/saiga.es\/wp-content\/uploads\/2024\/05\/J-70-colze-45o.jpg","datePublished":"2024-05-28T07:24:19+00:00","description":"Le raccord coud\u00e9 45\u00ba en poly\u00e9thyl\u00e8ne est un raccord de tuyauterie utilis\u00e9 pour connecter deux sections de tuyau en poly\u00e9thyl\u00e8ne (PE) \u00e0 un angle de 45 degr\u00e9s.","breadcrumb":{"@id":"https:\/\/saiga.es\/fr\/produit\/raccord-coude-45-o-polyethylene\/#breadcrumb"},"inLanguage":"fr-FR","potentialAction":[{"@type":"ReadAction","target":["https:\/\/saiga.es\/fr\/produit\/raccord-coude-45-o-polyethylene\/"]}]},{"@type":"ImageObject","inLanguage":"fr-FR","@id":"https:\/\/saiga.es\/fr\/produit\/raccord-coude-45-o-polyethylene\/#primaryimage","url":"https:\/\/saiga.es\/wp-content\/uploads\/2024\/05\/J-70-colze-45o.jpg","contentUrl":"https:\/\/saiga.es\/wp-content\/uploads\/2024\/05\/J-70-colze-45o.jpg","width":800,"height":800,"caption":"Coude 45 degr\u00e9s"},{"@type":"BreadcrumbList","@id":"https:\/\/saiga.es\/fr\/produit\/raccord-coude-45-o-polyethylene\/#breadcrumb","itemListElement":[{"@type":"ListItem","position":1,"name":"Inici","item":"https:\/\/saiga.es\/fr\/"},{"@type":"ListItem","position":2,"name":"boutique","item":"https:\/\/saiga.es\/fr\/boutique\/"},{"@type":"ListItem","position":3,"name":"Raccord coud\u00e9 45 \u00ba Poly\u00e9thyl\u00e8ne"}]},{"@type":"WebSite","@id":"https:\/\/saiga.es\/fr\/#website","url":"https:\/\/saiga.es\/fr\/","name":"SAIGA","description":"M\u00e9s de 50 anys al servei de la terra i treballant per a un \u00fas eficient de l\u2019aigua!","publisher":{"@id":"https:\/\/saiga.es\/fr\/#organization"},"potentialAction":[{"@type":"SearchAction","target":{"@type":"EntryPoint","urlTemplate":"https:\/\/saiga.es\/fr\/?s={search_term_string}"},"query-input":{"@type":"PropertyValueSpecification","valueRequired":true,"valueName":"search_term_string"}}],"inLanguage":"fr-FR"},{"@type":"Organization","@id":"https:\/\/saiga.es\/fr\/#organization","name":"SAIGA","url":"https:\/\/saiga.es\/fr\/","logo":{"@type":"ImageObject","inLanguage":"fr-FR","@id":"https:\/\/saiga.es\/fr\/#\/schema\/logo\/image\/","url":"https:\/\/saiga.es\/wp-content\/uploads\/2025\/07\/logo_saiga_baseline_optimitzat.svg","contentUrl":"https:\/\/saiga.es\/wp-content\/uploads\/2025\/07\/logo_saiga_baseline_optimitzat.svg","caption":"SAIGA"},"image":{"@id":"https:\/\/saiga.es\/fr\/#\/schema\/logo\/image\/"},"sameAs":["https:\/\/x.com\/saiga_agro","https:\/\/www.instagram.com\/saiga_agro\/"]}]}},"_links":{"self":[{"href":"https:\/\/saiga.es\/fr\/wp-json\/wp\/v2\/product\/10519","targetHints":{"allow":["GET"]}}],"collection":[{"href":"https:\/\/saiga.es\/fr\/wp-json\/wp\/v2\/product"}],"about":[{"href":"https:\/\/saiga.es\/fr\/wp-json\/wp\/v2\/types\/product"}],"replies":[{"embeddable":true,"href":"https:\/\/saiga.es\/fr\/wp-json\/wp\/v2\/comments?post=10519"}],"wp:featuredmedia":[{"embeddable":true,"href":"https:\/\/saiga.es\/fr\/wp-json\/wp\/v2\/media\/10511"}],"wp:attachment":[{"href":"https:\/\/saiga.es\/fr\/wp-json\/wp\/v2\/media?parent=10519"}],"wp:term":[{"taxonomy":"product_brand","embeddable":true,"href":"https:\/\/saiga.es\/fr\/wp-json\/wp\/v2\/product_brand?post=10519"},{"taxonomy":"product_cat","embeddable":true,"href":"https:\/\/saiga.es\/fr\/wp-json\/wp\/v2\/product_cat?post=10519"},{"taxonomy":"product_tag","embeddable":true,"href":"https:\/\/saiga.es\/fr\/wp-json\/wp\/v2\/product_tag?post=10519"}],"curies":[{"name":"wp","href":"https:\/\/api.w.org\/{rel}","templated":true}]}}