{"id":10616,"date":"2024-05-29T06:52:35","date_gmt":"2024-05-29T06:52:35","guid":{"rendered":"https:\/\/botiga.saiga.es\/producte\/passer-les-fosses-septiques-16-comprimes\/"},"modified":"2024-05-29T06:52:35","modified_gmt":"2024-05-29T06:52:35","slug":"passer-les-fosses-septiques-16-comprimes","status":"publish","type":"product","link":"https:\/\/saiga.es\/fr\/produit\/passer-les-fosses-septiques-16-comprimes\/","title":{"rendered":"Passer les fosses septiques 16 comprim\u00e9s"},"content":{"rendered":"<div>Passer les fosses septiques 16 comprim\u00e9s<\/div>\n<div><\/div>\n<div>Produit avec des enzymes qui \u00e9liminent les r\u00e9sidus organiques de mani\u00e8re naturelle, r\u00e9duisant les co\u00fbts d&rsquo;entretien de la fosse septique et neutralisant les mauvaises odeurs. Efficace pour nettoyer et pr\u00e9venir les bourrages. Outil robuste et durable, cr\u00e9\u00e9 pour les t\u00e2ches professionnelles mais parfait pour un usage domestique exigeant.<\/div>\n","protected":false},"excerpt":{"rendered":"<div>Passer les fosses septiques 16 comprim\u00e9s<\/div>\n<div><\/div>\n<div>Produit avec des enzymes qui \u00e9liminent les r\u00e9sidus organiques de mani\u00e8re naturelle, r\u00e9duisant les co\u00fbts d&rsquo;entretien de la fosse septique et neutralisant les mauvaises odeurs. Efficace pour nettoyer et pr\u00e9venir les bourrages. Outil robuste et durable, cr\u00e9\u00e9 pour les t\u00e2ches professionnelles mais parfait pour un usage domestique exigeant.<\/div>\n","protected":false},"featured_media":10552,"comment_status":"open","ping_status":"closed","template":"","meta":[],"product_brand":[],"product_cat":[1325],"product_tag":[],"class_list":{"0":"post-10616","1":"product","2":"type-product","3":"status-publish","4":"has-post-thumbnail","6":"product_cat-diy","8":"first","9":"instock","10":"taxable","11":"shipping-taxable","12":"purchasable","13":"product-type-simple"},"yoast_head":"<!-- This site is optimized with the Yoast SEO plugin v27.4 - https:\/\/yoast.com\/product\/yoast-seo-wordpress\/ -->\n<title>Passer les fosses septiques 16 comprim\u00e9s | SAIGA<\/title>\n<meta name=\"description\" content=\"Formule enzymatique qui d\u00e9truit les restes organiques, r\u00e9duisant ainsi les co\u00fbts de nettoyage des fosses septiques et \u00e9liminant les mauvaises odeurs.\" \/>\n<meta name=\"robots\" content=\"index, follow, max-snippet:-1, max-image-preview:large, max-video-preview:-1\" \/>\n<link rel=\"canonical\" href=\"https:\/\/saiga.es\/fr\/produit\/passer-les-fosses-septiques-16-comprimes\/\" \/>\n<meta property=\"og:locale\" content=\"fr_FR\" \/>\n<meta property=\"og:type\" content=\"article\" \/>\n<meta property=\"og:title\" content=\"Passer les fosses septiques 16 comprim\u00e9s | SAIGA\" \/>\n<meta property=\"og:description\" content=\"Formule enzymatique qui d\u00e9truit les restes organiques, r\u00e9duisant ainsi les co\u00fbts de nettoyage des fosses septiques et \u00e9liminant les mauvaises odeurs.\" \/>\n<meta property=\"og:url\" content=\"https:\/\/saiga.es\/fr\/produit\/passer-les-fosses-septiques-16-comprimes\/\" \/>\n<meta property=\"og:site_name\" content=\"SAIGA\" \/>\n<meta property=\"og:image\" content=\"https:\/\/saiga.es\/wp-content\/uploads\/2024\/05\/8411519750089_1.jpg\" \/>\n\t<meta property=\"og:image:width\" content=\"510\" \/>\n\t<meta property=\"og:image:height\" content=\"510\" \/>\n\t<meta property=\"og:image:type\" content=\"image\/jpeg\" \/>\n<meta name=\"twitter:card\" content=\"summary_large_image\" \/>\n<meta name=\"twitter:site\" content=\"@saiga_agro\" \/>\n<script type=\"application\/ld+json\" class=\"yoast-schema-graph\">{\"@context\":\"https:\\\/\\\/schema.org\",\"@graph\":[{\"@type\":\"WebPage\",\"@id\":\"https:\\\/\\\/saiga.es\\\/fr\\\/produit\\\/passer-les-fosses-septiques-16-comprimes\\\/\",\"url\":\"https:\\\/\\\/saiga.es\\\/fr\\\/produit\\\/passer-les-fosses-septiques-16-comprimes\\\/\",\"name\":\"Passer les fosses septiques 16 comprim\u00e9s | SAIGA\",\"isPartOf\":{\"@id\":\"https:\\\/\\\/saiga.es\\\/fr\\\/#website\"},\"primaryImageOfPage\":{\"@id\":\"https:\\\/\\\/saiga.es\\\/fr\\\/produit\\\/passer-les-fosses-septiques-16-comprimes\\\/#primaryimage\"},\"image\":{\"@id\":\"https:\\\/\\\/saiga.es\\\/fr\\\/produit\\\/passer-les-fosses-septiques-16-comprimes\\\/#primaryimage\"},\"thumbnailUrl\":\"https:\\\/\\\/saiga.es\\\/wp-content\\\/uploads\\\/2024\\\/05\\\/8411519750089_1.jpg\",\"datePublished\":\"2024-05-29T06:52:35+00:00\",\"description\":\"Formule enzymatique qui d\u00e9truit les restes organiques, r\u00e9duisant ainsi les co\u00fbts de nettoyage des fosses septiques et \u00e9liminant les mauvaises odeurs.\",\"breadcrumb\":{\"@id\":\"https:\\\/\\\/saiga.es\\\/fr\\\/produit\\\/passer-les-fosses-septiques-16-comprimes\\\/#breadcrumb\"},\"inLanguage\":\"fr-FR\",\"potentialAction\":[{\"@type\":\"ReadAction\",\"target\":[\"https:\\\/\\\/saiga.es\\\/fr\\\/produit\\\/passer-les-fosses-septiques-16-comprimes\\\/\"]}]},{\"@type\":\"ImageObject\",\"inLanguage\":\"fr-FR\",\"@id\":\"https:\\\/\\\/saiga.es\\\/fr\\\/produit\\\/passer-les-fosses-septiques-16-comprimes\\\/#primaryimage\",\"url\":\"https:\\\/\\\/saiga.es\\\/wp-content\\\/uploads\\\/2024\\\/05\\\/8411519750089_1.jpg\",\"contentUrl\":\"https:\\\/\\\/saiga.es\\\/wp-content\\\/uploads\\\/2024\\\/05\\\/8411519750089_1.jpg\",\"width\":510,\"height\":510},{\"@type\":\"BreadcrumbList\",\"@id\":\"https:\\\/\\\/saiga.es\\\/fr\\\/produit\\\/passer-les-fosses-septiques-16-comprimes\\\/#breadcrumb\",\"itemListElement\":[{\"@type\":\"ListItem\",\"position\":1,\"name\":\"Inici\",\"item\":\"https:\\\/\\\/saiga.es\\\/fr\\\/\"},{\"@type\":\"ListItem\",\"position\":2,\"name\":\"boutique\",\"item\":\"https:\\\/\\\/saiga.es\\\/fr\\\/boutique\\\/\"},{\"@type\":\"ListItem\",\"position\":3,\"name\":\"Passer les fosses septiques 16 comprim\u00e9s\"}]},{\"@type\":\"WebSite\",\"@id\":\"https:\\\/\\\/saiga.es\\\/fr\\\/#website\",\"url\":\"https:\\\/\\\/saiga.es\\\/fr\\\/\",\"name\":\"SAIGA\",\"description\":\"M\u00e9s de 50 anys al servei de la terra i treballant per a un \u00fas eficient de l\u2019aigua!\",\"publisher\":{\"@id\":\"https:\\\/\\\/saiga.es\\\/fr\\\/#organization\"},\"potentialAction\":[{\"@type\":\"SearchAction\",\"target\":{\"@type\":\"EntryPoint\",\"urlTemplate\":\"https:\\\/\\\/saiga.es\\\/fr\\\/?s={search_term_string}\"},\"query-input\":{\"@type\":\"PropertyValueSpecification\",\"valueRequired\":true,\"valueName\":\"search_term_string\"}}],\"inLanguage\":\"fr-FR\"},{\"@type\":\"Organization\",\"@id\":\"https:\\\/\\\/saiga.es\\\/fr\\\/#organization\",\"name\":\"SAIGA\",\"url\":\"https:\\\/\\\/saiga.es\\\/fr\\\/\",\"logo\":{\"@type\":\"ImageObject\",\"inLanguage\":\"fr-FR\",\"@id\":\"https:\\\/\\\/saiga.es\\\/fr\\\/#\\\/schema\\\/logo\\\/image\\\/\",\"url\":\"https:\\\/\\\/saiga.es\\\/wp-content\\\/uploads\\\/2025\\\/07\\\/logo_saiga_baseline_optimitzat.svg\",\"contentUrl\":\"https:\\\/\\\/saiga.es\\\/wp-content\\\/uploads\\\/2025\\\/07\\\/logo_saiga_baseline_optimitzat.svg\",\"caption\":\"SAIGA\"},\"image\":{\"@id\":\"https:\\\/\\\/saiga.es\\\/fr\\\/#\\\/schema\\\/logo\\\/image\\\/\"},\"sameAs\":[\"https:\\\/\\\/x.com\\\/saiga_agro\",\"https:\\\/\\\/www.instagram.com\\\/saiga_agro\\\/\"]}]}<\/script>\n<!-- \/ Yoast SEO plugin. -->","yoast_head_json":{"title":"Passer les fosses septiques 16 comprim\u00e9s | SAIGA","description":"Formule enzymatique qui d\u00e9truit les restes organiques, r\u00e9duisant ainsi les co\u00fbts de nettoyage des fosses septiques et \u00e9liminant les mauvaises odeurs.","robots":{"index":"index","follow":"follow","max-snippet":"max-snippet:-1","max-image-preview":"max-image-preview:large","max-video-preview":"max-video-preview:-1"},"canonical":"https:\/\/saiga.es\/fr\/produit\/passer-les-fosses-septiques-16-comprimes\/","og_locale":"fr_FR","og_type":"article","og_title":"Passer les fosses septiques 16 comprim\u00e9s | SAIGA","og_description":"Formule enzymatique qui d\u00e9truit les restes organiques, r\u00e9duisant ainsi les co\u00fbts de nettoyage des fosses septiques et \u00e9liminant les mauvaises odeurs.","og_url":"https:\/\/saiga.es\/fr\/produit\/passer-les-fosses-septiques-16-comprimes\/","og_site_name":"SAIGA","og_image":[{"width":510,"height":510,"url":"https:\/\/saiga.es\/wp-content\/uploads\/2024\/05\/8411519750089_1.jpg","type":"image\/jpeg"}],"twitter_card":"summary_large_image","twitter_site":"@saiga_agro","schema":{"@context":"https:\/\/schema.org","@graph":[{"@type":"WebPage","@id":"https:\/\/saiga.es\/fr\/produit\/passer-les-fosses-septiques-16-comprimes\/","url":"https:\/\/saiga.es\/fr\/produit\/passer-les-fosses-septiques-16-comprimes\/","name":"Passer les fosses septiques 16 comprim\u00e9s | SAIGA","isPartOf":{"@id":"https:\/\/saiga.es\/fr\/#website"},"primaryImageOfPage":{"@id":"https:\/\/saiga.es\/fr\/produit\/passer-les-fosses-septiques-16-comprimes\/#primaryimage"},"image":{"@id":"https:\/\/saiga.es\/fr\/produit\/passer-les-fosses-septiques-16-comprimes\/#primaryimage"},"thumbnailUrl":"https:\/\/saiga.es\/wp-content\/uploads\/2024\/05\/8411519750089_1.jpg","datePublished":"2024-05-29T06:52:35+00:00","description":"Formule enzymatique qui d\u00e9truit les restes organiques, r\u00e9duisant ainsi les co\u00fbts de nettoyage des fosses septiques et \u00e9liminant les mauvaises odeurs.","breadcrumb":{"@id":"https:\/\/saiga.es\/fr\/produit\/passer-les-fosses-septiques-16-comprimes\/#breadcrumb"},"inLanguage":"fr-FR","potentialAction":[{"@type":"ReadAction","target":["https:\/\/saiga.es\/fr\/produit\/passer-les-fosses-septiques-16-comprimes\/"]}]},{"@type":"ImageObject","inLanguage":"fr-FR","@id":"https:\/\/saiga.es\/fr\/produit\/passer-les-fosses-septiques-16-comprimes\/#primaryimage","url":"https:\/\/saiga.es\/wp-content\/uploads\/2024\/05\/8411519750089_1.jpg","contentUrl":"https:\/\/saiga.es\/wp-content\/uploads\/2024\/05\/8411519750089_1.jpg","width":510,"height":510},{"@type":"BreadcrumbList","@id":"https:\/\/saiga.es\/fr\/produit\/passer-les-fosses-septiques-16-comprimes\/#breadcrumb","itemListElement":[{"@type":"ListItem","position":1,"name":"Inici","item":"https:\/\/saiga.es\/fr\/"},{"@type":"ListItem","position":2,"name":"boutique","item":"https:\/\/saiga.es\/fr\/boutique\/"},{"@type":"ListItem","position":3,"name":"Passer les fosses septiques 16 comprim\u00e9s"}]},{"@type":"WebSite","@id":"https:\/\/saiga.es\/fr\/#website","url":"https:\/\/saiga.es\/fr\/","name":"SAIGA","description":"M\u00e9s de 50 anys al servei de la terra i treballant per a un \u00fas eficient de l\u2019aigua!","publisher":{"@id":"https:\/\/saiga.es\/fr\/#organization"},"potentialAction":[{"@type":"SearchAction","target":{"@type":"EntryPoint","urlTemplate":"https:\/\/saiga.es\/fr\/?s={search_term_string}"},"query-input":{"@type":"PropertyValueSpecification","valueRequired":true,"valueName":"search_term_string"}}],"inLanguage":"fr-FR"},{"@type":"Organization","@id":"https:\/\/saiga.es\/fr\/#organization","name":"SAIGA","url":"https:\/\/saiga.es\/fr\/","logo":{"@type":"ImageObject","inLanguage":"fr-FR","@id":"https:\/\/saiga.es\/fr\/#\/schema\/logo\/image\/","url":"https:\/\/saiga.es\/wp-content\/uploads\/2025\/07\/logo_saiga_baseline_optimitzat.svg","contentUrl":"https:\/\/saiga.es\/wp-content\/uploads\/2025\/07\/logo_saiga_baseline_optimitzat.svg","caption":"SAIGA"},"image":{"@id":"https:\/\/saiga.es\/fr\/#\/schema\/logo\/image\/"},"sameAs":["https:\/\/x.com\/saiga_agro","https:\/\/www.instagram.com\/saiga_agro\/"]}]}},"_links":{"self":[{"href":"https:\/\/saiga.es\/fr\/wp-json\/wp\/v2\/product\/10616","targetHints":{"allow":["GET"]}}],"collection":[{"href":"https:\/\/saiga.es\/fr\/wp-json\/wp\/v2\/product"}],"about":[{"href":"https:\/\/saiga.es\/fr\/wp-json\/wp\/v2\/types\/product"}],"replies":[{"embeddable":true,"href":"https:\/\/saiga.es\/fr\/wp-json\/wp\/v2\/comments?post=10616"}],"wp:featuredmedia":[{"embeddable":true,"href":"https:\/\/saiga.es\/fr\/wp-json\/wp\/v2\/media\/10552"}],"wp:attachment":[{"href":"https:\/\/saiga.es\/fr\/wp-json\/wp\/v2\/media?parent=10616"}],"wp:term":[{"taxonomy":"product_brand","embeddable":true,"href":"https:\/\/saiga.es\/fr\/wp-json\/wp\/v2\/product_brand?post=10616"},{"taxonomy":"product_cat","embeddable":true,"href":"https:\/\/saiga.es\/fr\/wp-json\/wp\/v2\/product_cat?post=10616"},{"taxonomy":"product_tag","embeddable":true,"href":"https:\/\/saiga.es\/fr\/wp-json\/wp\/v2\/product_tag?post=10616"}],"curies":[{"name":"wp","href":"https:\/\/api.w.org\/{rel}","templated":true}]}}