{"id":10724,"date":"2024-06-11T15:32:12","date_gmt":"2024-06-11T15:32:12","guid":{"rendered":"https:\/\/botiga.saiga.es\/producte\/loxiran-antiants-naturels-neudorf-250gr\/"},"modified":"2025-10-27T07:53:53","modified_gmt":"2025-10-27T07:53:53","slug":"loxiran-antiants-naturels-neudorf-250gr","status":"publish","type":"product","link":"https:\/\/saiga.es\/fr\/produit\/loxiran-antiants-naturels-neudorf-250gr\/","title":{"rendered":"Loxiran antiants naturels neudorf 250gr."},"content":{"rendered":"<p>Loxiran antiants naturels neudorf 250gr.<\/p>\n<p>Insecticide en spray, sp\u00e9cialement con\u00e7u pour \u00e9liminer les fourmis sur les balcons, terrasses, all\u00e9es, patios et terrains incultes. L&rsquo;effet rapide et efficace de ce produit est d\u00fb \u00e0 la combinaison de pyr\u00e9thrines naturelles issues des fleurs de chrysanth\u00e8me. Il ne contient pas de pyr\u00e9thro\u00efdes ni d&rsquo;autres agents de synth\u00e8se. COMPOSITION : Extrait de Pelletre (CAS 8003-34-7) 0,174 % (p\/p), substance au go\u00fbt amer 0,0002 % (p\/p), excipients c.s.p. 100 % (p\/p). PR\u00c9SENTATION : 1 pot de 250 gr.<\/p>\n","protected":false},"excerpt":{"rendered":"<p>Loxiran antiants naturels neudorf 250gr.<\/p>\n<p>Insecticide en spray, sp\u00e9cialement con\u00e7u pour \u00e9liminer les fourmis sur les balcons, terrasses, all\u00e9es, patios et terrains incultes. L&rsquo;effet rapide et efficace de ce produit est d\u00fb \u00e0 la combinaison de pyr\u00e9thrines naturelles issues des fleurs de chrysanth\u00e8me. Il ne contient pas de pyr\u00e9thro\u00efdes ni d&rsquo;autres agents de synth\u00e8se. COMPOSITION : Extrait de Pelletre (CAS 8003-34-7) 0,174 % (p\/p), substance au go\u00fbt amer 0,0002 % (p\/p), excipients c.s.p. 100 % (p\/p). PR\u00c9SENTATION : 1 pot de 250 gr.<\/p>\n","protected":false},"featured_media":11925,"comment_status":"open","ping_status":"closed","template":"","meta":[],"product_brand":[],"product_cat":[439,442,1551],"product_tag":[1361],"class_list":{"0":"post-10724","1":"product","2":"type-product","3":"status-publish","4":"has-post-thumbnail","6":"product_cat-biocides-fr","7":"product_cat-non-classe","8":"product_cat-produits-naturels","9":"product_tag-ecologique","11":"first","12":"instock","13":"taxable","14":"shipping-taxable","15":"purchasable","16":"product-type-simple"},"yoast_head":"<!-- This site is optimized with the Yoast SEO plugin v27.3 - https:\/\/yoast.com\/product\/yoast-seo-wordpress\/ -->\n<title>Loxiran antiants naturels neudorf 250gr. | SAIGA<\/title>\n<meta name=\"description\" content=\"Poudre insecticide pour \u00e9liminer les fourmis sur les balcons, terrasses et patios, aux pyr\u00e9thrines naturelles de fleurs de chrysanth\u00e8me. Il ne contient pas d&#039;agents synth\u00e9tiques.\" \/>\n<meta name=\"robots\" content=\"index, follow, max-snippet:-1, max-image-preview:large, max-video-preview:-1\" \/>\n<link rel=\"canonical\" href=\"https:\/\/saiga.es\/fr\/produit\/loxiran-antiants-naturels-neudorf-250gr\/\" \/>\n<meta property=\"og:locale\" content=\"fr_FR\" \/>\n<meta property=\"og:type\" content=\"article\" \/>\n<meta property=\"og:title\" content=\"Loxiran antiants naturels neudorf 250gr. | SAIGA\" \/>\n<meta property=\"og:description\" content=\"Poudre insecticide pour \u00e9liminer les fourmis sur les balcons, terrasses et patios, aux pyr\u00e9thrines naturelles de fleurs de chrysanth\u00e8me. Il ne contient pas d&#039;agents synth\u00e9tiques.\" \/>\n<meta property=\"og:url\" content=\"https:\/\/saiga.es\/fr\/produit\/loxiran-antiants-naturels-neudorf-250gr\/\" \/>\n<meta property=\"og:site_name\" content=\"SAIGA\" \/>\n<meta property=\"article:modified_time\" content=\"2025-10-27T07:53:53+00:00\" \/>\n<meta property=\"og:image\" content=\"https:\/\/saiga.es\/wp-content\/uploads\/2024\/06\/Loxiran-polvo-antihormigas.jpg\" \/>\n\t<meta property=\"og:image:width\" content=\"1080\" \/>\n\t<meta property=\"og:image:height\" content=\"1080\" \/>\n\t<meta property=\"og:image:type\" content=\"image\/jpeg\" \/>\n<meta name=\"twitter:card\" content=\"summary_large_image\" \/>\n<meta name=\"twitter:site\" content=\"@saiga_agro\" \/>\n<script type=\"application\/ld+json\" class=\"yoast-schema-graph\">{\"@context\":\"https:\\\/\\\/schema.org\",\"@graph\":[{\"@type\":\"WebPage\",\"@id\":\"https:\\\/\\\/saiga.es\\\/fr\\\/produit\\\/loxiran-antiants-naturels-neudorf-250gr\\\/\",\"url\":\"https:\\\/\\\/saiga.es\\\/fr\\\/produit\\\/loxiran-antiants-naturels-neudorf-250gr\\\/\",\"name\":\"Loxiran antiants naturels neudorf 250gr. | SAIGA\",\"isPartOf\":{\"@id\":\"https:\\\/\\\/saiga.es\\\/fr\\\/#website\"},\"primaryImageOfPage\":{\"@id\":\"https:\\\/\\\/saiga.es\\\/fr\\\/produit\\\/loxiran-antiants-naturels-neudorf-250gr\\\/#primaryimage\"},\"image\":{\"@id\":\"https:\\\/\\\/saiga.es\\\/fr\\\/produit\\\/loxiran-antiants-naturels-neudorf-250gr\\\/#primaryimage\"},\"thumbnailUrl\":\"https:\\\/\\\/saiga.es\\\/wp-content\\\/uploads\\\/2024\\\/06\\\/Loxiran-polvo-antihormigas.jpg\",\"datePublished\":\"2024-06-11T15:32:12+00:00\",\"dateModified\":\"2025-10-27T07:53:53+00:00\",\"description\":\"Poudre insecticide pour \u00e9liminer les fourmis sur les balcons, terrasses et patios, aux pyr\u00e9thrines naturelles de fleurs de chrysanth\u00e8me. Il ne contient pas d'agents synth\u00e9tiques.\",\"breadcrumb\":{\"@id\":\"https:\\\/\\\/saiga.es\\\/fr\\\/produit\\\/loxiran-antiants-naturels-neudorf-250gr\\\/#breadcrumb\"},\"inLanguage\":\"fr-FR\",\"potentialAction\":[{\"@type\":\"ReadAction\",\"target\":[\"https:\\\/\\\/saiga.es\\\/fr\\\/produit\\\/loxiran-antiants-naturels-neudorf-250gr\\\/\"]}]},{\"@type\":\"ImageObject\",\"inLanguage\":\"fr-FR\",\"@id\":\"https:\\\/\\\/saiga.es\\\/fr\\\/produit\\\/loxiran-antiants-naturels-neudorf-250gr\\\/#primaryimage\",\"url\":\"https:\\\/\\\/saiga.es\\\/wp-content\\\/uploads\\\/2024\\\/06\\\/Loxiran-polvo-antihormigas.jpg\",\"contentUrl\":\"https:\\\/\\\/saiga.es\\\/wp-content\\\/uploads\\\/2024\\\/06\\\/Loxiran-polvo-antihormigas.jpg\",\"width\":1080,\"height\":1080,\"caption\":\"Loxiran antihormigas\"},{\"@type\":\"BreadcrumbList\",\"@id\":\"https:\\\/\\\/saiga.es\\\/fr\\\/produit\\\/loxiran-antiants-naturels-neudorf-250gr\\\/#breadcrumb\",\"itemListElement\":[{\"@type\":\"ListItem\",\"position\":1,\"name\":\"Inici\",\"item\":\"https:\\\/\\\/saiga.es\\\/fr\\\/\"},{\"@type\":\"ListItem\",\"position\":2,\"name\":\"boutique\",\"item\":\"https:\\\/\\\/saiga.es\\\/fr\\\/boutique\\\/\"},{\"@type\":\"ListItem\",\"position\":3,\"name\":\"Loxiran antiants naturels neudorf 250gr.\"}]},{\"@type\":\"WebSite\",\"@id\":\"https:\\\/\\\/saiga.es\\\/fr\\\/#website\",\"url\":\"https:\\\/\\\/saiga.es\\\/fr\\\/\",\"name\":\"SAIGA\",\"description\":\"M\u00e9s de 50 anys al servei de la terra i treballant per a un \u00fas eficient de l\u2019aigua!\",\"publisher\":{\"@id\":\"https:\\\/\\\/saiga.es\\\/fr\\\/#organization\"},\"potentialAction\":[{\"@type\":\"SearchAction\",\"target\":{\"@type\":\"EntryPoint\",\"urlTemplate\":\"https:\\\/\\\/saiga.es\\\/fr\\\/?s={search_term_string}\"},\"query-input\":{\"@type\":\"PropertyValueSpecification\",\"valueRequired\":true,\"valueName\":\"search_term_string\"}}],\"inLanguage\":\"fr-FR\"},{\"@type\":\"Organization\",\"@id\":\"https:\\\/\\\/saiga.es\\\/fr\\\/#organization\",\"name\":\"SAIGA\",\"url\":\"https:\\\/\\\/saiga.es\\\/fr\\\/\",\"logo\":{\"@type\":\"ImageObject\",\"inLanguage\":\"fr-FR\",\"@id\":\"https:\\\/\\\/saiga.es\\\/fr\\\/#\\\/schema\\\/logo\\\/image\\\/\",\"url\":\"https:\\\/\\\/saiga.es\\\/wp-content\\\/uploads\\\/2025\\\/07\\\/logo_saiga_baseline_optimitzat.svg\",\"contentUrl\":\"https:\\\/\\\/saiga.es\\\/wp-content\\\/uploads\\\/2025\\\/07\\\/logo_saiga_baseline_optimitzat.svg\",\"caption\":\"SAIGA\"},\"image\":{\"@id\":\"https:\\\/\\\/saiga.es\\\/fr\\\/#\\\/schema\\\/logo\\\/image\\\/\"},\"sameAs\":[\"https:\\\/\\\/x.com\\\/saiga_agro\",\"https:\\\/\\\/www.instagram.com\\\/saiga_agro\\\/\"]}]}<\/script>\n<!-- \/ Yoast SEO plugin. -->","yoast_head_json":{"title":"Loxiran antiants naturels neudorf 250gr. | SAIGA","description":"Poudre insecticide pour \u00e9liminer les fourmis sur les balcons, terrasses et patios, aux pyr\u00e9thrines naturelles de fleurs de chrysanth\u00e8me. Il ne contient pas d'agents synth\u00e9tiques.","robots":{"index":"index","follow":"follow","max-snippet":"max-snippet:-1","max-image-preview":"max-image-preview:large","max-video-preview":"max-video-preview:-1"},"canonical":"https:\/\/saiga.es\/fr\/produit\/loxiran-antiants-naturels-neudorf-250gr\/","og_locale":"fr_FR","og_type":"article","og_title":"Loxiran antiants naturels neudorf 250gr. | SAIGA","og_description":"Poudre insecticide pour \u00e9liminer les fourmis sur les balcons, terrasses et patios, aux pyr\u00e9thrines naturelles de fleurs de chrysanth\u00e8me. Il ne contient pas d'agents synth\u00e9tiques.","og_url":"https:\/\/saiga.es\/fr\/produit\/loxiran-antiants-naturels-neudorf-250gr\/","og_site_name":"SAIGA","article_modified_time":"2025-10-27T07:53:53+00:00","og_image":[{"width":1080,"height":1080,"url":"https:\/\/saiga.es\/wp-content\/uploads\/2024\/06\/Loxiran-polvo-antihormigas.jpg","type":"image\/jpeg"}],"twitter_card":"summary_large_image","twitter_site":"@saiga_agro","schema":{"@context":"https:\/\/schema.org","@graph":[{"@type":"WebPage","@id":"https:\/\/saiga.es\/fr\/produit\/loxiran-antiants-naturels-neudorf-250gr\/","url":"https:\/\/saiga.es\/fr\/produit\/loxiran-antiants-naturels-neudorf-250gr\/","name":"Loxiran antiants naturels neudorf 250gr. | SAIGA","isPartOf":{"@id":"https:\/\/saiga.es\/fr\/#website"},"primaryImageOfPage":{"@id":"https:\/\/saiga.es\/fr\/produit\/loxiran-antiants-naturels-neudorf-250gr\/#primaryimage"},"image":{"@id":"https:\/\/saiga.es\/fr\/produit\/loxiran-antiants-naturels-neudorf-250gr\/#primaryimage"},"thumbnailUrl":"https:\/\/saiga.es\/wp-content\/uploads\/2024\/06\/Loxiran-polvo-antihormigas.jpg","datePublished":"2024-06-11T15:32:12+00:00","dateModified":"2025-10-27T07:53:53+00:00","description":"Poudre insecticide pour \u00e9liminer les fourmis sur les balcons, terrasses et patios, aux pyr\u00e9thrines naturelles de fleurs de chrysanth\u00e8me. Il ne contient pas d'agents synth\u00e9tiques.","breadcrumb":{"@id":"https:\/\/saiga.es\/fr\/produit\/loxiran-antiants-naturels-neudorf-250gr\/#breadcrumb"},"inLanguage":"fr-FR","potentialAction":[{"@type":"ReadAction","target":["https:\/\/saiga.es\/fr\/produit\/loxiran-antiants-naturels-neudorf-250gr\/"]}]},{"@type":"ImageObject","inLanguage":"fr-FR","@id":"https:\/\/saiga.es\/fr\/produit\/loxiran-antiants-naturels-neudorf-250gr\/#primaryimage","url":"https:\/\/saiga.es\/wp-content\/uploads\/2024\/06\/Loxiran-polvo-antihormigas.jpg","contentUrl":"https:\/\/saiga.es\/wp-content\/uploads\/2024\/06\/Loxiran-polvo-antihormigas.jpg","width":1080,"height":1080,"caption":"Loxiran antihormigas"},{"@type":"BreadcrumbList","@id":"https:\/\/saiga.es\/fr\/produit\/loxiran-antiants-naturels-neudorf-250gr\/#breadcrumb","itemListElement":[{"@type":"ListItem","position":1,"name":"Inici","item":"https:\/\/saiga.es\/fr\/"},{"@type":"ListItem","position":2,"name":"boutique","item":"https:\/\/saiga.es\/fr\/boutique\/"},{"@type":"ListItem","position":3,"name":"Loxiran antiants naturels neudorf 250gr."}]},{"@type":"WebSite","@id":"https:\/\/saiga.es\/fr\/#website","url":"https:\/\/saiga.es\/fr\/","name":"SAIGA","description":"M\u00e9s de 50 anys al servei de la terra i treballant per a un \u00fas eficient de l\u2019aigua!","publisher":{"@id":"https:\/\/saiga.es\/fr\/#organization"},"potentialAction":[{"@type":"SearchAction","target":{"@type":"EntryPoint","urlTemplate":"https:\/\/saiga.es\/fr\/?s={search_term_string}"},"query-input":{"@type":"PropertyValueSpecification","valueRequired":true,"valueName":"search_term_string"}}],"inLanguage":"fr-FR"},{"@type":"Organization","@id":"https:\/\/saiga.es\/fr\/#organization","name":"SAIGA","url":"https:\/\/saiga.es\/fr\/","logo":{"@type":"ImageObject","inLanguage":"fr-FR","@id":"https:\/\/saiga.es\/fr\/#\/schema\/logo\/image\/","url":"https:\/\/saiga.es\/wp-content\/uploads\/2025\/07\/logo_saiga_baseline_optimitzat.svg","contentUrl":"https:\/\/saiga.es\/wp-content\/uploads\/2025\/07\/logo_saiga_baseline_optimitzat.svg","caption":"SAIGA"},"image":{"@id":"https:\/\/saiga.es\/fr\/#\/schema\/logo\/image\/"},"sameAs":["https:\/\/x.com\/saiga_agro","https:\/\/www.instagram.com\/saiga_agro\/"]}]}},"_links":{"self":[{"href":"https:\/\/saiga.es\/fr\/wp-json\/wp\/v2\/product\/10724","targetHints":{"allow":["GET"]}}],"collection":[{"href":"https:\/\/saiga.es\/fr\/wp-json\/wp\/v2\/product"}],"about":[{"href":"https:\/\/saiga.es\/fr\/wp-json\/wp\/v2\/types\/product"}],"replies":[{"embeddable":true,"href":"https:\/\/saiga.es\/fr\/wp-json\/wp\/v2\/comments?post=10724"}],"wp:featuredmedia":[{"embeddable":true,"href":"https:\/\/saiga.es\/fr\/wp-json\/wp\/v2\/media\/11925"}],"wp:attachment":[{"href":"https:\/\/saiga.es\/fr\/wp-json\/wp\/v2\/media?parent=10724"}],"wp:term":[{"taxonomy":"product_brand","embeddable":true,"href":"https:\/\/saiga.es\/fr\/wp-json\/wp\/v2\/product_brand?post=10724"},{"taxonomy":"product_cat","embeddable":true,"href":"https:\/\/saiga.es\/fr\/wp-json\/wp\/v2\/product_cat?post=10724"},{"taxonomy":"product_tag","embeddable":true,"href":"https:\/\/saiga.es\/fr\/wp-json\/wp\/v2\/product_tag?post=10724"}],"curies":[{"name":"wp","href":"https:\/\/api.w.org\/{rel}","templated":true}]}}