{"id":10726,"date":"2024-06-11T15:48:13","date_gmt":"2024-06-11T15:48:13","guid":{"rendered":"https:\/\/botiga.saiga.es\/producte\/piege-a-appat-loxiran-1x2-neudorf\/"},"modified":"2025-10-27T07:53:54","modified_gmt":"2025-10-27T07:53:54","slug":"piege-a-appat-loxiran-1x2-neudorf","status":"publish","type":"product","link":"https:\/\/saiga.es\/fr\/produit\/piege-a-appat-loxiran-1x2-neudorf\/","title":{"rendered":"Pi\u00e8ge \u00e0 app\u00e2t Loxiran 1&#215;2 neudorf"},"content":{"rendered":"<p>Pi\u00e8ge \u00e0 app\u00e2t Loxiran 1&#215;2 neudorf<\/p>\n<div class=\"flex flex-grow flex-col max-w-full\">\n<div class=\"min-h-[20px] text-message flex flex-col items-start whitespace-pre-wrap break-words [.text-message+&amp;]:mt-5 juice:w-full juice:items-end overflow-x-auto gap-2\" dir=\"auto\" data-message-author-role=\"assistant\" data-message-id=\"4232e151-398c-4210-8f60-656e021fa7ca\">\n<div class=\"flex w-full flex-col gap-1 juice:empty:hidden juice:first:pt-[3px]\">\n<div class=\"markdown prose w-full break-words dark:prose-invert light\">\n<p>Pi\u00e8ge \u00e0 fourmis Loxiran, au principe actif naturel et biod\u00e9gradable, certifi\u00e9 \u00e9cologique. Il est tr\u00e8s efficace, sans laisser de r\u00e9sidus ni d&rsquo;odeurs. Id\u00e9al pour \u00e9liminer les fourmis sur les terrasses, les all\u00e9es et les int\u00e9rieurs. Contient deux pi\u00e8ges avec une substance active de 0,15 g\/kg de spinosad. Ce produit est transport\u00e9 par les fourmis jusqu&rsquo;\u00e0 la fourmili\u00e8re, permettant d&rsquo;\u00e9liminer toute la colonie, y compris les fourmis adultes, les larves et la reine. Les pi\u00e8ges doivent \u00eatre plac\u00e9s sur les chemins des fourmis ou \u00e0 proximit\u00e9 des fourmili\u00e8res. Comprend deux pi\u00e8ges pr\u00eats \u00e0 \u00eatre utilis\u00e9s imm\u00e9diatement.<\/p>\n<\/div>\n<\/div>\n<\/div>\n<\/div>\n","protected":false},"excerpt":{"rendered":"<p>Pi\u00e8ge \u00e0 app\u00e2t Loxiran 1&#215;2 neudorf<\/p>\n<div class=\"flex flex-grow flex-col max-w-full\">\n<div class=\"min-h-[20px] text-message flex flex-col items-start whitespace-pre-wrap break-words [.text-message+&amp;]:mt-5 juice:w-full juice:items-end overflow-x-auto gap-2\" dir=\"auto\" data-message-author-role=\"assistant\" data-message-id=\"4232e151-398c-4210-8f60-656e021fa7ca\">\n<div class=\"flex w-full flex-col gap-1 juice:empty:hidden juice:first:pt-[3px]\">\n<div class=\"markdown prose w-full break-words dark:prose-invert light\">\n<p>Pi\u00e8ge \u00e0 fourmis Loxiran, au principe actif naturel et biod\u00e9gradable, certifi\u00e9 \u00e9cologique. Il est tr\u00e8s efficace, sans laisser de r\u00e9sidus ni d&rsquo;odeurs. Id\u00e9al pour \u00e9liminer les fourmis sur les terrasses, les all\u00e9es et les int\u00e9rieurs. Contient deux pi\u00e8ges avec une substance active de 0,15 g\/kg de spinosad. Ce produit est transport\u00e9 par les fourmis jusqu&rsquo;\u00e0 la fourmili\u00e8re, permettant d&rsquo;\u00e9liminer toute la colonie, y compris les fourmis adultes, les larves et la reine. Les pi\u00e8ges doivent \u00eatre plac\u00e9s sur les chemins des fourmis ou \u00e0 proximit\u00e9 des fourmili\u00e8res. Comprend deux pi\u00e8ges pr\u00eats \u00e0 \u00eatre utilis\u00e9s imm\u00e9diatement.<\/p>\n<\/div>\n<\/div>\n<\/div>\n<\/div>\n","protected":false},"featured_media":11922,"comment_status":"open","ping_status":"closed","template":"","meta":[],"product_brand":[],"product_cat":[439,442],"product_tag":[1361],"class_list":{"0":"post-10726","1":"product","2":"type-product","3":"status-publish","4":"has-post-thumbnail","6":"product_cat-biocides-fr","7":"product_cat-non-classe","8":"product_tag-ecologique","10":"first","11":"instock","12":"taxable","13":"shipping-taxable","14":"purchasable","15":"product-type-simple"},"yoast_head":"<!-- This site is optimized with the Yoast SEO plugin v27.3 - https:\/\/yoast.com\/product\/yoast-seo-wordpress\/ -->\n<title>Pi\u00e8ge \u00e0 app\u00e2t Loxiran 1x2 neudorf | SAIGA<\/title>\n<meta name=\"description\" content=\"Le pi\u00e8ge \u00e0 fourmis Loxiran, \u00e9cologique et biod\u00e9gradable, \u00e9limine toute la colonie sans r\u00e9sidu ni odeur. Contient deux pi\u00e8ges.\" \/>\n<meta name=\"robots\" content=\"index, follow, max-snippet:-1, max-image-preview:large, max-video-preview:-1\" \/>\n<link rel=\"canonical\" href=\"https:\/\/saiga.es\/fr\/produit\/piege-a-appat-loxiran-1x2-neudorf\/\" \/>\n<meta property=\"og:locale\" content=\"fr_FR\" \/>\n<meta property=\"og:type\" content=\"article\" \/>\n<meta property=\"og:title\" content=\"Pi\u00e8ge \u00e0 app\u00e2t Loxiran 1x2 neudorf | SAIGA\" \/>\n<meta property=\"og:description\" content=\"Le pi\u00e8ge \u00e0 fourmis Loxiran, \u00e9cologique et biod\u00e9gradable, \u00e9limine toute la colonie sans r\u00e9sidu ni odeur. Contient deux pi\u00e8ges.\" \/>\n<meta property=\"og:url\" content=\"https:\/\/saiga.es\/fr\/produit\/piege-a-appat-loxiran-1x2-neudorf\/\" \/>\n<meta property=\"og:site_name\" content=\"SAIGA\" \/>\n<meta property=\"article:modified_time\" content=\"2025-10-27T07:53:54+00:00\" \/>\n<meta property=\"og:image\" content=\"https:\/\/saiga.es\/wp-content\/uploads\/2024\/06\/Trampa-hormigas-Loxiran.jpg\" \/>\n\t<meta property=\"og:image:width\" content=\"1080\" \/>\n\t<meta property=\"og:image:height\" content=\"1080\" \/>\n\t<meta property=\"og:image:type\" content=\"image\/jpeg\" \/>\n<meta name=\"twitter:card\" content=\"summary_large_image\" \/>\n<meta name=\"twitter:site\" content=\"@saiga_agro\" \/>\n<meta name=\"twitter:label1\" content=\"Dur\u00e9e de lecture estim\u00e9e\" \/>\n\t<meta name=\"twitter:data1\" content=\"1 minute\" \/>\n<script type=\"application\/ld+json\" class=\"yoast-schema-graph\">{\"@context\":\"https:\\\/\\\/schema.org\",\"@graph\":[{\"@type\":\"WebPage\",\"@id\":\"https:\\\/\\\/saiga.es\\\/fr\\\/produit\\\/piege-a-appat-loxiran-1x2-neudorf\\\/\",\"url\":\"https:\\\/\\\/saiga.es\\\/fr\\\/produit\\\/piege-a-appat-loxiran-1x2-neudorf\\\/\",\"name\":\"Pi\u00e8ge \u00e0 app\u00e2t Loxiran 1x2 neudorf | SAIGA\",\"isPartOf\":{\"@id\":\"https:\\\/\\\/saiga.es\\\/fr\\\/#website\"},\"primaryImageOfPage\":{\"@id\":\"https:\\\/\\\/saiga.es\\\/fr\\\/produit\\\/piege-a-appat-loxiran-1x2-neudorf\\\/#primaryimage\"},\"image\":{\"@id\":\"https:\\\/\\\/saiga.es\\\/fr\\\/produit\\\/piege-a-appat-loxiran-1x2-neudorf\\\/#primaryimage\"},\"thumbnailUrl\":\"https:\\\/\\\/saiga.es\\\/wp-content\\\/uploads\\\/2024\\\/06\\\/Trampa-hormigas-Loxiran.jpg\",\"datePublished\":\"2024-06-11T15:48:13+00:00\",\"dateModified\":\"2025-10-27T07:53:54+00:00\",\"description\":\"Le pi\u00e8ge \u00e0 fourmis Loxiran, \u00e9cologique et biod\u00e9gradable, \u00e9limine toute la colonie sans r\u00e9sidu ni odeur. Contient deux pi\u00e8ges.\",\"breadcrumb\":{\"@id\":\"https:\\\/\\\/saiga.es\\\/fr\\\/produit\\\/piege-a-appat-loxiran-1x2-neudorf\\\/#breadcrumb\"},\"inLanguage\":\"fr-FR\",\"potentialAction\":[{\"@type\":\"ReadAction\",\"target\":[\"https:\\\/\\\/saiga.es\\\/fr\\\/produit\\\/piege-a-appat-loxiran-1x2-neudorf\\\/\"]}]},{\"@type\":\"ImageObject\",\"inLanguage\":\"fr-FR\",\"@id\":\"https:\\\/\\\/saiga.es\\\/fr\\\/produit\\\/piege-a-appat-loxiran-1x2-neudorf\\\/#primaryimage\",\"url\":\"https:\\\/\\\/saiga.es\\\/wp-content\\\/uploads\\\/2024\\\/06\\\/Trampa-hormigas-Loxiran.jpg\",\"contentUrl\":\"https:\\\/\\\/saiga.es\\\/wp-content\\\/uploads\\\/2024\\\/06\\\/Trampa-hormigas-Loxiran.jpg\",\"width\":1080,\"height\":1080,\"caption\":\"Trampa antihormigas\"},{\"@type\":\"BreadcrumbList\",\"@id\":\"https:\\\/\\\/saiga.es\\\/fr\\\/produit\\\/piege-a-appat-loxiran-1x2-neudorf\\\/#breadcrumb\",\"itemListElement\":[{\"@type\":\"ListItem\",\"position\":1,\"name\":\"Inici\",\"item\":\"https:\\\/\\\/saiga.es\\\/fr\\\/\"},{\"@type\":\"ListItem\",\"position\":2,\"name\":\"boutique\",\"item\":\"https:\\\/\\\/saiga.es\\\/fr\\\/boutique\\\/\"},{\"@type\":\"ListItem\",\"position\":3,\"name\":\"Pi\u00e8ge \u00e0 app\u00e2t Loxiran 1&#215;2 neudorf\"}]},{\"@type\":\"WebSite\",\"@id\":\"https:\\\/\\\/saiga.es\\\/fr\\\/#website\",\"url\":\"https:\\\/\\\/saiga.es\\\/fr\\\/\",\"name\":\"SAIGA\",\"description\":\"M\u00e9s de 50 anys al servei de la terra i treballant per a un \u00fas eficient de l\u2019aigua!\",\"publisher\":{\"@id\":\"https:\\\/\\\/saiga.es\\\/fr\\\/#organization\"},\"potentialAction\":[{\"@type\":\"SearchAction\",\"target\":{\"@type\":\"EntryPoint\",\"urlTemplate\":\"https:\\\/\\\/saiga.es\\\/fr\\\/?s={search_term_string}\"},\"query-input\":{\"@type\":\"PropertyValueSpecification\",\"valueRequired\":true,\"valueName\":\"search_term_string\"}}],\"inLanguage\":\"fr-FR\"},{\"@type\":\"Organization\",\"@id\":\"https:\\\/\\\/saiga.es\\\/fr\\\/#organization\",\"name\":\"SAIGA\",\"url\":\"https:\\\/\\\/saiga.es\\\/fr\\\/\",\"logo\":{\"@type\":\"ImageObject\",\"inLanguage\":\"fr-FR\",\"@id\":\"https:\\\/\\\/saiga.es\\\/fr\\\/#\\\/schema\\\/logo\\\/image\\\/\",\"url\":\"https:\\\/\\\/saiga.es\\\/wp-content\\\/uploads\\\/2025\\\/07\\\/logo_saiga_baseline_optimitzat.svg\",\"contentUrl\":\"https:\\\/\\\/saiga.es\\\/wp-content\\\/uploads\\\/2025\\\/07\\\/logo_saiga_baseline_optimitzat.svg\",\"caption\":\"SAIGA\"},\"image\":{\"@id\":\"https:\\\/\\\/saiga.es\\\/fr\\\/#\\\/schema\\\/logo\\\/image\\\/\"},\"sameAs\":[\"https:\\\/\\\/x.com\\\/saiga_agro\",\"https:\\\/\\\/www.instagram.com\\\/saiga_agro\\\/\"]}]}<\/script>\n<!-- \/ Yoast SEO plugin. -->","yoast_head_json":{"title":"Pi\u00e8ge \u00e0 app\u00e2t Loxiran 1x2 neudorf | SAIGA","description":"Le pi\u00e8ge \u00e0 fourmis Loxiran, \u00e9cologique et biod\u00e9gradable, \u00e9limine toute la colonie sans r\u00e9sidu ni odeur. Contient deux pi\u00e8ges.","robots":{"index":"index","follow":"follow","max-snippet":"max-snippet:-1","max-image-preview":"max-image-preview:large","max-video-preview":"max-video-preview:-1"},"canonical":"https:\/\/saiga.es\/fr\/produit\/piege-a-appat-loxiran-1x2-neudorf\/","og_locale":"fr_FR","og_type":"article","og_title":"Pi\u00e8ge \u00e0 app\u00e2t Loxiran 1x2 neudorf | SAIGA","og_description":"Le pi\u00e8ge \u00e0 fourmis Loxiran, \u00e9cologique et biod\u00e9gradable, \u00e9limine toute la colonie sans r\u00e9sidu ni odeur. Contient deux pi\u00e8ges.","og_url":"https:\/\/saiga.es\/fr\/produit\/piege-a-appat-loxiran-1x2-neudorf\/","og_site_name":"SAIGA","article_modified_time":"2025-10-27T07:53:54+00:00","og_image":[{"width":1080,"height":1080,"url":"https:\/\/saiga.es\/wp-content\/uploads\/2024\/06\/Trampa-hormigas-Loxiran.jpg","type":"image\/jpeg"}],"twitter_card":"summary_large_image","twitter_site":"@saiga_agro","twitter_misc":{"Dur\u00e9e de lecture estim\u00e9e":"1 minute"},"schema":{"@context":"https:\/\/schema.org","@graph":[{"@type":"WebPage","@id":"https:\/\/saiga.es\/fr\/produit\/piege-a-appat-loxiran-1x2-neudorf\/","url":"https:\/\/saiga.es\/fr\/produit\/piege-a-appat-loxiran-1x2-neudorf\/","name":"Pi\u00e8ge \u00e0 app\u00e2t Loxiran 1x2 neudorf | SAIGA","isPartOf":{"@id":"https:\/\/saiga.es\/fr\/#website"},"primaryImageOfPage":{"@id":"https:\/\/saiga.es\/fr\/produit\/piege-a-appat-loxiran-1x2-neudorf\/#primaryimage"},"image":{"@id":"https:\/\/saiga.es\/fr\/produit\/piege-a-appat-loxiran-1x2-neudorf\/#primaryimage"},"thumbnailUrl":"https:\/\/saiga.es\/wp-content\/uploads\/2024\/06\/Trampa-hormigas-Loxiran.jpg","datePublished":"2024-06-11T15:48:13+00:00","dateModified":"2025-10-27T07:53:54+00:00","description":"Le pi\u00e8ge \u00e0 fourmis Loxiran, \u00e9cologique et biod\u00e9gradable, \u00e9limine toute la colonie sans r\u00e9sidu ni odeur. Contient deux pi\u00e8ges.","breadcrumb":{"@id":"https:\/\/saiga.es\/fr\/produit\/piege-a-appat-loxiran-1x2-neudorf\/#breadcrumb"},"inLanguage":"fr-FR","potentialAction":[{"@type":"ReadAction","target":["https:\/\/saiga.es\/fr\/produit\/piege-a-appat-loxiran-1x2-neudorf\/"]}]},{"@type":"ImageObject","inLanguage":"fr-FR","@id":"https:\/\/saiga.es\/fr\/produit\/piege-a-appat-loxiran-1x2-neudorf\/#primaryimage","url":"https:\/\/saiga.es\/wp-content\/uploads\/2024\/06\/Trampa-hormigas-Loxiran.jpg","contentUrl":"https:\/\/saiga.es\/wp-content\/uploads\/2024\/06\/Trampa-hormigas-Loxiran.jpg","width":1080,"height":1080,"caption":"Trampa antihormigas"},{"@type":"BreadcrumbList","@id":"https:\/\/saiga.es\/fr\/produit\/piege-a-appat-loxiran-1x2-neudorf\/#breadcrumb","itemListElement":[{"@type":"ListItem","position":1,"name":"Inici","item":"https:\/\/saiga.es\/fr\/"},{"@type":"ListItem","position":2,"name":"boutique","item":"https:\/\/saiga.es\/fr\/boutique\/"},{"@type":"ListItem","position":3,"name":"Pi\u00e8ge \u00e0 app\u00e2t Loxiran 1&#215;2 neudorf"}]},{"@type":"WebSite","@id":"https:\/\/saiga.es\/fr\/#website","url":"https:\/\/saiga.es\/fr\/","name":"SAIGA","description":"M\u00e9s de 50 anys al servei de la terra i treballant per a un \u00fas eficient de l\u2019aigua!","publisher":{"@id":"https:\/\/saiga.es\/fr\/#organization"},"potentialAction":[{"@type":"SearchAction","target":{"@type":"EntryPoint","urlTemplate":"https:\/\/saiga.es\/fr\/?s={search_term_string}"},"query-input":{"@type":"PropertyValueSpecification","valueRequired":true,"valueName":"search_term_string"}}],"inLanguage":"fr-FR"},{"@type":"Organization","@id":"https:\/\/saiga.es\/fr\/#organization","name":"SAIGA","url":"https:\/\/saiga.es\/fr\/","logo":{"@type":"ImageObject","inLanguage":"fr-FR","@id":"https:\/\/saiga.es\/fr\/#\/schema\/logo\/image\/","url":"https:\/\/saiga.es\/wp-content\/uploads\/2025\/07\/logo_saiga_baseline_optimitzat.svg","contentUrl":"https:\/\/saiga.es\/wp-content\/uploads\/2025\/07\/logo_saiga_baseline_optimitzat.svg","caption":"SAIGA"},"image":{"@id":"https:\/\/saiga.es\/fr\/#\/schema\/logo\/image\/"},"sameAs":["https:\/\/x.com\/saiga_agro","https:\/\/www.instagram.com\/saiga_agro\/"]}]}},"_links":{"self":[{"href":"https:\/\/saiga.es\/fr\/wp-json\/wp\/v2\/product\/10726","targetHints":{"allow":["GET"]}}],"collection":[{"href":"https:\/\/saiga.es\/fr\/wp-json\/wp\/v2\/product"}],"about":[{"href":"https:\/\/saiga.es\/fr\/wp-json\/wp\/v2\/types\/product"}],"replies":[{"embeddable":true,"href":"https:\/\/saiga.es\/fr\/wp-json\/wp\/v2\/comments?post=10726"}],"wp:featuredmedia":[{"embeddable":true,"href":"https:\/\/saiga.es\/fr\/wp-json\/wp\/v2\/media\/11922"}],"wp:attachment":[{"href":"https:\/\/saiga.es\/fr\/wp-json\/wp\/v2\/media?parent=10726"}],"wp:term":[{"taxonomy":"product_brand","embeddable":true,"href":"https:\/\/saiga.es\/fr\/wp-json\/wp\/v2\/product_brand?post=10726"},{"taxonomy":"product_cat","embeddable":true,"href":"https:\/\/saiga.es\/fr\/wp-json\/wp\/v2\/product_cat?post=10726"},{"taxonomy":"product_tag","embeddable":true,"href":"https:\/\/saiga.es\/fr\/wp-json\/wp\/v2\/product_tag?post=10726"}],"curies":[{"name":"wp","href":"https:\/\/api.w.org\/{rel}","templated":true}]}}