{"id":10793,"date":"2024-06-20T08:18:14","date_gmt":"2024-06-20T08:18:14","guid":{"rendered":"https:\/\/botiga.saiga.es\/producte\/coude-45o-polyethylene\/"},"modified":"2024-06-20T08:18:14","modified_gmt":"2024-06-20T08:18:14","slug":"coude-45o-polyethylene","status":"publish","type":"product","link":"https:\/\/saiga.es\/fr\/produit\/coude-45o-polyethylene\/","title":{"rendered":"Coude 45\u00ba Poly\u00e9thyl\u00e8ne"},"content":{"rendered":"<p>Coude de 45 \u00ba et diff\u00e9rentes tailles de diam\u00e8tre de la marque Plasson.<\/p>\n<p>&nbsp;<\/p>\n","protected":false},"excerpt":{"rendered":"<p>Temp\u00e9rature de fonctionnement : Les raccords et vannes ne sont pas recommand\u00e9s pour une utilisation avec de l&rsquo;eau chaude, bien qu&rsquo;ils r\u00e9sistent aux m\u00eames temp\u00e9ratures que les tuyaux en poly\u00e9thyl\u00e8ne. Cependant, ils peuvent r\u00e9sister \u00e0 des temp\u00e9ratures inf\u00e9rieures \u00e0 z\u00e9ro degr\u00e9 Celsius.<\/p>\n<p>R\u00e9sistance aux substances chimiques : Les accessoires Plasson sont fournis en standard avec des bouchons de raccord en r\u00e9sine ac\u00e9talique et des joints toriques en NBR, recommand\u00e9s pour une utilisation avec de l&rsquo;eau potable. Pour les applications chimiques agressives, des capuchons d&rsquo;\u00e9pissure en CPVC et des joints toriques en EPDM ou FPM sont propos\u00e9s, qui offrent une meilleure r\u00e9sistance chimique.<\/p>\n<p>Pressions de fonctionnement et certificats de qualit\u00e9 : Tous les accessoires Plasson sont soumis \u00e0 des tests d&rsquo;homologation, conform\u00e9ment aux r\u00e9glementations ISO 17885 &#8211; Eau (remplace ISO 14236) et AS\/NZ 4129. Pour une classification d\u00e9taill\u00e9e des pressions, voir page 73.<\/p>\n<p>Filetages : Tous les filetages sont conformes aux normes ISO-7\/1, BS 21, DIN 2999, NEN 3258, AS 1722<br \/>\nPartie 1-1975.<\/p>\n<p>Tous les filetages femelles de moins de 3&Prime; sont parall\u00e8les : le reste des filetages m\u00e2le et femelle sont coniques.<br \/>\nBrides : Les dimensions des brides sont conformes aux normes ISO 7005-1 (TABLEAU 11), BS 4504:1989 (TABLEAU 11), DIN 2501 (PN 16 TABLEAU), AS\/NZS 4331. Une bride m\u00e9tallique doit \u00eatre utilis\u00e9e avec tous les supports de bride.<\/p>\n","protected":false},"featured_media":10804,"comment_status":"open","ping_status":"closed","template":"","meta":[],"product_brand":[],"product_cat":[1471],"product_tag":[835,1472],"class_list":{"0":"post-10793","1":"product","2":"type-product","3":"status-publish","4":"has-post-thumbnail","6":"product_cat-plasson-fr","7":"product_tag-coude","8":"product_tag-plasson-fr","10":"first","11":"instock","12":"taxable","13":"shipping-taxable","14":"purchasable","15":"product-type-variable"},"yoast_head":"<!-- This site is optimized with the Yoast SEO plugin v27.4 - https:\/\/yoast.com\/product\/yoast-seo-wordpress\/ -->\n<title>Coude 45\u00ba Poly\u00e9thyl\u00e8ne | SAIGA<\/title>\n<meta name=\"description\" content=\"Coude de 45 \u00ba et diff\u00e9rentes tailles de diam\u00e8tre de la marque Plasson.\" \/>\n<meta name=\"robots\" content=\"index, follow, max-snippet:-1, max-image-preview:large, max-video-preview:-1\" \/>\n<link rel=\"canonical\" href=\"https:\/\/saiga.es\/fr\/produit\/coude-45o-polyethylene\/\" \/>\n<meta property=\"og:locale\" content=\"fr_FR\" \/>\n<meta property=\"og:type\" content=\"article\" \/>\n<meta property=\"og:title\" content=\"Coude 45\u00ba Poly\u00e9thyl\u00e8ne | SAIGA\" \/>\n<meta property=\"og:description\" content=\"Coude de 45 \u00ba et diff\u00e9rentes tailles de diam\u00e8tre de la marque Plasson.\" \/>\n<meta property=\"og:url\" content=\"https:\/\/saiga.es\/fr\/produit\/coude-45o-polyethylene\/\" \/>\n<meta property=\"og:site_name\" content=\"SAIGA\" \/>\n<meta property=\"og:image\" content=\"https:\/\/saiga.es\/wp-content\/uploads\/2024\/06\/Colze-45o-1.jpg\" \/>\n\t<meta property=\"og:image:width\" content=\"1080\" \/>\n\t<meta property=\"og:image:height\" content=\"1080\" \/>\n\t<meta property=\"og:image:type\" content=\"image\/jpeg\" \/>\n<meta name=\"twitter:card\" content=\"summary_large_image\" \/>\n<meta name=\"twitter:site\" content=\"@saiga_agro\" \/>\n<script type=\"application\/ld+json\" class=\"yoast-schema-graph\">{\"@context\":\"https:\\\/\\\/schema.org\",\"@graph\":[{\"@type\":\"WebPage\",\"@id\":\"https:\\\/\\\/saiga.es\\\/fr\\\/produit\\\/coude-45o-polyethylene\\\/\",\"url\":\"https:\\\/\\\/saiga.es\\\/fr\\\/produit\\\/coude-45o-polyethylene\\\/\",\"name\":\"Coude 45\u00ba Poly\u00e9thyl\u00e8ne | SAIGA\",\"isPartOf\":{\"@id\":\"https:\\\/\\\/saiga.es\\\/fr\\\/#website\"},\"primaryImageOfPage\":{\"@id\":\"https:\\\/\\\/saiga.es\\\/fr\\\/produit\\\/coude-45o-polyethylene\\\/#primaryimage\"},\"image\":{\"@id\":\"https:\\\/\\\/saiga.es\\\/fr\\\/produit\\\/coude-45o-polyethylene\\\/#primaryimage\"},\"thumbnailUrl\":\"https:\\\/\\\/saiga.es\\\/wp-content\\\/uploads\\\/2024\\\/06\\\/Colze-45o-1.jpg\",\"datePublished\":\"2024-06-20T08:18:14+00:00\",\"description\":\"Coude de 45 \u00ba et diff\u00e9rentes tailles de diam\u00e8tre de la marque Plasson.\",\"breadcrumb\":{\"@id\":\"https:\\\/\\\/saiga.es\\\/fr\\\/produit\\\/coude-45o-polyethylene\\\/#breadcrumb\"},\"inLanguage\":\"fr-FR\",\"potentialAction\":[{\"@type\":\"ReadAction\",\"target\":[\"https:\\\/\\\/saiga.es\\\/fr\\\/produit\\\/coude-45o-polyethylene\\\/\"]}]},{\"@type\":\"ImageObject\",\"inLanguage\":\"fr-FR\",\"@id\":\"https:\\\/\\\/saiga.es\\\/fr\\\/produit\\\/coude-45o-polyethylene\\\/#primaryimage\",\"url\":\"https:\\\/\\\/saiga.es\\\/wp-content\\\/uploads\\\/2024\\\/06\\\/Colze-45o-1.jpg\",\"contentUrl\":\"https:\\\/\\\/saiga.es\\\/wp-content\\\/uploads\\\/2024\\\/06\\\/Colze-45o-1.jpg\",\"width\":1080,\"height\":1080},{\"@type\":\"BreadcrumbList\",\"@id\":\"https:\\\/\\\/saiga.es\\\/fr\\\/produit\\\/coude-45o-polyethylene\\\/#breadcrumb\",\"itemListElement\":[{\"@type\":\"ListItem\",\"position\":1,\"name\":\"Inici\",\"item\":\"https:\\\/\\\/saiga.es\\\/fr\\\/\"},{\"@type\":\"ListItem\",\"position\":2,\"name\":\"boutique\",\"item\":\"https:\\\/\\\/saiga.es\\\/fr\\\/boutique\\\/\"},{\"@type\":\"ListItem\",\"position\":3,\"name\":\"Coude 45\u00ba Poly\u00e9thyl\u00e8ne\"}]},{\"@type\":\"WebSite\",\"@id\":\"https:\\\/\\\/saiga.es\\\/fr\\\/#website\",\"url\":\"https:\\\/\\\/saiga.es\\\/fr\\\/\",\"name\":\"SAIGA\",\"description\":\"M\u00e9s de 50 anys al servei de la terra i treballant per a un \u00fas eficient de l\u2019aigua!\",\"publisher\":{\"@id\":\"https:\\\/\\\/saiga.es\\\/fr\\\/#organization\"},\"potentialAction\":[{\"@type\":\"SearchAction\",\"target\":{\"@type\":\"EntryPoint\",\"urlTemplate\":\"https:\\\/\\\/saiga.es\\\/fr\\\/?s={search_term_string}\"},\"query-input\":{\"@type\":\"PropertyValueSpecification\",\"valueRequired\":true,\"valueName\":\"search_term_string\"}}],\"inLanguage\":\"fr-FR\"},{\"@type\":\"Organization\",\"@id\":\"https:\\\/\\\/saiga.es\\\/fr\\\/#organization\",\"name\":\"SAIGA\",\"url\":\"https:\\\/\\\/saiga.es\\\/fr\\\/\",\"logo\":{\"@type\":\"ImageObject\",\"inLanguage\":\"fr-FR\",\"@id\":\"https:\\\/\\\/saiga.es\\\/fr\\\/#\\\/schema\\\/logo\\\/image\\\/\",\"url\":\"https:\\\/\\\/saiga.es\\\/wp-content\\\/uploads\\\/2025\\\/07\\\/logo_saiga_baseline_optimitzat.svg\",\"contentUrl\":\"https:\\\/\\\/saiga.es\\\/wp-content\\\/uploads\\\/2025\\\/07\\\/logo_saiga_baseline_optimitzat.svg\",\"caption\":\"SAIGA\"},\"image\":{\"@id\":\"https:\\\/\\\/saiga.es\\\/fr\\\/#\\\/schema\\\/logo\\\/image\\\/\"},\"sameAs\":[\"https:\\\/\\\/x.com\\\/saiga_agro\",\"https:\\\/\\\/www.instagram.com\\\/saiga_agro\\\/\"]}]}<\/script>\n<!-- \/ Yoast SEO plugin. -->","yoast_head_json":{"title":"Coude 45\u00ba Poly\u00e9thyl\u00e8ne | SAIGA","description":"Coude de 45 \u00ba et diff\u00e9rentes tailles de diam\u00e8tre de la marque Plasson.","robots":{"index":"index","follow":"follow","max-snippet":"max-snippet:-1","max-image-preview":"max-image-preview:large","max-video-preview":"max-video-preview:-1"},"canonical":"https:\/\/saiga.es\/fr\/produit\/coude-45o-polyethylene\/","og_locale":"fr_FR","og_type":"article","og_title":"Coude 45\u00ba Poly\u00e9thyl\u00e8ne | SAIGA","og_description":"Coude de 45 \u00ba et diff\u00e9rentes tailles de diam\u00e8tre de la marque Plasson.","og_url":"https:\/\/saiga.es\/fr\/produit\/coude-45o-polyethylene\/","og_site_name":"SAIGA","og_image":[{"width":1080,"height":1080,"url":"https:\/\/saiga.es\/wp-content\/uploads\/2024\/06\/Colze-45o-1.jpg","type":"image\/jpeg"}],"twitter_card":"summary_large_image","twitter_site":"@saiga_agro","schema":{"@context":"https:\/\/schema.org","@graph":[{"@type":"WebPage","@id":"https:\/\/saiga.es\/fr\/produit\/coude-45o-polyethylene\/","url":"https:\/\/saiga.es\/fr\/produit\/coude-45o-polyethylene\/","name":"Coude 45\u00ba Poly\u00e9thyl\u00e8ne | SAIGA","isPartOf":{"@id":"https:\/\/saiga.es\/fr\/#website"},"primaryImageOfPage":{"@id":"https:\/\/saiga.es\/fr\/produit\/coude-45o-polyethylene\/#primaryimage"},"image":{"@id":"https:\/\/saiga.es\/fr\/produit\/coude-45o-polyethylene\/#primaryimage"},"thumbnailUrl":"https:\/\/saiga.es\/wp-content\/uploads\/2024\/06\/Colze-45o-1.jpg","datePublished":"2024-06-20T08:18:14+00:00","description":"Coude de 45 \u00ba et diff\u00e9rentes tailles de diam\u00e8tre de la marque Plasson.","breadcrumb":{"@id":"https:\/\/saiga.es\/fr\/produit\/coude-45o-polyethylene\/#breadcrumb"},"inLanguage":"fr-FR","potentialAction":[{"@type":"ReadAction","target":["https:\/\/saiga.es\/fr\/produit\/coude-45o-polyethylene\/"]}]},{"@type":"ImageObject","inLanguage":"fr-FR","@id":"https:\/\/saiga.es\/fr\/produit\/coude-45o-polyethylene\/#primaryimage","url":"https:\/\/saiga.es\/wp-content\/uploads\/2024\/06\/Colze-45o-1.jpg","contentUrl":"https:\/\/saiga.es\/wp-content\/uploads\/2024\/06\/Colze-45o-1.jpg","width":1080,"height":1080},{"@type":"BreadcrumbList","@id":"https:\/\/saiga.es\/fr\/produit\/coude-45o-polyethylene\/#breadcrumb","itemListElement":[{"@type":"ListItem","position":1,"name":"Inici","item":"https:\/\/saiga.es\/fr\/"},{"@type":"ListItem","position":2,"name":"boutique","item":"https:\/\/saiga.es\/fr\/boutique\/"},{"@type":"ListItem","position":3,"name":"Coude 45\u00ba Poly\u00e9thyl\u00e8ne"}]},{"@type":"WebSite","@id":"https:\/\/saiga.es\/fr\/#website","url":"https:\/\/saiga.es\/fr\/","name":"SAIGA","description":"M\u00e9s de 50 anys al servei de la terra i treballant per a un \u00fas eficient de l\u2019aigua!","publisher":{"@id":"https:\/\/saiga.es\/fr\/#organization"},"potentialAction":[{"@type":"SearchAction","target":{"@type":"EntryPoint","urlTemplate":"https:\/\/saiga.es\/fr\/?s={search_term_string}"},"query-input":{"@type":"PropertyValueSpecification","valueRequired":true,"valueName":"search_term_string"}}],"inLanguage":"fr-FR"},{"@type":"Organization","@id":"https:\/\/saiga.es\/fr\/#organization","name":"SAIGA","url":"https:\/\/saiga.es\/fr\/","logo":{"@type":"ImageObject","inLanguage":"fr-FR","@id":"https:\/\/saiga.es\/fr\/#\/schema\/logo\/image\/","url":"https:\/\/saiga.es\/wp-content\/uploads\/2025\/07\/logo_saiga_baseline_optimitzat.svg","contentUrl":"https:\/\/saiga.es\/wp-content\/uploads\/2025\/07\/logo_saiga_baseline_optimitzat.svg","caption":"SAIGA"},"image":{"@id":"https:\/\/saiga.es\/fr\/#\/schema\/logo\/image\/"},"sameAs":["https:\/\/x.com\/saiga_agro","https:\/\/www.instagram.com\/saiga_agro\/"]}]}},"_links":{"self":[{"href":"https:\/\/saiga.es\/fr\/wp-json\/wp\/v2\/product\/10793","targetHints":{"allow":["GET"]}}],"collection":[{"href":"https:\/\/saiga.es\/fr\/wp-json\/wp\/v2\/product"}],"about":[{"href":"https:\/\/saiga.es\/fr\/wp-json\/wp\/v2\/types\/product"}],"replies":[{"embeddable":true,"href":"https:\/\/saiga.es\/fr\/wp-json\/wp\/v2\/comments?post=10793"}],"wp:featuredmedia":[{"embeddable":true,"href":"https:\/\/saiga.es\/fr\/wp-json\/wp\/v2\/media\/10804"}],"wp:attachment":[{"href":"https:\/\/saiga.es\/fr\/wp-json\/wp\/v2\/media?parent=10793"}],"wp:term":[{"taxonomy":"product_brand","embeddable":true,"href":"https:\/\/saiga.es\/fr\/wp-json\/wp\/v2\/product_brand?post=10793"},{"taxonomy":"product_cat","embeddable":true,"href":"https:\/\/saiga.es\/fr\/wp-json\/wp\/v2\/product_cat?post=10793"},{"taxonomy":"product_tag","embeddable":true,"href":"https:\/\/saiga.es\/fr\/wp-json\/wp\/v2\/product_tag?post=10793"}],"curies":[{"name":"wp","href":"https:\/\/api.w.org\/{rel}","templated":true}]}}