{"id":10882,"date":"2024-07-02T07:55:35","date_gmt":"2024-07-02T07:55:35","guid":{"rendered":"https:\/\/botiga.saiga.es\/producte\/massocide-sap-insecticide-anti-moustiques-anti-mouches\/"},"modified":"2025-11-12T08:40:47","modified_gmt":"2025-11-12T08:40:47","slug":"massocide-sap-insecticide-anti-moustiques-anti-mouches","status":"publish","type":"product","link":"https:\/\/saiga.es\/fr\/produit\/massocide-sap-insecticide-anti-moustiques-anti-mouches\/","title":{"rendered":"Massocide SAB Insecticide, anti-moustiques, anti-mouches"},"content":{"rendered":"<p data-start=\"339\" data-end=\"662\">D\u00e9couvrez Massocide SAB, un insecticide en suspension concentr\u00e9e sp\u00e9cialement formul\u00e9 pour lutter contre les mouches, les moustiques, les tiques, les puces et autres insectes rampants. Con\u00e7u pour une utilisation domestique et ext\u00e9rieure, ce produit offre une solution efficace pour garder vos espaces exempts d&rsquo;insectes ind\u00e9sirables. <\/p>\n<h4 data-start=\"664\" data-end=\"685\">Avantages cl\u00e9s<\/h4>\n<ul data-start=\"686\" data-end=\"944\">\n<li data-start=\"686\" data-end=\"763\">\n<p data-start=\"688\" data-end=\"763\">Efficacit\u00e9 prouv\u00e9e contre les mouches et les moustiques, ainsi que contre les puces et les tiques.<\/p>\n<\/li>\n<li data-start=\"764\" data-end=\"840\">\n<p data-start=\"766\" data-end=\"840\">Formule de suspension concentr\u00e9e, permettant une application plus \u00e9conomique.<\/p>\n<\/li>\n<li data-start=\"841\" data-end=\"944\">\n<p data-start=\"843\" data-end=\"944\">Disponible en formats de 250 cc et 1 L, s&rsquo;adaptant aussi bien aux usages occasionnels qu&rsquo;aux traitements plus intensifs.<\/p>\n<\/li>\n<\/ul>\n<h4 data-start=\"946\" data-end=\"975\">Quand et o\u00f9 l&rsquo;utiliser<\/h4>\n<p data-start=\"976\" data-end=\"1212\">Id\u00e9al pour les jardins, terrasses, petits espaces verts, terrasses ext\u00e9rieures ou tout autre lieu infest\u00e9 d&rsquo;insectes rampants. Avec Massocide SAB, profitez pleinement de vos espaces ext\u00e9rieurs en toute tranquillit\u00e9. <\/p>\n<h4 data-start=\"1214\" data-end=\"1234\">Conseils d&rsquo;utilisation<\/h4>\n<p data-start=\"1235\" data-end=\"1530\">Suivez attentivement les instructions du fabricant. Prot\u00e9gez les animaux domestiques et \u00e9vitez de pulv\u00e9riser directement dans les zones de passage pendant le traitement. Appliquez l&rsquo;insecticide uniform\u00e9ment et ponctuellement, en adaptant la dose au type d&rsquo;insecte et \u00e0 l&rsquo;intensit\u00e9 de l&rsquo;infestation.  <\/p>\n<h4 data-start=\"1532\" data-end=\"1555\">Pourquoi le choisir ?<\/h4>\n<p data-start=\"1556\" data-end=\"1783\">Choisissez Massocide SAB pour sa polyvalence et ses performances : une solution unique pour divers insectes, disponible en diff\u00e9rents formats pratiques et b\u00e9n\u00e9ficiant de la confiance d&rsquo;une marque reconnue dans le secteur du jardinage et de la lutte antiparasitaire.<\/p>\n","protected":false},"excerpt":{"rendered":"<p>Massocide SAB est un insecticide en suspension concentr\u00e9 tr\u00e8s efficace contre les mouches, moustiques, puces, tiques et autres insectes rampants.<\/p>\n","protected":false},"featured_media":15903,"comment_status":"closed","ping_status":"closed","template":"","meta":[],"product_brand":[],"product_cat":[439,445],"product_tag":[1480,1476,891],"class_list":{"0":"post-10882","1":"product","2":"type-product","3":"status-publish","4":"has-post-thumbnail","6":"product_cat-biocides-fr","7":"product_cat-insecticides-fr-2","8":"product_tag-anti-mouches","9":"product_tag-anti-moustique","10":"product_tag-insecticide","12":"first","13":"instock","14":"taxable","15":"shipping-taxable","16":"purchasable","17":"product-type-variable"},"yoast_head":"<!-- This site is optimized with the Yoast SEO plugin v27.4 - https:\/\/yoast.com\/product\/yoast-seo-wordpress\/ -->\n<title>Massocide SAB Insecticide, anti-moustiques, anti-mouches | SAIGA<\/title>\n<meta name=\"description\" content=\"Massocide SAB est un insecticide en suspension concentr\u00e9 tr\u00e8s efficace contre les mouches, les moustiques, les puces, les tiques et autres insectes rampants.\" \/>\n<meta name=\"robots\" content=\"index, follow, max-snippet:-1, max-image-preview:large, max-video-preview:-1\" \/>\n<link rel=\"canonical\" href=\"https:\/\/saiga.es\/fr\/produit\/massocide-sap-insecticide-anti-moustiques-anti-mouches\/\" \/>\n<meta property=\"og:locale\" content=\"fr_FR\" \/>\n<meta property=\"og:type\" content=\"article\" \/>\n<meta property=\"og:title\" content=\"Massocide SAB Insecticide, anti-moustiques, anti-mouches | SAIGA\" \/>\n<meta property=\"og:description\" content=\"Massocide SAB est un insecticide en suspension concentr\u00e9 tr\u00e8s efficace contre les mouches, les moustiques, les puces, les tiques et autres insectes rampants.\" \/>\n<meta property=\"og:url\" content=\"https:\/\/saiga.es\/fr\/produit\/massocide-sap-insecticide-anti-moustiques-anti-mouches\/\" \/>\n<meta property=\"og:site_name\" content=\"SAIGA\" \/>\n<meta property=\"article:modified_time\" content=\"2025-11-12T08:40:47+00:00\" \/>\n<meta property=\"og:image\" content=\"https:\/\/saiga.es\/wp-content\/uploads\/2025\/07\/Massocide-SAB-250-cc.jpg\" \/>\n\t<meta property=\"og:image:width\" content=\"1080\" \/>\n\t<meta property=\"og:image:height\" content=\"1080\" \/>\n\t<meta property=\"og:image:type\" content=\"image\/jpeg\" \/>\n<meta name=\"twitter:card\" content=\"summary_large_image\" \/>\n<meta name=\"twitter:site\" content=\"@saiga_agro\" \/>\n<meta name=\"twitter:label1\" content=\"Dur\u00e9e de lecture estim\u00e9e\" \/>\n\t<meta name=\"twitter:data1\" content=\"1 minute\" \/>\n<script type=\"application\/ld+json\" class=\"yoast-schema-graph\">{\"@context\":\"https:\\\/\\\/schema.org\",\"@graph\":[{\"@type\":\"WebPage\",\"@id\":\"https:\\\/\\\/saiga.es\\\/fr\\\/produit\\\/massocide-sap-insecticide-anti-moustiques-anti-mouches\\\/\",\"url\":\"https:\\\/\\\/saiga.es\\\/fr\\\/produit\\\/massocide-sap-insecticide-anti-moustiques-anti-mouches\\\/\",\"name\":\"Massocide SAB Insecticide, anti-moustiques, anti-mouches | SAIGA\",\"isPartOf\":{\"@id\":\"https:\\\/\\\/saiga.es\\\/fr\\\/#website\"},\"primaryImageOfPage\":{\"@id\":\"https:\\\/\\\/saiga.es\\\/fr\\\/produit\\\/massocide-sap-insecticide-anti-moustiques-anti-mouches\\\/#primaryimage\"},\"image\":{\"@id\":\"https:\\\/\\\/saiga.es\\\/fr\\\/produit\\\/massocide-sap-insecticide-anti-moustiques-anti-mouches\\\/#primaryimage\"},\"thumbnailUrl\":\"https:\\\/\\\/saiga.es\\\/wp-content\\\/uploads\\\/2025\\\/07\\\/Massocide-SAB-250-cc.jpg\",\"datePublished\":\"2024-07-02T07:55:35+00:00\",\"dateModified\":\"2025-11-12T08:40:47+00:00\",\"description\":\"Massocide SAB est un insecticide en suspension concentr\u00e9 tr\u00e8s efficace contre les mouches, les moustiques, les puces, les tiques et autres insectes rampants.\",\"breadcrumb\":{\"@id\":\"https:\\\/\\\/saiga.es\\\/fr\\\/produit\\\/massocide-sap-insecticide-anti-moustiques-anti-mouches\\\/#breadcrumb\"},\"inLanguage\":\"fr-FR\",\"potentialAction\":[{\"@type\":\"ReadAction\",\"target\":[\"https:\\\/\\\/saiga.es\\\/fr\\\/produit\\\/massocide-sap-insecticide-anti-moustiques-anti-mouches\\\/\"]}]},{\"@type\":\"ImageObject\",\"inLanguage\":\"fr-FR\",\"@id\":\"https:\\\/\\\/saiga.es\\\/fr\\\/produit\\\/massocide-sap-insecticide-anti-moustiques-anti-mouches\\\/#primaryimage\",\"url\":\"https:\\\/\\\/saiga.es\\\/wp-content\\\/uploads\\\/2025\\\/07\\\/Massocide-SAB-250-cc.jpg\",\"contentUrl\":\"https:\\\/\\\/saiga.es\\\/wp-content\\\/uploads\\\/2025\\\/07\\\/Massocide-SAB-250-cc.jpg\",\"width\":1080,\"height\":1080,\"caption\":\"Massocide 250 cc\"},{\"@type\":\"BreadcrumbList\",\"@id\":\"https:\\\/\\\/saiga.es\\\/fr\\\/produit\\\/massocide-sap-insecticide-anti-moustiques-anti-mouches\\\/#breadcrumb\",\"itemListElement\":[{\"@type\":\"ListItem\",\"position\":1,\"name\":\"Inici\",\"item\":\"https:\\\/\\\/saiga.es\\\/fr\\\/\"},{\"@type\":\"ListItem\",\"position\":2,\"name\":\"boutique\",\"item\":\"https:\\\/\\\/saiga.es\\\/fr\\\/boutique\\\/\"},{\"@type\":\"ListItem\",\"position\":3,\"name\":\"Massocide SAB Insecticide, anti-moustiques, anti-mouches\"}]},{\"@type\":\"WebSite\",\"@id\":\"https:\\\/\\\/saiga.es\\\/fr\\\/#website\",\"url\":\"https:\\\/\\\/saiga.es\\\/fr\\\/\",\"name\":\"SAIGA\",\"description\":\"M\u00e9s de 50 anys al servei de la terra i treballant per a un \u00fas eficient de l\u2019aigua!\",\"publisher\":{\"@id\":\"https:\\\/\\\/saiga.es\\\/fr\\\/#organization\"},\"potentialAction\":[{\"@type\":\"SearchAction\",\"target\":{\"@type\":\"EntryPoint\",\"urlTemplate\":\"https:\\\/\\\/saiga.es\\\/fr\\\/?s={search_term_string}\"},\"query-input\":{\"@type\":\"PropertyValueSpecification\",\"valueRequired\":true,\"valueName\":\"search_term_string\"}}],\"inLanguage\":\"fr-FR\"},{\"@type\":\"Organization\",\"@id\":\"https:\\\/\\\/saiga.es\\\/fr\\\/#organization\",\"name\":\"SAIGA\",\"url\":\"https:\\\/\\\/saiga.es\\\/fr\\\/\",\"logo\":{\"@type\":\"ImageObject\",\"inLanguage\":\"fr-FR\",\"@id\":\"https:\\\/\\\/saiga.es\\\/fr\\\/#\\\/schema\\\/logo\\\/image\\\/\",\"url\":\"https:\\\/\\\/saiga.es\\\/wp-content\\\/uploads\\\/2025\\\/07\\\/logo_saiga_baseline_optimitzat.svg\",\"contentUrl\":\"https:\\\/\\\/saiga.es\\\/wp-content\\\/uploads\\\/2025\\\/07\\\/logo_saiga_baseline_optimitzat.svg\",\"caption\":\"SAIGA\"},\"image\":{\"@id\":\"https:\\\/\\\/saiga.es\\\/fr\\\/#\\\/schema\\\/logo\\\/image\\\/\"},\"sameAs\":[\"https:\\\/\\\/x.com\\\/saiga_agro\",\"https:\\\/\\\/www.instagram.com\\\/saiga_agro\\\/\"]}]}<\/script>\n<!-- \/ Yoast SEO plugin. -->","yoast_head_json":{"title":"Massocide SAB Insecticide, anti-moustiques, anti-mouches | SAIGA","description":"Massocide SAB est un insecticide en suspension concentr\u00e9 tr\u00e8s efficace contre les mouches, les moustiques, les puces, les tiques et autres insectes rampants.","robots":{"index":"index","follow":"follow","max-snippet":"max-snippet:-1","max-image-preview":"max-image-preview:large","max-video-preview":"max-video-preview:-1"},"canonical":"https:\/\/saiga.es\/fr\/produit\/massocide-sap-insecticide-anti-moustiques-anti-mouches\/","og_locale":"fr_FR","og_type":"article","og_title":"Massocide SAB Insecticide, anti-moustiques, anti-mouches | SAIGA","og_description":"Massocide SAB est un insecticide en suspension concentr\u00e9 tr\u00e8s efficace contre les mouches, les moustiques, les puces, les tiques et autres insectes rampants.","og_url":"https:\/\/saiga.es\/fr\/produit\/massocide-sap-insecticide-anti-moustiques-anti-mouches\/","og_site_name":"SAIGA","article_modified_time":"2025-11-12T08:40:47+00:00","og_image":[{"width":1080,"height":1080,"url":"https:\/\/saiga.es\/wp-content\/uploads\/2025\/07\/Massocide-SAB-250-cc.jpg","type":"image\/jpeg"}],"twitter_card":"summary_large_image","twitter_site":"@saiga_agro","twitter_misc":{"Dur\u00e9e de lecture estim\u00e9e":"1 minute"},"schema":{"@context":"https:\/\/schema.org","@graph":[{"@type":"WebPage","@id":"https:\/\/saiga.es\/fr\/produit\/massocide-sap-insecticide-anti-moustiques-anti-mouches\/","url":"https:\/\/saiga.es\/fr\/produit\/massocide-sap-insecticide-anti-moustiques-anti-mouches\/","name":"Massocide SAB Insecticide, anti-moustiques, anti-mouches | SAIGA","isPartOf":{"@id":"https:\/\/saiga.es\/fr\/#website"},"primaryImageOfPage":{"@id":"https:\/\/saiga.es\/fr\/produit\/massocide-sap-insecticide-anti-moustiques-anti-mouches\/#primaryimage"},"image":{"@id":"https:\/\/saiga.es\/fr\/produit\/massocide-sap-insecticide-anti-moustiques-anti-mouches\/#primaryimage"},"thumbnailUrl":"https:\/\/saiga.es\/wp-content\/uploads\/2025\/07\/Massocide-SAB-250-cc.jpg","datePublished":"2024-07-02T07:55:35+00:00","dateModified":"2025-11-12T08:40:47+00:00","description":"Massocide SAB est un insecticide en suspension concentr\u00e9 tr\u00e8s efficace contre les mouches, les moustiques, les puces, les tiques et autres insectes rampants.","breadcrumb":{"@id":"https:\/\/saiga.es\/fr\/produit\/massocide-sap-insecticide-anti-moustiques-anti-mouches\/#breadcrumb"},"inLanguage":"fr-FR","potentialAction":[{"@type":"ReadAction","target":["https:\/\/saiga.es\/fr\/produit\/massocide-sap-insecticide-anti-moustiques-anti-mouches\/"]}]},{"@type":"ImageObject","inLanguage":"fr-FR","@id":"https:\/\/saiga.es\/fr\/produit\/massocide-sap-insecticide-anti-moustiques-anti-mouches\/#primaryimage","url":"https:\/\/saiga.es\/wp-content\/uploads\/2025\/07\/Massocide-SAB-250-cc.jpg","contentUrl":"https:\/\/saiga.es\/wp-content\/uploads\/2025\/07\/Massocide-SAB-250-cc.jpg","width":1080,"height":1080,"caption":"Massocide 250 cc"},{"@type":"BreadcrumbList","@id":"https:\/\/saiga.es\/fr\/produit\/massocide-sap-insecticide-anti-moustiques-anti-mouches\/#breadcrumb","itemListElement":[{"@type":"ListItem","position":1,"name":"Inici","item":"https:\/\/saiga.es\/fr\/"},{"@type":"ListItem","position":2,"name":"boutique","item":"https:\/\/saiga.es\/fr\/boutique\/"},{"@type":"ListItem","position":3,"name":"Massocide SAB Insecticide, anti-moustiques, anti-mouches"}]},{"@type":"WebSite","@id":"https:\/\/saiga.es\/fr\/#website","url":"https:\/\/saiga.es\/fr\/","name":"SAIGA","description":"M\u00e9s de 50 anys al servei de la terra i treballant per a un \u00fas eficient de l\u2019aigua!","publisher":{"@id":"https:\/\/saiga.es\/fr\/#organization"},"potentialAction":[{"@type":"SearchAction","target":{"@type":"EntryPoint","urlTemplate":"https:\/\/saiga.es\/fr\/?s={search_term_string}"},"query-input":{"@type":"PropertyValueSpecification","valueRequired":true,"valueName":"search_term_string"}}],"inLanguage":"fr-FR"},{"@type":"Organization","@id":"https:\/\/saiga.es\/fr\/#organization","name":"SAIGA","url":"https:\/\/saiga.es\/fr\/","logo":{"@type":"ImageObject","inLanguage":"fr-FR","@id":"https:\/\/saiga.es\/fr\/#\/schema\/logo\/image\/","url":"https:\/\/saiga.es\/wp-content\/uploads\/2025\/07\/logo_saiga_baseline_optimitzat.svg","contentUrl":"https:\/\/saiga.es\/wp-content\/uploads\/2025\/07\/logo_saiga_baseline_optimitzat.svg","caption":"SAIGA"},"image":{"@id":"https:\/\/saiga.es\/fr\/#\/schema\/logo\/image\/"},"sameAs":["https:\/\/x.com\/saiga_agro","https:\/\/www.instagram.com\/saiga_agro\/"]}]}},"_links":{"self":[{"href":"https:\/\/saiga.es\/fr\/wp-json\/wp\/v2\/product\/10882","targetHints":{"allow":["GET"]}}],"collection":[{"href":"https:\/\/saiga.es\/fr\/wp-json\/wp\/v2\/product"}],"about":[{"href":"https:\/\/saiga.es\/fr\/wp-json\/wp\/v2\/types\/product"}],"replies":[{"embeddable":true,"href":"https:\/\/saiga.es\/fr\/wp-json\/wp\/v2\/comments?post=10882"}],"wp:featuredmedia":[{"embeddable":true,"href":"https:\/\/saiga.es\/fr\/wp-json\/wp\/v2\/media\/15903"}],"wp:attachment":[{"href":"https:\/\/saiga.es\/fr\/wp-json\/wp\/v2\/media?parent=10882"}],"wp:term":[{"taxonomy":"product_brand","embeddable":true,"href":"https:\/\/saiga.es\/fr\/wp-json\/wp\/v2\/product_brand?post=10882"},{"taxonomy":"product_cat","embeddable":true,"href":"https:\/\/saiga.es\/fr\/wp-json\/wp\/v2\/product_cat?post=10882"},{"taxonomy":"product_tag","embeddable":true,"href":"https:\/\/saiga.es\/fr\/wp-json\/wp\/v2\/product_tag?post=10882"}],"curies":[{"name":"wp","href":"https:\/\/api.w.org\/{rel}","templated":true}]}}