{"id":10906,"date":"2024-07-02T10:36:32","date_gmt":"2024-07-02T10:36:32","guid":{"rendered":"https:\/\/botiga.saiga.es\/producte\/raccord-plasson-filetage-femelle\/"},"modified":"2024-07-02T10:36:32","modified_gmt":"2024-07-02T10:36:32","slug":"raccord-plasson-filetage-femelle","status":"publish","type":"product","link":"https:\/\/saiga.es\/fr\/produit\/raccord-plasson-filetage-femelle\/","title":{"rendered":"Raccord Plasson filetage femelle"},"content":{"rendered":"<p>Raccord filet\u00e9 Plasson pour r\u00e9seaux de distribution d&rsquo;eau, aussi bien pour l&rsquo;eau potable que pour des applications industrielles, chaque fois qu&rsquo;il est n\u00e9cessaire de connecter des mat\u00e9riaux diff\u00e9rents ou deux tuyaux de diam\u00e8tres diff\u00e9rents.<\/p>\n","protected":false},"excerpt":{"rendered":"<p>Raccord filet\u00e9 Plasson pour r\u00e9seaux de distribution d&rsquo;eau, aussi bien pour l&rsquo;eau potable que pour des applications industrielles, chaque fois qu&rsquo;il est n\u00e9cessaire de connecter des mat\u00e9riaux diff\u00e9rents ou deux tuyaux de diam\u00e8tres diff\u00e9rents.<\/p>\n","protected":false},"featured_media":10901,"comment_status":"closed","ping_status":"closed","template":"","meta":[],"product_brand":[],"product_cat":[1471],"product_tag":[839,1054],"class_list":{"0":"post-10906","1":"product","2":"type-product","3":"status-publish","4":"has-post-thumbnail","6":"product_cat-plasson-fr","7":"product_tag-raccord","8":"product_tag-raccord-fr","10":"first","11":"instock","12":"taxable","13":"shipping-taxable","14":"purchasable","15":"product-type-variable"},"yoast_head":"<!-- This site is optimized with the Yoast SEO plugin v27.4 - https:\/\/yoast.com\/product\/yoast-seo-wordpress\/ -->\n<title>Raccord Plasson filetage femelle | SAIGA<\/title>\n<meta name=\"description\" content=\"Raccord filet\u00e9 Plasson pour r\u00e9seaux de distribution d&#039;eau, aussi bien pour l&#039;eau potable que pour des applications industrielles, chaque fois qu&#039;il est n\u00e9cessaire de connecter des mat\u00e9riaux diff\u00e9rents ou deux tuyaux de diam\u00e8tres diff\u00e9rents.\" \/>\n<meta name=\"robots\" content=\"index, follow, max-snippet:-1, max-image-preview:large, max-video-preview:-1\" \/>\n<link rel=\"canonical\" href=\"https:\/\/saiga.es\/fr\/produit\/raccord-plasson-filetage-femelle\/\" \/>\n<meta property=\"og:locale\" content=\"fr_FR\" \/>\n<meta property=\"og:type\" content=\"article\" \/>\n<meta property=\"og:title\" content=\"Raccord Plasson filetage femelle | SAIGA\" \/>\n<meta property=\"og:description\" content=\"Raccord filet\u00e9 Plasson pour r\u00e9seaux de distribution d&#039;eau, aussi bien pour l&#039;eau potable que pour des applications industrielles, chaque fois qu&#039;il est n\u00e9cessaire de connecter des mat\u00e9riaux diff\u00e9rents ou deux tuyaux de diam\u00e8tres diff\u00e9rents.\" \/>\n<meta property=\"og:url\" content=\"https:\/\/saiga.es\/fr\/produit\/raccord-plasson-filetage-femelle\/\" \/>\n<meta property=\"og:site_name\" content=\"SAIGA\" \/>\n<meta property=\"og:image\" content=\"https:\/\/saiga.es\/wp-content\/uploads\/2024\/07\/Racord-rosca-femella-2.jpg\" \/>\n\t<meta property=\"og:image:width\" content=\"1080\" \/>\n\t<meta property=\"og:image:height\" content=\"1080\" \/>\n\t<meta property=\"og:image:type\" content=\"image\/jpeg\" \/>\n<meta name=\"twitter:card\" content=\"summary_large_image\" \/>\n<meta name=\"twitter:site\" content=\"@saiga_agro\" \/>\n<script type=\"application\/ld+json\" class=\"yoast-schema-graph\">{\"@context\":\"https:\\\/\\\/schema.org\",\"@graph\":[{\"@type\":\"WebPage\",\"@id\":\"https:\\\/\\\/saiga.es\\\/fr\\\/produit\\\/raccord-plasson-filetage-femelle\\\/\",\"url\":\"https:\\\/\\\/saiga.es\\\/fr\\\/produit\\\/raccord-plasson-filetage-femelle\\\/\",\"name\":\"Raccord Plasson filetage femelle | SAIGA\",\"isPartOf\":{\"@id\":\"https:\\\/\\\/saiga.es\\\/fr\\\/#website\"},\"primaryImageOfPage\":{\"@id\":\"https:\\\/\\\/saiga.es\\\/fr\\\/produit\\\/raccord-plasson-filetage-femelle\\\/#primaryimage\"},\"image\":{\"@id\":\"https:\\\/\\\/saiga.es\\\/fr\\\/produit\\\/raccord-plasson-filetage-femelle\\\/#primaryimage\"},\"thumbnailUrl\":\"https:\\\/\\\/saiga.es\\\/wp-content\\\/uploads\\\/2024\\\/07\\\/Racord-rosca-femella-2.jpg\",\"datePublished\":\"2024-07-02T10:36:32+00:00\",\"description\":\"Raccord filet\u00e9 Plasson pour r\u00e9seaux de distribution d'eau, aussi bien pour l'eau potable que pour des applications industrielles, chaque fois qu'il est n\u00e9cessaire de connecter des mat\u00e9riaux diff\u00e9rents ou deux tuyaux de diam\u00e8tres diff\u00e9rents.\",\"breadcrumb\":{\"@id\":\"https:\\\/\\\/saiga.es\\\/fr\\\/produit\\\/raccord-plasson-filetage-femelle\\\/#breadcrumb\"},\"inLanguage\":\"fr-FR\",\"potentialAction\":[{\"@type\":\"ReadAction\",\"target\":[\"https:\\\/\\\/saiga.es\\\/fr\\\/produit\\\/raccord-plasson-filetage-femelle\\\/\"]}]},{\"@type\":\"ImageObject\",\"inLanguage\":\"fr-FR\",\"@id\":\"https:\\\/\\\/saiga.es\\\/fr\\\/produit\\\/raccord-plasson-filetage-femelle\\\/#primaryimage\",\"url\":\"https:\\\/\\\/saiga.es\\\/wp-content\\\/uploads\\\/2024\\\/07\\\/Racord-rosca-femella-2.jpg\",\"contentUrl\":\"https:\\\/\\\/saiga.es\\\/wp-content\\\/uploads\\\/2024\\\/07\\\/Racord-rosca-femella-2.jpg\",\"width\":1080,\"height\":1080,\"caption\":\"connexion femelle\"},{\"@type\":\"BreadcrumbList\",\"@id\":\"https:\\\/\\\/saiga.es\\\/fr\\\/produit\\\/raccord-plasson-filetage-femelle\\\/#breadcrumb\",\"itemListElement\":[{\"@type\":\"ListItem\",\"position\":1,\"name\":\"Inici\",\"item\":\"https:\\\/\\\/saiga.es\\\/fr\\\/\"},{\"@type\":\"ListItem\",\"position\":2,\"name\":\"boutique\",\"item\":\"https:\\\/\\\/saiga.es\\\/fr\\\/boutique\\\/\"},{\"@type\":\"ListItem\",\"position\":3,\"name\":\"Raccord Plasson filetage femelle\"}]},{\"@type\":\"WebSite\",\"@id\":\"https:\\\/\\\/saiga.es\\\/fr\\\/#website\",\"url\":\"https:\\\/\\\/saiga.es\\\/fr\\\/\",\"name\":\"SAIGA\",\"description\":\"M\u00e9s de 50 anys al servei de la terra i treballant per a un \u00fas eficient de l\u2019aigua!\",\"publisher\":{\"@id\":\"https:\\\/\\\/saiga.es\\\/fr\\\/#organization\"},\"potentialAction\":[{\"@type\":\"SearchAction\",\"target\":{\"@type\":\"EntryPoint\",\"urlTemplate\":\"https:\\\/\\\/saiga.es\\\/fr\\\/?s={search_term_string}\"},\"query-input\":{\"@type\":\"PropertyValueSpecification\",\"valueRequired\":true,\"valueName\":\"search_term_string\"}}],\"inLanguage\":\"fr-FR\"},{\"@type\":\"Organization\",\"@id\":\"https:\\\/\\\/saiga.es\\\/fr\\\/#organization\",\"name\":\"SAIGA\",\"url\":\"https:\\\/\\\/saiga.es\\\/fr\\\/\",\"logo\":{\"@type\":\"ImageObject\",\"inLanguage\":\"fr-FR\",\"@id\":\"https:\\\/\\\/saiga.es\\\/fr\\\/#\\\/schema\\\/logo\\\/image\\\/\",\"url\":\"https:\\\/\\\/saiga.es\\\/wp-content\\\/uploads\\\/2025\\\/07\\\/logo_saiga_baseline_optimitzat.svg\",\"contentUrl\":\"https:\\\/\\\/saiga.es\\\/wp-content\\\/uploads\\\/2025\\\/07\\\/logo_saiga_baseline_optimitzat.svg\",\"caption\":\"SAIGA\"},\"image\":{\"@id\":\"https:\\\/\\\/saiga.es\\\/fr\\\/#\\\/schema\\\/logo\\\/image\\\/\"},\"sameAs\":[\"https:\\\/\\\/x.com\\\/saiga_agro\",\"https:\\\/\\\/www.instagram.com\\\/saiga_agro\\\/\"]}]}<\/script>\n<!-- \/ Yoast SEO plugin. -->","yoast_head_json":{"title":"Raccord Plasson filetage femelle | SAIGA","description":"Raccord filet\u00e9 Plasson pour r\u00e9seaux de distribution d'eau, aussi bien pour l'eau potable que pour des applications industrielles, chaque fois qu'il est n\u00e9cessaire de connecter des mat\u00e9riaux diff\u00e9rents ou deux tuyaux de diam\u00e8tres diff\u00e9rents.","robots":{"index":"index","follow":"follow","max-snippet":"max-snippet:-1","max-image-preview":"max-image-preview:large","max-video-preview":"max-video-preview:-1"},"canonical":"https:\/\/saiga.es\/fr\/produit\/raccord-plasson-filetage-femelle\/","og_locale":"fr_FR","og_type":"article","og_title":"Raccord Plasson filetage femelle | SAIGA","og_description":"Raccord filet\u00e9 Plasson pour r\u00e9seaux de distribution d'eau, aussi bien pour l'eau potable que pour des applications industrielles, chaque fois qu'il est n\u00e9cessaire de connecter des mat\u00e9riaux diff\u00e9rents ou deux tuyaux de diam\u00e8tres diff\u00e9rents.","og_url":"https:\/\/saiga.es\/fr\/produit\/raccord-plasson-filetage-femelle\/","og_site_name":"SAIGA","og_image":[{"width":1080,"height":1080,"url":"https:\/\/saiga.es\/wp-content\/uploads\/2024\/07\/Racord-rosca-femella-2.jpg","type":"image\/jpeg"}],"twitter_card":"summary_large_image","twitter_site":"@saiga_agro","schema":{"@context":"https:\/\/schema.org","@graph":[{"@type":"WebPage","@id":"https:\/\/saiga.es\/fr\/produit\/raccord-plasson-filetage-femelle\/","url":"https:\/\/saiga.es\/fr\/produit\/raccord-plasson-filetage-femelle\/","name":"Raccord Plasson filetage femelle | SAIGA","isPartOf":{"@id":"https:\/\/saiga.es\/fr\/#website"},"primaryImageOfPage":{"@id":"https:\/\/saiga.es\/fr\/produit\/raccord-plasson-filetage-femelle\/#primaryimage"},"image":{"@id":"https:\/\/saiga.es\/fr\/produit\/raccord-plasson-filetage-femelle\/#primaryimage"},"thumbnailUrl":"https:\/\/saiga.es\/wp-content\/uploads\/2024\/07\/Racord-rosca-femella-2.jpg","datePublished":"2024-07-02T10:36:32+00:00","description":"Raccord filet\u00e9 Plasson pour r\u00e9seaux de distribution d'eau, aussi bien pour l'eau potable que pour des applications industrielles, chaque fois qu'il est n\u00e9cessaire de connecter des mat\u00e9riaux diff\u00e9rents ou deux tuyaux de diam\u00e8tres diff\u00e9rents.","breadcrumb":{"@id":"https:\/\/saiga.es\/fr\/produit\/raccord-plasson-filetage-femelle\/#breadcrumb"},"inLanguage":"fr-FR","potentialAction":[{"@type":"ReadAction","target":["https:\/\/saiga.es\/fr\/produit\/raccord-plasson-filetage-femelle\/"]}]},{"@type":"ImageObject","inLanguage":"fr-FR","@id":"https:\/\/saiga.es\/fr\/produit\/raccord-plasson-filetage-femelle\/#primaryimage","url":"https:\/\/saiga.es\/wp-content\/uploads\/2024\/07\/Racord-rosca-femella-2.jpg","contentUrl":"https:\/\/saiga.es\/wp-content\/uploads\/2024\/07\/Racord-rosca-femella-2.jpg","width":1080,"height":1080,"caption":"connexion femelle"},{"@type":"BreadcrumbList","@id":"https:\/\/saiga.es\/fr\/produit\/raccord-plasson-filetage-femelle\/#breadcrumb","itemListElement":[{"@type":"ListItem","position":1,"name":"Inici","item":"https:\/\/saiga.es\/fr\/"},{"@type":"ListItem","position":2,"name":"boutique","item":"https:\/\/saiga.es\/fr\/boutique\/"},{"@type":"ListItem","position":3,"name":"Raccord Plasson filetage femelle"}]},{"@type":"WebSite","@id":"https:\/\/saiga.es\/fr\/#website","url":"https:\/\/saiga.es\/fr\/","name":"SAIGA","description":"M\u00e9s de 50 anys al servei de la terra i treballant per a un \u00fas eficient de l\u2019aigua!","publisher":{"@id":"https:\/\/saiga.es\/fr\/#organization"},"potentialAction":[{"@type":"SearchAction","target":{"@type":"EntryPoint","urlTemplate":"https:\/\/saiga.es\/fr\/?s={search_term_string}"},"query-input":{"@type":"PropertyValueSpecification","valueRequired":true,"valueName":"search_term_string"}}],"inLanguage":"fr-FR"},{"@type":"Organization","@id":"https:\/\/saiga.es\/fr\/#organization","name":"SAIGA","url":"https:\/\/saiga.es\/fr\/","logo":{"@type":"ImageObject","inLanguage":"fr-FR","@id":"https:\/\/saiga.es\/fr\/#\/schema\/logo\/image\/","url":"https:\/\/saiga.es\/wp-content\/uploads\/2025\/07\/logo_saiga_baseline_optimitzat.svg","contentUrl":"https:\/\/saiga.es\/wp-content\/uploads\/2025\/07\/logo_saiga_baseline_optimitzat.svg","caption":"SAIGA"},"image":{"@id":"https:\/\/saiga.es\/fr\/#\/schema\/logo\/image\/"},"sameAs":["https:\/\/x.com\/saiga_agro","https:\/\/www.instagram.com\/saiga_agro\/"]}]}},"_links":{"self":[{"href":"https:\/\/saiga.es\/fr\/wp-json\/wp\/v2\/product\/10906","targetHints":{"allow":["GET"]}}],"collection":[{"href":"https:\/\/saiga.es\/fr\/wp-json\/wp\/v2\/product"}],"about":[{"href":"https:\/\/saiga.es\/fr\/wp-json\/wp\/v2\/types\/product"}],"replies":[{"embeddable":true,"href":"https:\/\/saiga.es\/fr\/wp-json\/wp\/v2\/comments?post=10906"}],"wp:featuredmedia":[{"embeddable":true,"href":"https:\/\/saiga.es\/fr\/wp-json\/wp\/v2\/media\/10901"}],"wp:attachment":[{"href":"https:\/\/saiga.es\/fr\/wp-json\/wp\/v2\/media?parent=10906"}],"wp:term":[{"taxonomy":"product_brand","embeddable":true,"href":"https:\/\/saiga.es\/fr\/wp-json\/wp\/v2\/product_brand?post=10906"},{"taxonomy":"product_cat","embeddable":true,"href":"https:\/\/saiga.es\/fr\/wp-json\/wp\/v2\/product_cat?post=10906"},{"taxonomy":"product_tag","embeddable":true,"href":"https:\/\/saiga.es\/fr\/wp-json\/wp\/v2\/product_tag?post=10906"}],"curies":[{"name":"wp","href":"https:\/\/api.w.org\/{rel}","templated":true}]}}