{"id":10930,"date":"2024-07-02T13:13:19","date_gmt":"2024-07-02T13:13:19","guid":{"rendered":"https:\/\/botiga.saiga.es\/producte\/fongicide-anti-moisissure-arbekyn\/"},"modified":"2024-07-02T13:13:19","modified_gmt":"2024-07-02T13:13:19","slug":"fongicide-anti-moisissure-arbekyn","status":"publish","type":"product","link":"https:\/\/saiga.es\/fr\/produit\/fongicide-anti-moisissure-arbekyn\/","title":{"rendered":"Fongicide anti-moisissure Arbekyn"},"content":{"rendered":"<p>Arbekyn contact fongicide anti-moisissure. La substance active p\u00e9n\u00e8tre rapidement dans la plante et est distribu\u00e9e dans les tissus v\u00e9g\u00e9taux. Il inhibe la croissance myc\u00e9lienne et la formation de spores, contr\u00f4lant les infections depuis l&rsquo;int\u00e9rieur de la plante, avec une activit\u00e9 pr\u00e9ventive et curative exceptionnelle, emp\u00eachant la g\u00e9n\u00e9ration de r\u00e9sistances. Il agit comme une barri\u00e8re pr\u00e9ventive \u00e0 la surface de la plante, inhibant les r\u00e9actions enzymatiques des spores fongiques, provoquant leur effondrement.<\/p>\n","protected":false},"excerpt":{"rendered":"<p>Arbekyn contact fongicide anti-moisissure. La substance active p\u00e9n\u00e8tre rapidement dans la plante et est distribu\u00e9e dans les tissus v\u00e9g\u00e9taux. Il inhibe la croissance myc\u00e9lienne et la formation de spores, contr\u00f4lant les infections depuis l&rsquo;int\u00e9rieur de la plante, avec une activit\u00e9 pr\u00e9ventive et curative exceptionnelle, emp\u00eachant la g\u00e9n\u00e9ration de r\u00e9sistances. Il agit comme une barri\u00e8re pr\u00e9ventive \u00e0 la surface de la plante, inhibant les r\u00e9actions enzymatiques des spores fongiques, provoquant leur effondrement.<\/p>\n","protected":false},"featured_media":7364,"comment_status":"closed","ping_status":"closed","template":"","meta":[],"product_brand":[],"product_cat":[444],"product_tag":[1489,772],"class_list":{"0":"post-10930","1":"product","2":"type-product","3":"status-publish","4":"has-post-thumbnail","6":"product_cat-fongicides","7":"product_tag-antimildiu-fr","8":"product_tag-fongicide","10":"first","11":"instock","12":"taxable","13":"shipping-taxable","14":"purchasable","15":"product-type-simple"},"yoast_head":"<!-- This site is optimized with the Yoast SEO plugin v27.4 - https:\/\/yoast.com\/product\/yoast-seo-wordpress\/ -->\n<title>Fongicide anti-moisissure Arbekyn | SAIGA<\/title>\n<meta name=\"description\" content=\"Arbekyn contact fongicide anti-moisissure. La substance active p\u00e9n\u00e8tre rapidement dans la plante et est distribu\u00e9e dans les tissus v\u00e9g\u00e9taux.\" \/>\n<meta name=\"robots\" content=\"index, follow, max-snippet:-1, max-image-preview:large, max-video-preview:-1\" \/>\n<link rel=\"canonical\" href=\"https:\/\/saiga.es\/fr\/produit\/fongicide-anti-moisissure-arbekyn\/\" \/>\n<meta property=\"og:locale\" content=\"fr_FR\" \/>\n<meta property=\"og:type\" content=\"article\" \/>\n<meta property=\"og:title\" content=\"Fongicide anti-moisissure Arbekyn | SAIGA\" \/>\n<meta property=\"og:description\" content=\"Arbekyn contact fongicide anti-moisissure. La substance active p\u00e9n\u00e8tre rapidement dans la plante et est distribu\u00e9e dans les tissus v\u00e9g\u00e9taux.\" \/>\n<meta property=\"og:url\" content=\"https:\/\/saiga.es\/fr\/produit\/fongicide-anti-moisissure-arbekyn\/\" \/>\n<meta property=\"og:site_name\" content=\"SAIGA\" \/>\n<meta property=\"og:image\" content=\"https:\/\/saiga.es\/wp-content\/uploads\/2024\/02\/ARBEKYN_10ML_ENVASE_MG_7132.jpg\" \/>\n\t<meta property=\"og:image:width\" content=\"1000\" \/>\n\t<meta property=\"og:image:height\" content=\"1000\" \/>\n\t<meta property=\"og:image:type\" content=\"image\/jpeg\" \/>\n<meta name=\"twitter:card\" content=\"summary_large_image\" \/>\n<meta name=\"twitter:site\" content=\"@saiga_agro\" \/>\n<script type=\"application\/ld+json\" class=\"yoast-schema-graph\">{\"@context\":\"https:\\\/\\\/schema.org\",\"@graph\":[{\"@type\":\"WebPage\",\"@id\":\"https:\\\/\\\/saiga.es\\\/fr\\\/produit\\\/fongicide-anti-moisissure-arbekyn\\\/\",\"url\":\"https:\\\/\\\/saiga.es\\\/fr\\\/produit\\\/fongicide-anti-moisissure-arbekyn\\\/\",\"name\":\"Fongicide anti-moisissure Arbekyn | SAIGA\",\"isPartOf\":{\"@id\":\"https:\\\/\\\/saiga.es\\\/fr\\\/#website\"},\"primaryImageOfPage\":{\"@id\":\"https:\\\/\\\/saiga.es\\\/fr\\\/produit\\\/fongicide-anti-moisissure-arbekyn\\\/#primaryimage\"},\"image\":{\"@id\":\"https:\\\/\\\/saiga.es\\\/fr\\\/produit\\\/fongicide-anti-moisissure-arbekyn\\\/#primaryimage\"},\"thumbnailUrl\":\"https:\\\/\\\/saiga.es\\\/wp-content\\\/uploads\\\/2024\\\/02\\\/ARBEKYN_10ML_ENVASE_MG_7132.jpg\",\"datePublished\":\"2024-07-02T13:13:19+00:00\",\"description\":\"Arbekyn contact fongicide anti-moisissure. La substance active p\u00e9n\u00e8tre rapidement dans la plante et est distribu\u00e9e dans les tissus v\u00e9g\u00e9taux.\",\"breadcrumb\":{\"@id\":\"https:\\\/\\\/saiga.es\\\/fr\\\/produit\\\/fongicide-anti-moisissure-arbekyn\\\/#breadcrumb\"},\"inLanguage\":\"fr-FR\",\"potentialAction\":[{\"@type\":\"ReadAction\",\"target\":[\"https:\\\/\\\/saiga.es\\\/fr\\\/produit\\\/fongicide-anti-moisissure-arbekyn\\\/\"]}]},{\"@type\":\"ImageObject\",\"inLanguage\":\"fr-FR\",\"@id\":\"https:\\\/\\\/saiga.es\\\/fr\\\/produit\\\/fongicide-anti-moisissure-arbekyn\\\/#primaryimage\",\"url\":\"https:\\\/\\\/saiga.es\\\/wp-content\\\/uploads\\\/2024\\\/02\\\/ARBEKYN_10ML_ENVASE_MG_7132.jpg\",\"contentUrl\":\"https:\\\/\\\/saiga.es\\\/wp-content\\\/uploads\\\/2024\\\/02\\\/ARBEKYN_10ML_ENVASE_MG_7132.jpg\",\"width\":1000,\"height\":1000,\"caption\":\"Arbekyn antimildiu 10 cc\"},{\"@type\":\"BreadcrumbList\",\"@id\":\"https:\\\/\\\/saiga.es\\\/fr\\\/produit\\\/fongicide-anti-moisissure-arbekyn\\\/#breadcrumb\",\"itemListElement\":[{\"@type\":\"ListItem\",\"position\":1,\"name\":\"Inici\",\"item\":\"https:\\\/\\\/saiga.es\\\/fr\\\/\"},{\"@type\":\"ListItem\",\"position\":2,\"name\":\"boutique\",\"item\":\"https:\\\/\\\/saiga.es\\\/fr\\\/boutique\\\/\"},{\"@type\":\"ListItem\",\"position\":3,\"name\":\"Fongicide anti-moisissure Arbekyn\"}]},{\"@type\":\"WebSite\",\"@id\":\"https:\\\/\\\/saiga.es\\\/fr\\\/#website\",\"url\":\"https:\\\/\\\/saiga.es\\\/fr\\\/\",\"name\":\"SAIGA\",\"description\":\"M\u00e9s de 50 anys al servei de la terra i treballant per a un \u00fas eficient de l\u2019aigua!\",\"publisher\":{\"@id\":\"https:\\\/\\\/saiga.es\\\/fr\\\/#organization\"},\"potentialAction\":[{\"@type\":\"SearchAction\",\"target\":{\"@type\":\"EntryPoint\",\"urlTemplate\":\"https:\\\/\\\/saiga.es\\\/fr\\\/?s={search_term_string}\"},\"query-input\":{\"@type\":\"PropertyValueSpecification\",\"valueRequired\":true,\"valueName\":\"search_term_string\"}}],\"inLanguage\":\"fr-FR\"},{\"@type\":\"Organization\",\"@id\":\"https:\\\/\\\/saiga.es\\\/fr\\\/#organization\",\"name\":\"SAIGA\",\"url\":\"https:\\\/\\\/saiga.es\\\/fr\\\/\",\"logo\":{\"@type\":\"ImageObject\",\"inLanguage\":\"fr-FR\",\"@id\":\"https:\\\/\\\/saiga.es\\\/fr\\\/#\\\/schema\\\/logo\\\/image\\\/\",\"url\":\"https:\\\/\\\/saiga.es\\\/wp-content\\\/uploads\\\/2025\\\/07\\\/logo_saiga_baseline_optimitzat.svg\",\"contentUrl\":\"https:\\\/\\\/saiga.es\\\/wp-content\\\/uploads\\\/2025\\\/07\\\/logo_saiga_baseline_optimitzat.svg\",\"caption\":\"SAIGA\"},\"image\":{\"@id\":\"https:\\\/\\\/saiga.es\\\/fr\\\/#\\\/schema\\\/logo\\\/image\\\/\"},\"sameAs\":[\"https:\\\/\\\/x.com\\\/saiga_agro\",\"https:\\\/\\\/www.instagram.com\\\/saiga_agro\\\/\"]}]}<\/script>\n<!-- \/ Yoast SEO plugin. -->","yoast_head_json":{"title":"Fongicide anti-moisissure Arbekyn | SAIGA","description":"Arbekyn contact fongicide anti-moisissure. La substance active p\u00e9n\u00e8tre rapidement dans la plante et est distribu\u00e9e dans les tissus v\u00e9g\u00e9taux.","robots":{"index":"index","follow":"follow","max-snippet":"max-snippet:-1","max-image-preview":"max-image-preview:large","max-video-preview":"max-video-preview:-1"},"canonical":"https:\/\/saiga.es\/fr\/produit\/fongicide-anti-moisissure-arbekyn\/","og_locale":"fr_FR","og_type":"article","og_title":"Fongicide anti-moisissure Arbekyn | SAIGA","og_description":"Arbekyn contact fongicide anti-moisissure. La substance active p\u00e9n\u00e8tre rapidement dans la plante et est distribu\u00e9e dans les tissus v\u00e9g\u00e9taux.","og_url":"https:\/\/saiga.es\/fr\/produit\/fongicide-anti-moisissure-arbekyn\/","og_site_name":"SAIGA","og_image":[{"width":1000,"height":1000,"url":"https:\/\/saiga.es\/wp-content\/uploads\/2024\/02\/ARBEKYN_10ML_ENVASE_MG_7132.jpg","type":"image\/jpeg"}],"twitter_card":"summary_large_image","twitter_site":"@saiga_agro","schema":{"@context":"https:\/\/schema.org","@graph":[{"@type":"WebPage","@id":"https:\/\/saiga.es\/fr\/produit\/fongicide-anti-moisissure-arbekyn\/","url":"https:\/\/saiga.es\/fr\/produit\/fongicide-anti-moisissure-arbekyn\/","name":"Fongicide anti-moisissure Arbekyn | SAIGA","isPartOf":{"@id":"https:\/\/saiga.es\/fr\/#website"},"primaryImageOfPage":{"@id":"https:\/\/saiga.es\/fr\/produit\/fongicide-anti-moisissure-arbekyn\/#primaryimage"},"image":{"@id":"https:\/\/saiga.es\/fr\/produit\/fongicide-anti-moisissure-arbekyn\/#primaryimage"},"thumbnailUrl":"https:\/\/saiga.es\/wp-content\/uploads\/2024\/02\/ARBEKYN_10ML_ENVASE_MG_7132.jpg","datePublished":"2024-07-02T13:13:19+00:00","description":"Arbekyn contact fongicide anti-moisissure. La substance active p\u00e9n\u00e8tre rapidement dans la plante et est distribu\u00e9e dans les tissus v\u00e9g\u00e9taux.","breadcrumb":{"@id":"https:\/\/saiga.es\/fr\/produit\/fongicide-anti-moisissure-arbekyn\/#breadcrumb"},"inLanguage":"fr-FR","potentialAction":[{"@type":"ReadAction","target":["https:\/\/saiga.es\/fr\/produit\/fongicide-anti-moisissure-arbekyn\/"]}]},{"@type":"ImageObject","inLanguage":"fr-FR","@id":"https:\/\/saiga.es\/fr\/produit\/fongicide-anti-moisissure-arbekyn\/#primaryimage","url":"https:\/\/saiga.es\/wp-content\/uploads\/2024\/02\/ARBEKYN_10ML_ENVASE_MG_7132.jpg","contentUrl":"https:\/\/saiga.es\/wp-content\/uploads\/2024\/02\/ARBEKYN_10ML_ENVASE_MG_7132.jpg","width":1000,"height":1000,"caption":"Arbekyn antimildiu 10 cc"},{"@type":"BreadcrumbList","@id":"https:\/\/saiga.es\/fr\/produit\/fongicide-anti-moisissure-arbekyn\/#breadcrumb","itemListElement":[{"@type":"ListItem","position":1,"name":"Inici","item":"https:\/\/saiga.es\/fr\/"},{"@type":"ListItem","position":2,"name":"boutique","item":"https:\/\/saiga.es\/fr\/boutique\/"},{"@type":"ListItem","position":3,"name":"Fongicide anti-moisissure Arbekyn"}]},{"@type":"WebSite","@id":"https:\/\/saiga.es\/fr\/#website","url":"https:\/\/saiga.es\/fr\/","name":"SAIGA","description":"M\u00e9s de 50 anys al servei de la terra i treballant per a un \u00fas eficient de l\u2019aigua!","publisher":{"@id":"https:\/\/saiga.es\/fr\/#organization"},"potentialAction":[{"@type":"SearchAction","target":{"@type":"EntryPoint","urlTemplate":"https:\/\/saiga.es\/fr\/?s={search_term_string}"},"query-input":{"@type":"PropertyValueSpecification","valueRequired":true,"valueName":"search_term_string"}}],"inLanguage":"fr-FR"},{"@type":"Organization","@id":"https:\/\/saiga.es\/fr\/#organization","name":"SAIGA","url":"https:\/\/saiga.es\/fr\/","logo":{"@type":"ImageObject","inLanguage":"fr-FR","@id":"https:\/\/saiga.es\/fr\/#\/schema\/logo\/image\/","url":"https:\/\/saiga.es\/wp-content\/uploads\/2025\/07\/logo_saiga_baseline_optimitzat.svg","contentUrl":"https:\/\/saiga.es\/wp-content\/uploads\/2025\/07\/logo_saiga_baseline_optimitzat.svg","caption":"SAIGA"},"image":{"@id":"https:\/\/saiga.es\/fr\/#\/schema\/logo\/image\/"},"sameAs":["https:\/\/x.com\/saiga_agro","https:\/\/www.instagram.com\/saiga_agro\/"]}]}},"_links":{"self":[{"href":"https:\/\/saiga.es\/fr\/wp-json\/wp\/v2\/product\/10930","targetHints":{"allow":["GET"]}}],"collection":[{"href":"https:\/\/saiga.es\/fr\/wp-json\/wp\/v2\/product"}],"about":[{"href":"https:\/\/saiga.es\/fr\/wp-json\/wp\/v2\/types\/product"}],"replies":[{"embeddable":true,"href":"https:\/\/saiga.es\/fr\/wp-json\/wp\/v2\/comments?post=10930"}],"wp:featuredmedia":[{"embeddable":true,"href":"https:\/\/saiga.es\/fr\/wp-json\/wp\/v2\/media\/7364"}],"wp:attachment":[{"href":"https:\/\/saiga.es\/fr\/wp-json\/wp\/v2\/media?parent=10930"}],"wp:term":[{"taxonomy":"product_brand","embeddable":true,"href":"https:\/\/saiga.es\/fr\/wp-json\/wp\/v2\/product_brand?post=10930"},{"taxonomy":"product_cat","embeddable":true,"href":"https:\/\/saiga.es\/fr\/wp-json\/wp\/v2\/product_cat?post=10930"},{"taxonomy":"product_tag","embeddable":true,"href":"https:\/\/saiga.es\/fr\/wp-json\/wp\/v2\/product_tag?post=10930"}],"curies":[{"name":"wp","href":"https:\/\/api.w.org\/{rel}","templated":true}]}}