{"id":10931,"date":"2024-07-02T13:13:19","date_gmt":"2024-07-02T13:13:19","guid":{"rendered":"https:\/\/botiga.saiga.es\/producte\/arbekyn-fungicida-antimildio\/"},"modified":"2025-10-24T14:23:41","modified_gmt":"2025-10-24T14:23:41","slug":"arbekyn-fungicida-antimildi","status":"publish","type":"product","link":"https:\/\/saiga.es\/fr\/produit\/arbekyn-fungicida-antimildi\/","title":{"rendered":"Arbekyn fungicida antimildi"},"content":{"rendered":"<p>Arbekyn fungicida antimildi de contacte. La mat\u00e8ria activa penetra r\u00e0pidament a la planta i es reparteix als teixits vegetals. Inhibeix el creixement micelial i la formaci\u00f3 d&rsquo;espores, controlant les infeccions des de dins de la planta, amb una activitat preventiva i curativa destacada, evitant la generaci\u00f3 de resist\u00e8ncia. Actua com a barrera preventiva a la superf\u00edcie de la planta, inhibint les reaccions enzim\u00e0tiques de les espores dels fongs, originant el seu col\u00b7lapse.<\/p>\n","protected":false},"excerpt":{"rendered":"<p>Arbekyn fungicida antimildi de contacte. La mat\u00e8ria activa penetra r\u00e0pidament a la planta i es reparteix als teixits vegetals. Inhibeix el creixement micelial i la formaci\u00f3 d&rsquo;espores, controlant les infeccions des de dins de la planta, amb una activitat preventiva i curativa destacada, evitant la generaci\u00f3 de resist\u00e8ncia. Actua com a barrera preventiva a la superf\u00edcie de la planta, inhibint les reaccions enzim\u00e0tiques de les espores dels fongs, originant el seu col\u00b7lapse.<\/p>\n","protected":false},"featured_media":7365,"comment_status":"closed","ping_status":"closed","template":"","meta":[],"product_brand":[],"product_cat":[56],"product_tag":[1488,770],"class_list":{"0":"post-10931","1":"product","2":"type-product","3":"status-publish","4":"has-post-thumbnail","6":"product_cat-sense-categoria","7":"product_tag-antimildiu","8":"product_tag-fungicida","10":"first","11":"instock","12":"taxable","13":"shipping-taxable","14":"purchasable","15":"product-type-simple"},"yoast_head":"<!-- This site is optimized with the Yoast SEO plugin v27.4 - https:\/\/yoast.com\/product\/yoast-seo-wordpress\/ -->\n<title>Arbekyn fungicida antimildi | SAIGA<\/title>\n<meta name=\"description\" content=\"Arbekyn fungicida antimild\u00edo de contacto. La materia activa penetra r\u00e1pidamente en la planta y se reparte a los tejidos vegetales.\" \/>\n<meta name=\"robots\" content=\"index, follow, max-snippet:-1, max-image-preview:large, max-video-preview:-1\" \/>\n<link rel=\"canonical\" href=\"https:\/\/saiga.es\/fr\/produit\/arbekyn-fungicida-antimildi\/\" \/>\n<meta property=\"og:locale\" content=\"fr_FR\" \/>\n<meta property=\"og:type\" content=\"article\" \/>\n<meta property=\"og:title\" content=\"Arbekyn fungicida antimildi | SAIGA\" \/>\n<meta property=\"og:description\" content=\"Arbekyn fungicida antimild\u00edo de contacto. La materia activa penetra r\u00e1pidamente en la planta y se reparte a los tejidos vegetales.\" \/>\n<meta property=\"og:url\" content=\"https:\/\/saiga.es\/fr\/produit\/arbekyn-fungicida-antimildi\/\" \/>\n<meta property=\"og:site_name\" content=\"SAIGA\" \/>\n<meta property=\"article:modified_time\" content=\"2025-10-24T14:23:41+00:00\" \/>\n<meta property=\"og:image\" content=\"https:\/\/saiga.es\/wp-content\/uploads\/2024\/02\/ARBEKYN_10ML_ENVASE_MG_7132.jpg\" \/>\n\t<meta property=\"og:image:width\" content=\"1000\" \/>\n\t<meta property=\"og:image:height\" content=\"1000\" \/>\n\t<meta property=\"og:image:type\" content=\"image\/jpeg\" \/>\n<meta name=\"twitter:card\" content=\"summary_large_image\" \/>\n<meta name=\"twitter:site\" content=\"@saiga_agro\" \/>\n<meta name=\"twitter:label1\" content=\"Dur\u00e9e de lecture estim\u00e9e\" \/>\n\t<meta name=\"twitter:data1\" content=\"1 minute\" \/>\n<script type=\"application\/ld+json\" class=\"yoast-schema-graph\">{\"@context\":\"https:\\\/\\\/schema.org\",\"@graph\":[{\"@type\":\"WebPage\",\"@id\":\"https:\\\/\\\/saiga.es\\\/fr\\\/produit\\\/arbekyn-fungicida-antimildi\\\/\",\"url\":\"https:\\\/\\\/saiga.es\\\/fr\\\/produit\\\/arbekyn-fungicida-antimildi\\\/\",\"name\":\"Arbekyn fungicida antimildi | SAIGA\",\"isPartOf\":{\"@id\":\"https:\\\/\\\/saiga.es\\\/fr\\\/#website\"},\"primaryImageOfPage\":{\"@id\":\"https:\\\/\\\/saiga.es\\\/fr\\\/produit\\\/arbekyn-fungicida-antimildi\\\/#primaryimage\"},\"image\":{\"@id\":\"https:\\\/\\\/saiga.es\\\/fr\\\/produit\\\/arbekyn-fungicida-antimildi\\\/#primaryimage\"},\"thumbnailUrl\":\"https:\\\/\\\/saiga.es\\\/wp-content\\\/uploads\\\/2024\\\/02\\\/ARBEKYN_10ML_ENVASE_MG_7132.jpg\",\"datePublished\":\"2024-07-02T13:13:19+00:00\",\"dateModified\":\"2025-10-24T14:23:41+00:00\",\"description\":\"Arbekyn fungicida antimild\u00edo de contacto. La materia activa penetra r\u00e1pidamente en la planta y se reparte a los tejidos vegetales.\",\"breadcrumb\":{\"@id\":\"https:\\\/\\\/saiga.es\\\/fr\\\/produit\\\/arbekyn-fungicida-antimildi\\\/#breadcrumb\"},\"inLanguage\":\"fr-FR\",\"potentialAction\":[{\"@type\":\"ReadAction\",\"target\":[\"https:\\\/\\\/saiga.es\\\/fr\\\/produit\\\/arbekyn-fungicida-antimildi\\\/\"]}]},{\"@type\":\"ImageObject\",\"inLanguage\":\"fr-FR\",\"@id\":\"https:\\\/\\\/saiga.es\\\/fr\\\/produit\\\/arbekyn-fungicida-antimildi\\\/#primaryimage\",\"url\":\"https:\\\/\\\/saiga.es\\\/wp-content\\\/uploads\\\/2024\\\/02\\\/ARBEKYN_10ML_ENVASE_MG_7132.jpg\",\"contentUrl\":\"https:\\\/\\\/saiga.es\\\/wp-content\\\/uploads\\\/2024\\\/02\\\/ARBEKYN_10ML_ENVASE_MG_7132.jpg\",\"width\":1000,\"height\":1000,\"caption\":\"Arbekyn antimildiu 10 cc\"},{\"@type\":\"BreadcrumbList\",\"@id\":\"https:\\\/\\\/saiga.es\\\/fr\\\/produit\\\/arbekyn-fungicida-antimildi\\\/#breadcrumb\",\"itemListElement\":[{\"@type\":\"ListItem\",\"position\":1,\"name\":\"Inici\",\"item\":\"https:\\\/\\\/saiga.es\\\/fr\\\/\"},{\"@type\":\"ListItem\",\"position\":2,\"name\":\"boutique\",\"item\":\"https:\\\/\\\/saiga.es\\\/fr\\\/boutique\\\/\"},{\"@type\":\"ListItem\",\"position\":3,\"name\":\"Arbekyn fungicida antimildi\"}]},{\"@type\":\"WebSite\",\"@id\":\"https:\\\/\\\/saiga.es\\\/fr\\\/#website\",\"url\":\"https:\\\/\\\/saiga.es\\\/fr\\\/\",\"name\":\"SAIGA\",\"description\":\"M\u00e9s de 50 anys al servei de la terra i treballant per a un \u00fas eficient de l\u2019aigua!\",\"publisher\":{\"@id\":\"https:\\\/\\\/saiga.es\\\/fr\\\/#organization\"},\"potentialAction\":[{\"@type\":\"SearchAction\",\"target\":{\"@type\":\"EntryPoint\",\"urlTemplate\":\"https:\\\/\\\/saiga.es\\\/fr\\\/?s={search_term_string}\"},\"query-input\":{\"@type\":\"PropertyValueSpecification\",\"valueRequired\":true,\"valueName\":\"search_term_string\"}}],\"inLanguage\":\"fr-FR\"},{\"@type\":\"Organization\",\"@id\":\"https:\\\/\\\/saiga.es\\\/fr\\\/#organization\",\"name\":\"SAIGA\",\"url\":\"https:\\\/\\\/saiga.es\\\/fr\\\/\",\"logo\":{\"@type\":\"ImageObject\",\"inLanguage\":\"fr-FR\",\"@id\":\"https:\\\/\\\/saiga.es\\\/fr\\\/#\\\/schema\\\/logo\\\/image\\\/\",\"url\":\"https:\\\/\\\/saiga.es\\\/wp-content\\\/uploads\\\/2025\\\/07\\\/logo_saiga_baseline_optimitzat.svg\",\"contentUrl\":\"https:\\\/\\\/saiga.es\\\/wp-content\\\/uploads\\\/2025\\\/07\\\/logo_saiga_baseline_optimitzat.svg\",\"caption\":\"SAIGA\"},\"image\":{\"@id\":\"https:\\\/\\\/saiga.es\\\/fr\\\/#\\\/schema\\\/logo\\\/image\\\/\"},\"sameAs\":[\"https:\\\/\\\/x.com\\\/saiga_agro\",\"https:\\\/\\\/www.instagram.com\\\/saiga_agro\\\/\"]}]}<\/script>\n<!-- \/ Yoast SEO plugin. -->","yoast_head_json":{"title":"Arbekyn fungicida antimildi | SAIGA","description":"Arbekyn fungicida antimild\u00edo de contacto. La materia activa penetra r\u00e1pidamente en la planta y se reparte a los tejidos vegetales.","robots":{"index":"index","follow":"follow","max-snippet":"max-snippet:-1","max-image-preview":"max-image-preview:large","max-video-preview":"max-video-preview:-1"},"canonical":"https:\/\/saiga.es\/fr\/produit\/arbekyn-fungicida-antimildi\/","og_locale":"fr_FR","og_type":"article","og_title":"Arbekyn fungicida antimildi | SAIGA","og_description":"Arbekyn fungicida antimild\u00edo de contacto. La materia activa penetra r\u00e1pidamente en la planta y se reparte a los tejidos vegetales.","og_url":"https:\/\/saiga.es\/fr\/produit\/arbekyn-fungicida-antimildi\/","og_site_name":"SAIGA","article_modified_time":"2025-10-24T14:23:41+00:00","og_image":[{"width":1000,"height":1000,"url":"https:\/\/saiga.es\/wp-content\/uploads\/2024\/02\/ARBEKYN_10ML_ENVASE_MG_7132.jpg","type":"image\/jpeg"}],"twitter_card":"summary_large_image","twitter_site":"@saiga_agro","twitter_misc":{"Dur\u00e9e de lecture estim\u00e9e":"1 minute"},"schema":{"@context":"https:\/\/schema.org","@graph":[{"@type":"WebPage","@id":"https:\/\/saiga.es\/fr\/produit\/arbekyn-fungicida-antimildi\/","url":"https:\/\/saiga.es\/fr\/produit\/arbekyn-fungicida-antimildi\/","name":"Arbekyn fungicida antimildi | SAIGA","isPartOf":{"@id":"https:\/\/saiga.es\/fr\/#website"},"primaryImageOfPage":{"@id":"https:\/\/saiga.es\/fr\/produit\/arbekyn-fungicida-antimildi\/#primaryimage"},"image":{"@id":"https:\/\/saiga.es\/fr\/produit\/arbekyn-fungicida-antimildi\/#primaryimage"},"thumbnailUrl":"https:\/\/saiga.es\/wp-content\/uploads\/2024\/02\/ARBEKYN_10ML_ENVASE_MG_7132.jpg","datePublished":"2024-07-02T13:13:19+00:00","dateModified":"2025-10-24T14:23:41+00:00","description":"Arbekyn fungicida antimild\u00edo de contacto. La materia activa penetra r\u00e1pidamente en la planta y se reparte a los tejidos vegetales.","breadcrumb":{"@id":"https:\/\/saiga.es\/fr\/produit\/arbekyn-fungicida-antimildi\/#breadcrumb"},"inLanguage":"fr-FR","potentialAction":[{"@type":"ReadAction","target":["https:\/\/saiga.es\/fr\/produit\/arbekyn-fungicida-antimildi\/"]}]},{"@type":"ImageObject","inLanguage":"fr-FR","@id":"https:\/\/saiga.es\/fr\/produit\/arbekyn-fungicida-antimildi\/#primaryimage","url":"https:\/\/saiga.es\/wp-content\/uploads\/2024\/02\/ARBEKYN_10ML_ENVASE_MG_7132.jpg","contentUrl":"https:\/\/saiga.es\/wp-content\/uploads\/2024\/02\/ARBEKYN_10ML_ENVASE_MG_7132.jpg","width":1000,"height":1000,"caption":"Arbekyn antimildiu 10 cc"},{"@type":"BreadcrumbList","@id":"https:\/\/saiga.es\/fr\/produit\/arbekyn-fungicida-antimildi\/#breadcrumb","itemListElement":[{"@type":"ListItem","position":1,"name":"Inici","item":"https:\/\/saiga.es\/fr\/"},{"@type":"ListItem","position":2,"name":"boutique","item":"https:\/\/saiga.es\/fr\/boutique\/"},{"@type":"ListItem","position":3,"name":"Arbekyn fungicida antimildi"}]},{"@type":"WebSite","@id":"https:\/\/saiga.es\/fr\/#website","url":"https:\/\/saiga.es\/fr\/","name":"SAIGA","description":"M\u00e9s de 50 anys al servei de la terra i treballant per a un \u00fas eficient de l\u2019aigua!","publisher":{"@id":"https:\/\/saiga.es\/fr\/#organization"},"potentialAction":[{"@type":"SearchAction","target":{"@type":"EntryPoint","urlTemplate":"https:\/\/saiga.es\/fr\/?s={search_term_string}"},"query-input":{"@type":"PropertyValueSpecification","valueRequired":true,"valueName":"search_term_string"}}],"inLanguage":"fr-FR"},{"@type":"Organization","@id":"https:\/\/saiga.es\/fr\/#organization","name":"SAIGA","url":"https:\/\/saiga.es\/fr\/","logo":{"@type":"ImageObject","inLanguage":"fr-FR","@id":"https:\/\/saiga.es\/fr\/#\/schema\/logo\/image\/","url":"https:\/\/saiga.es\/wp-content\/uploads\/2025\/07\/logo_saiga_baseline_optimitzat.svg","contentUrl":"https:\/\/saiga.es\/wp-content\/uploads\/2025\/07\/logo_saiga_baseline_optimitzat.svg","caption":"SAIGA"},"image":{"@id":"https:\/\/saiga.es\/fr\/#\/schema\/logo\/image\/"},"sameAs":["https:\/\/x.com\/saiga_agro","https:\/\/www.instagram.com\/saiga_agro\/"]}]}},"_links":{"self":[{"href":"https:\/\/saiga.es\/fr\/wp-json\/wp\/v2\/product\/10931","targetHints":{"allow":["GET"]}}],"collection":[{"href":"https:\/\/saiga.es\/fr\/wp-json\/wp\/v2\/product"}],"about":[{"href":"https:\/\/saiga.es\/fr\/wp-json\/wp\/v2\/types\/product"}],"replies":[{"embeddable":true,"href":"https:\/\/saiga.es\/fr\/wp-json\/wp\/v2\/comments?post=10931"}],"wp:featuredmedia":[{"embeddable":true,"href":"https:\/\/saiga.es\/fr\/wp-json\/wp\/v2\/media\/7365"}],"wp:attachment":[{"href":"https:\/\/saiga.es\/fr\/wp-json\/wp\/v2\/media?parent=10931"}],"wp:term":[{"taxonomy":"product_brand","embeddable":true,"href":"https:\/\/saiga.es\/fr\/wp-json\/wp\/v2\/product_brand?post=10931"},{"taxonomy":"product_cat","embeddable":true,"href":"https:\/\/saiga.es\/fr\/wp-json\/wp\/v2\/product_cat?post=10931"},{"taxonomy":"product_tag","embeddable":true,"href":"https:\/\/saiga.es\/fr\/wp-json\/wp\/v2\/product_tag?post=10931"}],"curies":[{"name":"wp","href":"https:\/\/api.w.org\/{rel}","templated":true}]}}