{"id":10991,"date":"2024-07-04T10:12:39","date_gmt":"2024-07-04T10:12:39","guid":{"rendered":"https:\/\/botiga.saiga.es\/producte\/joint-de-reduction-en-polyethylene\/"},"modified":"2025-12-12T12:22:56","modified_gmt":"2025-12-12T12:22:56","slug":"joint-de-reduction-en-polyethylene","status":"publish","type":"product","link":"https:\/\/saiga.es\/fr\/produit\/joint-de-reduction-en-polyethylene\/","title":{"rendered":"Joint de r\u00e9duction en poly\u00e9thyl\u00e8ne"},"content":{"rendered":"<p>Le joint de r\u00e9duction en poly\u00e9thyl\u00e8ne est une pi\u00e8ce utilis\u00e9e dans les syst\u00e8mes de canalisations pour relier deux tuyaux de diam\u00e8tres diff\u00e9rents. Cette pi\u00e8ce est r\u00e9alis\u00e9e en poly\u00e9thyl\u00e8ne, une mati\u00e8re plastique largement utilis\u00e9e pour sa r\u00e9sistance \u00e0 la corrosion, sa flexibilit\u00e9 et sa durabilit\u00e9.<\/p>\n","protected":false},"excerpt":{"rendered":"<p>Le joint de r\u00e9duction en poly\u00e9thyl\u00e8ne est une pi\u00e8ce utilis\u00e9e dans les syst\u00e8mes de canalisations pour relier deux tuyaux de diam\u00e8tres diff\u00e9rents.<\/p>\n","protected":false},"featured_media":10984,"comment_status":"open","ping_status":"closed","template":"","meta":[],"product_brand":[],"product_cat":[1471],"product_tag":[837,1493,1494],"class_list":{"0":"post-10991","1":"product","2":"type-product","3":"status-publish","4":"has-post-thumbnail","6":"product_cat-plasson-fr","7":"product_tag-polyethylene","8":"product_tag-racor-fr","9":"product_tag-reduction","11":"first","12":"instock","13":"taxable","14":"shipping-taxable","15":"purchasable","16":"product-type-variable"},"yoast_head":"<!-- This site is optimized with the Yoast SEO plugin v27.4 - https:\/\/yoast.com\/product\/yoast-seo-wordpress\/ -->\n<title>Joint de r\u00e9duction en poly\u00e9thyl\u00e8ne | SAIGA<\/title>\n<meta name=\"description\" content=\"Joint de r\u00e9duction en poly\u00e9thyl\u00e8ne\" \/>\n<meta name=\"robots\" content=\"index, follow, max-snippet:-1, max-image-preview:large, max-video-preview:-1\" \/>\n<link rel=\"canonical\" href=\"https:\/\/saiga.es\/fr\/produit\/joint-de-reduction-en-polyethylene\/\" \/>\n<meta property=\"og:locale\" content=\"fr_FR\" \/>\n<meta property=\"og:type\" content=\"article\" \/>\n<meta property=\"og:title\" content=\"Joint de r\u00e9duction en poly\u00e9thyl\u00e8ne | SAIGA\" \/>\n<meta property=\"og:description\" content=\"Joint de r\u00e9duction en poly\u00e9thyl\u00e8ne\" \/>\n<meta property=\"og:url\" content=\"https:\/\/saiga.es\/fr\/produit\/joint-de-reduction-en-polyethylene\/\" \/>\n<meta property=\"og:site_name\" content=\"SAIGA\" \/>\n<meta property=\"article:modified_time\" content=\"2025-12-12T12:22:56+00:00\" \/>\n<meta property=\"og:image\" content=\"https:\/\/saiga.es\/wp-content\/uploads\/2024\/07\/Reduccio.jpg\" \/>\n\t<meta property=\"og:image:width\" content=\"1080\" \/>\n\t<meta property=\"og:image:height\" content=\"1080\" \/>\n\t<meta property=\"og:image:type\" content=\"image\/jpeg\" \/>\n<meta name=\"twitter:card\" content=\"summary_large_image\" \/>\n<meta name=\"twitter:site\" content=\"@saiga_agro\" \/>\n<script type=\"application\/ld+json\" class=\"yoast-schema-graph\">{\"@context\":\"https:\\\/\\\/schema.org\",\"@graph\":[{\"@type\":\"WebPage\",\"@id\":\"https:\\\/\\\/saiga.es\\\/fr\\\/produit\\\/joint-de-reduction-en-polyethylene\\\/\",\"url\":\"https:\\\/\\\/saiga.es\\\/fr\\\/produit\\\/joint-de-reduction-en-polyethylene\\\/\",\"name\":\"Joint de r\u00e9duction en poly\u00e9thyl\u00e8ne | SAIGA\",\"isPartOf\":{\"@id\":\"https:\\\/\\\/saiga.es\\\/fr\\\/#website\"},\"primaryImageOfPage\":{\"@id\":\"https:\\\/\\\/saiga.es\\\/fr\\\/produit\\\/joint-de-reduction-en-polyethylene\\\/#primaryimage\"},\"image\":{\"@id\":\"https:\\\/\\\/saiga.es\\\/fr\\\/produit\\\/joint-de-reduction-en-polyethylene\\\/#primaryimage\"},\"thumbnailUrl\":\"https:\\\/\\\/saiga.es\\\/wp-content\\\/uploads\\\/2024\\\/07\\\/Reduccio.jpg\",\"datePublished\":\"2024-07-04T10:12:39+00:00\",\"dateModified\":\"2025-12-12T12:22:56+00:00\",\"description\":\"Joint de r\u00e9duction en poly\u00e9thyl\u00e8ne\",\"breadcrumb\":{\"@id\":\"https:\\\/\\\/saiga.es\\\/fr\\\/produit\\\/joint-de-reduction-en-polyethylene\\\/#breadcrumb\"},\"inLanguage\":\"fr-FR\",\"potentialAction\":[{\"@type\":\"ReadAction\",\"target\":[\"https:\\\/\\\/saiga.es\\\/fr\\\/produit\\\/joint-de-reduction-en-polyethylene\\\/\"]}]},{\"@type\":\"ImageObject\",\"inLanguage\":\"fr-FR\",\"@id\":\"https:\\\/\\\/saiga.es\\\/fr\\\/produit\\\/joint-de-reduction-en-polyethylene\\\/#primaryimage\",\"url\":\"https:\\\/\\\/saiga.es\\\/wp-content\\\/uploads\\\/2024\\\/07\\\/Reduccio.jpg\",\"contentUrl\":\"https:\\\/\\\/saiga.es\\\/wp-content\\\/uploads\\\/2024\\\/07\\\/Reduccio.jpg\",\"width\":1080,\"height\":1080,\"caption\":\"r\u00e9duction\"},{\"@type\":\"BreadcrumbList\",\"@id\":\"https:\\\/\\\/saiga.es\\\/fr\\\/produit\\\/joint-de-reduction-en-polyethylene\\\/#breadcrumb\",\"itemListElement\":[{\"@type\":\"ListItem\",\"position\":1,\"name\":\"Inici\",\"item\":\"https:\\\/\\\/saiga.es\\\/fr\\\/\"},{\"@type\":\"ListItem\",\"position\":2,\"name\":\"boutique\",\"item\":\"https:\\\/\\\/saiga.es\\\/fr\\\/boutique\\\/\"},{\"@type\":\"ListItem\",\"position\":3,\"name\":\"Joint de r\u00e9duction en poly\u00e9thyl\u00e8ne\"}]},{\"@type\":\"WebSite\",\"@id\":\"https:\\\/\\\/saiga.es\\\/fr\\\/#website\",\"url\":\"https:\\\/\\\/saiga.es\\\/fr\\\/\",\"name\":\"SAIGA\",\"description\":\"M\u00e9s de 50 anys al servei de la terra i treballant per a un \u00fas eficient de l\u2019aigua!\",\"publisher\":{\"@id\":\"https:\\\/\\\/saiga.es\\\/fr\\\/#organization\"},\"potentialAction\":[{\"@type\":\"SearchAction\",\"target\":{\"@type\":\"EntryPoint\",\"urlTemplate\":\"https:\\\/\\\/saiga.es\\\/fr\\\/?s={search_term_string}\"},\"query-input\":{\"@type\":\"PropertyValueSpecification\",\"valueRequired\":true,\"valueName\":\"search_term_string\"}}],\"inLanguage\":\"fr-FR\"},{\"@type\":\"Organization\",\"@id\":\"https:\\\/\\\/saiga.es\\\/fr\\\/#organization\",\"name\":\"SAIGA\",\"url\":\"https:\\\/\\\/saiga.es\\\/fr\\\/\",\"logo\":{\"@type\":\"ImageObject\",\"inLanguage\":\"fr-FR\",\"@id\":\"https:\\\/\\\/saiga.es\\\/fr\\\/#\\\/schema\\\/logo\\\/image\\\/\",\"url\":\"https:\\\/\\\/saiga.es\\\/wp-content\\\/uploads\\\/2025\\\/07\\\/logo_saiga_baseline_optimitzat.svg\",\"contentUrl\":\"https:\\\/\\\/saiga.es\\\/wp-content\\\/uploads\\\/2025\\\/07\\\/logo_saiga_baseline_optimitzat.svg\",\"caption\":\"SAIGA\"},\"image\":{\"@id\":\"https:\\\/\\\/saiga.es\\\/fr\\\/#\\\/schema\\\/logo\\\/image\\\/\"},\"sameAs\":[\"https:\\\/\\\/x.com\\\/saiga_agro\",\"https:\\\/\\\/www.instagram.com\\\/saiga_agro\\\/\"]}]}<\/script>\n<!-- \/ Yoast SEO plugin. -->","yoast_head_json":{"title":"Joint de r\u00e9duction en poly\u00e9thyl\u00e8ne | SAIGA","description":"Joint de r\u00e9duction en poly\u00e9thyl\u00e8ne","robots":{"index":"index","follow":"follow","max-snippet":"max-snippet:-1","max-image-preview":"max-image-preview:large","max-video-preview":"max-video-preview:-1"},"canonical":"https:\/\/saiga.es\/fr\/produit\/joint-de-reduction-en-polyethylene\/","og_locale":"fr_FR","og_type":"article","og_title":"Joint de r\u00e9duction en poly\u00e9thyl\u00e8ne | SAIGA","og_description":"Joint de r\u00e9duction en poly\u00e9thyl\u00e8ne","og_url":"https:\/\/saiga.es\/fr\/produit\/joint-de-reduction-en-polyethylene\/","og_site_name":"SAIGA","article_modified_time":"2025-12-12T12:22:56+00:00","og_image":[{"width":1080,"height":1080,"url":"https:\/\/saiga.es\/wp-content\/uploads\/2024\/07\/Reduccio.jpg","type":"image\/jpeg"}],"twitter_card":"summary_large_image","twitter_site":"@saiga_agro","schema":{"@context":"https:\/\/schema.org","@graph":[{"@type":"WebPage","@id":"https:\/\/saiga.es\/fr\/produit\/joint-de-reduction-en-polyethylene\/","url":"https:\/\/saiga.es\/fr\/produit\/joint-de-reduction-en-polyethylene\/","name":"Joint de r\u00e9duction en poly\u00e9thyl\u00e8ne | SAIGA","isPartOf":{"@id":"https:\/\/saiga.es\/fr\/#website"},"primaryImageOfPage":{"@id":"https:\/\/saiga.es\/fr\/produit\/joint-de-reduction-en-polyethylene\/#primaryimage"},"image":{"@id":"https:\/\/saiga.es\/fr\/produit\/joint-de-reduction-en-polyethylene\/#primaryimage"},"thumbnailUrl":"https:\/\/saiga.es\/wp-content\/uploads\/2024\/07\/Reduccio.jpg","datePublished":"2024-07-04T10:12:39+00:00","dateModified":"2025-12-12T12:22:56+00:00","description":"Joint de r\u00e9duction en poly\u00e9thyl\u00e8ne","breadcrumb":{"@id":"https:\/\/saiga.es\/fr\/produit\/joint-de-reduction-en-polyethylene\/#breadcrumb"},"inLanguage":"fr-FR","potentialAction":[{"@type":"ReadAction","target":["https:\/\/saiga.es\/fr\/produit\/joint-de-reduction-en-polyethylene\/"]}]},{"@type":"ImageObject","inLanguage":"fr-FR","@id":"https:\/\/saiga.es\/fr\/produit\/joint-de-reduction-en-polyethylene\/#primaryimage","url":"https:\/\/saiga.es\/wp-content\/uploads\/2024\/07\/Reduccio.jpg","contentUrl":"https:\/\/saiga.es\/wp-content\/uploads\/2024\/07\/Reduccio.jpg","width":1080,"height":1080,"caption":"r\u00e9duction"},{"@type":"BreadcrumbList","@id":"https:\/\/saiga.es\/fr\/produit\/joint-de-reduction-en-polyethylene\/#breadcrumb","itemListElement":[{"@type":"ListItem","position":1,"name":"Inici","item":"https:\/\/saiga.es\/fr\/"},{"@type":"ListItem","position":2,"name":"boutique","item":"https:\/\/saiga.es\/fr\/boutique\/"},{"@type":"ListItem","position":3,"name":"Joint de r\u00e9duction en poly\u00e9thyl\u00e8ne"}]},{"@type":"WebSite","@id":"https:\/\/saiga.es\/fr\/#website","url":"https:\/\/saiga.es\/fr\/","name":"SAIGA","description":"M\u00e9s de 50 anys al servei de la terra i treballant per a un \u00fas eficient de l\u2019aigua!","publisher":{"@id":"https:\/\/saiga.es\/fr\/#organization"},"potentialAction":[{"@type":"SearchAction","target":{"@type":"EntryPoint","urlTemplate":"https:\/\/saiga.es\/fr\/?s={search_term_string}"},"query-input":{"@type":"PropertyValueSpecification","valueRequired":true,"valueName":"search_term_string"}}],"inLanguage":"fr-FR"},{"@type":"Organization","@id":"https:\/\/saiga.es\/fr\/#organization","name":"SAIGA","url":"https:\/\/saiga.es\/fr\/","logo":{"@type":"ImageObject","inLanguage":"fr-FR","@id":"https:\/\/saiga.es\/fr\/#\/schema\/logo\/image\/","url":"https:\/\/saiga.es\/wp-content\/uploads\/2025\/07\/logo_saiga_baseline_optimitzat.svg","contentUrl":"https:\/\/saiga.es\/wp-content\/uploads\/2025\/07\/logo_saiga_baseline_optimitzat.svg","caption":"SAIGA"},"image":{"@id":"https:\/\/saiga.es\/fr\/#\/schema\/logo\/image\/"},"sameAs":["https:\/\/x.com\/saiga_agro","https:\/\/www.instagram.com\/saiga_agro\/"]}]}},"_links":{"self":[{"href":"https:\/\/saiga.es\/fr\/wp-json\/wp\/v2\/product\/10991","targetHints":{"allow":["GET"]}}],"collection":[{"href":"https:\/\/saiga.es\/fr\/wp-json\/wp\/v2\/product"}],"about":[{"href":"https:\/\/saiga.es\/fr\/wp-json\/wp\/v2\/types\/product"}],"replies":[{"embeddable":true,"href":"https:\/\/saiga.es\/fr\/wp-json\/wp\/v2\/comments?post=10991"}],"wp:featuredmedia":[{"embeddable":true,"href":"https:\/\/saiga.es\/fr\/wp-json\/wp\/v2\/media\/10984"}],"wp:attachment":[{"href":"https:\/\/saiga.es\/fr\/wp-json\/wp\/v2\/media?parent=10991"}],"wp:term":[{"taxonomy":"product_brand","embeddable":true,"href":"https:\/\/saiga.es\/fr\/wp-json\/wp\/v2\/product_brand?post=10991"},{"taxonomy":"product_cat","embeddable":true,"href":"https:\/\/saiga.es\/fr\/wp-json\/wp\/v2\/product_cat?post=10991"},{"taxonomy":"product_tag","embeddable":true,"href":"https:\/\/saiga.es\/fr\/wp-json\/wp\/v2\/product_tag?post=10991"}],"curies":[{"name":"wp","href":"https:\/\/api.w.org\/{rel}","templated":true}]}}