{"id":11056,"date":"2024-07-05T12:54:47","date_gmt":"2024-07-05T12:54:47","guid":{"rendered":"https:\/\/botiga.saiga.es\/producte\/pulverisateur-electrique-sirfran\/"},"modified":"2025-10-03T08:50:01","modified_gmt":"2025-10-03T08:50:01","slug":"pulverisateur-electrique-sirfran","status":"publish","type":"product","link":"https:\/\/saiga.es\/fr\/produit\/pulverisateur-electrique-sirfran\/","title":{"rendered":"Pulv\u00e9risateur \u00e9lectrique m\u00e9langeur Sirfran Technology de 16 litres avec lance fibre. Id\u00e9al pour les cultures, les vergers et les applications professionnelles."},"content":{"rendered":"<p data-start=\"164\" data-end=\"513\">Le pulv\u00e9risateur \u00e9lectrique Technology Mixer M-2016 de 16 litres avec lance en acier est un outil indispensable pour les agriculteurs, les jardiniers et les professionnels \u00e0 la recherche d&rsquo;un \u00e9quipement fiable et performant. Gr\u00e2ce \u00e0 son moteur \u00e9lectrique performant, il garantit une pulv\u00e9risation uniforme et constante, permettant un gain de temps et d&rsquo;efforts par rapport aux mod\u00e8les manuels. <\/p>\n<p data-start=\"515\" data-end=\"808\">Sa capacit\u00e9 de 16 litres le rend id\u00e9al aussi bien pour les travaux intensifs dans les cultures et les vergers que pour l&rsquo;entretien des jardins et des espaces verts. Sa lance en fibre r\u00e9sistante offre durabilit\u00e9 et l\u00e9g\u00e8ret\u00e9, ainsi qu&rsquo;un grand confort de manipulation, m\u00eame lors de longues journ\u00e9es. <\/p>\n<p data-start=\"810\" data-end=\"1132\">Un autre avantage remarquable est la pression r\u00e9glable, qui permet d&rsquo;adapter le faisceau aux besoins de chaque application : des engrais liquides aux herbicides ou aux fongicides. La conception ergonomique et les mat\u00e9riaux de qualit\u00e9 garantissent un confort de travail accru et une longue dur\u00e9e de vie de l&rsquo;\u00e9quipement.. <\/p>\n<p data-start=\"1134\" data-end=\"1325\">Avec le pulv\u00e9risateur Technology Mixer M-2016, vous obtiendrez des r\u00e9sultats professionnels avec moins d&rsquo;effort, assurant une r\u00e9partition optimale du produit et une plus grande efficacit\u00e9 \u00e0 chaque application.<\/p>\n","protected":false},"excerpt":{"rendered":"<p>D\u00e9couvrez le pulv\u00e9risateur \u00e9lectrique M-2016 16 L : lance en acier r\u00e9sistante, pression r\u00e9glable et performances maximales pour les vergers et les jardins.<\/p>\n","protected":false},"featured_media":12067,"comment_status":"closed","ping_status":"closed","template":"","meta":[],"product_brand":[2243],"product_cat":[1744],"product_tag":[1504],"class_list":{"0":"post-11056","1":"product","2":"type-product","3":"status-publish","4":"has-post-thumbnail","6":"product_brand-sirfran-fr","7":"product_cat-pulverisateurs","8":"product_tag-pulverisateur","10":"first","11":"instock","12":"taxable","13":"shipping-taxable","14":"purchasable","15":"product-type-simple"},"yoast_head":"<!-- This site is optimized with the Yoast SEO plugin v27.4 - https:\/\/yoast.com\/product\/yoast-seo-wordpress\/ -->\n<title>Pulv\u00e9risateur \u00e9lectrique m\u00e9langeur Sirfran Technology de 16 litres avec lance fibre. Id\u00e9al pour les cultures, les vergers et les applications professionnelles. | SAIGA<\/title>\n<meta name=\"description\" content=\"Pulv\u00e9risateur \u00e9lectrique m\u00e9langeur Sirfran de 16 litres avec lance fibre. Id\u00e9al pour les cultures, les vergers et les applications professionnelles.\" \/>\n<meta name=\"robots\" content=\"index, follow, max-snippet:-1, max-image-preview:large, max-video-preview:-1\" \/>\n<link rel=\"canonical\" href=\"https:\/\/saiga.es\/fr\/produit\/pulverisateur-electrique-sirfran\/\" \/>\n<meta property=\"og:locale\" content=\"fr_FR\" \/>\n<meta property=\"og:type\" content=\"article\" \/>\n<meta property=\"og:title\" content=\"Pulv\u00e9risateur \u00e9lectrique m\u00e9langeur Sirfran Technology de 16 litres avec lance fibre. Id\u00e9al pour les cultures, les vergers et les applications professionnelles. | SAIGA\" \/>\n<meta property=\"og:description\" content=\"Pulv\u00e9risateur \u00e9lectrique m\u00e9langeur Sirfran de 16 litres avec lance fibre. Id\u00e9al pour les cultures, les vergers et les applications professionnelles.\" \/>\n<meta property=\"og:url\" content=\"https:\/\/saiga.es\/fr\/produit\/pulverisateur-electrique-sirfran\/\" \/>\n<meta property=\"og:site_name\" content=\"SAIGA\" \/>\n<meta property=\"article:modified_time\" content=\"2025-10-03T08:50:01+00:00\" \/>\n<meta property=\"og:image\" content=\"https:\/\/saiga.es\/wp-content\/uploads\/2024\/07\/Sirfran-1.jpg\" \/>\n\t<meta property=\"og:image:width\" content=\"1080\" \/>\n\t<meta property=\"og:image:height\" content=\"1080\" \/>\n\t<meta property=\"og:image:type\" content=\"image\/jpeg\" \/>\n<meta name=\"twitter:card\" content=\"summary_large_image\" \/>\n<meta name=\"twitter:site\" content=\"@saiga_agro\" \/>\n<meta name=\"twitter:label1\" content=\"Dur\u00e9e de lecture estim\u00e9e\" \/>\n\t<meta name=\"twitter:data1\" content=\"1 minute\" \/>\n<script type=\"application\/ld+json\" class=\"yoast-schema-graph\">{\"@context\":\"https:\\\/\\\/schema.org\",\"@graph\":[{\"@type\":\"WebPage\",\"@id\":\"https:\\\/\\\/saiga.es\\\/fr\\\/produit\\\/pulverisateur-electrique-sirfran\\\/\",\"url\":\"https:\\\/\\\/saiga.es\\\/fr\\\/produit\\\/pulverisateur-electrique-sirfran\\\/\",\"name\":\"Pulv\u00e9risateur \u00e9lectrique m\u00e9langeur Sirfran Technology de 16 litres avec lance fibre. Id\u00e9al pour les cultures, les vergers et les applications professionnelles. | SAIGA\",\"isPartOf\":{\"@id\":\"https:\\\/\\\/saiga.es\\\/fr\\\/#website\"},\"primaryImageOfPage\":{\"@id\":\"https:\\\/\\\/saiga.es\\\/fr\\\/produit\\\/pulverisateur-electrique-sirfran\\\/#primaryimage\"},\"image\":{\"@id\":\"https:\\\/\\\/saiga.es\\\/fr\\\/produit\\\/pulverisateur-electrique-sirfran\\\/#primaryimage\"},\"thumbnailUrl\":\"https:\\\/\\\/saiga.es\\\/wp-content\\\/uploads\\\/2024\\\/07\\\/Sirfran-1.jpg\",\"datePublished\":\"2024-07-05T12:54:47+00:00\",\"dateModified\":\"2025-10-03T08:50:01+00:00\",\"description\":\"Pulv\u00e9risateur \u00e9lectrique m\u00e9langeur Sirfran de 16 litres avec lance fibre. Id\u00e9al pour les cultures, les vergers et les applications professionnelles.\",\"breadcrumb\":{\"@id\":\"https:\\\/\\\/saiga.es\\\/fr\\\/produit\\\/pulverisateur-electrique-sirfran\\\/#breadcrumb\"},\"inLanguage\":\"fr-FR\",\"potentialAction\":[{\"@type\":\"ReadAction\",\"target\":[\"https:\\\/\\\/saiga.es\\\/fr\\\/produit\\\/pulverisateur-electrique-sirfran\\\/\"]}]},{\"@type\":\"ImageObject\",\"inLanguage\":\"fr-FR\",\"@id\":\"https:\\\/\\\/saiga.es\\\/fr\\\/produit\\\/pulverisateur-electrique-sirfran\\\/#primaryimage\",\"url\":\"https:\\\/\\\/saiga.es\\\/wp-content\\\/uploads\\\/2024\\\/07\\\/Sirfran-1.jpg\",\"contentUrl\":\"https:\\\/\\\/saiga.es\\\/wp-content\\\/uploads\\\/2024\\\/07\\\/Sirfran-1.jpg\",\"width\":1080,\"height\":1080,\"caption\":\"Polvoritzador el\u00e8ctric tecnology mixer\"},{\"@type\":\"BreadcrumbList\",\"@id\":\"https:\\\/\\\/saiga.es\\\/fr\\\/produit\\\/pulverisateur-electrique-sirfran\\\/#breadcrumb\",\"itemListElement\":[{\"@type\":\"ListItem\",\"position\":1,\"name\":\"Inici\",\"item\":\"https:\\\/\\\/saiga.es\\\/fr\\\/\"},{\"@type\":\"ListItem\",\"position\":2,\"name\":\"boutique\",\"item\":\"https:\\\/\\\/saiga.es\\\/fr\\\/boutique\\\/\"},{\"@type\":\"ListItem\",\"position\":3,\"name\":\"Pulv\u00e9risateur \u00e9lectrique m\u00e9langeur Sirfran Technology de 16 litres avec lance fibre. Id\u00e9al pour les cultures, les vergers et les applications professionnelles.\"}]},{\"@type\":\"WebSite\",\"@id\":\"https:\\\/\\\/saiga.es\\\/fr\\\/#website\",\"url\":\"https:\\\/\\\/saiga.es\\\/fr\\\/\",\"name\":\"SAIGA\",\"description\":\"M\u00e9s de 50 anys al servei de la terra i treballant per a un \u00fas eficient de l\u2019aigua!\",\"publisher\":{\"@id\":\"https:\\\/\\\/saiga.es\\\/fr\\\/#organization\"},\"potentialAction\":[{\"@type\":\"SearchAction\",\"target\":{\"@type\":\"EntryPoint\",\"urlTemplate\":\"https:\\\/\\\/saiga.es\\\/fr\\\/?s={search_term_string}\"},\"query-input\":{\"@type\":\"PropertyValueSpecification\",\"valueRequired\":true,\"valueName\":\"search_term_string\"}}],\"inLanguage\":\"fr-FR\"},{\"@type\":\"Organization\",\"@id\":\"https:\\\/\\\/saiga.es\\\/fr\\\/#organization\",\"name\":\"SAIGA\",\"url\":\"https:\\\/\\\/saiga.es\\\/fr\\\/\",\"logo\":{\"@type\":\"ImageObject\",\"inLanguage\":\"fr-FR\",\"@id\":\"https:\\\/\\\/saiga.es\\\/fr\\\/#\\\/schema\\\/logo\\\/image\\\/\",\"url\":\"https:\\\/\\\/saiga.es\\\/wp-content\\\/uploads\\\/2025\\\/07\\\/logo_saiga_baseline_optimitzat.svg\",\"contentUrl\":\"https:\\\/\\\/saiga.es\\\/wp-content\\\/uploads\\\/2025\\\/07\\\/logo_saiga_baseline_optimitzat.svg\",\"caption\":\"SAIGA\"},\"image\":{\"@id\":\"https:\\\/\\\/saiga.es\\\/fr\\\/#\\\/schema\\\/logo\\\/image\\\/\"},\"sameAs\":[\"https:\\\/\\\/x.com\\\/saiga_agro\",\"https:\\\/\\\/www.instagram.com\\\/saiga_agro\\\/\"]}]}<\/script>\n<!-- \/ Yoast SEO plugin. -->","yoast_head_json":{"title":"Pulv\u00e9risateur \u00e9lectrique m\u00e9langeur Sirfran Technology de 16 litres avec lance fibre. Id\u00e9al pour les cultures, les vergers et les applications professionnelles. | SAIGA","description":"Pulv\u00e9risateur \u00e9lectrique m\u00e9langeur Sirfran de 16 litres avec lance fibre. Id\u00e9al pour les cultures, les vergers et les applications professionnelles.","robots":{"index":"index","follow":"follow","max-snippet":"max-snippet:-1","max-image-preview":"max-image-preview:large","max-video-preview":"max-video-preview:-1"},"canonical":"https:\/\/saiga.es\/fr\/produit\/pulverisateur-electrique-sirfran\/","og_locale":"fr_FR","og_type":"article","og_title":"Pulv\u00e9risateur \u00e9lectrique m\u00e9langeur Sirfran Technology de 16 litres avec lance fibre. Id\u00e9al pour les cultures, les vergers et les applications professionnelles. | SAIGA","og_description":"Pulv\u00e9risateur \u00e9lectrique m\u00e9langeur Sirfran de 16 litres avec lance fibre. Id\u00e9al pour les cultures, les vergers et les applications professionnelles.","og_url":"https:\/\/saiga.es\/fr\/produit\/pulverisateur-electrique-sirfran\/","og_site_name":"SAIGA","article_modified_time":"2025-10-03T08:50:01+00:00","og_image":[{"width":1080,"height":1080,"url":"https:\/\/saiga.es\/wp-content\/uploads\/2024\/07\/Sirfran-1.jpg","type":"image\/jpeg"}],"twitter_card":"summary_large_image","twitter_site":"@saiga_agro","twitter_misc":{"Dur\u00e9e de lecture estim\u00e9e":"1 minute"},"schema":{"@context":"https:\/\/schema.org","@graph":[{"@type":"WebPage","@id":"https:\/\/saiga.es\/fr\/produit\/pulverisateur-electrique-sirfran\/","url":"https:\/\/saiga.es\/fr\/produit\/pulverisateur-electrique-sirfran\/","name":"Pulv\u00e9risateur \u00e9lectrique m\u00e9langeur Sirfran Technology de 16 litres avec lance fibre. Id\u00e9al pour les cultures, les vergers et les applications professionnelles. | SAIGA","isPartOf":{"@id":"https:\/\/saiga.es\/fr\/#website"},"primaryImageOfPage":{"@id":"https:\/\/saiga.es\/fr\/produit\/pulverisateur-electrique-sirfran\/#primaryimage"},"image":{"@id":"https:\/\/saiga.es\/fr\/produit\/pulverisateur-electrique-sirfran\/#primaryimage"},"thumbnailUrl":"https:\/\/saiga.es\/wp-content\/uploads\/2024\/07\/Sirfran-1.jpg","datePublished":"2024-07-05T12:54:47+00:00","dateModified":"2025-10-03T08:50:01+00:00","description":"Pulv\u00e9risateur \u00e9lectrique m\u00e9langeur Sirfran de 16 litres avec lance fibre. Id\u00e9al pour les cultures, les vergers et les applications professionnelles.","breadcrumb":{"@id":"https:\/\/saiga.es\/fr\/produit\/pulverisateur-electrique-sirfran\/#breadcrumb"},"inLanguage":"fr-FR","potentialAction":[{"@type":"ReadAction","target":["https:\/\/saiga.es\/fr\/produit\/pulverisateur-electrique-sirfran\/"]}]},{"@type":"ImageObject","inLanguage":"fr-FR","@id":"https:\/\/saiga.es\/fr\/produit\/pulverisateur-electrique-sirfran\/#primaryimage","url":"https:\/\/saiga.es\/wp-content\/uploads\/2024\/07\/Sirfran-1.jpg","contentUrl":"https:\/\/saiga.es\/wp-content\/uploads\/2024\/07\/Sirfran-1.jpg","width":1080,"height":1080,"caption":"Polvoritzador el\u00e8ctric tecnology mixer"},{"@type":"BreadcrumbList","@id":"https:\/\/saiga.es\/fr\/produit\/pulverisateur-electrique-sirfran\/#breadcrumb","itemListElement":[{"@type":"ListItem","position":1,"name":"Inici","item":"https:\/\/saiga.es\/fr\/"},{"@type":"ListItem","position":2,"name":"boutique","item":"https:\/\/saiga.es\/fr\/boutique\/"},{"@type":"ListItem","position":3,"name":"Pulv\u00e9risateur \u00e9lectrique m\u00e9langeur Sirfran Technology de 16 litres avec lance fibre. Id\u00e9al pour les cultures, les vergers et les applications professionnelles."}]},{"@type":"WebSite","@id":"https:\/\/saiga.es\/fr\/#website","url":"https:\/\/saiga.es\/fr\/","name":"SAIGA","description":"M\u00e9s de 50 anys al servei de la terra i treballant per a un \u00fas eficient de l\u2019aigua!","publisher":{"@id":"https:\/\/saiga.es\/fr\/#organization"},"potentialAction":[{"@type":"SearchAction","target":{"@type":"EntryPoint","urlTemplate":"https:\/\/saiga.es\/fr\/?s={search_term_string}"},"query-input":{"@type":"PropertyValueSpecification","valueRequired":true,"valueName":"search_term_string"}}],"inLanguage":"fr-FR"},{"@type":"Organization","@id":"https:\/\/saiga.es\/fr\/#organization","name":"SAIGA","url":"https:\/\/saiga.es\/fr\/","logo":{"@type":"ImageObject","inLanguage":"fr-FR","@id":"https:\/\/saiga.es\/fr\/#\/schema\/logo\/image\/","url":"https:\/\/saiga.es\/wp-content\/uploads\/2025\/07\/logo_saiga_baseline_optimitzat.svg","contentUrl":"https:\/\/saiga.es\/wp-content\/uploads\/2025\/07\/logo_saiga_baseline_optimitzat.svg","caption":"SAIGA"},"image":{"@id":"https:\/\/saiga.es\/fr\/#\/schema\/logo\/image\/"},"sameAs":["https:\/\/x.com\/saiga_agro","https:\/\/www.instagram.com\/saiga_agro\/"]}]}},"_links":{"self":[{"href":"https:\/\/saiga.es\/fr\/wp-json\/wp\/v2\/product\/11056","targetHints":{"allow":["GET"]}}],"collection":[{"href":"https:\/\/saiga.es\/fr\/wp-json\/wp\/v2\/product"}],"about":[{"href":"https:\/\/saiga.es\/fr\/wp-json\/wp\/v2\/types\/product"}],"replies":[{"embeddable":true,"href":"https:\/\/saiga.es\/fr\/wp-json\/wp\/v2\/comments?post=11056"}],"wp:featuredmedia":[{"embeddable":true,"href":"https:\/\/saiga.es\/fr\/wp-json\/wp\/v2\/media\/12067"}],"wp:attachment":[{"href":"https:\/\/saiga.es\/fr\/wp-json\/wp\/v2\/media?parent=11056"}],"wp:term":[{"taxonomy":"product_brand","embeddable":true,"href":"https:\/\/saiga.es\/fr\/wp-json\/wp\/v2\/product_brand?post=11056"},{"taxonomy":"product_cat","embeddable":true,"href":"https:\/\/saiga.es\/fr\/wp-json\/wp\/v2\/product_cat?post=11056"},{"taxonomy":"product_tag","embeddable":true,"href":"https:\/\/saiga.es\/fr\/wp-json\/wp\/v2\/product_tag?post=11056"}],"curies":[{"name":"wp","href":"https:\/\/api.w.org\/{rel}","templated":true}]}}