{"id":11088,"date":"2024-07-15T13:49:04","date_gmt":"2024-07-15T13:49:04","guid":{"rendered":"https:\/\/botiga.saiga.es\/producte\/rouleau-de-ruban-exsudant-25-m\/"},"modified":"2025-01-30T10:43:18","modified_gmt":"2025-01-30T10:43:18","slug":"rouleau-de-ruban-exsudant-25-m","status":"publish","type":"product","link":"https:\/\/saiga.es\/fr\/produit\/rouleau-de-ruban-exsudant-25-m\/","title":{"rendered":"Rouleau de ruban exsudant"},"content":{"rendered":"<p>Roulez du ruban d\u2019irrigation des exsudats de diff\u00e9rentes tailles.<\/p>\n","protected":false},"excerpt":{"rendered":"<p>Le rouleau de ruban d&rsquo;irrigation Exuding est une solution efficace et durable pour l&rsquo;irrigation goutte \u00e0 goutte. Fabriqu\u00e9 en mat\u00e9riau poreux, ce ruban permet \u00e0 l&rsquo;eau de s&rsquo;\u00e9couler uniform\u00e9ment sur toute sa longueur, fournissant une irrigation constante et uniforme directement aux racines des plantes. Principales caract\u00e9ristiques : <\/p>\n<ul>\n<li>Irrigation efficace avec des \u00e9conomies d&rsquo;eau jusqu&rsquo;\u00e0 70 % par rapport aux autres syst\u00e8mes traditionnels.<\/li>\n<li>R\u00e9partition uniforme de l&rsquo;eau, en \u00e9vitant les r\u00e9servoirs ou les zones s\u00e8ches.<\/li>\n<li>Compatible avec les syst\u00e8mes basse pression.<\/li>\n<li>Installation et adaptation faciles aux diff\u00e9rents types de cultures et de jardins.<\/li>\n<li>Id\u00e9al pour les vergers, les jardins, les p\u00e9pini\u00e8res et les cultures en ligne.<\/li>\n<\/ul>\n<p>Avec le rouleau de ruban d&rsquo;irrigation exsudant<strong>,<\/strong> optimisez l&rsquo;utilisation de l&rsquo;eau et am\u00e9liorez la sant\u00e9 de vos plantes avec un syst\u00e8me d&rsquo;irrigation efficace et \u00e9cologique.<\/p>\n","protected":false},"featured_media":11084,"comment_status":"closed","ping_status":"closed","template":"","meta":[],"product_brand":[],"product_cat":[1447,2000],"product_tag":[1512,1511],"class_list":{"0":"post-11088","1":"product","2":"type-product","3":"status-publish","4":"has-post-thumbnail","6":"product_cat-tuyaux-et-accessoires-dirrigation","7":"product_cat-tuyaux-dirrigation","8":"product_tag-irrigation-exsudative","9":"product_tag-ruban","11":"first","12":"instock","13":"taxable","14":"shipping-taxable","15":"purchasable","16":"product-type-variable"},"yoast_head":"<!-- This site is optimized with the Yoast SEO plugin v27.3 - https:\/\/yoast.com\/product\/yoast-seo-wordpress\/ -->\n<title>Rouleau de ruban exsudant | SAIGA<\/title>\n<meta name=\"description\" content=\"Roulez du ruban d\u2019irrigation des exsudats de diff\u00e9rentes tailles.\" \/>\n<meta name=\"robots\" content=\"index, follow, max-snippet:-1, max-image-preview:large, max-video-preview:-1\" \/>\n<link rel=\"canonical\" href=\"https:\/\/saiga.es\/fr\/produit\/rouleau-de-ruban-exsudant-25-m\/\" \/>\n<meta property=\"og:locale\" content=\"fr_FR\" \/>\n<meta property=\"og:type\" content=\"article\" \/>\n<meta property=\"og:title\" content=\"Rouleau de ruban exsudant | SAIGA\" \/>\n<meta property=\"og:description\" content=\"Roulez du ruban d\u2019irrigation des exsudats de diff\u00e9rentes tailles.\" \/>\n<meta property=\"og:url\" content=\"https:\/\/saiga.es\/fr\/produit\/rouleau-de-ruban-exsudant-25-m\/\" \/>\n<meta property=\"og:site_name\" content=\"SAIGA\" \/>\n<meta property=\"article:modified_time\" content=\"2025-01-30T10:43:18+00:00\" \/>\n<meta property=\"og:image\" content=\"https:\/\/saiga.es\/wp-content\/uploads\/2024\/07\/rollo-exudante-25m-de-2-4-l-h-visareg.jpg\" \/>\n\t<meta property=\"og:image:width\" content=\"452\" \/>\n\t<meta property=\"og:image:height\" content=\"584\" \/>\n\t<meta property=\"og:image:type\" content=\"image\/jpeg\" \/>\n<meta name=\"twitter:card\" content=\"summary_large_image\" \/>\n<meta name=\"twitter:site\" content=\"@saiga_agro\" \/>\n<script type=\"application\/ld+json\" class=\"yoast-schema-graph\">{\"@context\":\"https:\\\/\\\/schema.org\",\"@graph\":[{\"@type\":\"WebPage\",\"@id\":\"https:\\\/\\\/saiga.es\\\/fr\\\/produit\\\/rouleau-de-ruban-exsudant-25-m\\\/\",\"url\":\"https:\\\/\\\/saiga.es\\\/fr\\\/produit\\\/rouleau-de-ruban-exsudant-25-m\\\/\",\"name\":\"Rouleau de ruban exsudant | SAIGA\",\"isPartOf\":{\"@id\":\"https:\\\/\\\/saiga.es\\\/fr\\\/#website\"},\"primaryImageOfPage\":{\"@id\":\"https:\\\/\\\/saiga.es\\\/fr\\\/produit\\\/rouleau-de-ruban-exsudant-25-m\\\/#primaryimage\"},\"image\":{\"@id\":\"https:\\\/\\\/saiga.es\\\/fr\\\/produit\\\/rouleau-de-ruban-exsudant-25-m\\\/#primaryimage\"},\"thumbnailUrl\":\"https:\\\/\\\/saiga.es\\\/wp-content\\\/uploads\\\/2024\\\/07\\\/rollo-exudante-25m-de-2-4-l-h-visareg.jpg\",\"datePublished\":\"2024-07-15T13:49:04+00:00\",\"dateModified\":\"2025-01-30T10:43:18+00:00\",\"description\":\"Roulez du ruban d\u2019irrigation des exsudats de diff\u00e9rentes tailles.\",\"breadcrumb\":{\"@id\":\"https:\\\/\\\/saiga.es\\\/fr\\\/produit\\\/rouleau-de-ruban-exsudant-25-m\\\/#breadcrumb\"},\"inLanguage\":\"fr-FR\",\"potentialAction\":[{\"@type\":\"ReadAction\",\"target\":[\"https:\\\/\\\/saiga.es\\\/fr\\\/produit\\\/rouleau-de-ruban-exsudant-25-m\\\/\"]}]},{\"@type\":\"ImageObject\",\"inLanguage\":\"fr-FR\",\"@id\":\"https:\\\/\\\/saiga.es\\\/fr\\\/produit\\\/rouleau-de-ruban-exsudant-25-m\\\/#primaryimage\",\"url\":\"https:\\\/\\\/saiga.es\\\/wp-content\\\/uploads\\\/2024\\\/07\\\/rollo-exudante-25m-de-2-4-l-h-visareg.jpg\",\"contentUrl\":\"https:\\\/\\\/saiga.es\\\/wp-content\\\/uploads\\\/2024\\\/07\\\/rollo-exudante-25m-de-2-4-l-h-visareg.jpg\",\"width\":452,\"height\":584,\"caption\":\"Ruban d'irrigation exsudant\"},{\"@type\":\"BreadcrumbList\",\"@id\":\"https:\\\/\\\/saiga.es\\\/fr\\\/produit\\\/rouleau-de-ruban-exsudant-25-m\\\/#breadcrumb\",\"itemListElement\":[{\"@type\":\"ListItem\",\"position\":1,\"name\":\"Inici\",\"item\":\"https:\\\/\\\/saiga.es\\\/fr\\\/\"},{\"@type\":\"ListItem\",\"position\":2,\"name\":\"boutique\",\"item\":\"https:\\\/\\\/saiga.es\\\/fr\\\/boutique\\\/\"},{\"@type\":\"ListItem\",\"position\":3,\"name\":\"Rouleau de ruban exsudant\"}]},{\"@type\":\"WebSite\",\"@id\":\"https:\\\/\\\/saiga.es\\\/fr\\\/#website\",\"url\":\"https:\\\/\\\/saiga.es\\\/fr\\\/\",\"name\":\"SAIGA\",\"description\":\"M\u00e9s de 50 anys al servei de la terra i treballant per a un \u00fas eficient de l\u2019aigua!\",\"publisher\":{\"@id\":\"https:\\\/\\\/saiga.es\\\/fr\\\/#organization\"},\"potentialAction\":[{\"@type\":\"SearchAction\",\"target\":{\"@type\":\"EntryPoint\",\"urlTemplate\":\"https:\\\/\\\/saiga.es\\\/fr\\\/?s={search_term_string}\"},\"query-input\":{\"@type\":\"PropertyValueSpecification\",\"valueRequired\":true,\"valueName\":\"search_term_string\"}}],\"inLanguage\":\"fr-FR\"},{\"@type\":\"Organization\",\"@id\":\"https:\\\/\\\/saiga.es\\\/fr\\\/#organization\",\"name\":\"SAIGA\",\"url\":\"https:\\\/\\\/saiga.es\\\/fr\\\/\",\"logo\":{\"@type\":\"ImageObject\",\"inLanguage\":\"fr-FR\",\"@id\":\"https:\\\/\\\/saiga.es\\\/fr\\\/#\\\/schema\\\/logo\\\/image\\\/\",\"url\":\"https:\\\/\\\/saiga.es\\\/wp-content\\\/uploads\\\/2025\\\/07\\\/logo_saiga_baseline_optimitzat.svg\",\"contentUrl\":\"https:\\\/\\\/saiga.es\\\/wp-content\\\/uploads\\\/2025\\\/07\\\/logo_saiga_baseline_optimitzat.svg\",\"caption\":\"SAIGA\"},\"image\":{\"@id\":\"https:\\\/\\\/saiga.es\\\/fr\\\/#\\\/schema\\\/logo\\\/image\\\/\"},\"sameAs\":[\"https:\\\/\\\/x.com\\\/saiga_agro\",\"https:\\\/\\\/www.instagram.com\\\/saiga_agro\\\/\"]}]}<\/script>\n<!-- \/ Yoast SEO plugin. -->","yoast_head_json":{"title":"Rouleau de ruban exsudant | SAIGA","description":"Roulez du ruban d\u2019irrigation des exsudats de diff\u00e9rentes tailles.","robots":{"index":"index","follow":"follow","max-snippet":"max-snippet:-1","max-image-preview":"max-image-preview:large","max-video-preview":"max-video-preview:-1"},"canonical":"https:\/\/saiga.es\/fr\/produit\/rouleau-de-ruban-exsudant-25-m\/","og_locale":"fr_FR","og_type":"article","og_title":"Rouleau de ruban exsudant | SAIGA","og_description":"Roulez du ruban d\u2019irrigation des exsudats de diff\u00e9rentes tailles.","og_url":"https:\/\/saiga.es\/fr\/produit\/rouleau-de-ruban-exsudant-25-m\/","og_site_name":"SAIGA","article_modified_time":"2025-01-30T10:43:18+00:00","og_image":[{"width":452,"height":584,"url":"https:\/\/saiga.es\/wp-content\/uploads\/2024\/07\/rollo-exudante-25m-de-2-4-l-h-visareg.jpg","type":"image\/jpeg"}],"twitter_card":"summary_large_image","twitter_site":"@saiga_agro","schema":{"@context":"https:\/\/schema.org","@graph":[{"@type":"WebPage","@id":"https:\/\/saiga.es\/fr\/produit\/rouleau-de-ruban-exsudant-25-m\/","url":"https:\/\/saiga.es\/fr\/produit\/rouleau-de-ruban-exsudant-25-m\/","name":"Rouleau de ruban exsudant | SAIGA","isPartOf":{"@id":"https:\/\/saiga.es\/fr\/#website"},"primaryImageOfPage":{"@id":"https:\/\/saiga.es\/fr\/produit\/rouleau-de-ruban-exsudant-25-m\/#primaryimage"},"image":{"@id":"https:\/\/saiga.es\/fr\/produit\/rouleau-de-ruban-exsudant-25-m\/#primaryimage"},"thumbnailUrl":"https:\/\/saiga.es\/wp-content\/uploads\/2024\/07\/rollo-exudante-25m-de-2-4-l-h-visareg.jpg","datePublished":"2024-07-15T13:49:04+00:00","dateModified":"2025-01-30T10:43:18+00:00","description":"Roulez du ruban d\u2019irrigation des exsudats de diff\u00e9rentes tailles.","breadcrumb":{"@id":"https:\/\/saiga.es\/fr\/produit\/rouleau-de-ruban-exsudant-25-m\/#breadcrumb"},"inLanguage":"fr-FR","potentialAction":[{"@type":"ReadAction","target":["https:\/\/saiga.es\/fr\/produit\/rouleau-de-ruban-exsudant-25-m\/"]}]},{"@type":"ImageObject","inLanguage":"fr-FR","@id":"https:\/\/saiga.es\/fr\/produit\/rouleau-de-ruban-exsudant-25-m\/#primaryimage","url":"https:\/\/saiga.es\/wp-content\/uploads\/2024\/07\/rollo-exudante-25m-de-2-4-l-h-visareg.jpg","contentUrl":"https:\/\/saiga.es\/wp-content\/uploads\/2024\/07\/rollo-exudante-25m-de-2-4-l-h-visareg.jpg","width":452,"height":584,"caption":"Ruban d'irrigation exsudant"},{"@type":"BreadcrumbList","@id":"https:\/\/saiga.es\/fr\/produit\/rouleau-de-ruban-exsudant-25-m\/#breadcrumb","itemListElement":[{"@type":"ListItem","position":1,"name":"Inici","item":"https:\/\/saiga.es\/fr\/"},{"@type":"ListItem","position":2,"name":"boutique","item":"https:\/\/saiga.es\/fr\/boutique\/"},{"@type":"ListItem","position":3,"name":"Rouleau de ruban exsudant"}]},{"@type":"WebSite","@id":"https:\/\/saiga.es\/fr\/#website","url":"https:\/\/saiga.es\/fr\/","name":"SAIGA","description":"M\u00e9s de 50 anys al servei de la terra i treballant per a un \u00fas eficient de l\u2019aigua!","publisher":{"@id":"https:\/\/saiga.es\/fr\/#organization"},"potentialAction":[{"@type":"SearchAction","target":{"@type":"EntryPoint","urlTemplate":"https:\/\/saiga.es\/fr\/?s={search_term_string}"},"query-input":{"@type":"PropertyValueSpecification","valueRequired":true,"valueName":"search_term_string"}}],"inLanguage":"fr-FR"},{"@type":"Organization","@id":"https:\/\/saiga.es\/fr\/#organization","name":"SAIGA","url":"https:\/\/saiga.es\/fr\/","logo":{"@type":"ImageObject","inLanguage":"fr-FR","@id":"https:\/\/saiga.es\/fr\/#\/schema\/logo\/image\/","url":"https:\/\/saiga.es\/wp-content\/uploads\/2025\/07\/logo_saiga_baseline_optimitzat.svg","contentUrl":"https:\/\/saiga.es\/wp-content\/uploads\/2025\/07\/logo_saiga_baseline_optimitzat.svg","caption":"SAIGA"},"image":{"@id":"https:\/\/saiga.es\/fr\/#\/schema\/logo\/image\/"},"sameAs":["https:\/\/x.com\/saiga_agro","https:\/\/www.instagram.com\/saiga_agro\/"]}]}},"_links":{"self":[{"href":"https:\/\/saiga.es\/fr\/wp-json\/wp\/v2\/product\/11088","targetHints":{"allow":["GET"]}}],"collection":[{"href":"https:\/\/saiga.es\/fr\/wp-json\/wp\/v2\/product"}],"about":[{"href":"https:\/\/saiga.es\/fr\/wp-json\/wp\/v2\/types\/product"}],"replies":[{"embeddable":true,"href":"https:\/\/saiga.es\/fr\/wp-json\/wp\/v2\/comments?post=11088"}],"wp:featuredmedia":[{"embeddable":true,"href":"https:\/\/saiga.es\/fr\/wp-json\/wp\/v2\/media\/11084"}],"wp:attachment":[{"href":"https:\/\/saiga.es\/fr\/wp-json\/wp\/v2\/media?parent=11088"}],"wp:term":[{"taxonomy":"product_brand","embeddable":true,"href":"https:\/\/saiga.es\/fr\/wp-json\/wp\/v2\/product_brand?post=11088"},{"taxonomy":"product_cat","embeddable":true,"href":"https:\/\/saiga.es\/fr\/wp-json\/wp\/v2\/product_cat?post=11088"},{"taxonomy":"product_tag","embeddable":true,"href":"https:\/\/saiga.es\/fr\/wp-json\/wp\/v2\/product_tag?post=11088"}],"curies":[{"name":"wp","href":"https:\/\/api.w.org\/{rel}","templated":true}]}}