{"id":11105,"date":"2024-07-16T10:47:42","date_gmt":"2024-07-16T10:47:42","guid":{"rendered":"https:\/\/botiga.saiga.es\/producte\/maille-anti-oiseaux\/"},"modified":"2025-09-15T09:31:34","modified_gmt":"2025-09-15T09:31:34","slug":"maille-anti-oiseaux","status":"publish","type":"product","link":"https:\/\/saiga.es\/fr\/produit\/maille-anti-oiseaux\/","title":{"rendered":"Maille anti-oiseaux"},"content":{"rendered":"<p data-start=\"374\" data-end=\"661\">Le filet anti-oiseaux vert est une solution efficace et r\u00e9sistante pour prot\u00e9ger les cultures et les arbres fruitiers des d\u00e9g\u00e2ts caus\u00e9s par les oiseaux. Fabriqu\u00e9 en poly\u00e9thyl\u00e8ne de qualit\u00e9 industrielle et dot\u00e9 d&rsquo;un tissage robuste, il garantit une longue dur\u00e9e de vie et une excellente transmission de la lumi\u00e8re et de l&rsquo;air. <\/p>\n<p data-start=\"663\" data-end=\"831\">Disponible en diff\u00e9rentes dimensions (2 \u00d7 5 m, 2 \u00d7 10 m, 4 \u00d7 6 m, 4 \u00d7 12 m et 8 \u00d7 10 m),<span style=\"\"> il s&rsquo;adapte<\/span> parfaitement \u00e0 diff\u00e9rents types de cultures, serres ou espaces ouverts.<\/p>\n<p data-start=\"833\" data-end=\"854\">Avantages cl\u00e9s :<\/p>\n<ul data-start=\"855\" data-end=\"1240\">\n<li data-start=\"855\" data-end=\"934\">\n<p data-start=\"857\" data-end=\"934\">Pr\u00e9vention efficace contre le <span style=\"\">picage <\/span>des oiseaux qui endommage les fruits et les cultures.<\/p>\n<\/li>\n<li data-start=\"935\" data-end=\"1002\">\n<p data-start=\"937\" data-end=\"1002\">Couleur verte discr\u00e8te, <span style=\"\">visuellement <\/span>int\u00e9gr\u00e9e dans les environnements agricoles.<\/p>\n<\/li>\n<li data-start=\"1003\" data-end=\"1068\">\n<p data-start=\"1005\" data-end=\"1068\">R\u00e9sistant aux UV et aux agents atmosph\u00e9riques, pour des performances prolong\u00e9es.<\/p>\n<\/li>\n<li data-start=\"1069\" data-end=\"1139\">\n<p data-start=\"1071\" data-end=\"1139\">Installation simple, pour structures fixes et temporaires.<\/p>\n<\/li>\n<li data-start=\"1140\" data-end=\"1240\">\n<p data-start=\"1142\" data-end=\"1240\">Plusieurs tailles disponibles, id\u00e9ales pour les familles, les jardins familiaux et les fermes professionnelles.<\/p>\n<\/li>\n<\/ul>\n<p data-start=\"1242\" data-end=\"1265\">et sp\u00e9cifications :<\/p>\n<ul data-start=\"1266\" data-end=\"1589\">\n<li data-start=\"1266\" data-end=\"1322\">\n<p data-start=\"1268\" data-end=\"1322\">Mati\u00e8re : Poly\u00e9thyl\u00e8ne technique avec traitement ultraviolet.<\/p>\n<\/li>\n<li data-start=\"1323\" data-end=\"1416\">\n<p data-start=\"1325\" data-end=\"1416\">Grille : ouverture adapt\u00e9e pour emp\u00eacher <span style=\"\">l&rsquo;acc\u00e8s <\/span><span style=\"\">des oiseaux<\/span> sans compromettre la ventilation.<\/p>\n<\/li>\n<li data-start=\"1417\" data-end=\"1492\">\n<p data-start=\"1419\" data-end=\"1492\">Poids et structure robustes : con\u00e7us pour une exposition continue \u00e0<span style=\"\"> l&rsquo;ext\u00e9rieur.<\/span><\/p>\n<\/li>\n<li data-start=\"1493\" data-end=\"1589\">\n<p data-start=\"1495\" data-end=\"1589\">Accessoires compatibles : peuvent \u00eatre combin\u00e9s avec des cordons ou des c\u00e2bles<span style=\"\"> tendus<\/span> pour un maintien efficace.<\/p>\n<\/li>\n<\/ul>\n<p data-start=\"1591\" data-end=\"1622\">Applications recommand\u00e9es :<\/p>\n<ul data-start=\"1623\" data-end=\"1784\">\n<li data-start=\"1623\" data-end=\"1673\">\n<p data-start=\"1625\" data-end=\"1673\">Vergers et bosquets pour que les fruits ne soient pas \u00e9cras\u00e9s.<\/p>\n<\/li>\n<li data-start=\"1674\" data-end=\"1717\">\n<p data-start=\"1676\" data-end=\"1717\">Vignobles, vergers de petits fruits, espaces de culture.<\/p>\n<\/li>\n<li data-start=\"1718\" data-end=\"1784\">\n<p data-start=\"1720\" data-end=\"1784\">Protection des zones de culture, <span style=\"\">des serres<\/span>, des arbres fruitiers et des massifs de fleurs.<\/p>\n<\/li>\n<\/ul>\n","protected":false},"excerpt":{"rendered":"<p>Le filet anti-oiseaux vert est une solution efficace et r\u00e9sistante pour prot\u00e9ger les cultures et les arbres fruitiers des d\u00e9g\u00e2ts caus\u00e9s par les oiseaux. Fabriqu\u00e9 en poly\u00e9thyl\u00e8ne de qualit\u00e9 industrielle et dot\u00e9 d&rsquo;un tissage robuste, il garantit une longue dur\u00e9e de vie et une excellente transmission de la lumi\u00e8re et de l&rsquo;air. <\/p>\n","protected":false},"featured_media":11103,"comment_status":"closed","ping_status":"closed","template":"","meta":[],"product_brand":[2224],"product_cat":[487],"product_tag":[915,1516],"class_list":{"0":"post-11105","1":"product","2":"type-product","3":"status-publish","4":"has-post-thumbnail","6":"product_brand-nortene-fr-2","7":"product_cat-semelle-interieure-en-maille","8":"product_tag-maille","9":"product_tag-maille-anti-oiseaux","11":"first","12":"instock","13":"taxable","14":"shipping-taxable","15":"purchasable","16":"product-type-variable"},"yoast_head":"<!-- This site is optimized with the Yoast SEO plugin v27.3 - https:\/\/yoast.com\/product\/yoast-seo-wordpress\/ -->\n<title>Maille anti-oiseaux | SAIGA<\/title>\n<meta name=\"description\" content=\"Achetez le filet anti-oiseaux vert SAIGA et prot\u00e9gez vos arbres fruitiers et vos cultures des d\u00e9g\u00e2ts caus\u00e9s par les oiseaux. R\u00e9sistant aux UV, facile \u00e0 installer et disponible en plusieurs tailles.\" \/>\n<meta name=\"robots\" content=\"index, follow, max-snippet:-1, max-image-preview:large, max-video-preview:-1\" \/>\n<link rel=\"canonical\" href=\"https:\/\/saiga.es\/fr\/produit\/maille-anti-oiseaux\/\" \/>\n<meta property=\"og:locale\" content=\"fr_FR\" \/>\n<meta property=\"og:type\" content=\"article\" \/>\n<meta property=\"og:title\" content=\"Maille anti-oiseaux | SAIGA\" \/>\n<meta property=\"og:description\" content=\"Achetez le filet anti-oiseaux vert SAIGA et prot\u00e9gez vos arbres fruitiers et vos cultures des d\u00e9g\u00e2ts caus\u00e9s par les oiseaux. R\u00e9sistant aux UV, facile \u00e0 installer et disponible en plusieurs tailles.\" \/>\n<meta property=\"og:url\" content=\"https:\/\/saiga.es\/fr\/produit\/maille-anti-oiseaux\/\" \/>\n<meta property=\"og:site_name\" content=\"SAIGA\" \/>\n<meta property=\"article:modified_time\" content=\"2025-09-15T09:31:34+00:00\" \/>\n<meta property=\"og:image\" content=\"https:\/\/saiga.es\/wp-content\/uploads\/2024\/07\/Malla-antiocells.jpg\" \/>\n\t<meta property=\"og:image:width\" content=\"800\" \/>\n\t<meta property=\"og:image:height\" content=\"800\" \/>\n\t<meta property=\"og:image:type\" content=\"image\/jpeg\" \/>\n<meta name=\"twitter:card\" content=\"summary_large_image\" \/>\n<meta name=\"twitter:site\" content=\"@saiga_agro\" \/>\n<meta name=\"twitter:label1\" content=\"Dur\u00e9e de lecture estim\u00e9e\" \/>\n\t<meta name=\"twitter:data1\" content=\"1 minute\" \/>\n<script type=\"application\/ld+json\" class=\"yoast-schema-graph\">{\"@context\":\"https:\\\/\\\/schema.org\",\"@graph\":[{\"@type\":\"WebPage\",\"@id\":\"https:\\\/\\\/saiga.es\\\/fr\\\/produit\\\/maille-anti-oiseaux\\\/\",\"url\":\"https:\\\/\\\/saiga.es\\\/fr\\\/produit\\\/maille-anti-oiseaux\\\/\",\"name\":\"Maille anti-oiseaux | SAIGA\",\"isPartOf\":{\"@id\":\"https:\\\/\\\/saiga.es\\\/fr\\\/#website\"},\"primaryImageOfPage\":{\"@id\":\"https:\\\/\\\/saiga.es\\\/fr\\\/produit\\\/maille-anti-oiseaux\\\/#primaryimage\"},\"image\":{\"@id\":\"https:\\\/\\\/saiga.es\\\/fr\\\/produit\\\/maille-anti-oiseaux\\\/#primaryimage\"},\"thumbnailUrl\":\"https:\\\/\\\/saiga.es\\\/wp-content\\\/uploads\\\/2024\\\/07\\\/Malla-antiocells.jpg\",\"datePublished\":\"2024-07-16T10:47:42+00:00\",\"dateModified\":\"2025-09-15T09:31:34+00:00\",\"description\":\"Achetez le filet anti-oiseaux vert SAIGA et prot\u00e9gez vos arbres fruitiers et vos cultures des d\u00e9g\u00e2ts caus\u00e9s par les oiseaux. R\u00e9sistant aux UV, facile \u00e0 installer et disponible en plusieurs tailles.\",\"breadcrumb\":{\"@id\":\"https:\\\/\\\/saiga.es\\\/fr\\\/produit\\\/maille-anti-oiseaux\\\/#breadcrumb\"},\"inLanguage\":\"fr-FR\",\"potentialAction\":[{\"@type\":\"ReadAction\",\"target\":[\"https:\\\/\\\/saiga.es\\\/fr\\\/produit\\\/maille-anti-oiseaux\\\/\"]}]},{\"@type\":\"ImageObject\",\"inLanguage\":\"fr-FR\",\"@id\":\"https:\\\/\\\/saiga.es\\\/fr\\\/produit\\\/maille-anti-oiseaux\\\/#primaryimage\",\"url\":\"https:\\\/\\\/saiga.es\\\/wp-content\\\/uploads\\\/2024\\\/07\\\/Malla-antiocells.jpg\",\"contentUrl\":\"https:\\\/\\\/saiga.es\\\/wp-content\\\/uploads\\\/2024\\\/07\\\/Malla-antiocells.jpg\",\"width\":800,\"height\":800,\"caption\":\"Maille anti-oiseaux\"},{\"@type\":\"BreadcrumbList\",\"@id\":\"https:\\\/\\\/saiga.es\\\/fr\\\/produit\\\/maille-anti-oiseaux\\\/#breadcrumb\",\"itemListElement\":[{\"@type\":\"ListItem\",\"position\":1,\"name\":\"Inici\",\"item\":\"https:\\\/\\\/saiga.es\\\/fr\\\/\"},{\"@type\":\"ListItem\",\"position\":2,\"name\":\"boutique\",\"item\":\"https:\\\/\\\/saiga.es\\\/fr\\\/boutique\\\/\"},{\"@type\":\"ListItem\",\"position\":3,\"name\":\"Maille anti-oiseaux\"}]},{\"@type\":\"WebSite\",\"@id\":\"https:\\\/\\\/saiga.es\\\/fr\\\/#website\",\"url\":\"https:\\\/\\\/saiga.es\\\/fr\\\/\",\"name\":\"SAIGA\",\"description\":\"M\u00e9s de 50 anys al servei de la terra i treballant per a un \u00fas eficient de l\u2019aigua!\",\"publisher\":{\"@id\":\"https:\\\/\\\/saiga.es\\\/fr\\\/#organization\"},\"potentialAction\":[{\"@type\":\"SearchAction\",\"target\":{\"@type\":\"EntryPoint\",\"urlTemplate\":\"https:\\\/\\\/saiga.es\\\/fr\\\/?s={search_term_string}\"},\"query-input\":{\"@type\":\"PropertyValueSpecification\",\"valueRequired\":true,\"valueName\":\"search_term_string\"}}],\"inLanguage\":\"fr-FR\"},{\"@type\":\"Organization\",\"@id\":\"https:\\\/\\\/saiga.es\\\/fr\\\/#organization\",\"name\":\"SAIGA\",\"url\":\"https:\\\/\\\/saiga.es\\\/fr\\\/\",\"logo\":{\"@type\":\"ImageObject\",\"inLanguage\":\"fr-FR\",\"@id\":\"https:\\\/\\\/saiga.es\\\/fr\\\/#\\\/schema\\\/logo\\\/image\\\/\",\"url\":\"https:\\\/\\\/saiga.es\\\/wp-content\\\/uploads\\\/2025\\\/07\\\/logo_saiga_baseline_optimitzat.svg\",\"contentUrl\":\"https:\\\/\\\/saiga.es\\\/wp-content\\\/uploads\\\/2025\\\/07\\\/logo_saiga_baseline_optimitzat.svg\",\"caption\":\"SAIGA\"},\"image\":{\"@id\":\"https:\\\/\\\/saiga.es\\\/fr\\\/#\\\/schema\\\/logo\\\/image\\\/\"},\"sameAs\":[\"https:\\\/\\\/x.com\\\/saiga_agro\",\"https:\\\/\\\/www.instagram.com\\\/saiga_agro\\\/\"]}]}<\/script>\n<!-- \/ Yoast SEO plugin. -->","yoast_head_json":{"title":"Maille anti-oiseaux | SAIGA","description":"Achetez le filet anti-oiseaux vert SAIGA et prot\u00e9gez vos arbres fruitiers et vos cultures des d\u00e9g\u00e2ts caus\u00e9s par les oiseaux. R\u00e9sistant aux UV, facile \u00e0 installer et disponible en plusieurs tailles.","robots":{"index":"index","follow":"follow","max-snippet":"max-snippet:-1","max-image-preview":"max-image-preview:large","max-video-preview":"max-video-preview:-1"},"canonical":"https:\/\/saiga.es\/fr\/produit\/maille-anti-oiseaux\/","og_locale":"fr_FR","og_type":"article","og_title":"Maille anti-oiseaux | SAIGA","og_description":"Achetez le filet anti-oiseaux vert SAIGA et prot\u00e9gez vos arbres fruitiers et vos cultures des d\u00e9g\u00e2ts caus\u00e9s par les oiseaux. R\u00e9sistant aux UV, facile \u00e0 installer et disponible en plusieurs tailles.","og_url":"https:\/\/saiga.es\/fr\/produit\/maille-anti-oiseaux\/","og_site_name":"SAIGA","article_modified_time":"2025-09-15T09:31:34+00:00","og_image":[{"width":800,"height":800,"url":"https:\/\/saiga.es\/wp-content\/uploads\/2024\/07\/Malla-antiocells.jpg","type":"image\/jpeg"}],"twitter_card":"summary_large_image","twitter_site":"@saiga_agro","twitter_misc":{"Dur\u00e9e de lecture estim\u00e9e":"1 minute"},"schema":{"@context":"https:\/\/schema.org","@graph":[{"@type":"WebPage","@id":"https:\/\/saiga.es\/fr\/produit\/maille-anti-oiseaux\/","url":"https:\/\/saiga.es\/fr\/produit\/maille-anti-oiseaux\/","name":"Maille anti-oiseaux | SAIGA","isPartOf":{"@id":"https:\/\/saiga.es\/fr\/#website"},"primaryImageOfPage":{"@id":"https:\/\/saiga.es\/fr\/produit\/maille-anti-oiseaux\/#primaryimage"},"image":{"@id":"https:\/\/saiga.es\/fr\/produit\/maille-anti-oiseaux\/#primaryimage"},"thumbnailUrl":"https:\/\/saiga.es\/wp-content\/uploads\/2024\/07\/Malla-antiocells.jpg","datePublished":"2024-07-16T10:47:42+00:00","dateModified":"2025-09-15T09:31:34+00:00","description":"Achetez le filet anti-oiseaux vert SAIGA et prot\u00e9gez vos arbres fruitiers et vos cultures des d\u00e9g\u00e2ts caus\u00e9s par les oiseaux. R\u00e9sistant aux UV, facile \u00e0 installer et disponible en plusieurs tailles.","breadcrumb":{"@id":"https:\/\/saiga.es\/fr\/produit\/maille-anti-oiseaux\/#breadcrumb"},"inLanguage":"fr-FR","potentialAction":[{"@type":"ReadAction","target":["https:\/\/saiga.es\/fr\/produit\/maille-anti-oiseaux\/"]}]},{"@type":"ImageObject","inLanguage":"fr-FR","@id":"https:\/\/saiga.es\/fr\/produit\/maille-anti-oiseaux\/#primaryimage","url":"https:\/\/saiga.es\/wp-content\/uploads\/2024\/07\/Malla-antiocells.jpg","contentUrl":"https:\/\/saiga.es\/wp-content\/uploads\/2024\/07\/Malla-antiocells.jpg","width":800,"height":800,"caption":"Maille anti-oiseaux"},{"@type":"BreadcrumbList","@id":"https:\/\/saiga.es\/fr\/produit\/maille-anti-oiseaux\/#breadcrumb","itemListElement":[{"@type":"ListItem","position":1,"name":"Inici","item":"https:\/\/saiga.es\/fr\/"},{"@type":"ListItem","position":2,"name":"boutique","item":"https:\/\/saiga.es\/fr\/boutique\/"},{"@type":"ListItem","position":3,"name":"Maille anti-oiseaux"}]},{"@type":"WebSite","@id":"https:\/\/saiga.es\/fr\/#website","url":"https:\/\/saiga.es\/fr\/","name":"SAIGA","description":"M\u00e9s de 50 anys al servei de la terra i treballant per a un \u00fas eficient de l\u2019aigua!","publisher":{"@id":"https:\/\/saiga.es\/fr\/#organization"},"potentialAction":[{"@type":"SearchAction","target":{"@type":"EntryPoint","urlTemplate":"https:\/\/saiga.es\/fr\/?s={search_term_string}"},"query-input":{"@type":"PropertyValueSpecification","valueRequired":true,"valueName":"search_term_string"}}],"inLanguage":"fr-FR"},{"@type":"Organization","@id":"https:\/\/saiga.es\/fr\/#organization","name":"SAIGA","url":"https:\/\/saiga.es\/fr\/","logo":{"@type":"ImageObject","inLanguage":"fr-FR","@id":"https:\/\/saiga.es\/fr\/#\/schema\/logo\/image\/","url":"https:\/\/saiga.es\/wp-content\/uploads\/2025\/07\/logo_saiga_baseline_optimitzat.svg","contentUrl":"https:\/\/saiga.es\/wp-content\/uploads\/2025\/07\/logo_saiga_baseline_optimitzat.svg","caption":"SAIGA"},"image":{"@id":"https:\/\/saiga.es\/fr\/#\/schema\/logo\/image\/"},"sameAs":["https:\/\/x.com\/saiga_agro","https:\/\/www.instagram.com\/saiga_agro\/"]}]}},"_links":{"self":[{"href":"https:\/\/saiga.es\/fr\/wp-json\/wp\/v2\/product\/11105","targetHints":{"allow":["GET"]}}],"collection":[{"href":"https:\/\/saiga.es\/fr\/wp-json\/wp\/v2\/product"}],"about":[{"href":"https:\/\/saiga.es\/fr\/wp-json\/wp\/v2\/types\/product"}],"replies":[{"embeddable":true,"href":"https:\/\/saiga.es\/fr\/wp-json\/wp\/v2\/comments?post=11105"}],"wp:featuredmedia":[{"embeddable":true,"href":"https:\/\/saiga.es\/fr\/wp-json\/wp\/v2\/media\/11103"}],"wp:attachment":[{"href":"https:\/\/saiga.es\/fr\/wp-json\/wp\/v2\/media?parent=11105"}],"wp:term":[{"taxonomy":"product_brand","embeddable":true,"href":"https:\/\/saiga.es\/fr\/wp-json\/wp\/v2\/product_brand?post=11105"},{"taxonomy":"product_cat","embeddable":true,"href":"https:\/\/saiga.es\/fr\/wp-json\/wp\/v2\/product_cat?post=11105"},{"taxonomy":"product_tag","embeddable":true,"href":"https:\/\/saiga.es\/fr\/wp-json\/wp\/v2\/product_tag?post=11105"}],"curies":[{"name":"wp","href":"https:\/\/api.w.org\/{rel}","templated":true}]}}