{"id":11494,"date":"2024-06-21T13:18:41","date_gmt":"2024-06-21T13:18:41","guid":{"rendered":"https:\/\/botiga.saiga.es\/producte\/massogreen-lithosect\/"},"modified":"2024-08-09T13:59:51","modified_gmt":"2024-08-09T13:59:51","slug":"massogreen-lithosect","status":"publish","type":"product","link":"https:\/\/saiga.es\/fr\/produit\/massogreen-lithosect\/","title":{"rendered":"Pommes de terre antigerminantes Massogreen Lithosect"},"content":{"rendered":"<p>Le Massogreen Lithosect est un produit min\u00e9ral d&rsquo;origine v\u00e9g\u00e9tale \u00e0 base d&rsquo;algues pour un traitement 100% naturel, sans biocides, 100% Lithothamnium calcareum. Prot\u00e8ge les grains de c\u00e9r\u00e9ales (bl\u00e9, orge, ma\u00efs, etc.), les l\u00e9gumineuses (haricots, pois chiches, lentilles, etc.), les pommes de terre, la semoule et les graines, contre les attaques des bouchons, mites et autres insectes de stockage, en maintenant la richesse alimentaire et organoleptique propri\u00e9t\u00e9s des substances trait\u00e9es et minimiser la perte de poids. Aide en tant que retardateur de germination.<\/p>\n","protected":false},"excerpt":{"rendered":"<p>Le Massogreen Lithosect est un produit min\u00e9ral d&rsquo;origine v\u00e9g\u00e9tale \u00e0 base d&rsquo;algues pour un traitement 100% naturel, sans biocides, 100% Lithothamnium calcareum. Cela permet de retarder la torr\u00e9faction des pommes de terre. &nbsp;<\/p>\n","protected":false},"featured_media":11492,"comment_status":"open","ping_status":"closed","template":"","meta":[],"product_brand":[],"product_cat":[1551],"product_tag":[1555,1573],"class_list":{"0":"post-11494","1":"product","2":"type-product","3":"status-publish","4":"has-post-thumbnail","6":"product_cat-produits-naturels","7":"product_tag-antigerminant-fr","8":"product_tag-lithosect-fr","10":"first","11":"instock","12":"taxable","13":"shipping-taxable","14":"purchasable","15":"product-type-variable"},"yoast_head":"<!-- This site is optimized with the Yoast SEO plugin v27.4 - https:\/\/yoast.com\/product\/yoast-seo-wordpress\/ -->\n<title>Pommes de terre antigerminantes Massogreen Lithosect | SAIGA<\/title>\n<meta name=\"description\" content=\"Le Massogreen Lithosect est un produit min\u00e9ral d&#039;origine v\u00e9g\u00e9tale \u00e0 base d&#039;algues pour un traitement 100% naturel, sans biocides, 100% Lithothamnium calcareum.\" \/>\n<meta name=\"robots\" content=\"index, follow, max-snippet:-1, max-image-preview:large, max-video-preview:-1\" \/>\n<link rel=\"canonical\" href=\"https:\/\/saiga.es\/fr\/produit\/massogreen-lithosect\/\" \/>\n<meta property=\"og:locale\" content=\"fr_FR\" \/>\n<meta property=\"og:type\" content=\"article\" \/>\n<meta property=\"og:title\" content=\"Pommes de terre antigerminantes Massogreen Lithosect | SAIGA\" \/>\n<meta property=\"og:description\" content=\"Le Massogreen Lithosect est un produit min\u00e9ral d&#039;origine v\u00e9g\u00e9tale \u00e0 base d&#039;algues pour un traitement 100% naturel, sans biocides, 100% Lithothamnium calcareum.\" \/>\n<meta property=\"og:url\" content=\"https:\/\/saiga.es\/fr\/produit\/massogreen-lithosect\/\" \/>\n<meta property=\"og:site_name\" content=\"SAIGA\" \/>\n<meta property=\"article:modified_time\" content=\"2024-08-09T13:59:51+00:00\" \/>\n<meta property=\"og:image\" content=\"https:\/\/saiga.es\/wp-content\/uploads\/2024\/06\/Litosect-450-g.jpg\" \/>\n\t<meta property=\"og:image:width\" content=\"1080\" \/>\n\t<meta property=\"og:image:height\" content=\"1080\" \/>\n\t<meta property=\"og:image:type\" content=\"image\/jpeg\" \/>\n<meta name=\"twitter:card\" content=\"summary_large_image\" \/>\n<meta name=\"twitter:site\" content=\"@saiga_agro\" \/>\n<script type=\"application\/ld+json\" class=\"yoast-schema-graph\">{\"@context\":\"https:\\\/\\\/schema.org\",\"@graph\":[{\"@type\":\"WebPage\",\"@id\":\"https:\\\/\\\/saiga.es\\\/fr\\\/produit\\\/massogreen-lithosect\\\/\",\"url\":\"https:\\\/\\\/saiga.es\\\/fr\\\/produit\\\/massogreen-lithosect\\\/\",\"name\":\"Pommes de terre antigerminantes Massogreen Lithosect | SAIGA\",\"isPartOf\":{\"@id\":\"https:\\\/\\\/saiga.es\\\/fr\\\/#website\"},\"primaryImageOfPage\":{\"@id\":\"https:\\\/\\\/saiga.es\\\/fr\\\/produit\\\/massogreen-lithosect\\\/#primaryimage\"},\"image\":{\"@id\":\"https:\\\/\\\/saiga.es\\\/fr\\\/produit\\\/massogreen-lithosect\\\/#primaryimage\"},\"thumbnailUrl\":\"https:\\\/\\\/saiga.es\\\/wp-content\\\/uploads\\\/2024\\\/06\\\/Litosect-450-g.jpg\",\"datePublished\":\"2024-06-21T13:18:41+00:00\",\"dateModified\":\"2024-08-09T13:59:51+00:00\",\"description\":\"Le Massogreen Lithosect est un produit min\u00e9ral d'origine v\u00e9g\u00e9tale \u00e0 base d'algues pour un traitement 100% naturel, sans biocides, 100% Lithothamnium calcareum.\",\"breadcrumb\":{\"@id\":\"https:\\\/\\\/saiga.es\\\/fr\\\/produit\\\/massogreen-lithosect\\\/#breadcrumb\"},\"inLanguage\":\"fr-FR\",\"potentialAction\":[{\"@type\":\"ReadAction\",\"target\":[\"https:\\\/\\\/saiga.es\\\/fr\\\/produit\\\/massogreen-lithosect\\\/\"]}]},{\"@type\":\"ImageObject\",\"inLanguage\":\"fr-FR\",\"@id\":\"https:\\\/\\\/saiga.es\\\/fr\\\/produit\\\/massogreen-lithosect\\\/#primaryimage\",\"url\":\"https:\\\/\\\/saiga.es\\\/wp-content\\\/uploads\\\/2024\\\/06\\\/Litosect-450-g.jpg\",\"contentUrl\":\"https:\\\/\\\/saiga.es\\\/wp-content\\\/uploads\\\/2024\\\/06\\\/Litosect-450-g.jpg\",\"width\":1080,\"height\":1080,\"caption\":\"Lithosect\"},{\"@type\":\"BreadcrumbList\",\"@id\":\"https:\\\/\\\/saiga.es\\\/fr\\\/produit\\\/massogreen-lithosect\\\/#breadcrumb\",\"itemListElement\":[{\"@type\":\"ListItem\",\"position\":1,\"name\":\"Inici\",\"item\":\"https:\\\/\\\/saiga.es\\\/fr\\\/\"},{\"@type\":\"ListItem\",\"position\":2,\"name\":\"boutique\",\"item\":\"https:\\\/\\\/saiga.es\\\/fr\\\/boutique\\\/\"},{\"@type\":\"ListItem\",\"position\":3,\"name\":\"Pommes de terre antigerminantes Massogreen Lithosect\"}]},{\"@type\":\"WebSite\",\"@id\":\"https:\\\/\\\/saiga.es\\\/fr\\\/#website\",\"url\":\"https:\\\/\\\/saiga.es\\\/fr\\\/\",\"name\":\"SAIGA\",\"description\":\"M\u00e9s de 50 anys al servei de la terra i treballant per a un \u00fas eficient de l\u2019aigua!\",\"publisher\":{\"@id\":\"https:\\\/\\\/saiga.es\\\/fr\\\/#organization\"},\"potentialAction\":[{\"@type\":\"SearchAction\",\"target\":{\"@type\":\"EntryPoint\",\"urlTemplate\":\"https:\\\/\\\/saiga.es\\\/fr\\\/?s={search_term_string}\"},\"query-input\":{\"@type\":\"PropertyValueSpecification\",\"valueRequired\":true,\"valueName\":\"search_term_string\"}}],\"inLanguage\":\"fr-FR\"},{\"@type\":\"Organization\",\"@id\":\"https:\\\/\\\/saiga.es\\\/fr\\\/#organization\",\"name\":\"SAIGA\",\"url\":\"https:\\\/\\\/saiga.es\\\/fr\\\/\",\"logo\":{\"@type\":\"ImageObject\",\"inLanguage\":\"fr-FR\",\"@id\":\"https:\\\/\\\/saiga.es\\\/fr\\\/#\\\/schema\\\/logo\\\/image\\\/\",\"url\":\"https:\\\/\\\/saiga.es\\\/wp-content\\\/uploads\\\/2025\\\/07\\\/logo_saiga_baseline_optimitzat.svg\",\"contentUrl\":\"https:\\\/\\\/saiga.es\\\/wp-content\\\/uploads\\\/2025\\\/07\\\/logo_saiga_baseline_optimitzat.svg\",\"caption\":\"SAIGA\"},\"image\":{\"@id\":\"https:\\\/\\\/saiga.es\\\/fr\\\/#\\\/schema\\\/logo\\\/image\\\/\"},\"sameAs\":[\"https:\\\/\\\/x.com\\\/saiga_agro\",\"https:\\\/\\\/www.instagram.com\\\/saiga_agro\\\/\"]}]}<\/script>\n<!-- \/ Yoast SEO plugin. -->","yoast_head_json":{"title":"Pommes de terre antigerminantes Massogreen Lithosect | SAIGA","description":"Le Massogreen Lithosect est un produit min\u00e9ral d'origine v\u00e9g\u00e9tale \u00e0 base d'algues pour un traitement 100% naturel, sans biocides, 100% Lithothamnium calcareum.","robots":{"index":"index","follow":"follow","max-snippet":"max-snippet:-1","max-image-preview":"max-image-preview:large","max-video-preview":"max-video-preview:-1"},"canonical":"https:\/\/saiga.es\/fr\/produit\/massogreen-lithosect\/","og_locale":"fr_FR","og_type":"article","og_title":"Pommes de terre antigerminantes Massogreen Lithosect | SAIGA","og_description":"Le Massogreen Lithosect est un produit min\u00e9ral d'origine v\u00e9g\u00e9tale \u00e0 base d'algues pour un traitement 100% naturel, sans biocides, 100% Lithothamnium calcareum.","og_url":"https:\/\/saiga.es\/fr\/produit\/massogreen-lithosect\/","og_site_name":"SAIGA","article_modified_time":"2024-08-09T13:59:51+00:00","og_image":[{"width":1080,"height":1080,"url":"https:\/\/saiga.es\/wp-content\/uploads\/2024\/06\/Litosect-450-g.jpg","type":"image\/jpeg"}],"twitter_card":"summary_large_image","twitter_site":"@saiga_agro","schema":{"@context":"https:\/\/schema.org","@graph":[{"@type":"WebPage","@id":"https:\/\/saiga.es\/fr\/produit\/massogreen-lithosect\/","url":"https:\/\/saiga.es\/fr\/produit\/massogreen-lithosect\/","name":"Pommes de terre antigerminantes Massogreen Lithosect | SAIGA","isPartOf":{"@id":"https:\/\/saiga.es\/fr\/#website"},"primaryImageOfPage":{"@id":"https:\/\/saiga.es\/fr\/produit\/massogreen-lithosect\/#primaryimage"},"image":{"@id":"https:\/\/saiga.es\/fr\/produit\/massogreen-lithosect\/#primaryimage"},"thumbnailUrl":"https:\/\/saiga.es\/wp-content\/uploads\/2024\/06\/Litosect-450-g.jpg","datePublished":"2024-06-21T13:18:41+00:00","dateModified":"2024-08-09T13:59:51+00:00","description":"Le Massogreen Lithosect est un produit min\u00e9ral d'origine v\u00e9g\u00e9tale \u00e0 base d'algues pour un traitement 100% naturel, sans biocides, 100% Lithothamnium calcareum.","breadcrumb":{"@id":"https:\/\/saiga.es\/fr\/produit\/massogreen-lithosect\/#breadcrumb"},"inLanguage":"fr-FR","potentialAction":[{"@type":"ReadAction","target":["https:\/\/saiga.es\/fr\/produit\/massogreen-lithosect\/"]}]},{"@type":"ImageObject","inLanguage":"fr-FR","@id":"https:\/\/saiga.es\/fr\/produit\/massogreen-lithosect\/#primaryimage","url":"https:\/\/saiga.es\/wp-content\/uploads\/2024\/06\/Litosect-450-g.jpg","contentUrl":"https:\/\/saiga.es\/wp-content\/uploads\/2024\/06\/Litosect-450-g.jpg","width":1080,"height":1080,"caption":"Lithosect"},{"@type":"BreadcrumbList","@id":"https:\/\/saiga.es\/fr\/produit\/massogreen-lithosect\/#breadcrumb","itemListElement":[{"@type":"ListItem","position":1,"name":"Inici","item":"https:\/\/saiga.es\/fr\/"},{"@type":"ListItem","position":2,"name":"boutique","item":"https:\/\/saiga.es\/fr\/boutique\/"},{"@type":"ListItem","position":3,"name":"Pommes de terre antigerminantes Massogreen Lithosect"}]},{"@type":"WebSite","@id":"https:\/\/saiga.es\/fr\/#website","url":"https:\/\/saiga.es\/fr\/","name":"SAIGA","description":"M\u00e9s de 50 anys al servei de la terra i treballant per a un \u00fas eficient de l\u2019aigua!","publisher":{"@id":"https:\/\/saiga.es\/fr\/#organization"},"potentialAction":[{"@type":"SearchAction","target":{"@type":"EntryPoint","urlTemplate":"https:\/\/saiga.es\/fr\/?s={search_term_string}"},"query-input":{"@type":"PropertyValueSpecification","valueRequired":true,"valueName":"search_term_string"}}],"inLanguage":"fr-FR"},{"@type":"Organization","@id":"https:\/\/saiga.es\/fr\/#organization","name":"SAIGA","url":"https:\/\/saiga.es\/fr\/","logo":{"@type":"ImageObject","inLanguage":"fr-FR","@id":"https:\/\/saiga.es\/fr\/#\/schema\/logo\/image\/","url":"https:\/\/saiga.es\/wp-content\/uploads\/2025\/07\/logo_saiga_baseline_optimitzat.svg","contentUrl":"https:\/\/saiga.es\/wp-content\/uploads\/2025\/07\/logo_saiga_baseline_optimitzat.svg","caption":"SAIGA"},"image":{"@id":"https:\/\/saiga.es\/fr\/#\/schema\/logo\/image\/"},"sameAs":["https:\/\/x.com\/saiga_agro","https:\/\/www.instagram.com\/saiga_agro\/"]}]}},"_links":{"self":[{"href":"https:\/\/saiga.es\/fr\/wp-json\/wp\/v2\/product\/11494","targetHints":{"allow":["GET"]}}],"collection":[{"href":"https:\/\/saiga.es\/fr\/wp-json\/wp\/v2\/product"}],"about":[{"href":"https:\/\/saiga.es\/fr\/wp-json\/wp\/v2\/types\/product"}],"replies":[{"embeddable":true,"href":"https:\/\/saiga.es\/fr\/wp-json\/wp\/v2\/comments?post=11494"}],"wp:featuredmedia":[{"embeddable":true,"href":"https:\/\/saiga.es\/fr\/wp-json\/wp\/v2\/media\/11492"}],"wp:attachment":[{"href":"https:\/\/saiga.es\/fr\/wp-json\/wp\/v2\/media?parent=11494"}],"wp:term":[{"taxonomy":"product_brand","embeddable":true,"href":"https:\/\/saiga.es\/fr\/wp-json\/wp\/v2\/product_brand?post=11494"},{"taxonomy":"product_cat","embeddable":true,"href":"https:\/\/saiga.es\/fr\/wp-json\/wp\/v2\/product_cat?post=11494"},{"taxonomy":"product_tag","embeddable":true,"href":"https:\/\/saiga.es\/fr\/wp-json\/wp\/v2\/product_tag?post=11494"}],"curies":[{"name":"wp","href":"https:\/\/api.w.org\/{rel}","templated":true}]}}