{"id":11543,"date":"2024-08-05T08:07:17","date_gmt":"2024-08-05T08:07:17","guid":{"rendered":"https:\/\/botiga.saiga.es\/producte\/piege-a-mouches-des-fruits-maxitrap-xl\/"},"modified":"2025-10-27T07:53:57","modified_gmt":"2025-10-27T07:53:57","slug":"piege-a-mouches-des-fruits-maxitrap-xl","status":"publish","type":"product","link":"https:\/\/saiga.es\/fr\/produit\/piege-a-mouches-des-fruits-maxitrap-xl\/","title":{"rendered":"Pi\u00e8ge \u00e0 mouches des fruits Maxitrap XL"},"content":{"rendered":"<p>Pi\u00e8ge \u00e0 mouches des fruits. Le Maxitrap XL Trap est une mouche polyvalente qui peut \u00eatre utilis\u00e9e dans diff\u00e9rentes situations en fonction de l&rsquo;attractif utilis\u00e9 et du nombre de mouches appliqu\u00e9. Mouche de l&rsquo;olivier : avec l&rsquo;attractif liquide Bactrotrap 16%, il peut \u00eatre appliqu\u00e9 aussi bien pour la surveillance que pour le contr\u00f4le de la mouche de l&rsquo;olivier (Bactrocera oleae), \u00e9tant la combinaison de ce pi\u00e8ge + cet attractif qui enregistre un plus grand nombre de captures parmi tous les produits pr\u00e9sents le march\u00e9. Mouche des fruits : avec l&rsquo;attractif liquide Bactrotrap 16%, il peut \u00eatre appliqu\u00e9 aussi bien pour la surveillance que pour le contr\u00f4le de la mouche m\u00e9diterran\u00e9enne des fruits (Ceratitis capitata) bien que le nombre de captures soit beaucoup plus faible qu&rsquo;avec le Conetrap Ceratitis ou avec le Maxitrap Ceratitis. Cette combinaison est une solution pour les personnes qui ne disposent pas de carte phytosanitaire et ne peuvent pas acheter le Conetrap Ceratitis ou le Maxitrap Ceratitis.    <\/p>\n","protected":false},"excerpt":{"rendered":"<p>Mouche de l&rsquo;olivier : avec l&rsquo;attractif liquide Bactrotrap 16%, il peut \u00eatre appliqu\u00e9 aussi bien pour la surveillance que pour le contr\u00f4le de la mouche de l&rsquo;olivier (Bactrocera oleae), \u00e9tant la combinaison de ce pi\u00e8ge + cet attractif qui enregistre un plus grand nombre de captures parmi tous les produits pr\u00e9sents le march\u00e9. Mouche des fruits : avec l&rsquo;attractif liquide Bactrotrap 16%, il peut \u00eatre appliqu\u00e9 aussi bien pour la surveillance que pour le contr\u00f4le de la mouche m\u00e9diterran\u00e9enne des fruits (Ceratitis capitata) bien que le nombre de captures soit beaucoup plus faible qu&rsquo;avec le Conetrap Ceratitis ou avec le Maxitrap Ceratitis. Cette combinaison est une solution pour les personnes qui ne disposent pas de carte phytosanitaire et ne peuvent pas acheter le Conetrap Ceratitis ou le Maxitrap Ceratitis.  <\/p>\n","protected":false},"featured_media":11541,"comment_status":"closed","ping_status":"closed","template":"","meta":[],"product_brand":[],"product_cat":[1551],"product_tag":[1571,1568],"class_list":{"0":"post-11543","1":"product","2":"type-product","3":"status-publish","4":"has-post-thumbnail","6":"product_cat-produits-naturels","7":"product_tag-maxitrap-fr","8":"product_tag-mouche-des-fruits","10":"first","11":"instock","12":"taxable","13":"shipping-taxable","14":"purchasable","15":"product-type-simple"},"yoast_head":"<!-- This site is optimized with the Yoast SEO plugin v27.4 - https:\/\/yoast.com\/product\/yoast-seo-wordpress\/ -->\n<title>Pi\u00e8ge \u00e0 mouches des fruits Maxitrap XL | SAIGA<\/title>\n<meta name=\"description\" content=\"Pi\u00e8ge \u00e0 mouches des fruits. Le Maxitrap XL Trap est une mouche polyvalente qui peut \u00eatre utilis\u00e9e dans diff\u00e9rentes situations en fonction de l&#039;attractif utilis\u00e9 et du nombre de mouches appliqu\u00e9.\" \/>\n<meta name=\"robots\" content=\"index, follow, max-snippet:-1, max-image-preview:large, max-video-preview:-1\" \/>\n<link rel=\"canonical\" href=\"https:\/\/saiga.es\/fr\/produit\/piege-a-mouches-des-fruits-maxitrap-xl\/\" \/>\n<meta property=\"og:locale\" content=\"fr_FR\" \/>\n<meta property=\"og:type\" content=\"article\" \/>\n<meta property=\"og:title\" content=\"Pi\u00e8ge \u00e0 mouches des fruits Maxitrap XL | SAIGA\" \/>\n<meta property=\"og:description\" content=\"Pi\u00e8ge \u00e0 mouches des fruits. Le Maxitrap XL Trap est une mouche polyvalente qui peut \u00eatre utilis\u00e9e dans diff\u00e9rentes situations en fonction de l&#039;attractif utilis\u00e9 et du nombre de mouches appliqu\u00e9.\" \/>\n<meta property=\"og:url\" content=\"https:\/\/saiga.es\/fr\/produit\/piege-a-mouches-des-fruits-maxitrap-xl\/\" \/>\n<meta property=\"og:site_name\" content=\"SAIGA\" \/>\n<meta property=\"article:modified_time\" content=\"2025-10-27T07:53:57+00:00\" \/>\n<meta property=\"og:image\" content=\"https:\/\/saiga.es\/wp-content\/uploads\/2024\/08\/maxitrap.jpg\" \/>\n\t<meta property=\"og:image:width\" content=\"1000\" \/>\n\t<meta property=\"og:image:height\" content=\"1000\" \/>\n\t<meta property=\"og:image:type\" content=\"image\/jpeg\" \/>\n<meta name=\"twitter:card\" content=\"summary_large_image\" \/>\n<meta name=\"twitter:site\" content=\"@saiga_agro\" \/>\n<meta name=\"twitter:label1\" content=\"Dur\u00e9e de lecture estim\u00e9e\" \/>\n\t<meta name=\"twitter:data1\" content=\"1 minute\" \/>\n<script type=\"application\/ld+json\" class=\"yoast-schema-graph\">{\"@context\":\"https:\\\/\\\/schema.org\",\"@graph\":[{\"@type\":\"WebPage\",\"@id\":\"https:\\\/\\\/saiga.es\\\/fr\\\/produit\\\/piege-a-mouches-des-fruits-maxitrap-xl\\\/\",\"url\":\"https:\\\/\\\/saiga.es\\\/fr\\\/produit\\\/piege-a-mouches-des-fruits-maxitrap-xl\\\/\",\"name\":\"Pi\u00e8ge \u00e0 mouches des fruits Maxitrap XL | SAIGA\",\"isPartOf\":{\"@id\":\"https:\\\/\\\/saiga.es\\\/fr\\\/#website\"},\"primaryImageOfPage\":{\"@id\":\"https:\\\/\\\/saiga.es\\\/fr\\\/produit\\\/piege-a-mouches-des-fruits-maxitrap-xl\\\/#primaryimage\"},\"image\":{\"@id\":\"https:\\\/\\\/saiga.es\\\/fr\\\/produit\\\/piege-a-mouches-des-fruits-maxitrap-xl\\\/#primaryimage\"},\"thumbnailUrl\":\"https:\\\/\\\/saiga.es\\\/wp-content\\\/uploads\\\/2024\\\/08\\\/maxitrap.jpg\",\"datePublished\":\"2024-08-05T08:07:17+00:00\",\"dateModified\":\"2025-10-27T07:53:57+00:00\",\"description\":\"Pi\u00e8ge \u00e0 mouches des fruits. Le Maxitrap XL Trap est une mouche polyvalente qui peut \u00eatre utilis\u00e9e dans diff\u00e9rentes situations en fonction de l'attractif utilis\u00e9 et du nombre de mouches appliqu\u00e9.\",\"breadcrumb\":{\"@id\":\"https:\\\/\\\/saiga.es\\\/fr\\\/produit\\\/piege-a-mouches-des-fruits-maxitrap-xl\\\/#breadcrumb\"},\"inLanguage\":\"fr-FR\",\"potentialAction\":[{\"@type\":\"ReadAction\",\"target\":[\"https:\\\/\\\/saiga.es\\\/fr\\\/produit\\\/piege-a-mouches-des-fruits-maxitrap-xl\\\/\"]}]},{\"@type\":\"ImageObject\",\"inLanguage\":\"fr-FR\",\"@id\":\"https:\\\/\\\/saiga.es\\\/fr\\\/produit\\\/piege-a-mouches-des-fruits-maxitrap-xl\\\/#primaryimage\",\"url\":\"https:\\\/\\\/saiga.es\\\/wp-content\\\/uploads\\\/2024\\\/08\\\/maxitrap.jpg\",\"contentUrl\":\"https:\\\/\\\/saiga.es\\\/wp-content\\\/uploads\\\/2024\\\/08\\\/maxitrap.jpg\",\"width\":1000,\"height\":1000,\"caption\":\"Maxitrap\"},{\"@type\":\"BreadcrumbList\",\"@id\":\"https:\\\/\\\/saiga.es\\\/fr\\\/produit\\\/piege-a-mouches-des-fruits-maxitrap-xl\\\/#breadcrumb\",\"itemListElement\":[{\"@type\":\"ListItem\",\"position\":1,\"name\":\"Inici\",\"item\":\"https:\\\/\\\/saiga.es\\\/fr\\\/\"},{\"@type\":\"ListItem\",\"position\":2,\"name\":\"boutique\",\"item\":\"https:\\\/\\\/saiga.es\\\/fr\\\/boutique\\\/\"},{\"@type\":\"ListItem\",\"position\":3,\"name\":\"Pi\u00e8ge \u00e0 mouches des fruits Maxitrap XL\"}]},{\"@type\":\"WebSite\",\"@id\":\"https:\\\/\\\/saiga.es\\\/fr\\\/#website\",\"url\":\"https:\\\/\\\/saiga.es\\\/fr\\\/\",\"name\":\"SAIGA\",\"description\":\"M\u00e9s de 50 anys al servei de la terra i treballant per a un \u00fas eficient de l\u2019aigua!\",\"publisher\":{\"@id\":\"https:\\\/\\\/saiga.es\\\/fr\\\/#organization\"},\"potentialAction\":[{\"@type\":\"SearchAction\",\"target\":{\"@type\":\"EntryPoint\",\"urlTemplate\":\"https:\\\/\\\/saiga.es\\\/fr\\\/?s={search_term_string}\"},\"query-input\":{\"@type\":\"PropertyValueSpecification\",\"valueRequired\":true,\"valueName\":\"search_term_string\"}}],\"inLanguage\":\"fr-FR\"},{\"@type\":\"Organization\",\"@id\":\"https:\\\/\\\/saiga.es\\\/fr\\\/#organization\",\"name\":\"SAIGA\",\"url\":\"https:\\\/\\\/saiga.es\\\/fr\\\/\",\"logo\":{\"@type\":\"ImageObject\",\"inLanguage\":\"fr-FR\",\"@id\":\"https:\\\/\\\/saiga.es\\\/fr\\\/#\\\/schema\\\/logo\\\/image\\\/\",\"url\":\"https:\\\/\\\/saiga.es\\\/wp-content\\\/uploads\\\/2025\\\/07\\\/logo_saiga_baseline_optimitzat.svg\",\"contentUrl\":\"https:\\\/\\\/saiga.es\\\/wp-content\\\/uploads\\\/2025\\\/07\\\/logo_saiga_baseline_optimitzat.svg\",\"caption\":\"SAIGA\"},\"image\":{\"@id\":\"https:\\\/\\\/saiga.es\\\/fr\\\/#\\\/schema\\\/logo\\\/image\\\/\"},\"sameAs\":[\"https:\\\/\\\/x.com\\\/saiga_agro\",\"https:\\\/\\\/www.instagram.com\\\/saiga_agro\\\/\"]}]}<\/script>\n<!-- \/ Yoast SEO plugin. -->","yoast_head_json":{"title":"Pi\u00e8ge \u00e0 mouches des fruits Maxitrap XL | SAIGA","description":"Pi\u00e8ge \u00e0 mouches des fruits. Le Maxitrap XL Trap est une mouche polyvalente qui peut \u00eatre utilis\u00e9e dans diff\u00e9rentes situations en fonction de l'attractif utilis\u00e9 et du nombre de mouches appliqu\u00e9.","robots":{"index":"index","follow":"follow","max-snippet":"max-snippet:-1","max-image-preview":"max-image-preview:large","max-video-preview":"max-video-preview:-1"},"canonical":"https:\/\/saiga.es\/fr\/produit\/piege-a-mouches-des-fruits-maxitrap-xl\/","og_locale":"fr_FR","og_type":"article","og_title":"Pi\u00e8ge \u00e0 mouches des fruits Maxitrap XL | SAIGA","og_description":"Pi\u00e8ge \u00e0 mouches des fruits. Le Maxitrap XL Trap est une mouche polyvalente qui peut \u00eatre utilis\u00e9e dans diff\u00e9rentes situations en fonction de l'attractif utilis\u00e9 et du nombre de mouches appliqu\u00e9.","og_url":"https:\/\/saiga.es\/fr\/produit\/piege-a-mouches-des-fruits-maxitrap-xl\/","og_site_name":"SAIGA","article_modified_time":"2025-10-27T07:53:57+00:00","og_image":[{"width":1000,"height":1000,"url":"https:\/\/saiga.es\/wp-content\/uploads\/2024\/08\/maxitrap.jpg","type":"image\/jpeg"}],"twitter_card":"summary_large_image","twitter_site":"@saiga_agro","twitter_misc":{"Dur\u00e9e de lecture estim\u00e9e":"1 minute"},"schema":{"@context":"https:\/\/schema.org","@graph":[{"@type":"WebPage","@id":"https:\/\/saiga.es\/fr\/produit\/piege-a-mouches-des-fruits-maxitrap-xl\/","url":"https:\/\/saiga.es\/fr\/produit\/piege-a-mouches-des-fruits-maxitrap-xl\/","name":"Pi\u00e8ge \u00e0 mouches des fruits Maxitrap XL | SAIGA","isPartOf":{"@id":"https:\/\/saiga.es\/fr\/#website"},"primaryImageOfPage":{"@id":"https:\/\/saiga.es\/fr\/produit\/piege-a-mouches-des-fruits-maxitrap-xl\/#primaryimage"},"image":{"@id":"https:\/\/saiga.es\/fr\/produit\/piege-a-mouches-des-fruits-maxitrap-xl\/#primaryimage"},"thumbnailUrl":"https:\/\/saiga.es\/wp-content\/uploads\/2024\/08\/maxitrap.jpg","datePublished":"2024-08-05T08:07:17+00:00","dateModified":"2025-10-27T07:53:57+00:00","description":"Pi\u00e8ge \u00e0 mouches des fruits. Le Maxitrap XL Trap est une mouche polyvalente qui peut \u00eatre utilis\u00e9e dans diff\u00e9rentes situations en fonction de l'attractif utilis\u00e9 et du nombre de mouches appliqu\u00e9.","breadcrumb":{"@id":"https:\/\/saiga.es\/fr\/produit\/piege-a-mouches-des-fruits-maxitrap-xl\/#breadcrumb"},"inLanguage":"fr-FR","potentialAction":[{"@type":"ReadAction","target":["https:\/\/saiga.es\/fr\/produit\/piege-a-mouches-des-fruits-maxitrap-xl\/"]}]},{"@type":"ImageObject","inLanguage":"fr-FR","@id":"https:\/\/saiga.es\/fr\/produit\/piege-a-mouches-des-fruits-maxitrap-xl\/#primaryimage","url":"https:\/\/saiga.es\/wp-content\/uploads\/2024\/08\/maxitrap.jpg","contentUrl":"https:\/\/saiga.es\/wp-content\/uploads\/2024\/08\/maxitrap.jpg","width":1000,"height":1000,"caption":"Maxitrap"},{"@type":"BreadcrumbList","@id":"https:\/\/saiga.es\/fr\/produit\/piege-a-mouches-des-fruits-maxitrap-xl\/#breadcrumb","itemListElement":[{"@type":"ListItem","position":1,"name":"Inici","item":"https:\/\/saiga.es\/fr\/"},{"@type":"ListItem","position":2,"name":"boutique","item":"https:\/\/saiga.es\/fr\/boutique\/"},{"@type":"ListItem","position":3,"name":"Pi\u00e8ge \u00e0 mouches des fruits Maxitrap XL"}]},{"@type":"WebSite","@id":"https:\/\/saiga.es\/fr\/#website","url":"https:\/\/saiga.es\/fr\/","name":"SAIGA","description":"M\u00e9s de 50 anys al servei de la terra i treballant per a un \u00fas eficient de l\u2019aigua!","publisher":{"@id":"https:\/\/saiga.es\/fr\/#organization"},"potentialAction":[{"@type":"SearchAction","target":{"@type":"EntryPoint","urlTemplate":"https:\/\/saiga.es\/fr\/?s={search_term_string}"},"query-input":{"@type":"PropertyValueSpecification","valueRequired":true,"valueName":"search_term_string"}}],"inLanguage":"fr-FR"},{"@type":"Organization","@id":"https:\/\/saiga.es\/fr\/#organization","name":"SAIGA","url":"https:\/\/saiga.es\/fr\/","logo":{"@type":"ImageObject","inLanguage":"fr-FR","@id":"https:\/\/saiga.es\/fr\/#\/schema\/logo\/image\/","url":"https:\/\/saiga.es\/wp-content\/uploads\/2025\/07\/logo_saiga_baseline_optimitzat.svg","contentUrl":"https:\/\/saiga.es\/wp-content\/uploads\/2025\/07\/logo_saiga_baseline_optimitzat.svg","caption":"SAIGA"},"image":{"@id":"https:\/\/saiga.es\/fr\/#\/schema\/logo\/image\/"},"sameAs":["https:\/\/x.com\/saiga_agro","https:\/\/www.instagram.com\/saiga_agro\/"]}]}},"_links":{"self":[{"href":"https:\/\/saiga.es\/fr\/wp-json\/wp\/v2\/product\/11543","targetHints":{"allow":["GET"]}}],"collection":[{"href":"https:\/\/saiga.es\/fr\/wp-json\/wp\/v2\/product"}],"about":[{"href":"https:\/\/saiga.es\/fr\/wp-json\/wp\/v2\/types\/product"}],"replies":[{"embeddable":true,"href":"https:\/\/saiga.es\/fr\/wp-json\/wp\/v2\/comments?post=11543"}],"wp:featuredmedia":[{"embeddable":true,"href":"https:\/\/saiga.es\/fr\/wp-json\/wp\/v2\/media\/11541"}],"wp:attachment":[{"href":"https:\/\/saiga.es\/fr\/wp-json\/wp\/v2\/media?parent=11543"}],"wp:term":[{"taxonomy":"product_brand","embeddable":true,"href":"https:\/\/saiga.es\/fr\/wp-json\/wp\/v2\/product_brand?post=11543"},{"taxonomy":"product_cat","embeddable":true,"href":"https:\/\/saiga.es\/fr\/wp-json\/wp\/v2\/product_cat?post=11543"},{"taxonomy":"product_tag","embeddable":true,"href":"https:\/\/saiga.es\/fr\/wp-json\/wp\/v2\/product_tag?post=11543"}],"curies":[{"name":"wp","href":"https:\/\/api.w.org\/{rel}","templated":true}]}}