{"id":11546,"date":"2023-08-25T11:23:27","date_gmt":"2023-08-25T11:23:27","guid":{"rendered":"https:\/\/botiga.saiga.es\/producte\/tambour-attirant-le-liquide-bactrotrap\/"},"modified":"2025-10-27T07:53:27","modified_gmt":"2025-10-27T07:53:27","slug":"tambour-attirant-le-liquide-bactrotrap","status":"publish","type":"product","link":"https:\/\/saiga.es\/fr\/produit\/tambour-attirant-le-liquide-bactrotrap\/","title":{"rendered":"Bouteille de liquide attractif Bactrotrap"},"content":{"rendered":"<p>F\u00fbt d&rsquo;attractif liquide Bactrotrap, attractif alimentaire liquide pour Dipt\u00e8res, notamment pour Bactrocera oleae, mais non limitatif pour cette esp\u00e8ce. Il peut \u00eatre appliqu\u00e9 aussi bien pour la surveillance que pour le contr\u00f4le de la mouche de l&rsquo;olivier (Bactrocera oleae) \u00e0 travers le Maxitrap XL Mosquito, \u00e9tant cette combinaison de ce moustique + cet attractif qui enregistre un nombre plus \u00e9lev\u00e9 de captures parmi tous les produits du march\u00e9.<\/p>\n","protected":false},"excerpt":{"rendered":"<p>F\u00fbt d&rsquo;attractif liquide Bactrotrap, attractif alimentaire liquide pour Dipt\u00e8res, notamment pour Bactrocera oleae, mais non limitatif pour cette esp\u00e8ce. Il peut \u00eatre appliqu\u00e9 aussi bien pour la surveillance que pour le contr\u00f4le de la mouche de l&rsquo;olivier (Bactrocera oleae) \u00e0 travers le Maxitrap XL Mosquito, \u00e9tant cette combinaison de ce moustique + cet attractif qui&#8230;<\/p>\n","protected":false},"featured_media":11547,"comment_status":"open","ping_status":"closed","template":"","meta":[],"product_brand":[],"product_cat":[1551],"product_tag":[],"class_list":{"0":"post-11546","1":"product","2":"type-product","3":"status-publish","4":"has-post-thumbnail","6":"product_cat-produits-naturels","8":"first","9":"instock","10":"taxable","11":"shipping-taxable","12":"purchasable","13":"product-type-simple"},"yoast_head":"<!-- This site is optimized with the Yoast SEO plugin v27.4 - https:\/\/yoast.com\/product\/yoast-seo-wordpress\/ -->\n<title>Bouteille de liquide attractif Bactrotrap | SAIGA<\/title>\n<meta name=\"description\" content=\"F\u00fbt d&#039;attractif liquide Bactrotrap, attractif alimentaire liquide pour Dipt\u00e8res, notamment pour Bactrocera oleae, mais non limitatif pour cette esp\u00e8ce.\" \/>\n<meta name=\"robots\" content=\"index, follow, max-snippet:-1, max-image-preview:large, max-video-preview:-1\" \/>\n<link rel=\"canonical\" href=\"https:\/\/saiga.es\/fr\/produit\/tambour-attirant-le-liquide-bactrotrap\/\" \/>\n<meta property=\"og:locale\" content=\"fr_FR\" \/>\n<meta property=\"og:type\" content=\"article\" \/>\n<meta property=\"og:title\" content=\"Bouteille de liquide attractif Bactrotrap | SAIGA\" \/>\n<meta property=\"og:description\" content=\"F\u00fbt d&#039;attractif liquide Bactrotrap, attractif alimentaire liquide pour Dipt\u00e8res, notamment pour Bactrocera oleae, mais non limitatif pour cette esp\u00e8ce.\" \/>\n<meta property=\"og:url\" content=\"https:\/\/saiga.es\/fr\/produit\/tambour-attirant-le-liquide-bactrotrap\/\" \/>\n<meta property=\"og:site_name\" content=\"SAIGA\" \/>\n<meta property=\"article:modified_time\" content=\"2025-10-27T07:53:27+00:00\" \/>\n<meta property=\"og:image\" content=\"https:\/\/saiga.es\/wp-content\/uploads\/2023\/08\/Bactrotrap-liquido-16-1-5-litros.jpg\" \/>\n\t<meta property=\"og:image:width\" content=\"1000\" \/>\n\t<meta property=\"og:image:height\" content=\"1000\" \/>\n\t<meta property=\"og:image:type\" content=\"image\/jpeg\" \/>\n<meta name=\"twitter:card\" content=\"summary_large_image\" \/>\n<meta name=\"twitter:site\" content=\"@saiga_agro\" \/>\n<script type=\"application\/ld+json\" class=\"yoast-schema-graph\">{\"@context\":\"https:\\\/\\\/schema.org\",\"@graph\":[{\"@type\":\"WebPage\",\"@id\":\"https:\\\/\\\/saiga.es\\\/fr\\\/produit\\\/tambour-attirant-le-liquide-bactrotrap\\\/\",\"url\":\"https:\\\/\\\/saiga.es\\\/fr\\\/produit\\\/tambour-attirant-le-liquide-bactrotrap\\\/\",\"name\":\"Bouteille de liquide attractif Bactrotrap | SAIGA\",\"isPartOf\":{\"@id\":\"https:\\\/\\\/saiga.es\\\/fr\\\/#website\"},\"primaryImageOfPage\":{\"@id\":\"https:\\\/\\\/saiga.es\\\/fr\\\/produit\\\/tambour-attirant-le-liquide-bactrotrap\\\/#primaryimage\"},\"image\":{\"@id\":\"https:\\\/\\\/saiga.es\\\/fr\\\/produit\\\/tambour-attirant-le-liquide-bactrotrap\\\/#primaryimage\"},\"thumbnailUrl\":\"https:\\\/\\\/saiga.es\\\/wp-content\\\/uploads\\\/2023\\\/08\\\/Bactrotrap-liquido-16-1-5-litros.jpg\",\"datePublished\":\"2023-08-25T11:23:27+00:00\",\"dateModified\":\"2025-10-27T07:53:27+00:00\",\"description\":\"F\u00fbt d'attractif liquide Bactrotrap, attractif alimentaire liquide pour Dipt\u00e8res, notamment pour Bactrocera oleae, mais non limitatif pour cette esp\u00e8ce.\",\"breadcrumb\":{\"@id\":\"https:\\\/\\\/saiga.es\\\/fr\\\/produit\\\/tambour-attirant-le-liquide-bactrotrap\\\/#breadcrumb\"},\"inLanguage\":\"fr-FR\",\"potentialAction\":[{\"@type\":\"ReadAction\",\"target\":[\"https:\\\/\\\/saiga.es\\\/fr\\\/produit\\\/tambour-attirant-le-liquide-bactrotrap\\\/\"]}]},{\"@type\":\"ImageObject\",\"inLanguage\":\"fr-FR\",\"@id\":\"https:\\\/\\\/saiga.es\\\/fr\\\/produit\\\/tambour-attirant-le-liquide-bactrotrap\\\/#primaryimage\",\"url\":\"https:\\\/\\\/saiga.es\\\/wp-content\\\/uploads\\\/2023\\\/08\\\/Bactrotrap-liquido-16-1-5-litros.jpg\",\"contentUrl\":\"https:\\\/\\\/saiga.es\\\/wp-content\\\/uploads\\\/2023\\\/08\\\/Bactrotrap-liquido-16-1-5-litros.jpg\",\"width\":1000,\"height\":1000},{\"@type\":\"BreadcrumbList\",\"@id\":\"https:\\\/\\\/saiga.es\\\/fr\\\/produit\\\/tambour-attirant-le-liquide-bactrotrap\\\/#breadcrumb\",\"itemListElement\":[{\"@type\":\"ListItem\",\"position\":1,\"name\":\"Inici\",\"item\":\"https:\\\/\\\/saiga.es\\\/fr\\\/\"},{\"@type\":\"ListItem\",\"position\":2,\"name\":\"boutique\",\"item\":\"https:\\\/\\\/saiga.es\\\/fr\\\/boutique\\\/\"},{\"@type\":\"ListItem\",\"position\":3,\"name\":\"Bouteille de liquide attractif Bactrotrap\"}]},{\"@type\":\"WebSite\",\"@id\":\"https:\\\/\\\/saiga.es\\\/fr\\\/#website\",\"url\":\"https:\\\/\\\/saiga.es\\\/fr\\\/\",\"name\":\"SAIGA\",\"description\":\"M\u00e9s de 50 anys al servei de la terra i treballant per a un \u00fas eficient de l\u2019aigua!\",\"publisher\":{\"@id\":\"https:\\\/\\\/saiga.es\\\/fr\\\/#organization\"},\"potentialAction\":[{\"@type\":\"SearchAction\",\"target\":{\"@type\":\"EntryPoint\",\"urlTemplate\":\"https:\\\/\\\/saiga.es\\\/fr\\\/?s={search_term_string}\"},\"query-input\":{\"@type\":\"PropertyValueSpecification\",\"valueRequired\":true,\"valueName\":\"search_term_string\"}}],\"inLanguage\":\"fr-FR\"},{\"@type\":\"Organization\",\"@id\":\"https:\\\/\\\/saiga.es\\\/fr\\\/#organization\",\"name\":\"SAIGA\",\"url\":\"https:\\\/\\\/saiga.es\\\/fr\\\/\",\"logo\":{\"@type\":\"ImageObject\",\"inLanguage\":\"fr-FR\",\"@id\":\"https:\\\/\\\/saiga.es\\\/fr\\\/#\\\/schema\\\/logo\\\/image\\\/\",\"url\":\"https:\\\/\\\/saiga.es\\\/wp-content\\\/uploads\\\/2025\\\/07\\\/logo_saiga_baseline_optimitzat.svg\",\"contentUrl\":\"https:\\\/\\\/saiga.es\\\/wp-content\\\/uploads\\\/2025\\\/07\\\/logo_saiga_baseline_optimitzat.svg\",\"caption\":\"SAIGA\"},\"image\":{\"@id\":\"https:\\\/\\\/saiga.es\\\/fr\\\/#\\\/schema\\\/logo\\\/image\\\/\"},\"sameAs\":[\"https:\\\/\\\/x.com\\\/saiga_agro\",\"https:\\\/\\\/www.instagram.com\\\/saiga_agro\\\/\"]}]}<\/script>\n<!-- \/ Yoast SEO plugin. -->","yoast_head_json":{"title":"Bouteille de liquide attractif Bactrotrap | SAIGA","description":"F\u00fbt d'attractif liquide Bactrotrap, attractif alimentaire liquide pour Dipt\u00e8res, notamment pour Bactrocera oleae, mais non limitatif pour cette esp\u00e8ce.","robots":{"index":"index","follow":"follow","max-snippet":"max-snippet:-1","max-image-preview":"max-image-preview:large","max-video-preview":"max-video-preview:-1"},"canonical":"https:\/\/saiga.es\/fr\/produit\/tambour-attirant-le-liquide-bactrotrap\/","og_locale":"fr_FR","og_type":"article","og_title":"Bouteille de liquide attractif Bactrotrap | SAIGA","og_description":"F\u00fbt d'attractif liquide Bactrotrap, attractif alimentaire liquide pour Dipt\u00e8res, notamment pour Bactrocera oleae, mais non limitatif pour cette esp\u00e8ce.","og_url":"https:\/\/saiga.es\/fr\/produit\/tambour-attirant-le-liquide-bactrotrap\/","og_site_name":"SAIGA","article_modified_time":"2025-10-27T07:53:27+00:00","og_image":[{"width":1000,"height":1000,"url":"https:\/\/saiga.es\/wp-content\/uploads\/2023\/08\/Bactrotrap-liquido-16-1-5-litros.jpg","type":"image\/jpeg"}],"twitter_card":"summary_large_image","twitter_site":"@saiga_agro","schema":{"@context":"https:\/\/schema.org","@graph":[{"@type":"WebPage","@id":"https:\/\/saiga.es\/fr\/produit\/tambour-attirant-le-liquide-bactrotrap\/","url":"https:\/\/saiga.es\/fr\/produit\/tambour-attirant-le-liquide-bactrotrap\/","name":"Bouteille de liquide attractif Bactrotrap | SAIGA","isPartOf":{"@id":"https:\/\/saiga.es\/fr\/#website"},"primaryImageOfPage":{"@id":"https:\/\/saiga.es\/fr\/produit\/tambour-attirant-le-liquide-bactrotrap\/#primaryimage"},"image":{"@id":"https:\/\/saiga.es\/fr\/produit\/tambour-attirant-le-liquide-bactrotrap\/#primaryimage"},"thumbnailUrl":"https:\/\/saiga.es\/wp-content\/uploads\/2023\/08\/Bactrotrap-liquido-16-1-5-litros.jpg","datePublished":"2023-08-25T11:23:27+00:00","dateModified":"2025-10-27T07:53:27+00:00","description":"F\u00fbt d'attractif liquide Bactrotrap, attractif alimentaire liquide pour Dipt\u00e8res, notamment pour Bactrocera oleae, mais non limitatif pour cette esp\u00e8ce.","breadcrumb":{"@id":"https:\/\/saiga.es\/fr\/produit\/tambour-attirant-le-liquide-bactrotrap\/#breadcrumb"},"inLanguage":"fr-FR","potentialAction":[{"@type":"ReadAction","target":["https:\/\/saiga.es\/fr\/produit\/tambour-attirant-le-liquide-bactrotrap\/"]}]},{"@type":"ImageObject","inLanguage":"fr-FR","@id":"https:\/\/saiga.es\/fr\/produit\/tambour-attirant-le-liquide-bactrotrap\/#primaryimage","url":"https:\/\/saiga.es\/wp-content\/uploads\/2023\/08\/Bactrotrap-liquido-16-1-5-litros.jpg","contentUrl":"https:\/\/saiga.es\/wp-content\/uploads\/2023\/08\/Bactrotrap-liquido-16-1-5-litros.jpg","width":1000,"height":1000},{"@type":"BreadcrumbList","@id":"https:\/\/saiga.es\/fr\/produit\/tambour-attirant-le-liquide-bactrotrap\/#breadcrumb","itemListElement":[{"@type":"ListItem","position":1,"name":"Inici","item":"https:\/\/saiga.es\/fr\/"},{"@type":"ListItem","position":2,"name":"boutique","item":"https:\/\/saiga.es\/fr\/boutique\/"},{"@type":"ListItem","position":3,"name":"Bouteille de liquide attractif Bactrotrap"}]},{"@type":"WebSite","@id":"https:\/\/saiga.es\/fr\/#website","url":"https:\/\/saiga.es\/fr\/","name":"SAIGA","description":"M\u00e9s de 50 anys al servei de la terra i treballant per a un \u00fas eficient de l\u2019aigua!","publisher":{"@id":"https:\/\/saiga.es\/fr\/#organization"},"potentialAction":[{"@type":"SearchAction","target":{"@type":"EntryPoint","urlTemplate":"https:\/\/saiga.es\/fr\/?s={search_term_string}"},"query-input":{"@type":"PropertyValueSpecification","valueRequired":true,"valueName":"search_term_string"}}],"inLanguage":"fr-FR"},{"@type":"Organization","@id":"https:\/\/saiga.es\/fr\/#organization","name":"SAIGA","url":"https:\/\/saiga.es\/fr\/","logo":{"@type":"ImageObject","inLanguage":"fr-FR","@id":"https:\/\/saiga.es\/fr\/#\/schema\/logo\/image\/","url":"https:\/\/saiga.es\/wp-content\/uploads\/2025\/07\/logo_saiga_baseline_optimitzat.svg","contentUrl":"https:\/\/saiga.es\/wp-content\/uploads\/2025\/07\/logo_saiga_baseline_optimitzat.svg","caption":"SAIGA"},"image":{"@id":"https:\/\/saiga.es\/fr\/#\/schema\/logo\/image\/"},"sameAs":["https:\/\/x.com\/saiga_agro","https:\/\/www.instagram.com\/saiga_agro\/"]}]}},"_links":{"self":[{"href":"https:\/\/saiga.es\/fr\/wp-json\/wp\/v2\/product\/11546","targetHints":{"allow":["GET"]}}],"collection":[{"href":"https:\/\/saiga.es\/fr\/wp-json\/wp\/v2\/product"}],"about":[{"href":"https:\/\/saiga.es\/fr\/wp-json\/wp\/v2\/types\/product"}],"replies":[{"embeddable":true,"href":"https:\/\/saiga.es\/fr\/wp-json\/wp\/v2\/comments?post=11546"}],"wp:featuredmedia":[{"embeddable":true,"href":"https:\/\/saiga.es\/fr\/wp-json\/wp\/v2\/media\/11547"}],"wp:attachment":[{"href":"https:\/\/saiga.es\/fr\/wp-json\/wp\/v2\/media?parent=11546"}],"wp:term":[{"taxonomy":"product_brand","embeddable":true,"href":"https:\/\/saiga.es\/fr\/wp-json\/wp\/v2\/product_brand?post=11546"},{"taxonomy":"product_cat","embeddable":true,"href":"https:\/\/saiga.es\/fr\/wp-json\/wp\/v2\/product_cat?post=11546"},{"taxonomy":"product_tag","embeddable":true,"href":"https:\/\/saiga.es\/fr\/wp-json\/wp\/v2\/product_tag?post=11546"}],"curies":[{"name":"wp","href":"https:\/\/api.w.org\/{rel}","templated":true}]}}