{"id":11583,"date":"2024-07-30T07:07:06","date_gmt":"2024-07-30T07:07:06","guid":{"rendered":"https:\/\/botiga.saiga.es\/producte\/tue-guepes-de-rechange-45gr\/"},"modified":"2024-07-30T07:07:06","modified_gmt":"2024-07-30T07:07:06","slug":"tue-guepes-de-rechange-45gr","status":"publish","type":"product","link":"https:\/\/saiga.es\/fr\/produit\/tue-guepes-de-rechange-45gr\/","title":{"rendered":"Tue-gu\u00eapes de rechange 45gr"},"content":{"rendered":"<p>Recharge gu\u00eape Killer 45gr Compos\u00e9 naturel et \u00e9cologique sp\u00e9cialement con\u00e7u pour attirer efficacement les gu\u00eapes vers le Killer-Trap (pi\u00e8ge non inclus). Ce compos\u00e9 utilise des ingr\u00e9dients non toxiques et sans danger pour l&rsquo;environnement, garantissant une attraction efficace des gu\u00eapes sans nuire aux autres insectes b\u00e9n\u00e9fiques. Id\u00e9al pour une utilisation dans les jardins, les terrasses et les espaces ext\u00e9rieurs, offrant une solution respectueuse de l&rsquo;environnement pour contr\u00f4ler les populations de gu\u00eapes et am\u00e9liorer la s\u00e9curit\u00e9 et le confort en ext\u00e9rieur.  <\/p>\n","protected":false},"excerpt":{"rendered":"<p>Recharge gu\u00eape Killer 45gr Compos\u00e9 naturel et \u00e9cologique sp\u00e9cialement con\u00e7u pour attirer efficacement les gu\u00eapes vers le Killer-Trap (pi\u00e8ge non inclus). Ce compos\u00e9 utilise des ingr\u00e9dients non toxiques et sans danger pour l&rsquo;environnement, garantissant une attraction efficace des gu\u00eapes sans nuire aux autres insectes b\u00e9n\u00e9fiques. Id\u00e9al pour une utilisation dans les jardins, les terrasses et les espaces ext\u00e9rieurs, offrant une solution respectueuse de l&rsquo;environnement pour contr\u00f4ler les populations de gu\u00eapes et am\u00e9liorer la s\u00e9curit\u00e9 et le confort en ext\u00e9rieur.  <\/p>\n","protected":false},"featured_media":11448,"comment_status":"open","ping_status":"closed","template":"","meta":[],"product_brand":[],"product_cat":[439],"product_tag":[],"class_list":{"0":"post-11583","1":"product","2":"type-product","3":"status-publish","4":"has-post-thumbnail","6":"product_cat-biocides-fr","8":"first","9":"instock","10":"taxable","11":"shipping-taxable","12":"purchasable","13":"product-type-simple"},"yoast_head":"<!-- This site is optimized with the Yoast SEO plugin v27.4 - https:\/\/yoast.com\/product\/yoast-seo-wordpress\/ -->\n<title>Tue-gu\u00eapes de rechange 45gr | SAIGA<\/title>\n<meta name=\"description\" content=\"Compos\u00e9 naturel et \u00e9cologique sp\u00e9cialement con\u00e7u pour attirer efficacement les gu\u00eapes vers le Killer-Trap (pi\u00e8ge non inclus).\" \/>\n<meta name=\"robots\" content=\"index, follow, max-snippet:-1, max-image-preview:large, max-video-preview:-1\" \/>\n<link rel=\"canonical\" href=\"https:\/\/saiga.es\/fr\/produit\/tue-guepes-de-rechange-45gr\/\" \/>\n<meta property=\"og:locale\" content=\"fr_FR\" \/>\n<meta property=\"og:type\" content=\"article\" \/>\n<meta property=\"og:title\" content=\"Tue-gu\u00eapes de rechange 45gr | SAIGA\" \/>\n<meta property=\"og:description\" content=\"Compos\u00e9 naturel et \u00e9cologique sp\u00e9cialement con\u00e7u pour attirer efficacement les gu\u00eapes vers le Killer-Trap (pi\u00e8ge non inclus).\" \/>\n<meta property=\"og:url\" content=\"https:\/\/saiga.es\/fr\/produit\/tue-guepes-de-rechange-45gr\/\" \/>\n<meta property=\"og:site_name\" content=\"SAIGA\" \/>\n<meta property=\"og:image\" content=\"https:\/\/saiga.es\/wp-content\/uploads\/2024\/07\/recambio-killer-trap-cebo-avispas-45gr-impex.jpg\" \/>\n\t<meta property=\"og:image:width\" content=\"700\" \/>\n\t<meta property=\"og:image:height\" content=\"823\" \/>\n\t<meta property=\"og:image:type\" content=\"image\/jpeg\" \/>\n<meta name=\"twitter:card\" content=\"summary_large_image\" \/>\n<meta name=\"twitter:site\" content=\"@saiga_agro\" \/>\n<script type=\"application\/ld+json\" class=\"yoast-schema-graph\">{\"@context\":\"https:\\\/\\\/schema.org\",\"@graph\":[{\"@type\":\"WebPage\",\"@id\":\"https:\\\/\\\/saiga.es\\\/fr\\\/produit\\\/tue-guepes-de-rechange-45gr\\\/\",\"url\":\"https:\\\/\\\/saiga.es\\\/fr\\\/produit\\\/tue-guepes-de-rechange-45gr\\\/\",\"name\":\"Tue-gu\u00eapes de rechange 45gr | SAIGA\",\"isPartOf\":{\"@id\":\"https:\\\/\\\/saiga.es\\\/fr\\\/#website\"},\"primaryImageOfPage\":{\"@id\":\"https:\\\/\\\/saiga.es\\\/fr\\\/produit\\\/tue-guepes-de-rechange-45gr\\\/#primaryimage\"},\"image\":{\"@id\":\"https:\\\/\\\/saiga.es\\\/fr\\\/produit\\\/tue-guepes-de-rechange-45gr\\\/#primaryimage\"},\"thumbnailUrl\":\"https:\\\/\\\/saiga.es\\\/wp-content\\\/uploads\\\/2024\\\/07\\\/recambio-killer-trap-cebo-avispas-45gr-impex.jpg\",\"datePublished\":\"2024-07-30T07:07:06+00:00\",\"description\":\"Compos\u00e9 naturel et \u00e9cologique sp\u00e9cialement con\u00e7u pour attirer efficacement les gu\u00eapes vers le Killer-Trap (pi\u00e8ge non inclus).\",\"breadcrumb\":{\"@id\":\"https:\\\/\\\/saiga.es\\\/fr\\\/produit\\\/tue-guepes-de-rechange-45gr\\\/#breadcrumb\"},\"inLanguage\":\"fr-FR\",\"potentialAction\":[{\"@type\":\"ReadAction\",\"target\":[\"https:\\\/\\\/saiga.es\\\/fr\\\/produit\\\/tue-guepes-de-rechange-45gr\\\/\"]}]},{\"@type\":\"ImageObject\",\"inLanguage\":\"fr-FR\",\"@id\":\"https:\\\/\\\/saiga.es\\\/fr\\\/produit\\\/tue-guepes-de-rechange-45gr\\\/#primaryimage\",\"url\":\"https:\\\/\\\/saiga.es\\\/wp-content\\\/uploads\\\/2024\\\/07\\\/recambio-killer-trap-cebo-avispas-45gr-impex.jpg\",\"contentUrl\":\"https:\\\/\\\/saiga.es\\\/wp-content\\\/uploads\\\/2024\\\/07\\\/recambio-killer-trap-cebo-avispas-45gr-impex.jpg\",\"width\":700,\"height\":823},{\"@type\":\"BreadcrumbList\",\"@id\":\"https:\\\/\\\/saiga.es\\\/fr\\\/produit\\\/tue-guepes-de-rechange-45gr\\\/#breadcrumb\",\"itemListElement\":[{\"@type\":\"ListItem\",\"position\":1,\"name\":\"Inici\",\"item\":\"https:\\\/\\\/saiga.es\\\/fr\\\/\"},{\"@type\":\"ListItem\",\"position\":2,\"name\":\"boutique\",\"item\":\"https:\\\/\\\/saiga.es\\\/fr\\\/boutique\\\/\"},{\"@type\":\"ListItem\",\"position\":3,\"name\":\"Tue-gu\u00eapes de rechange 45gr\"}]},{\"@type\":\"WebSite\",\"@id\":\"https:\\\/\\\/saiga.es\\\/fr\\\/#website\",\"url\":\"https:\\\/\\\/saiga.es\\\/fr\\\/\",\"name\":\"SAIGA\",\"description\":\"M\u00e9s de 50 anys al servei de la terra i treballant per a un \u00fas eficient de l\u2019aigua!\",\"publisher\":{\"@id\":\"https:\\\/\\\/saiga.es\\\/fr\\\/#organization\"},\"potentialAction\":[{\"@type\":\"SearchAction\",\"target\":{\"@type\":\"EntryPoint\",\"urlTemplate\":\"https:\\\/\\\/saiga.es\\\/fr\\\/?s={search_term_string}\"},\"query-input\":{\"@type\":\"PropertyValueSpecification\",\"valueRequired\":true,\"valueName\":\"search_term_string\"}}],\"inLanguage\":\"fr-FR\"},{\"@type\":\"Organization\",\"@id\":\"https:\\\/\\\/saiga.es\\\/fr\\\/#organization\",\"name\":\"SAIGA\",\"url\":\"https:\\\/\\\/saiga.es\\\/fr\\\/\",\"logo\":{\"@type\":\"ImageObject\",\"inLanguage\":\"fr-FR\",\"@id\":\"https:\\\/\\\/saiga.es\\\/fr\\\/#\\\/schema\\\/logo\\\/image\\\/\",\"url\":\"https:\\\/\\\/saiga.es\\\/wp-content\\\/uploads\\\/2025\\\/07\\\/logo_saiga_baseline_optimitzat.svg\",\"contentUrl\":\"https:\\\/\\\/saiga.es\\\/wp-content\\\/uploads\\\/2025\\\/07\\\/logo_saiga_baseline_optimitzat.svg\",\"caption\":\"SAIGA\"},\"image\":{\"@id\":\"https:\\\/\\\/saiga.es\\\/fr\\\/#\\\/schema\\\/logo\\\/image\\\/\"},\"sameAs\":[\"https:\\\/\\\/x.com\\\/saiga_agro\",\"https:\\\/\\\/www.instagram.com\\\/saiga_agro\\\/\"]}]}<\/script>\n<!-- \/ Yoast SEO plugin. -->","yoast_head_json":{"title":"Tue-gu\u00eapes de rechange 45gr | SAIGA","description":"Compos\u00e9 naturel et \u00e9cologique sp\u00e9cialement con\u00e7u pour attirer efficacement les gu\u00eapes vers le Killer-Trap (pi\u00e8ge non inclus).","robots":{"index":"index","follow":"follow","max-snippet":"max-snippet:-1","max-image-preview":"max-image-preview:large","max-video-preview":"max-video-preview:-1"},"canonical":"https:\/\/saiga.es\/fr\/produit\/tue-guepes-de-rechange-45gr\/","og_locale":"fr_FR","og_type":"article","og_title":"Tue-gu\u00eapes de rechange 45gr | SAIGA","og_description":"Compos\u00e9 naturel et \u00e9cologique sp\u00e9cialement con\u00e7u pour attirer efficacement les gu\u00eapes vers le Killer-Trap (pi\u00e8ge non inclus).","og_url":"https:\/\/saiga.es\/fr\/produit\/tue-guepes-de-rechange-45gr\/","og_site_name":"SAIGA","og_image":[{"width":700,"height":823,"url":"https:\/\/saiga.es\/wp-content\/uploads\/2024\/07\/recambio-killer-trap-cebo-avispas-45gr-impex.jpg","type":"image\/jpeg"}],"twitter_card":"summary_large_image","twitter_site":"@saiga_agro","schema":{"@context":"https:\/\/schema.org","@graph":[{"@type":"WebPage","@id":"https:\/\/saiga.es\/fr\/produit\/tue-guepes-de-rechange-45gr\/","url":"https:\/\/saiga.es\/fr\/produit\/tue-guepes-de-rechange-45gr\/","name":"Tue-gu\u00eapes de rechange 45gr | SAIGA","isPartOf":{"@id":"https:\/\/saiga.es\/fr\/#website"},"primaryImageOfPage":{"@id":"https:\/\/saiga.es\/fr\/produit\/tue-guepes-de-rechange-45gr\/#primaryimage"},"image":{"@id":"https:\/\/saiga.es\/fr\/produit\/tue-guepes-de-rechange-45gr\/#primaryimage"},"thumbnailUrl":"https:\/\/saiga.es\/wp-content\/uploads\/2024\/07\/recambio-killer-trap-cebo-avispas-45gr-impex.jpg","datePublished":"2024-07-30T07:07:06+00:00","description":"Compos\u00e9 naturel et \u00e9cologique sp\u00e9cialement con\u00e7u pour attirer efficacement les gu\u00eapes vers le Killer-Trap (pi\u00e8ge non inclus).","breadcrumb":{"@id":"https:\/\/saiga.es\/fr\/produit\/tue-guepes-de-rechange-45gr\/#breadcrumb"},"inLanguage":"fr-FR","potentialAction":[{"@type":"ReadAction","target":["https:\/\/saiga.es\/fr\/produit\/tue-guepes-de-rechange-45gr\/"]}]},{"@type":"ImageObject","inLanguage":"fr-FR","@id":"https:\/\/saiga.es\/fr\/produit\/tue-guepes-de-rechange-45gr\/#primaryimage","url":"https:\/\/saiga.es\/wp-content\/uploads\/2024\/07\/recambio-killer-trap-cebo-avispas-45gr-impex.jpg","contentUrl":"https:\/\/saiga.es\/wp-content\/uploads\/2024\/07\/recambio-killer-trap-cebo-avispas-45gr-impex.jpg","width":700,"height":823},{"@type":"BreadcrumbList","@id":"https:\/\/saiga.es\/fr\/produit\/tue-guepes-de-rechange-45gr\/#breadcrumb","itemListElement":[{"@type":"ListItem","position":1,"name":"Inici","item":"https:\/\/saiga.es\/fr\/"},{"@type":"ListItem","position":2,"name":"boutique","item":"https:\/\/saiga.es\/fr\/boutique\/"},{"@type":"ListItem","position":3,"name":"Tue-gu\u00eapes de rechange 45gr"}]},{"@type":"WebSite","@id":"https:\/\/saiga.es\/fr\/#website","url":"https:\/\/saiga.es\/fr\/","name":"SAIGA","description":"M\u00e9s de 50 anys al servei de la terra i treballant per a un \u00fas eficient de l\u2019aigua!","publisher":{"@id":"https:\/\/saiga.es\/fr\/#organization"},"potentialAction":[{"@type":"SearchAction","target":{"@type":"EntryPoint","urlTemplate":"https:\/\/saiga.es\/fr\/?s={search_term_string}"},"query-input":{"@type":"PropertyValueSpecification","valueRequired":true,"valueName":"search_term_string"}}],"inLanguage":"fr-FR"},{"@type":"Organization","@id":"https:\/\/saiga.es\/fr\/#organization","name":"SAIGA","url":"https:\/\/saiga.es\/fr\/","logo":{"@type":"ImageObject","inLanguage":"fr-FR","@id":"https:\/\/saiga.es\/fr\/#\/schema\/logo\/image\/","url":"https:\/\/saiga.es\/wp-content\/uploads\/2025\/07\/logo_saiga_baseline_optimitzat.svg","contentUrl":"https:\/\/saiga.es\/wp-content\/uploads\/2025\/07\/logo_saiga_baseline_optimitzat.svg","caption":"SAIGA"},"image":{"@id":"https:\/\/saiga.es\/fr\/#\/schema\/logo\/image\/"},"sameAs":["https:\/\/x.com\/saiga_agro","https:\/\/www.instagram.com\/saiga_agro\/"]}]}},"_links":{"self":[{"href":"https:\/\/saiga.es\/fr\/wp-json\/wp\/v2\/product\/11583","targetHints":{"allow":["GET"]}}],"collection":[{"href":"https:\/\/saiga.es\/fr\/wp-json\/wp\/v2\/product"}],"about":[{"href":"https:\/\/saiga.es\/fr\/wp-json\/wp\/v2\/types\/product"}],"replies":[{"embeddable":true,"href":"https:\/\/saiga.es\/fr\/wp-json\/wp\/v2\/comments?post=11583"}],"wp:featuredmedia":[{"embeddable":true,"href":"https:\/\/saiga.es\/fr\/wp-json\/wp\/v2\/media\/11448"}],"wp:attachment":[{"href":"https:\/\/saiga.es\/fr\/wp-json\/wp\/v2\/media?parent=11583"}],"wp:term":[{"taxonomy":"product_brand","embeddable":true,"href":"https:\/\/saiga.es\/fr\/wp-json\/wp\/v2\/product_brand?post=11583"},{"taxonomy":"product_cat","embeddable":true,"href":"https:\/\/saiga.es\/fr\/wp-json\/wp\/v2\/product_cat?post=11583"},{"taxonomy":"product_tag","embeddable":true,"href":"https:\/\/saiga.es\/fr\/wp-json\/wp\/v2\/product_tag?post=11583"}],"curies":[{"name":"wp","href":"https:\/\/api.w.org\/{rel}","templated":true}]}}