{"id":11585,"date":"2024-07-30T08:40:54","date_gmt":"2024-07-30T08:40:54","guid":{"rendered":"https:\/\/botiga.saiga.es\/producte\/pelle-large-en-acier-gardena-classique\/"},"modified":"2024-07-30T08:40:54","modified_gmt":"2024-07-30T08:40:54","slug":"pelle-large-en-acier-gardena-classique","status":"publish","type":"product","link":"https:\/\/saiga.es\/fr\/produit\/pelle-large-en-acier-gardena-classique\/","title":{"rendered":"Pelle large en acier Gardena classique"},"content":{"rendered":"<p>Pelle large classique en acier Gardena La pelle large GARDENA Classic est id\u00e9ale pour les t\u00e2ches de plantation et de transplantation. La poign\u00e9e ergonomique avec fonction antid\u00e9rapante offre une exp\u00e9rience de travail confortable et moins fatigante. D&rsquo;une largeur de 8 cm, il est fabriqu\u00e9 en acier de haute qualit\u00e9 et recouvert de duroplast pour une meilleure protection contre la corrosion. De plus, il offre une garantie de 25 ans.<\/p>\n","protected":false},"excerpt":{"rendered":"<p>Pelle large classique en acier Gardena La pelle large GARDENA Classic est id\u00e9ale pour les t\u00e2ches de plantation et de transplantation. La poign\u00e9e ergonomique avec fonction antid\u00e9rapante offre une exp\u00e9rience de travail confortable et moins fatigante. D&rsquo;une largeur de 8 cm, il est fabriqu\u00e9 en acier de haute qualit\u00e9 et recouvert de duroplast pour une meilleure protection contre la corrosion. De plus, il offre une garantie de 25 ans.<\/p>\n","protected":false},"featured_media":11457,"comment_status":"open","ping_status":"closed","template":"","meta":[],"product_brand":[],"product_cat":[452],"product_tag":[],"class_list":{"0":"post-11585","1":"product","2":"type-product","3":"status-publish","4":"has-post-thumbnail","6":"product_cat-jardinage-domestique-fr","8":"first","9":"instock","10":"taxable","11":"shipping-taxable","12":"purchasable","13":"product-type-simple"},"yoast_head":"<!-- This site is optimized with the Yoast SEO plugin v27.4 - https:\/\/yoast.com\/product\/yoast-seo-wordpress\/ -->\n<title>Pelle large en acier Gardena classique | SAIGA<\/title>\n<meta name=\"description\" content=\"La truelle large classique GARDENA est id\u00e9ale pour la plantation et le repiquage, avec une poign\u00e9e ergonomique et antid\u00e9rapante pour un travail confortable.\" \/>\n<meta name=\"robots\" content=\"index, follow, max-snippet:-1, max-image-preview:large, max-video-preview:-1\" \/>\n<link rel=\"canonical\" href=\"https:\/\/saiga.es\/fr\/produit\/pelle-large-en-acier-gardena-classique\/\" \/>\n<meta property=\"og:locale\" content=\"fr_FR\" \/>\n<meta property=\"og:type\" content=\"article\" \/>\n<meta property=\"og:title\" content=\"Pelle large en acier Gardena classique | SAIGA\" \/>\n<meta property=\"og:description\" content=\"La truelle large classique GARDENA est id\u00e9ale pour la plantation et le repiquage, avec une poign\u00e9e ergonomique et antid\u00e9rapante pour un travail confortable.\" \/>\n<meta property=\"og:url\" content=\"https:\/\/saiga.es\/fr\/produit\/pelle-large-en-acier-gardena-classique\/\" \/>\n<meta property=\"og:site_name\" content=\"SAIGA\" \/>\n<meta property=\"og:image\" content=\"https:\/\/saiga.es\/wp-content\/uploads\/2024\/07\/GA410-0604_HighResPng.webp\" \/>\n\t<meta property=\"og:image:width\" content=\"721\" \/>\n\t<meta property=\"og:image:height\" content=\"530\" \/>\n\t<meta property=\"og:image:type\" content=\"image\/webp\" \/>\n<meta name=\"twitter:card\" content=\"summary_large_image\" \/>\n<meta name=\"twitter:site\" content=\"@saiga_agro\" \/>\n<script type=\"application\/ld+json\" class=\"yoast-schema-graph\">{\"@context\":\"https:\\\/\\\/schema.org\",\"@graph\":[{\"@type\":\"WebPage\",\"@id\":\"https:\\\/\\\/saiga.es\\\/fr\\\/produit\\\/pelle-large-en-acier-gardena-classique\\\/\",\"url\":\"https:\\\/\\\/saiga.es\\\/fr\\\/produit\\\/pelle-large-en-acier-gardena-classique\\\/\",\"name\":\"Pelle large en acier Gardena classique | SAIGA\",\"isPartOf\":{\"@id\":\"https:\\\/\\\/saiga.es\\\/fr\\\/#website\"},\"primaryImageOfPage\":{\"@id\":\"https:\\\/\\\/saiga.es\\\/fr\\\/produit\\\/pelle-large-en-acier-gardena-classique\\\/#primaryimage\"},\"image\":{\"@id\":\"https:\\\/\\\/saiga.es\\\/fr\\\/produit\\\/pelle-large-en-acier-gardena-classique\\\/#primaryimage\"},\"thumbnailUrl\":\"https:\\\/\\\/saiga.es\\\/wp-content\\\/uploads\\\/2024\\\/07\\\/GA410-0604_HighResPng.webp\",\"datePublished\":\"2024-07-30T08:40:54+00:00\",\"description\":\"La truelle large classique GARDENA est id\u00e9ale pour la plantation et le repiquage, avec une poign\u00e9e ergonomique et antid\u00e9rapante pour un travail confortable.\",\"breadcrumb\":{\"@id\":\"https:\\\/\\\/saiga.es\\\/fr\\\/produit\\\/pelle-large-en-acier-gardena-classique\\\/#breadcrumb\"},\"inLanguage\":\"fr-FR\",\"potentialAction\":[{\"@type\":\"ReadAction\",\"target\":[\"https:\\\/\\\/saiga.es\\\/fr\\\/produit\\\/pelle-large-en-acier-gardena-classique\\\/\"]}]},{\"@type\":\"ImageObject\",\"inLanguage\":\"fr-FR\",\"@id\":\"https:\\\/\\\/saiga.es\\\/fr\\\/produit\\\/pelle-large-en-acier-gardena-classique\\\/#primaryimage\",\"url\":\"https:\\\/\\\/saiga.es\\\/wp-content\\\/uploads\\\/2024\\\/07\\\/GA410-0604_HighResPng.webp\",\"contentUrl\":\"https:\\\/\\\/saiga.es\\\/wp-content\\\/uploads\\\/2024\\\/07\\\/GA410-0604_HighResPng.webp\",\"width\":721,\"height\":530},{\"@type\":\"BreadcrumbList\",\"@id\":\"https:\\\/\\\/saiga.es\\\/fr\\\/produit\\\/pelle-large-en-acier-gardena-classique\\\/#breadcrumb\",\"itemListElement\":[{\"@type\":\"ListItem\",\"position\":1,\"name\":\"Inici\",\"item\":\"https:\\\/\\\/saiga.es\\\/fr\\\/\"},{\"@type\":\"ListItem\",\"position\":2,\"name\":\"boutique\",\"item\":\"https:\\\/\\\/saiga.es\\\/fr\\\/boutique\\\/\"},{\"@type\":\"ListItem\",\"position\":3,\"name\":\"Pelle large en acier Gardena classique\"}]},{\"@type\":\"WebSite\",\"@id\":\"https:\\\/\\\/saiga.es\\\/fr\\\/#website\",\"url\":\"https:\\\/\\\/saiga.es\\\/fr\\\/\",\"name\":\"SAIGA\",\"description\":\"M\u00e9s de 50 anys al servei de la terra i treballant per a un \u00fas eficient de l\u2019aigua!\",\"publisher\":{\"@id\":\"https:\\\/\\\/saiga.es\\\/fr\\\/#organization\"},\"potentialAction\":[{\"@type\":\"SearchAction\",\"target\":{\"@type\":\"EntryPoint\",\"urlTemplate\":\"https:\\\/\\\/saiga.es\\\/fr\\\/?s={search_term_string}\"},\"query-input\":{\"@type\":\"PropertyValueSpecification\",\"valueRequired\":true,\"valueName\":\"search_term_string\"}}],\"inLanguage\":\"fr-FR\"},{\"@type\":\"Organization\",\"@id\":\"https:\\\/\\\/saiga.es\\\/fr\\\/#organization\",\"name\":\"SAIGA\",\"url\":\"https:\\\/\\\/saiga.es\\\/fr\\\/\",\"logo\":{\"@type\":\"ImageObject\",\"inLanguage\":\"fr-FR\",\"@id\":\"https:\\\/\\\/saiga.es\\\/fr\\\/#\\\/schema\\\/logo\\\/image\\\/\",\"url\":\"https:\\\/\\\/saiga.es\\\/wp-content\\\/uploads\\\/2025\\\/07\\\/logo_saiga_baseline_optimitzat.svg\",\"contentUrl\":\"https:\\\/\\\/saiga.es\\\/wp-content\\\/uploads\\\/2025\\\/07\\\/logo_saiga_baseline_optimitzat.svg\",\"caption\":\"SAIGA\"},\"image\":{\"@id\":\"https:\\\/\\\/saiga.es\\\/fr\\\/#\\\/schema\\\/logo\\\/image\\\/\"},\"sameAs\":[\"https:\\\/\\\/x.com\\\/saiga_agro\",\"https:\\\/\\\/www.instagram.com\\\/saiga_agro\\\/\"]}]}<\/script>\n<!-- \/ Yoast SEO plugin. -->","yoast_head_json":{"title":"Pelle large en acier Gardena classique | SAIGA","description":"La truelle large classique GARDENA est id\u00e9ale pour la plantation et le repiquage, avec une poign\u00e9e ergonomique et antid\u00e9rapante pour un travail confortable.","robots":{"index":"index","follow":"follow","max-snippet":"max-snippet:-1","max-image-preview":"max-image-preview:large","max-video-preview":"max-video-preview:-1"},"canonical":"https:\/\/saiga.es\/fr\/produit\/pelle-large-en-acier-gardena-classique\/","og_locale":"fr_FR","og_type":"article","og_title":"Pelle large en acier Gardena classique | SAIGA","og_description":"La truelle large classique GARDENA est id\u00e9ale pour la plantation et le repiquage, avec une poign\u00e9e ergonomique et antid\u00e9rapante pour un travail confortable.","og_url":"https:\/\/saiga.es\/fr\/produit\/pelle-large-en-acier-gardena-classique\/","og_site_name":"SAIGA","og_image":[{"width":721,"height":530,"url":"https:\/\/saiga.es\/wp-content\/uploads\/2024\/07\/GA410-0604_HighResPng.webp","type":"image\/webp"}],"twitter_card":"summary_large_image","twitter_site":"@saiga_agro","schema":{"@context":"https:\/\/schema.org","@graph":[{"@type":"WebPage","@id":"https:\/\/saiga.es\/fr\/produit\/pelle-large-en-acier-gardena-classique\/","url":"https:\/\/saiga.es\/fr\/produit\/pelle-large-en-acier-gardena-classique\/","name":"Pelle large en acier Gardena classique | SAIGA","isPartOf":{"@id":"https:\/\/saiga.es\/fr\/#website"},"primaryImageOfPage":{"@id":"https:\/\/saiga.es\/fr\/produit\/pelle-large-en-acier-gardena-classique\/#primaryimage"},"image":{"@id":"https:\/\/saiga.es\/fr\/produit\/pelle-large-en-acier-gardena-classique\/#primaryimage"},"thumbnailUrl":"https:\/\/saiga.es\/wp-content\/uploads\/2024\/07\/GA410-0604_HighResPng.webp","datePublished":"2024-07-30T08:40:54+00:00","description":"La truelle large classique GARDENA est id\u00e9ale pour la plantation et le repiquage, avec une poign\u00e9e ergonomique et antid\u00e9rapante pour un travail confortable.","breadcrumb":{"@id":"https:\/\/saiga.es\/fr\/produit\/pelle-large-en-acier-gardena-classique\/#breadcrumb"},"inLanguage":"fr-FR","potentialAction":[{"@type":"ReadAction","target":["https:\/\/saiga.es\/fr\/produit\/pelle-large-en-acier-gardena-classique\/"]}]},{"@type":"ImageObject","inLanguage":"fr-FR","@id":"https:\/\/saiga.es\/fr\/produit\/pelle-large-en-acier-gardena-classique\/#primaryimage","url":"https:\/\/saiga.es\/wp-content\/uploads\/2024\/07\/GA410-0604_HighResPng.webp","contentUrl":"https:\/\/saiga.es\/wp-content\/uploads\/2024\/07\/GA410-0604_HighResPng.webp","width":721,"height":530},{"@type":"BreadcrumbList","@id":"https:\/\/saiga.es\/fr\/produit\/pelle-large-en-acier-gardena-classique\/#breadcrumb","itemListElement":[{"@type":"ListItem","position":1,"name":"Inici","item":"https:\/\/saiga.es\/fr\/"},{"@type":"ListItem","position":2,"name":"boutique","item":"https:\/\/saiga.es\/fr\/boutique\/"},{"@type":"ListItem","position":3,"name":"Pelle large en acier Gardena classique"}]},{"@type":"WebSite","@id":"https:\/\/saiga.es\/fr\/#website","url":"https:\/\/saiga.es\/fr\/","name":"SAIGA","description":"M\u00e9s de 50 anys al servei de la terra i treballant per a un \u00fas eficient de l\u2019aigua!","publisher":{"@id":"https:\/\/saiga.es\/fr\/#organization"},"potentialAction":[{"@type":"SearchAction","target":{"@type":"EntryPoint","urlTemplate":"https:\/\/saiga.es\/fr\/?s={search_term_string}"},"query-input":{"@type":"PropertyValueSpecification","valueRequired":true,"valueName":"search_term_string"}}],"inLanguage":"fr-FR"},{"@type":"Organization","@id":"https:\/\/saiga.es\/fr\/#organization","name":"SAIGA","url":"https:\/\/saiga.es\/fr\/","logo":{"@type":"ImageObject","inLanguage":"fr-FR","@id":"https:\/\/saiga.es\/fr\/#\/schema\/logo\/image\/","url":"https:\/\/saiga.es\/wp-content\/uploads\/2025\/07\/logo_saiga_baseline_optimitzat.svg","contentUrl":"https:\/\/saiga.es\/wp-content\/uploads\/2025\/07\/logo_saiga_baseline_optimitzat.svg","caption":"SAIGA"},"image":{"@id":"https:\/\/saiga.es\/fr\/#\/schema\/logo\/image\/"},"sameAs":["https:\/\/x.com\/saiga_agro","https:\/\/www.instagram.com\/saiga_agro\/"]}]}},"_links":{"self":[{"href":"https:\/\/saiga.es\/fr\/wp-json\/wp\/v2\/product\/11585","targetHints":{"allow":["GET"]}}],"collection":[{"href":"https:\/\/saiga.es\/fr\/wp-json\/wp\/v2\/product"}],"about":[{"href":"https:\/\/saiga.es\/fr\/wp-json\/wp\/v2\/types\/product"}],"replies":[{"embeddable":true,"href":"https:\/\/saiga.es\/fr\/wp-json\/wp\/v2\/comments?post=11585"}],"wp:featuredmedia":[{"embeddable":true,"href":"https:\/\/saiga.es\/fr\/wp-json\/wp\/v2\/media\/11457"}],"wp:attachment":[{"href":"https:\/\/saiga.es\/fr\/wp-json\/wp\/v2\/media?parent=11585"}],"wp:term":[{"taxonomy":"product_brand","embeddable":true,"href":"https:\/\/saiga.es\/fr\/wp-json\/wp\/v2\/product_brand?post=11585"},{"taxonomy":"product_cat","embeddable":true,"href":"https:\/\/saiga.es\/fr\/wp-json\/wp\/v2\/product_cat?post=11585"},{"taxonomy":"product_tag","embeddable":true,"href":"https:\/\/saiga.es\/fr\/wp-json\/wp\/v2\/product_tag?post=11585"}],"curies":[{"name":"wp","href":"https:\/\/api.w.org\/{rel}","templated":true}]}}