{"id":11587,"date":"2024-07-30T08:29:05","date_gmt":"2024-07-30T08:29:05","guid":{"rendered":"https:\/\/botiga.saiga.es\/producte\/jardiniere-a-pointe-metallique-combisystem-gardena\/"},"modified":"2024-07-30T08:29:05","modified_gmt":"2024-07-30T08:29:05","slug":"jardiniere-a-pointe-metallique-combisystem-gardena","status":"publish","type":"product","link":"https:\/\/saiga.es\/fr\/produit\/jardiniere-a-pointe-metallique-combisystem-gardena\/","title":{"rendered":"Jardini\u00e8re \u00e0 pointe m\u00e9tallique Combisystem Gardena"},"content":{"rendered":"<p>Jardini\u00e8re \u00e0 pointe m\u00e9tallique combisystem gardena La jardini\u00e8re GARDENA est l&rsquo;outil id\u00e9al pour planter des graines facilement. Sa pointe en m\u00e9tal galvanis\u00e9, r\u00e9sistante et inoxydable, permet de percer le sol jusqu&rsquo;\u00e0 une profondeur de 19,5 cm, cr\u00e9ant ainsi le trou parfait pour la plantation. La poign\u00e9e ergonomique offre une prise en main confortable, facilitant ainsi la t\u00e2che. Ce produit est assorti d&rsquo;une garantie de 25 ans, garantissant durabilit\u00e9 et fiabilit\u00e9.   <\/p>\n","protected":false},"excerpt":{"rendered":"<p>Jardini\u00e8re \u00e0 pointe m\u00e9tallique combisystem gardena La jardini\u00e8re GARDENA est l&rsquo;outil id\u00e9al pour planter des graines facilement. Sa pointe en m\u00e9tal galvanis\u00e9, r\u00e9sistante et inoxydable, permet de percer le sol jusqu&rsquo;\u00e0 une profondeur de 19,5 cm, cr\u00e9ant ainsi le trou parfait pour la plantation. La poign\u00e9e ergonomique offre une prise en main confortable, facilitant ainsi&#8230;<\/p>\n","protected":false},"featured_media":11452,"comment_status":"open","ping_status":"closed","template":"","meta":[],"product_brand":[],"product_cat":[452,441],"product_tag":[],"class_list":{"0":"post-11587","1":"product","2":"type-product","3":"status-publish","4":"has-post-thumbnail","6":"product_cat-jardinage-domestique-fr","7":"product_cat-productes-jardineria-exterior-domestica-fr","9":"first","10":"instock","11":"taxable","12":"shipping-taxable","13":"purchasable","14":"product-type-simple"},"yoast_head":"<!-- This site is optimized with the Yoast SEO plugin v27.4 - https:\/\/yoast.com\/product\/yoast-seo-wordpress\/ -->\n<title>Jardini\u00e8re \u00e0 pointe m\u00e9tallique Combisystem Gardena | SAIGA<\/title>\n<meta name=\"description\" content=\"Le planteur GARDENA facilite la plantation des graines avec son embout galvanis\u00e9 p\u00e9n\u00e9trant jusqu&#039;\u00e0 19,5 cm et sa poign\u00e9e ergonomique.\" \/>\n<meta name=\"robots\" content=\"index, follow, max-snippet:-1, max-image-preview:large, max-video-preview:-1\" \/>\n<link rel=\"canonical\" href=\"https:\/\/saiga.es\/fr\/produit\/jardiniere-a-pointe-metallique-combisystem-gardena\/\" \/>\n<meta property=\"og:locale\" content=\"fr_FR\" \/>\n<meta property=\"og:type\" content=\"article\" \/>\n<meta property=\"og:title\" content=\"Jardini\u00e8re \u00e0 pointe m\u00e9tallique Combisystem Gardena | SAIGA\" \/>\n<meta property=\"og:description\" content=\"Le planteur GARDENA facilite la plantation des graines avec son embout galvanis\u00e9 p\u00e9n\u00e9trant jusqu&#039;\u00e0 19,5 cm et sa poign\u00e9e ergonomique.\" \/>\n<meta property=\"og:url\" content=\"https:\/\/saiga.es\/fr\/produit\/jardiniere-a-pointe-metallique-combisystem-gardena\/\" \/>\n<meta property=\"og:site_name\" content=\"SAIGA\" \/>\n<meta property=\"og:image\" content=\"https:\/\/saiga.es\/wp-content\/uploads\/2024\/07\/GA410-0178_HighResPng.webp\" \/>\n\t<meta property=\"og:image:width\" content=\"530\" \/>\n\t<meta property=\"og:image:height\" content=\"530\" \/>\n\t<meta property=\"og:image:type\" content=\"image\/webp\" \/>\n<meta name=\"twitter:card\" content=\"summary_large_image\" \/>\n<meta name=\"twitter:site\" content=\"@saiga_agro\" \/>\n<script type=\"application\/ld+json\" class=\"yoast-schema-graph\">{\"@context\":\"https:\\\/\\\/schema.org\",\"@graph\":[{\"@type\":\"WebPage\",\"@id\":\"https:\\\/\\\/saiga.es\\\/fr\\\/produit\\\/jardiniere-a-pointe-metallique-combisystem-gardena\\\/\",\"url\":\"https:\\\/\\\/saiga.es\\\/fr\\\/produit\\\/jardiniere-a-pointe-metallique-combisystem-gardena\\\/\",\"name\":\"Jardini\u00e8re \u00e0 pointe m\u00e9tallique Combisystem Gardena | SAIGA\",\"isPartOf\":{\"@id\":\"https:\\\/\\\/saiga.es\\\/fr\\\/#website\"},\"primaryImageOfPage\":{\"@id\":\"https:\\\/\\\/saiga.es\\\/fr\\\/produit\\\/jardiniere-a-pointe-metallique-combisystem-gardena\\\/#primaryimage\"},\"image\":{\"@id\":\"https:\\\/\\\/saiga.es\\\/fr\\\/produit\\\/jardiniere-a-pointe-metallique-combisystem-gardena\\\/#primaryimage\"},\"thumbnailUrl\":\"https:\\\/\\\/saiga.es\\\/wp-content\\\/uploads\\\/2024\\\/07\\\/GA410-0178_HighResPng.webp\",\"datePublished\":\"2024-07-30T08:29:05+00:00\",\"description\":\"Le planteur GARDENA facilite la plantation des graines avec son embout galvanis\u00e9 p\u00e9n\u00e9trant jusqu'\u00e0 19,5 cm et sa poign\u00e9e ergonomique.\",\"breadcrumb\":{\"@id\":\"https:\\\/\\\/saiga.es\\\/fr\\\/produit\\\/jardiniere-a-pointe-metallique-combisystem-gardena\\\/#breadcrumb\"},\"inLanguage\":\"fr-FR\",\"potentialAction\":[{\"@type\":\"ReadAction\",\"target\":[\"https:\\\/\\\/saiga.es\\\/fr\\\/produit\\\/jardiniere-a-pointe-metallique-combisystem-gardena\\\/\"]}]},{\"@type\":\"ImageObject\",\"inLanguage\":\"fr-FR\",\"@id\":\"https:\\\/\\\/saiga.es\\\/fr\\\/produit\\\/jardiniere-a-pointe-metallique-combisystem-gardena\\\/#primaryimage\",\"url\":\"https:\\\/\\\/saiga.es\\\/wp-content\\\/uploads\\\/2024\\\/07\\\/GA410-0178_HighResPng.webp\",\"contentUrl\":\"https:\\\/\\\/saiga.es\\\/wp-content\\\/uploads\\\/2024\\\/07\\\/GA410-0178_HighResPng.webp\",\"width\":530,\"height\":530},{\"@type\":\"BreadcrumbList\",\"@id\":\"https:\\\/\\\/saiga.es\\\/fr\\\/produit\\\/jardiniere-a-pointe-metallique-combisystem-gardena\\\/#breadcrumb\",\"itemListElement\":[{\"@type\":\"ListItem\",\"position\":1,\"name\":\"Inici\",\"item\":\"https:\\\/\\\/saiga.es\\\/fr\\\/\"},{\"@type\":\"ListItem\",\"position\":2,\"name\":\"boutique\",\"item\":\"https:\\\/\\\/saiga.es\\\/fr\\\/boutique\\\/\"},{\"@type\":\"ListItem\",\"position\":3,\"name\":\"Jardini\u00e8re \u00e0 pointe m\u00e9tallique Combisystem Gardena\"}]},{\"@type\":\"WebSite\",\"@id\":\"https:\\\/\\\/saiga.es\\\/fr\\\/#website\",\"url\":\"https:\\\/\\\/saiga.es\\\/fr\\\/\",\"name\":\"SAIGA\",\"description\":\"M\u00e9s de 50 anys al servei de la terra i treballant per a un \u00fas eficient de l\u2019aigua!\",\"publisher\":{\"@id\":\"https:\\\/\\\/saiga.es\\\/fr\\\/#organization\"},\"potentialAction\":[{\"@type\":\"SearchAction\",\"target\":{\"@type\":\"EntryPoint\",\"urlTemplate\":\"https:\\\/\\\/saiga.es\\\/fr\\\/?s={search_term_string}\"},\"query-input\":{\"@type\":\"PropertyValueSpecification\",\"valueRequired\":true,\"valueName\":\"search_term_string\"}}],\"inLanguage\":\"fr-FR\"},{\"@type\":\"Organization\",\"@id\":\"https:\\\/\\\/saiga.es\\\/fr\\\/#organization\",\"name\":\"SAIGA\",\"url\":\"https:\\\/\\\/saiga.es\\\/fr\\\/\",\"logo\":{\"@type\":\"ImageObject\",\"inLanguage\":\"fr-FR\",\"@id\":\"https:\\\/\\\/saiga.es\\\/fr\\\/#\\\/schema\\\/logo\\\/image\\\/\",\"url\":\"https:\\\/\\\/saiga.es\\\/wp-content\\\/uploads\\\/2025\\\/07\\\/logo_saiga_baseline_optimitzat.svg\",\"contentUrl\":\"https:\\\/\\\/saiga.es\\\/wp-content\\\/uploads\\\/2025\\\/07\\\/logo_saiga_baseline_optimitzat.svg\",\"caption\":\"SAIGA\"},\"image\":{\"@id\":\"https:\\\/\\\/saiga.es\\\/fr\\\/#\\\/schema\\\/logo\\\/image\\\/\"},\"sameAs\":[\"https:\\\/\\\/x.com\\\/saiga_agro\",\"https:\\\/\\\/www.instagram.com\\\/saiga_agro\\\/\"]}]}<\/script>\n<!-- \/ Yoast SEO plugin. -->","yoast_head_json":{"title":"Jardini\u00e8re \u00e0 pointe m\u00e9tallique Combisystem Gardena | SAIGA","description":"Le planteur GARDENA facilite la plantation des graines avec son embout galvanis\u00e9 p\u00e9n\u00e9trant jusqu'\u00e0 19,5 cm et sa poign\u00e9e ergonomique.","robots":{"index":"index","follow":"follow","max-snippet":"max-snippet:-1","max-image-preview":"max-image-preview:large","max-video-preview":"max-video-preview:-1"},"canonical":"https:\/\/saiga.es\/fr\/produit\/jardiniere-a-pointe-metallique-combisystem-gardena\/","og_locale":"fr_FR","og_type":"article","og_title":"Jardini\u00e8re \u00e0 pointe m\u00e9tallique Combisystem Gardena | SAIGA","og_description":"Le planteur GARDENA facilite la plantation des graines avec son embout galvanis\u00e9 p\u00e9n\u00e9trant jusqu'\u00e0 19,5 cm et sa poign\u00e9e ergonomique.","og_url":"https:\/\/saiga.es\/fr\/produit\/jardiniere-a-pointe-metallique-combisystem-gardena\/","og_site_name":"SAIGA","og_image":[{"width":530,"height":530,"url":"https:\/\/saiga.es\/wp-content\/uploads\/2024\/07\/GA410-0178_HighResPng.webp","type":"image\/webp"}],"twitter_card":"summary_large_image","twitter_site":"@saiga_agro","schema":{"@context":"https:\/\/schema.org","@graph":[{"@type":"WebPage","@id":"https:\/\/saiga.es\/fr\/produit\/jardiniere-a-pointe-metallique-combisystem-gardena\/","url":"https:\/\/saiga.es\/fr\/produit\/jardiniere-a-pointe-metallique-combisystem-gardena\/","name":"Jardini\u00e8re \u00e0 pointe m\u00e9tallique Combisystem Gardena | SAIGA","isPartOf":{"@id":"https:\/\/saiga.es\/fr\/#website"},"primaryImageOfPage":{"@id":"https:\/\/saiga.es\/fr\/produit\/jardiniere-a-pointe-metallique-combisystem-gardena\/#primaryimage"},"image":{"@id":"https:\/\/saiga.es\/fr\/produit\/jardiniere-a-pointe-metallique-combisystem-gardena\/#primaryimage"},"thumbnailUrl":"https:\/\/saiga.es\/wp-content\/uploads\/2024\/07\/GA410-0178_HighResPng.webp","datePublished":"2024-07-30T08:29:05+00:00","description":"Le planteur GARDENA facilite la plantation des graines avec son embout galvanis\u00e9 p\u00e9n\u00e9trant jusqu'\u00e0 19,5 cm et sa poign\u00e9e ergonomique.","breadcrumb":{"@id":"https:\/\/saiga.es\/fr\/produit\/jardiniere-a-pointe-metallique-combisystem-gardena\/#breadcrumb"},"inLanguage":"fr-FR","potentialAction":[{"@type":"ReadAction","target":["https:\/\/saiga.es\/fr\/produit\/jardiniere-a-pointe-metallique-combisystem-gardena\/"]}]},{"@type":"ImageObject","inLanguage":"fr-FR","@id":"https:\/\/saiga.es\/fr\/produit\/jardiniere-a-pointe-metallique-combisystem-gardena\/#primaryimage","url":"https:\/\/saiga.es\/wp-content\/uploads\/2024\/07\/GA410-0178_HighResPng.webp","contentUrl":"https:\/\/saiga.es\/wp-content\/uploads\/2024\/07\/GA410-0178_HighResPng.webp","width":530,"height":530},{"@type":"BreadcrumbList","@id":"https:\/\/saiga.es\/fr\/produit\/jardiniere-a-pointe-metallique-combisystem-gardena\/#breadcrumb","itemListElement":[{"@type":"ListItem","position":1,"name":"Inici","item":"https:\/\/saiga.es\/fr\/"},{"@type":"ListItem","position":2,"name":"boutique","item":"https:\/\/saiga.es\/fr\/boutique\/"},{"@type":"ListItem","position":3,"name":"Jardini\u00e8re \u00e0 pointe m\u00e9tallique Combisystem Gardena"}]},{"@type":"WebSite","@id":"https:\/\/saiga.es\/fr\/#website","url":"https:\/\/saiga.es\/fr\/","name":"SAIGA","description":"M\u00e9s de 50 anys al servei de la terra i treballant per a un \u00fas eficient de l\u2019aigua!","publisher":{"@id":"https:\/\/saiga.es\/fr\/#organization"},"potentialAction":[{"@type":"SearchAction","target":{"@type":"EntryPoint","urlTemplate":"https:\/\/saiga.es\/fr\/?s={search_term_string}"},"query-input":{"@type":"PropertyValueSpecification","valueRequired":true,"valueName":"search_term_string"}}],"inLanguage":"fr-FR"},{"@type":"Organization","@id":"https:\/\/saiga.es\/fr\/#organization","name":"SAIGA","url":"https:\/\/saiga.es\/fr\/","logo":{"@type":"ImageObject","inLanguage":"fr-FR","@id":"https:\/\/saiga.es\/fr\/#\/schema\/logo\/image\/","url":"https:\/\/saiga.es\/wp-content\/uploads\/2025\/07\/logo_saiga_baseline_optimitzat.svg","contentUrl":"https:\/\/saiga.es\/wp-content\/uploads\/2025\/07\/logo_saiga_baseline_optimitzat.svg","caption":"SAIGA"},"image":{"@id":"https:\/\/saiga.es\/fr\/#\/schema\/logo\/image\/"},"sameAs":["https:\/\/x.com\/saiga_agro","https:\/\/www.instagram.com\/saiga_agro\/"]}]}},"_links":{"self":[{"href":"https:\/\/saiga.es\/fr\/wp-json\/wp\/v2\/product\/11587","targetHints":{"allow":["GET"]}}],"collection":[{"href":"https:\/\/saiga.es\/fr\/wp-json\/wp\/v2\/product"}],"about":[{"href":"https:\/\/saiga.es\/fr\/wp-json\/wp\/v2\/types\/product"}],"replies":[{"embeddable":true,"href":"https:\/\/saiga.es\/fr\/wp-json\/wp\/v2\/comments?post=11587"}],"wp:featuredmedia":[{"embeddable":true,"href":"https:\/\/saiga.es\/fr\/wp-json\/wp\/v2\/media\/11452"}],"wp:attachment":[{"href":"https:\/\/saiga.es\/fr\/wp-json\/wp\/v2\/media?parent=11587"}],"wp:term":[{"taxonomy":"product_brand","embeddable":true,"href":"https:\/\/saiga.es\/fr\/wp-json\/wp\/v2\/product_brand?post=11587"},{"taxonomy":"product_cat","embeddable":true,"href":"https:\/\/saiga.es\/fr\/wp-json\/wp\/v2\/product_cat?post=11587"},{"taxonomy":"product_tag","embeddable":true,"href":"https:\/\/saiga.es\/fr\/wp-json\/wp\/v2\/product_tag?post=11587"}],"curies":[{"name":"wp","href":"https:\/\/api.w.org\/{rel}","templated":true}]}}