{"id":11620,"date":"2024-08-13T09:53:44","date_gmt":"2024-08-13T09:53:44","guid":{"rendered":"https:\/\/botiga.saiga.es\/producte\/arpon-diazipol-insecticide\/"},"modified":"2025-11-11T10:32:34","modified_gmt":"2025-11-11T10:32:34","slug":"arpon-diazipol-insecticide","status":"publish","type":"product","link":"https:\/\/saiga.es\/fr\/produit\/arpon-diazipol-insecticide\/","title":{"rendered":"Arpon Diazipol Insecticide"},"content":{"rendered":"<p>Ce pesticide est id\u00e9al pour une d\u00e9sinfestation optimale de tous types d&rsquo;installations d&rsquo;\u00e9levage, notamment les \u00e9tables, les fermes, les chenils et les abattoirs. Il convient \u00e9galement aux cliniques v\u00e9t\u00e9rinaires (zones d&rsquo;hospitalisation, cages, etc.) et aux v\u00e9hicules de transport d&rsquo;animaux. <\/p>\n<p>Son large spectre d&rsquo;action comprend \u00e0 la fois les insectes volants (mouches, moustiques, gu\u00eapes, frelons) et les insectes rampants (puces, tiques, punaises de lit, col\u00e9opt\u00e8res, cafards, araign\u00e9es, fourmis, poux, etc.).<\/p>\n","protected":false},"excerpt":{"rendered":"<p>Arpon Diazipol est un pesticide \u00e9mulsionnable qui associe Cyperm\u00e9thrine\/Deltam\u00e9thrine\/T\u00e9tram\u00e9thrine pour des r\u00e9sultats spectaculaires dans l&rsquo;\u00e9limination des mouches en agissant sur l&rsquo;insecte de mani\u00e8re puissante, simultan\u00e9e et soutenue.<\/p>\n","protected":false},"featured_media":11618,"comment_status":"closed","ping_status":"closed","template":"","meta":[],"product_brand":[],"product_cat":[439,445,442],"product_tag":[1480,1476,1581,891],"class_list":{"0":"post-11620","1":"product","2":"type-product","3":"status-publish","4":"has-post-thumbnail","6":"product_cat-biocides-fr","7":"product_cat-insecticides-fr-2","8":"product_cat-non-classe","9":"product_tag-anti-mouches","10":"product_tag-anti-moustique","11":"product_tag-insectes-volants-et-rampants","12":"product_tag-insecticide","14":"first","15":"instock","16":"taxable","17":"shipping-taxable","18":"purchasable","19":"product-type-simple"},"yoast_head":"<!-- This site is optimized with the Yoast SEO plugin v27.4 - https:\/\/yoast.com\/product\/yoast-seo-wordpress\/ -->\n<title>Arpon Diazipol Insecticide | SAIGA<\/title>\n<meta name=\"description\" content=\"Arpon Diazipol est un pesticide \u00e9mulsionnable qui associe Cyperm\u00e9thrine\/Deltam\u00e9thrine\/T\u00e9tram\u00e9thrine pour des r\u00e9sultats spectaculaires dans l&#039;\u00e9limination des mouches en agissant sur l&#039;insecte de mani\u00e8re puissante, simultan\u00e9e et soutenue.\" \/>\n<meta name=\"robots\" content=\"index, follow, max-snippet:-1, max-image-preview:large, max-video-preview:-1\" \/>\n<link rel=\"canonical\" href=\"https:\/\/saiga.es\/fr\/produit\/arpon-diazipol-insecticide\/\" \/>\n<meta property=\"og:locale\" content=\"fr_FR\" \/>\n<meta property=\"og:type\" content=\"article\" \/>\n<meta property=\"og:title\" content=\"Arpon Diazipol Insecticide | SAIGA\" \/>\n<meta property=\"og:description\" content=\"Arpon Diazipol est un pesticide \u00e9mulsionnable qui associe Cyperm\u00e9thrine\/Deltam\u00e9thrine\/T\u00e9tram\u00e9thrine pour des r\u00e9sultats spectaculaires dans l&#039;\u00e9limination des mouches en agissant sur l&#039;insecte de mani\u00e8re puissante, simultan\u00e9e et soutenue.\" \/>\n<meta property=\"og:url\" content=\"https:\/\/saiga.es\/fr\/produit\/arpon-diazipol-insecticide\/\" \/>\n<meta property=\"og:site_name\" content=\"SAIGA\" \/>\n<meta property=\"article:modified_time\" content=\"2025-11-11T10:32:34+00:00\" \/>\n<meta property=\"og:image\" content=\"https:\/\/saiga.es\/wp-content\/uploads\/2024\/08\/Arpon-Diazipol-insecticida.jpg\" \/>\n\t<meta property=\"og:image:width\" content=\"1080\" \/>\n\t<meta property=\"og:image:height\" content=\"1080\" \/>\n\t<meta property=\"og:image:type\" content=\"image\/jpeg\" \/>\n<meta name=\"twitter:card\" content=\"summary_large_image\" \/>\n<meta name=\"twitter:site\" content=\"@saiga_agro\" \/>\n<script type=\"application\/ld+json\" class=\"yoast-schema-graph\">{\"@context\":\"https:\\\/\\\/schema.org\",\"@graph\":[{\"@type\":\"WebPage\",\"@id\":\"https:\\\/\\\/saiga.es\\\/fr\\\/produit\\\/arpon-diazipol-insecticide\\\/\",\"url\":\"https:\\\/\\\/saiga.es\\\/fr\\\/produit\\\/arpon-diazipol-insecticide\\\/\",\"name\":\"Arpon Diazipol Insecticide | SAIGA\",\"isPartOf\":{\"@id\":\"https:\\\/\\\/saiga.es\\\/fr\\\/#website\"},\"primaryImageOfPage\":{\"@id\":\"https:\\\/\\\/saiga.es\\\/fr\\\/produit\\\/arpon-diazipol-insecticide\\\/#primaryimage\"},\"image\":{\"@id\":\"https:\\\/\\\/saiga.es\\\/fr\\\/produit\\\/arpon-diazipol-insecticide\\\/#primaryimage\"},\"thumbnailUrl\":\"https:\\\/\\\/saiga.es\\\/wp-content\\\/uploads\\\/2024\\\/08\\\/Arpon-Diazipol-insecticida.jpg\",\"datePublished\":\"2024-08-13T09:53:44+00:00\",\"dateModified\":\"2025-11-11T10:32:34+00:00\",\"description\":\"Arpon Diazipol est un pesticide \u00e9mulsionnable qui associe Cyperm\u00e9thrine\\\/Deltam\u00e9thrine\\\/T\u00e9tram\u00e9thrine pour des r\u00e9sultats spectaculaires dans l'\u00e9limination des mouches en agissant sur l'insecte de mani\u00e8re puissante, simultan\u00e9e et soutenue.\",\"breadcrumb\":{\"@id\":\"https:\\\/\\\/saiga.es\\\/fr\\\/produit\\\/arpon-diazipol-insecticide\\\/#breadcrumb\"},\"inLanguage\":\"fr-FR\",\"potentialAction\":[{\"@type\":\"ReadAction\",\"target\":[\"https:\\\/\\\/saiga.es\\\/fr\\\/produit\\\/arpon-diazipol-insecticide\\\/\"]}]},{\"@type\":\"ImageObject\",\"inLanguage\":\"fr-FR\",\"@id\":\"https:\\\/\\\/saiga.es\\\/fr\\\/produit\\\/arpon-diazipol-insecticide\\\/#primaryimage\",\"url\":\"https:\\\/\\\/saiga.es\\\/wp-content\\\/uploads\\\/2024\\\/08\\\/Arpon-Diazipol-insecticida.jpg\",\"contentUrl\":\"https:\\\/\\\/saiga.es\\\/wp-content\\\/uploads\\\/2024\\\/08\\\/Arpon-Diazipol-insecticida.jpg\",\"width\":1080,\"height\":1080,\"caption\":\"Arpon Diazipol\"},{\"@type\":\"BreadcrumbList\",\"@id\":\"https:\\\/\\\/saiga.es\\\/fr\\\/produit\\\/arpon-diazipol-insecticide\\\/#breadcrumb\",\"itemListElement\":[{\"@type\":\"ListItem\",\"position\":1,\"name\":\"Inici\",\"item\":\"https:\\\/\\\/saiga.es\\\/fr\\\/\"},{\"@type\":\"ListItem\",\"position\":2,\"name\":\"boutique\",\"item\":\"https:\\\/\\\/saiga.es\\\/fr\\\/boutique\\\/\"},{\"@type\":\"ListItem\",\"position\":3,\"name\":\"Arpon Diazipol Insecticide\"}]},{\"@type\":\"WebSite\",\"@id\":\"https:\\\/\\\/saiga.es\\\/fr\\\/#website\",\"url\":\"https:\\\/\\\/saiga.es\\\/fr\\\/\",\"name\":\"SAIGA\",\"description\":\"M\u00e9s de 50 anys al servei de la terra i treballant per a un \u00fas eficient de l\u2019aigua!\",\"publisher\":{\"@id\":\"https:\\\/\\\/saiga.es\\\/fr\\\/#organization\"},\"potentialAction\":[{\"@type\":\"SearchAction\",\"target\":{\"@type\":\"EntryPoint\",\"urlTemplate\":\"https:\\\/\\\/saiga.es\\\/fr\\\/?s={search_term_string}\"},\"query-input\":{\"@type\":\"PropertyValueSpecification\",\"valueRequired\":true,\"valueName\":\"search_term_string\"}}],\"inLanguage\":\"fr-FR\"},{\"@type\":\"Organization\",\"@id\":\"https:\\\/\\\/saiga.es\\\/fr\\\/#organization\",\"name\":\"SAIGA\",\"url\":\"https:\\\/\\\/saiga.es\\\/fr\\\/\",\"logo\":{\"@type\":\"ImageObject\",\"inLanguage\":\"fr-FR\",\"@id\":\"https:\\\/\\\/saiga.es\\\/fr\\\/#\\\/schema\\\/logo\\\/image\\\/\",\"url\":\"https:\\\/\\\/saiga.es\\\/wp-content\\\/uploads\\\/2025\\\/07\\\/logo_saiga_baseline_optimitzat.svg\",\"contentUrl\":\"https:\\\/\\\/saiga.es\\\/wp-content\\\/uploads\\\/2025\\\/07\\\/logo_saiga_baseline_optimitzat.svg\",\"caption\":\"SAIGA\"},\"image\":{\"@id\":\"https:\\\/\\\/saiga.es\\\/fr\\\/#\\\/schema\\\/logo\\\/image\\\/\"},\"sameAs\":[\"https:\\\/\\\/x.com\\\/saiga_agro\",\"https:\\\/\\\/www.instagram.com\\\/saiga_agro\\\/\"]}]}<\/script>\n<!-- \/ Yoast SEO plugin. -->","yoast_head_json":{"title":"Arpon Diazipol Insecticide | SAIGA","description":"Arpon Diazipol est un pesticide \u00e9mulsionnable qui associe Cyperm\u00e9thrine\/Deltam\u00e9thrine\/T\u00e9tram\u00e9thrine pour des r\u00e9sultats spectaculaires dans l'\u00e9limination des mouches en agissant sur l'insecte de mani\u00e8re puissante, simultan\u00e9e et soutenue.","robots":{"index":"index","follow":"follow","max-snippet":"max-snippet:-1","max-image-preview":"max-image-preview:large","max-video-preview":"max-video-preview:-1"},"canonical":"https:\/\/saiga.es\/fr\/produit\/arpon-diazipol-insecticide\/","og_locale":"fr_FR","og_type":"article","og_title":"Arpon Diazipol Insecticide | SAIGA","og_description":"Arpon Diazipol est un pesticide \u00e9mulsionnable qui associe Cyperm\u00e9thrine\/Deltam\u00e9thrine\/T\u00e9tram\u00e9thrine pour des r\u00e9sultats spectaculaires dans l'\u00e9limination des mouches en agissant sur l'insecte de mani\u00e8re puissante, simultan\u00e9e et soutenue.","og_url":"https:\/\/saiga.es\/fr\/produit\/arpon-diazipol-insecticide\/","og_site_name":"SAIGA","article_modified_time":"2025-11-11T10:32:34+00:00","og_image":[{"width":1080,"height":1080,"url":"https:\/\/saiga.es\/wp-content\/uploads\/2024\/08\/Arpon-Diazipol-insecticida.jpg","type":"image\/jpeg"}],"twitter_card":"summary_large_image","twitter_site":"@saiga_agro","schema":{"@context":"https:\/\/schema.org","@graph":[{"@type":"WebPage","@id":"https:\/\/saiga.es\/fr\/produit\/arpon-diazipol-insecticide\/","url":"https:\/\/saiga.es\/fr\/produit\/arpon-diazipol-insecticide\/","name":"Arpon Diazipol Insecticide | SAIGA","isPartOf":{"@id":"https:\/\/saiga.es\/fr\/#website"},"primaryImageOfPage":{"@id":"https:\/\/saiga.es\/fr\/produit\/arpon-diazipol-insecticide\/#primaryimage"},"image":{"@id":"https:\/\/saiga.es\/fr\/produit\/arpon-diazipol-insecticide\/#primaryimage"},"thumbnailUrl":"https:\/\/saiga.es\/wp-content\/uploads\/2024\/08\/Arpon-Diazipol-insecticida.jpg","datePublished":"2024-08-13T09:53:44+00:00","dateModified":"2025-11-11T10:32:34+00:00","description":"Arpon Diazipol est un pesticide \u00e9mulsionnable qui associe Cyperm\u00e9thrine\/Deltam\u00e9thrine\/T\u00e9tram\u00e9thrine pour des r\u00e9sultats spectaculaires dans l'\u00e9limination des mouches en agissant sur l'insecte de mani\u00e8re puissante, simultan\u00e9e et soutenue.","breadcrumb":{"@id":"https:\/\/saiga.es\/fr\/produit\/arpon-diazipol-insecticide\/#breadcrumb"},"inLanguage":"fr-FR","potentialAction":[{"@type":"ReadAction","target":["https:\/\/saiga.es\/fr\/produit\/arpon-diazipol-insecticide\/"]}]},{"@type":"ImageObject","inLanguage":"fr-FR","@id":"https:\/\/saiga.es\/fr\/produit\/arpon-diazipol-insecticide\/#primaryimage","url":"https:\/\/saiga.es\/wp-content\/uploads\/2024\/08\/Arpon-Diazipol-insecticida.jpg","contentUrl":"https:\/\/saiga.es\/wp-content\/uploads\/2024\/08\/Arpon-Diazipol-insecticida.jpg","width":1080,"height":1080,"caption":"Arpon Diazipol"},{"@type":"BreadcrumbList","@id":"https:\/\/saiga.es\/fr\/produit\/arpon-diazipol-insecticide\/#breadcrumb","itemListElement":[{"@type":"ListItem","position":1,"name":"Inici","item":"https:\/\/saiga.es\/fr\/"},{"@type":"ListItem","position":2,"name":"boutique","item":"https:\/\/saiga.es\/fr\/boutique\/"},{"@type":"ListItem","position":3,"name":"Arpon Diazipol Insecticide"}]},{"@type":"WebSite","@id":"https:\/\/saiga.es\/fr\/#website","url":"https:\/\/saiga.es\/fr\/","name":"SAIGA","description":"M\u00e9s de 50 anys al servei de la terra i treballant per a un \u00fas eficient de l\u2019aigua!","publisher":{"@id":"https:\/\/saiga.es\/fr\/#organization"},"potentialAction":[{"@type":"SearchAction","target":{"@type":"EntryPoint","urlTemplate":"https:\/\/saiga.es\/fr\/?s={search_term_string}"},"query-input":{"@type":"PropertyValueSpecification","valueRequired":true,"valueName":"search_term_string"}}],"inLanguage":"fr-FR"},{"@type":"Organization","@id":"https:\/\/saiga.es\/fr\/#organization","name":"SAIGA","url":"https:\/\/saiga.es\/fr\/","logo":{"@type":"ImageObject","inLanguage":"fr-FR","@id":"https:\/\/saiga.es\/fr\/#\/schema\/logo\/image\/","url":"https:\/\/saiga.es\/wp-content\/uploads\/2025\/07\/logo_saiga_baseline_optimitzat.svg","contentUrl":"https:\/\/saiga.es\/wp-content\/uploads\/2025\/07\/logo_saiga_baseline_optimitzat.svg","caption":"SAIGA"},"image":{"@id":"https:\/\/saiga.es\/fr\/#\/schema\/logo\/image\/"},"sameAs":["https:\/\/x.com\/saiga_agro","https:\/\/www.instagram.com\/saiga_agro\/"]}]}},"_links":{"self":[{"href":"https:\/\/saiga.es\/fr\/wp-json\/wp\/v2\/product\/11620","targetHints":{"allow":["GET"]}}],"collection":[{"href":"https:\/\/saiga.es\/fr\/wp-json\/wp\/v2\/product"}],"about":[{"href":"https:\/\/saiga.es\/fr\/wp-json\/wp\/v2\/types\/product"}],"replies":[{"embeddable":true,"href":"https:\/\/saiga.es\/fr\/wp-json\/wp\/v2\/comments?post=11620"}],"wp:featuredmedia":[{"embeddable":true,"href":"https:\/\/saiga.es\/fr\/wp-json\/wp\/v2\/media\/11618"}],"wp:attachment":[{"href":"https:\/\/saiga.es\/fr\/wp-json\/wp\/v2\/media?parent=11620"}],"wp:term":[{"taxonomy":"product_brand","embeddable":true,"href":"https:\/\/saiga.es\/fr\/wp-json\/wp\/v2\/product_brand?post=11620"},{"taxonomy":"product_cat","embeddable":true,"href":"https:\/\/saiga.es\/fr\/wp-json\/wp\/v2\/product_cat?post=11620"},{"taxonomy":"product_tag","embeddable":true,"href":"https:\/\/saiga.es\/fr\/wp-json\/wp\/v2\/product_tag?post=11620"}],"curies":[{"name":"wp","href":"https:\/\/api.w.org\/{rel}","templated":true}]}}