{"id":11664,"date":"2024-08-27T13:48:00","date_gmt":"2024-08-27T13:48:00","guid":{"rendered":"https:\/\/botiga.saiga.es\/producte\/arroseur-rain-bird-5000-fc-circulaire\/"},"modified":"2024-08-27T13:48:00","modified_gmt":"2024-08-27T13:48:00","slug":"arroseur-rain-bird-5000-fc-circulaire","status":"publish","type":"product","link":"https:\/\/saiga.es\/fr\/produit\/arroseur-rain-bird-5000-fc-circulaire\/","title":{"rendered":"Arroseur Rain Bird 5000 FC Circulaire"},"content":{"rendered":"<p>Arroseurs circulaires Rain Bird 5000 FC Avec des performances in\u00e9gal\u00e9es de 25&prime; \u00e0 50&prime;, les arroseurs Rain Bird de la s\u00e9rie 5000 sont parfaits pour les applications r\u00e9sidentielles, commerciales l\u00e9g\u00e8res et commerciales. Combinant le seul joint d&rsquo;\u00e9tanch\u00e9it\u00e9 \u00e0 triple lame du secteur avec les buses Rain Curtain\u2122 in\u00e9gal\u00e9es, les rotors de la s\u00e9rie 5000 offrent une couverture uniforme et durable. <\/p>\n","protected":false},"excerpt":{"rendered":"<p>Arroseurs circulaires Rain Bird 5000 FC Avec des performances in\u00e9gal\u00e9es de 25&prime; \u00e0 50&prime;, les arroseurs Rain Bird de la s\u00e9rie 5000 sont parfaits pour les applications r\u00e9sidentielles, commerciales l\u00e9g\u00e8res et commerciales. Combinant le seul joint d&rsquo;\u00e9tanch\u00e9it\u00e9 \u00e0 triple lame du secteur avec les buses Rain Curtain\u2122 in\u00e9gal\u00e9es, les rotors de la s\u00e9rie 5000 offrent une couverture uniforme et durable. -Imperm\u00e9abilisation triple feuille exclusive -Buses pour rideaux de pluie \u00e0 la pointe de l&rsquo;industrie -Options pour toutes les applications -Avec une garantie commerciale de 5 ans  <\/p>\n","protected":false},"featured_media":11656,"comment_status":"closed","ping_status":"closed","template":"","meta":[],"product_brand":[],"product_cat":[470],"product_tag":[1315,1088,824],"class_list":{"0":"post-11664","1":"product","2":"type-product","3":"status-publish","4":"has-post-thumbnail","6":"product_cat-arroseurs-et-diffuseurs","7":"product_tag-arroseurs","8":"product_tag-rain-bird-fr","9":"product_tag-reg-fr","11":"first","12":"instock","13":"taxable","14":"shipping-taxable","15":"purchasable","16":"product-type-simple"},"yoast_head":"<!-- This site is optimized with the Yoast SEO plugin v27.4 - https:\/\/yoast.com\/product\/yoast-seo-wordpress\/ -->\n<title>Arroseur Rain Bird 5000 FC Circulaire | SAIGA<\/title>\n<meta name=\"description\" content=\"Arroseurs circulaires Rain Bird 5000 FC Avec des performances in\u00e9gal\u00e9es de 25&#039; \u00e0 50&#039;, les arroseurs Rain Bird de la s\u00e9rie 5000 sont parfaits pour les applications r\u00e9sidentielles, commerciales l\u00e9g\u00e8res et commerciales.\" \/>\n<meta name=\"robots\" content=\"index, follow, max-snippet:-1, max-image-preview:large, max-video-preview:-1\" \/>\n<link rel=\"canonical\" href=\"https:\/\/saiga.es\/fr\/produit\/arroseur-rain-bird-5000-fc-circulaire\/\" \/>\n<meta property=\"og:locale\" content=\"fr_FR\" \/>\n<meta property=\"og:type\" content=\"article\" \/>\n<meta property=\"og:title\" content=\"Arroseur Rain Bird 5000 FC Circulaire | SAIGA\" \/>\n<meta property=\"og:description\" content=\"Arroseurs circulaires Rain Bird 5000 FC Avec des performances in\u00e9gal\u00e9es de 25&#039; \u00e0 50&#039;, les arroseurs Rain Bird de la s\u00e9rie 5000 sont parfaits pour les applications r\u00e9sidentielles, commerciales l\u00e9g\u00e8res et commerciales.\" \/>\n<meta property=\"og:url\" content=\"https:\/\/saiga.es\/fr\/produit\/arroseur-rain-bird-5000-fc-circulaire\/\" \/>\n<meta property=\"og:site_name\" content=\"SAIGA\" \/>\n<meta property=\"og:image\" content=\"https:\/\/saiga.es\/wp-content\/uploads\/2024\/08\/Rain-Bird-serie-5000.jpg\" \/>\n\t<meta property=\"og:image:width\" content=\"1080\" \/>\n\t<meta property=\"og:image:height\" content=\"1080\" \/>\n\t<meta property=\"og:image:type\" content=\"image\/jpeg\" \/>\n<meta name=\"twitter:card\" content=\"summary_large_image\" \/>\n<meta name=\"twitter:site\" content=\"@saiga_agro\" \/>\n<script type=\"application\/ld+json\" class=\"yoast-schema-graph\">{\"@context\":\"https:\\\/\\\/schema.org\",\"@graph\":[{\"@type\":\"WebPage\",\"@id\":\"https:\\\/\\\/saiga.es\\\/fr\\\/produit\\\/arroseur-rain-bird-5000-fc-circulaire\\\/\",\"url\":\"https:\\\/\\\/saiga.es\\\/fr\\\/produit\\\/arroseur-rain-bird-5000-fc-circulaire\\\/\",\"name\":\"Arroseur Rain Bird 5000 FC Circulaire | SAIGA\",\"isPartOf\":{\"@id\":\"https:\\\/\\\/saiga.es\\\/fr\\\/#website\"},\"primaryImageOfPage\":{\"@id\":\"https:\\\/\\\/saiga.es\\\/fr\\\/produit\\\/arroseur-rain-bird-5000-fc-circulaire\\\/#primaryimage\"},\"image\":{\"@id\":\"https:\\\/\\\/saiga.es\\\/fr\\\/produit\\\/arroseur-rain-bird-5000-fc-circulaire\\\/#primaryimage\"},\"thumbnailUrl\":\"https:\\\/\\\/saiga.es\\\/wp-content\\\/uploads\\\/2024\\\/08\\\/Rain-Bird-serie-5000.jpg\",\"datePublished\":\"2024-08-27T13:48:00+00:00\",\"description\":\"Arroseurs circulaires Rain Bird 5000 FC Avec des performances in\u00e9gal\u00e9es de 25' \u00e0 50', les arroseurs Rain Bird de la s\u00e9rie 5000 sont parfaits pour les applications r\u00e9sidentielles, commerciales l\u00e9g\u00e8res et commerciales.\",\"breadcrumb\":{\"@id\":\"https:\\\/\\\/saiga.es\\\/fr\\\/produit\\\/arroseur-rain-bird-5000-fc-circulaire\\\/#breadcrumb\"},\"inLanguage\":\"fr-FR\",\"potentialAction\":[{\"@type\":\"ReadAction\",\"target\":[\"https:\\\/\\\/saiga.es\\\/fr\\\/produit\\\/arroseur-rain-bird-5000-fc-circulaire\\\/\"]}]},{\"@type\":\"ImageObject\",\"inLanguage\":\"fr-FR\",\"@id\":\"https:\\\/\\\/saiga.es\\\/fr\\\/produit\\\/arroseur-rain-bird-5000-fc-circulaire\\\/#primaryimage\",\"url\":\"https:\\\/\\\/saiga.es\\\/wp-content\\\/uploads\\\/2024\\\/08\\\/Rain-Bird-serie-5000.jpg\",\"contentUrl\":\"https:\\\/\\\/saiga.es\\\/wp-content\\\/uploads\\\/2024\\\/08\\\/Rain-Bird-serie-5000.jpg\",\"width\":1080,\"height\":1080,\"caption\":\"Arroseur Rain Bird S\u00e9rie 5000\"},{\"@type\":\"BreadcrumbList\",\"@id\":\"https:\\\/\\\/saiga.es\\\/fr\\\/produit\\\/arroseur-rain-bird-5000-fc-circulaire\\\/#breadcrumb\",\"itemListElement\":[{\"@type\":\"ListItem\",\"position\":1,\"name\":\"Inici\",\"item\":\"https:\\\/\\\/saiga.es\\\/fr\\\/\"},{\"@type\":\"ListItem\",\"position\":2,\"name\":\"boutique\",\"item\":\"https:\\\/\\\/saiga.es\\\/fr\\\/boutique\\\/\"},{\"@type\":\"ListItem\",\"position\":3,\"name\":\"Arroseur Rain Bird 5000 FC Circulaire\"}]},{\"@type\":\"WebSite\",\"@id\":\"https:\\\/\\\/saiga.es\\\/fr\\\/#website\",\"url\":\"https:\\\/\\\/saiga.es\\\/fr\\\/\",\"name\":\"SAIGA\",\"description\":\"M\u00e9s de 50 anys al servei de la terra i treballant per a un \u00fas eficient de l\u2019aigua!\",\"publisher\":{\"@id\":\"https:\\\/\\\/saiga.es\\\/fr\\\/#organization\"},\"potentialAction\":[{\"@type\":\"SearchAction\",\"target\":{\"@type\":\"EntryPoint\",\"urlTemplate\":\"https:\\\/\\\/saiga.es\\\/fr\\\/?s={search_term_string}\"},\"query-input\":{\"@type\":\"PropertyValueSpecification\",\"valueRequired\":true,\"valueName\":\"search_term_string\"}}],\"inLanguage\":\"fr-FR\"},{\"@type\":\"Organization\",\"@id\":\"https:\\\/\\\/saiga.es\\\/fr\\\/#organization\",\"name\":\"SAIGA\",\"url\":\"https:\\\/\\\/saiga.es\\\/fr\\\/\",\"logo\":{\"@type\":\"ImageObject\",\"inLanguage\":\"fr-FR\",\"@id\":\"https:\\\/\\\/saiga.es\\\/fr\\\/#\\\/schema\\\/logo\\\/image\\\/\",\"url\":\"https:\\\/\\\/saiga.es\\\/wp-content\\\/uploads\\\/2025\\\/07\\\/logo_saiga_baseline_optimitzat.svg\",\"contentUrl\":\"https:\\\/\\\/saiga.es\\\/wp-content\\\/uploads\\\/2025\\\/07\\\/logo_saiga_baseline_optimitzat.svg\",\"caption\":\"SAIGA\"},\"image\":{\"@id\":\"https:\\\/\\\/saiga.es\\\/fr\\\/#\\\/schema\\\/logo\\\/image\\\/\"},\"sameAs\":[\"https:\\\/\\\/x.com\\\/saiga_agro\",\"https:\\\/\\\/www.instagram.com\\\/saiga_agro\\\/\"]}]}<\/script>\n<!-- \/ Yoast SEO plugin. -->","yoast_head_json":{"title":"Arroseur Rain Bird 5000 FC Circulaire | SAIGA","description":"Arroseurs circulaires Rain Bird 5000 FC Avec des performances in\u00e9gal\u00e9es de 25' \u00e0 50', les arroseurs Rain Bird de la s\u00e9rie 5000 sont parfaits pour les applications r\u00e9sidentielles, commerciales l\u00e9g\u00e8res et commerciales.","robots":{"index":"index","follow":"follow","max-snippet":"max-snippet:-1","max-image-preview":"max-image-preview:large","max-video-preview":"max-video-preview:-1"},"canonical":"https:\/\/saiga.es\/fr\/produit\/arroseur-rain-bird-5000-fc-circulaire\/","og_locale":"fr_FR","og_type":"article","og_title":"Arroseur Rain Bird 5000 FC Circulaire | SAIGA","og_description":"Arroseurs circulaires Rain Bird 5000 FC Avec des performances in\u00e9gal\u00e9es de 25' \u00e0 50', les arroseurs Rain Bird de la s\u00e9rie 5000 sont parfaits pour les applications r\u00e9sidentielles, commerciales l\u00e9g\u00e8res et commerciales.","og_url":"https:\/\/saiga.es\/fr\/produit\/arroseur-rain-bird-5000-fc-circulaire\/","og_site_name":"SAIGA","og_image":[{"width":1080,"height":1080,"url":"https:\/\/saiga.es\/wp-content\/uploads\/2024\/08\/Rain-Bird-serie-5000.jpg","type":"image\/jpeg"}],"twitter_card":"summary_large_image","twitter_site":"@saiga_agro","schema":{"@context":"https:\/\/schema.org","@graph":[{"@type":"WebPage","@id":"https:\/\/saiga.es\/fr\/produit\/arroseur-rain-bird-5000-fc-circulaire\/","url":"https:\/\/saiga.es\/fr\/produit\/arroseur-rain-bird-5000-fc-circulaire\/","name":"Arroseur Rain Bird 5000 FC Circulaire | SAIGA","isPartOf":{"@id":"https:\/\/saiga.es\/fr\/#website"},"primaryImageOfPage":{"@id":"https:\/\/saiga.es\/fr\/produit\/arroseur-rain-bird-5000-fc-circulaire\/#primaryimage"},"image":{"@id":"https:\/\/saiga.es\/fr\/produit\/arroseur-rain-bird-5000-fc-circulaire\/#primaryimage"},"thumbnailUrl":"https:\/\/saiga.es\/wp-content\/uploads\/2024\/08\/Rain-Bird-serie-5000.jpg","datePublished":"2024-08-27T13:48:00+00:00","description":"Arroseurs circulaires Rain Bird 5000 FC Avec des performances in\u00e9gal\u00e9es de 25' \u00e0 50', les arroseurs Rain Bird de la s\u00e9rie 5000 sont parfaits pour les applications r\u00e9sidentielles, commerciales l\u00e9g\u00e8res et commerciales.","breadcrumb":{"@id":"https:\/\/saiga.es\/fr\/produit\/arroseur-rain-bird-5000-fc-circulaire\/#breadcrumb"},"inLanguage":"fr-FR","potentialAction":[{"@type":"ReadAction","target":["https:\/\/saiga.es\/fr\/produit\/arroseur-rain-bird-5000-fc-circulaire\/"]}]},{"@type":"ImageObject","inLanguage":"fr-FR","@id":"https:\/\/saiga.es\/fr\/produit\/arroseur-rain-bird-5000-fc-circulaire\/#primaryimage","url":"https:\/\/saiga.es\/wp-content\/uploads\/2024\/08\/Rain-Bird-serie-5000.jpg","contentUrl":"https:\/\/saiga.es\/wp-content\/uploads\/2024\/08\/Rain-Bird-serie-5000.jpg","width":1080,"height":1080,"caption":"Arroseur Rain Bird S\u00e9rie 5000"},{"@type":"BreadcrumbList","@id":"https:\/\/saiga.es\/fr\/produit\/arroseur-rain-bird-5000-fc-circulaire\/#breadcrumb","itemListElement":[{"@type":"ListItem","position":1,"name":"Inici","item":"https:\/\/saiga.es\/fr\/"},{"@type":"ListItem","position":2,"name":"boutique","item":"https:\/\/saiga.es\/fr\/boutique\/"},{"@type":"ListItem","position":3,"name":"Arroseur Rain Bird 5000 FC Circulaire"}]},{"@type":"WebSite","@id":"https:\/\/saiga.es\/fr\/#website","url":"https:\/\/saiga.es\/fr\/","name":"SAIGA","description":"M\u00e9s de 50 anys al servei de la terra i treballant per a un \u00fas eficient de l\u2019aigua!","publisher":{"@id":"https:\/\/saiga.es\/fr\/#organization"},"potentialAction":[{"@type":"SearchAction","target":{"@type":"EntryPoint","urlTemplate":"https:\/\/saiga.es\/fr\/?s={search_term_string}"},"query-input":{"@type":"PropertyValueSpecification","valueRequired":true,"valueName":"search_term_string"}}],"inLanguage":"fr-FR"},{"@type":"Organization","@id":"https:\/\/saiga.es\/fr\/#organization","name":"SAIGA","url":"https:\/\/saiga.es\/fr\/","logo":{"@type":"ImageObject","inLanguage":"fr-FR","@id":"https:\/\/saiga.es\/fr\/#\/schema\/logo\/image\/","url":"https:\/\/saiga.es\/wp-content\/uploads\/2025\/07\/logo_saiga_baseline_optimitzat.svg","contentUrl":"https:\/\/saiga.es\/wp-content\/uploads\/2025\/07\/logo_saiga_baseline_optimitzat.svg","caption":"SAIGA"},"image":{"@id":"https:\/\/saiga.es\/fr\/#\/schema\/logo\/image\/"},"sameAs":["https:\/\/x.com\/saiga_agro","https:\/\/www.instagram.com\/saiga_agro\/"]}]}},"_links":{"self":[{"href":"https:\/\/saiga.es\/fr\/wp-json\/wp\/v2\/product\/11664","targetHints":{"allow":["GET"]}}],"collection":[{"href":"https:\/\/saiga.es\/fr\/wp-json\/wp\/v2\/product"}],"about":[{"href":"https:\/\/saiga.es\/fr\/wp-json\/wp\/v2\/types\/product"}],"replies":[{"embeddable":true,"href":"https:\/\/saiga.es\/fr\/wp-json\/wp\/v2\/comments?post=11664"}],"wp:featuredmedia":[{"embeddable":true,"href":"https:\/\/saiga.es\/fr\/wp-json\/wp\/v2\/media\/11656"}],"wp:attachment":[{"href":"https:\/\/saiga.es\/fr\/wp-json\/wp\/v2\/media?parent=11664"}],"wp:term":[{"taxonomy":"product_brand","embeddable":true,"href":"https:\/\/saiga.es\/fr\/wp-json\/wp\/v2\/product_brand?post=11664"},{"taxonomy":"product_cat","embeddable":true,"href":"https:\/\/saiga.es\/fr\/wp-json\/wp\/v2\/product_cat?post=11664"},{"taxonomy":"product_tag","embeddable":true,"href":"https:\/\/saiga.es\/fr\/wp-json\/wp\/v2\/product_tag?post=11664"}],"curies":[{"name":"wp","href":"https:\/\/api.w.org\/{rel}","templated":true}]}}