{"id":11689,"date":"2024-08-28T09:35:45","date_gmt":"2024-08-28T09:35:45","guid":{"rendered":"https:\/\/botiga.saiga.es\/producte\/arroseur-rain-bird-falcon-pc-sectoriel\/"},"modified":"2024-08-28T09:35:45","modified_gmt":"2024-08-28T09:35:45","slug":"arroseur-rain-bird-falcon-pc-sectoriel","status":"publish","type":"product","link":"https:\/\/saiga.es\/fr\/produit\/arroseur-rain-bird-falcon-pc-sectoriel\/","title":{"rendered":"Arroseur Rain Bird Falcon PC sectoriel"},"content":{"rendered":"<p>L&rsquo;arroseur sectoriel Rain Bird Falcon PC est une option robuste et efficace pour l&rsquo;irrigation de grands espaces verts, tels que les parcs ou les terrains de sport. Avec une conception de secteur r\u00e9glable de 40\u00b0 \u00e0 360\u00b0, il permet d&rsquo;adapter la couverture exacte de l&rsquo;irrigation en fonction des besoins du terrain. Equip\u00e9 d&rsquo;un r\u00e9gulateur de pression int\u00e9gr\u00e9, il assure une distribution uniforme de l&rsquo;eau et des performances optimales m\u00eame en cas de fluctuations de d\u00e9bit. Ses buses interchangeables facilitent une personnalisation pr\u00e9cise. Construit avec des mat\u00e9riaux r\u00e9sistants aux conditions m\u00e9t\u00e9orologiques d\u00e9favorables, le Rain Bird Falcon PC Sectorial allie durabilit\u00e9 et polyvalence pour un arrosage fiable. Pour les ventes aux professionnels, contactez nos techniciens.     <\/p>\n","protected":false},"excerpt":{"rendered":"<p>L&rsquo;arroseur sectoriel Rain Bird Falcon PC est une option robuste et efficace pour l&rsquo;irrigation de grands espaces verts, tels que les parcs ou les terrains de sport. Avec une conception de secteur r\u00e9glable de 40\u00b0 \u00e0 360\u00b0, il permet d&rsquo;adapter la couverture exacte de l&rsquo;irrigation en fonction des besoins du terrain. Equip\u00e9 d&rsquo;un r\u00e9gulateur de pression int\u00e9gr\u00e9, il assure une distribution uniforme de l&rsquo;eau et des performances optimales m\u00eame en cas de fluctuations de d\u00e9bit. Ses buses interchangeables facilitent une personnalisation pr\u00e9cise. Construit avec des mat\u00e9riaux r\u00e9sistants aux conditions m\u00e9t\u00e9orologiques d\u00e9favorables, le Rain Bird Falcon PC Sectorial allie durabilit\u00e9 et polyvalence pour un arrosage fiable.    <\/p>\n","protected":false},"featured_media":11681,"comment_status":"closed","ping_status":"closed","template":"","meta":[],"product_brand":[],"product_cat":[470],"product_tag":[834,1150,1088,824],"class_list":{"0":"post-11689","1":"product","2":"type-product","3":"status-publish","4":"has-post-thumbnail","6":"product_cat-arroseurs-et-diffuseurs","7":"product_tag-arrosage-automatique-fr","8":"product_tag-arroseur","9":"product_tag-rain-bird-fr","10":"product_tag-reg-fr","12":"first","13":"instock","14":"taxable","15":"shipping-taxable","16":"purchasable","17":"product-type-simple"},"yoast_head":"<!-- This site is optimized with the Yoast SEO plugin v27.3 - https:\/\/yoast.com\/product\/yoast-seo-wordpress\/ -->\n<title>Arroseur Rain Bird Falcon PC sectoriel | SAIGA<\/title>\n<meta name=\"description\" content=\"L&#039;arroseur sectoriel Rain Bird Falcon PC est une option robuste et efficace pour l&#039;irrigation de grands espaces verts, tels que les parcs ou les terrains de sport.\" \/>\n<meta name=\"robots\" content=\"index, follow, max-snippet:-1, max-image-preview:large, max-video-preview:-1\" \/>\n<link rel=\"canonical\" href=\"https:\/\/saiga.es\/fr\/produit\/arroseur-rain-bird-falcon-pc-sectoriel\/\" \/>\n<meta property=\"og:locale\" content=\"fr_FR\" \/>\n<meta property=\"og:type\" content=\"article\" \/>\n<meta property=\"og:title\" content=\"Arroseur Rain Bird Falcon PC sectoriel | SAIGA\" \/>\n<meta property=\"og:description\" content=\"L&#039;arroseur sectoriel Rain Bird Falcon PC est une option robuste et efficace pour l&#039;irrigation de grands espaces verts, tels que les parcs ou les terrains de sport.\" \/>\n<meta property=\"og:url\" content=\"https:\/\/saiga.es\/fr\/produit\/arroseur-rain-bird-falcon-pc-sectoriel\/\" \/>\n<meta property=\"og:site_name\" content=\"SAIGA\" \/>\n<meta property=\"og:image\" content=\"https:\/\/saiga.es\/wp-content\/uploads\/2024\/08\/1-1.jpg\" \/>\n\t<meta property=\"og:image:width\" content=\"1080\" \/>\n\t<meta property=\"og:image:height\" content=\"1080\" \/>\n\t<meta property=\"og:image:type\" content=\"image\/jpeg\" \/>\n<meta name=\"twitter:card\" content=\"summary_large_image\" \/>\n<meta name=\"twitter:site\" content=\"@saiga_agro\" \/>\n<meta name=\"twitter:label1\" content=\"Dur\u00e9e de lecture estim\u00e9e\" \/>\n\t<meta name=\"twitter:data1\" content=\"1 minute\" \/>\n<script type=\"application\/ld+json\" class=\"yoast-schema-graph\">{\"@context\":\"https:\\\/\\\/schema.org\",\"@graph\":[{\"@type\":\"WebPage\",\"@id\":\"https:\\\/\\\/saiga.es\\\/fr\\\/produit\\\/arroseur-rain-bird-falcon-pc-sectoriel\\\/\",\"url\":\"https:\\\/\\\/saiga.es\\\/fr\\\/produit\\\/arroseur-rain-bird-falcon-pc-sectoriel\\\/\",\"name\":\"Arroseur Rain Bird Falcon PC sectoriel | SAIGA\",\"isPartOf\":{\"@id\":\"https:\\\/\\\/saiga.es\\\/fr\\\/#website\"},\"primaryImageOfPage\":{\"@id\":\"https:\\\/\\\/saiga.es\\\/fr\\\/produit\\\/arroseur-rain-bird-falcon-pc-sectoriel\\\/#primaryimage\"},\"image\":{\"@id\":\"https:\\\/\\\/saiga.es\\\/fr\\\/produit\\\/arroseur-rain-bird-falcon-pc-sectoriel\\\/#primaryimage\"},\"thumbnailUrl\":\"https:\\\/\\\/saiga.es\\\/wp-content\\\/uploads\\\/2024\\\/08\\\/1-1.jpg\",\"datePublished\":\"2024-08-28T09:35:45+00:00\",\"description\":\"L'arroseur sectoriel Rain Bird Falcon PC est une option robuste et efficace pour l'irrigation de grands espaces verts, tels que les parcs ou les terrains de sport.\",\"breadcrumb\":{\"@id\":\"https:\\\/\\\/saiga.es\\\/fr\\\/produit\\\/arroseur-rain-bird-falcon-pc-sectoriel\\\/#breadcrumb\"},\"inLanguage\":\"fr-FR\",\"potentialAction\":[{\"@type\":\"ReadAction\",\"target\":[\"https:\\\/\\\/saiga.es\\\/fr\\\/produit\\\/arroseur-rain-bird-falcon-pc-sectoriel\\\/\"]}]},{\"@type\":\"ImageObject\",\"inLanguage\":\"fr-FR\",\"@id\":\"https:\\\/\\\/saiga.es\\\/fr\\\/produit\\\/arroseur-rain-bird-falcon-pc-sectoriel\\\/#primaryimage\",\"url\":\"https:\\\/\\\/saiga.es\\\/wp-content\\\/uploads\\\/2024\\\/08\\\/1-1.jpg\",\"contentUrl\":\"https:\\\/\\\/saiga.es\\\/wp-content\\\/uploads\\\/2024\\\/08\\\/1-1.jpg\",\"width\":1080,\"height\":1080,\"caption\":\"Arroseur Rain Bird Falcon PC sectoriel\"},{\"@type\":\"BreadcrumbList\",\"@id\":\"https:\\\/\\\/saiga.es\\\/fr\\\/produit\\\/arroseur-rain-bird-falcon-pc-sectoriel\\\/#breadcrumb\",\"itemListElement\":[{\"@type\":\"ListItem\",\"position\":1,\"name\":\"Inici\",\"item\":\"https:\\\/\\\/saiga.es\\\/fr\\\/\"},{\"@type\":\"ListItem\",\"position\":2,\"name\":\"boutique\",\"item\":\"https:\\\/\\\/saiga.es\\\/fr\\\/boutique\\\/\"},{\"@type\":\"ListItem\",\"position\":3,\"name\":\"Arroseur Rain Bird Falcon PC sectoriel\"}]},{\"@type\":\"WebSite\",\"@id\":\"https:\\\/\\\/saiga.es\\\/fr\\\/#website\",\"url\":\"https:\\\/\\\/saiga.es\\\/fr\\\/\",\"name\":\"SAIGA\",\"description\":\"M\u00e9s de 50 anys al servei de la terra i treballant per a un \u00fas eficient de l\u2019aigua!\",\"publisher\":{\"@id\":\"https:\\\/\\\/saiga.es\\\/fr\\\/#organization\"},\"potentialAction\":[{\"@type\":\"SearchAction\",\"target\":{\"@type\":\"EntryPoint\",\"urlTemplate\":\"https:\\\/\\\/saiga.es\\\/fr\\\/?s={search_term_string}\"},\"query-input\":{\"@type\":\"PropertyValueSpecification\",\"valueRequired\":true,\"valueName\":\"search_term_string\"}}],\"inLanguage\":\"fr-FR\"},{\"@type\":\"Organization\",\"@id\":\"https:\\\/\\\/saiga.es\\\/fr\\\/#organization\",\"name\":\"SAIGA\",\"url\":\"https:\\\/\\\/saiga.es\\\/fr\\\/\",\"logo\":{\"@type\":\"ImageObject\",\"inLanguage\":\"fr-FR\",\"@id\":\"https:\\\/\\\/saiga.es\\\/fr\\\/#\\\/schema\\\/logo\\\/image\\\/\",\"url\":\"https:\\\/\\\/saiga.es\\\/wp-content\\\/uploads\\\/2025\\\/07\\\/logo_saiga_baseline_optimitzat.svg\",\"contentUrl\":\"https:\\\/\\\/saiga.es\\\/wp-content\\\/uploads\\\/2025\\\/07\\\/logo_saiga_baseline_optimitzat.svg\",\"caption\":\"SAIGA\"},\"image\":{\"@id\":\"https:\\\/\\\/saiga.es\\\/fr\\\/#\\\/schema\\\/logo\\\/image\\\/\"},\"sameAs\":[\"https:\\\/\\\/x.com\\\/saiga_agro\",\"https:\\\/\\\/www.instagram.com\\\/saiga_agro\\\/\"]}]}<\/script>\n<!-- \/ Yoast SEO plugin. -->","yoast_head_json":{"title":"Arroseur Rain Bird Falcon PC sectoriel | SAIGA","description":"L'arroseur sectoriel Rain Bird Falcon PC est une option robuste et efficace pour l'irrigation de grands espaces verts, tels que les parcs ou les terrains de sport.","robots":{"index":"index","follow":"follow","max-snippet":"max-snippet:-1","max-image-preview":"max-image-preview:large","max-video-preview":"max-video-preview:-1"},"canonical":"https:\/\/saiga.es\/fr\/produit\/arroseur-rain-bird-falcon-pc-sectoriel\/","og_locale":"fr_FR","og_type":"article","og_title":"Arroseur Rain Bird Falcon PC sectoriel | SAIGA","og_description":"L'arroseur sectoriel Rain Bird Falcon PC est une option robuste et efficace pour l'irrigation de grands espaces verts, tels que les parcs ou les terrains de sport.","og_url":"https:\/\/saiga.es\/fr\/produit\/arroseur-rain-bird-falcon-pc-sectoriel\/","og_site_name":"SAIGA","og_image":[{"width":1080,"height":1080,"url":"https:\/\/saiga.es\/wp-content\/uploads\/2024\/08\/1-1.jpg","type":"image\/jpeg"}],"twitter_card":"summary_large_image","twitter_site":"@saiga_agro","twitter_misc":{"Dur\u00e9e de lecture estim\u00e9e":"1 minute"},"schema":{"@context":"https:\/\/schema.org","@graph":[{"@type":"WebPage","@id":"https:\/\/saiga.es\/fr\/produit\/arroseur-rain-bird-falcon-pc-sectoriel\/","url":"https:\/\/saiga.es\/fr\/produit\/arroseur-rain-bird-falcon-pc-sectoriel\/","name":"Arroseur Rain Bird Falcon PC sectoriel | SAIGA","isPartOf":{"@id":"https:\/\/saiga.es\/fr\/#website"},"primaryImageOfPage":{"@id":"https:\/\/saiga.es\/fr\/produit\/arroseur-rain-bird-falcon-pc-sectoriel\/#primaryimage"},"image":{"@id":"https:\/\/saiga.es\/fr\/produit\/arroseur-rain-bird-falcon-pc-sectoriel\/#primaryimage"},"thumbnailUrl":"https:\/\/saiga.es\/wp-content\/uploads\/2024\/08\/1-1.jpg","datePublished":"2024-08-28T09:35:45+00:00","description":"L'arroseur sectoriel Rain Bird Falcon PC est une option robuste et efficace pour l'irrigation de grands espaces verts, tels que les parcs ou les terrains de sport.","breadcrumb":{"@id":"https:\/\/saiga.es\/fr\/produit\/arroseur-rain-bird-falcon-pc-sectoriel\/#breadcrumb"},"inLanguage":"fr-FR","potentialAction":[{"@type":"ReadAction","target":["https:\/\/saiga.es\/fr\/produit\/arroseur-rain-bird-falcon-pc-sectoriel\/"]}]},{"@type":"ImageObject","inLanguage":"fr-FR","@id":"https:\/\/saiga.es\/fr\/produit\/arroseur-rain-bird-falcon-pc-sectoriel\/#primaryimage","url":"https:\/\/saiga.es\/wp-content\/uploads\/2024\/08\/1-1.jpg","contentUrl":"https:\/\/saiga.es\/wp-content\/uploads\/2024\/08\/1-1.jpg","width":1080,"height":1080,"caption":"Arroseur Rain Bird Falcon PC sectoriel"},{"@type":"BreadcrumbList","@id":"https:\/\/saiga.es\/fr\/produit\/arroseur-rain-bird-falcon-pc-sectoriel\/#breadcrumb","itemListElement":[{"@type":"ListItem","position":1,"name":"Inici","item":"https:\/\/saiga.es\/fr\/"},{"@type":"ListItem","position":2,"name":"boutique","item":"https:\/\/saiga.es\/fr\/boutique\/"},{"@type":"ListItem","position":3,"name":"Arroseur Rain Bird Falcon PC sectoriel"}]},{"@type":"WebSite","@id":"https:\/\/saiga.es\/fr\/#website","url":"https:\/\/saiga.es\/fr\/","name":"SAIGA","description":"M\u00e9s de 50 anys al servei de la terra i treballant per a un \u00fas eficient de l\u2019aigua!","publisher":{"@id":"https:\/\/saiga.es\/fr\/#organization"},"potentialAction":[{"@type":"SearchAction","target":{"@type":"EntryPoint","urlTemplate":"https:\/\/saiga.es\/fr\/?s={search_term_string}"},"query-input":{"@type":"PropertyValueSpecification","valueRequired":true,"valueName":"search_term_string"}}],"inLanguage":"fr-FR"},{"@type":"Organization","@id":"https:\/\/saiga.es\/fr\/#organization","name":"SAIGA","url":"https:\/\/saiga.es\/fr\/","logo":{"@type":"ImageObject","inLanguage":"fr-FR","@id":"https:\/\/saiga.es\/fr\/#\/schema\/logo\/image\/","url":"https:\/\/saiga.es\/wp-content\/uploads\/2025\/07\/logo_saiga_baseline_optimitzat.svg","contentUrl":"https:\/\/saiga.es\/wp-content\/uploads\/2025\/07\/logo_saiga_baseline_optimitzat.svg","caption":"SAIGA"},"image":{"@id":"https:\/\/saiga.es\/fr\/#\/schema\/logo\/image\/"},"sameAs":["https:\/\/x.com\/saiga_agro","https:\/\/www.instagram.com\/saiga_agro\/"]}]}},"_links":{"self":[{"href":"https:\/\/saiga.es\/fr\/wp-json\/wp\/v2\/product\/11689","targetHints":{"allow":["GET"]}}],"collection":[{"href":"https:\/\/saiga.es\/fr\/wp-json\/wp\/v2\/product"}],"about":[{"href":"https:\/\/saiga.es\/fr\/wp-json\/wp\/v2\/types\/product"}],"replies":[{"embeddable":true,"href":"https:\/\/saiga.es\/fr\/wp-json\/wp\/v2\/comments?post=11689"}],"wp:featuredmedia":[{"embeddable":true,"href":"https:\/\/saiga.es\/fr\/wp-json\/wp\/v2\/media\/11681"}],"wp:attachment":[{"href":"https:\/\/saiga.es\/fr\/wp-json\/wp\/v2\/media?parent=11689"}],"wp:term":[{"taxonomy":"product_brand","embeddable":true,"href":"https:\/\/saiga.es\/fr\/wp-json\/wp\/v2\/product_brand?post=11689"},{"taxonomy":"product_cat","embeddable":true,"href":"https:\/\/saiga.es\/fr\/wp-json\/wp\/v2\/product_cat?post=11689"},{"taxonomy":"product_tag","embeddable":true,"href":"https:\/\/saiga.es\/fr\/wp-json\/wp\/v2\/product_tag?post=11689"}],"curies":[{"name":"wp","href":"https:\/\/api.w.org\/{rel}","templated":true}]}}