{"id":11704,"date":"2024-08-28T10:09:55","date_gmt":"2024-08-28T10:09:55","guid":{"rendered":"https:\/\/botiga.saiga.es\/producte\/diffuseur-rain-bird-1802\/"},"modified":"2025-08-27T13:55:20","modified_gmt":"2025-08-27T13:55:20","slug":"diffuseur-rain-bird-1802","status":"publish","type":"product","link":"https:\/\/saiga.es\/fr\/produit\/diffuseur-rain-bird-1802\/","title":{"rendered":"Diffuseur Rain Bird 1802"},"content":{"rendered":"<p data-start=\"861\" data-end=\"1179\">Le Rain Bird 1802 est un arroseur r\u00e9tractable de la s\u00e9rie 1800, id\u00e9al pour les petits espaces verts, les pelouses et les massifs de fleurs. Avec une hauteur d&rsquo;ouverture de 5 cm, il assure un arrosage uniforme et efficace, notamment dans les jardins r\u00e9sidentiels. <\/p>\n<p data-start=\"1181\" data-end=\"1542\">Cet arroseur de jardin se distingue par sa durabilit\u00e9 et sa facilit\u00e9 d&rsquo;entretien : il int\u00e8gre un joint co-moul\u00e9 anti-salissures, un ressort en acier inoxydable et un m\u00e9canisme de nettoyage automatique. Tout cela en fait une option fiable pour les syst\u00e8mes d&rsquo;arrosage automatique r\u00e9sidentiels comme pour les installations professionnelles. <\/p>\n<p data-start=\"1544\" data-end=\"1577\">Sp\u00e9cifications principales :<\/p>\n<ul data-start=\"1578\" data-end=\"1714\">\n<li data-start=\"1578\" data-end=\"1603\">\n<p data-start=\"1580\" data-end=\"1603\">Hauteur du pop-up : 5 cm<\/p>\n<\/li>\n<li data-start=\"1604\" data-end=\"1630\">\n<p data-start=\"1606\" data-end=\"1630\">Raccord filet\u00e9 \u00bd\u201d<\/p>\n<\/li>\n<li data-start=\"1631\" data-end=\"1675\">\n<p data-start=\"1633\" data-end=\"1675\">Plage de pression de service : 1,0 \u2013 2,1 bar<\/p>\n<\/li>\n<li data-start=\"1676\" data-end=\"1714\">\n<p data-start=\"1678\" data-end=\"1714\">Port\u00e9e jusqu&rsquo;\u00e0 5,6 m (selon la buse)<\/p>\n<\/li>\n<\/ul>\n<p data-start=\"1716\" data-end=\"1733\">Avantages :<\/p>\n<ul data-start=\"1734\" data-end=\"1906\">\n<li data-start=\"1734\" data-end=\"1792\">\n<p data-start=\"1736\" data-end=\"1792\">Diffuseur compact pour une irrigation efficace dans les petits espaces<\/p>\n<\/li>\n<li data-start=\"1793\" data-end=\"1846\">\n<p data-start=\"1795\" data-end=\"1846\">Distribution d&rsquo;eau homog\u00e8ne et sans fuites<\/p>\n<\/li>\n<li data-start=\"1847\" data-end=\"1906\">\n<p data-start=\"1849\" data-end=\"1906\">Compatible avec les buses Rain Bird s\u00e9rie 1800<\/p>\n<\/li>\n<\/ul>\n","protected":false},"excerpt":{"rendered":"<p>Le diffuseur Rain Bird 1802 est parfait pour arroser les petites surfaces et les parterres de fleurs avec une r\u00e9partition uniforme et douce de l&rsquo;eau. Dot\u00e9 d&rsquo;une t\u00eate escamotable de 5 cm et de buses r\u00e9glables, ce diffuseur permet une irrigation efficace sur des surfaces jusqu&rsquo;\u00e0 4,6 m\u00e8tres de diam\u00e8tre. Con\u00e7u avec des mat\u00e9riaux r\u00e9sistants aux intemp\u00e9ries, le Rain Bird 1802 est durable et fiable. Sa valve anti-drainage en option \u00e9vite les gouttes et \u00e9conomise l&rsquo;eau sur les pentes et les zones in\u00e9gales. Avec le Rain Bird 1802, vous b\u00e9n\u00e9ficierez d&rsquo;une irrigation pr\u00e9cise et contr\u00f4l\u00e9e, id\u00e9ale pour les jardins et les petits espaces verts.    <\/p>\n","protected":false},"featured_media":11693,"comment_status":"closed","ping_status":"closed","template":"","meta":[],"product_brand":[],"product_cat":[470],"product_tag":[1586,1585,1088,824],"class_list":{"0":"post-11704","1":"product","2":"type-product","3":"status-publish","4":"has-post-thumbnail","6":"product_cat-arroseurs-et-diffuseurs","7":"product_tag-arrosage-automatique-fr-2","8":"product_tag-diffuseur","9":"product_tag-rain-bird-fr","10":"product_tag-reg-fr","12":"first","13":"instock","14":"taxable","15":"shipping-taxable","16":"purchasable","17":"product-type-simple"},"yoast_head":"<!-- This site is optimized with the Yoast SEO plugin v27.3 - https:\/\/yoast.com\/product\/yoast-seo-wordpress\/ -->\n<title>Diffuseur Rain Bird 1802 | SAIGA<\/title>\n<meta name=\"description\" content=\"Le diffuseur Rain Bird 1802 est parfait pour arroser les petites surfaces et les parterres de fleurs avec une r\u00e9partition uniforme et douce de l&#039;eau.\" \/>\n<meta name=\"robots\" content=\"index, follow, max-snippet:-1, max-image-preview:large, max-video-preview:-1\" \/>\n<link rel=\"canonical\" href=\"https:\/\/saiga.es\/fr\/produit\/diffuseur-rain-bird-1802\/\" \/>\n<meta property=\"og:locale\" content=\"fr_FR\" \/>\n<meta property=\"og:type\" content=\"article\" \/>\n<meta property=\"og:title\" content=\"Diffuseur Rain Bird 1802 | SAIGA\" \/>\n<meta property=\"og:description\" content=\"Le diffuseur Rain Bird 1802 est parfait pour arroser les petites surfaces et les parterres de fleurs avec une r\u00e9partition uniforme et douce de l&#039;eau.\" \/>\n<meta property=\"og:url\" content=\"https:\/\/saiga.es\/fr\/produit\/diffuseur-rain-bird-1802\/\" \/>\n<meta property=\"og:site_name\" content=\"SAIGA\" \/>\n<meta property=\"article:modified_time\" content=\"2025-08-27T13:55:20+00:00\" \/>\n<meta property=\"og:image\" content=\"https:\/\/saiga.es\/wp-content\/uploads\/2024\/08\/1-2.jpg\" \/>\n\t<meta property=\"og:image:width\" content=\"1080\" \/>\n\t<meta property=\"og:image:height\" content=\"1080\" \/>\n\t<meta property=\"og:image:type\" content=\"image\/jpeg\" \/>\n<meta name=\"twitter:card\" content=\"summary_large_image\" \/>\n<meta name=\"twitter:site\" content=\"@saiga_agro\" \/>\n<meta name=\"twitter:label1\" content=\"Dur\u00e9e de lecture estim\u00e9e\" \/>\n\t<meta name=\"twitter:data1\" content=\"1 minute\" \/>\n<script type=\"application\/ld+json\" class=\"yoast-schema-graph\">{\"@context\":\"https:\\\/\\\/schema.org\",\"@graph\":[{\"@type\":\"WebPage\",\"@id\":\"https:\\\/\\\/saiga.es\\\/fr\\\/produit\\\/diffuseur-rain-bird-1802\\\/\",\"url\":\"https:\\\/\\\/saiga.es\\\/fr\\\/produit\\\/diffuseur-rain-bird-1802\\\/\",\"name\":\"Diffuseur Rain Bird 1802 | SAIGA\",\"isPartOf\":{\"@id\":\"https:\\\/\\\/saiga.es\\\/fr\\\/#website\"},\"primaryImageOfPage\":{\"@id\":\"https:\\\/\\\/saiga.es\\\/fr\\\/produit\\\/diffuseur-rain-bird-1802\\\/#primaryimage\"},\"image\":{\"@id\":\"https:\\\/\\\/saiga.es\\\/fr\\\/produit\\\/diffuseur-rain-bird-1802\\\/#primaryimage\"},\"thumbnailUrl\":\"https:\\\/\\\/saiga.es\\\/wp-content\\\/uploads\\\/2024\\\/08\\\/1-2.jpg\",\"datePublished\":\"2024-08-28T10:09:55+00:00\",\"dateModified\":\"2025-08-27T13:55:20+00:00\",\"description\":\"Le diffuseur Rain Bird 1802 est parfait pour arroser les petites surfaces et les parterres de fleurs avec une r\u00e9partition uniforme et douce de l'eau.\",\"breadcrumb\":{\"@id\":\"https:\\\/\\\/saiga.es\\\/fr\\\/produit\\\/diffuseur-rain-bird-1802\\\/#breadcrumb\"},\"inLanguage\":\"fr-FR\",\"potentialAction\":[{\"@type\":\"ReadAction\",\"target\":[\"https:\\\/\\\/saiga.es\\\/fr\\\/produit\\\/diffuseur-rain-bird-1802\\\/\"]}]},{\"@type\":\"ImageObject\",\"inLanguage\":\"fr-FR\",\"@id\":\"https:\\\/\\\/saiga.es\\\/fr\\\/produit\\\/diffuseur-rain-bird-1802\\\/#primaryimage\",\"url\":\"https:\\\/\\\/saiga.es\\\/wp-content\\\/uploads\\\/2024\\\/08\\\/1-2.jpg\",\"contentUrl\":\"https:\\\/\\\/saiga.es\\\/wp-content\\\/uploads\\\/2024\\\/08\\\/1-2.jpg\",\"width\":1080,\"height\":1080,\"caption\":\"Diffuseur Rain Bird 1802\"},{\"@type\":\"BreadcrumbList\",\"@id\":\"https:\\\/\\\/saiga.es\\\/fr\\\/produit\\\/diffuseur-rain-bird-1802\\\/#breadcrumb\",\"itemListElement\":[{\"@type\":\"ListItem\",\"position\":1,\"name\":\"Inici\",\"item\":\"https:\\\/\\\/saiga.es\\\/fr\\\/\"},{\"@type\":\"ListItem\",\"position\":2,\"name\":\"boutique\",\"item\":\"https:\\\/\\\/saiga.es\\\/fr\\\/boutique\\\/\"},{\"@type\":\"ListItem\",\"position\":3,\"name\":\"Diffuseur Rain Bird 1802\"}]},{\"@type\":\"WebSite\",\"@id\":\"https:\\\/\\\/saiga.es\\\/fr\\\/#website\",\"url\":\"https:\\\/\\\/saiga.es\\\/fr\\\/\",\"name\":\"SAIGA\",\"description\":\"M\u00e9s de 50 anys al servei de la terra i treballant per a un \u00fas eficient de l\u2019aigua!\",\"publisher\":{\"@id\":\"https:\\\/\\\/saiga.es\\\/fr\\\/#organization\"},\"potentialAction\":[{\"@type\":\"SearchAction\",\"target\":{\"@type\":\"EntryPoint\",\"urlTemplate\":\"https:\\\/\\\/saiga.es\\\/fr\\\/?s={search_term_string}\"},\"query-input\":{\"@type\":\"PropertyValueSpecification\",\"valueRequired\":true,\"valueName\":\"search_term_string\"}}],\"inLanguage\":\"fr-FR\"},{\"@type\":\"Organization\",\"@id\":\"https:\\\/\\\/saiga.es\\\/fr\\\/#organization\",\"name\":\"SAIGA\",\"url\":\"https:\\\/\\\/saiga.es\\\/fr\\\/\",\"logo\":{\"@type\":\"ImageObject\",\"inLanguage\":\"fr-FR\",\"@id\":\"https:\\\/\\\/saiga.es\\\/fr\\\/#\\\/schema\\\/logo\\\/image\\\/\",\"url\":\"https:\\\/\\\/saiga.es\\\/wp-content\\\/uploads\\\/2025\\\/07\\\/logo_saiga_baseline_optimitzat.svg\",\"contentUrl\":\"https:\\\/\\\/saiga.es\\\/wp-content\\\/uploads\\\/2025\\\/07\\\/logo_saiga_baseline_optimitzat.svg\",\"caption\":\"SAIGA\"},\"image\":{\"@id\":\"https:\\\/\\\/saiga.es\\\/fr\\\/#\\\/schema\\\/logo\\\/image\\\/\"},\"sameAs\":[\"https:\\\/\\\/x.com\\\/saiga_agro\",\"https:\\\/\\\/www.instagram.com\\\/saiga_agro\\\/\"]}]}<\/script>\n<!-- \/ Yoast SEO plugin. -->","yoast_head_json":{"title":"Diffuseur Rain Bird 1802 | SAIGA","description":"Le diffuseur Rain Bird 1802 est parfait pour arroser les petites surfaces et les parterres de fleurs avec une r\u00e9partition uniforme et douce de l'eau.","robots":{"index":"index","follow":"follow","max-snippet":"max-snippet:-1","max-image-preview":"max-image-preview:large","max-video-preview":"max-video-preview:-1"},"canonical":"https:\/\/saiga.es\/fr\/produit\/diffuseur-rain-bird-1802\/","og_locale":"fr_FR","og_type":"article","og_title":"Diffuseur Rain Bird 1802 | SAIGA","og_description":"Le diffuseur Rain Bird 1802 est parfait pour arroser les petites surfaces et les parterres de fleurs avec une r\u00e9partition uniforme et douce de l'eau.","og_url":"https:\/\/saiga.es\/fr\/produit\/diffuseur-rain-bird-1802\/","og_site_name":"SAIGA","article_modified_time":"2025-08-27T13:55:20+00:00","og_image":[{"width":1080,"height":1080,"url":"https:\/\/saiga.es\/wp-content\/uploads\/2024\/08\/1-2.jpg","type":"image\/jpeg"}],"twitter_card":"summary_large_image","twitter_site":"@saiga_agro","twitter_misc":{"Dur\u00e9e de lecture estim\u00e9e":"1 minute"},"schema":{"@context":"https:\/\/schema.org","@graph":[{"@type":"WebPage","@id":"https:\/\/saiga.es\/fr\/produit\/diffuseur-rain-bird-1802\/","url":"https:\/\/saiga.es\/fr\/produit\/diffuseur-rain-bird-1802\/","name":"Diffuseur Rain Bird 1802 | SAIGA","isPartOf":{"@id":"https:\/\/saiga.es\/fr\/#website"},"primaryImageOfPage":{"@id":"https:\/\/saiga.es\/fr\/produit\/diffuseur-rain-bird-1802\/#primaryimage"},"image":{"@id":"https:\/\/saiga.es\/fr\/produit\/diffuseur-rain-bird-1802\/#primaryimage"},"thumbnailUrl":"https:\/\/saiga.es\/wp-content\/uploads\/2024\/08\/1-2.jpg","datePublished":"2024-08-28T10:09:55+00:00","dateModified":"2025-08-27T13:55:20+00:00","description":"Le diffuseur Rain Bird 1802 est parfait pour arroser les petites surfaces et les parterres de fleurs avec une r\u00e9partition uniforme et douce de l'eau.","breadcrumb":{"@id":"https:\/\/saiga.es\/fr\/produit\/diffuseur-rain-bird-1802\/#breadcrumb"},"inLanguage":"fr-FR","potentialAction":[{"@type":"ReadAction","target":["https:\/\/saiga.es\/fr\/produit\/diffuseur-rain-bird-1802\/"]}]},{"@type":"ImageObject","inLanguage":"fr-FR","@id":"https:\/\/saiga.es\/fr\/produit\/diffuseur-rain-bird-1802\/#primaryimage","url":"https:\/\/saiga.es\/wp-content\/uploads\/2024\/08\/1-2.jpg","contentUrl":"https:\/\/saiga.es\/wp-content\/uploads\/2024\/08\/1-2.jpg","width":1080,"height":1080,"caption":"Diffuseur Rain Bird 1802"},{"@type":"BreadcrumbList","@id":"https:\/\/saiga.es\/fr\/produit\/diffuseur-rain-bird-1802\/#breadcrumb","itemListElement":[{"@type":"ListItem","position":1,"name":"Inici","item":"https:\/\/saiga.es\/fr\/"},{"@type":"ListItem","position":2,"name":"boutique","item":"https:\/\/saiga.es\/fr\/boutique\/"},{"@type":"ListItem","position":3,"name":"Diffuseur Rain Bird 1802"}]},{"@type":"WebSite","@id":"https:\/\/saiga.es\/fr\/#website","url":"https:\/\/saiga.es\/fr\/","name":"SAIGA","description":"M\u00e9s de 50 anys al servei de la terra i treballant per a un \u00fas eficient de l\u2019aigua!","publisher":{"@id":"https:\/\/saiga.es\/fr\/#organization"},"potentialAction":[{"@type":"SearchAction","target":{"@type":"EntryPoint","urlTemplate":"https:\/\/saiga.es\/fr\/?s={search_term_string}"},"query-input":{"@type":"PropertyValueSpecification","valueRequired":true,"valueName":"search_term_string"}}],"inLanguage":"fr-FR"},{"@type":"Organization","@id":"https:\/\/saiga.es\/fr\/#organization","name":"SAIGA","url":"https:\/\/saiga.es\/fr\/","logo":{"@type":"ImageObject","inLanguage":"fr-FR","@id":"https:\/\/saiga.es\/fr\/#\/schema\/logo\/image\/","url":"https:\/\/saiga.es\/wp-content\/uploads\/2025\/07\/logo_saiga_baseline_optimitzat.svg","contentUrl":"https:\/\/saiga.es\/wp-content\/uploads\/2025\/07\/logo_saiga_baseline_optimitzat.svg","caption":"SAIGA"},"image":{"@id":"https:\/\/saiga.es\/fr\/#\/schema\/logo\/image\/"},"sameAs":["https:\/\/x.com\/saiga_agro","https:\/\/www.instagram.com\/saiga_agro\/"]}]}},"_links":{"self":[{"href":"https:\/\/saiga.es\/fr\/wp-json\/wp\/v2\/product\/11704","targetHints":{"allow":["GET"]}}],"collection":[{"href":"https:\/\/saiga.es\/fr\/wp-json\/wp\/v2\/product"}],"about":[{"href":"https:\/\/saiga.es\/fr\/wp-json\/wp\/v2\/types\/product"}],"replies":[{"embeddable":true,"href":"https:\/\/saiga.es\/fr\/wp-json\/wp\/v2\/comments?post=11704"}],"wp:featuredmedia":[{"embeddable":true,"href":"https:\/\/saiga.es\/fr\/wp-json\/wp\/v2\/media\/11693"}],"wp:attachment":[{"href":"https:\/\/saiga.es\/fr\/wp-json\/wp\/v2\/media?parent=11704"}],"wp:term":[{"taxonomy":"product_brand","embeddable":true,"href":"https:\/\/saiga.es\/fr\/wp-json\/wp\/v2\/product_brand?post=11704"},{"taxonomy":"product_cat","embeddable":true,"href":"https:\/\/saiga.es\/fr\/wp-json\/wp\/v2\/product_cat?post=11704"},{"taxonomy":"product_tag","embeddable":true,"href":"https:\/\/saiga.es\/fr\/wp-json\/wp\/v2\/product_tag?post=11704"}],"curies":[{"name":"wp","href":"https:\/\/api.w.org\/{rel}","templated":true}]}}