{"id":11708,"date":"2024-08-28T10:47:11","date_gmt":"2024-08-28T10:47:11","guid":{"rendered":"https:\/\/botiga.saiga.es\/producte\/diffuseur-rain-bird-1804\/"},"modified":"2024-08-28T10:47:11","modified_gmt":"2024-08-28T10:47:11","slug":"diffuseur-rain-bird-1804","status":"publish","type":"product","link":"https:\/\/saiga.es\/fr\/produit\/diffuseur-rain-bird-1804\/","title":{"rendered":"Diffuseur Rain Bird 1804"},"content":{"rendered":"<p>L&rsquo;arroseur Rain Bird 1804 est une solution efficace pour arroser les jardins et espaces verts de petite \u00e0 moyenne taille. Dot\u00e9 d&rsquo;une t\u00eate relevable de 10 cm, il offre une r\u00e9partition uniforme de l&rsquo;eau, id\u00e9ale pour les massifs de fleurs, les pelouses et les zones \u00e0 v\u00e9g\u00e9tation basse. Ses buses r\u00e9glables permettent de personnaliser l&rsquo;angle d&rsquo;arrosage, avec une couverture allant jusqu&rsquo;\u00e0 5,2 m\u00e8tres de diam\u00e8tre. Fabriqu\u00e9 \u00e0 partir de mat\u00e9riaux durables et r\u00e9sistants aux UV, le Rain Bird 1804 garantit une longue dur\u00e9e de vie et des performances constantes. De plus, sa valve anti-drainage en option \u00e9vite les pertes d&rsquo;eau, ce qui la rend id\u00e9ale pour les terrains en pente.    <\/p>\n","protected":false},"excerpt":{"rendered":"<p>L&rsquo;arroseur Rain Bird 1804 est une solution efficace pour arroser les jardins et espaces verts de petite \u00e0 moyenne taille. Equip\u00e9 d&rsquo;une t\u00eate r\u00e9tractable de 10 cm, il offre une r\u00e9partition uniforme de l&rsquo;eau, id\u00e9ale pour les massifs de fleurs, les pelouses et les zones \u00e0 v\u00e9g\u00e9tation basse. Ses buses r\u00e9glables permettent de personnaliser l&rsquo;angle d&rsquo;arrosage, avec une couverture jusqu&rsquo;\u00e0 5,2 m\u00e8tres de diam\u00e8tre. Fabriqu\u00e9 \u00e0 partir de mat\u00e9riaux durables et r\u00e9sistants aux UV, le Rain Bird 1804 garantit une longue dur\u00e9e de vie et des performances constantes. De plus, sa valve anti-drainage en option \u00e9vite les pertes d&rsquo;eau, ce qui la rend id\u00e9ale pour les terrains en pente.    <\/p>\n","protected":false},"featured_media":11693,"comment_status":"closed","ping_status":"closed","template":"","meta":[],"product_brand":[],"product_cat":[470],"product_tag":[834,1585,1088,824],"class_list":{"0":"post-11708","1":"product","2":"type-product","3":"status-publish","4":"has-post-thumbnail","6":"product_cat-arroseurs-et-diffuseurs","7":"product_tag-arrosage-automatique-fr","8":"product_tag-diffuseur","9":"product_tag-rain-bird-fr","10":"product_tag-reg-fr","12":"first","13":"instock","14":"taxable","15":"shipping-taxable","16":"purchasable","17":"product-type-simple"},"yoast_head":"<!-- This site is optimized with the Yoast SEO plugin v27.3 - https:\/\/yoast.com\/product\/yoast-seo-wordpress\/ -->\n<title>Diffuseur Rain Bird 1804 | SAIGA<\/title>\n<meta name=\"description\" content=\"L&#039;arroseur Rain Bird 1804 est une solution efficace pour arroser les jardins et espaces verts de petite \u00e0 moyenne taille. Dot\u00e9 d&#039;une t\u00eate relevable de 10 cm, il offre une r\u00e9partition uniforme de l&#039;eau, id\u00e9ale pour les massifs de fleurs, les pelouses et les zones \u00e0 v\u00e9g\u00e9tation basse.\" \/>\n<meta name=\"robots\" content=\"index, follow, max-snippet:-1, max-image-preview:large, max-video-preview:-1\" \/>\n<link rel=\"canonical\" href=\"https:\/\/saiga.es\/fr\/produit\/diffuseur-rain-bird-1804\/\" \/>\n<meta property=\"og:locale\" content=\"fr_FR\" \/>\n<meta property=\"og:type\" content=\"article\" \/>\n<meta property=\"og:title\" content=\"Diffuseur Rain Bird 1804 | SAIGA\" \/>\n<meta property=\"og:description\" content=\"L&#039;arroseur Rain Bird 1804 est une solution efficace pour arroser les jardins et espaces verts de petite \u00e0 moyenne taille. Dot\u00e9 d&#039;une t\u00eate relevable de 10 cm, il offre une r\u00e9partition uniforme de l&#039;eau, id\u00e9ale pour les massifs de fleurs, les pelouses et les zones \u00e0 v\u00e9g\u00e9tation basse.\" \/>\n<meta property=\"og:url\" content=\"https:\/\/saiga.es\/fr\/produit\/diffuseur-rain-bird-1804\/\" \/>\n<meta property=\"og:site_name\" content=\"SAIGA\" \/>\n<meta property=\"og:image\" content=\"https:\/\/saiga.es\/wp-content\/uploads\/2024\/08\/1-2.jpg\" \/>\n\t<meta property=\"og:image:width\" content=\"1080\" \/>\n\t<meta property=\"og:image:height\" content=\"1080\" \/>\n\t<meta property=\"og:image:type\" content=\"image\/jpeg\" \/>\n<meta name=\"twitter:card\" content=\"summary_large_image\" \/>\n<meta name=\"twitter:site\" content=\"@saiga_agro\" \/>\n<meta name=\"twitter:label1\" content=\"Dur\u00e9e de lecture estim\u00e9e\" \/>\n\t<meta name=\"twitter:data1\" content=\"1 minute\" \/>\n<script type=\"application\/ld+json\" class=\"yoast-schema-graph\">{\"@context\":\"https:\\\/\\\/schema.org\",\"@graph\":[{\"@type\":\"WebPage\",\"@id\":\"https:\\\/\\\/saiga.es\\\/fr\\\/produit\\\/diffuseur-rain-bird-1804\\\/\",\"url\":\"https:\\\/\\\/saiga.es\\\/fr\\\/produit\\\/diffuseur-rain-bird-1804\\\/\",\"name\":\"Diffuseur Rain Bird 1804 | SAIGA\",\"isPartOf\":{\"@id\":\"https:\\\/\\\/saiga.es\\\/fr\\\/#website\"},\"primaryImageOfPage\":{\"@id\":\"https:\\\/\\\/saiga.es\\\/fr\\\/produit\\\/diffuseur-rain-bird-1804\\\/#primaryimage\"},\"image\":{\"@id\":\"https:\\\/\\\/saiga.es\\\/fr\\\/produit\\\/diffuseur-rain-bird-1804\\\/#primaryimage\"},\"thumbnailUrl\":\"https:\\\/\\\/saiga.es\\\/wp-content\\\/uploads\\\/2024\\\/08\\\/1-2.jpg\",\"datePublished\":\"2024-08-28T10:47:11+00:00\",\"description\":\"L'arroseur Rain Bird 1804 est une solution efficace pour arroser les jardins et espaces verts de petite \u00e0 moyenne taille. Dot\u00e9 d'une t\u00eate relevable de 10 cm, il offre une r\u00e9partition uniforme de l'eau, id\u00e9ale pour les massifs de fleurs, les pelouses et les zones \u00e0 v\u00e9g\u00e9tation basse.\",\"breadcrumb\":{\"@id\":\"https:\\\/\\\/saiga.es\\\/fr\\\/produit\\\/diffuseur-rain-bird-1804\\\/#breadcrumb\"},\"inLanguage\":\"fr-FR\",\"potentialAction\":[{\"@type\":\"ReadAction\",\"target\":[\"https:\\\/\\\/saiga.es\\\/fr\\\/produit\\\/diffuseur-rain-bird-1804\\\/\"]}]},{\"@type\":\"ImageObject\",\"inLanguage\":\"fr-FR\",\"@id\":\"https:\\\/\\\/saiga.es\\\/fr\\\/produit\\\/diffuseur-rain-bird-1804\\\/#primaryimage\",\"url\":\"https:\\\/\\\/saiga.es\\\/wp-content\\\/uploads\\\/2024\\\/08\\\/1-2.jpg\",\"contentUrl\":\"https:\\\/\\\/saiga.es\\\/wp-content\\\/uploads\\\/2024\\\/08\\\/1-2.jpg\",\"width\":1080,\"height\":1080,\"caption\":\"Diffuseur Rain Bird 1802\"},{\"@type\":\"BreadcrumbList\",\"@id\":\"https:\\\/\\\/saiga.es\\\/fr\\\/produit\\\/diffuseur-rain-bird-1804\\\/#breadcrumb\",\"itemListElement\":[{\"@type\":\"ListItem\",\"position\":1,\"name\":\"Inici\",\"item\":\"https:\\\/\\\/saiga.es\\\/fr\\\/\"},{\"@type\":\"ListItem\",\"position\":2,\"name\":\"boutique\",\"item\":\"https:\\\/\\\/saiga.es\\\/fr\\\/boutique\\\/\"},{\"@type\":\"ListItem\",\"position\":3,\"name\":\"Diffuseur Rain Bird 1804\"}]},{\"@type\":\"WebSite\",\"@id\":\"https:\\\/\\\/saiga.es\\\/fr\\\/#website\",\"url\":\"https:\\\/\\\/saiga.es\\\/fr\\\/\",\"name\":\"SAIGA\",\"description\":\"M\u00e9s de 50 anys al servei de la terra i treballant per a un \u00fas eficient de l\u2019aigua!\",\"publisher\":{\"@id\":\"https:\\\/\\\/saiga.es\\\/fr\\\/#organization\"},\"potentialAction\":[{\"@type\":\"SearchAction\",\"target\":{\"@type\":\"EntryPoint\",\"urlTemplate\":\"https:\\\/\\\/saiga.es\\\/fr\\\/?s={search_term_string}\"},\"query-input\":{\"@type\":\"PropertyValueSpecification\",\"valueRequired\":true,\"valueName\":\"search_term_string\"}}],\"inLanguage\":\"fr-FR\"},{\"@type\":\"Organization\",\"@id\":\"https:\\\/\\\/saiga.es\\\/fr\\\/#organization\",\"name\":\"SAIGA\",\"url\":\"https:\\\/\\\/saiga.es\\\/fr\\\/\",\"logo\":{\"@type\":\"ImageObject\",\"inLanguage\":\"fr-FR\",\"@id\":\"https:\\\/\\\/saiga.es\\\/fr\\\/#\\\/schema\\\/logo\\\/image\\\/\",\"url\":\"https:\\\/\\\/saiga.es\\\/wp-content\\\/uploads\\\/2025\\\/07\\\/logo_saiga_baseline_optimitzat.svg\",\"contentUrl\":\"https:\\\/\\\/saiga.es\\\/wp-content\\\/uploads\\\/2025\\\/07\\\/logo_saiga_baseline_optimitzat.svg\",\"caption\":\"SAIGA\"},\"image\":{\"@id\":\"https:\\\/\\\/saiga.es\\\/fr\\\/#\\\/schema\\\/logo\\\/image\\\/\"},\"sameAs\":[\"https:\\\/\\\/x.com\\\/saiga_agro\",\"https:\\\/\\\/www.instagram.com\\\/saiga_agro\\\/\"]}]}<\/script>\n<!-- \/ Yoast SEO plugin. -->","yoast_head_json":{"title":"Diffuseur Rain Bird 1804 | SAIGA","description":"L'arroseur Rain Bird 1804 est une solution efficace pour arroser les jardins et espaces verts de petite \u00e0 moyenne taille. Dot\u00e9 d'une t\u00eate relevable de 10 cm, il offre une r\u00e9partition uniforme de l'eau, id\u00e9ale pour les massifs de fleurs, les pelouses et les zones \u00e0 v\u00e9g\u00e9tation basse.","robots":{"index":"index","follow":"follow","max-snippet":"max-snippet:-1","max-image-preview":"max-image-preview:large","max-video-preview":"max-video-preview:-1"},"canonical":"https:\/\/saiga.es\/fr\/produit\/diffuseur-rain-bird-1804\/","og_locale":"fr_FR","og_type":"article","og_title":"Diffuseur Rain Bird 1804 | SAIGA","og_description":"L'arroseur Rain Bird 1804 est une solution efficace pour arroser les jardins et espaces verts de petite \u00e0 moyenne taille. Dot\u00e9 d'une t\u00eate relevable de 10 cm, il offre une r\u00e9partition uniforme de l'eau, id\u00e9ale pour les massifs de fleurs, les pelouses et les zones \u00e0 v\u00e9g\u00e9tation basse.","og_url":"https:\/\/saiga.es\/fr\/produit\/diffuseur-rain-bird-1804\/","og_site_name":"SAIGA","og_image":[{"width":1080,"height":1080,"url":"https:\/\/saiga.es\/wp-content\/uploads\/2024\/08\/1-2.jpg","type":"image\/jpeg"}],"twitter_card":"summary_large_image","twitter_site":"@saiga_agro","twitter_misc":{"Dur\u00e9e de lecture estim\u00e9e":"1 minute"},"schema":{"@context":"https:\/\/schema.org","@graph":[{"@type":"WebPage","@id":"https:\/\/saiga.es\/fr\/produit\/diffuseur-rain-bird-1804\/","url":"https:\/\/saiga.es\/fr\/produit\/diffuseur-rain-bird-1804\/","name":"Diffuseur Rain Bird 1804 | SAIGA","isPartOf":{"@id":"https:\/\/saiga.es\/fr\/#website"},"primaryImageOfPage":{"@id":"https:\/\/saiga.es\/fr\/produit\/diffuseur-rain-bird-1804\/#primaryimage"},"image":{"@id":"https:\/\/saiga.es\/fr\/produit\/diffuseur-rain-bird-1804\/#primaryimage"},"thumbnailUrl":"https:\/\/saiga.es\/wp-content\/uploads\/2024\/08\/1-2.jpg","datePublished":"2024-08-28T10:47:11+00:00","description":"L'arroseur Rain Bird 1804 est une solution efficace pour arroser les jardins et espaces verts de petite \u00e0 moyenne taille. Dot\u00e9 d'une t\u00eate relevable de 10 cm, il offre une r\u00e9partition uniforme de l'eau, id\u00e9ale pour les massifs de fleurs, les pelouses et les zones \u00e0 v\u00e9g\u00e9tation basse.","breadcrumb":{"@id":"https:\/\/saiga.es\/fr\/produit\/diffuseur-rain-bird-1804\/#breadcrumb"},"inLanguage":"fr-FR","potentialAction":[{"@type":"ReadAction","target":["https:\/\/saiga.es\/fr\/produit\/diffuseur-rain-bird-1804\/"]}]},{"@type":"ImageObject","inLanguage":"fr-FR","@id":"https:\/\/saiga.es\/fr\/produit\/diffuseur-rain-bird-1804\/#primaryimage","url":"https:\/\/saiga.es\/wp-content\/uploads\/2024\/08\/1-2.jpg","contentUrl":"https:\/\/saiga.es\/wp-content\/uploads\/2024\/08\/1-2.jpg","width":1080,"height":1080,"caption":"Diffuseur Rain Bird 1802"},{"@type":"BreadcrumbList","@id":"https:\/\/saiga.es\/fr\/produit\/diffuseur-rain-bird-1804\/#breadcrumb","itemListElement":[{"@type":"ListItem","position":1,"name":"Inici","item":"https:\/\/saiga.es\/fr\/"},{"@type":"ListItem","position":2,"name":"boutique","item":"https:\/\/saiga.es\/fr\/boutique\/"},{"@type":"ListItem","position":3,"name":"Diffuseur Rain Bird 1804"}]},{"@type":"WebSite","@id":"https:\/\/saiga.es\/fr\/#website","url":"https:\/\/saiga.es\/fr\/","name":"SAIGA","description":"M\u00e9s de 50 anys al servei de la terra i treballant per a un \u00fas eficient de l\u2019aigua!","publisher":{"@id":"https:\/\/saiga.es\/fr\/#organization"},"potentialAction":[{"@type":"SearchAction","target":{"@type":"EntryPoint","urlTemplate":"https:\/\/saiga.es\/fr\/?s={search_term_string}"},"query-input":{"@type":"PropertyValueSpecification","valueRequired":true,"valueName":"search_term_string"}}],"inLanguage":"fr-FR"},{"@type":"Organization","@id":"https:\/\/saiga.es\/fr\/#organization","name":"SAIGA","url":"https:\/\/saiga.es\/fr\/","logo":{"@type":"ImageObject","inLanguage":"fr-FR","@id":"https:\/\/saiga.es\/fr\/#\/schema\/logo\/image\/","url":"https:\/\/saiga.es\/wp-content\/uploads\/2025\/07\/logo_saiga_baseline_optimitzat.svg","contentUrl":"https:\/\/saiga.es\/wp-content\/uploads\/2025\/07\/logo_saiga_baseline_optimitzat.svg","caption":"SAIGA"},"image":{"@id":"https:\/\/saiga.es\/fr\/#\/schema\/logo\/image\/"},"sameAs":["https:\/\/x.com\/saiga_agro","https:\/\/www.instagram.com\/saiga_agro\/"]}]}},"_links":{"self":[{"href":"https:\/\/saiga.es\/fr\/wp-json\/wp\/v2\/product\/11708","targetHints":{"allow":["GET"]}}],"collection":[{"href":"https:\/\/saiga.es\/fr\/wp-json\/wp\/v2\/product"}],"about":[{"href":"https:\/\/saiga.es\/fr\/wp-json\/wp\/v2\/types\/product"}],"replies":[{"embeddable":true,"href":"https:\/\/saiga.es\/fr\/wp-json\/wp\/v2\/comments?post=11708"}],"wp:featuredmedia":[{"embeddable":true,"href":"https:\/\/saiga.es\/fr\/wp-json\/wp\/v2\/media\/11693"}],"wp:attachment":[{"href":"https:\/\/saiga.es\/fr\/wp-json\/wp\/v2\/media?parent=11708"}],"wp:term":[{"taxonomy":"product_brand","embeddable":true,"href":"https:\/\/saiga.es\/fr\/wp-json\/wp\/v2\/product_brand?post=11708"},{"taxonomy":"product_cat","embeddable":true,"href":"https:\/\/saiga.es\/fr\/wp-json\/wp\/v2\/product_cat?post=11708"},{"taxonomy":"product_tag","embeddable":true,"href":"https:\/\/saiga.es\/fr\/wp-json\/wp\/v2\/product_tag?post=11708"}],"curies":[{"name":"wp","href":"https:\/\/api.w.org\/{rel}","templated":true}]}}