{"id":11725,"date":"2024-08-29T13:06:56","date_gmt":"2024-08-29T13:06:56","guid":{"rendered":"https:\/\/botiga.saiga.es\/producte\/compte-gouttes-a-bouton-auto-compensateur-netafim\/"},"modified":"2025-07-14T12:13:10","modified_gmt":"2025-07-14T12:13:10","slug":"compte-gouttes-a-bouton-auto-compensateur-netafim","status":"publish","type":"product","link":"https:\/\/saiga.es\/fr\/produit\/compte-gouttes-a-bouton-auto-compensateur-netafim\/","title":{"rendered":"Compte-gouttes \u00e0 bouton auto-compensateur Netafim"},"content":{"rendered":"<p>Le goutteur \u00e0 bouton auto-compensateur Netafim est id\u00e9al pour un arrosage constant et pr\u00e9cis, quelles que soient les variations de pression dans le syst\u00e8me. Disponible en d\u00e9bits de 2, 4 et 8 litres par heure, ce goutteur maintient un d\u00e9bit constant gr\u00e2ce \u00e0 son m\u00e9canisme \u00e0 membrane interne, assurant une r\u00e9partition homog\u00e8ne de l&rsquo;eau sur terrain plat ou accident\u00e9. Il r\u00e9siste au colmatage et aux rayons UV, garantissant une longue dur\u00e9e de vie et un entretien minimal. Facile \u00e0 installer, il est parfait pour les applications de jardin, de verger et d\u2019am\u00e9nagement paysager, offrant une solution efficace pour tout projet d\u2019irrigation goutte \u00e0 goutte.<\/p>\n","protected":false},"excerpt":{"rendered":"<p>Le goutteur \u00e0 bouton auto-compensateur Netafim est id\u00e9al pour un arrosage constant et pr\u00e9cis, quelles que soient les variations de pression dans le syst\u00e8me.<\/p>\n","protected":false},"featured_media":11737,"comment_status":"open","ping_status":"closed","template":"","meta":[],"product_brand":[],"product_cat":[2252],"product_tag":[831,841,824],"class_list":{"0":"post-11725","1":"product","2":"type-product","3":"status-publish","4":"has-post-thumbnail","6":"product_cat-compte-gouttes","7":"product_tag-arrosage-automatique","8":"product_tag-compte-gouttes","9":"product_tag-reg-fr","11":"first","12":"instock","13":"taxable","14":"shipping-taxable","15":"purchasable","16":"product-type-variable"},"yoast_head":"<!-- This site is optimized with the Yoast SEO plugin v27.4 - https:\/\/yoast.com\/product\/yoast-seo-wordpress\/ -->\n<title>Compte-gouttes \u00e0 bouton auto-compensateur Netafim | SAIGA<\/title>\n<meta name=\"description\" content=\"Le goutteur \u00e0 bouton auto-compensateur Netafim est id\u00e9al pour un arrosage constant et pr\u00e9cis, quelles que soient les variations de pression dans le syst\u00e8me.\" \/>\n<meta name=\"robots\" content=\"index, follow, max-snippet:-1, max-image-preview:large, max-video-preview:-1\" \/>\n<link rel=\"canonical\" href=\"https:\/\/saiga.es\/fr\/produit\/compte-gouttes-a-bouton-auto-compensateur-netafim\/\" \/>\n<meta property=\"og:locale\" content=\"fr_FR\" \/>\n<meta property=\"og:type\" content=\"article\" \/>\n<meta property=\"og:title\" content=\"Compte-gouttes \u00e0 bouton auto-compensateur Netafim | SAIGA\" \/>\n<meta property=\"og:description\" content=\"Le goutteur \u00e0 bouton auto-compensateur Netafim est id\u00e9al pour un arrosage constant et pr\u00e9cis, quelles que soient les variations de pression dans le syst\u00e8me.\" \/>\n<meta property=\"og:url\" content=\"https:\/\/saiga.es\/fr\/produit\/compte-gouttes-a-bouton-auto-compensateur-netafim\/\" \/>\n<meta property=\"og:site_name\" content=\"SAIGA\" \/>\n<meta property=\"article:modified_time\" content=\"2025-07-14T12:13:10+00:00\" \/>\n<meta property=\"og:image\" content=\"https:\/\/saiga.es\/wp-content\/uploads\/2024\/08\/1-4.jpg\" \/>\n\t<meta property=\"og:image:width\" content=\"1080\" \/>\n\t<meta property=\"og:image:height\" content=\"1080\" \/>\n\t<meta property=\"og:image:type\" content=\"image\/jpeg\" \/>\n<meta name=\"twitter:card\" content=\"summary_large_image\" \/>\n<meta name=\"twitter:site\" content=\"@saiga_agro\" \/>\n<meta name=\"twitter:label1\" content=\"Dur\u00e9e de lecture estim\u00e9e\" \/>\n\t<meta name=\"twitter:data1\" content=\"1 minute\" \/>\n<script type=\"application\/ld+json\" class=\"yoast-schema-graph\">{\"@context\":\"https:\\\/\\\/schema.org\",\"@graph\":[{\"@type\":\"WebPage\",\"@id\":\"https:\\\/\\\/saiga.es\\\/fr\\\/produit\\\/compte-gouttes-a-bouton-auto-compensateur-netafim\\\/\",\"url\":\"https:\\\/\\\/saiga.es\\\/fr\\\/produit\\\/compte-gouttes-a-bouton-auto-compensateur-netafim\\\/\",\"name\":\"Compte-gouttes \u00e0 bouton auto-compensateur Netafim | SAIGA\",\"isPartOf\":{\"@id\":\"https:\\\/\\\/saiga.es\\\/fr\\\/#website\"},\"primaryImageOfPage\":{\"@id\":\"https:\\\/\\\/saiga.es\\\/fr\\\/produit\\\/compte-gouttes-a-bouton-auto-compensateur-netafim\\\/#primaryimage\"},\"image\":{\"@id\":\"https:\\\/\\\/saiga.es\\\/fr\\\/produit\\\/compte-gouttes-a-bouton-auto-compensateur-netafim\\\/#primaryimage\"},\"thumbnailUrl\":\"https:\\\/\\\/saiga.es\\\/wp-content\\\/uploads\\\/2024\\\/08\\\/1-4.jpg\",\"datePublished\":\"2024-08-29T13:06:56+00:00\",\"dateModified\":\"2025-07-14T12:13:10+00:00\",\"description\":\"Le goutteur \u00e0 bouton auto-compensateur Netafim est id\u00e9al pour un arrosage constant et pr\u00e9cis, quelles que soient les variations de pression dans le syst\u00e8me.\",\"breadcrumb\":{\"@id\":\"https:\\\/\\\/saiga.es\\\/fr\\\/produit\\\/compte-gouttes-a-bouton-auto-compensateur-netafim\\\/#breadcrumb\"},\"inLanguage\":\"fr-FR\",\"potentialAction\":[{\"@type\":\"ReadAction\",\"target\":[\"https:\\\/\\\/saiga.es\\\/fr\\\/produit\\\/compte-gouttes-a-bouton-auto-compensateur-netafim\\\/\"]}]},{\"@type\":\"ImageObject\",\"inLanguage\":\"fr-FR\",\"@id\":\"https:\\\/\\\/saiga.es\\\/fr\\\/produit\\\/compte-gouttes-a-bouton-auto-compensateur-netafim\\\/#primaryimage\",\"url\":\"https:\\\/\\\/saiga.es\\\/wp-content\\\/uploads\\\/2024\\\/08\\\/1-4.jpg\",\"contentUrl\":\"https:\\\/\\\/saiga.es\\\/wp-content\\\/uploads\\\/2024\\\/08\\\/1-4.jpg\",\"width\":1080,\"height\":1080,\"caption\":\"Goter autocompensant Netafim\"},{\"@type\":\"BreadcrumbList\",\"@id\":\"https:\\\/\\\/saiga.es\\\/fr\\\/produit\\\/compte-gouttes-a-bouton-auto-compensateur-netafim\\\/#breadcrumb\",\"itemListElement\":[{\"@type\":\"ListItem\",\"position\":1,\"name\":\"Inici\",\"item\":\"https:\\\/\\\/saiga.es\\\/fr\\\/\"},{\"@type\":\"ListItem\",\"position\":2,\"name\":\"boutique\",\"item\":\"https:\\\/\\\/saiga.es\\\/fr\\\/boutique\\\/\"},{\"@type\":\"ListItem\",\"position\":3,\"name\":\"Compte-gouttes \u00e0 bouton auto-compensateur Netafim\"}]},{\"@type\":\"WebSite\",\"@id\":\"https:\\\/\\\/saiga.es\\\/fr\\\/#website\",\"url\":\"https:\\\/\\\/saiga.es\\\/fr\\\/\",\"name\":\"SAIGA\",\"description\":\"M\u00e9s de 50 anys al servei de la terra i treballant per a un \u00fas eficient de l\u2019aigua!\",\"publisher\":{\"@id\":\"https:\\\/\\\/saiga.es\\\/fr\\\/#organization\"},\"potentialAction\":[{\"@type\":\"SearchAction\",\"target\":{\"@type\":\"EntryPoint\",\"urlTemplate\":\"https:\\\/\\\/saiga.es\\\/fr\\\/?s={search_term_string}\"},\"query-input\":{\"@type\":\"PropertyValueSpecification\",\"valueRequired\":true,\"valueName\":\"search_term_string\"}}],\"inLanguage\":\"fr-FR\"},{\"@type\":\"Organization\",\"@id\":\"https:\\\/\\\/saiga.es\\\/fr\\\/#organization\",\"name\":\"SAIGA\",\"url\":\"https:\\\/\\\/saiga.es\\\/fr\\\/\",\"logo\":{\"@type\":\"ImageObject\",\"inLanguage\":\"fr-FR\",\"@id\":\"https:\\\/\\\/saiga.es\\\/fr\\\/#\\\/schema\\\/logo\\\/image\\\/\",\"url\":\"https:\\\/\\\/saiga.es\\\/wp-content\\\/uploads\\\/2025\\\/07\\\/logo_saiga_baseline_optimitzat.svg\",\"contentUrl\":\"https:\\\/\\\/saiga.es\\\/wp-content\\\/uploads\\\/2025\\\/07\\\/logo_saiga_baseline_optimitzat.svg\",\"caption\":\"SAIGA\"},\"image\":{\"@id\":\"https:\\\/\\\/saiga.es\\\/fr\\\/#\\\/schema\\\/logo\\\/image\\\/\"},\"sameAs\":[\"https:\\\/\\\/x.com\\\/saiga_agro\",\"https:\\\/\\\/www.instagram.com\\\/saiga_agro\\\/\"]}]}<\/script>\n<!-- \/ Yoast SEO plugin. -->","yoast_head_json":{"title":"Compte-gouttes \u00e0 bouton auto-compensateur Netafim | SAIGA","description":"Le goutteur \u00e0 bouton auto-compensateur Netafim est id\u00e9al pour un arrosage constant et pr\u00e9cis, quelles que soient les variations de pression dans le syst\u00e8me.","robots":{"index":"index","follow":"follow","max-snippet":"max-snippet:-1","max-image-preview":"max-image-preview:large","max-video-preview":"max-video-preview:-1"},"canonical":"https:\/\/saiga.es\/fr\/produit\/compte-gouttes-a-bouton-auto-compensateur-netafim\/","og_locale":"fr_FR","og_type":"article","og_title":"Compte-gouttes \u00e0 bouton auto-compensateur Netafim | SAIGA","og_description":"Le goutteur \u00e0 bouton auto-compensateur Netafim est id\u00e9al pour un arrosage constant et pr\u00e9cis, quelles que soient les variations de pression dans le syst\u00e8me.","og_url":"https:\/\/saiga.es\/fr\/produit\/compte-gouttes-a-bouton-auto-compensateur-netafim\/","og_site_name":"SAIGA","article_modified_time":"2025-07-14T12:13:10+00:00","og_image":[{"width":1080,"height":1080,"url":"https:\/\/saiga.es\/wp-content\/uploads\/2024\/08\/1-4.jpg","type":"image\/jpeg"}],"twitter_card":"summary_large_image","twitter_site":"@saiga_agro","twitter_misc":{"Dur\u00e9e de lecture estim\u00e9e":"1 minute"},"schema":{"@context":"https:\/\/schema.org","@graph":[{"@type":"WebPage","@id":"https:\/\/saiga.es\/fr\/produit\/compte-gouttes-a-bouton-auto-compensateur-netafim\/","url":"https:\/\/saiga.es\/fr\/produit\/compte-gouttes-a-bouton-auto-compensateur-netafim\/","name":"Compte-gouttes \u00e0 bouton auto-compensateur Netafim | SAIGA","isPartOf":{"@id":"https:\/\/saiga.es\/fr\/#website"},"primaryImageOfPage":{"@id":"https:\/\/saiga.es\/fr\/produit\/compte-gouttes-a-bouton-auto-compensateur-netafim\/#primaryimage"},"image":{"@id":"https:\/\/saiga.es\/fr\/produit\/compte-gouttes-a-bouton-auto-compensateur-netafim\/#primaryimage"},"thumbnailUrl":"https:\/\/saiga.es\/wp-content\/uploads\/2024\/08\/1-4.jpg","datePublished":"2024-08-29T13:06:56+00:00","dateModified":"2025-07-14T12:13:10+00:00","description":"Le goutteur \u00e0 bouton auto-compensateur Netafim est id\u00e9al pour un arrosage constant et pr\u00e9cis, quelles que soient les variations de pression dans le syst\u00e8me.","breadcrumb":{"@id":"https:\/\/saiga.es\/fr\/produit\/compte-gouttes-a-bouton-auto-compensateur-netafim\/#breadcrumb"},"inLanguage":"fr-FR","potentialAction":[{"@type":"ReadAction","target":["https:\/\/saiga.es\/fr\/produit\/compte-gouttes-a-bouton-auto-compensateur-netafim\/"]}]},{"@type":"ImageObject","inLanguage":"fr-FR","@id":"https:\/\/saiga.es\/fr\/produit\/compte-gouttes-a-bouton-auto-compensateur-netafim\/#primaryimage","url":"https:\/\/saiga.es\/wp-content\/uploads\/2024\/08\/1-4.jpg","contentUrl":"https:\/\/saiga.es\/wp-content\/uploads\/2024\/08\/1-4.jpg","width":1080,"height":1080,"caption":"Goter autocompensant Netafim"},{"@type":"BreadcrumbList","@id":"https:\/\/saiga.es\/fr\/produit\/compte-gouttes-a-bouton-auto-compensateur-netafim\/#breadcrumb","itemListElement":[{"@type":"ListItem","position":1,"name":"Inici","item":"https:\/\/saiga.es\/fr\/"},{"@type":"ListItem","position":2,"name":"boutique","item":"https:\/\/saiga.es\/fr\/boutique\/"},{"@type":"ListItem","position":3,"name":"Compte-gouttes \u00e0 bouton auto-compensateur Netafim"}]},{"@type":"WebSite","@id":"https:\/\/saiga.es\/fr\/#website","url":"https:\/\/saiga.es\/fr\/","name":"SAIGA","description":"M\u00e9s de 50 anys al servei de la terra i treballant per a un \u00fas eficient de l\u2019aigua!","publisher":{"@id":"https:\/\/saiga.es\/fr\/#organization"},"potentialAction":[{"@type":"SearchAction","target":{"@type":"EntryPoint","urlTemplate":"https:\/\/saiga.es\/fr\/?s={search_term_string}"},"query-input":{"@type":"PropertyValueSpecification","valueRequired":true,"valueName":"search_term_string"}}],"inLanguage":"fr-FR"},{"@type":"Organization","@id":"https:\/\/saiga.es\/fr\/#organization","name":"SAIGA","url":"https:\/\/saiga.es\/fr\/","logo":{"@type":"ImageObject","inLanguage":"fr-FR","@id":"https:\/\/saiga.es\/fr\/#\/schema\/logo\/image\/","url":"https:\/\/saiga.es\/wp-content\/uploads\/2025\/07\/logo_saiga_baseline_optimitzat.svg","contentUrl":"https:\/\/saiga.es\/wp-content\/uploads\/2025\/07\/logo_saiga_baseline_optimitzat.svg","caption":"SAIGA"},"image":{"@id":"https:\/\/saiga.es\/fr\/#\/schema\/logo\/image\/"},"sameAs":["https:\/\/x.com\/saiga_agro","https:\/\/www.instagram.com\/saiga_agro\/"]}]}},"_links":{"self":[{"href":"https:\/\/saiga.es\/fr\/wp-json\/wp\/v2\/product\/11725","targetHints":{"allow":["GET"]}}],"collection":[{"href":"https:\/\/saiga.es\/fr\/wp-json\/wp\/v2\/product"}],"about":[{"href":"https:\/\/saiga.es\/fr\/wp-json\/wp\/v2\/types\/product"}],"replies":[{"embeddable":true,"href":"https:\/\/saiga.es\/fr\/wp-json\/wp\/v2\/comments?post=11725"}],"wp:featuredmedia":[{"embeddable":true,"href":"https:\/\/saiga.es\/fr\/wp-json\/wp\/v2\/media\/11737"}],"wp:attachment":[{"href":"https:\/\/saiga.es\/fr\/wp-json\/wp\/v2\/media?parent=11725"}],"wp:term":[{"taxonomy":"product_brand","embeddable":true,"href":"https:\/\/saiga.es\/fr\/wp-json\/wp\/v2\/product_brand?post=11725"},{"taxonomy":"product_cat","embeddable":true,"href":"https:\/\/saiga.es\/fr\/wp-json\/wp\/v2\/product_cat?post=11725"},{"taxonomy":"product_tag","embeddable":true,"href":"https:\/\/saiga.es\/fr\/wp-json\/wp\/v2\/product_tag?post=11725"}],"curies":[{"name":"wp","href":"https:\/\/api.w.org\/{rel}","templated":true}]}}