{"id":11767,"date":"2024-09-17T08:46:03","date_gmt":"2024-09-17T08:46:03","guid":{"rendered":"https:\/\/botiga.saiga.es\/producte\/insecticide-du-sol-sipcam-jardin\/"},"modified":"2024-09-17T08:46:03","modified_gmt":"2024-09-17T08:46:03","slug":"insecticide-du-sol-sipcam-jardin","status":"publish","type":"product","link":"https:\/\/saiga.es\/fr\/produit\/insecticide-du-sol-sipcam-jardin\/","title":{"rendered":"Insecticide du sol Sipcam Jard\u00edn"},"content":{"rendered":"<p>L&rsquo;Insecticide Suelo de Sipcam Jard\u00edn est un produit sp\u00e9cialement formul\u00e9 pour lutter contre les insectes du sol tels que les fourmis, les col\u00e9opt\u00e8res, les pucerons et autres ravageurs qui attaquent les plantes depuis les racines. Cet insecticide \u00e0 action prolong\u00e9e prot\u00e8ge le jardin, le potager ou les pelouses, garantissant une d\u00e9fense efficace pendant des semaines. Son application en poudre facile \u00e0 utiliser et rapide permet une r\u00e9partition uniforme autour des plantes, garantissant leur sant\u00e9 et leur croissance vigoureuse.  <\/p>\n","protected":false},"excerpt":{"rendered":"<p>L&rsquo;insecticide du sol Sipcam Jard\u00edn est un produit sp\u00e9cialement formul\u00e9 pour lutter contre les insectes solaires tels que les fourmis, les col\u00e9opt\u00e8res, les pucerons et autres ravageurs qui attaquent les plantes depuis les racines.L&rsquo;Insecticide Suelo de Sipcam Jard\u00edn est un produit sp\u00e9cialement formul\u00e9 pour lutter contre les insectes du sol tels que les fourmis, les col\u00e9opt\u00e8res, les pucerons et autres ravageurs qui attaquent les plantes depuis les racines.<\/p>\n","protected":false},"featured_media":11765,"comment_status":"open","ping_status":"closed","template":"","meta":[],"product_brand":[],"product_cat":[445],"product_tag":[891,786],"class_list":{"0":"post-11767","1":"product","2":"type-product","3":"status-publish","4":"has-post-thumbnail","6":"product_cat-insecticides-fr-2","7":"product_tag-insecticide","8":"product_tag-jardinage-exterieur-domestique","10":"first","11":"instock","12":"taxable","13":"shipping-taxable","14":"purchasable","15":"product-type-simple"},"yoast_head":"<!-- This site is optimized with the Yoast SEO plugin v27.3 - https:\/\/yoast.com\/product\/yoast-seo-wordpress\/ -->\n<title>Insecticide du sol Sipcam Jard\u00edn | SAIGA<\/title>\n<meta name=\"description\" content=\"L&#039;Insecticide Suelo de Sipcam Jard\u00edn est un produit sp\u00e9cialement formul\u00e9 pour lutter contre les insectes du sol tels que les fourmis, les col\u00e9opt\u00e8res, les pucerons et autres ravageurs qui attaquent les plantes depuis les racines.\" \/>\n<meta name=\"robots\" content=\"index, follow, max-snippet:-1, max-image-preview:large, max-video-preview:-1\" \/>\n<link rel=\"canonical\" href=\"https:\/\/saiga.es\/fr\/produit\/insecticide-du-sol-sipcam-jardin\/\" \/>\n<meta property=\"og:locale\" content=\"fr_FR\" \/>\n<meta property=\"og:type\" content=\"article\" \/>\n<meta property=\"og:title\" content=\"Insecticide du sol Sipcam Jard\u00edn | SAIGA\" \/>\n<meta property=\"og:description\" content=\"L&#039;Insecticide Suelo de Sipcam Jard\u00edn est un produit sp\u00e9cialement formul\u00e9 pour lutter contre les insectes du sol tels que les fourmis, les col\u00e9opt\u00e8res, les pucerons et autres ravageurs qui attaquent les plantes depuis les racines.\" \/>\n<meta property=\"og:url\" content=\"https:\/\/saiga.es\/fr\/produit\/insecticide-du-sol-sipcam-jardin\/\" \/>\n<meta property=\"og:site_name\" content=\"SAIGA\" \/>\n<meta property=\"og:image\" content=\"https:\/\/saiga.es\/wp-content\/uploads\/2024\/09\/Insecticida-suelo.jpg\" \/>\n\t<meta property=\"og:image:width\" content=\"1080\" \/>\n\t<meta property=\"og:image:height\" content=\"1080\" \/>\n\t<meta property=\"og:image:type\" content=\"image\/jpeg\" \/>\n<meta name=\"twitter:card\" content=\"summary_large_image\" \/>\n<meta name=\"twitter:site\" content=\"@saiga_agro\" \/>\n<script type=\"application\/ld+json\" class=\"yoast-schema-graph\">{\"@context\":\"https:\\\/\\\/schema.org\",\"@graph\":[{\"@type\":\"WebPage\",\"@id\":\"https:\\\/\\\/saiga.es\\\/fr\\\/produit\\\/insecticide-du-sol-sipcam-jardin\\\/\",\"url\":\"https:\\\/\\\/saiga.es\\\/fr\\\/produit\\\/insecticide-du-sol-sipcam-jardin\\\/\",\"name\":\"Insecticide du sol Sipcam Jard\u00edn | SAIGA\",\"isPartOf\":{\"@id\":\"https:\\\/\\\/saiga.es\\\/fr\\\/#website\"},\"primaryImageOfPage\":{\"@id\":\"https:\\\/\\\/saiga.es\\\/fr\\\/produit\\\/insecticide-du-sol-sipcam-jardin\\\/#primaryimage\"},\"image\":{\"@id\":\"https:\\\/\\\/saiga.es\\\/fr\\\/produit\\\/insecticide-du-sol-sipcam-jardin\\\/#primaryimage\"},\"thumbnailUrl\":\"https:\\\/\\\/saiga.es\\\/wp-content\\\/uploads\\\/2024\\\/09\\\/Insecticida-suelo.jpg\",\"datePublished\":\"2024-09-17T08:46:03+00:00\",\"description\":\"L'Insecticide Suelo de Sipcam Jard\u00edn est un produit sp\u00e9cialement formul\u00e9 pour lutter contre les insectes du sol tels que les fourmis, les col\u00e9opt\u00e8res, les pucerons et autres ravageurs qui attaquent les plantes depuis les racines.\",\"breadcrumb\":{\"@id\":\"https:\\\/\\\/saiga.es\\\/fr\\\/produit\\\/insecticide-du-sol-sipcam-jardin\\\/#breadcrumb\"},\"inLanguage\":\"fr-FR\",\"potentialAction\":[{\"@type\":\"ReadAction\",\"target\":[\"https:\\\/\\\/saiga.es\\\/fr\\\/produit\\\/insecticide-du-sol-sipcam-jardin\\\/\"]}]},{\"@type\":\"ImageObject\",\"inLanguage\":\"fr-FR\",\"@id\":\"https:\\\/\\\/saiga.es\\\/fr\\\/produit\\\/insecticide-du-sol-sipcam-jardin\\\/#primaryimage\",\"url\":\"https:\\\/\\\/saiga.es\\\/wp-content\\\/uploads\\\/2024\\\/09\\\/Insecticida-suelo.jpg\",\"contentUrl\":\"https:\\\/\\\/saiga.es\\\/wp-content\\\/uploads\\\/2024\\\/09\\\/Insecticida-suelo.jpg\",\"width\":1080,\"height\":1080,\"caption\":\"Insecticide du sol\"},{\"@type\":\"BreadcrumbList\",\"@id\":\"https:\\\/\\\/saiga.es\\\/fr\\\/produit\\\/insecticide-du-sol-sipcam-jardin\\\/#breadcrumb\",\"itemListElement\":[{\"@type\":\"ListItem\",\"position\":1,\"name\":\"Inici\",\"item\":\"https:\\\/\\\/saiga.es\\\/fr\\\/\"},{\"@type\":\"ListItem\",\"position\":2,\"name\":\"boutique\",\"item\":\"https:\\\/\\\/saiga.es\\\/fr\\\/boutique\\\/\"},{\"@type\":\"ListItem\",\"position\":3,\"name\":\"Insecticide du sol Sipcam Jard\u00edn\"}]},{\"@type\":\"WebSite\",\"@id\":\"https:\\\/\\\/saiga.es\\\/fr\\\/#website\",\"url\":\"https:\\\/\\\/saiga.es\\\/fr\\\/\",\"name\":\"SAIGA\",\"description\":\"M\u00e9s de 50 anys al servei de la terra i treballant per a un \u00fas eficient de l\u2019aigua!\",\"publisher\":{\"@id\":\"https:\\\/\\\/saiga.es\\\/fr\\\/#organization\"},\"potentialAction\":[{\"@type\":\"SearchAction\",\"target\":{\"@type\":\"EntryPoint\",\"urlTemplate\":\"https:\\\/\\\/saiga.es\\\/fr\\\/?s={search_term_string}\"},\"query-input\":{\"@type\":\"PropertyValueSpecification\",\"valueRequired\":true,\"valueName\":\"search_term_string\"}}],\"inLanguage\":\"fr-FR\"},{\"@type\":\"Organization\",\"@id\":\"https:\\\/\\\/saiga.es\\\/fr\\\/#organization\",\"name\":\"SAIGA\",\"url\":\"https:\\\/\\\/saiga.es\\\/fr\\\/\",\"logo\":{\"@type\":\"ImageObject\",\"inLanguage\":\"fr-FR\",\"@id\":\"https:\\\/\\\/saiga.es\\\/fr\\\/#\\\/schema\\\/logo\\\/image\\\/\",\"url\":\"https:\\\/\\\/saiga.es\\\/wp-content\\\/uploads\\\/2025\\\/07\\\/logo_saiga_baseline_optimitzat.svg\",\"contentUrl\":\"https:\\\/\\\/saiga.es\\\/wp-content\\\/uploads\\\/2025\\\/07\\\/logo_saiga_baseline_optimitzat.svg\",\"caption\":\"SAIGA\"},\"image\":{\"@id\":\"https:\\\/\\\/saiga.es\\\/fr\\\/#\\\/schema\\\/logo\\\/image\\\/\"},\"sameAs\":[\"https:\\\/\\\/x.com\\\/saiga_agro\",\"https:\\\/\\\/www.instagram.com\\\/saiga_agro\\\/\"]}]}<\/script>\n<!-- \/ Yoast SEO plugin. -->","yoast_head_json":{"title":"Insecticide du sol Sipcam Jard\u00edn | SAIGA","description":"L'Insecticide Suelo de Sipcam Jard\u00edn est un produit sp\u00e9cialement formul\u00e9 pour lutter contre les insectes du sol tels que les fourmis, les col\u00e9opt\u00e8res, les pucerons et autres ravageurs qui attaquent les plantes depuis les racines.","robots":{"index":"index","follow":"follow","max-snippet":"max-snippet:-1","max-image-preview":"max-image-preview:large","max-video-preview":"max-video-preview:-1"},"canonical":"https:\/\/saiga.es\/fr\/produit\/insecticide-du-sol-sipcam-jardin\/","og_locale":"fr_FR","og_type":"article","og_title":"Insecticide du sol Sipcam Jard\u00edn | SAIGA","og_description":"L'Insecticide Suelo de Sipcam Jard\u00edn est un produit sp\u00e9cialement formul\u00e9 pour lutter contre les insectes du sol tels que les fourmis, les col\u00e9opt\u00e8res, les pucerons et autres ravageurs qui attaquent les plantes depuis les racines.","og_url":"https:\/\/saiga.es\/fr\/produit\/insecticide-du-sol-sipcam-jardin\/","og_site_name":"SAIGA","og_image":[{"width":1080,"height":1080,"url":"https:\/\/saiga.es\/wp-content\/uploads\/2024\/09\/Insecticida-suelo.jpg","type":"image\/jpeg"}],"twitter_card":"summary_large_image","twitter_site":"@saiga_agro","schema":{"@context":"https:\/\/schema.org","@graph":[{"@type":"WebPage","@id":"https:\/\/saiga.es\/fr\/produit\/insecticide-du-sol-sipcam-jardin\/","url":"https:\/\/saiga.es\/fr\/produit\/insecticide-du-sol-sipcam-jardin\/","name":"Insecticide du sol Sipcam Jard\u00edn | SAIGA","isPartOf":{"@id":"https:\/\/saiga.es\/fr\/#website"},"primaryImageOfPage":{"@id":"https:\/\/saiga.es\/fr\/produit\/insecticide-du-sol-sipcam-jardin\/#primaryimage"},"image":{"@id":"https:\/\/saiga.es\/fr\/produit\/insecticide-du-sol-sipcam-jardin\/#primaryimage"},"thumbnailUrl":"https:\/\/saiga.es\/wp-content\/uploads\/2024\/09\/Insecticida-suelo.jpg","datePublished":"2024-09-17T08:46:03+00:00","description":"L'Insecticide Suelo de Sipcam Jard\u00edn est un produit sp\u00e9cialement formul\u00e9 pour lutter contre les insectes du sol tels que les fourmis, les col\u00e9opt\u00e8res, les pucerons et autres ravageurs qui attaquent les plantes depuis les racines.","breadcrumb":{"@id":"https:\/\/saiga.es\/fr\/produit\/insecticide-du-sol-sipcam-jardin\/#breadcrumb"},"inLanguage":"fr-FR","potentialAction":[{"@type":"ReadAction","target":["https:\/\/saiga.es\/fr\/produit\/insecticide-du-sol-sipcam-jardin\/"]}]},{"@type":"ImageObject","inLanguage":"fr-FR","@id":"https:\/\/saiga.es\/fr\/produit\/insecticide-du-sol-sipcam-jardin\/#primaryimage","url":"https:\/\/saiga.es\/wp-content\/uploads\/2024\/09\/Insecticida-suelo.jpg","contentUrl":"https:\/\/saiga.es\/wp-content\/uploads\/2024\/09\/Insecticida-suelo.jpg","width":1080,"height":1080,"caption":"Insecticide du sol"},{"@type":"BreadcrumbList","@id":"https:\/\/saiga.es\/fr\/produit\/insecticide-du-sol-sipcam-jardin\/#breadcrumb","itemListElement":[{"@type":"ListItem","position":1,"name":"Inici","item":"https:\/\/saiga.es\/fr\/"},{"@type":"ListItem","position":2,"name":"boutique","item":"https:\/\/saiga.es\/fr\/boutique\/"},{"@type":"ListItem","position":3,"name":"Insecticide du sol Sipcam Jard\u00edn"}]},{"@type":"WebSite","@id":"https:\/\/saiga.es\/fr\/#website","url":"https:\/\/saiga.es\/fr\/","name":"SAIGA","description":"M\u00e9s de 50 anys al servei de la terra i treballant per a un \u00fas eficient de l\u2019aigua!","publisher":{"@id":"https:\/\/saiga.es\/fr\/#organization"},"potentialAction":[{"@type":"SearchAction","target":{"@type":"EntryPoint","urlTemplate":"https:\/\/saiga.es\/fr\/?s={search_term_string}"},"query-input":{"@type":"PropertyValueSpecification","valueRequired":true,"valueName":"search_term_string"}}],"inLanguage":"fr-FR"},{"@type":"Organization","@id":"https:\/\/saiga.es\/fr\/#organization","name":"SAIGA","url":"https:\/\/saiga.es\/fr\/","logo":{"@type":"ImageObject","inLanguage":"fr-FR","@id":"https:\/\/saiga.es\/fr\/#\/schema\/logo\/image\/","url":"https:\/\/saiga.es\/wp-content\/uploads\/2025\/07\/logo_saiga_baseline_optimitzat.svg","contentUrl":"https:\/\/saiga.es\/wp-content\/uploads\/2025\/07\/logo_saiga_baseline_optimitzat.svg","caption":"SAIGA"},"image":{"@id":"https:\/\/saiga.es\/fr\/#\/schema\/logo\/image\/"},"sameAs":["https:\/\/x.com\/saiga_agro","https:\/\/www.instagram.com\/saiga_agro\/"]}]}},"_links":{"self":[{"href":"https:\/\/saiga.es\/fr\/wp-json\/wp\/v2\/product\/11767","targetHints":{"allow":["GET"]}}],"collection":[{"href":"https:\/\/saiga.es\/fr\/wp-json\/wp\/v2\/product"}],"about":[{"href":"https:\/\/saiga.es\/fr\/wp-json\/wp\/v2\/types\/product"}],"replies":[{"embeddable":true,"href":"https:\/\/saiga.es\/fr\/wp-json\/wp\/v2\/comments?post=11767"}],"wp:featuredmedia":[{"embeddable":true,"href":"https:\/\/saiga.es\/fr\/wp-json\/wp\/v2\/media\/11765"}],"wp:attachment":[{"href":"https:\/\/saiga.es\/fr\/wp-json\/wp\/v2\/media?parent=11767"}],"wp:term":[{"taxonomy":"product_brand","embeddable":true,"href":"https:\/\/saiga.es\/fr\/wp-json\/wp\/v2\/product_brand?post=11767"},{"taxonomy":"product_cat","embeddable":true,"href":"https:\/\/saiga.es\/fr\/wp-json\/wp\/v2\/product_cat?post=11767"},{"taxonomy":"product_tag","embeddable":true,"href":"https:\/\/saiga.es\/fr\/wp-json\/wp\/v2\/product_tag?post=11767"}],"curies":[{"name":"wp","href":"https:\/\/api.w.org\/{rel}","templated":true}]}}