{"id":11794,"date":"2024-09-17T11:49:23","date_gmt":"2024-09-17T11:49:23","guid":{"rendered":"https:\/\/botiga.saiga.es\/producte\/recrd-correctif-de-plusieurs-deficiences\/"},"modified":"2024-09-17T11:49:23","modified_gmt":"2024-09-17T11:49:23","slug":"recrd-correctif-de-plusieurs-deficiences","status":"publish","type":"product","link":"https:\/\/saiga.es\/fr\/produit\/recrd-correctif-de-plusieurs-deficiences\/","title":{"rendered":"Recrd correctif de plusieurs d\u00e9ficiences"},"content":{"rendered":"<p>Le correcteur de carences multiples Record est un biostimulant qui agit sur le m\u00e9tabolisme du calcium, destin\u00e9 aux cultures qui ont des exigences \u00e9lev\u00e9es en ce nutriment. Sa formulation exclusive lui permet d&rsquo;agir comme un correcteur de multiples carences, riche en calcium. Formul\u00e9 sous forme de suspension concentr\u00e9e, il apporte du calcium parfaitement miscible \u00e0 l&rsquo;eau et enti\u00e8rement assimilable, tant par la racine que par les feuilles. Le calcium est pr\u00e9sent sous une forme biodisponible, permettant ainsi une p\u00e9n\u00e9tration et une efficacit\u00e9 maximales. En plus de corriger les \u00e9tats de carence, une autre s\u00e9rie d&rsquo;effets peut \u00eatre observ\u00e9e, comme une plus grande fermet\u00e9 et consistance du fruit, une uniformit\u00e9 de couleur, une plus grande teneur en sucre et une plus grande turgescence des tissus. Il favorise les processus d&rsquo;engraissement, de maturation et de coloration du fruit et une meilleure qualit\u00e9 des feuilles.     <\/p>\n","protected":false},"excerpt":{"rendered":"<p>Le correcteur de carences multiples Record est un biostimulant qui agit sur le m\u00e9tabolisme du calcium, destin\u00e9 aux cultures ayant des besoins \u00e9lev\u00e9s en ce nutriment.<\/p>\n","protected":false},"featured_media":11792,"comment_status":"closed","ping_status":"closed","template":"","meta":[],"product_brand":[],"product_cat":[1878,425],"product_tag":[895,1596],"class_list":{"0":"post-11794","1":"product","2":"type-product","3":"status-publish","4":"has-post-thumbnail","6":"product_cat-engrais-et-engrais","7":"product_cat-potager","8":"product_tag-abono","9":"product_tag-correcteur-de-carences","11":"first","12":"instock","13":"taxable","14":"shipping-taxable","15":"purchasable","16":"product-type-simple"},"yoast_head":"<!-- This site is optimized with the Yoast SEO plugin v27.4 - https:\/\/yoast.com\/product\/yoast-seo-wordpress\/ -->\n<title>Recrd correctif de plusieurs d\u00e9ficiences | SAIGA<\/title>\n<meta name=\"description\" content=\"Le correcteur de carences multiples Record est un biostimulant qui agit sur le m\u00e9tabolisme du calcium, destin\u00e9 aux cultures qui ont des exigences \u00e9lev\u00e9es en ce nutriment.\" \/>\n<meta name=\"robots\" content=\"index, follow, max-snippet:-1, max-image-preview:large, max-video-preview:-1\" \/>\n<link rel=\"canonical\" href=\"https:\/\/saiga.es\/fr\/produit\/recrd-correctif-de-plusieurs-deficiences\/\" \/>\n<meta property=\"og:locale\" content=\"fr_FR\" \/>\n<meta property=\"og:type\" content=\"article\" \/>\n<meta property=\"og:title\" content=\"Recrd correctif de plusieurs d\u00e9ficiences | SAIGA\" \/>\n<meta property=\"og:description\" content=\"Le correcteur de carences multiples Record est un biostimulant qui agit sur le m\u00e9tabolisme du calcium, destin\u00e9 aux cultures qui ont des exigences \u00e9lev\u00e9es en ce nutriment.\" \/>\n<meta property=\"og:url\" content=\"https:\/\/saiga.es\/fr\/produit\/recrd-correctif-de-plusieurs-deficiences\/\" \/>\n<meta property=\"og:site_name\" content=\"SAIGA\" \/>\n<meta property=\"og:image\" content=\"https:\/\/saiga.es\/wp-content\/uploads\/2024\/09\/Record_250.png\" \/>\n\t<meta property=\"og:image:width\" content=\"1000\" \/>\n\t<meta property=\"og:image:height\" content=\"623\" \/>\n\t<meta property=\"og:image:type\" content=\"image\/png\" \/>\n<meta name=\"twitter:card\" content=\"summary_large_image\" \/>\n<meta name=\"twitter:site\" content=\"@saiga_agro\" \/>\n<meta name=\"twitter:label1\" content=\"Dur\u00e9e de lecture estim\u00e9e\" \/>\n\t<meta name=\"twitter:data1\" content=\"1 minute\" \/>\n<script type=\"application\/ld+json\" class=\"yoast-schema-graph\">{\"@context\":\"https:\\\/\\\/schema.org\",\"@graph\":[{\"@type\":\"WebPage\",\"@id\":\"https:\\\/\\\/saiga.es\\\/fr\\\/produit\\\/recrd-correctif-de-plusieurs-deficiences\\\/\",\"url\":\"https:\\\/\\\/saiga.es\\\/fr\\\/produit\\\/recrd-correctif-de-plusieurs-deficiences\\\/\",\"name\":\"Recrd correctif de plusieurs d\u00e9ficiences | SAIGA\",\"isPartOf\":{\"@id\":\"https:\\\/\\\/saiga.es\\\/fr\\\/#website\"},\"primaryImageOfPage\":{\"@id\":\"https:\\\/\\\/saiga.es\\\/fr\\\/produit\\\/recrd-correctif-de-plusieurs-deficiences\\\/#primaryimage\"},\"image\":{\"@id\":\"https:\\\/\\\/saiga.es\\\/fr\\\/produit\\\/recrd-correctif-de-plusieurs-deficiences\\\/#primaryimage\"},\"thumbnailUrl\":\"https:\\\/\\\/saiga.es\\\/wp-content\\\/uploads\\\/2024\\\/09\\\/Record_250.png\",\"datePublished\":\"2024-09-17T11:49:23+00:00\",\"description\":\"Le correcteur de carences multiples Record est un biostimulant qui agit sur le m\u00e9tabolisme du calcium, destin\u00e9 aux cultures qui ont des exigences \u00e9lev\u00e9es en ce nutriment.\",\"breadcrumb\":{\"@id\":\"https:\\\/\\\/saiga.es\\\/fr\\\/produit\\\/recrd-correctif-de-plusieurs-deficiences\\\/#breadcrumb\"},\"inLanguage\":\"fr-FR\",\"potentialAction\":[{\"@type\":\"ReadAction\",\"target\":[\"https:\\\/\\\/saiga.es\\\/fr\\\/produit\\\/recrd-correctif-de-plusieurs-deficiences\\\/\"]}]},{\"@type\":\"ImageObject\",\"inLanguage\":\"fr-FR\",\"@id\":\"https:\\\/\\\/saiga.es\\\/fr\\\/produit\\\/recrd-correctif-de-plusieurs-deficiences\\\/#primaryimage\",\"url\":\"https:\\\/\\\/saiga.es\\\/wp-content\\\/uploads\\\/2024\\\/09\\\/Record_250.png\",\"contentUrl\":\"https:\\\/\\\/saiga.es\\\/wp-content\\\/uploads\\\/2024\\\/09\\\/Record_250.png\",\"width\":1000,\"height\":623,\"caption\":\"Record, correcteur de d\u00e9ficiences\"},{\"@type\":\"BreadcrumbList\",\"@id\":\"https:\\\/\\\/saiga.es\\\/fr\\\/produit\\\/recrd-correctif-de-plusieurs-deficiences\\\/#breadcrumb\",\"itemListElement\":[{\"@type\":\"ListItem\",\"position\":1,\"name\":\"Inici\",\"item\":\"https:\\\/\\\/saiga.es\\\/fr\\\/\"},{\"@type\":\"ListItem\",\"position\":2,\"name\":\"boutique\",\"item\":\"https:\\\/\\\/saiga.es\\\/fr\\\/boutique\\\/\"},{\"@type\":\"ListItem\",\"position\":3,\"name\":\"Recrd correctif de plusieurs d\u00e9ficiences\"}]},{\"@type\":\"WebSite\",\"@id\":\"https:\\\/\\\/saiga.es\\\/fr\\\/#website\",\"url\":\"https:\\\/\\\/saiga.es\\\/fr\\\/\",\"name\":\"SAIGA\",\"description\":\"M\u00e9s de 50 anys al servei de la terra i treballant per a un \u00fas eficient de l\u2019aigua!\",\"publisher\":{\"@id\":\"https:\\\/\\\/saiga.es\\\/fr\\\/#organization\"},\"potentialAction\":[{\"@type\":\"SearchAction\",\"target\":{\"@type\":\"EntryPoint\",\"urlTemplate\":\"https:\\\/\\\/saiga.es\\\/fr\\\/?s={search_term_string}\"},\"query-input\":{\"@type\":\"PropertyValueSpecification\",\"valueRequired\":true,\"valueName\":\"search_term_string\"}}],\"inLanguage\":\"fr-FR\"},{\"@type\":\"Organization\",\"@id\":\"https:\\\/\\\/saiga.es\\\/fr\\\/#organization\",\"name\":\"SAIGA\",\"url\":\"https:\\\/\\\/saiga.es\\\/fr\\\/\",\"logo\":{\"@type\":\"ImageObject\",\"inLanguage\":\"fr-FR\",\"@id\":\"https:\\\/\\\/saiga.es\\\/fr\\\/#\\\/schema\\\/logo\\\/image\\\/\",\"url\":\"https:\\\/\\\/saiga.es\\\/wp-content\\\/uploads\\\/2025\\\/07\\\/logo_saiga_baseline_optimitzat.svg\",\"contentUrl\":\"https:\\\/\\\/saiga.es\\\/wp-content\\\/uploads\\\/2025\\\/07\\\/logo_saiga_baseline_optimitzat.svg\",\"caption\":\"SAIGA\"},\"image\":{\"@id\":\"https:\\\/\\\/saiga.es\\\/fr\\\/#\\\/schema\\\/logo\\\/image\\\/\"},\"sameAs\":[\"https:\\\/\\\/x.com\\\/saiga_agro\",\"https:\\\/\\\/www.instagram.com\\\/saiga_agro\\\/\"]}]}<\/script>\n<!-- \/ Yoast SEO plugin. -->","yoast_head_json":{"title":"Recrd correctif de plusieurs d\u00e9ficiences | SAIGA","description":"Le correcteur de carences multiples Record est un biostimulant qui agit sur le m\u00e9tabolisme du calcium, destin\u00e9 aux cultures qui ont des exigences \u00e9lev\u00e9es en ce nutriment.","robots":{"index":"index","follow":"follow","max-snippet":"max-snippet:-1","max-image-preview":"max-image-preview:large","max-video-preview":"max-video-preview:-1"},"canonical":"https:\/\/saiga.es\/fr\/produit\/recrd-correctif-de-plusieurs-deficiences\/","og_locale":"fr_FR","og_type":"article","og_title":"Recrd correctif de plusieurs d\u00e9ficiences | SAIGA","og_description":"Le correcteur de carences multiples Record est un biostimulant qui agit sur le m\u00e9tabolisme du calcium, destin\u00e9 aux cultures qui ont des exigences \u00e9lev\u00e9es en ce nutriment.","og_url":"https:\/\/saiga.es\/fr\/produit\/recrd-correctif-de-plusieurs-deficiences\/","og_site_name":"SAIGA","og_image":[{"width":1000,"height":623,"url":"https:\/\/saiga.es\/wp-content\/uploads\/2024\/09\/Record_250.png","type":"image\/png"}],"twitter_card":"summary_large_image","twitter_site":"@saiga_agro","twitter_misc":{"Dur\u00e9e de lecture estim\u00e9e":"1 minute"},"schema":{"@context":"https:\/\/schema.org","@graph":[{"@type":"WebPage","@id":"https:\/\/saiga.es\/fr\/produit\/recrd-correctif-de-plusieurs-deficiences\/","url":"https:\/\/saiga.es\/fr\/produit\/recrd-correctif-de-plusieurs-deficiences\/","name":"Recrd correctif de plusieurs d\u00e9ficiences | SAIGA","isPartOf":{"@id":"https:\/\/saiga.es\/fr\/#website"},"primaryImageOfPage":{"@id":"https:\/\/saiga.es\/fr\/produit\/recrd-correctif-de-plusieurs-deficiences\/#primaryimage"},"image":{"@id":"https:\/\/saiga.es\/fr\/produit\/recrd-correctif-de-plusieurs-deficiences\/#primaryimage"},"thumbnailUrl":"https:\/\/saiga.es\/wp-content\/uploads\/2024\/09\/Record_250.png","datePublished":"2024-09-17T11:49:23+00:00","description":"Le correcteur de carences multiples Record est un biostimulant qui agit sur le m\u00e9tabolisme du calcium, destin\u00e9 aux cultures qui ont des exigences \u00e9lev\u00e9es en ce nutriment.","breadcrumb":{"@id":"https:\/\/saiga.es\/fr\/produit\/recrd-correctif-de-plusieurs-deficiences\/#breadcrumb"},"inLanguage":"fr-FR","potentialAction":[{"@type":"ReadAction","target":["https:\/\/saiga.es\/fr\/produit\/recrd-correctif-de-plusieurs-deficiences\/"]}]},{"@type":"ImageObject","inLanguage":"fr-FR","@id":"https:\/\/saiga.es\/fr\/produit\/recrd-correctif-de-plusieurs-deficiences\/#primaryimage","url":"https:\/\/saiga.es\/wp-content\/uploads\/2024\/09\/Record_250.png","contentUrl":"https:\/\/saiga.es\/wp-content\/uploads\/2024\/09\/Record_250.png","width":1000,"height":623,"caption":"Record, correcteur de d\u00e9ficiences"},{"@type":"BreadcrumbList","@id":"https:\/\/saiga.es\/fr\/produit\/recrd-correctif-de-plusieurs-deficiences\/#breadcrumb","itemListElement":[{"@type":"ListItem","position":1,"name":"Inici","item":"https:\/\/saiga.es\/fr\/"},{"@type":"ListItem","position":2,"name":"boutique","item":"https:\/\/saiga.es\/fr\/boutique\/"},{"@type":"ListItem","position":3,"name":"Recrd correctif de plusieurs d\u00e9ficiences"}]},{"@type":"WebSite","@id":"https:\/\/saiga.es\/fr\/#website","url":"https:\/\/saiga.es\/fr\/","name":"SAIGA","description":"M\u00e9s de 50 anys al servei de la terra i treballant per a un \u00fas eficient de l\u2019aigua!","publisher":{"@id":"https:\/\/saiga.es\/fr\/#organization"},"potentialAction":[{"@type":"SearchAction","target":{"@type":"EntryPoint","urlTemplate":"https:\/\/saiga.es\/fr\/?s={search_term_string}"},"query-input":{"@type":"PropertyValueSpecification","valueRequired":true,"valueName":"search_term_string"}}],"inLanguage":"fr-FR"},{"@type":"Organization","@id":"https:\/\/saiga.es\/fr\/#organization","name":"SAIGA","url":"https:\/\/saiga.es\/fr\/","logo":{"@type":"ImageObject","inLanguage":"fr-FR","@id":"https:\/\/saiga.es\/fr\/#\/schema\/logo\/image\/","url":"https:\/\/saiga.es\/wp-content\/uploads\/2025\/07\/logo_saiga_baseline_optimitzat.svg","contentUrl":"https:\/\/saiga.es\/wp-content\/uploads\/2025\/07\/logo_saiga_baseline_optimitzat.svg","caption":"SAIGA"},"image":{"@id":"https:\/\/saiga.es\/fr\/#\/schema\/logo\/image\/"},"sameAs":["https:\/\/x.com\/saiga_agro","https:\/\/www.instagram.com\/saiga_agro\/"]}]}},"_links":{"self":[{"href":"https:\/\/saiga.es\/fr\/wp-json\/wp\/v2\/product\/11794","targetHints":{"allow":["GET"]}}],"collection":[{"href":"https:\/\/saiga.es\/fr\/wp-json\/wp\/v2\/product"}],"about":[{"href":"https:\/\/saiga.es\/fr\/wp-json\/wp\/v2\/types\/product"}],"replies":[{"embeddable":true,"href":"https:\/\/saiga.es\/fr\/wp-json\/wp\/v2\/comments?post=11794"}],"wp:featuredmedia":[{"embeddable":true,"href":"https:\/\/saiga.es\/fr\/wp-json\/wp\/v2\/media\/11792"}],"wp:attachment":[{"href":"https:\/\/saiga.es\/fr\/wp-json\/wp\/v2\/media?parent=11794"}],"wp:term":[{"taxonomy":"product_brand","embeddable":true,"href":"https:\/\/saiga.es\/fr\/wp-json\/wp\/v2\/product_brand?post=11794"},{"taxonomy":"product_cat","embeddable":true,"href":"https:\/\/saiga.es\/fr\/wp-json\/wp\/v2\/product_cat?post=11794"},{"taxonomy":"product_tag","embeddable":true,"href":"https:\/\/saiga.es\/fr\/wp-json\/wp\/v2\/product_tag?post=11794"}],"curies":[{"name":"wp","href":"https:\/\/api.w.org\/{rel}","templated":true}]}}