{"id":12001,"date":"2024-09-20T13:14:02","date_gmt":"2024-09-20T13:14:02","guid":{"rendered":"https:\/\/botiga.saiga.es\/producte\/tableau-voix-et-donnees\/"},"modified":"2024-09-20T13:14:02","modified_gmt":"2024-09-20T13:14:02","slug":"tableau-voix-et-donnees","status":"publish","type":"product","link":"https:\/\/saiga.es\/fr\/produit\/tableau-voix-et-donnees\/","title":{"rendered":"Tableau voix et donn\u00e9es"},"content":{"rendered":"<p>De la s\u00e9rie Simon 27 Play, et avec cache anti-poussi\u00e8re pour 1 connecteur RJ45 AMP\u00ae, nous vous pr\u00e9sentons cette carte plate voix et donn\u00e9es. Son mat\u00e9riau de fabrication est thermoplastique et il est fini en blanc. Le module adaptateur RJ45 est inclus. Sa surface ne comporte aucun type de gravure. Recommandations concernant la conception de l&rsquo;ensemble : Choisissez un cadre de la m\u00eame couleur que l&rsquo;assiette que nous s\u00e9lectionnons. x 45 mm de large. Bonnes pratiques d&rsquo;utilisation et de stockage : la plage de temp\u00e9rature de fonctionnement est de 5 \u00e0 40 \u00ba et la temp\u00e9rature de stockage est de -25 \u00e0 50 \u00baC. Il est tr\u00e8s important d\u2019en tenir compte, surtout pendant les p\u00e9riodes les plus extr\u00eames de l\u2019ann\u00e9e en raison du froid et\/ou de la chaleur. Simon 27 Play, une collection qui donne beaucoup de jeu.        <\/p>\n","protected":false},"excerpt":{"rendered":"<p>De la s\u00e9rie Simon 27 Play, et avec cache anti-poussi\u00e8re pour 1 connecteur RJ45 AMP\u00ae, nous vous pr\u00e9sentons cette carte plaque voix et donn\u00e9es.De la s\u00e9rie Simon 27 Play, et avec cache anti-poussi\u00e8re pour 1 connecteur RJ45 AMP\u00ae, nous vous pr\u00e9sentons cette carte plate voix et donn\u00e9es.<\/p>\n","protected":false},"featured_media":11999,"comment_status":"closed","ping_status":"closed","template":"","meta":[],"product_brand":[],"product_cat":[1610],"product_tag":[1291,1611],"class_list":{"0":"post-12001","1":"product","2":"type-product","3":"status-publish","4":"has-post-thumbnail","6":"product_cat-simon-fr","7":"product_tag-equipement-electrique","8":"product_tag-simon-fr","10":"first","11":"instock","12":"taxable","13":"shipping-taxable","14":"purchasable","15":"product-type-simple"},"yoast_head":"<!-- This site is optimized with the Yoast SEO plugin v27.4 - https:\/\/yoast.com\/product\/yoast-seo-wordpress\/ -->\n<title>Tableau voix et donn\u00e9es | SAIGA<\/title>\n<meta name=\"description\" content=\"De la s\u00e9rie Simon 27 Play, et avec cache anti-poussi\u00e8re pour 1 connecteur RJ45 AMP\u00ae, nous vous pr\u00e9sentons cette carte plate voix et donn\u00e9es.\" \/>\n<meta name=\"robots\" content=\"index, follow, max-snippet:-1, max-image-preview:large, max-video-preview:-1\" \/>\n<link rel=\"canonical\" href=\"https:\/\/saiga.es\/fr\/produit\/tableau-voix-et-donnees\/\" \/>\n<meta property=\"og:locale\" content=\"fr_FR\" \/>\n<meta property=\"og:type\" content=\"article\" \/>\n<meta property=\"og:title\" content=\"Tableau voix et donn\u00e9es | SAIGA\" \/>\n<meta property=\"og:description\" content=\"De la s\u00e9rie Simon 27 Play, et avec cache anti-poussi\u00e8re pour 1 connecteur RJ45 AMP\u00ae, nous vous pr\u00e9sentons cette carte plate voix et donn\u00e9es.\" \/>\n<meta property=\"og:url\" content=\"https:\/\/saiga.es\/fr\/produit\/tableau-voix-et-donnees\/\" \/>\n<meta property=\"og:site_name\" content=\"SAIGA\" \/>\n<meta property=\"og:image\" content=\"https:\/\/saiga.es\/wp-content\/uploads\/2024\/09\/RESIMO2708735.jpg\" \/>\n\t<meta property=\"og:image:width\" content=\"1080\" \/>\n\t<meta property=\"og:image:height\" content=\"1080\" \/>\n\t<meta property=\"og:image:type\" content=\"image\/jpeg\" \/>\n<meta name=\"twitter:card\" content=\"summary_large_image\" \/>\n<meta name=\"twitter:site\" content=\"@saiga_agro\" \/>\n<meta name=\"twitter:label1\" content=\"Dur\u00e9e de lecture estim\u00e9e\" \/>\n\t<meta name=\"twitter:data1\" content=\"1 minute\" \/>\n<script type=\"application\/ld+json\" class=\"yoast-schema-graph\">{\"@context\":\"https:\\\/\\\/schema.org\",\"@graph\":[{\"@type\":\"WebPage\",\"@id\":\"https:\\\/\\\/saiga.es\\\/fr\\\/produit\\\/tableau-voix-et-donnees\\\/\",\"url\":\"https:\\\/\\\/saiga.es\\\/fr\\\/produit\\\/tableau-voix-et-donnees\\\/\",\"name\":\"Tableau voix et donn\u00e9es | SAIGA\",\"isPartOf\":{\"@id\":\"https:\\\/\\\/saiga.es\\\/fr\\\/#website\"},\"primaryImageOfPage\":{\"@id\":\"https:\\\/\\\/saiga.es\\\/fr\\\/produit\\\/tableau-voix-et-donnees\\\/#primaryimage\"},\"image\":{\"@id\":\"https:\\\/\\\/saiga.es\\\/fr\\\/produit\\\/tableau-voix-et-donnees\\\/#primaryimage\"},\"thumbnailUrl\":\"https:\\\/\\\/saiga.es\\\/wp-content\\\/uploads\\\/2024\\\/09\\\/RESIMO2708735.jpg\",\"datePublished\":\"2024-09-20T13:14:02+00:00\",\"description\":\"De la s\u00e9rie Simon 27 Play, et avec cache anti-poussi\u00e8re pour 1 connecteur RJ45 AMP\u00ae, nous vous pr\u00e9sentons cette carte plate voix et donn\u00e9es.\",\"breadcrumb\":{\"@id\":\"https:\\\/\\\/saiga.es\\\/fr\\\/produit\\\/tableau-voix-et-donnees\\\/#breadcrumb\"},\"inLanguage\":\"fr-FR\",\"potentialAction\":[{\"@type\":\"ReadAction\",\"target\":[\"https:\\\/\\\/saiga.es\\\/fr\\\/produit\\\/tableau-voix-et-donnees\\\/\"]}]},{\"@type\":\"ImageObject\",\"inLanguage\":\"fr-FR\",\"@id\":\"https:\\\/\\\/saiga.es\\\/fr\\\/produit\\\/tableau-voix-et-donnees\\\/#primaryimage\",\"url\":\"https:\\\/\\\/saiga.es\\\/wp-content\\\/uploads\\\/2024\\\/09\\\/RESIMO2708735.jpg\",\"contentUrl\":\"https:\\\/\\\/saiga.es\\\/wp-content\\\/uploads\\\/2024\\\/09\\\/RESIMO2708735.jpg\",\"width\":1080,\"height\":1080,\"caption\":\"Tableau vocal\"},{\"@type\":\"BreadcrumbList\",\"@id\":\"https:\\\/\\\/saiga.es\\\/fr\\\/produit\\\/tableau-voix-et-donnees\\\/#breadcrumb\",\"itemListElement\":[{\"@type\":\"ListItem\",\"position\":1,\"name\":\"Inici\",\"item\":\"https:\\\/\\\/saiga.es\\\/fr\\\/\"},{\"@type\":\"ListItem\",\"position\":2,\"name\":\"boutique\",\"item\":\"https:\\\/\\\/saiga.es\\\/fr\\\/boutique\\\/\"},{\"@type\":\"ListItem\",\"position\":3,\"name\":\"Tableau voix et donn\u00e9es\"}]},{\"@type\":\"WebSite\",\"@id\":\"https:\\\/\\\/saiga.es\\\/fr\\\/#website\",\"url\":\"https:\\\/\\\/saiga.es\\\/fr\\\/\",\"name\":\"SAIGA\",\"description\":\"M\u00e9s de 50 anys al servei de la terra i treballant per a un \u00fas eficient de l\u2019aigua!\",\"publisher\":{\"@id\":\"https:\\\/\\\/saiga.es\\\/fr\\\/#organization\"},\"potentialAction\":[{\"@type\":\"SearchAction\",\"target\":{\"@type\":\"EntryPoint\",\"urlTemplate\":\"https:\\\/\\\/saiga.es\\\/fr\\\/?s={search_term_string}\"},\"query-input\":{\"@type\":\"PropertyValueSpecification\",\"valueRequired\":true,\"valueName\":\"search_term_string\"}}],\"inLanguage\":\"fr-FR\"},{\"@type\":\"Organization\",\"@id\":\"https:\\\/\\\/saiga.es\\\/fr\\\/#organization\",\"name\":\"SAIGA\",\"url\":\"https:\\\/\\\/saiga.es\\\/fr\\\/\",\"logo\":{\"@type\":\"ImageObject\",\"inLanguage\":\"fr-FR\",\"@id\":\"https:\\\/\\\/saiga.es\\\/fr\\\/#\\\/schema\\\/logo\\\/image\\\/\",\"url\":\"https:\\\/\\\/saiga.es\\\/wp-content\\\/uploads\\\/2025\\\/07\\\/logo_saiga_baseline_optimitzat.svg\",\"contentUrl\":\"https:\\\/\\\/saiga.es\\\/wp-content\\\/uploads\\\/2025\\\/07\\\/logo_saiga_baseline_optimitzat.svg\",\"caption\":\"SAIGA\"},\"image\":{\"@id\":\"https:\\\/\\\/saiga.es\\\/fr\\\/#\\\/schema\\\/logo\\\/image\\\/\"},\"sameAs\":[\"https:\\\/\\\/x.com\\\/saiga_agro\",\"https:\\\/\\\/www.instagram.com\\\/saiga_agro\\\/\"]}]}<\/script>\n<!-- \/ Yoast SEO plugin. -->","yoast_head_json":{"title":"Tableau voix et donn\u00e9es | SAIGA","description":"De la s\u00e9rie Simon 27 Play, et avec cache anti-poussi\u00e8re pour 1 connecteur RJ45 AMP\u00ae, nous vous pr\u00e9sentons cette carte plate voix et donn\u00e9es.","robots":{"index":"index","follow":"follow","max-snippet":"max-snippet:-1","max-image-preview":"max-image-preview:large","max-video-preview":"max-video-preview:-1"},"canonical":"https:\/\/saiga.es\/fr\/produit\/tableau-voix-et-donnees\/","og_locale":"fr_FR","og_type":"article","og_title":"Tableau voix et donn\u00e9es | SAIGA","og_description":"De la s\u00e9rie Simon 27 Play, et avec cache anti-poussi\u00e8re pour 1 connecteur RJ45 AMP\u00ae, nous vous pr\u00e9sentons cette carte plate voix et donn\u00e9es.","og_url":"https:\/\/saiga.es\/fr\/produit\/tableau-voix-et-donnees\/","og_site_name":"SAIGA","og_image":[{"width":1080,"height":1080,"url":"https:\/\/saiga.es\/wp-content\/uploads\/2024\/09\/RESIMO2708735.jpg","type":"image\/jpeg"}],"twitter_card":"summary_large_image","twitter_site":"@saiga_agro","twitter_misc":{"Dur\u00e9e de lecture estim\u00e9e":"1 minute"},"schema":{"@context":"https:\/\/schema.org","@graph":[{"@type":"WebPage","@id":"https:\/\/saiga.es\/fr\/produit\/tableau-voix-et-donnees\/","url":"https:\/\/saiga.es\/fr\/produit\/tableau-voix-et-donnees\/","name":"Tableau voix et donn\u00e9es | SAIGA","isPartOf":{"@id":"https:\/\/saiga.es\/fr\/#website"},"primaryImageOfPage":{"@id":"https:\/\/saiga.es\/fr\/produit\/tableau-voix-et-donnees\/#primaryimage"},"image":{"@id":"https:\/\/saiga.es\/fr\/produit\/tableau-voix-et-donnees\/#primaryimage"},"thumbnailUrl":"https:\/\/saiga.es\/wp-content\/uploads\/2024\/09\/RESIMO2708735.jpg","datePublished":"2024-09-20T13:14:02+00:00","description":"De la s\u00e9rie Simon 27 Play, et avec cache anti-poussi\u00e8re pour 1 connecteur RJ45 AMP\u00ae, nous vous pr\u00e9sentons cette carte plate voix et donn\u00e9es.","breadcrumb":{"@id":"https:\/\/saiga.es\/fr\/produit\/tableau-voix-et-donnees\/#breadcrumb"},"inLanguage":"fr-FR","potentialAction":[{"@type":"ReadAction","target":["https:\/\/saiga.es\/fr\/produit\/tableau-voix-et-donnees\/"]}]},{"@type":"ImageObject","inLanguage":"fr-FR","@id":"https:\/\/saiga.es\/fr\/produit\/tableau-voix-et-donnees\/#primaryimage","url":"https:\/\/saiga.es\/wp-content\/uploads\/2024\/09\/RESIMO2708735.jpg","contentUrl":"https:\/\/saiga.es\/wp-content\/uploads\/2024\/09\/RESIMO2708735.jpg","width":1080,"height":1080,"caption":"Tableau vocal"},{"@type":"BreadcrumbList","@id":"https:\/\/saiga.es\/fr\/produit\/tableau-voix-et-donnees\/#breadcrumb","itemListElement":[{"@type":"ListItem","position":1,"name":"Inici","item":"https:\/\/saiga.es\/fr\/"},{"@type":"ListItem","position":2,"name":"boutique","item":"https:\/\/saiga.es\/fr\/boutique\/"},{"@type":"ListItem","position":3,"name":"Tableau voix et donn\u00e9es"}]},{"@type":"WebSite","@id":"https:\/\/saiga.es\/fr\/#website","url":"https:\/\/saiga.es\/fr\/","name":"SAIGA","description":"M\u00e9s de 50 anys al servei de la terra i treballant per a un \u00fas eficient de l\u2019aigua!","publisher":{"@id":"https:\/\/saiga.es\/fr\/#organization"},"potentialAction":[{"@type":"SearchAction","target":{"@type":"EntryPoint","urlTemplate":"https:\/\/saiga.es\/fr\/?s={search_term_string}"},"query-input":{"@type":"PropertyValueSpecification","valueRequired":true,"valueName":"search_term_string"}}],"inLanguage":"fr-FR"},{"@type":"Organization","@id":"https:\/\/saiga.es\/fr\/#organization","name":"SAIGA","url":"https:\/\/saiga.es\/fr\/","logo":{"@type":"ImageObject","inLanguage":"fr-FR","@id":"https:\/\/saiga.es\/fr\/#\/schema\/logo\/image\/","url":"https:\/\/saiga.es\/wp-content\/uploads\/2025\/07\/logo_saiga_baseline_optimitzat.svg","contentUrl":"https:\/\/saiga.es\/wp-content\/uploads\/2025\/07\/logo_saiga_baseline_optimitzat.svg","caption":"SAIGA"},"image":{"@id":"https:\/\/saiga.es\/fr\/#\/schema\/logo\/image\/"},"sameAs":["https:\/\/x.com\/saiga_agro","https:\/\/www.instagram.com\/saiga_agro\/"]}]}},"_links":{"self":[{"href":"https:\/\/saiga.es\/fr\/wp-json\/wp\/v2\/product\/12001","targetHints":{"allow":["GET"]}}],"collection":[{"href":"https:\/\/saiga.es\/fr\/wp-json\/wp\/v2\/product"}],"about":[{"href":"https:\/\/saiga.es\/fr\/wp-json\/wp\/v2\/types\/product"}],"replies":[{"embeddable":true,"href":"https:\/\/saiga.es\/fr\/wp-json\/wp\/v2\/comments?post=12001"}],"wp:featuredmedia":[{"embeddable":true,"href":"https:\/\/saiga.es\/fr\/wp-json\/wp\/v2\/media\/11999"}],"wp:attachment":[{"href":"https:\/\/saiga.es\/fr\/wp-json\/wp\/v2\/media?parent=12001"}],"wp:term":[{"taxonomy":"product_brand","embeddable":true,"href":"https:\/\/saiga.es\/fr\/wp-json\/wp\/v2\/product_brand?post=12001"},{"taxonomy":"product_cat","embeddable":true,"href":"https:\/\/saiga.es\/fr\/wp-json\/wp\/v2\/product_cat?post=12001"},{"taxonomy":"product_tag","embeddable":true,"href":"https:\/\/saiga.es\/fr\/wp-json\/wp\/v2\/product_tag?post=12001"}],"curies":[{"name":"wp","href":"https:\/\/api.w.org\/{rel}","templated":true}]}}