{"id":12007,"date":"2024-09-20T13:38:11","date_gmt":"2024-09-20T13:38:11","guid":{"rendered":"https:\/\/botiga.saiga.es\/producte\/bouton-poussoir-10-a-250-v\/"},"modified":"2024-09-20T13:38:11","modified_gmt":"2024-09-20T13:38:11","slug":"bouton-poussoir-10-a-250-v","status":"publish","type":"product","link":"https:\/\/saiga.es\/fr\/produit\/bouton-poussoir-10-a-250-v\/","title":{"rendered":"Bouton poussoir 10 A 250 V"},"content":{"rendered":"<p>Bouton poussoir d&rsquo;une intensit\u00e9 de 10 A et fonctionne avec une puissance de 250 V~ avec une lumi\u00e8re int\u00e9gr\u00e9e et qui pour son installation comprend un syst\u00e8me de c\u00e2blage rapide, vous pouvez trouver l&rsquo;article dans la cat\u00e9gorie \u00ab\u00a0m\u00e9canismes de commande\u00a0\u00bb du Simon S\u00e9rie 75 Il est possible de combiner l&rsquo;\u00e9l\u00e9ment avec la r\u00e9f\u00e9rence 31802-31 en cas de remplacement du voyant lumineux. Pour faciliter l&rsquo;installation, qu&rsquo;il soit adapt\u00e9 \u00e0 l&rsquo;encastrement ou \u00e0 la surface, choisissez l&rsquo;option qui correspond le mieux \u00e0 vos besoins. Profitez des multiples combinaisons de couleurs que la s\u00e9rie Simon 75 vous propose, un nombre infini d&rsquo;options adapt\u00e9es \u00e0 n&rsquo;importe quel coin de votre maison. Int\u00e9grez les fonctions \u00e9lectroniques les plus avanc\u00e9es dans n\u2019importe quelle partie de votre maison pour un contr\u00f4le total de votre maison. De plus, c\u00f4t\u00e9 options de personnalisation, vous pourrez jouer aussi bien sur les finitions que sur les formes. Offrant la possibilit\u00e9 d&rsquo;adopter deux formes esth\u00e9tiques diff\u00e9rentes gr\u00e2ce au cadre embellisseur de forme rectangulaire.      <\/p>\n","protected":false},"excerpt":{"rendered":"<p>Bouton poussoir d&rsquo;une intensit\u00e9 de 10 A et fonctionne avec une puissance de 250 V~ avec une lumi\u00e8re int\u00e9gr\u00e9e et qui pour son installation comprend un syst\u00e8me de c\u00e2blage rapide, vous pouvez trouver l&rsquo;article dans la cat\u00e9gorie \u00ab\u00a0m\u00e9canismes de commande\u00a0\u00bb du Simon 75 s\u00e9ries.<\/p>\n","protected":false},"featured_media":12005,"comment_status":"closed","ping_status":"closed","template":"","meta":[],"product_brand":[],"product_cat":[1610],"product_tag":[1615,1611],"class_list":{"0":"post-12007","1":"product","2":"type-product","3":"status-publish","4":"has-post-thumbnail","6":"product_cat-simon-fr","7":"product_tag-bouton-poussoir","8":"product_tag-simon-fr","10":"first","11":"outofstock","12":"taxable","13":"shipping-taxable","14":"purchasable","15":"product-type-simple"},"yoast_head":"<!-- This site is optimized with the Yoast SEO plugin v27.4 - https:\/\/yoast.com\/product\/yoast-seo-wordpress\/ -->\n<title>Bouton poussoir 10 A 250 V | SAIGA<\/title>\n<meta name=\"description\" content=\"Bouton-poussoir d&#039;une intensit\u00e9 de 10 A et fonctionne avec une puissance de 250 V ~ avec lumi\u00e8re int\u00e9gr\u00e9e et qui pour son installation comprend un syst\u00e8me de connexion rapide.\" \/>\n<meta name=\"robots\" content=\"index, follow, max-snippet:-1, max-image-preview:large, max-video-preview:-1\" \/>\n<link rel=\"canonical\" href=\"https:\/\/saiga.es\/fr\/produit\/bouton-poussoir-10-a-250-v\/\" \/>\n<meta property=\"og:locale\" content=\"fr_FR\" \/>\n<meta property=\"og:type\" content=\"article\" \/>\n<meta property=\"og:title\" content=\"Bouton poussoir 10 A 250 V | SAIGA\" \/>\n<meta property=\"og:description\" content=\"Bouton-poussoir d&#039;une intensit\u00e9 de 10 A et fonctionne avec une puissance de 250 V ~ avec lumi\u00e8re int\u00e9gr\u00e9e et qui pour son installation comprend un syst\u00e8me de connexion rapide.\" \/>\n<meta property=\"og:url\" content=\"https:\/\/saiga.es\/fr\/produit\/bouton-poussoir-10-a-250-v\/\" \/>\n<meta property=\"og:site_name\" content=\"SAIGA\" \/>\n<meta property=\"og:image\" content=\"https:\/\/saiga.es\/wp-content\/uploads\/2024\/09\/7516039.jpg\" \/>\n\t<meta property=\"og:image:width\" content=\"1080\" \/>\n\t<meta property=\"og:image:height\" content=\"1080\" \/>\n\t<meta property=\"og:image:type\" content=\"image\/jpeg\" \/>\n<meta name=\"twitter:card\" content=\"summary_large_image\" \/>\n<meta name=\"twitter:site\" content=\"@saiga_agro\" \/>\n<meta name=\"twitter:label1\" content=\"Dur\u00e9e de lecture estim\u00e9e\" \/>\n\t<meta name=\"twitter:data1\" content=\"1 minute\" \/>\n<script type=\"application\/ld+json\" class=\"yoast-schema-graph\">{\"@context\":\"https:\\\/\\\/schema.org\",\"@graph\":[{\"@type\":\"WebPage\",\"@id\":\"https:\\\/\\\/saiga.es\\\/fr\\\/produit\\\/bouton-poussoir-10-a-250-v\\\/\",\"url\":\"https:\\\/\\\/saiga.es\\\/fr\\\/produit\\\/bouton-poussoir-10-a-250-v\\\/\",\"name\":\"Bouton poussoir 10 A 250 V | SAIGA\",\"isPartOf\":{\"@id\":\"https:\\\/\\\/saiga.es\\\/fr\\\/#website\"},\"primaryImageOfPage\":{\"@id\":\"https:\\\/\\\/saiga.es\\\/fr\\\/produit\\\/bouton-poussoir-10-a-250-v\\\/#primaryimage\"},\"image\":{\"@id\":\"https:\\\/\\\/saiga.es\\\/fr\\\/produit\\\/bouton-poussoir-10-a-250-v\\\/#primaryimage\"},\"thumbnailUrl\":\"https:\\\/\\\/saiga.es\\\/wp-content\\\/uploads\\\/2024\\\/09\\\/7516039.jpg\",\"datePublished\":\"2024-09-20T13:38:11+00:00\",\"description\":\"Bouton-poussoir d'une intensit\u00e9 de 10 A et fonctionne avec une puissance de 250 V ~ avec lumi\u00e8re int\u00e9gr\u00e9e et qui pour son installation comprend un syst\u00e8me de connexion rapide.\",\"breadcrumb\":{\"@id\":\"https:\\\/\\\/saiga.es\\\/fr\\\/produit\\\/bouton-poussoir-10-a-250-v\\\/#breadcrumb\"},\"inLanguage\":\"fr-FR\",\"potentialAction\":[{\"@type\":\"ReadAction\",\"target\":[\"https:\\\/\\\/saiga.es\\\/fr\\\/produit\\\/bouton-poussoir-10-a-250-v\\\/\"]}]},{\"@type\":\"ImageObject\",\"inLanguage\":\"fr-FR\",\"@id\":\"https:\\\/\\\/saiga.es\\\/fr\\\/produit\\\/bouton-poussoir-10-a-250-v\\\/#primaryimage\",\"url\":\"https:\\\/\\\/saiga.es\\\/wp-content\\\/uploads\\\/2024\\\/09\\\/7516039.jpg\",\"contentUrl\":\"https:\\\/\\\/saiga.es\\\/wp-content\\\/uploads\\\/2024\\\/09\\\/7516039.jpg\",\"width\":1080,\"height\":1080,\"caption\":\"bouton poussoir 75160-39\"},{\"@type\":\"BreadcrumbList\",\"@id\":\"https:\\\/\\\/saiga.es\\\/fr\\\/produit\\\/bouton-poussoir-10-a-250-v\\\/#breadcrumb\",\"itemListElement\":[{\"@type\":\"ListItem\",\"position\":1,\"name\":\"Inici\",\"item\":\"https:\\\/\\\/saiga.es\\\/fr\\\/\"},{\"@type\":\"ListItem\",\"position\":2,\"name\":\"boutique\",\"item\":\"https:\\\/\\\/saiga.es\\\/fr\\\/boutique\\\/\"},{\"@type\":\"ListItem\",\"position\":3,\"name\":\"Bouton poussoir 10 A 250 V\"}]},{\"@type\":\"WebSite\",\"@id\":\"https:\\\/\\\/saiga.es\\\/fr\\\/#website\",\"url\":\"https:\\\/\\\/saiga.es\\\/fr\\\/\",\"name\":\"SAIGA\",\"description\":\"M\u00e9s de 50 anys al servei de la terra i treballant per a un \u00fas eficient de l\u2019aigua!\",\"publisher\":{\"@id\":\"https:\\\/\\\/saiga.es\\\/fr\\\/#organization\"},\"potentialAction\":[{\"@type\":\"SearchAction\",\"target\":{\"@type\":\"EntryPoint\",\"urlTemplate\":\"https:\\\/\\\/saiga.es\\\/fr\\\/?s={search_term_string}\"},\"query-input\":{\"@type\":\"PropertyValueSpecification\",\"valueRequired\":true,\"valueName\":\"search_term_string\"}}],\"inLanguage\":\"fr-FR\"},{\"@type\":\"Organization\",\"@id\":\"https:\\\/\\\/saiga.es\\\/fr\\\/#organization\",\"name\":\"SAIGA\",\"url\":\"https:\\\/\\\/saiga.es\\\/fr\\\/\",\"logo\":{\"@type\":\"ImageObject\",\"inLanguage\":\"fr-FR\",\"@id\":\"https:\\\/\\\/saiga.es\\\/fr\\\/#\\\/schema\\\/logo\\\/image\\\/\",\"url\":\"https:\\\/\\\/saiga.es\\\/wp-content\\\/uploads\\\/2025\\\/07\\\/logo_saiga_baseline_optimitzat.svg\",\"contentUrl\":\"https:\\\/\\\/saiga.es\\\/wp-content\\\/uploads\\\/2025\\\/07\\\/logo_saiga_baseline_optimitzat.svg\",\"caption\":\"SAIGA\"},\"image\":{\"@id\":\"https:\\\/\\\/saiga.es\\\/fr\\\/#\\\/schema\\\/logo\\\/image\\\/\"},\"sameAs\":[\"https:\\\/\\\/x.com\\\/saiga_agro\",\"https:\\\/\\\/www.instagram.com\\\/saiga_agro\\\/\"]}]}<\/script>\n<!-- \/ Yoast SEO plugin. -->","yoast_head_json":{"title":"Bouton poussoir 10 A 250 V | SAIGA","description":"Bouton-poussoir d'une intensit\u00e9 de 10 A et fonctionne avec une puissance de 250 V ~ avec lumi\u00e8re int\u00e9gr\u00e9e et qui pour son installation comprend un syst\u00e8me de connexion rapide.","robots":{"index":"index","follow":"follow","max-snippet":"max-snippet:-1","max-image-preview":"max-image-preview:large","max-video-preview":"max-video-preview:-1"},"canonical":"https:\/\/saiga.es\/fr\/produit\/bouton-poussoir-10-a-250-v\/","og_locale":"fr_FR","og_type":"article","og_title":"Bouton poussoir 10 A 250 V | SAIGA","og_description":"Bouton-poussoir d'une intensit\u00e9 de 10 A et fonctionne avec une puissance de 250 V ~ avec lumi\u00e8re int\u00e9gr\u00e9e et qui pour son installation comprend un syst\u00e8me de connexion rapide.","og_url":"https:\/\/saiga.es\/fr\/produit\/bouton-poussoir-10-a-250-v\/","og_site_name":"SAIGA","og_image":[{"width":1080,"height":1080,"url":"https:\/\/saiga.es\/wp-content\/uploads\/2024\/09\/7516039.jpg","type":"image\/jpeg"}],"twitter_card":"summary_large_image","twitter_site":"@saiga_agro","twitter_misc":{"Dur\u00e9e de lecture estim\u00e9e":"1 minute"},"schema":{"@context":"https:\/\/schema.org","@graph":[{"@type":"WebPage","@id":"https:\/\/saiga.es\/fr\/produit\/bouton-poussoir-10-a-250-v\/","url":"https:\/\/saiga.es\/fr\/produit\/bouton-poussoir-10-a-250-v\/","name":"Bouton poussoir 10 A 250 V | SAIGA","isPartOf":{"@id":"https:\/\/saiga.es\/fr\/#website"},"primaryImageOfPage":{"@id":"https:\/\/saiga.es\/fr\/produit\/bouton-poussoir-10-a-250-v\/#primaryimage"},"image":{"@id":"https:\/\/saiga.es\/fr\/produit\/bouton-poussoir-10-a-250-v\/#primaryimage"},"thumbnailUrl":"https:\/\/saiga.es\/wp-content\/uploads\/2024\/09\/7516039.jpg","datePublished":"2024-09-20T13:38:11+00:00","description":"Bouton-poussoir d'une intensit\u00e9 de 10 A et fonctionne avec une puissance de 250 V ~ avec lumi\u00e8re int\u00e9gr\u00e9e et qui pour son installation comprend un syst\u00e8me de connexion rapide.","breadcrumb":{"@id":"https:\/\/saiga.es\/fr\/produit\/bouton-poussoir-10-a-250-v\/#breadcrumb"},"inLanguage":"fr-FR","potentialAction":[{"@type":"ReadAction","target":["https:\/\/saiga.es\/fr\/produit\/bouton-poussoir-10-a-250-v\/"]}]},{"@type":"ImageObject","inLanguage":"fr-FR","@id":"https:\/\/saiga.es\/fr\/produit\/bouton-poussoir-10-a-250-v\/#primaryimage","url":"https:\/\/saiga.es\/wp-content\/uploads\/2024\/09\/7516039.jpg","contentUrl":"https:\/\/saiga.es\/wp-content\/uploads\/2024\/09\/7516039.jpg","width":1080,"height":1080,"caption":"bouton poussoir 75160-39"},{"@type":"BreadcrumbList","@id":"https:\/\/saiga.es\/fr\/produit\/bouton-poussoir-10-a-250-v\/#breadcrumb","itemListElement":[{"@type":"ListItem","position":1,"name":"Inici","item":"https:\/\/saiga.es\/fr\/"},{"@type":"ListItem","position":2,"name":"boutique","item":"https:\/\/saiga.es\/fr\/boutique\/"},{"@type":"ListItem","position":3,"name":"Bouton poussoir 10 A 250 V"}]},{"@type":"WebSite","@id":"https:\/\/saiga.es\/fr\/#website","url":"https:\/\/saiga.es\/fr\/","name":"SAIGA","description":"M\u00e9s de 50 anys al servei de la terra i treballant per a un \u00fas eficient de l\u2019aigua!","publisher":{"@id":"https:\/\/saiga.es\/fr\/#organization"},"potentialAction":[{"@type":"SearchAction","target":{"@type":"EntryPoint","urlTemplate":"https:\/\/saiga.es\/fr\/?s={search_term_string}"},"query-input":{"@type":"PropertyValueSpecification","valueRequired":true,"valueName":"search_term_string"}}],"inLanguage":"fr-FR"},{"@type":"Organization","@id":"https:\/\/saiga.es\/fr\/#organization","name":"SAIGA","url":"https:\/\/saiga.es\/fr\/","logo":{"@type":"ImageObject","inLanguage":"fr-FR","@id":"https:\/\/saiga.es\/fr\/#\/schema\/logo\/image\/","url":"https:\/\/saiga.es\/wp-content\/uploads\/2025\/07\/logo_saiga_baseline_optimitzat.svg","contentUrl":"https:\/\/saiga.es\/wp-content\/uploads\/2025\/07\/logo_saiga_baseline_optimitzat.svg","caption":"SAIGA"},"image":{"@id":"https:\/\/saiga.es\/fr\/#\/schema\/logo\/image\/"},"sameAs":["https:\/\/x.com\/saiga_agro","https:\/\/www.instagram.com\/saiga_agro\/"]}]}},"_links":{"self":[{"href":"https:\/\/saiga.es\/fr\/wp-json\/wp\/v2\/product\/12007","targetHints":{"allow":["GET"]}}],"collection":[{"href":"https:\/\/saiga.es\/fr\/wp-json\/wp\/v2\/product"}],"about":[{"href":"https:\/\/saiga.es\/fr\/wp-json\/wp\/v2\/types\/product"}],"replies":[{"embeddable":true,"href":"https:\/\/saiga.es\/fr\/wp-json\/wp\/v2\/comments?post=12007"}],"wp:featuredmedia":[{"embeddable":true,"href":"https:\/\/saiga.es\/fr\/wp-json\/wp\/v2\/media\/12005"}],"wp:attachment":[{"href":"https:\/\/saiga.es\/fr\/wp-json\/wp\/v2\/media?parent=12007"}],"wp:term":[{"taxonomy":"product_brand","embeddable":true,"href":"https:\/\/saiga.es\/fr\/wp-json\/wp\/v2\/product_brand?post=12007"},{"taxonomy":"product_cat","embeddable":true,"href":"https:\/\/saiga.es\/fr\/wp-json\/wp\/v2\/product_cat?post=12007"},{"taxonomy":"product_tag","embeddable":true,"href":"https:\/\/saiga.es\/fr\/wp-json\/wp\/v2\/product_tag?post=12007"}],"curies":[{"name":"wp","href":"https:\/\/api.w.org\/{rel}","templated":true}]}}